{"id":4850,"date":"2026-02-03T03:49:42","date_gmt":"2026-02-03T03:49:42","guid":{"rendered":"https:\/\/vapestornado.com\/?post_type=product&#038;p=4850"},"modified":"2026-02-03T03:57:51","modified_gmt":"2026-02-03T03:57:51","slug":"razz-bar-60k-vapes-wholesaler-60000-puffs-disposable-crystal-vape-eu-fast-shipping","status":"publish","type":"product","link":"https:\/\/vapestornado.com\/sv\/product\/razz-bar-60k-vapes-wholesaler-60000-puffs-disposable-crystal-vape-eu-fast-shipping\/","title":{"rendered":"RAZZ BAR 60K Vapes Grossist 60000 Puffs Eng\u00e5ngs Crystal Vape EU Snabb Frakt"},"content":{"rendered":"<h1 data-start=\"0\" data-end=\"87\">RAZZ BAR 60K Vapes Grossist \u2013 60000 Puffs Crystal Eng\u00e5ngsvape med EU Snabb Frakt<\/h1>\n<p data-start=\"283\" data-end=\"634\">Den <strong data-start=\"287\" data-end=\"303\">RAZZ BAR 60K<\/strong> \u00e4r en h\u00f6gkapacitets- <strong data-start=\"323\" data-end=\"343\">eng\u00e5ngsdampare<\/strong> tillverkad f\u00f6r grossister och <strong data-start=\"370\" data-end=\"391\">E-cigaretterbutik<\/strong> k\u00f6pare som beh\u00f6ver snabbr\u00f6rliga produkter till en <strong data-start=\"434\" data-end=\"449\">l\u00e5gt pris<\/strong> med stabil leverans. Med en riktig <strong data-start=\"487\" data-end=\"509\">60 000 puffutg\u00e5ng<\/strong>, kristallklart h\u00f6lje och dubbeltankn\u00e4tssystem, \u00e4r denna modell utformad f\u00f6r att prestera konsekvent under hela dess livscykel.<\/p>\n<p data-start=\"636\" data-end=\"951\">Den transparenta <strong data-start=\"652\" data-end=\"668\">Kristall Vape<\/strong> kroppen g\u00f6r att anv\u00e4ndare kan \u00f6vervaka e-v\u00e4tskeniv\u00e5er p\u00e5 en blick, vilket minskar missbruk och returer p\u00e5 detaljhandelsniv\u00e5. Inuti, <strong data-start=\"784\" data-end=\"809\">dubbel tank + n\u00e4tspole<\/strong> strukturen ger ren \u00e5nga och j\u00e4mn smak, \u00e4ven under l\u00e5nga sessioner, vilket g\u00f6r den <strong data-start=\"898\" data-end=\"916\">RAZZ BAR 60000<\/strong> l\u00e4mpad f\u00f6r h\u00f6gfrekventa anv\u00e4ndare.<\/p>\n<p data-start=\"953\" data-end=\"1256\">A <strong data-start=\"955\" data-end=\"986\">650mAh uppladdningsbart batteri<\/strong> med <strong data-start=\"992\" data-end=\"1011\">Typ-C-laddning<\/strong> s\u00e4kerst\u00e4ller att enheten h\u00e5ller tillr\u00e4ckligt l\u00e4nge f\u00f6r att fullt ut konsumera e-v\u00e4tskan, vilket undviker det vanliga str\u00f6mfallproblemet som ses i stora puffdisposables. Finns i <strong data-start=\"1162\" data-end=\"1184\">2% och 5% salt nic<\/strong>, det t\u00e4cker den huvudsakliga EU-efterfr\u00e5gan samtidigt som det f\u00f6rblir konkurrenskraftigt i pris.<\/p>\n<p data-start=\"1258\" data-end=\"1502\">Med <strong data-start=\"1263\" data-end=\"1315\">EU-snabbfrakt fr\u00e5n lokal lager (5\u20137 dagar)<\/strong>, hj\u00e4lper RAZZ BAR 60K grossister att f\u00f6rkorta leveranscykler och minska logistiska risker. Detta \u00e4r ett praktiskt val f\u00f6r distribut\u00f6rer som vill \u00f6ka volymen utan att offra tillf\u00f6rlitlighet.<\/p>\n<p data-start=\"1504\" data-end=\"1586\"><strong data-start=\"1507\" data-end=\"1586\">Kontakta oss nu f\u00f6r grossistpriser p\u00e5 RAZZ BAR 60K och tillg\u00e4nglighet i EU-lager.<\/strong><\/p>\n<p><strong><span style=\"color: #ff0000;\">L\u00e4gg till Amys whatsapp f\u00f6r snabbt svar och vape-kupong!<\/span><\/strong><\/p>\n<p><img fetchpriority=\"high\" decoding=\"async\" class=\"size-full wp-image-2932\" src=\"https:\/\/vapestornado.com\/wp-content\/uploads\/2024\/12\/Vape-Wholesale.jpg\" alt=\"Vape Partihandel\" width=\"229\" height=\"300\" \/><\/p>\n<h3><a href=\"https:\/\/wa.me\/8617776015835\" target=\"_blank\" rel=\"noopener\"><span style=\"color: #ff0000;\"><strong>WhatsApp: +86 17776015835<\/strong><\/span><\/a><\/h3>\n<h2><strong>RAZZ BAR 60K Puffar Nyckelfunktioner<\/strong><\/h2>\n<ul>\n<li data-start=\"1651\" data-end=\"1751\">\n<p data-start=\"1653\" data-end=\"1751\"><strong data-start=\"1653\" data-end=\"1679\">Kapacitet p\u00e5 60 000 Puffar:<\/strong> Byggd f\u00f6r l\u00e5ngvarig anv\u00e4ndning med stabil \u00e5ngproduktion fr\u00e5n b\u00f6rjan till slut.<\/p>\n<\/li>\n<li data-start=\"1752\" data-end=\"1857\">\n<p data-start=\"1754\" data-end=\"1857\"><strong data-start=\"1754\" data-end=\"1785\">Kristallklart transparent design:<\/strong> Tydlig skal f\u00f6rb\u00e4ttrar hyllans attraktionskraft och m\u00f6jligg\u00f6r enkel kontroll av oljel\u00e4ge.<\/p>\n<\/li>\n<li data-start=\"1858\" data-end=\"1955\">\n<p data-start=\"1860\" data-end=\"1955\"><strong data-start=\"1860\" data-end=\"1884\">Dubbel tankn\u00e4tspole:<\/strong> S\u00e4kerst\u00e4ller smidig \u00e5nga och konsekvent smakleverans under l\u00e5ng anv\u00e4ndning.<\/p>\n<\/li>\n<li data-start=\"1956\" data-end=\"2066\">\n<p data-start=\"1958\" data-end=\"2066\"><strong data-start=\"1958\" data-end=\"1990\">650mAh Uppladdningsbart Batteri:<\/strong> Matchat kraftsystem st\u00f6der full oljef\u00f6rbrukning utan tidig felaktighet.<\/p>\n<\/li>\n<li data-start=\"2067\" data-end=\"2153\">\n<p data-start=\"2069\" data-end=\"2153\"><strong data-start=\"2069\" data-end=\"2090\">EU-snabbfrakt:<\/strong> Skickas fr\u00e5n EU-lager inom 5\u20137 dagar f\u00f6r snabbare oms\u00e4ttning.<\/p>\n<\/li>\n<\/ul>\n<h2 class=\"product-title\"><strong>RAZZ BAR 60K 60000 Puffar Smaklista<\/strong><\/h2>\n<ol data-start=\"2189\" data-end=\"2540\">\n<li data-start=\"2189\" data-end=\"2211\">\n<p data-start=\"2192\" data-end=\"2211\">Jordgubbsbanan<\/p>\n<\/li>\n<li data-start=\"2212\" data-end=\"2232\">\n<p data-start=\"2215\" data-end=\"2232\">Saftig Persika Is<\/p>\n<\/li>\n<li data-start=\"2233\" data-end=\"2247\">\n<p data-start=\"2236\" data-end=\"2247\">Coco Loco<\/p>\n<\/li>\n<li data-start=\"2248\" data-end=\"2272\">\n<p data-start=\"2251\" data-end=\"2272\">Sour Sour Raspberry<\/p>\n<\/li>\n<li data-start=\"2273\" data-end=\"2290\">\n<p data-start=\"2276\" data-end=\"2290\">Bomullsgodis<\/p>\n<\/li>\n<li data-start=\"2291\" data-end=\"2306\">\n<p data-start=\"2294\" data-end=\"2306\">Gummy Bj\u00f6rn<\/p>\n<\/li>\n<li data-start=\"2307\" data-end=\"2332\">\n<p data-start=\"2310\" data-end=\"2332\">Bl\u00e5b\u00e4r vattenmelon<\/p>\n<\/li>\n<li data-start=\"2333\" data-end=\"2363\">\n<p data-start=\"2336\" data-end=\"2363\">Citron Persika Passionfrukt<\/p>\n<\/li>\n<li data-start=\"2364\" data-end=\"2402\">\n<p data-start=\"2367\" data-end=\"2402\">Svart Is Drakfrukt Jordgubbe<\/p>\n<\/li>\n<li data-start=\"2403\" data-end=\"2422\">\n<p data-start=\"2407\" data-end=\"2422\">Blandade b\u00e4r<\/p>\n<\/li>\n<li data-start=\"2423\" data-end=\"2436\">\n<p data-start=\"2427\" data-end=\"2436\">K\u00e4rlek 66<\/p>\n<\/li>\n<li data-start=\"2437\" data-end=\"2458\">\n<p data-start=\"2441\" data-end=\"2458\">Jordgubbskiwi<\/p>\n<\/li>\n<li data-start=\"2459\" data-end=\"2479\">\n<p data-start=\"2463\" data-end=\"2479\">Tropisk Frukt<\/p>\n<\/li>\n<li data-start=\"2480\" data-end=\"2509\">\n<p data-start=\"2484\" data-end=\"2509\">Jordgubb Vanilj Cola<\/p>\n<\/li>\n<li data-start=\"2510\" data-end=\"2521\">\n<p data-start=\"2514\" data-end=\"2521\">Mango<\/p>\n<\/li>\n<li data-start=\"2522\" data-end=\"2540\">\n<p data-start=\"2526\" data-end=\"2540\">Sommar Dr\u00f6m<\/p>\n<\/li>\n<\/ol>\n<figure id=\"attachment_4848\" aria-describedby=\"caption-attachment-4848\" style=\"width: 228px\" class=\"wp-caption alignnone\"><img decoding=\"async\" class=\"size-medium wp-image-4848\" src=\"https:\/\/vapestornado.com\/wp-content\/uploads\/2026\/01\/RAZZ-BAR-60000-Puffs-Crystal-60K-Mesh-Coil-Disposable-Vape-228x300.webp\" alt=\"RAZZ BAR 60000 Puffar Kristall 60K Mesh Coil Eng\u00e5ngs Vape\" width=\"228\" height=\"300\" srcset=\"https:\/\/vapestornado.com\/wp-content\/uploads\/2026\/01\/RAZZ-BAR-60000-Puffs-Crystal-60K-Mesh-Coil-Disposable-Vape-228x300.webp 228w, https:\/\/vapestornado.com\/wp-content\/uploads\/2026\/01\/RAZZ-BAR-60000-Puffs-Crystal-60K-Mesh-Coil-Disposable-Vape-777x1024.webp 777w, https:\/\/vapestornado.com\/wp-content\/uploads\/2026\/01\/RAZZ-BAR-60000-Puffs-Crystal-60K-Mesh-Coil-Disposable-Vape-768x1013.webp 768w, https:\/\/vapestornado.com\/wp-content\/uploads\/2026\/01\/RAZZ-BAR-60000-Puffs-Crystal-60K-Mesh-Coil-Disposable-Vape-9x12.webp 9w, https:\/\/vapestornado.com\/wp-content\/uploads\/2026\/01\/RAZZ-BAR-60000-Puffs-Crystal-60K-Mesh-Coil-Disposable-Vape-600x791.webp 600w, https:\/\/vapestornado.com\/wp-content\/uploads\/2026\/01\/RAZZ-BAR-60000-Puffs-Crystal-60K-Mesh-Coil-Disposable-Vape.webp 910w\" sizes=\"(max-width: 228px) 100vw, 228px\" \/><figcaption id=\"caption-attachment-4848\" class=\"wp-caption-text\">RAZZ BAR 60000 Puffar Kristall 60K Mesh Coil Eng\u00e5ngs Vape<\/figcaption><\/figure>\n<h2 data-start=\"2547\" data-end=\"2587\">Varf\u00f6r Grossister V\u00e4ljer RAZZBAR 60000<\/h2>\n<ul data-start=\"2589\" data-end=\"2800\">\n<li data-start=\"2589\" data-end=\"2637\">\n<p data-start=\"2591\" data-end=\"2637\">H\u00f6g puffr\u00e4knare \u00f6kar kundlojalitet<\/p>\n<\/li>\n<li data-start=\"2638\" data-end=\"2689\">\n<p data-start=\"2640\" data-end=\"2689\">Kristalldesign \u00f6kar upplevd v\u00e4rde vid detaljhandel<\/p>\n<\/li>\n<li data-start=\"2690\" data-end=\"2750\">\n<p data-start=\"2692\" data-end=\"2750\">EU-lagerlager minskar leverans- och tullpress<\/p>\n<\/li>\n<li data-start=\"2751\" data-end=\"2800\">\n<p data-start=\"2753\" data-end=\"2800\">Konkurrenskraftig kostnad st\u00f6der bulkvinstmarginaler<\/p>\n<\/li>\n<\/ul>\n<p>&nbsp;<\/p>\n<div class=\"flex-shrink-0 flex flex-col relative items-end\">\n<div class=\"pt-0\">\n<div class=\"gizmo-bot-avatar flex h-8 w-8 items-center justify-center overflow-hidden rounded-full\">\n<div class=\"relative p-1 rounded-sm flex items-center justify-center bg-token-main-surface-primary text-token-text-primary h-8 w-8\">\n<h2 data-start=\"1200\" data-end=\"1487\">Vapes Tornado \u2013 Din grossist online vaporbutik f\u00f6r popul\u00e4ra vapes<\/h2>\n<p data-start=\"72\" data-end=\"396\"><strong data-start=\"72\" data-end=\"89\">Vapes Tornado<\/strong> \u00e4r en Europa-fokuserad grossist online vaporbutik som levererar ett noga utvalt sortiment av <strong data-start=\"178\" data-end=\"195\">popul\u00e4ra vapes<\/strong> f\u00f6r professionella k\u00f6pare. Vi arbetar med \u00e5terf\u00f6rs\u00e4ljare, distribut\u00f6rer och onlinebutiker \u00f6ver hela EU som beh\u00f6ver stabil leverans, tydlig produktinformation och varum\u00e4rken som kunder redan k\u00e4nner igen och litar p\u00e5.<\/p>\n<p data-start=\"398\" data-end=\"687\">Vi arbetar med p\u00e5litliga namn som <strong data-start=\"247\" data-end=\"352\"><a href=\"https:\/\/vapestornado.com\/sv\/product\/randm-12000-puffs-fumot-digital-disposable-vape-wholesale-price\/\">Fumot VAPE<\/a>, <a href=\"https:\/\/vapestornado.com\/sv\/product\/original-wga-ultra-35k-35000-puff-rechargeable-crystal-disposable-nicotine-vape-best-discount-price\/\">WGA VAPE<\/a>, <a href=\"https:\/\/vapestornado.com\/sv\/product\/vozol-gear-shisha-25k-25000-puffs-best-dtl-disposable-vape-hookah-cheap-price\/\">VOZOL BAR VAPE<\/a>, <\/strong><strong data-start=\"247\" data-end=\"352\">Elf Bar Vape, WASPE Vape, <a href=\"https:\/\/vapestornado.com\/sv\/product\/uzy-150k-puffs-6-in-1-flavor-switch-disposable-vape-pen-wholesale\/\">UZY Vape<\/a>, Bang Vape, Razz Bar Vape, och Stag Bar Vape<\/strong>, valda f\u00f6r konsekvent kvalitet och stark efterfr\u00e5gan p\u00e5 den europeiska marknaden.<\/p>\n<h4 data-start=\"1080\" data-end=\"1120\">Byggd f\u00f6r europeiska Vapers Grossist<\/h4>\n<p data-start=\"1121\" data-end=\"1189\">Vapes Tornado \u00e4r strukturerad kring de verkliga behoven hos EU-grossister:<\/p>\n<ul data-start=\"1190\" data-end=\"1400\">\n<li data-start=\"1190\" data-end=\"1239\">\n<p data-start=\"1192\" data-end=\"1239\">Konkurrenskraftiga grossistpriser f\u00f6r bulkbest\u00e4llningar<\/p>\n<\/li>\n<li data-start=\"1240\" data-end=\"1289\">\n<p data-start=\"1242\" data-end=\"1289\">Tydliga produktbeskrivningar och specifikationer<\/p>\n<\/li>\n<li data-start=\"1290\" data-end=\"1330\">\n<p data-start=\"1292\" data-end=\"1330\">Snabb, p\u00e5litlig EU-inriktad logistik<\/p>\n<\/li>\n<li data-start=\"1331\" data-end=\"1400\">\n<p data-start=\"1333\" data-end=\"1400\">En katalog fokuserad p\u00e5 <strong data-start=\"1356\" data-end=\"1373\">popul\u00e4ra vapes<\/strong>, inte \u00f6verm\u00e4ttade SKU:er<\/p>\n<\/li>\n<\/ul>\n<h2 data-start=\"2064\" data-end=\"2115\">FAQ om RAZZ BAR 60K 60000 Puffar Eng\u00e5ngs Vape<\/h2>\n<p data-start=\"2847\" data-end=\"2992\"><strong data-start=\"2847\" data-end=\"2910\">1. \u00c4r RAZZ BAR 60K l\u00e4mplig f\u00f6r grossistdistribution?<\/strong><br data-start=\"2910\" data-end=\"2913\" \/>Ja, den \u00e4r packad vid <strong data-start=\"2934\" data-end=\"2956\">200 stycken per kartong<\/strong> och utformad f\u00f6r h\u00f6gvolymf\u00f6rs\u00e4ljning.<\/p>\n<p data-start=\"2994\" data-end=\"3119\"><strong data-start=\"2994\" data-end=\"3044\">2. St\u00f6der RAZZ BAR 60000 uppladdning?<\/strong><br data-start=\"3044\" data-end=\"3047\" \/>Ja, den har ett <strong data-start=\"3066\" data-end=\"3097\">650mAh uppladdningsbart batteri<\/strong> med Type-C-laddning.<\/p>\n<p data-start=\"3121\" data-end=\"3218\"><strong data-start=\"3121\" data-end=\"3166\">3. Vilka nikotinstyrkor finns tillg\u00e4ngliga?<\/strong><br data-start=\"3166\" data-end=\"3169\" \/>Tillg\u00e4nglig i <strong data-start=\"3182\" data-end=\"3209\">2% och 5% salt nikotin<\/strong> alternativ.<\/p>\n<p data-start=\"3220\" data-end=\"3312\"><strong data-start=\"3220\" data-end=\"3251\">4. Hur snabbt \u00e4r EU-leveransen?<\/strong><br data-start=\"3251\" data-end=\"3254\" \/>Order skickas fr\u00e5n EU-lager inom <strong data-start=\"3291\" data-end=\"3311\">5\u20137 arbetsdagar<\/strong>.<\/p>\n<p data-start=\"3314\" data-end=\"3479\"><strong data-start=\"3314\" data-end=\"3369\">5. \u00c4r denna modell l\u00e4mplig f\u00f6r en E-cigaretterbutik?<\/strong><br data-start=\"3369\" data-end=\"3372\" \/>Ja, dess kristalldesign, l\u00e5ng livsl\u00e4ngd och smakutbud g\u00f6r den idealisk f\u00f6r detaljhandel och \u00e5terkommande f\u00f6rs\u00e4ljning.<\/p>\n<\/div>\n<\/div>\n<\/div>\n<\/div>","protected":false},"excerpt":{"rendered":"<div class=\"flex max-w-full flex-col grow\">\n<div class=\"min-h-8 text-message relative flex w-full flex-col items-end gap-2 text-start break-words whitespace-normal [.text-message+&amp;]:mt-1\" dir=\"auto\" data-message-author-role=\"assistant\" data-message-id=\"2a9d6edf-5b3a-41c0-afc9-caef2e4c2c3b\" data-message-model-slug=\"gpt-5-2\">\n<div class=\"flex w-full flex-col gap-1 empty:hidden first:pt-[1px]\">\n<div class=\"markdown prose dark:prose-invert w-full break-words light markdown-new-styling\">\n<p data-start=\"4300\" data-end=\"4384\">RAZZ BAR 60K Crystal Eng\u00e5ngsvape 60000 Puffs EU Snabb Frakt<br \/>\nRAZZ BAR 60000 Eng\u00e5ngsdampare Billigt Pris f\u00f6r Grossister<br \/>\nRAZZ BAR 60K E-cigarett Partih\u00e5llning fr\u00e5n EU-lager<\/p>\n<\/div>\n<\/div>\n<\/div>\n<\/div>\n<p><strong>L\u00e4gg till Amys whatsapp f\u00f6r att f\u00e5 r\u00e4tt svar och rabatterat pris!<\/strong><\/p>\n<p><img fetchpriority=\"high\" decoding=\"async\" class=\"size-full wp-image-2932\" src=\"https:\/\/vapestornado.com\/wp-content\/uploads\/2024\/12\/Vape-Wholesale.jpg\" alt=\"Vape Partihandel\" width=\"229\" height=\"300\" \/><\/p>\n<h3><a href=\"https:\/\/wa.me\/8617776015835\"><span style=\"color: #ff0000;\"><strong>WhatsApp: +86 17776015835<\/strong><\/span><\/a><\/h3>","protected":false},"featured_media":4849,"comment_status":"open","ping_status":"closed","template":"","meta":{"_acf_changed":false,"_uag_custom_page_level_css":"","_lmt_disableupdate":"no","_lmt_disable":"","_monsterinsights_skip_tracking":false,"_monsterinsights_sitenote_active":false,"_monsterinsights_sitenote_note":"","_monsterinsights_sitenote_category":0,"site-sidebar-layout":"default","site-content-layout":"","ast-site-content-layout":"default","site-content-style":"default","site-sidebar-style":"default","ast-global-header-display":"","ast-banner-title-visibility":"","ast-main-header-display":"","ast-hfb-above-header-display":"","ast-hfb-below-header-display":"","ast-hfb-mobile-header-display":"","site-post-title":"","ast-breadcrumbs-content":"","ast-featured-img":"","footer-sml-layout":"","ast-disable-related-posts":"","theme-transparent-header-meta":"default","adv-header-id-meta":"","stick-header-meta":"","header-above-stick-meta":"","header-main-stick-meta":"","header-below-stick-meta":"","astra-migrate-meta-layouts":"set","ast-page-background-enabled":"default","ast-page-background-meta":{"desktop":{"background-color":"","background-image":"","background-repeat":"repeat","background-position":"center center","background-size":"auto","background-attachment":"scroll","background-type":"","background-media":"","overlay-type":"","overlay-color":"","overlay-opacity":"","overlay-gradient":""},"tablet":{"background-color":"","background-image":"","background-repeat":"repeat","background-position":"center center","background-size":"auto","background-attachment":"scroll","background-type":"","background-media":"","overlay-type":"","overlay-color":"","overlay-opacity":"","overlay-gradient":""},"mobile":{"background-color":"","background-image":"","background-repeat":"repeat","background-position":"center center","background-size":"auto","background-attachment":"scroll","background-type":"","background-media":"","overlay-type":"","overlay-color":"","overlay-opacity":"","overlay-gradient":""}},"ast-content-background-meta":{"desktop":{"background-color":"var(--ast-global-color-5)","background-image":"","background-repeat":"repeat","background-position":"center center","background-size":"auto","background-attachment":"scroll","background-type":"","background-media":"","overlay-type":"","overlay-color":"","overlay-opacity":"","overlay-gradient":""},"tablet":{"background-color":"var(--ast-global-color-5)","background-image":"","background-repeat":"repeat","background-position":"center center","background-size":"auto","background-attachment":"scroll","background-type":"","background-media":"","overlay-type":"","overlay-color":"","overlay-opacity":"","overlay-gradient":""},"mobile":{"background-color":"var(--ast-global-color-5)","background-image":"","background-repeat":"repeat","background-position":"center center","background-size":"auto","background-attachment":"scroll","background-type":"","background-media":"","overlay-type":"","overlay-color":"","overlay-opacity":"","overlay-gradient":""}},"_joinchat":[]},"product_brand":[],"product_cat":[343,149,152,153,154,156,141,492,144,146],"product_tag":[572,120,368,571,573,570,569,568,574],"class_list":{"0":"post-4850","1":"product","2":"type-product","3":"status-publish","4":"has-post-thumbnail","6":"product_cat-60000-puff","7":"product_cat-buy-disposable-vapes-in-austria","8":"product_cat-buy-disposable-vapes-in-cermany","9":"product_cat-buy-disposable-vapes-in-italy","10":"product_cat-buy-disposable-vapes-in-netherlands","11":"product_cat-buy-disposable-vapes-in-poland","12":"product_cat-crystal-disposable-vapes","13":"product_cat-eu-warehouse","14":"product_cat-low-nicotine-disposable-vapes","15":"product_cat-rechargeable-disposable-vapes","16":"product_tag-cheap-price","17":"product_tag-crystal-vape","18":"product_tag-disposable-vapor","19":"product_tag-e-cigarette","20":"product_tag-e-cigarette-store","21":"product_tag-eu-fast-shipping","22":"product_tag-razz-bar-60000","23":"product_tag-razz-bar-60k","24":"product_tag-vape-wholesale-germany","25":"desktop-align-left","26":"tablet-align-left","27":"mobile-align-left","29":"first","30":"instock","31":"sale","32":"shipping-taxable","33":"purchasable","34":"product-type-simple"},"acf":[],"uagb_featured_image_src":{"full":["https:\/\/vapestornado.com\/wp-content\/uploads\/2026\/01\/RAZZ-BAR-Crystal-60k-Disposable-Vape-Wholesale.webp",800,800,false],"thumbnail":["https:\/\/vapestornado.com\/wp-content\/uploads\/2026\/01\/RAZZ-BAR-Crystal-60k-Disposable-Vape-Wholesale-150x150.webp",150,150,true],"medium":["https:\/\/vapestornado.com\/wp-content\/uploads\/2026\/01\/RAZZ-BAR-Crystal-60k-Disposable-Vape-Wholesale-300x300.webp",300,300,true],"medium_large":["https:\/\/vapestornado.com\/wp-content\/uploads\/2026\/01\/RAZZ-BAR-Crystal-60k-Disposable-Vape-Wholesale-768x768.webp",768,768,true],"large":["https:\/\/vapestornado.com\/wp-content\/uploads\/2026\/01\/RAZZ-BAR-Crystal-60k-Disposable-Vape-Wholesale.webp",800,800,false],"1536x1536":["https:\/\/vapestornado.com\/wp-content\/uploads\/2026\/01\/RAZZ-BAR-Crystal-60k-Disposable-Vape-Wholesale.webp",800,800,false],"2048x2048":["https:\/\/vapestornado.com\/wp-content\/uploads\/2026\/01\/RAZZ-BAR-Crystal-60k-Disposable-Vape-Wholesale.webp",800,800,false],"trp-custom-language-flag":["https:\/\/vapestornado.com\/wp-content\/uploads\/2026\/01\/RAZZ-BAR-Crystal-60k-Disposable-Vape-Wholesale-12x12.webp",12,12,true],"woocommerce_thumbnail":["https:\/\/vapestornado.com\/wp-content\/uploads\/2026\/01\/RAZZ-BAR-Crystal-60k-Disposable-Vape-Wholesale-300x300.webp",300,300,true],"woocommerce_single":["https:\/\/vapestornado.com\/wp-content\/uploads\/2026\/01\/RAZZ-BAR-Crystal-60k-Disposable-Vape-Wholesale-600x600.webp",600,600,true],"woocommerce_gallery_thumbnail":["https:\/\/vapestornado.com\/wp-content\/uploads\/2026\/01\/RAZZ-BAR-Crystal-60k-Disposable-Vape-Wholesale-100x100.webp",100,100,true]},"uagb_author_info":{"display_name":"ESAMY","author_link":"https:\/\/vapestornado.com\/sv\/author\/"},"uagb_comment_info":0,"uagb_excerpt":"RAZZ BAR 60K Crystal Disposable Vape 60000 Puffs EU Fast Shipping RAZZ BAR 60000 Disposable Vapor Cheap Price for Wholesalers RAZZ BAR 60K E-cigarette Bulk Supply from EU Warehouse Add Amy's whatsapp to get right reply and discount price! WhatsApp: +86 17776015835","_links":{"self":[{"href":"https:\/\/vapestornado.com\/sv\/wp-json\/wp\/v2\/product\/4850","targetHints":{"allow":["GET"]}}],"collection":[{"href":"https:\/\/vapestornado.com\/sv\/wp-json\/wp\/v2\/product"}],"about":[{"href":"https:\/\/vapestornado.com\/sv\/wp-json\/wp\/v2\/types\/product"}],"replies":[{"embeddable":true,"href":"https:\/\/vapestornado.com\/sv\/wp-json\/wp\/v2\/comments?post=4850"}],"wp:featuredmedia":[{"embeddable":true,"href":"https:\/\/vapestornado.com\/sv\/wp-json\/wp\/v2\/media\/4849"}],"wp:attachment":[{"href":"https:\/\/vapestornado.com\/sv\/wp-json\/wp\/v2\/media?parent=4850"}],"wp:term":[{"taxonomy":"product_brand","embeddable":true,"href":"https:\/\/vapestornado.com\/sv\/wp-json\/wp\/v2\/product_brand?post=4850"},{"taxonomy":"product_cat","embeddable":true,"href":"https:\/\/vapestornado.com\/sv\/wp-json\/wp\/v2\/product_cat?post=4850"},{"taxonomy":"product_tag","embeddable":true,"href":"https:\/\/vapestornado.com\/sv\/wp-json\/wp\/v2\/product_tag?post=4850"}],"curies":[{"name":"wp","href":"https:\/\/api.w.org\/{rel}","templated":true}]}}