{"id":4842,"date":"2026-01-24T09:54:19","date_gmt":"2026-01-24T09:54:19","guid":{"rendered":"https:\/\/vapestornado.com\/?post_type=product&#038;p=4842"},"modified":"2026-01-24T10:03:36","modified_gmt":"2026-01-24T10:03:36","slug":"aivono-avn-mate-120k-puffs-double-flaovr-disposable-e-cigarette-adjust-flavor","status":"publish","type":"product","link":"https:\/\/vapestornado.com\/sv\/product\/aivono-avn-mate-120k-puffs-double-flaovr-disposable-e-cigarette-adjust-flavor\/","title":{"rendered":"AIVONO AVN MATE 120k Puffs Dubbel Smak Eng\u00e5ngs E-Cigarett Justera Smak"},"content":{"rendered":"<h1 data-start=\"0\" data-end=\"87\">AIVONO AVN MATE 120k Puffs Dubbel Smak Eng\u00e5ngs E-Cigarett Justera Smak<\/h1>\n<p data-start=\"276\" data-end=\"608\">Den <strong data-start=\"280\" data-end=\"304\">AIVONO AVN MATE 120k<\/strong> \u00e4r utformad f\u00f6r grossister som beh\u00f6ver en h\u00f6gkapacitets, h\u00f6gv\u00e4rdes eng\u00e5ngsprodukt som s\u00e4ljer snabbt p\u00e5 konkurrenskraftiga marknader i Sverige. Med en riktig <strong data-start=\"439\" data-end=\"464\">120 000 puff livsl\u00e4ngd<\/strong>, dubbelsmak v\u00e4xlingsdesign, och en smart sk\u00e4rm, riktar denna enhet sig till anv\u00e4ndare som vill ha variation, h\u00e5llbarhet och synlig prestanda i en enhet.<\/p>\n<p data-start=\"610\" data-end=\"976\">Designad som en <strong data-start=\"624\" data-end=\"662\">2-i-1 Dubbelsmak Eng\u00e5ngsvape<\/strong>, till\u00e5ter AIVONO AVN MATE 120000 anv\u00e4ndare att v\u00e4xla mellan tv\u00e5 smaker omedelbart utan att byta enhet. Detta justerbara smakssystem \u00f6kar anv\u00e4ndningstiden och f\u00f6rb\u00e4ttrar kundn\u00f6jdheten, vilket g\u00f6r det till ett starkt val f\u00f6r <strong data-start=\"887\" data-end=\"911\">vape grossist Italien<\/strong> k\u00f6pare som s\u00f6ker differentiering vid en <strong data-start=\"952\" data-end=\"975\">l\u00e5gt grossistpris<\/strong>.<\/p>\n<p data-start=\"978\" data-end=\"1308\">stor <strong data-start=\"986\" data-end=\"1012\">36ml e-v\u00e4tskekapacitet<\/strong>, kombinerat med en stabil <strong data-start=\"1037\" data-end=\"1050\">1.0\u03a9 k\u00e4rna<\/strong>, s\u00e4kerst\u00e4ller konsekvent \u00e5ng- och smakutmatning \u00f6ver hela puffcykeln. Den <strong data-start=\"1127\" data-end=\"1179\">850mAh uppladdningsbara batteri med Type-C-laddning<\/strong> \u00e4r anpassat till oljem\u00e4ngden, s\u00e5 att anv\u00e4ndare kan avsluta v\u00e4tskan utan str\u00f6mf\u00f6rlust\u2014minskar klagom\u00e5l och returer p\u00e5 detaljhandelsniv\u00e5.<\/p>\n<p data-start=\"1310\" data-end=\"1559\">Den inbyggda <strong data-start=\"1323\" data-end=\"1337\">LED-sk\u00e4rmen<\/strong> visar tydligt batteri- och e-v\u00e4tskestatus, vilket positionerar denna modell som en premium <strong data-start=\"1420\" data-end=\"1440\">vape med sk\u00e4rm<\/strong> samtidigt som driften h\u00e5lls enkel. Kompakt storlek hj\u00e4lper ocks\u00e5 \u00e5terf\u00f6rs\u00e4ljare att optimera hyllutrymme och effektivitet vid bulkfrakt.<\/p>\n<p data-start=\"1561\" data-end=\"1812\">F\u00f6r distribut\u00f6rer som s\u00f6ker en p\u00e5litlig <strong data-start=\"1597\" data-end=\"1612\">AIVONO vape<\/strong> med stark potential f\u00f6r \u00e5terbest\u00e4llningar, levererar AVN MATE 120k prestanda, smakvariation och prisv\u00e4nlig vinstmarginal.<br data-start=\"1733\" data-end=\"1736\" \/><strong data-start=\"1739\" data-end=\"1812\">Kontakta oss nu f\u00f6r Vape Grossist till l\u00e5gt pris och bulkleverans i Sverige.<\/strong><\/p>\n<p><strong><span style=\"color: #ff0000;\">L\u00e4gg till Amys whatsapp f\u00f6r snabbt svar och vape-kupong!<\/span><\/strong><\/p>\n<p><img fetchpriority=\"high\" decoding=\"async\" class=\"size-full wp-image-2932\" src=\"https:\/\/vapestornado.com\/wp-content\/uploads\/2024\/12\/Vape-Wholesale.jpg\" alt=\"Vape Partihandel\" width=\"229\" height=\"300\" \/><\/p>\n<h3><a href=\"https:\/\/wa.me\/8617776015835\" target=\"_blank\" rel=\"noopener\"><span style=\"color: #ff0000;\"><strong>WhatsApp: +86 17776015835<\/strong><\/span><\/a><\/h3>\n<h2><strong>AIVONO AVN MATE 120k \u00a0Puffs Produktfunktioner<\/strong><\/h2>\n<div>\n<ul>\n<li data-start=\"1887\" data-end=\"1985\">\n<p data-start=\"1889\" data-end=\"1985\"><strong data-start=\"1889\" data-end=\"1907\">120 000 Puff:<\/strong> \u00c4kta h\u00f6g-puff struktur designad f\u00f6r l\u00e5ngvarig anv\u00e4ndning och f\u00e4rre byten.<\/p>\n<\/li>\n<li data-start=\"1986\" data-end=\"2096\">\n<p data-start=\"1988\" data-end=\"2096\"><strong data-start=\"1988\" data-end=\"2018\">2-i-1 Dubbel Smak System:<\/strong> Tv\u00e5 smaker i en enhet med omedelbar v\u00e4xling f\u00f6r h\u00f6gre anv\u00e4ndarretention.<\/p>\n<\/li>\n<li data-start=\"2097\" data-end=\"2203\">\n<p data-start=\"2099\" data-end=\"2203\"><strong data-start=\"2099\" data-end=\"2126\">36ml E-V\u00e4tskekapacitet:<\/strong> Stor oljem\u00e4ngd st\u00f6djer stabil utmatning under hela puffens livsl\u00e4ngd.<\/p>\n<\/li>\n<li data-start=\"2204\" data-end=\"2301\">\n<p data-start=\"2206\" data-end=\"2301\"><strong data-start=\"2206\" data-end=\"2227\">Smart LED-sk\u00e4rm:<\/strong> Real-tids batteri- och v\u00e4tskestatus f\u00f6rb\u00e4ttrar anv\u00e4ndbarheten och produktens f\u00f6rtroende.<\/p>\n<\/li>\n<li data-start=\"2302\" data-end=\"2419\">\n<p data-start=\"2304\" data-end=\"2419\"><strong data-start=\"2304\" data-end=\"2343\">850mAh Type-C uppladdningsbart batteri:<\/strong> Balanssystem f\u00f6r kraft s\u00e4kerst\u00e4ller full konsumtion av e-v\u00e4tskan utan driftstopp.<\/p>\n<\/li>\n<\/ul>\n<figure id=\"attachment_4838\" aria-describedby=\"caption-attachment-4838\" style=\"width: 162px\" class=\"wp-caption alignnone\"><img decoding=\"async\" class=\"size-medium wp-image-4838\" src=\"https:\/\/vapestornado.com\/wp-content\/uploads\/2026\/01\/AIVONO-AVN-MATE-120k-120000-Puffs-Disposable-Vape-Low-Price-162x300.webp\" alt=\"AIVONO AVN MATE 120k 120000 Puffs Eng\u00e5ngsvape till l\u00e5gt pris\" width=\"162\" height=\"300\" srcset=\"https:\/\/vapestornado.com\/wp-content\/uploads\/2026\/01\/AIVONO-AVN-MATE-120k-120000-Puffs-Disposable-Vape-Low-Price-162x300.webp 162w, https:\/\/vapestornado.com\/wp-content\/uploads\/2026\/01\/AIVONO-AVN-MATE-120k-120000-Puffs-Disposable-Vape-Low-Price-552x1024.webp 552w, https:\/\/vapestornado.com\/wp-content\/uploads\/2026\/01\/AIVONO-AVN-MATE-120k-120000-Puffs-Disposable-Vape-Low-Price-768x1425.webp 768w, https:\/\/vapestornado.com\/wp-content\/uploads\/2026\/01\/AIVONO-AVN-MATE-120k-120000-Puffs-Disposable-Vape-Low-Price-6x12.webp 6w, https:\/\/vapestornado.com\/wp-content\/uploads\/2026\/01\/AIVONO-AVN-MATE-120k-120000-Puffs-Disposable-Vape-Low-Price-600x1113.webp 600w, https:\/\/vapestornado.com\/wp-content\/uploads\/2026\/01\/AIVONO-AVN-MATE-120k-120000-Puffs-Disposable-Vape-Low-Price.webp 800w\" sizes=\"(max-width: 162px) 100vw, 162px\" \/><figcaption id=\"caption-attachment-4838\" class=\"wp-caption-text\">AIVONO AVN MATE 120k 120000 Puffs Eng\u00e5ngsvape till l\u00e5gt pris<\/figcaption><\/figure>\n<\/div>\n<h2 class=\"product-title\"><strong>AIVONO AVN MATE 120k Puff Smaklista<\/strong><\/h2>\n<ol data-start=\"2475\" data-end=\"2828\">\n<li data-start=\"2475\" data-end=\"2508\">\n<p data-start=\"2478\" data-end=\"2508\">K\u00f6rsb\u00e4rscola + Vattenmelon Is<\/p>\n<\/li>\n<li data-start=\"2509\" data-end=\"2554\">\n<p data-start=\"2512\" data-end=\"2554\">Kiwipassionfrukt Guava + Bl\u00e5b\u00e4rs Is<\/p>\n<\/li>\n<li data-start=\"2555\" data-end=\"2584\">\n<p data-start=\"2558\" data-end=\"2584\">Regnb\u00e5gsgodis + Herr Bl\u00e5<\/p>\n<\/li>\n<li data-start=\"2585\" data-end=\"2617\">\n<p data-start=\"2588\" data-end=\"2617\">Energidryck + Triple Mango<\/p>\n<\/li>\n<li data-start=\"2618\" data-end=\"2653\">\n<p data-start=\"2621\" data-end=\"2653\">Jordgubbsbanan + Rosa Citron<\/p>\n<\/li>\n<li data-start=\"2654\" data-end=\"2691\">\n<p data-start=\"2657\" data-end=\"2691\">Bl\u00e5b\u00e4r Hallon + Citron-Mynta<\/p>\n<\/li>\n<li data-start=\"2692\" data-end=\"2734\">\n<p data-start=\"2695\" data-end=\"2734\">Jordgubbs vattenmelon + Ananas Is<\/p>\n<\/li>\n<li data-start=\"2735\" data-end=\"2768\">\n<p data-start=\"2738\" data-end=\"2768\">Ananas Apelsin Lime + Mynta<\/p>\n<\/li>\n<li data-start=\"2769\" data-end=\"2796\">\n<p data-start=\"2772\" data-end=\"2796\">Citron Lime + Druva Is<\/p>\n<\/li>\n<li data-start=\"2797\" data-end=\"2828\">\n<p data-start=\"2801\" data-end=\"2828\">Gummy Bears + Blandade B\u00e4r<\/p>\n<h2 data-start=\"2835\" data-end=\"2886\">Varf\u00f6r Grossistk\u00f6pare V\u00e4ljer AIVONO AVN MATE 120k<\/h2>\n<ul data-start=\"2888\" data-end=\"3159\">\n<li data-start=\"2888\" data-end=\"2950\">\n<p data-start=\"2890\" data-end=\"2950\">Dubbel-smakdesign \u00f6kar hyllans attraktivitet och \u00e5terkommande f\u00f6rs\u00e4ljning<\/p>\n<\/li>\n<li data-start=\"2951\" data-end=\"3020\">\n<p data-start=\"2953\" data-end=\"3020\">H\u00f6gt puffantal minskar bytestakt och eftermarknadsrisk<\/p>\n<\/li>\n<li data-start=\"3021\" data-end=\"3091\">\n<p data-start=\"3023\" data-end=\"3091\">Smart sk\u00e4rm tillf\u00f6r premiumv\u00e4rde utan att \u00f6ka kostnaden avsev\u00e4rt<\/p>\n<\/li>\n<li data-start=\"3092\" data-end=\"3159\">\n<p data-start=\"3094\" data-end=\"3159\">Idealisk f\u00f6r <strong data-start=\"3104\" data-end=\"3128\">vape grossist Italien<\/strong> och EU-distributionskanaler<\/p>\n<\/li>\n<\/ul>\n<\/li>\n<\/ol>\n<div class=\"flex-shrink-0 flex flex-col relative items-end\">\n<div class=\"pt-0\">\n<div class=\"gizmo-bot-avatar flex h-8 w-8 items-center justify-center overflow-hidden rounded-full\">\n<div class=\"relative p-1 rounded-sm flex items-center justify-center bg-token-main-surface-primary text-token-text-primary h-8 w-8\">\n<h2 data-start=\"1200\" data-end=\"1487\">Vapes Tornado \u2013 Din grossist online vaporbutik f\u00f6r popul\u00e4ra vapes<\/h2>\n<p data-start=\"72\" data-end=\"396\"><strong data-start=\"72\" data-end=\"89\">Vapes Tornado<\/strong> \u00e4r en Europa-fokuserad grossist online vaporbutik som levererar ett noga utvalt sortiment av <strong data-start=\"178\" data-end=\"195\">popul\u00e4ra vapes<\/strong> f\u00f6r professionella k\u00f6pare. Vi arbetar med \u00e5terf\u00f6rs\u00e4ljare, distribut\u00f6rer och onlinebutiker \u00f6ver hela EU som beh\u00f6ver stabil leverans, tydlig produktinformation och varum\u00e4rken som kunder redan k\u00e4nner igen och litar p\u00e5.<\/p>\n<p data-start=\"398\" data-end=\"687\">Vi arbetar med p\u00e5litliga namn som <strong data-start=\"247\" data-end=\"352\"><a href=\"https:\/\/vapestornado.com\/sv\/product\/randm-12000-puffs-fumot-digital-disposable-vape-wholesale-price\/\">Fumot VAPE<\/a>, <a href=\"https:\/\/vapestornado.com\/sv\/product\/original-wga-ultra-35k-35000-puff-rechargeable-crystal-disposable-nicotine-vape-best-discount-price\/\">WGA VAPE<\/a>, <a href=\"https:\/\/vapestornado.com\/sv\/product\/vozol-gear-shisha-25k-25000-puffs-best-dtl-disposable-vape-hookah-cheap-price\/\">VOZOL BAR VAPE<\/a>, <\/strong><strong data-start=\"247\" data-end=\"352\">Elf Bar Vape, WASPE Vape, <a href=\"https:\/\/vapestornado.com\/sv\/product\/uzy-150k-puffs-6-in-1-flavor-switch-disposable-vape-pen-wholesale\/\">UZY Vape<\/a>, Bang Vape, Razz Bar Vape, och Stag Bar Vape<\/strong>, valda f\u00f6r konsekvent kvalitet och stark efterfr\u00e5gan p\u00e5 den europeiska marknaden.<\/p>\n<h4 data-start=\"1080\" data-end=\"1120\">Byggd f\u00f6r europeiska Vapers Grossist<\/h4>\n<p data-start=\"1121\" data-end=\"1189\">Vapes Tornado \u00e4r strukturerad kring de verkliga behoven hos EU-grossister:<\/p>\n<ul data-start=\"1190\" data-end=\"1400\">\n<li data-start=\"1190\" data-end=\"1239\">\n<p data-start=\"1192\" data-end=\"1239\">Konkurrenskraftiga grossistpriser f\u00f6r bulkbest\u00e4llningar<\/p>\n<\/li>\n<li data-start=\"1240\" data-end=\"1289\">\n<p data-start=\"1242\" data-end=\"1289\">Tydliga produktbeskrivningar och specifikationer<\/p>\n<\/li>\n<li data-start=\"1290\" data-end=\"1330\">\n<p data-start=\"1292\" data-end=\"1330\">Snabb, p\u00e5litlig EU-inriktad logistik<\/p>\n<\/li>\n<li data-start=\"1331\" data-end=\"1400\">\n<p data-start=\"1333\" data-end=\"1400\">En katalog fokuserad p\u00e5 <strong data-start=\"1356\" data-end=\"1373\">popul\u00e4ra vapes<\/strong>, inte \u00f6verm\u00e4ttade SKU:er<\/p>\n<\/li>\n<\/ul>\n<h2 data-start=\"2064\" data-end=\"2115\">FAQ om AIVONO AVN MATE 120k Puff Disposable Vape<\/h2>\n<p data-start=\"3198\" data-end=\"3373\"><strong data-start=\"3198\" data-end=\"3260\">1. \u00c4r AIVONO AVN MATE 120k en \u00e4kta 120 000 puff-enhet?<\/strong><br data-start=\"3260\" data-end=\"3263\" \/>Ja, den \u00e4r konstruerad med ett matchande batteri och oljesystem f\u00f6r att st\u00f6dja hela puffintervallet under normal anv\u00e4ndning.<\/p>\n<p data-start=\"3375\" data-end=\"3514\"><strong data-start=\"3375\" data-end=\"3419\">2. Hur fungerar dubbelsmakssystemet?<\/strong><br data-start=\"3419\" data-end=\"3422\" \/>Anv\u00e4ndare kan v\u00e4xla mellan tv\u00e5 smaker inbyggda i samma enhet utan att blanda eller fylla p\u00e5.<\/p>\n<p data-start=\"3516\" data-end=\"3619\"><strong data-start=\"3516\" data-end=\"3562\">3. \u00c4r detta en uppladdningsbar eng\u00e5ngsvape?<\/strong><br data-start=\"3562\" data-end=\"3565\" \/>Ja, den har ett Type-C uppladdningsbart 850mAh batteri.<\/p>\n<p data-start=\"3621\" data-end=\"3727\"><strong data-start=\"3621\" data-end=\"3666\">4. Vilka nikotinstyrkor finns tillg\u00e4ngliga?<\/strong><br data-start=\"3666\" data-end=\"3669\" \/>Enheten finns i <strong data-start=\"3696\" data-end=\"3726\">2% och 5% nikotinalternativ<\/strong>.<\/p>\n<p data-start=\"3729\" data-end=\"3888\"><strong data-start=\"3729\" data-end=\"3789\">5. \u00c4r detta l\u00e4mpligt f\u00f6r grossistdistribution i Sverige?<\/strong><br data-start=\"3789\" data-end=\"3792\" \/>Ja, designen, priss\u00e4ttningen och smakstrukturen \u00e4r v\u00e4l anpassade f\u00f6r den svenska grossistmarknaden.<\/p>\n<\/div>\n<\/div>\n<\/div>\n<\/div>","protected":false},"excerpt":{"rendered":"<div class=\"flex max-w-full flex-col grow\">\n<div class=\"min-h-8 text-message relative flex w-full flex-col items-end gap-2 text-start break-words whitespace-normal [.text-message+&amp;]:mt-1\" dir=\"auto\" data-message-author-role=\"assistant\" data-message-id=\"2a9d6edf-5b3a-41c0-afc9-caef2e4c2c3b\" data-message-model-slug=\"gpt-5-2\">\n<div class=\"flex w-full flex-col gap-1 empty:hidden first:pt-[1px]\">\n<div class=\"markdown prose dark:prose-invert w-full break-words light markdown-new-styling\">\n<p data-start=\"4127\" data-end=\"4213\"><strong data-start=\"4127\" data-end=\"4211\">AIVONO AVN MATE 120k Dubbelsmak Eng\u00e5ngs Vape med Sk\u00e4rm f\u00f6r Grossist i Sverige<\/strong><\/p>\n<p data-start=\"4217\" data-end=\"4296\"><strong data-start=\"4217\" data-end=\"4294\">AIVONO AVN MATE 120000 Puffs 2-i-1 Eng\u00e5ngsvape L\u00e5gt Pris Bulkleverans<\/strong><\/p>\n<p data-start=\"4300\" data-end=\"4384\"><strong data-start=\"4300\" data-end=\"4384\">AIVONO AVN MATE 120k Justerbar Smak Eng\u00e5ngs E-Cigarett f\u00f6r Vape Grossist<\/strong><\/p>\n<\/div>\n<\/div>\n<\/div>\n<\/div>\n<p><strong>L\u00e4gg till Amys whatsapp f\u00f6r att f\u00e5 r\u00e4tt svar och rabatterat pris!<\/strong><\/p>\n<p><img fetchpriority=\"high\" decoding=\"async\" class=\"size-full wp-image-2932\" src=\"https:\/\/vapestornado.com\/wp-content\/uploads\/2024\/12\/Vape-Wholesale.jpg\" alt=\"Vape Partihandel\" width=\"229\" height=\"300\" \/><\/p>\n<h3><a href=\"https:\/\/wa.me\/8617776015835\"><span style=\"color: #ff0000;\"><strong>WhatsApp: +86 17776015835<\/strong><\/span><\/a><\/h3>","protected":false},"featured_media":4837,"comment_status":"open","ping_status":"closed","template":"","meta":{"_acf_changed":false,"_uag_custom_page_level_css":"","_lmt_disableupdate":"no","_lmt_disable":"","_monsterinsights_skip_tracking":false,"_monsterinsights_sitenote_active":false,"_monsterinsights_sitenote_note":"","_monsterinsights_sitenote_category":0,"site-sidebar-layout":"default","site-content-layout":"","ast-site-content-layout":"default","site-content-style":"default","site-sidebar-style":"default","ast-global-header-display":"","ast-banner-title-visibility":"","ast-main-header-display":"","ast-hfb-above-header-display":"","ast-hfb-below-header-display":"","ast-hfb-mobile-header-display":"","site-post-title":"","ast-breadcrumbs-content":"","ast-featured-img":"","footer-sml-layout":"","ast-disable-related-posts":"","theme-transparent-header-meta":"default","adv-header-id-meta":"","stick-header-meta":"","header-above-stick-meta":"","header-main-stick-meta":"","header-below-stick-meta":"","astra-migrate-meta-layouts":"set","ast-page-background-enabled":"default","ast-page-background-meta":{"desktop":{"background-color":"","background-image":"","background-repeat":"repeat","background-position":"center center","background-size":"auto","background-attachment":"scroll","background-type":"","background-media":"","overlay-type":"","overlay-color":"","overlay-opacity":"","overlay-gradient":""},"tablet":{"background-color":"","background-image":"","background-repeat":"repeat","background-position":"center center","background-size":"auto","background-attachment":"scroll","background-type":"","background-media":"","overlay-type":"","overlay-color":"","overlay-opacity":"","overlay-gradient":""},"mobile":{"background-color":"","background-image":"","background-repeat":"repeat","background-position":"center center","background-size":"auto","background-attachment":"scroll","background-type":"","background-media":"","overlay-type":"","overlay-color":"","overlay-opacity":"","overlay-gradient":""}},"ast-content-background-meta":{"desktop":{"background-color":"var(--ast-global-color-5)","background-image":"","background-repeat":"repeat","background-position":"center center","background-size":"auto","background-attachment":"scroll","background-type":"","background-media":"","overlay-type":"","overlay-color":"","overlay-opacity":"","overlay-gradient":""},"tablet":{"background-color":"var(--ast-global-color-5)","background-image":"","background-repeat":"repeat","background-position":"center center","background-size":"auto","background-attachment":"scroll","background-type":"","background-media":"","overlay-type":"","overlay-color":"","overlay-opacity":"","overlay-gradient":""},"mobile":{"background-color":"var(--ast-global-color-5)","background-image":"","background-repeat":"repeat","background-position":"center center","background-size":"auto","background-attachment":"scroll","background-type":"","background-media":"","overlay-type":"","overlay-color":"","overlay-opacity":"","overlay-gradient":""}},"_joinchat":[]},"product_brand":[],"product_cat":[347,176,150,152,153,158,141,142,492,144,146],"product_tag":[567,563,562,564,195,566,565,522,269],"class_list":{"0":"post-4842","1":"product","2":"type-product","3":"status-publish","4":"has-post-thumbnail","6":"product_cat-120000-puff","7":"product_cat-aivono-vape","8":"product_cat-buy-disposable-vapes-in-belgium","9":"product_cat-buy-disposable-vapes-in-cermany","10":"product_cat-buy-disposable-vapes-in-italy","11":"product_cat-buy-disposable-vapes-in-spain","12":"product_cat-crystal-disposable-vapes","13":"product_cat-digital-box-disposable-vapes","14":"product_cat-eu-warehouse","15":"product_cat-low-nicotine-disposable-vapes","16":"product_cat-rechargeable-disposable-vapes","17":"product_tag-2-in-1-flavor","18":"product_tag-aivono-avn-mate-120000","19":"product_tag-aivono-avn-mate-120k","20":"product_tag-aivono-vape","21":"product_tag-dual-flavor-disposable-vape","22":"product_tag-puff-120k","23":"product_tag-vape-wholesale-at-low-price","24":"product_tag-vape-wholesale-italy","25":"product_tag-vape-with-screen","26":"desktop-align-left","27":"tablet-align-left","28":"mobile-align-left","30":"first","31":"instock","32":"sale","33":"shipping-taxable","34":"purchasable","35":"product-type-simple"},"acf":[],"uagb_featured_image_src":{"full":["https:\/\/vapestornado.com\/wp-content\/uploads\/2026\/01\/AIVONO-AVN-MATE-120k-120000-Puffs-Disposable-Vape-Double-Flaovr.webp",800,800,false],"thumbnail":["https:\/\/vapestornado.com\/wp-content\/uploads\/2026\/01\/AIVONO-AVN-MATE-120k-120000-Puffs-Disposable-Vape-Double-Flaovr-150x150.webp",150,150,true],"medium":["https:\/\/vapestornado.com\/wp-content\/uploads\/2026\/01\/AIVONO-AVN-MATE-120k-120000-Puffs-Disposable-Vape-Double-Flaovr-300x300.webp",300,300,true],"medium_large":["https:\/\/vapestornado.com\/wp-content\/uploads\/2026\/01\/AIVONO-AVN-MATE-120k-120000-Puffs-Disposable-Vape-Double-Flaovr-768x768.webp",768,768,true],"large":["https:\/\/vapestornado.com\/wp-content\/uploads\/2026\/01\/AIVONO-AVN-MATE-120k-120000-Puffs-Disposable-Vape-Double-Flaovr.webp",800,800,false],"1536x1536":["https:\/\/vapestornado.com\/wp-content\/uploads\/2026\/01\/AIVONO-AVN-MATE-120k-120000-Puffs-Disposable-Vape-Double-Flaovr.webp",800,800,false],"2048x2048":["https:\/\/vapestornado.com\/wp-content\/uploads\/2026\/01\/AIVONO-AVN-MATE-120k-120000-Puffs-Disposable-Vape-Double-Flaovr.webp",800,800,false],"trp-custom-language-flag":["https:\/\/vapestornado.com\/wp-content\/uploads\/2026\/01\/AIVONO-AVN-MATE-120k-120000-Puffs-Disposable-Vape-Double-Flaovr-12x12.webp",12,12,true],"woocommerce_thumbnail":["https:\/\/vapestornado.com\/wp-content\/uploads\/2026\/01\/AIVONO-AVN-MATE-120k-120000-Puffs-Disposable-Vape-Double-Flaovr-300x300.webp",300,300,true],"woocommerce_single":["https:\/\/vapestornado.com\/wp-content\/uploads\/2026\/01\/AIVONO-AVN-MATE-120k-120000-Puffs-Disposable-Vape-Double-Flaovr-600x600.webp",600,600,true],"woocommerce_gallery_thumbnail":["https:\/\/vapestornado.com\/wp-content\/uploads\/2026\/01\/AIVONO-AVN-MATE-120k-120000-Puffs-Disposable-Vape-Double-Flaovr-100x100.webp",100,100,true]},"uagb_author_info":{"display_name":"ESAMY","author_link":"https:\/\/vapestornado.com\/sv\/author\/"},"uagb_comment_info":0,"uagb_excerpt":"AIVONO AVN MATE 120k Dual Flavor Disposable Vape with Screen for Italy Wholesale AIVONO AVN MATE 120000 Puffs 2 in 1 Disposable Vape Low Price Bulk Supply AIVONO AVN MATE 120k Adjustable Flavor Disposable E-Cigarette for Vape Wholesale Add Amy's whatsapp to get right reply and discount price! WhatsApp: +86 17776015835","_links":{"self":[{"href":"https:\/\/vapestornado.com\/sv\/wp-json\/wp\/v2\/product\/4842","targetHints":{"allow":["GET"]}}],"collection":[{"href":"https:\/\/vapestornado.com\/sv\/wp-json\/wp\/v2\/product"}],"about":[{"href":"https:\/\/vapestornado.com\/sv\/wp-json\/wp\/v2\/types\/product"}],"replies":[{"embeddable":true,"href":"https:\/\/vapestornado.com\/sv\/wp-json\/wp\/v2\/comments?post=4842"}],"wp:featuredmedia":[{"embeddable":true,"href":"https:\/\/vapestornado.com\/sv\/wp-json\/wp\/v2\/media\/4837"}],"wp:attachment":[{"href":"https:\/\/vapestornado.com\/sv\/wp-json\/wp\/v2\/media?parent=4842"}],"wp:term":[{"taxonomy":"product_brand","embeddable":true,"href":"https:\/\/vapestornado.com\/sv\/wp-json\/wp\/v2\/product_brand?post=4842"},{"taxonomy":"product_cat","embeddable":true,"href":"https:\/\/vapestornado.com\/sv\/wp-json\/wp\/v2\/product_cat?post=4842"},{"taxonomy":"product_tag","embeddable":true,"href":"https:\/\/vapestornado.com\/sv\/wp-json\/wp\/v2\/product_tag?post=4842"}],"curies":[{"name":"wp","href":"https:\/\/api.w.org\/{rel}","templated":true}]}}