{"id":4833,"date":"2026-01-23T08:34:14","date_gmt":"2026-01-23T08:34:14","guid":{"rendered":"https:\/\/vapestornado.com\/?post_type=product&#038;p=4833"},"modified":"2026-01-23T08:50:43","modified_gmt":"2026-01-23T08:50:43","slug":"waspe-crystal-180k-180000-puffs-disposable-vapes-pen-8-in-1-flavor-bulk-buy","status":"publish","type":"product","link":"https:\/\/vapestornado.com\/sv\/product\/waspe-crystal-180k-180000-puffs-disposable-vapes-pen-8-in-1-flavor-bulk-buy\/","title":{"rendered":"WASPE Crystal 180k 180000 Puffs Eng\u00e5ngs Vapes Pen 8 i 1 Smak Bulk K\u00f6p"},"content":{"rendered":"<h1 data-start=\"0\" data-end=\"87\">WASPE Crystal 180K Puff Eng\u00e5ngsvapepenna \u2013 8-i-1 Smak Partihandel<\/h1>\n<p data-start=\"275\" data-end=\"612\">Den <strong data-start=\"279\" data-end=\"326\">WASPE Crystal 180K Puff Eng\u00e5ngsvapepenna<\/strong> \u00e4r byggd f\u00f6r grossister som vill ha maximal hyllp\u00e5verkan och l\u00e5ngsiktig oms\u00e4ttning. Levererar upp till <strong data-start=\"423\" data-end=\"440\">180 000 puffar<\/strong>, denna enhet tillh\u00f6r kategorin ultra-h\u00f6g kapacitet, utformad f\u00f6r tunga anv\u00e4ndare och partihandlare som v\u00e4rdes\u00e4tter h\u00e5llbarhet, konsekvens och tydliga prestandaindikatorer.<\/p>\n<p data-start=\"614\" data-end=\"934\">Drivs av ett <strong data-start=\"627\" data-end=\"657\">quad 1.0\u03a9 mesh-spole system<\/strong>, h\u00e5ller WASPE Crystal 180k en stabil smakutg\u00e5ng genom hela dess livscykel. Den <strong data-start=\"745\" data-end=\"771\">68ml e-v\u00e4tskevolym<\/strong> paired med en <strong data-start=\"786\" data-end=\"824\">650mAh Typ-C uppladdningsbart batteri<\/strong> s\u00e4kerst\u00e4ller j\u00e4mn \u00e5ngproduktion utan tidig avmattning, vilket minskar kundklagom\u00e5l och \u00e5terkommande ers\u00e4ttningar.<\/p>\n<p data-start=\"936\" data-end=\"1299\">Vad som skiljer <strong data-start=\"950\" data-end=\"974\">WASPE Crystal 180000<\/strong> \u00e5t \u00e4r dess <strong data-start=\"988\" data-end=\"1023\">8-i-1 justerbart smakssystem<\/strong>, som g\u00f6r det m\u00f6jligt f\u00f6r anv\u00e4ndare att byta smaker i en enhet. Tillsammans med en <strong data-start=\"1089\" data-end=\"1109\">smarta LED-sk\u00e4rmen<\/strong> som visar batteri- och oljeniv\u00e5er, erbjuder denna vape med sk\u00e4rm transparens, kontroll och en premium anv\u00e4ndarupplevelse \u2013 nyckelfaktorer f\u00f6r \u00e5terkommande f\u00f6rs\u00e4ljning i partihandeln f\u00f6r eng\u00e5ngsvapes.<\/p>\n<p data-start=\"1301\" data-end=\"1593\">Tillg\u00e4nglig i <strong data-start=\"1314\" data-end=\"1349\">0%, 2% och 5% nikotinalternativ<\/strong>, den <strong data-start=\"1355\" data-end=\"1394\">WASPE 180k Puff Eng\u00e5ngs Vape Pen<\/strong> passar flera EU-marknader och kundpreferenser. Dess robusta konstruktion, stora format och moderna kristallstil g\u00f6r den till en stark presterare f\u00f6r grossister som s\u00f6ker volymbest\u00e4llningar och snabb rotation.<\/p>\n<p data-start=\"1595\" data-end=\"1722\"><strong data-start=\"1598\" data-end=\"1722\">Partihandlare och vape-entusiaster: s\u00e4kra ditt lager av WASPE Crystal 180k nu och st\u00e4rka din kategori f\u00f6r h\u00f6gpuff-eng\u00e5ngsvapes med sj\u00e4lvf\u00f6rtroende.<\/strong><\/p>\n<p><strong><span style=\"color: #ff0000;\">L\u00e4gg till Amys whatsapp f\u00f6r snabbt svar och vape-kupong!<\/span><\/strong><\/p>\n<p><img fetchpriority=\"high\" decoding=\"async\" class=\"size-full wp-image-2932\" src=\"https:\/\/vapestornado.com\/wp-content\/uploads\/2024\/12\/Vape-Wholesale.jpg\" alt=\"Vape Partihandel\" width=\"229\" height=\"300\" \/><\/p>\n<h3><a href=\"https:\/\/wa.me\/8617776015835\" target=\"_blank\" rel=\"noopener\"><span style=\"color: #ff0000;\"><strong>WhatsApp: +86 17776015835<\/strong><\/span><\/a><\/h3>\n<p>&nbsp;<\/p>\n<h2><strong>WASPE Crystal 180k Puff Produktfunktioner<\/strong><\/h2>\n<ul>\n<li data-start=\"1774\" data-end=\"1894\">\n<p data-start=\"1776\" data-end=\"1894\"><strong data-start=\"1776\" data-end=\"1801\">180 000 Puff Kapacitet<\/strong> \u2013 Utformad f\u00f6r l\u00e5ngvarig anv\u00e4ndning, minimerar byten och maximerar kundn\u00f6jdhet.<\/p>\n<\/li>\n<li data-start=\"1895\" data-end=\"2012\">\n<p data-start=\"1897\" data-end=\"2012\"><strong data-start=\"1897\" data-end=\"1932\">8-i-1 Justerbart Smakssystem<\/strong> \u2013 Flera smakval i en enhet \u00f6kar engagemang och \u00e5terkommande anv\u00e4ndning.<\/p>\n<\/li>\n<li data-start=\"2013\" data-end=\"2111\">\n<p data-start=\"2015\" data-end=\"2111\"><strong data-start=\"2015\" data-end=\"2043\">Quad Mesh Coil (1.0\u03a9 \u00d74)<\/strong> \u2013 S\u00e4kerst\u00e4ller j\u00e4mn uppv\u00e4rmning, t\u00e4t \u00e5nga och konsekvent smakutg\u00e5ng.<\/p>\n<\/li>\n<li data-start=\"2112\" data-end=\"2212\">\n<p data-start=\"2114\" data-end=\"2212\"><strong data-start=\"2114\" data-end=\"2140\">68ml E-Liquid Kapacitet<\/strong> \u2013 St\u00f6der verklig l\u00e5ngvarig prestanda utan frekventa avbrott.<\/p>\n<\/li>\n<li data-start=\"2213\" data-end=\"2305\">\n<p data-start=\"2215\" data-end=\"2305\"><strong data-start=\"2215\" data-end=\"2235\">Smart LED-sk\u00e4rm<\/strong> \u2013 Visar batteri- och oljeniv\u00e5er tydligt f\u00f6r b\u00e4ttre anv\u00e4ndarkontroll.<\/p>\n<\/li>\n<li data-start=\"2306\" data-end=\"2403\">\n<p data-start=\"2308\" data-end=\"2403\"><strong data-start=\"2308\" data-end=\"2346\">650mAh Typ-C Uppladdningsbart Batteri<\/strong> \u2013 P\u00e5litlig str\u00f6mf\u00f6rs\u00f6rjning med snabb, universell laddning.<\/p>\n<\/li>\n<\/ul>\n<figure id=\"attachment_4827\" aria-describedby=\"caption-attachment-4827\" style=\"width: 300px\" class=\"wp-caption alignnone\"><img decoding=\"async\" class=\"size-medium wp-image-4827\" src=\"https:\/\/vapestornado.com\/wp-content\/uploads\/2026\/01\/WASPE-Crystal-180k-Puff-Disposable-Vape-Pen-300x300.webp\" alt=\"Waspe Crystal 180k Puff Eng\u00e5ngs Vape Pen\" width=\"300\" height=\"300\" srcset=\"https:\/\/vapestornado.com\/wp-content\/uploads\/2026\/01\/WASPE-Crystal-180k-Puff-Disposable-Vape-Pen-300x300.webp 300w, https:\/\/vapestornado.com\/wp-content\/uploads\/2026\/01\/WASPE-Crystal-180k-Puff-Disposable-Vape-Pen-150x150.webp 150w, https:\/\/vapestornado.com\/wp-content\/uploads\/2026\/01\/WASPE-Crystal-180k-Puff-Disposable-Vape-Pen-768x768.webp 768w, https:\/\/vapestornado.com\/wp-content\/uploads\/2026\/01\/WASPE-Crystal-180k-Puff-Disposable-Vape-Pen-12x12.webp 12w, https:\/\/vapestornado.com\/wp-content\/uploads\/2026\/01\/WASPE-Crystal-180k-Puff-Disposable-Vape-Pen-600x600.webp 600w, https:\/\/vapestornado.com\/wp-content\/uploads\/2026\/01\/WASPE-Crystal-180k-Puff-Disposable-Vape-Pen-100x100.webp 100w, https:\/\/vapestornado.com\/wp-content\/uploads\/2026\/01\/WASPE-Crystal-180k-Puff-Disposable-Vape-Pen.webp 800w\" sizes=\"(max-width: 300px) 100vw, 300px\" \/><figcaption id=\"caption-attachment-4827\" class=\"wp-caption-text\">Waspe Crystal 180k Puff Eng\u00e5ngs Vape Pen<\/figcaption><\/figure>\n<figure id=\"attachment_4830\" aria-describedby=\"caption-attachment-4830\" style=\"width: 300px\" class=\"wp-caption alignnone\"><img decoding=\"async\" class=\"size-medium wp-image-4830\" src=\"https:\/\/vapestornado.com\/wp-content\/uploads\/2026\/01\/WASPE-Crystal-180k-Puffs-Bulk-Buy-Price-300x300.webp\" alt=\"WASPE Crystal 180k Puff Partihandelspris\" width=\"300\" height=\"300\" srcset=\"https:\/\/vapestornado.com\/wp-content\/uploads\/2026\/01\/WASPE-Crystal-180k-Puffs-Bulk-Buy-Price-300x300.webp 300w, https:\/\/vapestornado.com\/wp-content\/uploads\/2026\/01\/WASPE-Crystal-180k-Puffs-Bulk-Buy-Price-150x150.webp 150w, https:\/\/vapestornado.com\/wp-content\/uploads\/2026\/01\/WASPE-Crystal-180k-Puffs-Bulk-Buy-Price-768x768.webp 768w, https:\/\/vapestornado.com\/wp-content\/uploads\/2026\/01\/WASPE-Crystal-180k-Puffs-Bulk-Buy-Price-12x12.webp 12w, https:\/\/vapestornado.com\/wp-content\/uploads\/2026\/01\/WASPE-Crystal-180k-Puffs-Bulk-Buy-Price-600x600.webp 600w, https:\/\/vapestornado.com\/wp-content\/uploads\/2026\/01\/WASPE-Crystal-180k-Puffs-Bulk-Buy-Price-100x100.webp 100w, https:\/\/vapestornado.com\/wp-content\/uploads\/2026\/01\/WASPE-Crystal-180k-Puffs-Bulk-Buy-Price.webp 800w\" sizes=\"(max-width: 300px) 100vw, 300px\" \/><figcaption id=\"caption-attachment-4830\" class=\"wp-caption-text\">WASPE Crystal 180k Puff Partihandelspris<\/figcaption><\/figure>\n<figure id=\"attachment_4826\" aria-describedby=\"caption-attachment-4826\" style=\"width: 300px\" class=\"wp-caption alignnone\"><img loading=\"lazy\" decoding=\"async\" class=\"size-medium wp-image-4826\" src=\"https:\/\/vapestornado.com\/wp-content\/uploads\/2026\/01\/Waspe-Crystal-180k-Puff-8-in-1-Flavor-Adjustable-Disposable-Vape-300x300.webp\" alt=\"Waspe Crystal 180k Puff 8-i-1 Smakjusterbar Eng\u00e5ngsvape\" width=\"300\" height=\"300\" srcset=\"https:\/\/vapestornado.com\/wp-content\/uploads\/2026\/01\/Waspe-Crystal-180k-Puff-8-in-1-Flavor-Adjustable-Disposable-Vape-300x300.webp 300w, https:\/\/vapestornado.com\/wp-content\/uploads\/2026\/01\/Waspe-Crystal-180k-Puff-8-in-1-Flavor-Adjustable-Disposable-Vape-150x150.webp 150w, https:\/\/vapestornado.com\/wp-content\/uploads\/2026\/01\/Waspe-Crystal-180k-Puff-8-in-1-Flavor-Adjustable-Disposable-Vape-768x768.webp 768w, https:\/\/vapestornado.com\/wp-content\/uploads\/2026\/01\/Waspe-Crystal-180k-Puff-8-in-1-Flavor-Adjustable-Disposable-Vape-12x12.webp 12w, https:\/\/vapestornado.com\/wp-content\/uploads\/2026\/01\/Waspe-Crystal-180k-Puff-8-in-1-Flavor-Adjustable-Disposable-Vape-600x600.webp 600w, https:\/\/vapestornado.com\/wp-content\/uploads\/2026\/01\/Waspe-Crystal-180k-Puff-8-in-1-Flavor-Adjustable-Disposable-Vape-100x100.webp 100w, https:\/\/vapestornado.com\/wp-content\/uploads\/2026\/01\/Waspe-Crystal-180k-Puff-8-in-1-Flavor-Adjustable-Disposable-Vape.webp 843w\" sizes=\"(max-width: 300px) 100vw, 300px\" \/><figcaption id=\"caption-attachment-4826\" class=\"wp-caption-text\">Waspe Crystal 180k Puff 8-i-1 Smakjusterbar Eng\u00e5ngsvape<\/figcaption><\/figure>\n<div><\/div>\n<h2 class=\"product-title\"><strong>WASPE Crystal 180k Puff Smaklista<\/strong><\/h2>\n<p>1. Watermelon Ice &amp; Lemon Lime &amp; Sour Mango Ice &amp; Kiwi Melon Ice<br \/>\n2. Blueberry Ice &amp; Cherry Cola &amp; Strawberry Vanilla &amp; Lemon Cherry<br \/>\n3. Red Bull Ice &amp; Strawberry Ice &amp; Sour Fcuking Fab &amp; Cola Ice<br \/>\n4. Druva Ice &amp; Jordgubb Kiwi &amp; Vattenmelon Ice &amp; Blue Rancher<br \/>\n5. Melon Passion Fruit &amp; Sour Mango Pineapple &amp; Banan Toffee Candy &amp; Jordgubbsb\u00e4r<br \/>\n6. Jordgubbs vattenmelon &amp; Cool Mint &amp; Blue Razz Ice &amp; Svartvinb\u00e4r Ice<br \/>\n7. Svartvinb\u00e4r Ice &amp; Dubbelt \u00c4pple &amp; Black Dragon Ice &amp; Jordgubb Kiwi<br \/>\n8. Jordgubbs Red Bull &amp; K\u00f6rsb\u00e4r Cola &amp; K\u00f6rsb\u00e4r Citron &amp; Tropisk Frukt<br \/>\n9. Blandade B\u00e4r &amp; Citron Lime &amp; Bl\u00e5b\u00e4r Raspberries &amp; Gr\u00f6n \u00c4pple<br \/>\n10. Jordgubb Raspberries K\u00f6rsb\u00e4r &amp; Jordgubbs vattenmelon &amp; Kiwi vattenmelon &amp; Citron Lime<br \/>\n11. Jordgubb Banan &amp; Mango Persika &amp; Tretton B\u00e4r &amp; Jordgubb Ananas<br \/>\n12. Blue Razz Lemonad &amp; K\u00f6rsb\u00e4r Citron &amp; Bl\u00e5b\u00e4r Ice &amp; Vattenmelon Persika<\/p>\n<div class=\"flex-shrink-0 flex flex-col relative items-end\">\n<div class=\"pt-0\">\n<div class=\"gizmo-bot-avatar flex h-8 w-8 items-center justify-center overflow-hidden rounded-full\">\n<div class=\"relative p-1 rounded-sm flex items-center justify-center bg-token-main-surface-primary text-token-text-primary h-8 w-8\">\n<h2 data-start=\"1200\" data-end=\"1487\">Vapes Tornado \u2013 Din grossist online vaporbutik f\u00f6r popul\u00e4ra vapes<\/h2>\n<p data-start=\"72\" data-end=\"396\"><strong data-start=\"72\" data-end=\"89\">Vapes Tornado<\/strong> \u00e4r en Europa-fokuserad grossist online vaporbutik som levererar ett noga utvalt sortiment av <strong data-start=\"178\" data-end=\"195\">popul\u00e4ra vapes<\/strong> f\u00f6r professionella k\u00f6pare. Vi arbetar med \u00e5terf\u00f6rs\u00e4ljare, distribut\u00f6rer och onlinebutiker \u00f6ver hela EU som beh\u00f6ver stabil leverans, tydlig produktinformation och varum\u00e4rken som kunder redan k\u00e4nner igen och litar p\u00e5.<\/p>\n<p data-start=\"398\" data-end=\"687\">Vi arbetar med p\u00e5litliga namn som <strong data-start=\"247\" data-end=\"352\"><a href=\"https:\/\/vapestornado.com\/sv\/product\/randm-12000-puffs-fumot-digital-disposable-vape-wholesale-price\/\">Fumot VAPE<\/a>, <a href=\"https:\/\/vapestornado.com\/sv\/product\/original-wga-ultra-35k-35000-puff-rechargeable-crystal-disposable-nicotine-vape-best-discount-price\/\">WGA VAPE<\/a>, <a href=\"https:\/\/vapestornado.com\/sv\/product\/vozol-gear-shisha-25k-25000-puffs-best-dtl-disposable-vape-hookah-cheap-price\/\">VOZOL BAR VAPE<\/a>, <\/strong><strong data-start=\"247\" data-end=\"352\">Elf Bar Vape, WASPE Vape, <a href=\"https:\/\/vapestornado.com\/sv\/product\/uzy-150k-puffs-6-in-1-flavor-switch-disposable-vape-pen-wholesale\/\">UZY Vape<\/a>, Bang Vape, Razz Bar Vape, och Stag Bar Vape<\/strong>, valda f\u00f6r konsekvent kvalitet och stark efterfr\u00e5gan p\u00e5 den europeiska marknaden.<\/p>\n<h4 data-start=\"1080\" data-end=\"1120\">Byggd f\u00f6r europeiska Vapers Grossist<\/h4>\n<p data-start=\"1121\" data-end=\"1189\">Vapes Tornado \u00e4r strukturerad kring de verkliga behoven hos EU-grossister:<\/p>\n<ul data-start=\"1190\" data-end=\"1400\">\n<li data-start=\"1190\" data-end=\"1239\">\n<p data-start=\"1192\" data-end=\"1239\">Konkurrenskraftiga grossistpriser f\u00f6r bulkbest\u00e4llningar<\/p>\n<\/li>\n<li data-start=\"1240\" data-end=\"1289\">\n<p data-start=\"1242\" data-end=\"1289\">Tydliga produktbeskrivningar och specifikationer<\/p>\n<\/li>\n<li data-start=\"1290\" data-end=\"1330\">\n<p data-start=\"1292\" data-end=\"1330\">Snabb, p\u00e5litlig EU-inriktad logistik<\/p>\n<\/li>\n<li data-start=\"1331\" data-end=\"1400\">\n<p data-start=\"1333\" data-end=\"1400\">En katalog fokuserad p\u00e5 <strong data-start=\"1356\" data-end=\"1373\">popul\u00e4ra vapes<\/strong>, inte \u00f6verm\u00e4ttade SKU:er<\/p>\n<\/li>\n<\/ul>\n<h2 data-start=\"2064\" data-end=\"2115\">FAQ om WASPE Crystal 180k Puffs Eng\u00e5ngsvape<\/h2>\n<p data-start=\"3376\" data-end=\"3516\"><strong data-start=\"3376\" data-end=\"3425\">1. Hur l\u00e4nge varar WASPE Crystal 180k?<\/strong><br data-start=\"3425\" data-end=\"3428\" \/>Anv\u00e4ndning beror p\u00e5 vanor, men den \u00e4r konstruerad f\u00f6r l\u00e5ngvarig anv\u00e4ndning med upp till 180 000 puffar.<\/p>\n<p data-start=\"3518\" data-end=\"3650\"><strong data-start=\"3518\" data-end=\"3557\">2. Kan anv\u00e4ndare enkelt byta smak?<\/strong><br data-start=\"3557\" data-end=\"3560\" \/>Ja, det 8-i-1 justerbara smakssystemet m\u00f6jligg\u00f6r enkel smakbyte inom en enhet.<\/p>\n<p data-start=\"3652\" data-end=\"3763\"><strong data-start=\"3652\" data-end=\"3700\">3. \u00c4r WASPE Crystal 180000 uppladdningsbar?<\/strong><br data-start=\"3700\" data-end=\"3703\" \/>Ja, den har ett 650mAh batteri med Type-C snabbladdning.<\/p>\n<p data-start=\"3765\" data-end=\"3898\"><strong data-start=\"3765\" data-end=\"3821\">4. Visar enheten batteri- och e-v\u00e4tskeniv\u00e5?<\/strong><br data-start=\"3821\" data-end=\"3824\" \/>Ja, den inbyggda LED-sk\u00e4rmen visar tydligt b\u00e5de oljeniv\u00e5 och batteriniv\u00e5.<\/p>\n<p data-start=\"3900\" data-end=\"4056\"><strong data-start=\"3900\" data-end=\"3954\">5. \u00c4r detta l\u00e4mpligt f\u00f6r grossist- och partibest\u00e4llningar?<\/strong><br data-start=\"3954\" data-end=\"3957\" \/>Absolut, det \u00e4r speciellt utformat f\u00f6r eng\u00e5ngsvapes i bulk och h\u00f6gvolymdistribution.<\/p>\n<\/div>\n<\/div>\n<\/div>\n<\/div>","protected":false},"excerpt":{"rendered":"<div class=\"flex max-w-full flex-col grow\">\n<div class=\"min-h-8 text-message relative flex w-full flex-col items-end gap-2 text-start break-words whitespace-normal [.text-message+&amp;]:mt-1\" dir=\"auto\" data-message-author-role=\"assistant\" data-message-id=\"2a9d6edf-5b3a-41c0-afc9-caef2e4c2c3b\" data-message-model-slug=\"gpt-5-2\">\n<div class=\"flex w-full flex-col gap-1 empty:hidden first:pt-[1px]\">\n<div class=\"markdown prose dark:prose-invert w-full break-words light markdown-new-styling\">\n<ul>\n<li data-start=\"4315\" data-end=\"4401\">\n<p data-start=\"4318\" data-end=\"4401\"><strong data-start=\"4318\" data-end=\"4399\">WASPE Crystal 180K Puff Eng\u00e5ngs Vape \u2013 8-i-1 Smakkraft f\u00f6r Partihandlare<\/strong><\/p>\n<\/li>\n<li data-start=\"4402\" data-end=\"4487\">\n<p data-start=\"4405\" data-end=\"4487\"><strong data-start=\"4405\" data-end=\"4485\">WASPE Crystal 180000 Puffs Vape med Sk\u00e4rm | H\u00f6gkapacitets Grossistval<\/strong><\/p>\n<\/li>\n<li data-start=\"4488\" data-end=\"4567\">\n<p data-start=\"4491\" data-end=\"4567\"><strong data-start=\"4491\" data-end=\"4567\">WASPE 180k Puff Eng\u00e5ngsvapepenna \u2013 Byggd f\u00f6r volym, Utformad f\u00f6r att s\u00e4lja<\/strong><\/p>\n<\/li>\n<\/ul>\n<\/div>\n<\/div>\n<\/div>\n<\/div>\n<p><strong>L\u00e4gg till Amys whatsapp f\u00f6r att f\u00e5 r\u00e4tt svar och rabatterat pris!<\/strong><\/p>\n<p><img fetchpriority=\"high\" decoding=\"async\" class=\"size-full wp-image-2932\" src=\"https:\/\/vapestornado.com\/wp-content\/uploads\/2024\/12\/Vape-Wholesale.jpg\" alt=\"Vape Partihandel\" width=\"229\" height=\"300\" \/><\/p>\n<h3><a href=\"https:\/\/wa.me\/8617776015835\"><span style=\"color: #ff0000;\"><strong>WhatsApp: +86 17776015835<\/strong><\/span><\/a><\/h3>","protected":false},"featured_media":4832,"comment_status":"open","ping_status":"closed","template":"","meta":{"_acf_changed":false,"_uag_custom_page_level_css":"","_lmt_disableupdate":"no","_lmt_disable":"","_monsterinsights_skip_tracking":false,"_monsterinsights_sitenote_active":false,"_monsterinsights_sitenote_note":"","_monsterinsights_sitenote_category":0,"site-sidebar-layout":"default","site-content-layout":"","ast-site-content-layout":"default","site-content-style":"default","site-sidebar-style":"default","ast-global-header-display":"","ast-banner-title-visibility":"","ast-main-header-display":"","ast-hfb-above-header-display":"","ast-hfb-below-header-display":"","ast-hfb-mobile-header-display":"","site-post-title":"","ast-breadcrumbs-content":"","ast-featured-img":"","footer-sml-layout":"","ast-disable-related-posts":"","theme-transparent-header-meta":"default","adv-header-id-meta":"","stick-header-meta":"","header-above-stick-meta":"","header-main-stick-meta":"","header-below-stick-meta":"","astra-migrate-meta-layouts":"set","ast-page-background-enabled":"default","ast-page-background-meta":{"desktop":{"background-color":"","background-image":"","background-repeat":"repeat","background-position":"center center","background-size":"auto","background-attachment":"scroll","background-type":"","background-media":"","overlay-type":"","overlay-color":"","overlay-opacity":"","overlay-gradient":""},"tablet":{"background-color":"","background-image":"","background-repeat":"repeat","background-position":"center center","background-size":"auto","background-attachment":"scroll","background-type":"","background-media":"","overlay-type":"","overlay-color":"","overlay-opacity":"","overlay-gradient":""},"mobile":{"background-color":"","background-image":"","background-repeat":"repeat","background-position":"center center","background-size":"auto","background-attachment":"scroll","background-type":"","background-media":"","overlay-type":"","overlay-color":"","overlay-opacity":"","overlay-gradient":""}},"ast-content-background-meta":{"desktop":{"background-color":"var(--ast-global-color-5)","background-image":"","background-repeat":"repeat","background-position":"center center","background-size":"auto","background-attachment":"scroll","background-type":"","background-media":"","overlay-type":"","overlay-color":"","overlay-opacity":"","overlay-gradient":""},"tablet":{"background-color":"var(--ast-global-color-5)","background-image":"","background-repeat":"repeat","background-position":"center center","background-size":"auto","background-attachment":"scroll","background-type":"","background-media":"","overlay-type":"","overlay-color":"","overlay-opacity":"","overlay-gradient":""},"mobile":{"background-color":"var(--ast-global-color-5)","background-image":"","background-repeat":"repeat","background-position":"center center","background-size":"auto","background-attachment":"scroll","background-type":"","background-media":"","overlay-type":"","overlay-color":"","overlay-opacity":"","overlay-gradient":""}},"_joinchat":[]},"product_brand":[],"product_cat":[150,152,153,158,141,142,492,144,146,60],"product_tag":[561,560,269,559,558,557],"class_list":{"0":"post-4833","1":"product","2":"type-product","3":"status-publish","4":"has-post-thumbnail","6":"product_cat-buy-disposable-vapes-in-belgium","7":"product_cat-buy-disposable-vapes-in-cermany","8":"product_cat-buy-disposable-vapes-in-italy","9":"product_cat-buy-disposable-vapes-in-spain","10":"product_cat-crystal-disposable-vapes","11":"product_cat-digital-box-disposable-vapes","12":"product_cat-eu-warehouse","13":"product_cat-low-nicotine-disposable-vapes","14":"product_cat-rechargeable-disposable-vapes","15":"product_cat-waspe-fihp-vape","16":"product_tag-disposable-vapes-bulk-buy","17":"product_tag-disposable-vapes-pen","18":"product_tag-vape-with-screen","19":"product_tag-waspe-180k-puff","20":"product_tag-waspe-crystal-180000","21":"product_tag-waspe-crystal-180k","22":"desktop-align-left","23":"tablet-align-left","24":"mobile-align-left","26":"first","27":"instock","28":"sale","29":"shipping-taxable","30":"purchasable","31":"product-type-simple"},"acf":[],"uagb_featured_image_src":{"full":["https:\/\/vapestornado.com\/wp-content\/uploads\/2026\/01\/WASPE-Crystal-180000-Puffs-Multi-Flavor-Disposable-Vapes.webp",800,800,false],"thumbnail":["https:\/\/vapestornado.com\/wp-content\/uploads\/2026\/01\/WASPE-Crystal-180000-Puffs-Multi-Flavor-Disposable-Vapes-150x150.webp",150,150,true],"medium":["https:\/\/vapestornado.com\/wp-content\/uploads\/2026\/01\/WASPE-Crystal-180000-Puffs-Multi-Flavor-Disposable-Vapes-300x300.webp",300,300,true],"medium_large":["https:\/\/vapestornado.com\/wp-content\/uploads\/2026\/01\/WASPE-Crystal-180000-Puffs-Multi-Flavor-Disposable-Vapes-768x768.webp",768,768,true],"large":["https:\/\/vapestornado.com\/wp-content\/uploads\/2026\/01\/WASPE-Crystal-180000-Puffs-Multi-Flavor-Disposable-Vapes.webp",800,800,false],"1536x1536":["https:\/\/vapestornado.com\/wp-content\/uploads\/2026\/01\/WASPE-Crystal-180000-Puffs-Multi-Flavor-Disposable-Vapes.webp",800,800,false],"2048x2048":["https:\/\/vapestornado.com\/wp-content\/uploads\/2026\/01\/WASPE-Crystal-180000-Puffs-Multi-Flavor-Disposable-Vapes.webp",800,800,false],"trp-custom-language-flag":["https:\/\/vapestornado.com\/wp-content\/uploads\/2026\/01\/WASPE-Crystal-180000-Puffs-Multi-Flavor-Disposable-Vapes-12x12.webp",12,12,true],"woocommerce_thumbnail":["https:\/\/vapestornado.com\/wp-content\/uploads\/2026\/01\/WASPE-Crystal-180000-Puffs-Multi-Flavor-Disposable-Vapes-300x300.webp",300,300,true],"woocommerce_single":["https:\/\/vapestornado.com\/wp-content\/uploads\/2026\/01\/WASPE-Crystal-180000-Puffs-Multi-Flavor-Disposable-Vapes-600x600.webp",600,600,true],"woocommerce_gallery_thumbnail":["https:\/\/vapestornado.com\/wp-content\/uploads\/2026\/01\/WASPE-Crystal-180000-Puffs-Multi-Flavor-Disposable-Vapes-100x100.webp",100,100,true]},"uagb_author_info":{"display_name":"ESAMY","author_link":"https:\/\/vapestornado.com\/sv\/author\/"},"uagb_comment_info":0,"uagb_excerpt":"WASPE Crystal 180K Puff Disposable Vape \u2013 8-in-1 Flavor Power for Bulk Buyers WASPE Crystal 180000 Puffs Vape with Screen | High-Capacity Wholesale Choice WASPE 180k Puff Disposable Vape Pen \u2013 Built for Volume, Designed to Sell Add Amy's whatsapp to get right reply and discount price! WhatsApp: +86 17776015835","_links":{"self":[{"href":"https:\/\/vapestornado.com\/sv\/wp-json\/wp\/v2\/product\/4833","targetHints":{"allow":["GET"]}}],"collection":[{"href":"https:\/\/vapestornado.com\/sv\/wp-json\/wp\/v2\/product"}],"about":[{"href":"https:\/\/vapestornado.com\/sv\/wp-json\/wp\/v2\/types\/product"}],"replies":[{"embeddable":true,"href":"https:\/\/vapestornado.com\/sv\/wp-json\/wp\/v2\/comments?post=4833"}],"wp:featuredmedia":[{"embeddable":true,"href":"https:\/\/vapestornado.com\/sv\/wp-json\/wp\/v2\/media\/4832"}],"wp:attachment":[{"href":"https:\/\/vapestornado.com\/sv\/wp-json\/wp\/v2\/media?parent=4833"}],"wp:term":[{"taxonomy":"product_brand","embeddable":true,"href":"https:\/\/vapestornado.com\/sv\/wp-json\/wp\/v2\/product_brand?post=4833"},{"taxonomy":"product_cat","embeddable":true,"href":"https:\/\/vapestornado.com\/sv\/wp-json\/wp\/v2\/product_cat?post=4833"},{"taxonomy":"product_tag","embeddable":true,"href":"https:\/\/vapestornado.com\/sv\/wp-json\/wp\/v2\/product_tag?post=4833"}],"curies":[{"name":"wp","href":"https:\/\/api.w.org\/{rel}","templated":true}]}}