{"id":4803,"date":"2026-01-14T07:52:29","date_gmt":"2026-01-14T07:52:29","guid":{"rendered":"https:\/\/vapestornado.com\/?post_type=product&#038;p=4803"},"modified":"2026-01-14T07:59:53","modified_gmt":"2026-01-14T07:59:53","slug":"runchunfu-200k-puffs-3-flavor-disposable-vape-wholesale-2-nic","status":"publish","type":"product","link":"https:\/\/vapestornado.com\/sv\/product\/runchunfu-200k-puffs-3-flavor-disposable-vape-wholesale-2-nic\/","title":{"rendered":"RUNCHUNFU 200k Puffs 3 Smaker Eng\u00e5ngsvape Grossist 2% Nic"},"content":{"rendered":"<h1 data-start=\"0\" data-end=\"87\">RUNCHUNFU 200k Puffs 3 Smaker Eng\u00e5ngsvape Grossist 2% Nic<\/h1>\n<p data-start=\"102\" data-end=\"545\">Den <strong data-start=\"106\" data-end=\"130\">RUNCHUNFU 200k Puffs<\/strong> \u00e4r byggd f\u00f6r grossister som beh\u00f6ver en <strong data-start=\"167\" data-end=\"184\">stor puff vape<\/strong> med stark hyllningsattraktivitet och l\u00e5ngsiktig tillf\u00f6rlitlighet. Utformad som en <strong data-start=\"251\" data-end=\"279\">3 Smaker Eng\u00e5ngsvape<\/strong>, den till\u00e5ter anv\u00e4ndare att v\u00e4xla mellan tre smaker i en enhet, vilket ger mer variation samtidigt som det minskar lagertrycket f\u00f6r \u00e5terf\u00f6rs\u00e4ljare. Denna <strong data-start=\"418\" data-end=\"444\">smakjusterbara vape<\/strong> format \u00e4r bevisat att \u00f6ka \u00e5terk\u00f6p och kundn\u00f6jdhet p\u00e5 den svenska eng\u00e5ngsmarknaden.<\/p>\n<p data-start=\"547\" data-end=\"889\">Med en massiv <strong data-start=\"562\" data-end=\"585\">200 000 puffbetyg<\/strong>, en <strong data-start=\"589\" data-end=\"615\">58 ml e-v\u00e4tskevolym<\/strong>, och ett <strong data-start=\"623\" data-end=\"646\">0,8\u03a9 dubbel mesh-spole<\/strong>, den <strong data-start=\"652\" data-end=\"676\">RUNCHUNFU 200k Puffs<\/strong> levererar mjuk \u00e5nga och stabil smak fr\u00e5n f\u00f6rsta draget till det sista. Drivs av en <strong data-start=\"763\" data-end=\"817\">650mAh Type-C uppladdningsbar eng\u00e5ngsbatteri f\u00f6r vape<\/strong>, den bibeh\u00e5ller j\u00e4mn prestanda samtidigt som laddningen \u00e4r enkel och snabb.<\/p>\n<p data-start=\"891\" data-end=\"1195\">En tydlig <strong data-start=\"899\" data-end=\"913\">LED-sk\u00e4rmen<\/strong> visar b\u00e5de <strong data-start=\"925\" data-end=\"962\">batteriniv\u00e5 och e-v\u00e4tskestatus<\/strong>, vilket minskar retur av enheter och f\u00f6rb\u00e4ttrar anv\u00e4ndarf\u00f6rtroendet. Finns i <strong data-start=\"1032\" data-end=\"1042\">2% nic<\/strong> och andra styrkor, passar denna enhet b\u00e5de f\u00f6r l\u00e4tt- och vanliga anv\u00e4ndare, vilket g\u00f6r den idealisk f\u00f6r <strong data-start=\"1131\" data-end=\"1149\">Vape Partihandel<\/strong> k\u00f6pare som riktar sig till olika kundsegment.<\/p>\n<p data-start=\"1197\" data-end=\"1397\">Om du letar efter en <strong data-start=\"1222\" data-end=\"1245\">vape rabattpris<\/strong> produkt som fortfarande erbjuder premiumprestanda och ultrah\u00f6g puffkapacitet, \u00e4r <strong data-start=\"1326\" data-end=\"1350\">RUNCHUNFU 200k Puffs<\/strong> ett smart val f\u00f6r vilken EU-grosslinje som helst.<\/p>\n<p><strong><span style=\"color: #ff0000;\">L\u00e4gg till Amys whatsapp f\u00f6r snabbt svar och vape-kupong!<\/span><\/strong><\/p>\n<p><img fetchpriority=\"high\" decoding=\"async\" class=\"size-full wp-image-2932\" src=\"https:\/\/vapestornado.com\/wp-content\/uploads\/2024\/12\/Vape-Wholesale.jpg\" alt=\"Vape Partihandel\" width=\"229\" height=\"300\" \/><\/p>\n<h3><a href=\"https:\/\/wa.me\/8617776015835\" target=\"_blank\" rel=\"noopener\"><span style=\"color: #ff0000;\"><strong>WhatsApp: +86 17776015835<\/strong><\/span><\/a><\/h3>\n<p>&nbsp;<\/p>\n<h2><strong>RUNCHUNFU 200k Puffs Produktfunktioner<\/strong><\/h2>\n<ul>\n<li data-start=\"1453\" data-end=\"1538\">\n<p data-start=\"1455\" data-end=\"1538\"><strong data-start=\"1455\" data-end=\"1472\">200 000 Puffar<\/strong> \u2013 Utformad f\u00f6r extremt l\u00e5ng anv\u00e4ndning med f\u00e4rre enhetsbyten.<\/p>\n<\/li>\n<li data-start=\"1539\" data-end=\"1631\">\n<p data-start=\"1541\" data-end=\"1631\"><strong data-start=\"1541\" data-end=\"1558\">58ml E-Liquid<\/strong> \u2013 Stor oljekapacitet som st\u00f6djer konsekvent smak under l\u00e4ngre perioder.<\/p>\n<\/li>\n<li data-start=\"1632\" data-end=\"1715\">\n<p data-start=\"1634\" data-end=\"1715\"><strong data-start=\"1634\" data-end=\"1657\">0,8\u03a9 Dubbel Mesh Spiral<\/strong> \u2013 Ger mjuk \u00e5nga och stabil smak vid varje drag.<\/p>\n<\/li>\n<li data-start=\"1716\" data-end=\"1804\">\n<p data-start=\"1718\" data-end=\"1804\"><strong data-start=\"1718\" data-end=\"1740\">3 Smakbyten<\/strong> \u2013 M\u00f6jligg\u00f6r f\u00f6r anv\u00e4ndare att v\u00e4xla mellan tre smaker i en enhet.<\/p>\n<\/li>\n<li data-start=\"1805\" data-end=\"1891\">\n<p data-start=\"1807\" data-end=\"1891\"><strong data-start=\"1807\" data-end=\"1825\">650mAh Batteri<\/strong> \u2013 Ger p\u00e5litlig kraft under hela enhetens livscykel.<\/p>\n<\/li>\n<li data-start=\"1892\" data-end=\"1972\">\n<p data-start=\"1894\" data-end=\"1972\"><strong data-start=\"1894\" data-end=\"1913\">Type-C Laddning<\/strong> \u2013 M\u00f6jligg\u00f6r snabb, modern uppladdning f\u00f6r daglig bekv\u00e4mlighet.<\/p>\n<\/li>\n<li data-start=\"1973\" data-end=\"2037\">\n<p data-start=\"1975\" data-end=\"2037\"><strong data-start=\"1975\" data-end=\"1990\">LED-display<\/strong> \u2013 Visar tydligt batteri- och e-liquidniv\u00e5er.<\/p>\n<\/li>\n<li data-start=\"2038\" data-end=\"2125\">\n<p data-start=\"2040\" data-end=\"2125\"><strong data-start=\"2040\" data-end=\"2068\">Justering av Smakssystem<\/strong> \u2013 F\u00f6rb\u00e4ttrar anv\u00e4ndarkontroll och \u00e5terk\u00f6pspotential.<\/p>\n<\/li>\n<\/ul>\n<div class=\"mceTemp\"><\/div>\n<div>\n<div class=\"mceTemp\"><\/div>\n<figure id=\"attachment_4798\" aria-describedby=\"caption-attachment-4798\" style=\"width: 300px\" class=\"wp-caption alignnone\"><img decoding=\"async\" class=\"size-medium wp-image-4798\" src=\"https:\/\/vapestornado.com\/wp-content\/uploads\/2026\/01\/Runchunfu-200K-Puffs-3-in-1-Vape-Disposable-300x300.webp\" alt=\"Runchunfu 200K Puffs 3 i 1 Vape Eng\u00e5ngs\" width=\"300\" height=\"300\" srcset=\"https:\/\/vapestornado.com\/wp-content\/uploads\/2026\/01\/Runchunfu-200K-Puffs-3-in-1-Vape-Disposable-300x300.webp 300w, https:\/\/vapestornado.com\/wp-content\/uploads\/2026\/01\/Runchunfu-200K-Puffs-3-in-1-Vape-Disposable-150x150.webp 150w, https:\/\/vapestornado.com\/wp-content\/uploads\/2026\/01\/Runchunfu-200K-Puffs-3-in-1-Vape-Disposable-768x768.webp 768w, https:\/\/vapestornado.com\/wp-content\/uploads\/2026\/01\/Runchunfu-200K-Puffs-3-in-1-Vape-Disposable-12x12.webp 12w, https:\/\/vapestornado.com\/wp-content\/uploads\/2026\/01\/Runchunfu-200K-Puffs-3-in-1-Vape-Disposable-600x600.webp 600w, https:\/\/vapestornado.com\/wp-content\/uploads\/2026\/01\/Runchunfu-200K-Puffs-3-in-1-Vape-Disposable-100x100.webp 100w, https:\/\/vapestornado.com\/wp-content\/uploads\/2026\/01\/Runchunfu-200K-Puffs-3-in-1-Vape-Disposable.webp 800w\" sizes=\"(max-width: 300px) 100vw, 300px\" \/><figcaption id=\"caption-attachment-4798\" class=\"wp-caption-text\">Runchunfu 200K Puffs 3 i 1 Vape Eng\u00e5ngs<\/figcaption><\/figure>\n<\/div>\n<h2 class=\"product-title\"><strong>RUNCHUNFU 200k Puff Smaklista<\/strong><\/h2>\n<p data-start=\"3215\" data-end=\"3339\">1. Vattenmelon Is<br \/>\n2. Jordgubb vattenmelon &amp; Jordgubb hallongodis &amp; Bl\u00e5 Razz<br \/>\n3. Bl\u00e5b\u00e4r Is<br \/>\n4. Jordgubb Hallon K\u00f6rsb\u00e4r<br \/>\n5. Persika Is<br \/>\n6. Red Bull Is<br \/>\n7. Blandade b\u00e4r &amp; Mint &amp; Regnb\u00e5gsgodis<br \/>\n8. Druva Is &amp; Jordgubb &amp; Ananas Is<br \/>\n9. Jordgubb banan &amp; Ananas kokosn\u00f6t Is &amp; Mango Is<br \/>\n10. K\u00f6rsb\u00e4r Cola Is &amp; Jordgubb Cola &amp; Cola<\/p>\n<p>&nbsp;<\/p>\n<div class=\"flex-shrink-0 flex flex-col relative items-end\">\n<div class=\"pt-0\">\n<div class=\"gizmo-bot-avatar flex h-8 w-8 items-center justify-center overflow-hidden rounded-full\">\n<div class=\"relative p-1 rounded-sm flex items-center justify-center bg-token-main-surface-primary text-token-text-primary h-8 w-8\">\n<h2 data-start=\"1200\" data-end=\"1487\">Vapes Tornado \u2013 Din grossist online vaporbutik f\u00f6r popul\u00e4ra vapes<\/h2>\n<p data-start=\"72\" data-end=\"396\"><strong data-start=\"72\" data-end=\"89\">Vapes Tornado<\/strong> \u00e4r en Europa-fokuserad grossist online vaporbutik som levererar ett noga utvalt sortiment av <strong data-start=\"178\" data-end=\"195\">popul\u00e4ra vapes<\/strong> f\u00f6r professionella k\u00f6pare. Vi arbetar med \u00e5terf\u00f6rs\u00e4ljare, distribut\u00f6rer och onlinebutiker \u00f6ver hela EU som beh\u00f6ver stabil leverans, tydlig produktinformation och varum\u00e4rken som kunder redan k\u00e4nner igen och litar p\u00e5.<\/p>\n<p data-start=\"398\" data-end=\"687\">Vi arbetar med p\u00e5litliga namn som <strong data-start=\"247\" data-end=\"352\">Elf Bar Vape, WASPE Vape, <a href=\"https:\/\/vapestornado.com\/sv\/product\/uzy-150k-puffs-6-in-1-flavor-switch-disposable-vape-pen-wholesale\/\">UZY Vape<\/a>, Bang Vape, Razz Bar Vape, <a href=\"https:\/\/vapestornado.com\/sv\/product\/randm-12000-puffs-fumot-digital-disposable-vape-wholesale-price\/\">Fumot VAPE<\/a>, <a href=\"https:\/\/vapestornado.com\/sv\/product\/original-wga-ultra-35k-35000-puff-rechargeable-crystal-disposable-nicotine-vape-best-discount-price\/\">WGA VAPE<\/a>, <a href=\"https:\/\/vapestornado.com\/sv\/product\/vozol-gear-shisha-25k-25000-puffs-best-dtl-disposable-vape-hookah-cheap-price\/\">VOZOL BAR VAPE<\/a>, och Stag Bar Vape<\/strong>, valda f\u00f6r konsekvent kvalitet och stark efterfr\u00e5gan p\u00e5 den europeiska marknaden.<\/p>\n<h4 data-start=\"1080\" data-end=\"1120\">Byggd f\u00f6r europeiska grossistk\u00f6pare<\/h4>\n<p data-start=\"1121\" data-end=\"1189\">Vapes Tornado \u00e4r strukturerad kring de verkliga behoven hos EU-grossister:<\/p>\n<ul data-start=\"1190\" data-end=\"1400\">\n<li data-start=\"1190\" data-end=\"1239\">\n<p data-start=\"1192\" data-end=\"1239\">Konkurrenskraftiga grossistpriser f\u00f6r bulkbest\u00e4llningar<\/p>\n<\/li>\n<li data-start=\"1240\" data-end=\"1289\">\n<p data-start=\"1242\" data-end=\"1289\">Tydliga produktbeskrivningar och specifikationer<\/p>\n<\/li>\n<li data-start=\"1290\" data-end=\"1330\">\n<p data-start=\"1292\" data-end=\"1330\">Snabb, p\u00e5litlig EU-inriktad logistik<\/p>\n<\/li>\n<li data-start=\"1331\" data-end=\"1400\">\n<p data-start=\"1333\" data-end=\"1400\">En katalog fokuserad p\u00e5 <strong data-start=\"1356\" data-end=\"1373\">popul\u00e4ra vapes<\/strong>, inte \u00f6verm\u00e4ttade SKU:er<\/p>\n<\/li>\n<\/ul>\n<h2 data-start=\"2064\" data-end=\"2115\">Vanliga fr\u00e5gor om RUNCHUNFU 200k Puffs Eng\u00e5ngsvape<\/h2>\n<p data-start=\"2710\" data-end=\"2843\"><strong data-start=\"2710\" data-end=\"2761\">1. Hur l\u00e4nge varar RUNCHUNFU 200k Puffs?<\/strong><br data-start=\"2761\" data-end=\"2764\" \/>Med upp till 200 000 puffar kan den vara i flera veckor eller l\u00e4ngre beroende p\u00e5 anv\u00e4ndarvanor.<\/p>\n<p data-start=\"2845\" data-end=\"2953\"><strong data-start=\"2845\" data-end=\"2888\">2. Kan anv\u00e4ndare byta smak under anv\u00e4ndning?<\/strong><br data-start=\"2888\" data-end=\"2891\" \/>Ja, enheten st\u00f6der tre v\u00e4xlbara smaker i en enhet.<\/p>\n<p data-start=\"2955\" data-end=\"3043\"><strong data-start=\"2955\" data-end=\"2990\">3. \u00c4r batteriet uppladdningsbart?<\/strong><br data-start=\"2990\" data-end=\"2993\" \/>Ja, den har ett 650mAh batteri med Type-C-laddning.<\/p>\n<p data-start=\"3045\" data-end=\"3143\"><strong data-start=\"3045\" data-end=\"3090\">4. Vilka nikotinstyrkor finns tillg\u00e4ngliga?<\/strong><br data-start=\"3090\" data-end=\"3093\" \/>Den finns i nic-alternativen 0%, 2%, 3% och 5%.<\/p>\n<p data-start=\"3145\" data-end=\"3283\"><strong data-start=\"3145\" data-end=\"3191\">5. \u00c4r detta l\u00e4mpligt f\u00f6r EU-vape grossist?<\/strong><br data-start=\"3191\" data-end=\"3194\" \/>Ja, det \u00e4r utformat f\u00f6r <strong data-start=\"3218\" data-end=\"3236\">Vape Partihandel<\/strong> med h\u00f6g puffr\u00e4knare och stark detaljhandelsappell.<\/p>\n<\/div>\n<\/div>\n<\/div>\n<\/div>","protected":false},"excerpt":{"rendered":"<div class=\"flex max-w-full flex-col grow\">\n<div class=\"min-h-8 text-message relative flex w-full flex-col items-end gap-2 text-start break-words whitespace-normal [.text-message+&amp;]:mt-1\" dir=\"auto\" data-message-author-role=\"assistant\" data-message-id=\"2a9d6edf-5b3a-41c0-afc9-caef2e4c2c3b\" data-message-model-slug=\"gpt-5-2\">\n<div class=\"flex w-full flex-col gap-1 empty:hidden first:pt-[1px]\">\n<div class=\"markdown prose dark:prose-invert w-full break-words light markdown-new-styling\">\n<p data-start=\"3689\" data-end=\"3768\"><strong data-start=\"3689\" data-end=\"3766\">RUNCHUNFU 200k Puffs 3 Smaker Eng\u00e5ngsvape \u2013 Grossist Stor Puff Enhet<\/strong><\/p>\n<p data-start=\"3772\" data-end=\"3847\"><strong data-start=\"3772\" data-end=\"3845\">RUNCHUNFU 200 000 Puff Rechargeable Eng\u00e5ngsvape till Rabattpris<\/strong><\/p>\n<p data-start=\"3851\" data-end=\"3925\" data-is-last-node=\"\"><strong data-start=\"3851\" data-end=\"3925\" data-is-last-node=\"\">Smakjusterbar RUNCHUNFU 200k Vape \u2013 Partihandel f\u00f6r EU-grossister<\/strong><\/p>\n<\/div>\n<\/div>\n<\/div>\n<\/div>\n<p><strong>L\u00e4gg till Amys whatsapp f\u00f6r att f\u00e5 r\u00e4tt svar och rabatterat pris!<\/strong><\/p>\n<p><img fetchpriority=\"high\" decoding=\"async\" class=\"size-full wp-image-2932\" src=\"https:\/\/vapestornado.com\/wp-content\/uploads\/2024\/12\/Vape-Wholesale.jpg\" alt=\"Vape Partihandel\" width=\"229\" height=\"300\" \/><\/p>\n<h3><a href=\"https:\/\/wa.me\/8617776015835\"><span style=\"color: #ff0000;\"><strong>WhatsApp: +86 17776015835<\/strong><\/span><\/a><\/h3>","protected":false},"featured_media":4800,"comment_status":"open","ping_status":"closed","template":"","meta":{"_acf_changed":false,"_uag_custom_page_level_css":"","_lmt_disableupdate":"no","_lmt_disable":"","_monsterinsights_skip_tracking":false,"_monsterinsights_sitenote_active":false,"_monsterinsights_sitenote_note":"","_monsterinsights_sitenote_category":0,"site-sidebar-layout":"default","site-content-layout":"","ast-site-content-layout":"default","site-content-style":"default","site-sidebar-style":"default","ast-global-header-display":"","ast-banner-title-visibility":"","ast-main-header-display":"","ast-hfb-above-header-display":"","ast-hfb-below-header-display":"","ast-hfb-mobile-header-display":"","site-post-title":"","ast-breadcrumbs-content":"","ast-featured-img":"","footer-sml-layout":"","ast-disable-related-posts":"","theme-transparent-header-meta":"default","adv-header-id-meta":"","stick-header-meta":"","header-above-stick-meta":"","header-main-stick-meta":"","header-below-stick-meta":"","astra-migrate-meta-layouts":"set","ast-page-background-enabled":"default","ast-page-background-meta":{"desktop":{"background-color":"","background-image":"","background-repeat":"repeat","background-position":"center center","background-size":"auto","background-attachment":"scroll","background-type":"","background-media":"","overlay-type":"","overlay-color":"","overlay-opacity":"","overlay-gradient":""},"tablet":{"background-color":"","background-image":"","background-repeat":"repeat","background-position":"center center","background-size":"auto","background-attachment":"scroll","background-type":"","background-media":"","overlay-type":"","overlay-color":"","overlay-opacity":"","overlay-gradient":""},"mobile":{"background-color":"","background-image":"","background-repeat":"repeat","background-position":"center center","background-size":"auto","background-attachment":"scroll","background-type":"","background-media":"","overlay-type":"","overlay-color":"","overlay-opacity":"","overlay-gradient":""}},"ast-content-background-meta":{"desktop":{"background-color":"var(--ast-global-color-5)","background-image":"","background-repeat":"repeat","background-position":"center center","background-size":"auto","background-attachment":"scroll","background-type":"","background-media":"","overlay-type":"","overlay-color":"","overlay-opacity":"","overlay-gradient":""},"tablet":{"background-color":"var(--ast-global-color-5)","background-image":"","background-repeat":"repeat","background-position":"center center","background-size":"auto","background-attachment":"scroll","background-type":"","background-media":"","overlay-type":"","overlay-color":"","overlay-opacity":"","overlay-gradient":""},"mobile":{"background-color":"var(--ast-global-color-5)","background-image":"","background-repeat":"repeat","background-position":"center center","background-size":"auto","background-attachment":"scroll","background-type":"","background-media":"","overlay-type":"","overlay-color":"","overlay-opacity":"","overlay-gradient":""}},"_joinchat":[]},"product_brand":[],"product_cat":[526,140,149,152,153,156,142,146],"product_tag":[355,354,545,94,544,543,513,93,512],"class_list":{"0":"post-4803","1":"product","2":"type-product","3":"status-publish","4":"has-post-thumbnail","6":"product_cat-200k-puff","7":"product_cat-big-puffs-disposable-vapes","8":"product_cat-buy-disposable-vapes-in-austria","9":"product_cat-buy-disposable-vapes-in-cermany","10":"product_cat-buy-disposable-vapes-in-italy","11":"product_cat-buy-disposable-vapes-in-poland","12":"product_cat-digital-box-disposable-vapes","13":"product_cat-rechargeable-disposable-vapes","14":"product_tag-big-puff-vape","15":"product_tag-flavor-adjustable-vape","16":"product_tag-flavor-disposable-vape","17":"product_tag-rechargeable-disposable-vape","18":"product_tag-runchunfu-200k","19":"product_tag-runchunfu-200k-puff","20":"product_tag-vape-discount-price","21":"product_tag-vape-wholesale","22":"product_tag-vape-wholesale-distributor","23":"desktop-align-left","24":"tablet-align-left","25":"mobile-align-left","27":"first","28":"instock","29":"sale","30":"shipping-taxable","31":"purchasable","32":"product-type-simple"},"acf":[],"uagb_featured_image_src":{"full":["https:\/\/vapestornado.com\/wp-content\/uploads\/2026\/01\/RUNCHUNFU-Triple-200k-Big-Puff-Disposable-Vapes.webp",800,800,false],"thumbnail":["https:\/\/vapestornado.com\/wp-content\/uploads\/2026\/01\/RUNCHUNFU-Triple-200k-Big-Puff-Disposable-Vapes-150x150.webp",150,150,true],"medium":["https:\/\/vapestornado.com\/wp-content\/uploads\/2026\/01\/RUNCHUNFU-Triple-200k-Big-Puff-Disposable-Vapes-300x300.webp",300,300,true],"medium_large":["https:\/\/vapestornado.com\/wp-content\/uploads\/2026\/01\/RUNCHUNFU-Triple-200k-Big-Puff-Disposable-Vapes-768x768.webp",768,768,true],"large":["https:\/\/vapestornado.com\/wp-content\/uploads\/2026\/01\/RUNCHUNFU-Triple-200k-Big-Puff-Disposable-Vapes.webp",800,800,false],"1536x1536":["https:\/\/vapestornado.com\/wp-content\/uploads\/2026\/01\/RUNCHUNFU-Triple-200k-Big-Puff-Disposable-Vapes.webp",800,800,false],"2048x2048":["https:\/\/vapestornado.com\/wp-content\/uploads\/2026\/01\/RUNCHUNFU-Triple-200k-Big-Puff-Disposable-Vapes.webp",800,800,false],"trp-custom-language-flag":["https:\/\/vapestornado.com\/wp-content\/uploads\/2026\/01\/RUNCHUNFU-Triple-200k-Big-Puff-Disposable-Vapes-12x12.webp",12,12,true],"woocommerce_thumbnail":["https:\/\/vapestornado.com\/wp-content\/uploads\/2026\/01\/RUNCHUNFU-Triple-200k-Big-Puff-Disposable-Vapes-300x300.webp",300,300,true],"woocommerce_single":["https:\/\/vapestornado.com\/wp-content\/uploads\/2026\/01\/RUNCHUNFU-Triple-200k-Big-Puff-Disposable-Vapes-600x600.webp",600,600,true],"woocommerce_gallery_thumbnail":["https:\/\/vapestornado.com\/wp-content\/uploads\/2026\/01\/RUNCHUNFU-Triple-200k-Big-Puff-Disposable-Vapes-100x100.webp",100,100,true]},"uagb_author_info":{"display_name":"ESAMY","author_link":"https:\/\/vapestornado.com\/sv\/author\/"},"uagb_comment_info":0,"uagb_excerpt":"RUNCHUNFU 200k Puffs 3 Flavor Disposable Vape \u2013 Wholesale Big Puff Device RUNCHUNFU 200,000 Puff Rechargeable Disposable Vape at Discount Price Flavor Adjustable RUNCHUNFU 200k Vape \u2013 Bulk Supply for EU Wholesalers Add Amy's whatsapp to get right reply and discount price! WhatsApp: +86 17776015835","_links":{"self":[{"href":"https:\/\/vapestornado.com\/sv\/wp-json\/wp\/v2\/product\/4803","targetHints":{"allow":["GET"]}}],"collection":[{"href":"https:\/\/vapestornado.com\/sv\/wp-json\/wp\/v2\/product"}],"about":[{"href":"https:\/\/vapestornado.com\/sv\/wp-json\/wp\/v2\/types\/product"}],"replies":[{"embeddable":true,"href":"https:\/\/vapestornado.com\/sv\/wp-json\/wp\/v2\/comments?post=4803"}],"wp:featuredmedia":[{"embeddable":true,"href":"https:\/\/vapestornado.com\/sv\/wp-json\/wp\/v2\/media\/4800"}],"wp:attachment":[{"href":"https:\/\/vapestornado.com\/sv\/wp-json\/wp\/v2\/media?parent=4803"}],"wp:term":[{"taxonomy":"product_brand","embeddable":true,"href":"https:\/\/vapestornado.com\/sv\/wp-json\/wp\/v2\/product_brand?post=4803"},{"taxonomy":"product_cat","embeddable":true,"href":"https:\/\/vapestornado.com\/sv\/wp-json\/wp\/v2\/product_cat?post=4803"},{"taxonomy":"product_tag","embeddable":true,"href":"https:\/\/vapestornado.com\/sv\/wp-json\/wp\/v2\/product_tag?post=4803"}],"curies":[{"name":"wp","href":"https:\/\/api.w.org\/{rel}","templated":true}]}}