{"id":4795,"date":"2026-01-13T03:09:18","date_gmt":"2026-01-13T03:09:18","guid":{"rendered":"https:\/\/vapestornado.com\/?post_type=product&#038;p=4795"},"modified":"2026-01-13T03:17:55","modified_gmt":"2026-01-13T03:17:55","slug":"al-fakher-crown-bar-15k-ice-adjust-disposable-shisha-hookah-wholesale-netherlands","status":"publish","type":"product","link":"https:\/\/vapestornado.com\/sv\/product\/al-fakher-crown-bar-15k-ice-adjust-disposable-shisha-hookah-wholesale-netherlands\/","title":{"rendered":"Al Fakher Crown Bar 15K Ice Adjust Disposable Shisha Hookah Grossist Nederl\u00e4nderna"},"content":{"rendered":"<h1 data-start=\"0\" data-end=\"87\">Al Fakher Mega Max 40K Puffs Crown Bar Eng\u00e5ngs E-Shisha Hookah Vape med Justerbar Luftfl\u00f6de<\/h1>\n<p data-start=\"107\" data-end=\"502\">Al Fakher Crown Bar 15K Ice Adjust \u00e4r byggd f\u00f6r den europeiska grossistmarknaden som kr\u00e4ver smakkontroll, l\u00e5ng livsl\u00e4ngd och p\u00e5litlig kvalitet till ett <strong data-start=\"259\" data-end=\"274\">l\u00e5gt pris<\/strong>. Designad f\u00f6r <strong data-start=\"289\" data-end=\"316\">Eng\u00e5ngs E-cigaretter<\/strong> \u00e5terf\u00f6rs\u00e4ljare och <strong data-start=\"331\" data-end=\"368\">Eng\u00e5ngsvapes Grossist Frankrike<\/strong> distribut\u00f6rer, levererar denna modell upp till <strong data-start=\"409\" data-end=\"440\">15 000 smidiga, stabila bloss<\/strong> med Al Fakher:s signatur smakprecision och premiumkonstruktion.<\/p>\n<p data-start=\"504\" data-end=\"842\">Till skillnad fr\u00e5n standardeng\u00e5ngsprodukter, <strong data-start=\"537\" data-end=\"568\">Crown Bar Ice Adjust-systemet<\/strong> l\u00e5ter anv\u00e4ndare kontrollera kylningsintensiteten, vilket g\u00f6r att varje kund kan v\u00e4lja en stark isig tr\u00e4ff eller en mjukare, varmare dragning. Detta g\u00f6r att <strong data-start=\"703\" data-end=\"730\">Al Fakher Crown Bar 15K<\/strong> \u00e4r l\u00e4ttare att s\u00e4lja \u00f6ver olika anv\u00e4ndarpreferenser, \u00f6kar \u00e5terk\u00f6p och minskar l\u00e5ngsamma smaker.<\/p>\n<p data-start=\"844\" data-end=\"1140\">Drivs av en <strong data-start=\"858\" data-end=\"889\">850mAh uppladdningsbart batteri<\/strong> och fylld med <strong data-start=\"906\" data-end=\"926\">22 ml e-v\u00e4tska<\/strong>, den <strong data-start=\"932\" data-end=\"960\">AL Fakher Ice Adjust 15K<\/strong> bibeh\u00e5ller konsekvent output fr\u00e5n f\u00f6rsta blosset till det sista. Den <strong data-start=\"1026\" data-end=\"1044\">0,6\u03a9 mesh-spole<\/strong> s\u00e4kerst\u00e4ller ren \u00e5nga, stark smakklarhet och stabil prestanda, \u00e4ven under l\u00e5ng daglig anv\u00e4ndning.<\/p>\n<p data-start=\"1142\" data-end=\"1446\">En inbyggd <strong data-start=\"1153\" data-end=\"1171\">digital sk\u00e4rm<\/strong> visar b\u00e5de batteri- och v\u00e4tskeniv\u00e5er, vilket ger kunder f\u00f6rtroende och minskar retur av enheter. Med <strong data-start=\"1272\" data-end=\"1293\">45 bepr\u00f6vade smaker<\/strong>, den <strong data-start=\"1299\" data-end=\"1312\">Crown Bar<\/strong> linjen st\u00f6der stark detaljhandelrotation och hj\u00e4lper butiker att bygga en p\u00e5litlig b\u00e4sts\u00e4ljarkategori i <strong data-start=\"1411\" data-end=\"1438\">Eng\u00e5ngs E-cigaretter<\/strong> marknaden.<\/p>\n<p data-start=\"1448\" data-end=\"1645\">Om du k\u00f6per in <strong data-start=\"1468\" data-end=\"1505\">Eng\u00e5ngs Vapes Grossist Sverige<\/strong>\u00a0till ett konkurrenskraftigt pris med snabba smaker, \u00e4r <strong data-start=\"1559\" data-end=\"1597\">Al Fakher Crown Bar 15K Ice Justering<\/strong> en s\u00e4ker, h\u00f6goms\u00e4ttningsval f\u00f6r din butik.<\/p>\n<p><strong><span style=\"color: #ff0000;\">L\u00e4gg till Amys whatsapp f\u00f6r snabbt svar och vape-kupong!<\/span><\/strong><\/p>\n<p><img fetchpriority=\"high\" decoding=\"async\" class=\"size-full wp-image-2932\" src=\"https:\/\/vapestornado.com\/wp-content\/uploads\/2024\/12\/Vape-Wholesale.jpg\" alt=\"Vape Partihandel\" width=\"229\" height=\"300\" \/><\/p>\n<h3><a href=\"https:\/\/wa.me\/8617776015835\" target=\"_blank\" rel=\"noopener\"><span style=\"color: #ff0000;\"><strong>WhatsApp: +86 17776015835<\/strong><\/span><\/a><\/h3>\n<p>&nbsp;<\/p>\n<h2><strong>Al Fakher Crown Bar 15K Produktfunktioner<\/strong><\/h2>\n<ul>\n<li data-start=\"1701\" data-end=\"1810\">\n<p data-start=\"1703\" data-end=\"1810\"><strong data-start=\"1703\" data-end=\"1719\">15 000 Puffar<\/strong> \u2013 Ger l\u00e5ngvarig prestanda som h\u00e5ller kunderna vaping i veckor med en enhet.<\/p>\n<\/li>\n<li data-start=\"1811\" data-end=\"1909\">\n<p data-start=\"1813\" data-end=\"1909\"><strong data-start=\"1813\" data-end=\"1830\">22ml E-V\u00e4tska<\/strong> \u2013 Stor v\u00e4tskevolym s\u00e4kerst\u00e4ller stabil smak utan frekventa byten.<\/p>\n<\/li>\n<li data-start=\"1910\" data-end=\"1991\">\n<p data-start=\"1912\" data-end=\"1991\"><strong data-start=\"1912\" data-end=\"1930\">0,6\u03a9 Mesh Coil<\/strong> \u2013 Producerar mjuk \u00e5nga och exakt smak vid varje drag.<\/p>\n<\/li>\n<li data-start=\"1992\" data-end=\"2075\">\n<p data-start=\"1994\" data-end=\"2075\"><strong data-start=\"1994\" data-end=\"2011\">0,5% Nikotin<\/strong> \u2013 Erbjuder en l\u00e4tt, mjuk nikotinkick som passar f\u00f6r daglig anv\u00e4ndning.<\/p>\n<\/li>\n<li data-start=\"2076\" data-end=\"2164\">\n<p data-start=\"2078\" data-end=\"2164\"><strong data-start=\"2078\" data-end=\"2096\">850mAh Batteri<\/strong> \u2013 Ger p\u00e5litlig kraft under hela enhetens livsl\u00e4ngd.<\/p>\n<\/li>\n<li data-start=\"2165\" data-end=\"2229\">\n<p data-start=\"2167\" data-end=\"2229\"><strong data-start=\"2167\" data-end=\"2185\">USB-C-laddning<\/strong> \u2013 M\u00f6jligg\u00f6r snabbare, mer stabil laddning.<\/p>\n<\/li>\n<li data-start=\"2230\" data-end=\"2319\">\n<p data-start=\"2232\" data-end=\"2319\"><strong data-start=\"2232\" data-end=\"2254\">Isjusteringskontroll<\/strong> \u2013 L\u00e5ter anv\u00e4ndare st\u00e4lla in sin f\u00f6redragna kylniv\u00e5 f\u00f6r varje puff.<\/p>\n<\/li>\n<li data-start=\"2320\" data-end=\"2395\">\n<p data-start=\"2322\" data-end=\"2395\"><strong data-start=\"2322\" data-end=\"2340\">Digital sk\u00e4rm<\/strong> \u2013 Visar batteri- och e-v\u00e4tskeniv\u00e5er i realtid.<\/p>\n<\/li>\n<li data-start=\"2396\" data-end=\"2474\">\n<p data-start=\"2398\" data-end=\"2474\"><strong data-start=\"2398\" data-end=\"2417\">Crown Bar-konstruktion<\/strong> \u2013 Premium kroppskoncept f\u00f6rb\u00e4ttrar h\u00e5llbarhet och luftfl\u00f6de.<\/p>\n<\/li>\n<li data-start=\"2475\" data-end=\"2543\">\n<p data-start=\"2477\" data-end=\"2543\"><strong data-start=\"2477\" data-end=\"2491\">45 smaker<\/strong> \u2013 St\u00f6der stark detaljrotation och \u00e5terkommande f\u00f6rs\u00e4ljning.<\/p>\n<\/li>\n<\/ul>\n<figure id=\"attachment_4791\" aria-describedby=\"caption-attachment-4791\" style=\"width: 300px\" class=\"wp-caption alignnone\"><img decoding=\"async\" class=\"size-medium wp-image-4791\" src=\"https:\/\/vapestornado.com\/wp-content\/uploads\/2026\/01\/Al-Fakher-Crown-Bar-Ice-Adjust-15K-15000-Puff-300x300.webp\" alt=\"Al Fakher Crown Bar Ice Adjust 15K 15000 Puff\" width=\"300\" height=\"300\" srcset=\"https:\/\/vapestornado.com\/wp-content\/uploads\/2026\/01\/Al-Fakher-Crown-Bar-Ice-Adjust-15K-15000-Puff-300x300.webp 300w, https:\/\/vapestornado.com\/wp-content\/uploads\/2026\/01\/Al-Fakher-Crown-Bar-Ice-Adjust-15K-15000-Puff-150x150.webp 150w, https:\/\/vapestornado.com\/wp-content\/uploads\/2026\/01\/Al-Fakher-Crown-Bar-Ice-Adjust-15K-15000-Puff-768x768.webp 768w, https:\/\/vapestornado.com\/wp-content\/uploads\/2026\/01\/Al-Fakher-Crown-Bar-Ice-Adjust-15K-15000-Puff-12x12.webp 12w, https:\/\/vapestornado.com\/wp-content\/uploads\/2026\/01\/Al-Fakher-Crown-Bar-Ice-Adjust-15K-15000-Puff-600x600.webp 600w, https:\/\/vapestornado.com\/wp-content\/uploads\/2026\/01\/Al-Fakher-Crown-Bar-Ice-Adjust-15K-15000-Puff-100x100.webp 100w, https:\/\/vapestornado.com\/wp-content\/uploads\/2026\/01\/Al-Fakher-Crown-Bar-Ice-Adjust-15K-15000-Puff.webp 800w\" sizes=\"(max-width: 300px) 100vw, 300px\" \/><figcaption id=\"caption-attachment-4791\" class=\"wp-caption-text\">Al Fakher Crown Bar Ice Adjust 15K 15000 Puff<\/figcaption><\/figure>\n<div>\n<div class=\"mceTemp\"><\/div>\n<\/div>\n<h2 class=\"product-title\"><strong>Al Fakher Crown Bar 15K Puff Smaklista<\/strong><\/h2>\n<p>1 B\u00e4r Bl\u00e5<br \/>\n2 B\u00e4r Is<br \/>\n3 Svartvinb\u00e4r Is<br \/>\n4 Svartvinb\u00e4r Mint<br \/>\n5 Bl\u00e5 Razz Explosion<br \/>\n6 Bl\u00e5 Razz Lemonad<br \/>\n7 Bl\u00e5b\u00e4r K\u00f6rsb\u00e4r<br \/>\n8 Bl\u00e5b\u00e4r Gum<br \/>\n9 Bl\u00e5b\u00e4rs Lemonad<br \/>\n10 Bl\u00e5b\u00e4rs Mynta<br \/>\n11 Bl\u00e5b\u00e4rs Hallon<br \/>\n12 Bl\u00e5b\u00e4r Sur Hallon<br \/>\n13 K\u00f6rsb\u00e4rs Fiesta<br \/>\n14 K\u00f6rsb\u00e4rs Fizz<br \/>\n15 K\u00f6rsb\u00e4rs Is<br \/>\n16 Cool Mango<br \/>\n17 Fusion Pop<br \/>\n18 Druva<br \/>\n19 Druva B\u00e4r<br \/>\n20 Druva Mynta<br \/>\n21 Tuggummi Mynta<br \/>\n22 Hubba<br \/>\n23 Is Bl\u00e5<br \/>\n24 Citron Lime<br \/>\n25 Citron Lime K\u00f6rsb\u00e4r Fizz<br \/>\n26 Citron Mynta<br \/>\n27 Lush Is<br \/>\n28 Magisk K\u00e4rlek<br \/>\n29 Mango Ananas<br \/>\n30 Mentol<br \/>\n31 Mint<br \/>\n32 Blandade B\u00e4r<br \/>\n33 Apelsin Mint<br \/>\n34 Persika Is<br \/>\n35 Ananas Is<br \/>\n36 Rymmdr\u00f6m<br \/>\n37 Mynt<br \/>\n38 Jordgubb K\u00f6rsb\u00e4r<br \/>\n39 Jordgubb Punch<br \/>\n40 Sommardr\u00f6m<br \/>\n41 Tv\u00e5 \u00c4pplen<br \/>\n42 Vattenmelon K\u00f6rsb\u00e4r<br \/>\n43 Vattenmelon Kiwi<br \/>\n44 Vattenmelon Lime<br \/>\n45 Vattenmelon Ananas<\/p>\n<h2 data-start=\"2951\" data-end=\"2994\"><strong data-start=\"2954\" data-end=\"2994\">Varf\u00f6r grossister v\u00e4ljer Crown Bar 15K<\/strong><\/h2>\n<p data-start=\"2996\" data-end=\"3213\">Den <strong data-start=\"3000\" data-end=\"3028\">AL Fakher Ice Adjust 15K<\/strong> kombinerar <strong data-start=\"3038\" data-end=\"3086\">l\u00e5ng puffliv, iskontroll och varum\u00e4rkesf\u00f6rtroende<\/strong> i en eng\u00e5ngsprodukt, vilket ger \u00e5terf\u00f6rs\u00e4ljare en produkt som s\u00e4ljer snabbt, levererar konsekvent kvalitet och f\u00e5r kunder att \u00e5terkomma.<\/p>\n<p data-start=\"3215\" data-end=\"3339\">Best\u00e4ll nu och s\u00e4kra en <strong data-start=\"3238\" data-end=\"3253\">l\u00e5gt pris<\/strong> on <strong data-start=\"3257\" data-end=\"3284\">Al Fakher Crown Bar 15K<\/strong> f\u00f6r din <strong data-start=\"3294\" data-end=\"3331\">Eng\u00e5ngsvapes Grossist Frankrike<\/strong> leverans.<\/p>\n<p>&nbsp;<\/p>\n<div class=\"flex-shrink-0 flex flex-col relative items-end\">\n<div class=\"pt-0\">\n<div class=\"gizmo-bot-avatar flex h-8 w-8 items-center justify-center overflow-hidden rounded-full\">\n<div class=\"relative p-1 rounded-sm flex items-center justify-center bg-token-main-surface-primary text-token-text-primary h-8 w-8\">\n<h2 data-start=\"1200\" data-end=\"1487\">Vapes Tornado \u2013 Din grossist online vaporbutik f\u00f6r popul\u00e4ra vapes<\/h2>\n<p data-start=\"72\" data-end=\"396\"><strong data-start=\"72\" data-end=\"89\">Vapes Tornado<\/strong> \u00e4r en Europa-fokuserad grossist online vaporbutik som levererar ett noga utvalt sortiment av <strong data-start=\"178\" data-end=\"195\">popul\u00e4ra vapes<\/strong> f\u00f6r professionella k\u00f6pare. Vi arbetar med \u00e5terf\u00f6rs\u00e4ljare, distribut\u00f6rer och onlinebutiker \u00f6ver hela EU som beh\u00f6ver stabil leverans, tydlig produktinformation och varum\u00e4rken som kunder redan k\u00e4nner igen och litar p\u00e5.<\/p>\n<p data-start=\"398\" data-end=\"687\">Vi arbetar med p\u00e5litliga namn som <strong data-start=\"247\" data-end=\"352\">Elf Bar Vape, WASPE Vape, <a href=\"https:\/\/vapestornado.com\/sv\/product\/uzy-150k-puffs-6-in-1-flavor-switch-disposable-vape-pen-wholesale\/\">UZY Vape<\/a>, Bang Vape, Razz Bar Vape, <a href=\"https:\/\/vapestornado.com\/sv\/product\/randm-12000-puffs-fumot-digital-disposable-vape-wholesale-price\/\">Fumot VAPE<\/a>, <a href=\"https:\/\/vapestornado.com\/sv\/product\/original-wga-ultra-35k-35000-puff-rechargeable-crystal-disposable-nicotine-vape-best-discount-price\/\">WGA VAPE<\/a>, <a href=\"https:\/\/vapestornado.com\/sv\/product\/vozol-gear-shisha-25k-25000-puffs-best-dtl-disposable-vape-hookah-cheap-price\/\">VOZOL BAR VAPE<\/a>, och Stag Bar Vape<\/strong>, valda f\u00f6r konsekvent kvalitet och stark efterfr\u00e5gan p\u00e5 den europeiska marknaden.<\/p>\n<h4 data-start=\"1080\" data-end=\"1120\">Byggd f\u00f6r europeiska grossistk\u00f6pare<\/h4>\n<p data-start=\"1121\" data-end=\"1189\">Vapes Tornado \u00e4r strukturerad kring de verkliga behoven hos EU-grossister:<\/p>\n<ul data-start=\"1190\" data-end=\"1400\">\n<li data-start=\"1190\" data-end=\"1239\">\n<p data-start=\"1192\" data-end=\"1239\">Konkurrenskraftiga grossistpriser f\u00f6r bulkbest\u00e4llningar<\/p>\n<\/li>\n<li data-start=\"1240\" data-end=\"1289\">\n<p data-start=\"1242\" data-end=\"1289\">Tydliga produktbeskrivningar och specifikationer<\/p>\n<\/li>\n<li data-start=\"1290\" data-end=\"1330\">\n<p data-start=\"1292\" data-end=\"1330\">Snabb, p\u00e5litlig EU-inriktad logistik<\/p>\n<\/li>\n<li data-start=\"1331\" data-end=\"1400\">\n<p data-start=\"1333\" data-end=\"1400\">En katalog fokuserad p\u00e5 <strong data-start=\"1356\" data-end=\"1373\">popul\u00e4ra vapes<\/strong>, inte \u00f6verm\u00e4ttade SKU:er<\/p>\n<\/li>\n<\/ul>\n<h2 data-start=\"2064\" data-end=\"2115\">Vanliga fr\u00e5gor om Al Fakher Crown Bar 15K eng\u00e5ngsvape<\/h2>\n<p data-start=\"3359\" data-end=\"3484\"><strong data-start=\"3359\" data-end=\"3413\">1. Hur l\u00e4nge varar Al Fakher Crown Bar 15K?<\/strong><br data-start=\"3413\" data-end=\"3416\" \/>Med upp till 15 000 puff kan den h\u00e5lla i veckor beroende p\u00e5 daglig anv\u00e4ndning.<\/p>\n<p data-start=\"3486\" data-end=\"3605\"><strong data-start=\"3486\" data-end=\"3532\">2. Kan kunder justera kylniv\u00e5n?<\/strong><br data-start=\"3532\" data-end=\"3535\" \/>Ja, Ice Adjust-systemet l\u00e5ter anv\u00e4ndare v\u00e4lja hur kall varje puff k\u00e4nns.<\/p>\n<p data-start=\"3607\" data-end=\"3700\"><strong data-start=\"3607\" data-end=\"3642\">3. \u00c4r batteriet uppladdningsbart?<\/strong><br data-start=\"3642\" data-end=\"3645\" \/>Ja, det har ett 850mAh batteri med USB-C snabbladdning.<\/p>\n<p data-start=\"3702\" data-end=\"3807\"><strong data-start=\"3702\" data-end=\"3744\">4. Vilken nikotinstyrka anv\u00e4nder den?<\/strong><br data-start=\"3744\" data-end=\"3747\" \/>Enheten levereras med 0,5% nikotin f\u00f6r en mjuk, l\u00e4tt k\u00e4nsla.<\/p>\n<p data-start=\"3809\" data-end=\"3972\"><strong data-start=\"3809\" data-end=\"3857\">5. \u00c4r detta l\u00e4mpligt f\u00f6r grossistf\u00f6rs\u00e4ljning i Sverige?<\/strong><br data-start=\"3857\" data-end=\"3860\" \/>Ja, det \u00e4r utformat f\u00f6r <strong data-start=\"3884\" data-end=\"3921\">Eng\u00e5ngsvapes Grossist Frankrike<\/strong> med stark detaljhandelsattraktivitet och snabba smaker.<\/p>\n<\/div>\n<\/div>\n<\/div>\n<\/div>","protected":false},"excerpt":{"rendered":"<p data-start=\"4393\" data-end=\"4476\"><strong data-start=\"4393\" data-end=\"4474\">AL Fakher Crown Bar 15K Ice Adjust \u2013 Grossist Eng\u00e5ngs E-cigaretter Frankrike<\/strong><\/p>\n<p data-start=\"4480\" data-end=\"4550\"><strong data-start=\"4480\" data-end=\"4548\">Al Fakher Ice Adjust 15K Crown Bar | 15 000 bloss vid billigt pris<\/strong><\/p>\n<p data-start=\"4554\" data-end=\"4622\" data-is-last-node=\"\"><strong data-start=\"4554\" data-end=\"4622\" data-is-last-node=\"\">Crown Bar 15K Eng\u00e5ngs Vape \u2013 Iskontroll &amp; Partihandel Europa<\/strong><\/p>\n<p><strong>L\u00e4gg till Amys whatsapp f\u00f6r att f\u00e5 r\u00e4tt svar och rabatterat pris!<\/strong><\/p>\n<p><img fetchpriority=\"high\" decoding=\"async\" class=\"size-full wp-image-2932\" src=\"https:\/\/vapestornado.com\/wp-content\/uploads\/2024\/12\/Vape-Wholesale.jpg\" alt=\"Vape Partihandel\" width=\"229\" height=\"300\" \/><\/p>\n<h3><a href=\"https:\/\/wa.me\/8617776015835\"><span style=\"color: #ff0000;\"><strong>WhatsApp: +86 17776015835<\/strong><\/span><\/a><\/h3>","protected":false},"featured_media":4790,"comment_status":"open","ping_status":"closed","template":"","meta":{"_acf_changed":false,"_uag_custom_page_level_css":"","_lmt_disableupdate":"no","_lmt_disable":"","_monsterinsights_skip_tracking":false,"_monsterinsights_sitenote_active":false,"_monsterinsights_sitenote_note":"","_monsterinsights_sitenote_category":0,"site-sidebar-layout":"default","site-content-layout":"","ast-site-content-layout":"default","site-content-style":"default","site-sidebar-style":"default","ast-global-header-display":"","ast-banner-title-visibility":"","ast-main-header-display":"","ast-hfb-above-header-display":"","ast-hfb-below-header-display":"","ast-hfb-mobile-header-display":"","site-post-title":"","ast-breadcrumbs-content":"","ast-featured-img":"","footer-sml-layout":"","ast-disable-related-posts":"","theme-transparent-header-meta":"default","adv-header-id-meta":"","stick-header-meta":"","header-above-stick-meta":"","header-main-stick-meta":"","header-below-stick-meta":"","astra-migrate-meta-layouts":"set","ast-page-background-enabled":"default","ast-page-background-meta":{"desktop":{"background-color":"","background-image":"","background-repeat":"repeat","background-position":"center center","background-size":"auto","background-attachment":"scroll","background-type":"","background-media":"","overlay-type":"","overlay-color":"","overlay-opacity":"","overlay-gradient":""},"tablet":{"background-color":"","background-image":"","background-repeat":"repeat","background-position":"center center","background-size":"auto","background-attachment":"scroll","background-type":"","background-media":"","overlay-type":"","overlay-color":"","overlay-opacity":"","overlay-gradient":""},"mobile":{"background-color":"","background-image":"","background-repeat":"repeat","background-position":"center center","background-size":"auto","background-attachment":"scroll","background-type":"","background-media":"","overlay-type":"","overlay-color":"","overlay-opacity":"","overlay-gradient":""}},"ast-content-background-meta":{"desktop":{"background-color":"var(--ast-global-color-5)","background-image":"","background-repeat":"repeat","background-position":"center center","background-size":"auto","background-attachment":"scroll","background-type":"","background-media":"","overlay-type":"","overlay-color":"","overlay-opacity":"","overlay-gradient":""},"tablet":{"background-color":"var(--ast-global-color-5)","background-image":"","background-repeat":"repeat","background-position":"center center","background-size":"auto","background-attachment":"scroll","background-type":"","background-media":"","overlay-type":"","overlay-color":"","overlay-opacity":"","overlay-gradient":""},"mobile":{"background-color":"var(--ast-global-color-5)","background-image":"","background-repeat":"repeat","background-position":"center center","background-size":"auto","background-attachment":"scroll","background-type":"","background-media":"","overlay-type":"","overlay-color":"","overlay-opacity":"","overlay-gradient":""}},"_joinchat":[]},"product_brand":[],"product_cat":[71,531,140,150,152,156,158,142,146,147],"product_tag":[541,542,317,540,538,291,539,513,512],"class_list":{"0":"post-4795","1":"product","2":"type-product","3":"status-publish","4":"has-post-thumbnail","6":"product_cat-15000-puff","7":"product_cat-al-fakher-crown-bar","8":"product_cat-big-puffs-disposable-vapes","9":"product_cat-buy-disposable-vapes-in-belgium","10":"product_cat-buy-disposable-vapes-in-cermany","11":"product_cat-buy-disposable-vapes-in-poland","12":"product_cat-buy-disposable-vapes-in-spain","13":"product_cat-digital-box-disposable-vapes","14":"product_cat-rechargeable-disposable-vapes","15":"product_cat-shisha-hookah-disposable-vapes","16":"product_tag-al-fakher-15k-ice-adjust","17":"product_tag-al-fakher-15k-sound-adjust","18":"product_tag-al-fakher-crown-bar","19":"product_tag-al-fakher-crown-bar-15k","20":"product_tag-disposable-e-shisha","21":"product_tag-disposable-shisha-hookah","22":"product_tag-hookah-shisha","23":"product_tag-vape-discount-price","24":"product_tag-vape-wholesale-distributor","25":"desktop-align-left","26":"tablet-align-left","27":"mobile-align-left","29":"first","30":"instock","31":"sale","32":"shipping-taxable","33":"purchasable","34":"product-type-simple"},"acf":[],"uagb_featured_image_src":{"full":["https:\/\/vapestornado.com\/wp-content\/uploads\/2026\/01\/Al-Fakher-Crown-Bar-15K-Ice-Adjust-Disposable-Vape-Wholesale.webp",800,800,false],"thumbnail":["https:\/\/vapestornado.com\/wp-content\/uploads\/2026\/01\/Al-Fakher-Crown-Bar-15K-Ice-Adjust-Disposable-Vape-Wholesale-150x150.webp",150,150,true],"medium":["https:\/\/vapestornado.com\/wp-content\/uploads\/2026\/01\/Al-Fakher-Crown-Bar-15K-Ice-Adjust-Disposable-Vape-Wholesale-300x300.webp",300,300,true],"medium_large":["https:\/\/vapestornado.com\/wp-content\/uploads\/2026\/01\/Al-Fakher-Crown-Bar-15K-Ice-Adjust-Disposable-Vape-Wholesale-768x768.webp",768,768,true],"large":["https:\/\/vapestornado.com\/wp-content\/uploads\/2026\/01\/Al-Fakher-Crown-Bar-15K-Ice-Adjust-Disposable-Vape-Wholesale.webp",800,800,false],"1536x1536":["https:\/\/vapestornado.com\/wp-content\/uploads\/2026\/01\/Al-Fakher-Crown-Bar-15K-Ice-Adjust-Disposable-Vape-Wholesale.webp",800,800,false],"2048x2048":["https:\/\/vapestornado.com\/wp-content\/uploads\/2026\/01\/Al-Fakher-Crown-Bar-15K-Ice-Adjust-Disposable-Vape-Wholesale.webp",800,800,false],"trp-custom-language-flag":["https:\/\/vapestornado.com\/wp-content\/uploads\/2026\/01\/Al-Fakher-Crown-Bar-15K-Ice-Adjust-Disposable-Vape-Wholesale-12x12.webp",12,12,true],"woocommerce_thumbnail":["https:\/\/vapestornado.com\/wp-content\/uploads\/2026\/01\/Al-Fakher-Crown-Bar-15K-Ice-Adjust-Disposable-Vape-Wholesale-300x300.webp",300,300,true],"woocommerce_single":["https:\/\/vapestornado.com\/wp-content\/uploads\/2026\/01\/Al-Fakher-Crown-Bar-15K-Ice-Adjust-Disposable-Vape-Wholesale-600x600.webp",600,600,true],"woocommerce_gallery_thumbnail":["https:\/\/vapestornado.com\/wp-content\/uploads\/2026\/01\/Al-Fakher-Crown-Bar-15K-Ice-Adjust-Disposable-Vape-Wholesale-100x100.webp",100,100,true]},"uagb_author_info":{"display_name":"ESAMY","author_link":"https:\/\/vapestornado.com\/sv\/author\/"},"uagb_comment_info":0,"uagb_excerpt":"AL Fakher Crown Bar 15K Ice Adjust \u2013 Wholesale Disposable E Cigarettes France Al Fakher Ice Adjust 15K Crown Bar | 15,000 Puffs at Cheap Price Crown Bar 15K Disposable Vape \u2013 Ice Control &amp; Bulk Supply Europe Add Amy's whatsapp to get right reply and discount price! WhatsApp: +86 17776015835","_links":{"self":[{"href":"https:\/\/vapestornado.com\/sv\/wp-json\/wp\/v2\/product\/4795","targetHints":{"allow":["GET"]}}],"collection":[{"href":"https:\/\/vapestornado.com\/sv\/wp-json\/wp\/v2\/product"}],"about":[{"href":"https:\/\/vapestornado.com\/sv\/wp-json\/wp\/v2\/types\/product"}],"replies":[{"embeddable":true,"href":"https:\/\/vapestornado.com\/sv\/wp-json\/wp\/v2\/comments?post=4795"}],"wp:featuredmedia":[{"embeddable":true,"href":"https:\/\/vapestornado.com\/sv\/wp-json\/wp\/v2\/media\/4790"}],"wp:attachment":[{"href":"https:\/\/vapestornado.com\/sv\/wp-json\/wp\/v2\/media?parent=4795"}],"wp:term":[{"taxonomy":"product_brand","embeddable":true,"href":"https:\/\/vapestornado.com\/sv\/wp-json\/wp\/v2\/product_brand?post=4795"},{"taxonomy":"product_cat","embeddable":true,"href":"https:\/\/vapestornado.com\/sv\/wp-json\/wp\/v2\/product_cat?post=4795"},{"taxonomy":"product_tag","embeddable":true,"href":"https:\/\/vapestornado.com\/sv\/wp-json\/wp\/v2\/product_tag?post=4795"}],"curies":[{"name":"wp","href":"https:\/\/api.w.org\/{rel}","templated":true}]}}