{"id":4788,"date":"2026-01-09T08:31:41","date_gmt":"2026-01-09T08:31:41","guid":{"rendered":"https:\/\/vapestornado.com\/?post_type=product&#038;p=4788"},"modified":"2026-01-09T08:59:59","modified_gmt":"2026-01-09T08:59:59","slug":"al-fakher-60k-ehose-x-disposable-vape-crown-bar-60000-puffs-shisha-hookah-low-price","status":"publish","type":"product","link":"https:\/\/vapestornado.com\/sv\/product\/al-fakher-60k-ehose-x-disposable-vape-crown-bar-60000-puffs-shisha-hookah-low-price\/","title":{"rendered":"Al Fakher 60k EHose X Eng\u00e5ngsvape Crown Bar 60000 Puffs Shisha Hookah L\u00e5gt Pris"},"content":{"rendered":"<h1 data-start=\"0\" data-end=\"87\">Al Fakher Mega Max 40K Puffs Crown Bar Eng\u00e5ngs E-Shisha Hookah Vape med Justerbar Luftfl\u00f6de<\/h1>\n<p data-start=\"233\" data-end=\"642\">Den <strong data-start=\"237\" data-end=\"289\">Al Fakher 60K E-Hose X Eng\u00e5ngsvape Crown Bar<\/strong> \u00e4r konstruerad f\u00f6r k\u00f6pare som kr\u00e4ver l\u00e5ngsiktig tillf\u00f6rlitlighet, stark smakutg\u00e5ng och shisha-niv\u00e5 \u00e5nga i ett eng\u00e5ngsformat. Utformad f\u00f6r <strong data-start=\"431\" data-end=\"480\">h\u00f6gvolymdetaljhandel och grossistdistribution<\/strong>, levererar denna modell upp till <strong data-start=\"508\" data-end=\"524\">60 000 puffar<\/strong> med stabil prestanda, vilket g\u00f6r den till en av de mest kostnadseffektiva <strong data-start=\"591\" data-end=\"627\">stora puff-eng\u00e5ngshookah-vapes<\/strong> p\u00e5 marknaden.<\/p>\n<p data-start=\"644\" data-end=\"998\">Byggd runt en massiv <strong data-start=\"667\" data-end=\"694\">50ml e-v\u00e4tsketank<\/strong> och en <strong data-start=\"701\" data-end=\"736\">h\u00f6gpresterande 0,6\u03a9 n\u00e4tcoil<\/strong>, den <strong data-start=\"742\" data-end=\"769\">Al Fakher CRYSTAL 60000<\/strong> bibeh\u00e5ller t\u00e4t \u00e5nga och ren smak fr\u00e5n f\u00f6rsta inandning till den sista. Till skillnad fr\u00e5n eng\u00e5ngsprodukter med kort livsl\u00e4ngd som bleknar snabbt \u00e4r detta system anpassat f\u00f6r konsekvent leverans, vilket \u00e4r avg\u00f6rande f\u00f6r \u00e5terkommande f\u00f6rs\u00e4ljning och kundlojalitet.<\/p>\n<p data-start=\"1000\" data-end=\"1348\">Enheten st\u00f6der <strong data-start=\"1020\" data-end=\"1040\">dubbel vapingl\u00e4ge<\/strong>, vilket g\u00f6r det m\u00f6jligt f\u00f6r anv\u00e4ndare att v\u00e4xla mellan <strong data-start=\"1075\" data-end=\"1099\">DTL (direct-to-lung)<\/strong> f\u00f6r molntung shishasession och <strong data-start=\"1136\" data-end=\"1159\">MTL (mun-till-lunga)<\/strong> f\u00f6r ett mer kontrollerat drag. Denna flexibilitet g\u00f6r <strong data-start=\"1215\" data-end=\"1250\">Al Fakher Crown Bar Crystal 60K<\/strong> l\u00e4mpad f\u00f6r b\u00e5de hookah-entusiaster och vanliga eng\u00e5ngsvapes-anv\u00e4ndare, vilket \u00f6kar dess kommersiella r\u00e4ckvidd.<\/p>\n<p data-start=\"1350\" data-end=\"1704\">A <strong data-start=\"1352\" data-end=\"1384\">1000mAh uppladdningsbara batteri<\/strong> parade med <strong data-start=\"1397\" data-end=\"1421\">Typ-C snabbladdning<\/strong> h\u00e5ller apparaten ig\u00e5ng utan driftstopp. Den inbyggda <strong data-start=\"1478\" data-end=\"1503\">smart digital display<\/strong> visar realtidsniv\u00e5er f\u00f6r batteri och e-juice, vilket minskar anv\u00e4ndarens frustration och f\u00f6rb\u00e4ttrar den upplevda produktkvaliteten \u2014 en viktig faktor p\u00e5 konkurrensutsatta <strong data-start=\"1652\" data-end=\"1688\">Eng\u00e5ngsvapes Grossist Spanien<\/strong> och EU-marknader.<\/p>\n<p data-start=\"1706\" data-end=\"1900\">F\u00f6r grossister som s\u00f6ker <strong data-start=\"1734\" data-end=\"1787\">l\u00e5gt pris, h\u00f6gt puffantal och stark varum\u00e4rkesattraktion<\/strong>, den <strong data-start=\"1793\" data-end=\"1819\">Al Fakher 60K E-Hose X<\/strong> ger en balanserad kombination av prestanda, h\u00e5llbarhet och f\u00f6rs\u00e4ljningsstabilitet.<\/p>\n<p><strong><span style=\"color: #ff0000;\">L\u00e4gg till Amys whatsapp f\u00f6r snabbt svar och vape-kupong!<\/span><\/strong><\/p>\n<p><img fetchpriority=\"high\" decoding=\"async\" class=\"size-full wp-image-2932\" src=\"https:\/\/vapestornado.com\/wp-content\/uploads\/2024\/12\/Vape-Wholesale.jpg\" alt=\"Vape Partihandel\" width=\"229\" height=\"300\" \/><\/p>\n<h3><a href=\"https:\/\/wa.me\/8617776015835\" target=\"_blank\" rel=\"noopener\"><span style=\"color: #ff0000;\"><strong>WhatsApp: +86 17776015835<\/strong><\/span><\/a><\/h3>\n<p>&nbsp;<\/p>\n<h2><strong>Al Fakher 60k Puffar Produktfunktioner<\/strong><\/h2>\n<ul>\n<li data-start=\"1956\" data-end=\"2043\">\n<p data-start=\"1958\" data-end=\"2043\"><strong data-start=\"1958\" data-end=\"1975\">60 000 Puffar:<\/strong> Byggd f\u00f6r l\u00e5ngvarig anv\u00e4ndning utan tidig minskning av \u00e5nga eller smak.<\/p>\n<\/li>\n<li data-start=\"2044\" data-end=\"2151\">\n<p data-start=\"2046\" data-end=\"2151\"><strong data-start=\"2046\" data-end=\"2073\">50ml E-juicekapacitet:<\/strong> Stor inre tank minskar bytestakten och \u00f6kar anv\u00e4ndarv\u00e4rdet.<\/p>\n<\/li>\n<li data-start=\"2152\" data-end=\"2230\">\n<p data-start=\"2154\" data-end=\"2230\"><strong data-start=\"2154\" data-end=\"2175\">Dubbel Vaping-l\u00e4ge:<\/strong> St\u00f6der b\u00e5de DTL och MTL f\u00f6r bredare kundtilltal.<\/p>\n<\/li>\n<li data-start=\"2231\" data-end=\"2323\">\n<p data-start=\"2233\" data-end=\"2323\"><strong data-start=\"2233\" data-end=\"2252\">0,6\u03a9 Mesh Coil:<\/strong> Ger j\u00e4mn luftfl\u00f6de, tjocka moln och konsekvent smakutg\u00e5ng.<\/p>\n<\/li>\n<li data-start=\"2324\" data-end=\"2406\">\n<p data-start=\"2326\" data-end=\"2406\"><strong data-start=\"2326\" data-end=\"2346\">1000mAh Batteri:<\/strong> Laddningsbart kraftsystem designat f\u00f6r tung daglig anv\u00e4ndning.<\/p>\n<\/li>\n<li data-start=\"2407\" data-end=\"2492\">\n<p data-start=\"2409\" data-end=\"2492\"><strong data-start=\"2409\" data-end=\"2429\">Type-C Laddning:<\/strong> Snabbare och mer stabil laddning med modern kompatibilitet.<\/p>\n<\/li>\n<li data-start=\"2493\" data-end=\"2582\">\n<p data-start=\"2495\" data-end=\"2582\"><strong data-start=\"2495\" data-end=\"2521\">Smart Digital Display:<\/strong> Visar batteri- och v\u00e4tskeniv\u00e5er f\u00f6r p\u00e5litlig daglig anv\u00e4ndning.<\/p>\n<\/li>\n<li data-start=\"2583\" data-end=\"2666\">\n<p data-start=\"2585\" data-end=\"2666\"><strong data-start=\"2585\" data-end=\"2614\">6mg\/ml Nikotinstyrka:<\/strong> Balanserad leverans designad f\u00f6r shisha-liknande vaping.<\/p>\n<\/li>\n<\/ul>\n<div>\n<figure id=\"attachment_4783\" aria-describedby=\"caption-attachment-4783\" style=\"width: 300px\" class=\"wp-caption alignnone\"><img decoding=\"async\" class=\"size-medium wp-image-4783\" src=\"https:\/\/vapestornado.com\/wp-content\/uploads\/2026\/01\/AL-Fakher-60k-Crown-Bar-EHOSE-X-60000-Puff-Disposable-Vape-300x300.webp\" alt=\"AL Fakher 60k Crown Bar EHOSE X Eng\u00e5ngsvape med 60000 bloss\" width=\"300\" height=\"300\" srcset=\"https:\/\/vapestornado.com\/wp-content\/uploads\/2026\/01\/AL-Fakher-60k-Crown-Bar-EHOSE-X-60000-Puff-Disposable-Vape-300x300.webp 300w, https:\/\/vapestornado.com\/wp-content\/uploads\/2026\/01\/AL-Fakher-60k-Crown-Bar-EHOSE-X-60000-Puff-Disposable-Vape-150x150.webp 150w, https:\/\/vapestornado.com\/wp-content\/uploads\/2026\/01\/AL-Fakher-60k-Crown-Bar-EHOSE-X-60000-Puff-Disposable-Vape-768x768.webp 768w, https:\/\/vapestornado.com\/wp-content\/uploads\/2026\/01\/AL-Fakher-60k-Crown-Bar-EHOSE-X-60000-Puff-Disposable-Vape-12x12.webp 12w, https:\/\/vapestornado.com\/wp-content\/uploads\/2026\/01\/AL-Fakher-60k-Crown-Bar-EHOSE-X-60000-Puff-Disposable-Vape-600x600.webp 600w, https:\/\/vapestornado.com\/wp-content\/uploads\/2026\/01\/AL-Fakher-60k-Crown-Bar-EHOSE-X-60000-Puff-Disposable-Vape-100x100.webp 100w, https:\/\/vapestornado.com\/wp-content\/uploads\/2026\/01\/AL-Fakher-60k-Crown-Bar-EHOSE-X-60000-Puff-Disposable-Vape.webp 800w\" sizes=\"(max-width: 300px) 100vw, 300px\" \/><figcaption id=\"caption-attachment-4783\" class=\"wp-caption-text\">AL Fakher 60k Crown Bar EHOSE X Eng\u00e5ngsvape med 60000 bloss<\/figcaption><\/figure>\n<\/div>\n<h2 class=\"product-title\"><strong>Al Fakher 60k EHose X Flavorslista f\u00f6r bloss<\/strong><\/h2>\n<p>1 B\u00e4r Bl\u00e5<br \/>\n2 B\u00e4r Is<br \/>\n3 Svartvinb\u00e4r Is<br \/>\n4 Svartvinb\u00e4r Mint<br \/>\n5 Bl\u00e5 Razz Explosion<br \/>\n6 Bl\u00e5 Razz Lemonad<br \/>\n7 Bl\u00e5b\u00e4r K\u00f6rsb\u00e4r<br \/>\n8 Bl\u00e5b\u00e4r Gum<br \/>\n9 Bl\u00e5b\u00e4rs Lemonad<br \/>\n10 Bl\u00e5b\u00e4rs Mynta<br \/>\n11 Bl\u00e5b\u00e4rs Hallon<br \/>\n12 Bl\u00e5b\u00e4r Sur Hallon<br \/>\n13 K\u00f6rsb\u00e4rs Fiesta<br \/>\n14 K\u00f6rsb\u00e4rs Fizz<br \/>\n15 K\u00f6rsb\u00e4rs Is<br \/>\n16 Cool Mango<br \/>\n17 Fusion Pop<br \/>\n18 Druva<br \/>\n19 Druva B\u00e4r<br \/>\n20 Druva Mynta<br \/>\n21 Tuggummi Mynta<br \/>\n22 Hubba<br \/>\n23 Is Bl\u00e5<br \/>\n24 Citron Lime<br \/>\n25 Citron Lime K\u00f6rsb\u00e4r Fizz<br \/>\n26 Citron Mynta<br \/>\n27 Lush Is<br \/>\n28 Magisk K\u00e4rlek<br \/>\n29 Mango Ananas<br \/>\n30 Mentol<br \/>\n31 Mint<br \/>\n32 Blandade B\u00e4r<br \/>\n33 Apelsin Mint<br \/>\n34 Persika Is<br \/>\n35 Ananas Is<br \/>\n36 Rymmdr\u00f6m<br \/>\n37 Mynt<br \/>\n38 Jordgubb K\u00f6rsb\u00e4r<br \/>\n39 Jordgubb Punch<br \/>\n40 Sommardr\u00f6m<br \/>\n41 Tv\u00e5 \u00c4pplen<br \/>\n42 Vattenmelon K\u00f6rsb\u00e4r<br \/>\n43 Vattenmelon Kiwi<br \/>\n44 Vattenmelon Lime<br \/>\n45 Vattenmelon Ananas<\/p>\n<div class=\"flex-shrink-0 flex flex-col relative items-end\">\n<div class=\"pt-0\">\n<div class=\"gizmo-bot-avatar flex h-8 w-8 items-center justify-center overflow-hidden rounded-full\">\n<div class=\"relative p-1 rounded-sm flex items-center justify-center bg-token-main-surface-primary text-token-text-primary h-8 w-8\">\n<h2 data-start=\"1200\" data-end=\"1487\">Vapes Tornado \u2013 Din grossist online vaporbutik f\u00f6r popul\u00e4ra vapes<\/h2>\n<p data-start=\"72\" data-end=\"396\"><strong data-start=\"72\" data-end=\"89\">Vapes Tornado<\/strong> \u00e4r en Europa-fokuserad grossist online vaporbutik som levererar ett noga utvalt sortiment av <strong data-start=\"178\" data-end=\"195\">popul\u00e4ra vapes<\/strong> f\u00f6r professionella k\u00f6pare. Vi arbetar med \u00e5terf\u00f6rs\u00e4ljare, distribut\u00f6rer och onlinebutiker \u00f6ver hela EU som beh\u00f6ver stabil leverans, tydlig produktinformation och varum\u00e4rken som kunder redan k\u00e4nner igen och litar p\u00e5.<\/p>\n<p data-start=\"398\" data-end=\"687\">Vi arbetar med p\u00e5litliga namn som <strong data-start=\"247\" data-end=\"352\">Elf Bar Vape, WASPE Vape, <a href=\"https:\/\/vapestornado.com\/sv\/product\/uzy-150k-puffs-6-in-1-flavor-switch-disposable-vape-pen-wholesale\/\">UZY Vape<\/a>, Bang Vape, Razz Bar Vape, <a href=\"https:\/\/vapestornado.com\/sv\/product\/randm-12000-puffs-fumot-digital-disposable-vape-wholesale-price\/\">Fumot VAPE<\/a>, <a href=\"https:\/\/vapestornado.com\/sv\/product\/original-wga-ultra-35k-35000-puff-rechargeable-crystal-disposable-nicotine-vape-best-discount-price\/\">WGA VAPE<\/a>, <a href=\"https:\/\/vapestornado.com\/sv\/product\/vozol-gear-shisha-25k-25000-puffs-best-dtl-disposable-vape-hookah-cheap-price\/\">VOZOL BAR VAPE<\/a>, och Stag Bar Vape<\/strong>, valda f\u00f6r konsekvent kvalitet och stark efterfr\u00e5gan p\u00e5 den europeiska marknaden.<\/p>\n<h4 data-start=\"1080\" data-end=\"1120\">Byggd f\u00f6r europeiska grossistk\u00f6pare<\/h4>\n<p data-start=\"1121\" data-end=\"1189\">Vapes Tornado \u00e4r strukturerad kring de verkliga behoven hos EU-grossister:<\/p>\n<ul data-start=\"1190\" data-end=\"1400\">\n<li data-start=\"1190\" data-end=\"1239\">\n<p data-start=\"1192\" data-end=\"1239\">Konkurrenskraftiga grossistpriser f\u00f6r bulkbest\u00e4llningar<\/p>\n<\/li>\n<li data-start=\"1240\" data-end=\"1289\">\n<p data-start=\"1242\" data-end=\"1289\">Tydliga produktbeskrivningar och specifikationer<\/p>\n<\/li>\n<li data-start=\"1290\" data-end=\"1330\">\n<p data-start=\"1292\" data-end=\"1330\">Snabb, p\u00e5litlig EU-inriktad logistik<\/p>\n<\/li>\n<li data-start=\"1331\" data-end=\"1400\">\n<p data-start=\"1333\" data-end=\"1400\">En katalog fokuserad p\u00e5 <strong data-start=\"1356\" data-end=\"1373\">popul\u00e4ra vapes<\/strong>, inte \u00f6verm\u00e4ttade SKU:er<\/p>\n<\/li>\n<\/ul>\n<h2 data-start=\"2064\" data-end=\"2115\">Vanliga fr\u00e5gor om Al Fakher 60k EHose X Eng\u00e5ngsvape<\/h2>\n<p data-start=\"3387\" data-end=\"3541\"><strong data-start=\"3387\" data-end=\"3441\">1. Vem \u00e4r Al Fakher 60K E-Hose X designad f\u00f6r?<\/strong><br data-start=\"3441\" data-end=\"3444\" \/>Den \u00e4r byggd f\u00f6r shisha-entusiaster och h\u00f6gvolymdisposable-anv\u00e4ndare som vill ha l\u00e5ngvarig prestanda.<\/p>\n<p data-start=\"3543\" data-end=\"3668\"><strong data-start=\"3543\" data-end=\"3587\">2. Kan anv\u00e4ndare v\u00e4xla mellan DTL och MTL?<\/strong><br data-start=\"3587\" data-end=\"3590\" \/>Ja, dual vaping-l\u00e4ge till\u00e5ter b\u00e5de direkt till lunga och mun till lunga stilar.<\/p>\n<p data-start=\"3670\" data-end=\"3796\"><strong data-start=\"3670\" data-end=\"3708\">3. Hur l\u00e4nge h\u00e5ller batteriet?<\/strong><br data-start=\"3708\" data-end=\"3711\" \/>Det 1000mAh batteriet st\u00f6djer l\u00e5ng daglig anv\u00e4ndning och kan snabbt laddas med Type-C.<\/p>\n<p data-start=\"3798\" data-end=\"3944\"><strong data-start=\"3798\" data-end=\"3857\">4. H\u00e5ller smaken sig konsekvent under 60 000 bloss?<\/strong><br data-start=\"3857\" data-end=\"3860\" \/>Mesh-spolen och 50ml e-juice-systemet hj\u00e4lper till att bibeh\u00e5lla stabil smak och \u00e5ngutsl\u00e4pp.<\/p>\n<p data-start=\"3946\" data-end=\"4135\"><strong data-start=\"3946\" data-end=\"4028\">5. \u00c4r denna modell l\u00e4mplig f\u00f6r eng\u00e5ngsvapes i grossistmarknaden i Sverige och EU?<\/strong><br data-start=\"4028\" data-end=\"4031\" \/>Ja, den \u00e4r utformad f\u00f6r storskalig distribution med p\u00e5litlig prestanda och stark varum\u00e4rkesigenk\u00e4nning.<\/p>\n<\/div>\n<\/div>\n<\/div>\n<\/div>","protected":false},"excerpt":{"rendered":"<p data-start=\"4645\" data-end=\"4728\"><strong data-start=\"0\" data-end=\"26\" data-is-only-node=\"\">Al Fakher 60K E-Hose X<\/strong> levererar upp till <strong data-start=\"42\" data-end=\"58\">60 000 puffar<\/strong> med sl\u00e4t shisha-liknande \u00e5nga, <strong data-start=\"91\" data-end=\"111\">dubbel vapingl\u00e4ge<\/strong>, och en kraftfull <strong data-start=\"128\" data-end=\"160\">1000mAh uppladdningsbara batteri<\/strong>. Byggd f\u00f6r h\u00f6gvolymf\u00f6rs\u00e4ljning, denna <strong data-start=\"196\" data-end=\"223\">Crown Bar Crystal 60000<\/strong> erbjuder stark smak, l\u00e5ng livsl\u00e4ngd, och <strong data-start=\"261\" data-end=\"300\">l\u00e5gt pris p\u00e5 eng\u00e5ngsvape i grossistformat<\/strong> \u00f6ver hela Europa.<\/p>\n<p><strong>L\u00e4gg till Amys whatsapp f\u00f6r att f\u00e5 r\u00e4tt svar och rabatterat pris!<\/strong><\/p>\n<p><img fetchpriority=\"high\" decoding=\"async\" class=\"size-full wp-image-2932\" src=\"https:\/\/vapestornado.com\/wp-content\/uploads\/2024\/12\/Vape-Wholesale.jpg\" alt=\"Vape Partihandel\" width=\"229\" height=\"300\" \/><\/p>\n<h3><a href=\"https:\/\/wa.me\/8617776015835\"><span style=\"color: #ff0000;\"><strong>WhatsApp: +86 17776015835<\/strong><\/span><\/a><\/h3>","protected":false},"featured_media":4784,"comment_status":"open","ping_status":"closed","template":"","meta":{"_acf_changed":false,"_uag_custom_page_level_css":"","_lmt_disableupdate":"no","_lmt_disable":"","_monsterinsights_skip_tracking":false,"_monsterinsights_sitenote_active":false,"_monsterinsights_sitenote_note":"","_monsterinsights_sitenote_category":0,"site-sidebar-layout":"default","site-content-layout":"","ast-site-content-layout":"default","site-content-style":"default","site-sidebar-style":"default","ast-global-header-display":"","ast-banner-title-visibility":"","ast-main-header-display":"","ast-hfb-above-header-display":"","ast-hfb-below-header-display":"","ast-hfb-mobile-header-display":"","site-post-title":"","ast-breadcrumbs-content":"","ast-featured-img":"","footer-sml-layout":"","ast-disable-related-posts":"","theme-transparent-header-meta":"default","adv-header-id-meta":"","stick-header-meta":"","header-above-stick-meta":"","header-main-stick-meta":"","header-below-stick-meta":"","astra-migrate-meta-layouts":"set","ast-page-background-enabled":"default","ast-page-background-meta":{"desktop":{"background-color":"","background-image":"","background-repeat":"repeat","background-position":"center center","background-size":"auto","background-attachment":"scroll","background-type":"","background-media":"","overlay-type":"","overlay-color":"","overlay-opacity":"","overlay-gradient":""},"tablet":{"background-color":"","background-image":"","background-repeat":"repeat","background-position":"center center","background-size":"auto","background-attachment":"scroll","background-type":"","background-media":"","overlay-type":"","overlay-color":"","overlay-opacity":"","overlay-gradient":""},"mobile":{"background-color":"","background-image":"","background-repeat":"repeat","background-position":"center center","background-size":"auto","background-attachment":"scroll","background-type":"","background-media":"","overlay-type":"","overlay-color":"","overlay-opacity":"","overlay-gradient":""}},"ast-content-background-meta":{"desktop":{"background-color":"var(--ast-global-color-5)","background-image":"","background-repeat":"repeat","background-position":"center center","background-size":"auto","background-attachment":"scroll","background-type":"","background-media":"","overlay-type":"","overlay-color":"","overlay-opacity":"","overlay-gradient":""},"tablet":{"background-color":"var(--ast-global-color-5)","background-image":"","background-repeat":"repeat","background-position":"center center","background-size":"auto","background-attachment":"scroll","background-type":"","background-media":"","overlay-type":"","overlay-color":"","overlay-opacity":"","overlay-gradient":""},"mobile":{"background-color":"var(--ast-global-color-5)","background-image":"","background-repeat":"repeat","background-position":"center center","background-size":"auto","background-attachment":"scroll","background-type":"","background-media":"","overlay-type":"","overlay-color":"","overlay-opacity":"","overlay-gradient":""}},"_joinchat":[]},"product_brand":[],"product_cat":[343,531,140,150,152,156,158,142,146,147],"product_tag":[537,536,317,538,291,539,513,512],"class_list":{"0":"post-4788","1":"product","2":"type-product","3":"status-publish","4":"has-post-thumbnail","6":"product_cat-60000-puff","7":"product_cat-al-fakher-crown-bar","8":"product_cat-big-puffs-disposable-vapes","9":"product_cat-buy-disposable-vapes-in-belgium","10":"product_cat-buy-disposable-vapes-in-cermany","11":"product_cat-buy-disposable-vapes-in-poland","12":"product_cat-buy-disposable-vapes-in-spain","13":"product_cat-digital-box-disposable-vapes","14":"product_cat-rechargeable-disposable-vapes","15":"product_cat-shisha-hookah-disposable-vapes","16":"product_tag-al-fakher-60000","17":"product_tag-al-fakher-60k-ehose-x","18":"product_tag-al-fakher-crown-bar","19":"product_tag-disposable-e-shisha","20":"product_tag-disposable-shisha-hookah","21":"product_tag-hookah-shisha","22":"product_tag-vape-discount-price","23":"product_tag-vape-wholesale-distributor","24":"desktop-align-left","25":"tablet-align-left","26":"mobile-align-left","28":"first","29":"instock","30":"sale","31":"shipping-taxable","32":"purchasable","33":"product-type-simple"},"acf":[],"uagb_featured_image_src":{"full":["https:\/\/vapestornado.com\/wp-content\/uploads\/2026\/01\/AL-Fakher-Crown-Bar-EHOSE-X-60K-Disposable-Vape.webp",800,800,false],"thumbnail":["https:\/\/vapestornado.com\/wp-content\/uploads\/2026\/01\/AL-Fakher-Crown-Bar-EHOSE-X-60K-Disposable-Vape-150x150.webp",150,150,true],"medium":["https:\/\/vapestornado.com\/wp-content\/uploads\/2026\/01\/AL-Fakher-Crown-Bar-EHOSE-X-60K-Disposable-Vape-300x300.webp",300,300,true],"medium_large":["https:\/\/vapestornado.com\/wp-content\/uploads\/2026\/01\/AL-Fakher-Crown-Bar-EHOSE-X-60K-Disposable-Vape-768x768.webp",768,768,true],"large":["https:\/\/vapestornado.com\/wp-content\/uploads\/2026\/01\/AL-Fakher-Crown-Bar-EHOSE-X-60K-Disposable-Vape.webp",800,800,false],"1536x1536":["https:\/\/vapestornado.com\/wp-content\/uploads\/2026\/01\/AL-Fakher-Crown-Bar-EHOSE-X-60K-Disposable-Vape.webp",800,800,false],"2048x2048":["https:\/\/vapestornado.com\/wp-content\/uploads\/2026\/01\/AL-Fakher-Crown-Bar-EHOSE-X-60K-Disposable-Vape.webp",800,800,false],"trp-custom-language-flag":["https:\/\/vapestornado.com\/wp-content\/uploads\/2026\/01\/AL-Fakher-Crown-Bar-EHOSE-X-60K-Disposable-Vape-12x12.webp",12,12,true],"woocommerce_thumbnail":["https:\/\/vapestornado.com\/wp-content\/uploads\/2026\/01\/AL-Fakher-Crown-Bar-EHOSE-X-60K-Disposable-Vape-300x300.webp",300,300,true],"woocommerce_single":["https:\/\/vapestornado.com\/wp-content\/uploads\/2026\/01\/AL-Fakher-Crown-Bar-EHOSE-X-60K-Disposable-Vape-600x600.webp",600,600,true],"woocommerce_gallery_thumbnail":["https:\/\/vapestornado.com\/wp-content\/uploads\/2026\/01\/AL-Fakher-Crown-Bar-EHOSE-X-60K-Disposable-Vape-100x100.webp",100,100,true]},"uagb_author_info":{"display_name":"ESAMY","author_link":"https:\/\/vapestornado.com\/sv\/author\/"},"uagb_comment_info":0,"uagb_excerpt":"Al Fakher 60K E-Hose X delivers up to 60,000 puffs with smooth shisha-style vapor, dual vaping mode, and a powerful 1000mAh rechargeable battery. Built for high-volume sales, this Crown Bar Crystal 60000 offers strong flavor, long life, and low-price disposable vape wholesale across Europe. Add Amy's whatsapp to get right reply and discount price! WhatsApp:&hellip;","_links":{"self":[{"href":"https:\/\/vapestornado.com\/sv\/wp-json\/wp\/v2\/product\/4788","targetHints":{"allow":["GET"]}}],"collection":[{"href":"https:\/\/vapestornado.com\/sv\/wp-json\/wp\/v2\/product"}],"about":[{"href":"https:\/\/vapestornado.com\/sv\/wp-json\/wp\/v2\/types\/product"}],"replies":[{"embeddable":true,"href":"https:\/\/vapestornado.com\/sv\/wp-json\/wp\/v2\/comments?post=4788"}],"wp:featuredmedia":[{"embeddable":true,"href":"https:\/\/vapestornado.com\/sv\/wp-json\/wp\/v2\/media\/4784"}],"wp:attachment":[{"href":"https:\/\/vapestornado.com\/sv\/wp-json\/wp\/v2\/media?parent=4788"}],"wp:term":[{"taxonomy":"product_brand","embeddable":true,"href":"https:\/\/vapestornado.com\/sv\/wp-json\/wp\/v2\/product_brand?post=4788"},{"taxonomy":"product_cat","embeddable":true,"href":"https:\/\/vapestornado.com\/sv\/wp-json\/wp\/v2\/product_cat?post=4788"},{"taxonomy":"product_tag","embeddable":true,"href":"https:\/\/vapestornado.com\/sv\/wp-json\/wp\/v2\/product_tag?post=4788"}],"curies":[{"name":"wp","href":"https:\/\/api.w.org\/{rel}","templated":true}]}}