{"id":4702,"date":"2025-12-19T06:49:15","date_gmt":"2025-12-19T06:49:15","guid":{"rendered":"https:\/\/vapestornado.com\/?post_type=product&#038;p=4702"},"modified":"2025-12-22T09:50:48","modified_gmt":"2025-12-22T09:50:48","slug":"okso-120k-120000-puffs-6-in-1-multiple-flavors-screen-digital-display-disposable-vaper","status":"publish","type":"product","link":"https:\/\/vapestornado.com\/sv\/product\/okso-120k-120000-puffs-6-in-1-multiple-flavors-screen-digital-display-disposable-vaper\/","title":{"rendered":"OKSO 120k 120000 Puffs 6 i 1 Flera Smaker Sk\u00e4rm Digital Display Eng\u00e5ngsvape"},"content":{"rendered":"<h2 data-pm-slice=\"1 1 []\">OKSO 120k 120000 Puffs 6 i 1 Flera Smaker Sk\u00e4rm Digital Display Eng\u00e5ngsvape<\/h2>\n<p data-start=\"84\" data-end=\"483\">Den <strong data-start=\"88\" data-end=\"106\">OKSO 120k Puff<\/strong> (\u00e4ven k\u00e4nd som <strong data-start=\"122\" data-end=\"143\">OKSO 120000 Puff<\/strong>) \u00e4r en h\u00f6gkapacitets <strong data-start=\"164\" data-end=\"184\">Eng\u00e5ngs Vapers<\/strong> utformat f\u00f6r vuxna anv\u00e4ndare som vill ha l\u00e5ng anv\u00e4ndningstid, tydlig enhetsfeedback och smakflexibilitet i en solid enhet. Denna modell \u00e4r byggd kring en <strong data-start=\"331\" data-end=\"364\">6 i 1 flera smaker system<\/strong>, en <strong data-start=\"368\" data-end=\"387\">digital display<\/strong>, och en strukturerad intern layout som st\u00f6djer l\u00e5ngvarig anv\u00e4ndning utan att f\u00f6rlita sig p\u00e5 vaga l\u00f6ften.<\/p>\n<p data-start=\"485\" data-end=\"734\">Ist\u00e4llet f\u00f6r att fokusera p\u00e5 utseende eller trender \u00e4r OKSO 120k utformad kring hur folk faktiskt anv\u00e4nder en h\u00f6gpuff-enhet \u00f6ver tid: frekvent daglig anv\u00e4ndning, f\u00f6r\u00e4ndrade smakpreferenser och behovet av att f\u00f6rst\u00e5 vad enheten g\u00f6r vid varje \u00f6gonblick.<\/p>\n<h3 data-start=\"741\" data-end=\"772\">Varf\u00f6r blir denna OKSO 120K Vape-enhet popul\u00e4r?<\/h3>\n<p data-start=\"774\" data-end=\"930\">\u00a0En enhet som \u00e4r klassad vid <strong data-start=\"871\" data-end=\"887\">120000 puffar<\/strong> kr\u00e4ver mer \u00e4n ett stort nummer p\u00e5 f\u00f6rpackningen. Okso 120000 puff vape f\u00e5r element att arbeta tillsammans f\u00f6r att g\u00f6ra prestandan mer f\u00f6ruts\u00e4gbar, vilket \u00e4r grunden f\u00f6r l\u00e5ngsiktig anv\u00e4ndarf\u00f6rtroende.<\/p>\n<ul data-start=\"932\" data-end=\"1451\">\n<li data-start=\"932\" data-end=\"1111\">\n<p data-start=\"934\" data-end=\"1111\"><strong data-start=\"934\" data-end=\"977\">Tretunnigt mesh-spole-system (Mesh-spole \u00d73):<\/strong> flera mesh-k\u00e4rnor hj\u00e4lper till att sprida v\u00e4rmen j\u00e4mnare n\u00e4r v\u00e4tskan f\u00f6rbrukas, vilket st\u00f6djer en j\u00e4mnare \u00e5ngproduktion under l\u00e5ngvarig anv\u00e4ndning.<\/p>\n<\/li>\n<li data-start=\"1112\" data-end=\"1258\">\n<p data-start=\"1114\" data-end=\"1258\"><strong data-start=\"1114\" data-end=\"1152\">Tre e-v\u00e4tskekammare (20ml \u00d73):<\/strong> v\u00e4tskem\u00e4ngden \u00e4r delad f\u00f6r att st\u00f6dja en konsekvent leverans snarare \u00e4n att f\u00f6rlita sig p\u00e5 en stor tank.<\/p>\n<\/li>\n<li data-start=\"1259\" data-end=\"1451\">\n<p data-start=\"1261\" data-end=\"1451\"><strong data-start=\"1261\" data-end=\"1301\">850mAh batteri med digital display:<\/strong> batterikapaciteten \u00e4r anpassad f\u00f6r regelbunden daglig anv\u00e4ndning, medan den <strong data-start=\"1366\" data-end=\"1385\">Digital Display<\/strong> visar enhetens status i realtid, vilket minskar os\u00e4kerheten f\u00f6r anv\u00e4ndaren.<\/p>\n<\/li>\n<li data-start=\"1696\" data-end=\"1852\">\n<p data-start=\"1698\" data-end=\"1852\"><strong data-start=\"1698\" data-end=\"1733\">6-i-1 justerbart smaker system<\/strong> m\u00f6jligg\u00f6r f\u00f6r anv\u00e4ndare att v\u00e4xla mellan smakalternativ inuti en enhet, vilket hj\u00e4lper till att undvika smaktr\u00f6tthet under l\u00e4ngre anv\u00e4ndning.<\/p>\n<\/li>\n<li data-start=\"1853\" data-end=\"1964\">\n<p data-start=\"1855\" data-end=\"1964\"><strong data-start=\"1855\" data-end=\"1874\">Digital Display<\/strong> ger synlig feedback ist\u00e4llet f\u00f6r att f\u00f6rlita sig p\u00e5 gissningar n\u00e4r \u00e5ngstyrkan f\u00f6r\u00e4ndras.<\/p>\n<\/li>\n<li data-start=\"1965\" data-end=\"2065\">\n<p data-start=\"1967\" data-end=\"2065\"><strong data-start=\"1967\" data-end=\"1989\">H\u00f6g puffkapacitet<\/strong> minskar hur ofta en ers\u00e4ttning beh\u00f6vs, vilket \u00e4r viktigt f\u00f6r regelbundna anv\u00e4ndare.<\/p>\n<\/li>\n<\/ul>\n<p>F\u00f6r \u00e5terf\u00f6rs\u00e4ljare och distribut\u00f6rer g\u00f6r dessa samma punkter enheten l\u00e4ttare att f\u00f6rklara, l\u00e4ttare att st\u00f6dja, och l\u00e4mplig f\u00f6r <strong data-start=\"2188\" data-end=\"2210\">Grossistleverant\u00f6r<\/strong> kanaler som konkurrerar p\u00e5 <strong data-start=\"2236\" data-end=\"2251\">Billigt pris<\/strong> utan att offra trov\u00e4rdighet.<\/p>\n<p><strong><span style=\"color: #ff0000;\">L\u00e4gg till Amys whatsapp f\u00f6r snabbt svar och vape-kupong!<\/span><\/strong><\/p>\n<p><img fetchpriority=\"high\" decoding=\"async\" class=\"size-full wp-image-2932\" src=\"https:\/\/vapestornado.com\/wp-content\/uploads\/2024\/12\/Vape-Wholesale.jpg\" alt=\"Vape Partihandel\" width=\"229\" height=\"300\" \/><\/p>\n<h3><a href=\"https:\/\/wa.me\/8617776015835\" target=\"_blank\" rel=\"noopener\"><span style=\"color: #ff0000;\"><strong>WhatsApp: +86 17776015835<\/strong><\/span><\/a><\/h3>\n<p>&nbsp;<\/p>\n<h2><strong>OKSO 120k 120000 Puff Produktfunktioner<\/strong><\/h2>\n<table>\n<thead>\n<tr>\n<th>Funktion<\/th>\n<th>Specifikation<\/th>\n<th>Beskrivning<\/th>\n<\/tr>\n<\/thead>\n<tbody>\n<tr>\n<td>M\u00e4rke<\/td>\n<td>OKSO<\/td>\n<td>Etablerat vape-m\u00e4rke fokuserat p\u00e5 h\u00f6gkapacitets eng\u00e5ngsenheter.<\/td>\n<\/tr>\n<tr>\n<td>Puffkapacitet<\/td>\n<td>Upp till 120000 puffar<\/td>\n<td>Designad f\u00f6r l\u00e5ngvarig anv\u00e4ndning; det faktiska puffantalet varierar beroende p\u00e5 dragl\u00e4ngd och anv\u00e4ndningsvanor.<\/td>\n<\/tr>\n<tr>\n<td>Spolestruktur<\/td>\n<td>Meshspole \u00d73<\/td>\n<td>Flera mesh-k\u00e4rnor hj\u00e4lper till att f\u00f6rdela v\u00e4rmen j\u00e4mnt f\u00f6r mer stabil \u00e5ngproduktion \u00f6ver tid.<\/td>\n<\/tr>\n<tr>\n<td>E-v\u00e4tskekapacitet<\/td>\n<td>20ml \u00d73<\/td>\n<td>Delade v\u00e4tskekammare st\u00f6djer konsekvent leverans under l\u00e5nga anv\u00e4ndningscykler.<\/td>\n<\/tr>\n<tr>\n<td>Nikotinalternativ<\/td>\n<td>2% \/ 5%<\/td>\n<td>Tv\u00e5 styrkealternativ f\u00f6r att matcha olika vuxenpreferenser (marknadsberoende).<\/td>\n<\/tr>\n<tr>\n<td>Batterikapacitet<\/td>\n<td>850mAh<\/td>\n<td>St\u00f6der regelbunden daglig anv\u00e4ndning och stabilt utsl\u00e4pp under l\u00e4ngre sessioner.<\/td>\n<\/tr>\n<tr>\n<td>Visa<\/td>\n<td>Digital Display<\/td>\n<td>Visar enhetens status tydligt, vilket minskar os\u00e4kerhet under anv\u00e4ndning.<\/td>\n<\/tr>\n<tr>\n<td>Smakssystem<\/td>\n<td>6 i 1 Justerbar smak<\/td>\n<td>M\u00f6jligg\u00f6r v\u00e4xling mellan flera smakkompositioner inom en enhet.<\/td>\n<\/tr>\n<tr>\n<td>Produktvikt<\/td>\n<td>166g<\/td>\n<td>Solid konstruktion designad f\u00f6r h\u00f6gkapacitetsanv\u00e4ndning.<\/td>\n<\/tr>\n<tr>\n<td>Produktstorlek<\/td>\n<td>51 \u00d7 51 \u00d7 131mm<\/td>\n<td>Kompakt f\u00f6r sin kapacitet samtidigt som den rymmer intern struktur.<\/td>\n<\/tr>\n<\/tbody>\n<\/table>\n<figure id=\"attachment_4705\" aria-describedby=\"caption-attachment-4705\" style=\"width: 300px\" class=\"wp-caption alignnone\"><img decoding=\"async\" class=\"size-medium wp-image-4705\" src=\"https:\/\/vapestornado.com\/wp-content\/uploads\/2025\/12\/OKSO-120K-120000-Puff-Disposable-Vape-POD-300x300.webp\" alt=\"OKSO 120K 120000 Puff Eng\u00e5ngsvape POD\" width=\"300\" height=\"300\" srcset=\"https:\/\/vapestornado.com\/wp-content\/uploads\/2025\/12\/OKSO-120K-120000-Puff-Disposable-Vape-POD-300x300.webp 300w, https:\/\/vapestornado.com\/wp-content\/uploads\/2025\/12\/OKSO-120K-120000-Puff-Disposable-Vape-POD-150x150.webp 150w, https:\/\/vapestornado.com\/wp-content\/uploads\/2025\/12\/OKSO-120K-120000-Puff-Disposable-Vape-POD-768x768.webp 768w, https:\/\/vapestornado.com\/wp-content\/uploads\/2025\/12\/OKSO-120K-120000-Puff-Disposable-Vape-POD-12x12.webp 12w, https:\/\/vapestornado.com\/wp-content\/uploads\/2025\/12\/OKSO-120K-120000-Puff-Disposable-Vape-POD-600x600.webp 600w, https:\/\/vapestornado.com\/wp-content\/uploads\/2025\/12\/OKSO-120K-120000-Puff-Disposable-Vape-POD-100x100.webp 100w, https:\/\/vapestornado.com\/wp-content\/uploads\/2025\/12\/OKSO-120K-120000-Puff-Disposable-Vape-POD.webp 800w\" sizes=\"(max-width: 300px) 100vw, 300px\" \/><figcaption id=\"caption-attachment-4705\" class=\"wp-caption-text\">OKSO 120K 120000 Puff Eng\u00e5ngsvape POD<\/figcaption><\/figure>\n<h2 class=\"product-title\"><strong>OKSO 120k 120000 Puff Puff Smaklista<\/strong><\/h2>\n<p data-start=\"2550\" data-end=\"2736\">Varje OKSO 120k-enhet inkluderar <strong data-start=\"4483\" data-end=\"4502\">10 smakset<\/strong>, och varje set inneh\u00e5ller <strong data-start=\"4526\" data-end=\"4545\">3 bas-smaker<\/strong> och 3 kombinationssmaker som kan anv\u00e4ndas individuellt eller som parvisa kombinationer. Denna struktur m\u00f6jligg\u00f6r smakv\u00e4xling utan att byta enheter och t\u00e4cker frukt, is, godis, dryck och blandade profiler som \u00e4r vanliga p\u00e5 den europeiska marknaden.<\/p>\n<p data-start=\"238\" data-end=\"252\">1. Jordgubb Is \/ Lush Ice \/ Mamba<br data-start=\"290\" data-end=\"293\" \/>Jordgubb Is + Lush Ice \/ Mamba + Jordgubb Is \/ Lush Ice + Mamba<\/p>\n<p data-start=\"369\" data-end=\"383\">2. Jordgubb Gummy Bear \/ Ananas Is \/ Blue Razz Lemonad<br data-start=\"446\" data-end=\"449\" \/>Jordgubb Gummy Bear + Ananas Is \/ Jordgubb Gummy Bear + Blue Razz Lemonad \/ Blue Razz Lemonad + Ananas Is<\/p>\n<p data-start=\"575\" data-end=\"589\">3. Blue Razz \/ Citron Lime \/ K\u00f6rsb\u00e4r Is<br data-start=\"629\" data-end=\"632\" \/>Blue Razz + K\u00f6rsb\u00e4r Is \/ Blue Razz + Citron Lime \/ Citron Lime + K\u00f6rsb\u00e4r Is<\/p>\n<p data-start=\"712\" data-end=\"726\">4. Kiwi Passion Fruit Guava \/ Drakfrukt Is \/ Bl\u00e5b\u00e4r Is<br data-start=\"790\" data-end=\"793\" \/>Kiwi Passion Fruit Guava + Bl\u00e5b\u00e4r Is \/ Kiwi Passion Fruit Guava + Drakfrukt Is \/ Drakfrukt Is + Bl\u00e5b\u00e4r Is<\/p>\n<p data-start=\"921\" data-end=\"935\">5. Tv\u00e5 \u00c4pplen \/ Fanta \/ Red Bull<br data-start=\"968\" data-end=\"971\" \/>Tv\u00e5 \u00c4pplen + Red Bull \/ Tv\u00e5 \u00c4pplen + Fanta \/ Fanta + Red Bull<\/p>\n<p data-start=\"1037\" data-end=\"1051\">6. Surt \u00c4pple Apelsin \/ Svart Vinb\u00e4r \/ Druva Is<br data-start=\"1101\" data-end=\"1104\" \/>Surt \u00c4pple Apelsin + Druva Is \/ Surt \u00c4pple Apelsin + Svart Vinb\u00e4r \/ Svart Vinb\u00e4r + Druva Is<\/p>\n<p data-start=\"1204\" data-end=\"1218\">7. Jordgubbe Vattenmelon \/ Mango Is \/ Persika Is<br data-start=\"1268\" data-end=\"1271\" \/>Jordgubbe Vattenmelon + Persika Is \/ Jordgubbe Vattenmelon + Mango Is \/ Mango Is + Persika Is<\/p>\n<p data-start=\"1371\" data-end=\"1385\">8. Jordgubbe Hallon \/ Kiwi Frukt \/ Jordgubbe Mango<br data-start=\"1442\" data-end=\"1445\" \/>Jordgubbe Hallon + Jordgubbe Mango \/ Jordgubbe Hallon + Kiwi Frukt \/ Kiwi Frukt + Jordgubbe Mango<\/p>\n<p data-start=\"1559\" data-end=\"1573\">9. Jordgubbe Kiwi \/ Kall Mint \/ Bl\u00e5b\u00e4r Persika Is<br data-start=\"1627\" data-end=\"1630\" \/>Jordgubbe Kiwi + Bl\u00e5b\u00e4r Persika Is \/ Jordgubbe Kiwi + Kall Mint \/ Kall Mint + Bl\u00e5b\u00e4r Persika Is<\/p>\n<p data-start=\"1738\" data-end=\"1753\">10. \u00c4pple P\u00e4ron \/ Blandade B\u00e4r \/ Jordgubbe Granat\u00e4pple<br data-start=\"1810\" data-end=\"1813\" \/>\u00c4pple P\u00e4ron + Jordgubbe Granat\u00e4pple \/ \u00c4pple P\u00e4ron + Blandade B\u00e4r \/ Blandade B\u00e4r + \u00c4pple P\u00e4ron<\/p>\n<div class=\"flex-shrink-0 flex flex-col relative items-end\">\n<div class=\"pt-0\">\n<div class=\"gizmo-bot-avatar flex h-8 w-8 items-center justify-center overflow-hidden rounded-full\">\n<div class=\"relative p-1 rounded-sm flex items-center justify-center bg-token-main-surface-primary text-token-text-primary h-8 w-8\">\n<h2 data-start=\"1200\" data-end=\"1487\">Vapes Tornado \u2013 Din grossist online vapebutik f\u00f6r de b\u00e4sta vapevarum\u00e4rkena<\/h2>\n<p data-start=\"1200\" data-end=\"1487\"><strong data-start=\"141\" data-end=\"177\">Vapes Tornado Online R\u00f6kbutik<\/strong> \u00e4r din p\u00e5litliga k\u00e4lla f\u00f6r <strong data-start=\"205\" data-end=\"270\">premium eng\u00e5ngsvapes och grossist e-cigaretter i Europa<\/strong>. Vi har topplagervarum\u00e4rken som <strong data-start=\"307\" data-end=\"362\"><a href=\"https:\/\/vapestornado.com\/sv\/product\/randm-12000-puffs-fumot-digital-disposable-vape-wholesale-price\/\">Fumot VAPE<\/a>, <a href=\"https:\/\/vapestornado.com\/sv\/product\/original-wga-ultra-35k-35000-puff-rechargeable-crystal-disposable-nicotine-vape-best-discount-price\/\">WGA VAPE<\/a>, <\/strong><strong data-start=\"307\" data-end=\"362\"><a href=\"https:\/\/vapestornado.com\/sv\/product\/vozol-gear-shisha-25k-25000-puffs-best-dtl-disposable-vape-hookah-cheap-price\/\">VOZOL BAR VAPE<\/a>, \u00a0 Bang Vape<\/strong>, och fler, vilket s\u00e4kerst\u00e4ller kvalitet och variation f\u00f6r varje kund. Oavsett om du \u00e4r en individuell vapare eller en grossistk\u00f6pare, levererar vi <strong data-start=\"481\" data-end=\"550\">h\u00f6gpresterande enheter, stilrena designer och konkurrenskraftiga priser<\/strong> f\u00f6r att m\u00f6ta dina behov.<\/p>\n<h2 data-start=\"2064\" data-end=\"2115\">Vanliga Fr\u00e5gor om OKSO 120k 120000 Puff Eng\u00e5ngsvape<\/h2>\n<p data-start=\"5010\" data-end=\"5178\"><strong data-start=\"5010\" data-end=\"5059\">1) \u00c4r 120000 puff garanterat f\u00f6r varje anv\u00e4ndare?<\/strong><br data-start=\"5059\" data-end=\"5062\" \/>Nej. Puffantalet beror p\u00e5 dragl\u00e4ngd, frekvens och individuell anv\u00e4ndningsstil. Det representerar ett maximalt designm\u00e5l.<\/p>\n<p data-start=\"5180\" data-end=\"5363\"><strong data-start=\"5180\" data-end=\"5227\">2) Vad betyder 6 i 1 justerbar smak?<\/strong><br data-start=\"5227\" data-end=\"5230\" \/>Det betyder att en enhet m\u00f6jligg\u00f6r v\u00e4xling mellan flera smakalternativ och kombinationer, vilket hj\u00e4lper till att minska smaktr\u00f6tthet vid l\u00e5ngvarig anv\u00e4ndning.<\/p>\n<p data-start=\"5365\" data-end=\"5536\"><strong data-start=\"5365\" data-end=\"5414\">3) Varf\u00f6r anv\u00e4nder denna enhet tre mesh-spolar?<\/strong><br data-start=\"5414\" data-end=\"5417\" \/>Att anv\u00e4nda flera mesh-spolar hj\u00e4lper till att f\u00f6rdela v\u00e4rmen j\u00e4mnare, vilket st\u00f6djer ett konsekvent \u00e5ngutsl\u00e4pp under l\u00e5ngvarig anv\u00e4ndning.<\/p>\n<p data-start=\"5538\" data-end=\"5709\"><strong data-start=\"5538\" data-end=\"5592\">4) Vilken information visar den digitala displayen?<\/strong><br data-start=\"5592\" data-end=\"5595\" \/>Displayen ger synlig enhetsstatus s\u00e5 att anv\u00e4ndare kan b\u00e4ttre f\u00f6rst\u00e5 prestandaf\u00f6r\u00e4ndringar ist\u00e4llet f\u00f6r att gissa.<\/p>\n<p data-start=\"5711\" data-end=\"5913\"><strong data-start=\"5711\" data-end=\"5766\">5) \u00c4r denna produkt l\u00e4mplig f\u00f6r grossistk\u00f6p?<\/strong><br data-start=\"5766\" data-end=\"5769\" \/>Ja. Funktionerna, stabil prestandadesign och priss\u00e4ttningsstrukturen g\u00f6r den l\u00e4mplig f\u00f6r <strong data-start=\"5861\" data-end=\"5883\">Grossistleverant\u00f6r<\/strong> distribution och bulkbest\u00e4llningar.<\/p>\n<p data-start=\"5915\" data-end=\"6067\" data-is-last-node=\"\" data-is-only-node=\"\">Om du vill kan jag ocks\u00e5 f\u00f6rbereda en <strong data-start=\"5949\" data-end=\"5974\">f\u00f6rkortad B2B-listning<\/strong>, en <strong data-start=\"5978\" data-end=\"6007\">spec-only teknisk blad<\/strong>, eller en <strong data-start=\"6014\" data-end=\"6041\">marknadsspecifik version<\/strong> f\u00f6r olika EU-regioner.<\/p>\n<\/div>\n<\/div>\n<\/div>\n<\/div>","protected":false},"excerpt":{"rendered":"<p data-start=\"3411\" data-end=\"3490\">Den <strong data-start=\"35\" data-end=\"53\">OKSO 120k Puff<\/strong> \u00e4r en h\u00f6gkapacitets- <strong data-start=\"73\" data-end=\"93\">Eng\u00e5ngs Vapers<\/strong> levererar upp till <strong data-start=\"111\" data-end=\"127\">120000 puffar<\/strong> med en <strong data-start=\"135\" data-end=\"161\">6 i 1 flera smaker<\/strong> justerbart system. Det har en <strong data-start=\"195\" data-end=\"214\">digital display<\/strong>, <strong data-start=\"216\" data-end=\"237\">trippel mesh coils<\/strong>, <strong data-start=\"239\" data-end=\"269\">20ml \u00d7 3 e-v\u00e4tskevolym<\/strong>, och en <strong data-start=\"278\" data-end=\"296\">850mAh batteri<\/strong> f\u00f6r stabil, l\u00e5ngvarig prestanda. Utformat f\u00f6r vuxna anv\u00e4ndare och grossistleverans, den <strong data-start=\"383\" data-end=\"427\">OKSO 120000 Puff Eng\u00e5ngs E-cig<\/strong>\u00a0erbjuder praktisk smakkontroll vid en <strong data-start=\"466\" data-end=\"481\">l\u00e5gt pris<\/strong>, med m\u00f6jlighet att <strong data-start=\"502\" data-end=\"516\">k\u00f6pa online<\/strong> fr\u00e5n en p\u00e5litlig grossistleverant\u00f6r.<\/p>\n<p><strong>L\u00e4gg till Amys whatsapp f\u00f6r att f\u00e5 r\u00e4tt svar och rabatterat pris!<\/strong><\/p>\n<p><img fetchpriority=\"high\" decoding=\"async\" class=\"size-full wp-image-2932\" src=\"https:\/\/vapestornado.com\/wp-content\/uploads\/2024\/12\/Vape-Wholesale.jpg\" alt=\"Vape Partihandel\" width=\"229\" height=\"300\" \/><\/p>\n<h3><a href=\"https:\/\/wa.me\/8617776015835\"><span style=\"color: #ff0000;\"><strong>WhatsApp: +86 17776015835<\/strong><\/span><\/a><\/h3>","protected":false},"featured_media":4707,"comment_status":"open","ping_status":"closed","template":"","meta":{"_acf_changed":false,"_uag_custom_page_level_css":"","_lmt_disableupdate":"no","_lmt_disable":"","_monsterinsights_skip_tracking":false,"_monsterinsights_sitenote_active":false,"_monsterinsights_sitenote_note":"","_monsterinsights_sitenote_category":0,"site-sidebar-layout":"default","site-content-layout":"","ast-site-content-layout":"default","site-content-style":"default","site-sidebar-style":"default","ast-global-header-display":"","ast-banner-title-visibility":"","ast-main-header-display":"","ast-hfb-above-header-display":"","ast-hfb-below-header-display":"","ast-hfb-mobile-header-display":"","site-post-title":"","ast-breadcrumbs-content":"","ast-featured-img":"","footer-sml-layout":"","ast-disable-related-posts":"","theme-transparent-header-meta":"default","adv-header-id-meta":"","stick-header-meta":"","header-above-stick-meta":"","header-main-stick-meta":"","header-below-stick-meta":"","astra-migrate-meta-layouts":"set","ast-page-background-enabled":"default","ast-page-background-meta":{"desktop":{"background-color":"","background-image":"","background-repeat":"repeat","background-position":"center center","background-size":"auto","background-attachment":"scroll","background-type":"","background-media":"","overlay-type":"","overlay-color":"","overlay-opacity":"","overlay-gradient":""},"tablet":{"background-color":"","background-image":"","background-repeat":"repeat","background-position":"center center","background-size":"auto","background-attachment":"scroll","background-type":"","background-media":"","overlay-type":"","overlay-color":"","overlay-opacity":"","overlay-gradient":""},"mobile":{"background-color":"","background-image":"","background-repeat":"repeat","background-position":"center center","background-size":"auto","background-attachment":"scroll","background-type":"","background-media":"","overlay-type":"","overlay-color":"","overlay-opacity":"","overlay-gradient":""}},"ast-content-background-meta":{"desktop":{"background-color":"var(--ast-global-color-5)","background-image":"","background-repeat":"repeat","background-position":"center center","background-size":"auto","background-attachment":"scroll","background-type":"","background-media":"","overlay-type":"","overlay-color":"","overlay-opacity":"","overlay-gradient":""},"tablet":{"background-color":"var(--ast-global-color-5)","background-image":"","background-repeat":"repeat","background-position":"center center","background-size":"auto","background-attachment":"scroll","background-type":"","background-media":"","overlay-type":"","overlay-color":"","overlay-opacity":"","overlay-gradient":""},"mobile":{"background-color":"var(--ast-global-color-5)","background-image":"","background-repeat":"repeat","background-position":"center center","background-size":"auto","background-attachment":"scroll","background-type":"","background-media":"","overlay-type":"","overlay-color":"","overlay-opacity":"","overlay-gradient":""}},"_joinchat":[]},"product_brand":[],"product_cat":[347,153,158,142,144,146,60],"product_tag":[387,287,503,502,501,393],"class_list":{"0":"post-4702","1":"product","2":"type-product","3":"status-publish","4":"has-post-thumbnail","6":"product_cat-120000-puff","7":"product_cat-buy-disposable-vapes-in-italy","8":"product_cat-buy-disposable-vapes-in-spain","9":"product_cat-digital-box-disposable-vapes","10":"product_cat-low-nicotine-disposable-vapes","11":"product_cat-rechargeable-disposable-vapes","12":"product_cat-waspe-fihp-vape","13":"product_tag-cigarette-vapor","14":"product_tag-disposable-vape-pen","15":"product_tag-multi-flavor-disposable-vape","16":"product_tag-okso-120000-puff","17":"product_tag-okso-120k","18":"product_tag-vape-cartridge","19":"desktop-align-left","20":"tablet-align-left","21":"mobile-align-left","23":"first","24":"instock","25":"sale","26":"shipping-taxable","27":"purchasable","28":"product-type-simple"},"acf":[],"uagb_featured_image_src":{"full":["https:\/\/vapestornado.com\/wp-content\/uploads\/2025\/12\/OKSO-120K-120000-Puff-Disposable-Vaper.webp",800,800,false],"thumbnail":["https:\/\/vapestornado.com\/wp-content\/uploads\/2025\/12\/OKSO-120K-120000-Puff-Disposable-Vaper-150x150.webp",150,150,true],"medium":["https:\/\/vapestornado.com\/wp-content\/uploads\/2025\/12\/OKSO-120K-120000-Puff-Disposable-Vaper-300x300.webp",300,300,true],"medium_large":["https:\/\/vapestornado.com\/wp-content\/uploads\/2025\/12\/OKSO-120K-120000-Puff-Disposable-Vaper-768x768.webp",768,768,true],"large":["https:\/\/vapestornado.com\/wp-content\/uploads\/2025\/12\/OKSO-120K-120000-Puff-Disposable-Vaper.webp",800,800,false],"1536x1536":["https:\/\/vapestornado.com\/wp-content\/uploads\/2025\/12\/OKSO-120K-120000-Puff-Disposable-Vaper.webp",800,800,false],"2048x2048":["https:\/\/vapestornado.com\/wp-content\/uploads\/2025\/12\/OKSO-120K-120000-Puff-Disposable-Vaper.webp",800,800,false],"trp-custom-language-flag":["https:\/\/vapestornado.com\/wp-content\/uploads\/2025\/12\/OKSO-120K-120000-Puff-Disposable-Vaper-12x12.webp",12,12,true],"woocommerce_thumbnail":["https:\/\/vapestornado.com\/wp-content\/uploads\/2025\/12\/OKSO-120K-120000-Puff-Disposable-Vaper-300x300.webp",300,300,true],"woocommerce_single":["https:\/\/vapestornado.com\/wp-content\/uploads\/2025\/12\/OKSO-120K-120000-Puff-Disposable-Vaper-600x600.webp",600,600,true],"woocommerce_gallery_thumbnail":["https:\/\/vapestornado.com\/wp-content\/uploads\/2025\/12\/OKSO-120K-120000-Puff-Disposable-Vaper-100x100.webp",100,100,true]},"uagb_author_info":{"display_name":"ESAMY","author_link":"https:\/\/vapestornado.com\/sv\/author\/"},"uagb_comment_info":0,"uagb_excerpt":"The OKSO 120k Puff is a high-capacity Disposable Vaper delivering up to 120000 puffs with a 6 in 1 multiple flavor adjustable system. It features a digital display, triple mesh coils, 20ml \u00d7 3 e-liquid capacity, and an 850mAh battery for stable, long-term performance. Designed for adult users and wholesale supply, the OKSO 120000 Puffs&hellip;","_links":{"self":[{"href":"https:\/\/vapestornado.com\/sv\/wp-json\/wp\/v2\/product\/4702","targetHints":{"allow":["GET"]}}],"collection":[{"href":"https:\/\/vapestornado.com\/sv\/wp-json\/wp\/v2\/product"}],"about":[{"href":"https:\/\/vapestornado.com\/sv\/wp-json\/wp\/v2\/types\/product"}],"replies":[{"embeddable":true,"href":"https:\/\/vapestornado.com\/sv\/wp-json\/wp\/v2\/comments?post=4702"}],"wp:featuredmedia":[{"embeddable":true,"href":"https:\/\/vapestornado.com\/sv\/wp-json\/wp\/v2\/media\/4707"}],"wp:attachment":[{"href":"https:\/\/vapestornado.com\/sv\/wp-json\/wp\/v2\/media?parent=4702"}],"wp:term":[{"taxonomy":"product_brand","embeddable":true,"href":"https:\/\/vapestornado.com\/sv\/wp-json\/wp\/v2\/product_brand?post=4702"},{"taxonomy":"product_cat","embeddable":true,"href":"https:\/\/vapestornado.com\/sv\/wp-json\/wp\/v2\/product_cat?post=4702"},{"taxonomy":"product_tag","embeddable":true,"href":"https:\/\/vapestornado.com\/sv\/wp-json\/wp\/v2\/product_tag?post=4702"}],"curies":[{"name":"wp","href":"https:\/\/api.w.org\/{rel}","templated":true}]}}