{"id":4683,"date":"2025-12-13T07:01:25","date_gmt":"2025-12-13T07:01:25","guid":{"rendered":"https:\/\/vapestornado.com\/?post_type=product&#038;p=4683"},"modified":"2025-12-13T07:24:55","modified_gmt":"2025-12-13T07:24:55","slug":"hifancy-legend-20000-puff-disposable-vape-wholesale-e-cigarette-online","status":"publish","type":"product","link":"https:\/\/vapestornado.com\/sv\/product\/hifancy-legend-20000-puff-disposable-vape-wholesale-e-cigarette-online\/","title":{"rendered":"HIFANCY Legend 20000 Puff Eng\u00e5ngs Vape Grossist E-cigaretter Online"},"content":{"rendered":"<h2 data-start=\"0\" data-end=\"73\">HIFANCY Legend 20000 Puff Eng\u00e5ngs Vape Grossist E-cigaretter Online<\/h2>\n<p data-start=\"75\" data-end=\"474\">Den <strong data-start=\"79\" data-end=\"108\">HIFANCY Legend 20000 Puff<\/strong> \u00e4r byggd f\u00f6r vuxna som vill ha en h\u00f6gkapacitets eng\u00e5ngsprodukt med ett uppladdningsbart batteri, stark smakleverans och m\u00f6jlighet att justera dragstilen. F\u00f6r \u00e5terf\u00f6rs\u00e4ljare och distribut\u00f6rer, <strong data-start=\"122\" data-end=\"144\">HIFANCY Legend 20k \u00e4r<\/strong>\u00a0positionerad som en enkel SKU: stort puffantal, stor v\u00e4tskevolym och ett spolsystem som \u00e4r utformat f\u00f6r att beh\u00e5lla smaken konsekvent under l\u00e5ng anv\u00e4ndning.<\/p>\n<h2 data-start=\"615\" data-end=\"666\">Vad du faktiskt k\u00f6per<\/h2>\n<ul data-start=\"668\" data-end=\"1165\">\n<li data-start=\"668\" data-end=\"756\">\n<p data-start=\"670\" data-end=\"756\"><strong data-start=\"670\" data-end=\"692\">H\u00f6g kapacitet f\u00f6r anv\u00e4ndning:<\/strong> upp till <strong data-start=\"699\" data-end=\"715\">20 000 puffar<\/strong> f\u00f6r l\u00e5ng anv\u00e4ndning mellan byten<\/p>\n<\/li>\n<li data-start=\"757\" data-end=\"813\">\n<p data-start=\"759\" data-end=\"813\"><strong data-start=\"759\" data-end=\"784\">Stor v\u00e4tskelagring:<\/strong> <strong data-start=\"785\" data-end=\"811\">30 ml e-v\u00e4tskekapacitet<\/strong><\/p>\n<\/li>\n<li data-start=\"814\" data-end=\"891\">\n<p data-start=\"816\" data-end=\"891\"><strong data-start=\"816\" data-end=\"839\">Uppladdningsbart batteri:<\/strong> <strong data-start=\"840\" data-end=\"858\">750mAh batteri<\/strong> f\u00f6r att st\u00f6dja det h\u00f6ga puffantalet<\/p>\n<\/li>\n<li data-start=\"892\" data-end=\"990\">\n<p data-start=\"894\" data-end=\"990\"><strong data-start=\"894\" data-end=\"919\">Smakfokuserad spole:<\/strong> <strong data-start=\"920\" data-end=\"940\">dubbel mesh-spole<\/strong> f\u00f6r starkare smak och j\u00e4mnare \u00e5ngproduktion<\/p>\n<\/li>\n<li data-start=\"991\" data-end=\"1079\">\n<p data-start=\"993\" data-end=\"1079\"><strong data-start=\"993\" data-end=\"1013\">Justering av k\u00e4nsla:<\/strong> <strong data-start=\"1014\" data-end=\"1035\">tv\u00e5 v\u00e4rmel\u00e4gen<\/strong> s\u00e5 att vape kan vara mjukare eller mer intensiv<\/p>\n<\/li>\n<li data-start=\"1080\" data-end=\"1165\">\n<p data-start=\"1082\" data-end=\"1165\"><strong data-start=\"1082\" data-end=\"1103\">Nikotinalternativ:<\/strong> <strong data-start=\"1104\" data-end=\"1121\">2%, 3% eller 5%<\/strong> (tillg\u00e4nglighet beror p\u00e5 din best\u00e4llning\/marknad)<\/p>\n<\/li>\n<\/ul>\n<h2 data-start=\"1476\" data-end=\"1518\">Varf\u00f6r kunder litar p\u00e5 denna HIFANCY Legend 20k-enhet<\/h2>\n<p data-start=\"1520\" data-end=\"1616\">F\u00f6rtroende f\u00f6r en <strong data-start=\"1532\" data-end=\"1547\">E-cigaretter<\/strong> handlar inte om hype\u2014det handlar om f\u00f6ruts\u00e4gbar prestanda och tydliga specifikationer.<\/p>\n<p data-start=\"1618\" data-end=\"1650\"><strong data-start=\"1618\" data-end=\"1650\">Det som bygger f\u00f6rtroende h\u00e4r:<\/strong><\/p>\n<ul data-start=\"1651\" data-end=\"2107\">\n<li data-start=\"1651\" data-end=\"1794\">\n<p data-start=\"1653\" data-end=\"1794\"><strong data-start=\"1653\" data-end=\"1695\">Transparent kapacitets- och h\u00e5rdvarulista<\/strong> (batteristorlek, v\u00e4tskem\u00e4ngd, coil-typ, v\u00e4rmel\u00e4gen) s\u00e5 att f\u00f6rv\u00e4ntningarna \u00e4r tydliga innan k\u00f6p.<\/p>\n<\/li>\n<li data-start=\"1795\" data-end=\"1950\">\n<p data-start=\"1797\" data-end=\"1950\"><strong data-start=\"1797\" data-end=\"1850\">Uppladdningsbart batteri anpassat till v\u00e4tskem\u00e4ngden<\/strong>, vilket \u00e4r viktigt: en mycket h\u00f6g puff-enhet utan uppladdning tenderar att blekna innan v\u00e4tskan \u00e4r slut.<\/p>\n<\/li>\n<li data-start=\"1951\" data-end=\"2107\">\n<p data-start=\"1953\" data-end=\"2107\"><strong data-start=\"1953\" data-end=\"1980\">Dubbel mesh-coil-design<\/strong>, vald specifikt f\u00f6r att beh\u00e5lla smak och \u00e5ngkvalitet under l\u00e4ngre anv\u00e4ndning, snarare \u00e4n att n\u00e5 sin topp tidigt och sedan avta.<\/p>\n<\/li>\n<\/ul>\n<h2 data-start=\"4583\" data-end=\"4628\">Leverans fr\u00e5n EU-lager (hastighet som betyder n\u00e5got)<\/h2>\n<p data-start=\"4630\" data-end=\"4837\">HIFANCY skickar fr\u00e5n en <strong data-start=\"4651\" data-end=\"4673\">Europeiska lager<\/strong> med vanlig leverans som anges som <strong data-start=\"4706\" data-end=\"4726\">3\u20137 arbetsdagar<\/strong>. Det \u00e4r praktiskt f\u00f6r p\u00e5fyllning och minskar os\u00e4kerheten som f\u00f6ljer med l\u00e5nga internationella transporttider.<\/p>\n<p><strong><span style=\"color: #ff0000;\">L\u00e4gg till Amys whatsapp f\u00f6r snabbt svar och vape-kupong!<\/span><\/strong><\/p>\n<p><img fetchpriority=\"high\" decoding=\"async\" class=\"size-full wp-image-2932\" src=\"https:\/\/vapestornado.com\/wp-content\/uploads\/2024\/12\/Vape-Wholesale.jpg\" alt=\"Vape Partihandel\" width=\"229\" height=\"300\" \/><\/p>\n<h3><a href=\"https:\/\/wa.me\/8617776015835\" target=\"_blank\" rel=\"noopener\"><span style=\"color: #ff0000;\"><strong>WhatsApp: +86 17776015835<\/strong><\/span><\/a><\/h3>\n<p>&nbsp;<\/p>\n<h2><strong>HIFANCY Legend 20000 Puff Produktfunktioner<\/strong><\/h2>\n<ul data-start=\"1195\" data-end=\"1469\">\n<li data-start=\"1195\" data-end=\"1242\">\n<p data-start=\"1197\" data-end=\"1242\"><strong data-start=\"1197\" data-end=\"1214\">Produktnamn:<\/strong> HIFANCY Legend 20000 Puff<\/p>\n<\/li>\n<li data-start=\"1243\" data-end=\"1303\">\n<p data-start=\"1245\" data-end=\"1303\"><strong data-start=\"1245\" data-end=\"1255\">Bloss:<\/strong> 20 000 (anv\u00e4ndning varierar beroende p\u00e5 dragl\u00e4ngd och l\u00e4ge)<\/p>\n<\/li>\n<li data-start=\"1304\" data-end=\"1340\">\n<p data-start=\"1306\" data-end=\"1340\"><strong data-start=\"1306\" data-end=\"1318\">Batteri:<\/strong> 750mAh uppladdningsbar<\/p>\n<\/li>\n<li data-start=\"1341\" data-end=\"1372\">\n<p data-start=\"1343\" data-end=\"1372\"><strong data-start=\"1343\" data-end=\"1365\">E-v\u00e4tskevolym:<\/strong> 30ml<\/p>\n<\/li>\n<li data-start=\"1373\" data-end=\"1403\">\n<p data-start=\"1375\" data-end=\"1403\"><strong data-start=\"1375\" data-end=\"1384\">Spole:<\/strong> dubbel mesh-spole<\/p>\n<\/li>\n<li data-start=\"1404\" data-end=\"1430\">\n<p data-start=\"1406\" data-end=\"1430\"><strong data-start=\"1406\" data-end=\"1418\">V\u00e4rme:<\/strong> Tv\u00e5 l\u00e4gen<\/p>\n<\/li>\n<li data-start=\"1431\" data-end=\"1469\">\n<p data-start=\"1433\" data-end=\"1469\"><strong data-start=\"1433\" data-end=\"1456\">Nikotinstyrkor:<\/strong> 2% \/ 3% \/ 5%<\/p>\n<\/li>\n<\/ul>\n<figure id=\"attachment_4678\" aria-describedby=\"caption-attachment-4678\" style=\"width: 300px\" class=\"wp-caption alignnone\"><img decoding=\"async\" class=\"size-medium wp-image-4678\" src=\"https:\/\/vapestornado.com\/wp-content\/uploads\/2025\/12\/HIFANCY-Legend-20k-20000-Disposable-Vape-with-Screen-300x300.webp\" alt=\"HIFANCY Legend 20k 20000 Eng\u00e5ngs Vape med Sk\u00e4rm\" width=\"300\" height=\"300\" srcset=\"https:\/\/vapestornado.com\/wp-content\/uploads\/2025\/12\/HIFANCY-Legend-20k-20000-Disposable-Vape-with-Screen-300x300.webp 300w, https:\/\/vapestornado.com\/wp-content\/uploads\/2025\/12\/HIFANCY-Legend-20k-20000-Disposable-Vape-with-Screen-150x150.webp 150w, https:\/\/vapestornado.com\/wp-content\/uploads\/2025\/12\/HIFANCY-Legend-20k-20000-Disposable-Vape-with-Screen-768x768.webp 768w, https:\/\/vapestornado.com\/wp-content\/uploads\/2025\/12\/HIFANCY-Legend-20k-20000-Disposable-Vape-with-Screen-12x12.webp 12w, https:\/\/vapestornado.com\/wp-content\/uploads\/2025\/12\/HIFANCY-Legend-20k-20000-Disposable-Vape-with-Screen-600x600.webp 600w, https:\/\/vapestornado.com\/wp-content\/uploads\/2025\/12\/HIFANCY-Legend-20k-20000-Disposable-Vape-with-Screen-100x100.webp 100w, https:\/\/vapestornado.com\/wp-content\/uploads\/2025\/12\/HIFANCY-Legend-20k-20000-Disposable-Vape-with-Screen.webp 800w\" sizes=\"(max-width: 300px) 100vw, 300px\" \/><figcaption id=\"caption-attachment-4678\" class=\"wp-caption-text\">HIFANCY Legend 20k 20000 Eng\u00e5ngs Vape med Sk\u00e4rm<\/figcaption><\/figure>\n<h2 class=\"product-title\"><strong>HIFANCY 20000 Puff Vape Smaklista<\/strong><\/h2>\n<p>1. Jordgubb Mango<br \/>\n2. Jordgubbs vattenmelon<br \/>\n3. Energidryck<br \/>\n4. Jordgubbsjuice<br \/>\n5. Bl\u00e5b\u00e4r Hallon Druva<br \/>\n6. Bl\u00e5 Razz K\u00f6rsb\u00e4r<br \/>\n7. Kiwi Passionfrukt Guava<br \/>\n8. Hallon Vattenmelon Is<br \/>\n9. Vattenmelon Bubbelgum<br \/>\n10. Persika B\u00e4r Is<\/p>\n<div class=\"flex-shrink-0 flex flex-col relative items-end\">\n<div class=\"pt-0\">\n<div class=\"gizmo-bot-avatar flex h-8 w-8 items-center justify-center overflow-hidden rounded-full\">\n<h2 data-start=\"4844\" data-end=\"4888\">Varf\u00f6r k\u00f6pa fr\u00e5n Vapes Tornado \u2013 Din grossist f\u00f6r eng\u00e5ngs vape<\/h2>\n<p data-start=\"4890\" data-end=\"4958\">K\u00f6per via en <strong data-start=\"4903\" data-end=\"4933\">Eng\u00e5ngsvape grossist<\/strong> handlar fr\u00e4mst om kontroll:<\/p>\n<ul data-start=\"4959\" data-end=\"5183\">\n<li data-start=\"4959\" data-end=\"5012\">\n<p data-start=\"4961\" data-end=\"5012\">Du kan planera lager baserat p\u00e5 tillf\u00f6rlitliga ledtider<\/p>\n<\/li>\n<li data-start=\"5013\" data-end=\"5097\">\n<p data-start=\"5015\" data-end=\"5097\">Du kan standardisera b\u00e4sts\u00e4ljande varianter (nikotinstyrkor, popul\u00e4ra smaker)<\/p>\n<\/li>\n<li data-start=\"5098\" data-end=\"5183\">\n<p data-start=\"5100\" data-end=\"5183\">Du undviker \"blandade partier\" som ofta orsakar inkonsekvent kundupplevelse<\/p>\n<\/li>\n<\/ul>\n<p data-start=\"5185\" data-end=\"5250\">Om din butik \u00e4r beroende av \u00e5terkommande k\u00f6pare, \u00e4r konsekvens viktigare \u00e4n nyhet.<\/p>\n<\/div>\n<p data-start=\"5185\" data-end=\"5250\"><strong data-start=\"141\" data-end=\"177\">Vapes Tornado Online R\u00f6kbutik<\/strong> \u00e4r din p\u00e5litliga k\u00e4lla f\u00f6r <strong data-start=\"205\" data-end=\"270\">premium eng\u00e5ngsvapes och grossist e-cigaretter i Europa<\/strong>. Vi har topplagervarum\u00e4rken som <strong data-start=\"307\" data-end=\"362\"><a href=\"https:\/\/vapestornado.com\/sv\/product\/randm-12000-puffs-fumot-digital-disposable-vape-wholesale-price\/\">Fumot VAPE<\/a>, <a href=\"https:\/\/vapestornado.com\/sv\/product\/waspe-150k-150000-puff-6-in-1-disposable-vape-pen-cartridge-best-wholesale-price-in-poland\/\">WASPE VAPE<\/a>, <\/strong><strong data-start=\"307\" data-end=\"362\"><a href=\"https:\/\/vapestornado.com\/sv\/product\/vozol-gear-shisha-25k-25000-puffs-best-dtl-disposable-vape-hookah-cheap-price\/\">VOZOL BAR VAPE<\/a>, \u00a0 Bang Vape<\/strong>, och fler, vilket s\u00e4kerst\u00e4ller kvalitet och variation f\u00f6r varje kund. Oavsett om du \u00e4r en individuell vapare eller en grossistk\u00f6pare, levererar vi <strong data-start=\"481\" data-end=\"550\">h\u00f6gpresterande enheter, stilrena designer och konkurrenskraftiga priser<\/strong> f\u00f6r att m\u00f6ta dina behov.<\/p>\n<div class=\"gizmo-bot-avatar flex h-8 w-8 items-center justify-center overflow-hidden rounded-full\">\n<div class=\"relative p-1 rounded-sm flex items-center justify-center bg-token-main-surface-primary text-token-text-primary h-8 w-8\">\n<h2 data-start=\"2064\" data-end=\"2115\">Vanliga fr\u00e5gor om HIFANCY Legend 20k Puff Vape<\/h2>\n<p data-start=\"5721\" data-end=\"5865\"><strong data-start=\"5721\" data-end=\"5779\">Betyder 20 000 puff att den h\u00e5ller lika l\u00e4nge f\u00f6r alla?<\/strong><br data-start=\"5779\" data-end=\"5782\" \/>Nej. Puffantalet beror p\u00e5 dragl\u00e4ngd, v\u00e4rmel\u00e4ge och hur ofta du anv\u00e4nder den.<\/p>\n<p data-start=\"5867\" data-end=\"6086\"><strong data-start=\"5867\" data-end=\"5904\">Kommer smaken att f\u00f6rbli konsekvent?<\/strong><br data-start=\"5904\" data-end=\"5907\" \/>Double Mesh Coil \u00e4r utformad f\u00f6r att f\u00f6rb\u00e4ttra smakleverans och stabilitet under l\u00e4ngre anv\u00e4ndning j\u00e4mf\u00f6rt med enklare coil-inst\u00e4llningar, men verkliga resultat beror fortfarande p\u00e5 anv\u00e4ndningsstil.<\/p>\n<p data-start=\"6088\" data-end=\"6253\"><strong data-start=\"6088\" data-end=\"6109\">\u00c4r den p\u00e5fyllbar?<\/strong><br data-start=\"6109\" data-end=\"6112\" \/>Den \u00e4r positionerad som en h\u00f6gkapacitets eng\u00e5ngsprodukt med <strong data-start=\"6163\" data-end=\"6171\">30ml<\/strong> fylld e-liquid; du laddar batteriet, men den \u00e4r inte avsedd att fyllas p\u00e5.<\/p>\n<\/div>\n<\/div>\n<\/div>\n<\/div>","protected":false},"excerpt":{"rendered":"<div class=\"flex flex-col text-sm @w-xl\/main:pt-header-height pb-25\">\n<article class=\"text-token-text-primary w-full focus:outline-none [--shadow-height:45px] has-data-writing-block:pointer-events-none has-data-writing-block:-mt-(--shadow-height) has-data-writing-block:pt-(--shadow-height) [&amp;:has([data-writing-block])&gt;*]:pointer-events-auto scroll-mt-[calc(var(--header-height)+min(200px,max(70px,20svh)))]\" dir=\"auto\" tabindex=\"-1\" data-turn-id=\"a4553bcb-7aea-49d6-9fac-81ba76f7aa52\" data-testid=\"conversation-turn-52\" data-scroll-anchor=\"true\" data-turn=\"assistant\">\n<div class=\"text-base my-auto mx-auto pb-10 [--thread-content-margin:--spacing(4)] @w-sm\/main:[--thread-content-margin:--spacing(6)] @w-lg\/main:[--thread-content-margin:--spacing(16)] px-(--thread-content-margin)\">\n<div class=\"[--thread-content-max-width:40rem] @w-lg\/main:[--thread-content-max-width:48rem] mx-auto max-w-(--thread-content-max-width) flex-1 group\/turn-messages focus-visible:outline-hidden relative flex w-full min-w-0 flex-col agent-turn\" tabindex=\"-1\">\n<div class=\"flex max-w-full flex-col grow\">\n<div class=\"min-h-8 text-message relative flex w-full flex-col items-end gap-2 text-start break-words whitespace-normal [.text-message+&amp;]:mt-1\" dir=\"auto\" data-message-author-role=\"assistant\" data-message-id=\"337d04d0-1322-4696-922d-486732393dc5\" data-message-model-slug=\"gpt-5-2-thinking\">\n<div class=\"flex w-full flex-col gap-1 empty:hidden first:pt-[1px]\">\n<div class=\"markdown prose dark:prose-invert w-full break-words light markdown-new-styling\">\n<p data-start=\"4468\" data-end=\"4743\" data-is-last-node=\"\" data-is-only-node=\"\">Den <strong data-start=\"289\" data-end=\"318\" data-is-only-node=\"\">HIFANCY Legend 20000 Puff<\/strong> \u00e4r en h\u00f6gkapacitets eng\u00e5ngs e-cigaretter designad f\u00f6r l\u00e5ngvarig anv\u00e4ndning och konsekvent smak. Den har upp till 20 000 puffar, en e-v\u00e4tskevolym p\u00e5 30 ml, ett 750mAh uppladdningsbart batteri och en dubbel mesh-spole f\u00f6r stabil \u00e5ngproduktion. Med tv\u00e5 uppv\u00e4rmningsl\u00e4gen och flera nikotinalternativ passar den vuxna anv\u00e4ndare som vill ha en h\u00e5llbar, p\u00e5litlig eng\u00e5ngsprodukt till ett konkurrenskraftigt grossistpris.<\/p>\n<\/div>\n<\/div>\n<\/div>\n<\/div>\n<div class=\"z-0 flex min-h-[46px] justify-start\"><\/div>\n<\/div>\n<\/div>\n<\/article>\n<\/div>\n<p><strong>L\u00e4gg till Amys whatsapp f\u00f6r att f\u00e5 r\u00e4tt svar och rabatterat pris!<\/strong><\/p>\n<p><img fetchpriority=\"high\" decoding=\"async\" class=\"size-full wp-image-2932\" src=\"https:\/\/vapestornado.com\/wp-content\/uploads\/2024\/12\/Vape-Wholesale.jpg\" alt=\"Vape Partihandel\" width=\"229\" height=\"300\" \/><\/p>\n<h3><a href=\"https:\/\/wa.me\/8617776015835\"><span style=\"color: #ff0000;\"><strong>WhatsApp: +86 17776015835<\/strong><\/span><\/a><\/h3>","protected":false},"featured_media":4682,"comment_status":"open","ping_status":"closed","template":"","meta":{"_acf_changed":false,"_uag_custom_page_level_css":"","_lmt_disableupdate":"no","_lmt_disable":"","_monsterinsights_skip_tracking":false,"_monsterinsights_sitenote_active":false,"_monsterinsights_sitenote_note":"","_monsterinsights_sitenote_category":0,"site-sidebar-layout":"default","site-content-layout":"","ast-site-content-layout":"default","site-content-style":"default","site-sidebar-style":"default","ast-global-header-display":"","ast-banner-title-visibility":"","ast-main-header-display":"","ast-hfb-above-header-display":"","ast-hfb-below-header-display":"","ast-hfb-mobile-header-display":"","site-post-title":"","ast-breadcrumbs-content":"","ast-featured-img":"","footer-sml-layout":"","ast-disable-related-posts":"","theme-transparent-header-meta":"default","adv-header-id-meta":"","stick-header-meta":"","header-above-stick-meta":"","header-main-stick-meta":"","header-below-stick-meta":"","astra-migrate-meta-layouts":"set","ast-page-background-enabled":"default","ast-page-background-meta":{"desktop":{"background-color":"","background-image":"","background-repeat":"repeat","background-position":"center center","background-size":"auto","background-attachment":"scroll","background-type":"","background-media":"","overlay-type":"","overlay-color":"","overlay-opacity":"","overlay-gradient":""},"tablet":{"background-color":"","background-image":"","background-repeat":"repeat","background-position":"center center","background-size":"auto","background-attachment":"scroll","background-type":"","background-media":"","overlay-type":"","overlay-color":"","overlay-opacity":"","overlay-gradient":""},"mobile":{"background-color":"","background-image":"","background-repeat":"repeat","background-position":"center center","background-size":"auto","background-attachment":"scroll","background-type":"","background-media":"","overlay-type":"","overlay-color":"","overlay-opacity":"","overlay-gradient":""}},"ast-content-background-meta":{"desktop":{"background-color":"var(--ast-global-color-5)","background-image":"","background-repeat":"repeat","background-position":"center center","background-size":"auto","background-attachment":"scroll","background-type":"","background-media":"","overlay-type":"","overlay-color":"","overlay-opacity":"","overlay-gradient":""},"tablet":{"background-color":"var(--ast-global-color-5)","background-image":"","background-repeat":"repeat","background-position":"center center","background-size":"auto","background-attachment":"scroll","background-type":"","background-media":"","overlay-type":"","overlay-color":"","overlay-opacity":"","overlay-gradient":""},"mobile":{"background-color":"var(--ast-global-color-5)","background-image":"","background-repeat":"repeat","background-position":"center center","background-size":"auto","background-attachment":"scroll","background-type":"","background-media":"","overlay-type":"","overlay-color":"","overlay-opacity":"","overlay-gradient":""}},"_joinchat":[]},"product_brand":[],"product_cat":[69,152,156,142,492,357,146],"product_tag":[396,497,368,495,496,390,397],"class_list":{"0":"post-4683","1":"product","2":"type-product","3":"status-publish","4":"has-post-thumbnail","6":"product_cat-20000-puff","7":"product_cat-buy-disposable-vapes-in-cermany","8":"product_cat-buy-disposable-vapes-in-poland","9":"product_cat-digital-box-disposable-vapes","10":"product_cat-eu-warehouse","11":"product_cat-flavor-adjustable-vape","12":"product_cat-rechargeable-disposable-vapes","13":"product_tag-disposable-cigarette","14":"product_tag-disposable-vape-wholesaler","15":"product_tag-disposable-vapor","16":"product_tag-hifancy-legend-20000-puff","17":"product_tag-hifancy-legend-20k","18":"product_tag-online-vape-shop","19":"product_tag-vapor","20":"desktop-align-left","21":"tablet-align-left","22":"mobile-align-left","24":"first","25":"instock","26":"sale","27":"shipping-taxable","28":"purchasable","29":"product-type-simple"},"acf":[],"uagb_featured_image_src":{"full":["https:\/\/vapestornado.com\/wp-content\/uploads\/2025\/12\/HIFANCY-LEGEND-20000-Vape-Factory-Price.webp",800,800,false],"thumbnail":["https:\/\/vapestornado.com\/wp-content\/uploads\/2025\/12\/HIFANCY-LEGEND-20000-Vape-Factory-Price-150x150.webp",150,150,true],"medium":["https:\/\/vapestornado.com\/wp-content\/uploads\/2025\/12\/HIFANCY-LEGEND-20000-Vape-Factory-Price-300x300.webp",300,300,true],"medium_large":["https:\/\/vapestornado.com\/wp-content\/uploads\/2025\/12\/HIFANCY-LEGEND-20000-Vape-Factory-Price-768x768.webp",768,768,true],"large":["https:\/\/vapestornado.com\/wp-content\/uploads\/2025\/12\/HIFANCY-LEGEND-20000-Vape-Factory-Price.webp",800,800,false],"1536x1536":["https:\/\/vapestornado.com\/wp-content\/uploads\/2025\/12\/HIFANCY-LEGEND-20000-Vape-Factory-Price.webp",800,800,false],"2048x2048":["https:\/\/vapestornado.com\/wp-content\/uploads\/2025\/12\/HIFANCY-LEGEND-20000-Vape-Factory-Price.webp",800,800,false],"trp-custom-language-flag":["https:\/\/vapestornado.com\/wp-content\/uploads\/2025\/12\/HIFANCY-LEGEND-20000-Vape-Factory-Price-12x12.webp",12,12,true],"woocommerce_thumbnail":["https:\/\/vapestornado.com\/wp-content\/uploads\/2025\/12\/HIFANCY-LEGEND-20000-Vape-Factory-Price-300x300.webp",300,300,true],"woocommerce_single":["https:\/\/vapestornado.com\/wp-content\/uploads\/2025\/12\/HIFANCY-LEGEND-20000-Vape-Factory-Price-600x600.webp",600,600,true],"woocommerce_gallery_thumbnail":["https:\/\/vapestornado.com\/wp-content\/uploads\/2025\/12\/HIFANCY-LEGEND-20000-Vape-Factory-Price-100x100.webp",100,100,true]},"uagb_author_info":{"display_name":"ESAMY","author_link":"https:\/\/vapestornado.com\/sv\/author\/"},"uagb_comment_info":0,"uagb_excerpt":"The HIFANCY Legend 20000 Puff is a high-capacity disposable E-cigarette designed for long-lasting use and consistent flavour. It features up to 20,000 puffs, a 30ml e-liquid capacity, a 750mAh rechargeable battery, and a double mesh coil for stable vapour output. With two heating modes and multiple nicotine options, it suits adult users who want a&hellip;","_links":{"self":[{"href":"https:\/\/vapestornado.com\/sv\/wp-json\/wp\/v2\/product\/4683","targetHints":{"allow":["GET"]}}],"collection":[{"href":"https:\/\/vapestornado.com\/sv\/wp-json\/wp\/v2\/product"}],"about":[{"href":"https:\/\/vapestornado.com\/sv\/wp-json\/wp\/v2\/types\/product"}],"replies":[{"embeddable":true,"href":"https:\/\/vapestornado.com\/sv\/wp-json\/wp\/v2\/comments?post=4683"}],"wp:featuredmedia":[{"embeddable":true,"href":"https:\/\/vapestornado.com\/sv\/wp-json\/wp\/v2\/media\/4682"}],"wp:attachment":[{"href":"https:\/\/vapestornado.com\/sv\/wp-json\/wp\/v2\/media?parent=4683"}],"wp:term":[{"taxonomy":"product_brand","embeddable":true,"href":"https:\/\/vapestornado.com\/sv\/wp-json\/wp\/v2\/product_brand?post=4683"},{"taxonomy":"product_cat","embeddable":true,"href":"https:\/\/vapestornado.com\/sv\/wp-json\/wp\/v2\/product_cat?post=4683"},{"taxonomy":"product_tag","embeddable":true,"href":"https:\/\/vapestornado.com\/sv\/wp-json\/wp\/v2\/product_tag?post=4683"}],"curies":[{"name":"wp","href":"https:\/\/api.w.org\/{rel}","templated":true}]}}