{"id":4603,"date":"2025-11-28T07:57:59","date_gmt":"2025-11-28T07:57:59","guid":{"rendered":"https:\/\/vapestornado.com\/?post_type=product&#038;p=4603"},"modified":"2025-11-28T08:20:23","modified_gmt":"2025-11-28T08:20:23","slug":"airmez-fox-80000-puffs-2-in-1-best-80k-vape-wholesale-eu-warehouse","status":"publish","type":"product","link":"https:\/\/vapestornado.com\/sv\/product\/airmez-fox-80000-puffs-2-in-1-best-80k-vape-wholesale-eu-warehouse\/","title":{"rendered":"Airmez Fox 80000 Puffar 2 i 1 B\u00e4sta 80k Vape Grossist EU-lager"},"content":{"rendered":"<h2 data-pm-slice=\"1 1 []\">Airmez Fox 80000 Puffar 2-i-1 Kristall Eng\u00e5ngsvape EU-Grosshandel<\/h2>\n<p data-start=\"663\" data-end=\"1062\">Den <strong data-start=\"667\" data-end=\"693\">Airmez Fox 80000 Puffar<\/strong> \u00e4r en kompakt, h\u00f6gkapacitets <strong data-start=\"722\" data-end=\"755\">eng\u00e5ngsvape med dubbel smak<\/strong> utformad f\u00f6r europeiska \u00e5terf\u00f6rs\u00e4ljare som s\u00f6ker en p\u00e5litlig, l\u00e5ngvarig enhet med stark smakattraktion. Detta 2-i-1-system ger anv\u00e4ndare omedelbar tillg\u00e5ng till tv\u00e5 olika smakprofiler i en enhet, vilket g\u00f6r det till <strong data-start=\"966\" data-end=\"984\">Airmez Fox 80k<\/strong> ett utm\u00e4rkt val f\u00f6r kunder som vill ha variation utan att byta enhet.<\/p>\n<p data-start=\"1064\" data-end=\"1435\">Varje enhet \u00e4r f\u00f6rfylld med <strong data-start=\"1094\" data-end=\"1114\">30 ml e-v\u00e4tska<\/strong> (15 ml per smak) och drivs av en <strong data-start=\"1151\" data-end=\"1189\">650mAh Typ-C uppladdningsbart batteri<\/strong>, vilket ger ett konsekvent utsl\u00e4pp som passar hela 80 000-puffcykeln. Den <strong data-start=\"1267\" data-end=\"1285\">1.0\u03a9 n\u00e4tspole<\/strong> producerar mjuk \u00e5nga, stabil halsk\u00e4nsla och p\u00e5litlig smakprestanda som passar v\u00e4l med konsumentpreferenser i viktiga EU-marknader.<\/p>\n<p data-start=\"1437\" data-end=\"1897\">En tydlig LED-sk\u00e4rm visar batteri- och e-v\u00e4tskeniv\u00e5 i realtid, vilket minskar os\u00e4kerhet och f\u00f6rb\u00e4ttrar anv\u00e4ndarn\u00f6jdheten. \u00c5terf\u00f6rs\u00e4ljare drar nytta av stadiga \u00e5terkommande f\u00f6rs\u00e4ljningar och f\u00f6renklad lagerhantering, s\u00e4rskilt med snabb oms\u00e4ttning fr\u00e5n v\u00e5rt <strong data-start=\"1680\" data-end=\"1701\">Vape EU-lager<\/strong>. Tack vare sin kristallstilslackering sticker Airmez Fox 80000 ut visuellt och tilltalar yngre vuxna i \u00e5ldern 25\u201335 som s\u00f6ker en premiumliknande enhet inom 80k puff-kategorin.<\/p>\n<p data-start=\"1899\" data-end=\"2203\">F\u00f6r grossister passar Airmez Fox 80k smidigt in i befintliga h\u00f6gpuffproduktserier och fungerar som en stark mid-premium SKU i <strong data-start=\"2032\" data-end=\"2048\">kristallvape<\/strong> segmentet. Den dubbla smakformatet, stora tankstorleken och l\u00e5nga livsl\u00e4ngden g\u00f6r den till ett av de mest praktiska bulkink\u00f6psalternativen i klassen f\u00f6r 80 000 puff.<\/p>\n<p data-start=\"666\" data-end=\"1235\"><strong style=\"font-size: 16px;\"><span style=\"color: #ff0000;\">L\u00e4gg till Amys WhatsApp f\u00f6r att f\u00e5 r\u00e4tt svar och rabatterat pris!<\/span><\/strong><\/p>\n<p><img fetchpriority=\"high\" decoding=\"async\" class=\"size-full wp-image-2932\" src=\"https:\/\/vapestornado.com\/wp-content\/uploads\/2024\/12\/Vape-Wholesale.jpg\" alt=\"Vape Partihandel\" width=\"229\" height=\"300\" \/><\/p>\n<h3><a href=\"https:\/\/wa.me\/8617776015835\" target=\"_blank\" rel=\"noopener\"><span style=\"color: #ff0000;\"><strong>WhatsApp: +86 17776015835<\/strong><\/span><\/a><\/h3>\n<p>&nbsp;<\/p>\n<h2><strong>AIRMEZ FOX 120000 Puffar Eng\u00e5ngs Vapes Smaklista<\/strong><\/h2>\n<ul>\n<li data-start=\"2691\" data-end=\"2752\">\n<p data-start=\"2693\" data-end=\"2752\"><strong data-start=\"2693\" data-end=\"2715\">Dubbelt smakv\u00e4xlare<\/strong> med tv\u00e5 smaker i varje enhet.<\/p>\n<\/li>\n<li data-start=\"2753\" data-end=\"2814\">\n<p data-start=\"2755\" data-end=\"2814\"><strong data-start=\"2755\" data-end=\"2777\">Upp till 80 000 puffar<\/strong> f\u00f6r l\u00e5ngvarig, l\u00e5gunderh\u00e5llsbruk.<\/p>\n<\/li>\n<li data-start=\"2815\" data-end=\"2862\">\n<p data-start=\"2817\" data-end=\"2862\"><strong data-start=\"2817\" data-end=\"2840\">Totalt 30 ml kapacitet<\/strong> (15 ml per smak).<\/p>\n<\/li>\n<li data-start=\"2863\" data-end=\"2926\">\n<p data-start=\"2865\" data-end=\"2926\"><strong data-start=\"2865\" data-end=\"2883\">1.0\u03a9 n\u00e4tspole<\/strong> f\u00f6r stark, konsekvent smakleverans.<\/p>\n<\/li>\n<li data-start=\"2927\" data-end=\"2984\">\n<p data-start=\"2929\" data-end=\"2984\"><strong data-start=\"2929\" data-end=\"2955\">650mAh Type-C-laddning<\/strong> f\u00f6r att bibeh\u00e5lla stabilt utg\u00e5ngssignal.<\/p>\n<\/li>\n<li data-start=\"2985\" data-end=\"3040\">\n<p data-start=\"2987\" data-end=\"3040\"><strong data-start=\"2987\" data-end=\"3012\">LED-sk\u00e4rmsindikatorer<\/strong> f\u00f6r batteri och e-juice.<\/p>\n<\/li>\n<li data-start=\"3041\" data-end=\"3100\">\n<p data-start=\"3043\" data-end=\"3100\"><strong data-start=\"3043\" data-end=\"3072\">Kristallstil kroppdesign<\/strong> f\u00f6r premiumhyllans attraktivitet.<\/p>\n<\/li>\n<li data-start=\"3101\" data-end=\"3165\">\n<p data-start=\"3103\" data-end=\"3165\"><strong data-start=\"3103\" data-end=\"3132\">Tillg\u00e4nglighet i EU-lager<\/strong> f\u00f6r snabb grossistuppfyllelse.<\/p>\n<\/li>\n<\/ul>\n<figure id=\"attachment_4605\" aria-describedby=\"caption-attachment-4605\" style=\"width: 800px\" class=\"wp-caption alignnone\"><img decoding=\"async\" class=\"wp-image-4605 size-full\" src=\"https:\/\/vapestornado.com\/wp-content\/uploads\/2025\/11\/Airmez-FOX-2IN1-80K-Dual-Flavors-Disposable-Vapor.webp\" alt=\"Airmez FOX 2IN1 80K Dual Flavors Eng\u00e5ngsdampare\" width=\"800\" height=\"800\" srcset=\"https:\/\/vapestornado.com\/wp-content\/uploads\/2025\/11\/Airmez-FOX-2IN1-80K-Dual-Flavors-Disposable-Vapor.webp 800w, https:\/\/vapestornado.com\/wp-content\/uploads\/2025\/11\/Airmez-FOX-2IN1-80K-Dual-Flavors-Disposable-Vapor-300x300.webp 300w, https:\/\/vapestornado.com\/wp-content\/uploads\/2025\/11\/Airmez-FOX-2IN1-80K-Dual-Flavors-Disposable-Vapor-150x150.webp 150w, https:\/\/vapestornado.com\/wp-content\/uploads\/2025\/11\/Airmez-FOX-2IN1-80K-Dual-Flavors-Disposable-Vapor-768x768.webp 768w, https:\/\/vapestornado.com\/wp-content\/uploads\/2025\/11\/Airmez-FOX-2IN1-80K-Dual-Flavors-Disposable-Vapor-12x12.webp 12w, https:\/\/vapestornado.com\/wp-content\/uploads\/2025\/11\/Airmez-FOX-2IN1-80K-Dual-Flavors-Disposable-Vapor-600x600.webp 600w, https:\/\/vapestornado.com\/wp-content\/uploads\/2025\/11\/Airmez-FOX-2IN1-80K-Dual-Flavors-Disposable-Vapor-100x100.webp 100w\" sizes=\"(max-width: 800px) 100vw, 800px\" \/><figcaption id=\"caption-attachment-4605\" class=\"wp-caption-text\">Airmez FOX 2IN1 80K Dual Flavors Eng\u00e5ngsdampare<\/figcaption><\/figure>\n<h2><strong>Vad g\u00f6r Airmez Fox 80000 Puffar Eng\u00e5ngsvapepen unik?<\/strong><\/h2>\n<ol data-start=\"2243\" data-end=\"2640\">\n<li data-start=\"2243\" data-end=\"2296\">\n<p data-start=\"2246\" data-end=\"2296\"><strong data-start=\"2246\" data-end=\"2294\">Jordgubb vattenmelon \/ Jordgubb hallon<\/strong><\/p>\n<\/li>\n<li data-start=\"2297\" data-end=\"2336\">\n<p data-start=\"2300\" data-end=\"2336\"><strong data-start=\"2300\" data-end=\"2334\">Bl\u00e5 Razz Lemonad \/ Blue Razz<\/strong><\/p>\n<\/li>\n<li data-start=\"2337\" data-end=\"2384\">\n<p data-start=\"2340\" data-end=\"2384\"><strong data-start=\"2340\" data-end=\"2382\">Bl\u00e5b\u00e4r p\u00e5 is \/ Bl\u00e5b\u00e4r hallon<\/strong><\/p>\n<\/li>\n<li data-start=\"2385\" data-end=\"2426\">\n<p data-start=\"2388\" data-end=\"2426\"><strong data-start=\"2388\" data-end=\"2424\">Jordgubbar Kiwi \/ Jordgubb Is<\/strong><\/p>\n<\/li>\n<li data-start=\"2427\" data-end=\"2473\">\n<p data-start=\"2430\" data-end=\"2473\"><strong data-start=\"2430\" data-end=\"2471\">Vattenmelon Is \/ Hallon Vattenmelon<\/strong><\/p>\n<\/li>\n<li data-start=\"2474\" data-end=\"2510\">\n<p data-start=\"2477\" data-end=\"2510\"><strong data-start=\"2477\" data-end=\"2508\">B\u00e4r Lemonad \/ Citron Lime<\/strong><\/p>\n<\/li>\n<li data-start=\"2511\" data-end=\"2544\">\n<p data-start=\"2514\" data-end=\"2544\"><strong data-start=\"2514\" data-end=\"2542\">Tropisk Frukt \/ Love 66<\/strong><\/p>\n<\/li>\n<li data-start=\"2545\" data-end=\"2577\">\n<p data-start=\"2548\" data-end=\"2577\"><strong data-start=\"2548\" data-end=\"2575\">Persika Is \/ Mango Persika<\/strong><\/p>\n<\/li>\n<li data-start=\"2578\" data-end=\"2610\">\n<p data-start=\"2581\" data-end=\"2610\"><strong data-start=\"2581\" data-end=\"2608\">Blandade B\u00e4r \/ Dr Blue<\/strong><\/p>\n<\/li>\n<li data-start=\"2611\" data-end=\"2640\">\n<p data-start=\"2615\" data-end=\"2640\"><strong data-start=\"2615\" data-end=\"2640\">Druva Is \/ Svart Is<\/strong><\/p>\n<\/li>\n<\/ol>\n<h3 data-start=\"168\" data-end=\"239\"><strong data-start=\"172\" data-end=\"239\">Airmez Fox 80K vs Airmez Fox 120K \u2014 Vilken passar din marknad?<\/strong><\/h3>\n<p data-start=\"241\" data-end=\"1149\">N\u00e4r man j\u00e4mf\u00f6r <strong data-start=\"260\" data-end=\"278\">Airmez Fox 80K<\/strong> med <strong data-start=\"288\" data-end=\"307\">Airmez Fox 120K<\/strong>, handlar den avg\u00f6rande skillnaden om puffkapacitet och smakflexibilitet. <strong data-start=\"380\" data-end=\"398\">Airmez Fox 80K<\/strong> \u00e4r byggd f\u00f6r k\u00f6pare som vill ha en <em data-start=\"430\" data-end=\"470\">kompakt, dubbel-smak eng\u00e5ngsvape<\/em> med totalt 30 ml e-juice och en skarp mesh-spole smak, vilket g\u00f6r den idealisk f\u00f6r h\u00f6g oms\u00e4ttning av grossistbest\u00e4llningar riktade mot snabbf\u00f6rs\u00e4ljningsbutiker. \u00c5 andra sidan, <strong data-start=\"636\" data-end=\"655\">Airmez Fox 120K<\/strong> erbjuder ett mycket st\u00f6rre puffantal med en flerf\u00e4rgad setup och ett st\u00f6rre e-juice-kammare, vilket ger l\u00e5ngvariga anv\u00e4ndare mer variation och uth\u00e5llighet. B\u00e5da anv\u00e4nder ett Type-C uppladdningsbart system och LED-display, men <strong data-start=\"862\" data-end=\"912\">80K fokuserar p\u00e5 effektiv, vardaglig prestanda<\/strong>, medan <strong data-start=\"924\" data-end=\"1019\">120K \u00e4r utformad f\u00f6r kunder som vill ha en f\u00f6rl\u00e4ngd, premium session med mer smakdjup<\/strong>. F\u00f6r grossistk\u00f6pare \u00e4r valet enkelt: <strong data-start=\"1065\" data-end=\"1100\">Airmez Fox 80K f\u00f6r volymf\u00f6rs\u00e4ljning<\/strong>, <strong data-start=\"1102\" data-end=\"1148\"><a href=\"https:\/\/vapestornado.com\/sv\/product\/airmez-fox-120000-puffs-4-flavour-big-puff-disposable-vape-pen-shop-eu-warehouse\/\">Airmez Fox 120K<\/a> f\u00f6r premium upsell-marginaler<\/strong>.<\/p>\n<h2>Varf\u00f6r V\u00e4lja Vapestornado f\u00f6r K\u00f6p av Eng\u00e5ngsvape Online?<\/h2>\n<div class=\"flex-shrink-0 flex flex-col relative items-end\">\n<div class=\"pt-0\">\n<div class=\"gizmo-bot-avatar flex h-8 w-8 items-center justify-center overflow-hidden rounded-full\">\n<div class=\"relative p-1 rounded-sm flex items-center justify-center bg-token-main-surface-primary text-token-text-primary h-8 w-8\">\n<p data-start=\"136\" data-end=\"686\">V\u00e4lja <strong data-start=\"145\" data-end=\"161\">Vapestornado<\/strong> som din p\u00e5litliga k\u00e4lla f\u00f6r <strong data-start=\"193\" data-end=\"227\">Elf Bar Moon Night 40000 Puffar<\/strong> betyder att samarbeta med en leverant\u00f6r som verkligen f\u00f6rst\u00e5r kraven fr\u00e5n EU-grossister och \u00e5terf\u00f6rs\u00e4ljare. Vi prioriterar <strong data-start=\"343\" data-end=\"409\">snabb leverans, verifierad lagerstatus och stabil l\u00e5ngsiktig leverans<\/strong>, vilket s\u00e4kerst\u00e4ller att du aldrig m\u00f6ter lageravbrott\u2014s\u00e4rskilt f\u00f6r volymvaror som <a href=\"https:\/\/vapestornado.com\/sv\/product\/airmez-140k-puff-6-in-1-flavor-disposable-vape-wholesale-disposable-vape-pen-eu-warehouse\/\">Airmez 140k 6 i 1 ,<\/a>\u00a0<a href=\"https:\/\/vapestornado.com\/sv\/product\/bang-legend-150000-puffs-6-in-1-flavor-newest-disposable-vape\/\">HiFancy Space 50000, Bang Legend 150k <\/a>Alla produkter \u00e4r h\u00e4mtade fr\u00e5n certifierade kanaler, vilket ger dig <strong data-start=\"582\" data-end=\"651\">autentisk kvalitet, konsekvent smakprestanda och tillf\u00f6rlitlighet<\/strong> som m\u00f6ter EU-marknadens f\u00f6rv\u00e4ntningar.<\/p>\n<\/div>\n<h2>FAQ om Airmez Fox 80000 Puff Bar<\/h2>\n<div class=\"relative p-1 rounded-sm flex items-center justify-center bg-token-main-surface-primary text-token-text-primary h-8 w-8\">\n<p data-start=\"3200\" data-end=\"3383\"><strong data-start=\"3200\" data-end=\"3262\">1. Hur byter jag smak p\u00e5 Airmez Fox 80000 Puffs?<\/strong><br data-start=\"3262\" data-end=\"3265\" \/>Enheten anv\u00e4nder ett enkelt dubbelkanalsystem\u2014anv\u00e4ndare byter smak via toppv\u00e4ljaren utan att starta om enheten.<\/p>\n<p data-start=\"3385\" data-end=\"3533\"><strong data-start=\"3385\" data-end=\"3438\">2. Hur l\u00e4nge varar vanligtvis Airmez Fox 80k?<\/strong><br data-start=\"3438\" data-end=\"3441\" \/>Dess kapacitet p\u00e5 80 000 puff ger en l\u00e5ng anv\u00e4ndningscykel, beroende p\u00e5 individuella vapingvanor.<\/p>\n<p data-start=\"3535\" data-end=\"3651\"><strong data-start=\"3535\" data-end=\"3587\">3. St\u00f6der Airmez Fox 80000 uppladdning?<\/strong><br data-start=\"3587\" data-end=\"3590\" \/>Ja, den inkluderar en Type-C-laddningsport och ett 650mAh batteri.<\/p>\n<p data-start=\"3653\" data-end=\"3769\"><strong data-start=\"3653\" data-end=\"3703\">4. Vilken information visar LED-sk\u00e4rmen?<\/strong><br data-start=\"3703\" data-end=\"3706\" \/>Batteriniv\u00e5 och \u00e5terst\u00e5ende e-juice f\u00f6r b\u00e5da smakkamrarna.<\/p>\n<p data-start=\"3771\" data-end=\"3934\"><strong data-start=\"3771\" data-end=\"3834\">5. Kan Airmez Fox 80k skickas fr\u00e5n EU-lagret?<\/strong><br data-start=\"3834\" data-end=\"3837\" \/>Ja, grossister kan f\u00e5 snabb och skatteeffektiv leverans genom v\u00e5r <strong data-start=\"3912\" data-end=\"3933\">Vape EU-lager<\/strong>.<\/p>\n<\/div>\n<\/div>\n<\/div>\n<\/div>","protected":false},"excerpt":{"rendered":"<article class=\"text-token-text-primary w-full focus:outline-none [--shadow-height:45px] has-data-writing-block:pointer-events-none has-data-writing-block:-mt-(--shadow-height) has-data-writing-block:pt-(--shadow-height) [&amp;:has([data-writing-block])&gt;*]:pointer-events-auto [content-visibility:auto] supports-[content-visibility:auto]:[contain-intrinsic-size:auto_100lvh] scroll-mt-[calc(var(--header-height)+min(200px,max(70px,20svh)))]\" dir=\"auto\" tabindex=\"-1\" data-turn-id=\"86ca9d92-7a10-4e6b-bda0-15f9df36adca\" data-testid=\"conversation-turn-120\" data-scroll-anchor=\"true\" data-turn=\"assistant\">\n<div class=\"text-base my-auto mx-auto pb-10 [--thread-content-margin:--spacing(4)] thread-sm:[--thread-content-margin:--spacing(6)] thread-lg:[--thread-content-margin:--spacing(16)] px-(--thread-content-margin)\">\n<div class=\"[--thread-content-max-width:40rem] thread-lg:[--thread-content-max-width:48rem] mx-auto max-w-(--thread-content-max-width) flex-1 group\/turn-messages focus-visible:outline-hidden relative flex w-full min-w-0 flex-col agent-turn\" tabindex=\"-1\">\n<div class=\"flex max-w-full flex-col grow\">\n<div class=\"min-h-8 text-message relative flex w-full flex-col items-end gap-2 text-start break-words whitespace-normal [.text-message+&amp;]:mt-1\" dir=\"auto\" data-message-author-role=\"assistant\" data-message-id=\"43b070d6-bf28-4fbe-8049-1032a61ea3ac\" data-message-model-slug=\"gpt-5\">\n<div class=\"flex w-full flex-col gap-1 empty:hidden first:pt-[1px]\">\n<div class=\"markdown prose dark:prose-invert w-full break-words light markdown-new-styling\">\n<article class=\"text-token-text-primary w-full focus:outline-none [--shadow-height:45px] has-data-writing-block:pointer-events-none has-data-writing-block:-mt-(--shadow-height) has-data-writing-block:pt-(--shadow-height) [&amp;:has([data-writing-block])&gt;*]:pointer-events-auto [content-visibility:auto] supports-[content-visibility:auto]:[contain-intrinsic-size:auto_100lvh] scroll-mt-[calc(var(--header-height)+min(200px,max(70px,20svh)))]\" dir=\"auto\" tabindex=\"-1\" data-turn-id=\"4d6f00b8-d41a-438b-8912-05a895842882\" data-testid=\"conversation-turn-130\" data-scroll-anchor=\"true\" data-turn=\"assistant\">\n<div class=\"text-base my-auto mx-auto pb-10 [--thread-content-margin:--spacing(4)] thread-sm:[--thread-content-margin:--spacing(6)] thread-lg:[--thread-content-margin:--spacing(16)] px-(--thread-content-margin)\">\n<div class=\"[--thread-content-max-width:40rem] thread-lg:[--thread-content-max-width:48rem] mx-auto max-w-(--thread-content-max-width) flex-1 group\/turn-messages focus-visible:outline-hidden relative flex w-full min-w-0 flex-col agent-turn\" tabindex=\"-1\">\n<div class=\"flex max-w-full flex-col grow\">\n<div class=\"min-h-8 text-message relative flex w-full flex-col items-end gap-2 text-start break-words whitespace-normal [.text-message+&amp;]:mt-1\" dir=\"auto\" data-message-author-role=\"assistant\" data-message-id=\"f3c520bf-c043-4392-87ea-b3bf1b3ae6d3\" data-message-model-slug=\"gpt-5-1\">\n<div class=\"flex w-full flex-col gap-1 empty:hidden first:pt-[1px]\">\n<div class=\"markdown prose dark:prose-invert w-full break-words light markdown-new-styling\">\n<p>Airmez Fox 80000 Puffar 2-i-1 Kristall Vape \u2013 B\u00e4sta 80k Grosshandel fr\u00e5n EU-lager<br \/>\nAirmez Fox 80k Dual Smak Eng\u00e5ngsvape \u2013 Stors\u00e4ljning Klar i Europa<br \/>\nAirmez Fox 80000 Puffar Dubbel Smak Kristall Eng\u00e5ngspenna \u2013 EU-lager<\/p>\n<\/div>\n<\/div>\n<\/div>\n<\/div>\n<\/div>\n<\/div>\n<\/article>\n<\/div>\n<\/div>\n<\/div>\n<\/div>\n<\/div>\n<\/div>\n<\/article>\n<p><img fetchpriority=\"high\" decoding=\"async\" class=\"size-full wp-image-2932\" src=\"https:\/\/vapestornado.com\/wp-content\/uploads\/2024\/12\/Vape-Wholesale.jpg\" alt=\"Vape Partihandel\" width=\"229\" height=\"300\" \/><\/p>\n<h3><a href=\"https:\/\/wa.me\/8617776015835\"><span style=\"color: #ff0000;\"><strong>WhatsApp: +86 17776015835<\/strong><\/span><\/a><\/h3>\n<p>&nbsp;<\/p>","protected":false},"featured_media":4604,"comment_status":"open","ping_status":"closed","template":"","meta":{"_acf_changed":false,"_uag_custom_page_level_css":"","_lmt_disableupdate":"no","_lmt_disable":"","_monsterinsights_skip_tracking":false,"_monsterinsights_sitenote_active":false,"_monsterinsights_sitenote_note":"","_monsterinsights_sitenote_category":0,"site-sidebar-layout":"default","site-content-layout":"","ast-site-content-layout":"default","site-content-style":"default","site-sidebar-style":"default","ast-global-header-display":"","ast-banner-title-visibility":"","ast-main-header-display":"","ast-hfb-above-header-display":"","ast-hfb-below-header-display":"","ast-hfb-mobile-header-display":"","site-post-title":"","ast-breadcrumbs-content":"","ast-featured-img":"","footer-sml-layout":"","ast-disable-related-posts":"","theme-transparent-header-meta":"default","adv-header-id-meta":"","stick-header-meta":"","header-above-stick-meta":"","header-main-stick-meta":"","header-below-stick-meta":"","astra-migrate-meta-layouts":"set","ast-page-background-enabled":"default","ast-page-background-meta":{"desktop":{"background-color":"","background-image":"","background-repeat":"repeat","background-position":"center center","background-size":"auto","background-attachment":"scroll","background-type":"","background-media":"","overlay-type":"","overlay-color":"","overlay-opacity":"","overlay-gradient":""},"tablet":{"background-color":"","background-image":"","background-repeat":"repeat","background-position":"center center","background-size":"auto","background-attachment":"scroll","background-type":"","background-media":"","overlay-type":"","overlay-color":"","overlay-opacity":"","overlay-gradient":""},"mobile":{"background-color":"","background-image":"","background-repeat":"repeat","background-position":"center center","background-size":"auto","background-attachment":"scroll","background-type":"","background-media":"","overlay-type":"","overlay-color":"","overlay-opacity":"","overlay-gradient":""}},"ast-content-background-meta":{"desktop":{"background-color":"var(--ast-global-color-5)","background-image":"","background-repeat":"repeat","background-position":"center center","background-size":"auto","background-attachment":"scroll","background-type":"","background-media":"","overlay-type":"","overlay-color":"","overlay-opacity":"","overlay-gradient":""},"tablet":{"background-color":"var(--ast-global-color-5)","background-image":"","background-repeat":"repeat","background-position":"center center","background-size":"auto","background-attachment":"scroll","background-type":"","background-media":"","overlay-type":"","overlay-color":"","overlay-opacity":"","overlay-gradient":""},"mobile":{"background-color":"var(--ast-global-color-5)","background-image":"","background-repeat":"repeat","background-position":"center center","background-size":"auto","background-attachment":"scroll","background-type":"","background-media":"","overlay-type":"","overlay-color":"","overlay-opacity":"","overlay-gradient":""}},"_joinchat":{"telephone":"17776015835"}},"product_brand":[],"product_cat":[149,150,151,152,144],"product_tag":[460,458,459,105,446,436,451,455],"class_list":{"0":"post-4603","1":"product","2":"type-product","3":"status-publish","4":"has-post-thumbnail","6":"product_cat-buy-disposable-vapes-in-austria","7":"product_cat-buy-disposable-vapes-in-belgium","8":"product_cat-buy-disposable-vapes-in-france","9":"product_cat-buy-disposable-vapes-in-cermany","10":"product_cat-low-nicotine-disposable-vapes","11":"product_tag-80k-puff-vape","12":"product_tag-airmez-fox-80000","13":"product_tag-airmez-fox-80k","14":"product_tag-digital-disposable-vape","15":"product_tag-disposable-vape-kit","16":"product_tag-shop-vape-online","17":"product_tag-vape-free-shipping","18":"product_tag-vape-pen-eu-warehouse","19":"desktop-align-left","20":"tablet-align-left","21":"mobile-align-left","23":"first","24":"instock","25":"sale","26":"shipping-taxable","27":"purchasable","28":"product-type-simple"},"acf":[],"uagb_featured_image_src":{"full":["https:\/\/vapestornado.com\/wp-content\/uploads\/2025\/11\/80K-Puffs-Double-Taste-LED-Display-Disposable-Vape-Airmez.webp",800,800,false],"thumbnail":["https:\/\/vapestornado.com\/wp-content\/uploads\/2025\/11\/80K-Puffs-Double-Taste-LED-Display-Disposable-Vape-Airmez-150x150.webp",150,150,true],"medium":["https:\/\/vapestornado.com\/wp-content\/uploads\/2025\/11\/80K-Puffs-Double-Taste-LED-Display-Disposable-Vape-Airmez-300x300.webp",300,300,true],"medium_large":["https:\/\/vapestornado.com\/wp-content\/uploads\/2025\/11\/80K-Puffs-Double-Taste-LED-Display-Disposable-Vape-Airmez-768x768.webp",768,768,true],"large":["https:\/\/vapestornado.com\/wp-content\/uploads\/2025\/11\/80K-Puffs-Double-Taste-LED-Display-Disposable-Vape-Airmez.webp",800,800,false],"1536x1536":["https:\/\/vapestornado.com\/wp-content\/uploads\/2025\/11\/80K-Puffs-Double-Taste-LED-Display-Disposable-Vape-Airmez.webp",800,800,false],"2048x2048":["https:\/\/vapestornado.com\/wp-content\/uploads\/2025\/11\/80K-Puffs-Double-Taste-LED-Display-Disposable-Vape-Airmez.webp",800,800,false],"trp-custom-language-flag":["https:\/\/vapestornado.com\/wp-content\/uploads\/2025\/11\/80K-Puffs-Double-Taste-LED-Display-Disposable-Vape-Airmez-12x12.webp",12,12,true],"woocommerce_thumbnail":["https:\/\/vapestornado.com\/wp-content\/uploads\/2025\/11\/80K-Puffs-Double-Taste-LED-Display-Disposable-Vape-Airmez-300x300.webp",300,300,true],"woocommerce_single":["https:\/\/vapestornado.com\/wp-content\/uploads\/2025\/11\/80K-Puffs-Double-Taste-LED-Display-Disposable-Vape-Airmez-600x600.webp",600,600,true],"woocommerce_gallery_thumbnail":["https:\/\/vapestornado.com\/wp-content\/uploads\/2025\/11\/80K-Puffs-Double-Taste-LED-Display-Disposable-Vape-Airmez-100x100.webp",100,100,true]},"uagb_author_info":{"display_name":"ESAMY","author_link":"https:\/\/vapestornado.com\/sv\/author\/"},"uagb_comment_info":0,"uagb_excerpt":"Airmez Fox 80000 Puffs 2-in-1 Crystal Vape \u2013 Best 80k Wholesale from EU Warehouse Airmez Fox 80k Dual Flavor Disposable Vape \u2013 Bulk Buy Ready in Europe Airmez Fox 80000 Puffs Double Flavor Crystal Disposable Pen \u2013 EU Warehouse Stock WhatsApp: +86 17776015835 &nbsp;","_links":{"self":[{"href":"https:\/\/vapestornado.com\/sv\/wp-json\/wp\/v2\/product\/4603","targetHints":{"allow":["GET"]}}],"collection":[{"href":"https:\/\/vapestornado.com\/sv\/wp-json\/wp\/v2\/product"}],"about":[{"href":"https:\/\/vapestornado.com\/sv\/wp-json\/wp\/v2\/types\/product"}],"replies":[{"embeddable":true,"href":"https:\/\/vapestornado.com\/sv\/wp-json\/wp\/v2\/comments?post=4603"}],"wp:featuredmedia":[{"embeddable":true,"href":"https:\/\/vapestornado.com\/sv\/wp-json\/wp\/v2\/media\/4604"}],"wp:attachment":[{"href":"https:\/\/vapestornado.com\/sv\/wp-json\/wp\/v2\/media?parent=4603"}],"wp:term":[{"taxonomy":"product_brand","embeddable":true,"href":"https:\/\/vapestornado.com\/sv\/wp-json\/wp\/v2\/product_brand?post=4603"},{"taxonomy":"product_cat","embeddable":true,"href":"https:\/\/vapestornado.com\/sv\/wp-json\/wp\/v2\/product_cat?post=4603"},{"taxonomy":"product_tag","embeddable":true,"href":"https:\/\/vapestornado.com\/sv\/wp-json\/wp\/v2\/product_tag?post=4603"}],"curies":[{"name":"wp","href":"https:\/\/api.w.org\/{rel}","templated":true}]}}