{"id":4602,"date":"2025-11-26T09:30:42","date_gmt":"2025-11-26T09:30:42","guid":{"rendered":"https:\/\/vapestornado.com\/?post_type=product&#038;p=4602"},"modified":"2025-11-26T09:38:13","modified_gmt":"2025-11-26T09:38:13","slug":"airmez-140k-puff-6-in-1-flavor-disposable-vape-wholesale-disposable-vape-pen-eu-warehouse","status":"publish","type":"product","link":"https:\/\/vapestornado.com\/sv\/product\/airmez-140k-puff-6-in-1-flavor-disposable-vape-wholesale-disposable-vape-pen-eu-warehouse\/","title":{"rendered":"Airmez 140k Puff 6 i 1 Smak Eng\u00e5ngs Vape Partihandel Eng\u00e5ngs Vape Pen EU Lager"},"content":{"rendered":"<h2 data-pm-slice=\"1 1 []\">Airmez 140k Puff \u2013 6-i-1 Stor Puff Eng\u00e5ngsvape Pen EU Lager<\/h2>\n<p data-start=\"636\" data-end=\"1125\">Den <strong data-start=\"640\" data-end=\"660\">Airmez 140k Puff<\/strong> \u00e4r byggd f\u00f6r partihandlare som vill ha en exklusiv <strong data-start=\"711\" data-end=\"739\">Big Puff Eng\u00e5ngsvape<\/strong> med \u00e4kta multi-smak flexibilitet och p\u00e5litlig prestanda. Denna enhet integrerar <strong data-start=\"824\" data-end=\"852\">sex blandade frukt-smaker<\/strong> \u00f6ver <strong data-start=\"860\" data-end=\"880\">tre 15ml tankar<\/strong>, vilket ger anv\u00e4ndare en total <strong data-start=\"903\" data-end=\"920\">45ml kapacitet<\/strong> st\u00f6dd av <strong data-start=\"934\" data-end=\"953\">1.0\u03a9 mesh coils (n\u00e4tspolar)<\/strong> f\u00f6r ren, konsekvent smakleverans. Med ett utg\u00e5ngsskydd f\u00f6r l\u00e5ngvarig anv\u00e4ndning, <strong data-start=\"1039\" data-end=\"1061\">Airmez 140000 Puff<\/strong> sticker ut p\u00e5 marknader som kr\u00e4ver h\u00e5llbarhet och smakvariation.<\/p>\n<p data-start=\"1127\" data-end=\"1481\">En roterande munstycke l\u00e5ter anv\u00e4ndare byta smaker direkt, vilket positionerar Airmez 140k Puff som en av de mest praktiska <strong data-start=\"1249\" data-end=\"1276\">justerbara smakvapes<\/strong> i sin kategori. Den stora LED-sk\u00e4rmen visar puffantal, batteriniv\u00e5 och aktiva smaklinjer\u2014vilket g\u00f6r enheten l\u00e4ttare att hantera f\u00f6r dagliga anv\u00e4ndare samtidigt som det minskar kundserviceproblem f\u00f6r \u00e5terf\u00f6rs\u00e4ljare.<\/p>\n<p data-start=\"1483\" data-end=\"1941\">Drivs av ett <strong data-start=\"1496\" data-end=\"1534\">650mAh Typ-C uppladdningsbart batteri<\/strong>, Airmez 140k Puff bibeh\u00e5ller stabil prestanda under l\u00e4ngre sessioner. F\u00f6r distribut\u00f6rer och \u00e5terf\u00f6rs\u00e4ljare, inneb\u00e4r det att <strong data-start=\"1659\" data-end=\"1680\">Shop EU-lager<\/strong> betyder snabbare leverans, skattefri r\u00f6relse inom EU, och p\u00e5litlig lagerstatus. Denna modell fungerar bra i grupper av manliga konsumenter i \u00e5ldern 25\u201335 \u00e5r \u00f6ver hela Europa tack vare sin starka puff-rating, dj\u00e4rva smakblandningar och robust, resev\u00e4nlig design.<\/p>\n<p data-start=\"1943\" data-end=\"2251\">Den <strong data-start=\"1947\" data-end=\"1969\">Airmez 140000 Puff<\/strong> \u00e4r l\u00e4mplig f\u00f6r \u00e5terf\u00f6rs\u00e4ljare som beh\u00f6ver en premium eng\u00e5ngspenna med h\u00f6ga kund\u00e5terk\u00f6psfrekvenser, s\u00e4rskilt de som fokuserar p\u00e5 fruktblandningar och flersmakande enheter. Grossistf\u00f6rpackning s\u00e4kerst\u00e4ller enkel f\u00f6rvaring och effektiv distribution, vilket g\u00f6r den till en idealisk allround SKU f\u00f6r EU:s vape-butiker.<\/p>\n<p data-start=\"666\" data-end=\"1235\"><strong style=\"font-size: 16px;\"><span style=\"color: #ff0000;\">L\u00e4gg till Amys WhatsApp f\u00f6r att f\u00e5 r\u00e4tt svar och rabatterat pris!<\/span><\/strong><\/p>\n<p><img fetchpriority=\"high\" decoding=\"async\" class=\"size-full wp-image-2932\" src=\"https:\/\/vapestornado.com\/wp-content\/uploads\/2024\/12\/Vape-Wholesale.jpg\" alt=\"Vape Partihandel\" width=\"229\" height=\"300\" \/><\/p>\n<h3><a href=\"https:\/\/wa.me\/8617776015835\" target=\"_blank\" rel=\"noopener\"><span style=\"color: #ff0000;\"><strong>WhatsApp: +86 17776015835<\/strong><\/span><\/a><\/h3>\n<p>&nbsp;<\/p>\n<h2><strong>Airmez 140k Puff Eng\u00e5ngs Vape Smaklista<\/strong><\/h2>\n<ol data-start=\"2293\" data-end=\"2788\">\n<li data-start=\"2293\" data-end=\"2327\">\n<p data-start=\"2296\" data-end=\"2327\">K\u00f6rsb\u00e4r \/ Cola Is \/ Mango Is<\/p>\n<\/li>\n<li data-start=\"2328\" data-end=\"2387\">\n<p data-start=\"2331\" data-end=\"2387\">Drakfrukt Is \/ Fruktfusion \/ Hallonvattenmelon<\/p>\n<\/li>\n<li data-start=\"2388\" data-end=\"2432\">\n<p data-start=\"2391\" data-end=\"2432\">Love 66 \/ B\u00e4rlemonad \/ Fizzig K\u00f6rsb\u00e4r<\/p>\n<\/li>\n<li data-start=\"2433\" data-end=\"2487\">\n<p data-start=\"2436\" data-end=\"2487\">Blandade B\u00e4r \/ Bl\u00e5 Razz Lemonad \/ K\u00f6rsb\u00e4rsb\u00e4r<\/p>\n<\/li>\n<li data-start=\"2488\" data-end=\"2532\">\n<p data-start=\"2491\" data-end=\"2532\">Love 66 \/ Jordgubbskiwi \/ Persika Mango<\/p>\n<\/li>\n<li data-start=\"2533\" data-end=\"2569\">\n<p data-start=\"2536\" data-end=\"2569\">Persika Is \/ Mango Is \/ Dr Blue<\/p>\n<\/li>\n<li data-start=\"2570\" data-end=\"2629\">\n<p data-start=\"2573\" data-end=\"2629\">Jordgubbsbanan \/ Vimto \/ Bl\u00e5b\u00e4r K\u00f6rsb\u00e4r Tranb\u00e4r<\/p>\n<\/li>\n<li data-start=\"2630\" data-end=\"2679\">\n<p data-start=\"2633\" data-end=\"2679\">Jordgubbs Is \/ Rosa Lemonad \/ Bingo Crush<\/p>\n<\/li>\n<li data-start=\"2680\" data-end=\"2737\">\n<p data-start=\"2683\" data-end=\"2737\">Vattenmelon \/ Trippel Melon \/ Bl\u00e5 Razz Is<\/p>\n<\/li>\n<li data-start=\"2738\" data-end=\"2788\">\n<p data-start=\"2742\" data-end=\"2788\">Vattenmelon Is \/ Bingo Crush \/ Blandade B\u00e4r<\/p>\n<\/li>\n<\/ol>\n<figure id=\"attachment_4599\" aria-describedby=\"caption-attachment-4599\" style=\"width: 800px\" class=\"wp-caption alignnone\"><img decoding=\"async\" class=\"wp-image-4599 size-full\" src=\"https:\/\/vapestornado.com\/wp-content\/uploads\/2025\/11\/Airmez-Fox-6-in-1-140K-Puffs-Vapes-Bulk-Buy-Price.webp\" alt=\"Airmez Fox 6 i 1 140K Puffar Vapes Partikelpris\" width=\"800\" height=\"800\" srcset=\"https:\/\/vapestornado.com\/wp-content\/uploads\/2025\/11\/Airmez-Fox-6-in-1-140K-Puffs-Vapes-Bulk-Buy-Price.webp 800w, https:\/\/vapestornado.com\/wp-content\/uploads\/2025\/11\/Airmez-Fox-6-in-1-140K-Puffs-Vapes-Bulk-Buy-Price-300x300.webp 300w, https:\/\/vapestornado.com\/wp-content\/uploads\/2025\/11\/Airmez-Fox-6-in-1-140K-Puffs-Vapes-Bulk-Buy-Price-150x150.webp 150w, https:\/\/vapestornado.com\/wp-content\/uploads\/2025\/11\/Airmez-Fox-6-in-1-140K-Puffs-Vapes-Bulk-Buy-Price-768x768.webp 768w, https:\/\/vapestornado.com\/wp-content\/uploads\/2025\/11\/Airmez-Fox-6-in-1-140K-Puffs-Vapes-Bulk-Buy-Price-12x12.webp 12w, https:\/\/vapestornado.com\/wp-content\/uploads\/2025\/11\/Airmez-Fox-6-in-1-140K-Puffs-Vapes-Bulk-Buy-Price-600x600.webp 600w, https:\/\/vapestornado.com\/wp-content\/uploads\/2025\/11\/Airmez-Fox-6-in-1-140K-Puffs-Vapes-Bulk-Buy-Price-100x100.webp 100w\" sizes=\"(max-width: 800px) 100vw, 800px\" \/><figcaption id=\"caption-attachment-4599\" class=\"wp-caption-text\">Airmez Fox 6 i 1 140K Puffar Vapes Partikelpris<\/figcaption><\/figure>\n<h2><strong>Vad g\u00f6r Airmez 140k Puff Eng\u00e5ngsvape Pen utm\u00e4rkt?<\/strong><\/h2>\n<ul data-start=\"2835\" data-end=\"3319\">\n<li data-start=\"2835\" data-end=\"2886\">\n<p data-start=\"2837\" data-end=\"2886\"><strong data-start=\"2837\" data-end=\"2863\">140 000 puffar uth\u00e5llighet<\/strong> f\u00f6r l\u00e5ngvarig anv\u00e4ndning.<\/p>\n<\/li>\n<li data-start=\"2887\" data-end=\"2945\">\n<p data-start=\"2889\" data-end=\"2945\"><strong data-start=\"2889\" data-end=\"2910\">Sex smakl\u00e4gen<\/strong> drivna av en roterande munstycke.<\/p>\n<\/li>\n<li data-start=\"2946\" data-end=\"2990\">\n<p data-start=\"2948\" data-end=\"2990\"><strong data-start=\"2948\" data-end=\"2965\">45ml kapacitet<\/strong> fr\u00e5n tre 15ml-tankar.<\/p>\n<\/li>\n<li data-start=\"2991\" data-end=\"3051\">\n<p data-start=\"2993\" data-end=\"3051\"><strong data-start=\"2993\" data-end=\"3011\">1.0\u03a9 n\u00e4tspole<\/strong> f\u00f6r j\u00e4mn smak och \u00e5ngdensitet.<\/p>\n<\/li>\n<li data-start=\"3052\" data-end=\"3118\">\n<p data-start=\"3054\" data-end=\"3118\"><strong data-start=\"3054\" data-end=\"3069\">LED-display<\/strong> visar puffr\u00e4kning, smakzon och batteri.<\/p>\n<\/li>\n<li data-start=\"3119\" data-end=\"3190\">\n<p data-start=\"3121\" data-end=\"3190\"><strong data-start=\"3121\" data-end=\"3159\">650mAh Typ-C uppladdningsbart batteri<\/strong> byggd f\u00f6r konsekvent utsignal.<\/p>\n<\/li>\n<li data-start=\"3191\" data-end=\"3248\">\n<p data-start=\"3193\" data-end=\"3248\"><strong data-start=\"3193\" data-end=\"3222\">Fokus p\u00e5 blandad fruktsmak<\/strong> f\u00f6r bred marknadstillg\u00e5ng.<\/p>\n<\/li>\n<li data-start=\"3249\" data-end=\"3319\">\n<p data-start=\"3251\" data-end=\"3319\"><strong data-start=\"3251\" data-end=\"3282\">Kompakt eng\u00e5ngs vape penna<\/strong> ideal f\u00f6r EU-v\u00e4xthandel.<\/p>\n<\/li>\n<\/ul>\n<h2>Varf\u00f6r V\u00e4lja Vapestornado f\u00f6r K\u00f6p av Eng\u00e5ngsvape Online?<\/h2>\n<div class=\"flex-shrink-0 flex flex-col relative items-end\">\n<div class=\"pt-0\">\n<div class=\"gizmo-bot-avatar flex h-8 w-8 items-center justify-center overflow-hidden rounded-full\">\n<div class=\"relative p-1 rounded-sm flex items-center justify-center bg-token-main-surface-primary text-token-text-primary h-8 w-8\">\n<p data-start=\"648\" data-end=\"799\">V\u00e4lja <strong data-start=\"189\" data-end=\"205\">Vapestornado<\/strong> som din leverant\u00f6r f\u00f6r <strong data-start=\"227\" data-end=\"261\">Elf Bar Moon Night 40000 Puffar<\/strong> betyder att s\u00e4kra en partner som f\u00f6rst\u00e5r behoven hos grossister och \u00e5terf\u00f6rs\u00e4ljare baserade i Sverige. Vi fokuserar p\u00e5 snabb leverans, verifierad lagerh\u00e5llning och stabil l\u00e5ngsiktig f\u00f6rs\u00f6rjning\u2014nyckelfaktorer f\u00f6r f\u00f6retag som s\u00e4ljer h\u00f6gvolymprodukter som <strong data-start=\"489\" data-end=\"515\">Elf Bar Moon Night 40K<\/strong>. Varje batch h\u00e4mtas direkt fr\u00e5n certifierade kanaler, vilket s\u00e4kerst\u00e4ller \u00e4kta produkter, stark smakkonsekvens och p\u00e5litlig kvalitet som m\u00f6ter svenska k\u00f6pares f\u00f6rv\u00e4ntningar.<\/p>\n<p data-start=\"559\" data-end=\"933\" data-is-last-node=\"\" data-is-only-node=\"\">Vi har ocks\u00e5 n\u00e5gra andra popul\u00e4ra eng\u00e5ngsvapes med sk\u00e4rm som <a href=\"https:\/\/vapestornado.com\/sv\/product\/hifancy-dream-45k-45000-puffs-disposable-vape-kit-fast-shipping-from-eu-warehouse\/\">Hifancy Dream 45k vape<\/a>, <a href=\"https:\/\/vapestornado.com\/sv\/product\/elf-bar-moon-night-40000-puffs-disposable-vape-germany-wholesale\/\">ELF BAR Moon Night 40000 Vape<\/a>, <a href=\"https:\/\/vapestornado.com\/sv\/product\/uor-120000-puff-120k-4-flavors-rechargeable-disposable-vape-shop-online\/\">UOR 120000 PUFF 4 i 1<\/a>, och mer.<\/p>\n<p data-start=\"559\" data-end=\"933\" data-is-last-node=\"\" data-is-only-node=\"\">\n<\/div>\n<h2>FAQ om Airmez 140k Puff<\/h2>\n<div class=\"relative p-1 rounded-sm flex items-center justify-center bg-token-main-surface-primary text-token-text-primary h-8 w-8\">\n<p data-start=\"3356\" data-end=\"3475\"><strong data-start=\"3356\" data-end=\"3412\">1. Hur byter jag smak p\u00e5 Airmez 140k Puff?<\/strong><br data-start=\"3412\" data-end=\"3415\" \/>Vrid munstycket f\u00f6r att v\u00e4xla mellan de sex smakl\u00e4gena.<\/p>\n<p data-start=\"3477\" data-end=\"3641\"><strong data-start=\"3477\" data-end=\"3536\">2. Hur l\u00e4nge h\u00e5ller enheten med 140000 puff vanligtvis?<\/strong><br data-start=\"3536\" data-end=\"3539\" \/>Anv\u00e4ndningen varierar, men de flesta anv\u00e4ndare drar nytta av en betydligt f\u00f6rl\u00e4ngd livsl\u00e4ngd tack vare dess h\u00f6ga puff-klassificering.<\/p>\n<p data-start=\"3643\" data-end=\"3754\"><strong data-start=\"3643\" data-end=\"3689\">3. \u00c4r Airmez 140000 Puff uppladdningsbar?<\/strong><br data-start=\"3689\" data-end=\"3692\" \/>Ja, den har en Type-C-laddningsport med ett 650mAh-batteri.<\/p>\n<p data-start=\"3756\" data-end=\"3905\"><strong data-start=\"3756\" data-end=\"3814\">4. Visar sk\u00e4rmen puffr\u00e4kning och batteristatus?<\/strong><br data-start=\"3814\" data-end=\"3817\" \/>LED-sk\u00e4rmen ger realtidsuppf\u00f6ljning av puffar, batteriniv\u00e5 och smakindikation.<\/p>\n<p data-start=\"3907\" data-end=\"4052\"><strong data-start=\"3907\" data-end=\"3963\">5. Kan jag best\u00e4lla Airmez 140k Puff-enheter fr\u00e5n EU-lager?<\/strong><br data-start=\"3963\" data-end=\"3966\" \/>Ja, v\u00e5r <strong data-start=\"3975\" data-end=\"3996\">Shop EU-lager<\/strong> tj\u00e4nsten st\u00f6der snabb, skattefri leverans \u00f6ver hela Europa.<\/p>\n<\/div>\n<\/div>\n<\/div>\n<\/div>","protected":false},"excerpt":{"rendered":"<article class=\"text-token-text-primary w-full focus:outline-none [--shadow-height:45px] has-data-writing-block:pointer-events-none has-data-writing-block:-mt-(--shadow-height) has-data-writing-block:pt-(--shadow-height) [&amp;:has([data-writing-block])&gt;*]:pointer-events-auto [content-visibility:auto] supports-[content-visibility:auto]:[contain-intrinsic-size:auto_100lvh] scroll-mt-[calc(var(--header-height)+min(200px,max(70px,20svh)))]\" dir=\"auto\" tabindex=\"-1\" data-turn-id=\"86ca9d92-7a10-4e6b-bda0-15f9df36adca\" data-testid=\"conversation-turn-120\" data-scroll-anchor=\"true\" data-turn=\"assistant\">\n<div class=\"text-base my-auto mx-auto pb-10 [--thread-content-margin:--spacing(4)] thread-sm:[--thread-content-margin:--spacing(6)] thread-lg:[--thread-content-margin:--spacing(16)] px-(--thread-content-margin)\">\n<div class=\"[--thread-content-max-width:40rem] thread-lg:[--thread-content-max-width:48rem] mx-auto max-w-(--thread-content-max-width) flex-1 group\/turn-messages focus-visible:outline-hidden relative flex w-full min-w-0 flex-col agent-turn\" tabindex=\"-1\">\n<div class=\"flex max-w-full flex-col grow\">\n<div class=\"min-h-8 text-message relative flex w-full flex-col items-end gap-2 text-start break-words whitespace-normal [.text-message+&amp;]:mt-1\" dir=\"auto\" data-message-author-role=\"assistant\" data-message-id=\"43b070d6-bf28-4fbe-8049-1032a61ea3ac\" data-message-model-slug=\"gpt-5\">\n<div class=\"flex w-full flex-col gap-1 empty:hidden first:pt-[1px]\">\n<div class=\"markdown prose dark:prose-invert w-full break-words light markdown-new-styling\">\n<article class=\"text-token-text-primary w-full focus:outline-none [--shadow-height:45px] has-data-writing-block:pointer-events-none has-data-writing-block:-mt-(--shadow-height) has-data-writing-block:pt-(--shadow-height) [&amp;:has([data-writing-block])&gt;*]:pointer-events-auto [content-visibility:auto] supports-[content-visibility:auto]:[contain-intrinsic-size:auto_100lvh] scroll-mt-[calc(var(--header-height)+min(200px,max(70px,20svh)))]\" dir=\"auto\" tabindex=\"-1\" data-turn-id=\"4d6f00b8-d41a-438b-8912-05a895842882\" data-testid=\"conversation-turn-130\" data-scroll-anchor=\"true\" data-turn=\"assistant\">\n<div class=\"text-base my-auto mx-auto pb-10 [--thread-content-margin:--spacing(4)] thread-sm:[--thread-content-margin:--spacing(6)] thread-lg:[--thread-content-margin:--spacing(16)] px-(--thread-content-margin)\">\n<div class=\"[--thread-content-max-width:40rem] thread-lg:[--thread-content-max-width:48rem] mx-auto max-w-(--thread-content-max-width) flex-1 group\/turn-messages focus-visible:outline-hidden relative flex w-full min-w-0 flex-col agent-turn\" tabindex=\"-1\">\n<div class=\"flex max-w-full flex-col grow\">\n<div class=\"min-h-8 text-message relative flex w-full flex-col items-end gap-2 text-start break-words whitespace-normal [.text-message+&amp;]:mt-1\" dir=\"auto\" data-message-author-role=\"assistant\" data-message-id=\"f3c520bf-c043-4392-87ea-b3bf1b3ae6d3\" data-message-model-slug=\"gpt-5-1\">\n<div class=\"flex w-full flex-col gap-1 empty:hidden first:pt-[1px]\">\n<div class=\"markdown prose dark:prose-invert w-full break-words light markdown-new-styling\">\n<p>Airmez 140k Puff 6-i-1 Eng\u00e5ngs Vape Pen \u2013 Stor Puff-enhet med EU-lager<br \/>\nAirmez 140000 Puff Justerbar Smak Vape \u2013 PartihandelRedo \u00f6ver hela Europa<br \/>\nAirmez 140k Puff 6-smak Eng\u00e5ngspenna \u2013 Partihandel fr\u00e5n EU-lager<\/p>\n<\/div>\n<\/div>\n<\/div>\n<\/div>\n<\/div>\n<\/div>\n<\/article>\n<\/div>\n<\/div>\n<\/div>\n<\/div>\n<\/div>\n<\/div>\n<\/article>\n<p><img fetchpriority=\"high\" decoding=\"async\" class=\"size-full wp-image-2932\" src=\"https:\/\/vapestornado.com\/wp-content\/uploads\/2024\/12\/Vape-Wholesale.jpg\" alt=\"Vape Partihandel\" width=\"229\" height=\"300\" \/><\/p>\n<h3><a href=\"https:\/\/wa.me\/8617776015835\"><span style=\"color: #ff0000;\"><strong>WhatsApp: +86 17776015835<\/strong><\/span><\/a><\/h3>\n<p>&nbsp;<\/p>","protected":false},"featured_media":4598,"comment_status":"open","ping_status":"closed","template":"","meta":{"_acf_changed":false,"_uag_custom_page_level_css":"","_lmt_disableupdate":"no","_lmt_disable":"","_monsterinsights_skip_tracking":false,"_monsterinsights_sitenote_active":false,"_monsterinsights_sitenote_note":"","_monsterinsights_sitenote_category":0,"site-sidebar-layout":"default","site-content-layout":"","ast-site-content-layout":"default","site-content-style":"default","site-sidebar-style":"default","ast-global-header-display":"","ast-banner-title-visibility":"","ast-main-header-display":"","ast-hfb-above-header-display":"","ast-hfb-below-header-display":"","ast-hfb-mobile-header-display":"","site-post-title":"","ast-breadcrumbs-content":"","ast-featured-img":"","footer-sml-layout":"","ast-disable-related-posts":"","theme-transparent-header-meta":"default","adv-header-id-meta":"","stick-header-meta":"","header-above-stick-meta":"","header-main-stick-meta":"","header-below-stick-meta":"","astra-migrate-meta-layouts":"set","ast-page-background-enabled":"default","ast-page-background-meta":{"desktop":{"background-color":"","background-image":"","background-repeat":"repeat","background-position":"center center","background-size":"auto","background-attachment":"scroll","background-type":"","background-media":"","overlay-type":"","overlay-color":"","overlay-opacity":"","overlay-gradient":""},"tablet":{"background-color":"","background-image":"","background-repeat":"repeat","background-position":"center center","background-size":"auto","background-attachment":"scroll","background-type":"","background-media":"","overlay-type":"","overlay-color":"","overlay-opacity":"","overlay-gradient":""},"mobile":{"background-color":"","background-image":"","background-repeat":"repeat","background-position":"center center","background-size":"auto","background-attachment":"scroll","background-type":"","background-media":"","overlay-type":"","overlay-color":"","overlay-opacity":"","overlay-gradient":""}},"ast-content-background-meta":{"desktop":{"background-color":"var(--ast-global-color-5)","background-image":"","background-repeat":"repeat","background-position":"center center","background-size":"auto","background-attachment":"scroll","background-type":"","background-media":"","overlay-type":"","overlay-color":"","overlay-opacity":"","overlay-gradient":""},"tablet":{"background-color":"var(--ast-global-color-5)","background-image":"","background-repeat":"repeat","background-position":"center center","background-size":"auto","background-attachment":"scroll","background-type":"","background-media":"","overlay-type":"","overlay-color":"","overlay-opacity":"","overlay-gradient":""},"mobile":{"background-color":"var(--ast-global-color-5)","background-image":"","background-repeat":"repeat","background-position":"center center","background-size":"auto","background-attachment":"scroll","background-type":"","background-media":"","overlay-type":"","overlay-color":"","overlay-opacity":"","overlay-gradient":""}},"_joinchat":{"telephone":"17776015835"}},"product_brand":[],"product_cat":[149,150,151,152,144],"product_tag":[456,454,453,105,446,436,450,451,455],"class_list":{"0":"post-4602","1":"product","2":"type-product","3":"status-publish","4":"has-post-thumbnail","6":"product_cat-buy-disposable-vapes-in-austria","7":"product_cat-buy-disposable-vapes-in-belgium","8":"product_cat-buy-disposable-vapes-in-france","9":"product_cat-buy-disposable-vapes-in-cermany","10":"product_cat-low-nicotine-disposable-vapes","11":"product_tag-6-in-1-flavor-disposable-vape","12":"product_tag-airmez-140000-puff","13":"product_tag-airmez-140k-puff","14":"product_tag-digital-disposable-vape","15":"product_tag-disposable-vape-kit","16":"product_tag-shop-vape-online","17":"product_tag-vape-fast-shipping","18":"product_tag-vape-free-shipping","19":"product_tag-vape-pen-eu-warehouse","20":"desktop-align-left","21":"tablet-align-left","22":"mobile-align-left","24":"first","25":"instock","26":"sale","27":"shipping-taxable","28":"purchasable","29":"product-type-simple"},"acf":[],"uagb_featured_image_src":{"full":["https:\/\/vapestornado.com\/wp-content\/uploads\/2025\/11\/Airmez-Brand-140k-Puff-Disposable-Vape-Wholesale-Vape-Pen.webp",800,800,false],"thumbnail":["https:\/\/vapestornado.com\/wp-content\/uploads\/2025\/11\/Airmez-Brand-140k-Puff-Disposable-Vape-Wholesale-Vape-Pen-150x150.webp",150,150,true],"medium":["https:\/\/vapestornado.com\/wp-content\/uploads\/2025\/11\/Airmez-Brand-140k-Puff-Disposable-Vape-Wholesale-Vape-Pen-300x300.webp",300,300,true],"medium_large":["https:\/\/vapestornado.com\/wp-content\/uploads\/2025\/11\/Airmez-Brand-140k-Puff-Disposable-Vape-Wholesale-Vape-Pen-768x768.webp",768,768,true],"large":["https:\/\/vapestornado.com\/wp-content\/uploads\/2025\/11\/Airmez-Brand-140k-Puff-Disposable-Vape-Wholesale-Vape-Pen.webp",800,800,false],"1536x1536":["https:\/\/vapestornado.com\/wp-content\/uploads\/2025\/11\/Airmez-Brand-140k-Puff-Disposable-Vape-Wholesale-Vape-Pen.webp",800,800,false],"2048x2048":["https:\/\/vapestornado.com\/wp-content\/uploads\/2025\/11\/Airmez-Brand-140k-Puff-Disposable-Vape-Wholesale-Vape-Pen.webp",800,800,false],"trp-custom-language-flag":["https:\/\/vapestornado.com\/wp-content\/uploads\/2025\/11\/Airmez-Brand-140k-Puff-Disposable-Vape-Wholesale-Vape-Pen-12x12.webp",12,12,true],"woocommerce_thumbnail":["https:\/\/vapestornado.com\/wp-content\/uploads\/2025\/11\/Airmez-Brand-140k-Puff-Disposable-Vape-Wholesale-Vape-Pen-300x300.webp",300,300,true],"woocommerce_single":["https:\/\/vapestornado.com\/wp-content\/uploads\/2025\/11\/Airmez-Brand-140k-Puff-Disposable-Vape-Wholesale-Vape-Pen-600x600.webp",600,600,true],"woocommerce_gallery_thumbnail":["https:\/\/vapestornado.com\/wp-content\/uploads\/2025\/11\/Airmez-Brand-140k-Puff-Disposable-Vape-Wholesale-Vape-Pen-100x100.webp",100,100,true]},"uagb_author_info":{"display_name":"ESAMY","author_link":"https:\/\/vapestornado.com\/sv\/author\/"},"uagb_comment_info":0,"uagb_excerpt":"Airmez 140k Puff 6-in-1 Disposable Vape Pen \u2013 Big Puff Device with EU Warehouse Stock Airmez 140000 Puff Adjustable Flavor Vape \u2013 Wholesale Ready Across Europe Airmez 140k Puff 6-Flavor Disposable Pen \u2013 Bulk Buy from EU Warehouse WhatsApp: +86 17776015835 &nbsp;","_links":{"self":[{"href":"https:\/\/vapestornado.com\/sv\/wp-json\/wp\/v2\/product\/4602","targetHints":{"allow":["GET"]}}],"collection":[{"href":"https:\/\/vapestornado.com\/sv\/wp-json\/wp\/v2\/product"}],"about":[{"href":"https:\/\/vapestornado.com\/sv\/wp-json\/wp\/v2\/types\/product"}],"replies":[{"embeddable":true,"href":"https:\/\/vapestornado.com\/sv\/wp-json\/wp\/v2\/comments?post=4602"}],"wp:featuredmedia":[{"embeddable":true,"href":"https:\/\/vapestornado.com\/sv\/wp-json\/wp\/v2\/media\/4598"}],"wp:attachment":[{"href":"https:\/\/vapestornado.com\/sv\/wp-json\/wp\/v2\/media?parent=4602"}],"wp:term":[{"taxonomy":"product_brand","embeddable":true,"href":"https:\/\/vapestornado.com\/sv\/wp-json\/wp\/v2\/product_brand?post=4602"},{"taxonomy":"product_cat","embeddable":true,"href":"https:\/\/vapestornado.com\/sv\/wp-json\/wp\/v2\/product_cat?post=4602"},{"taxonomy":"product_tag","embeddable":true,"href":"https:\/\/vapestornado.com\/sv\/wp-json\/wp\/v2\/product_tag?post=4602"}],"curies":[{"name":"wp","href":"https:\/\/api.w.org\/{rel}","templated":true}]}}