{"id":4596,"date":"2025-11-25T08:25:45","date_gmt":"2025-11-25T08:25:45","guid":{"rendered":"https:\/\/vapestornado.com\/?post_type=product&#038;p=4596"},"modified":"2025-11-25T08:36:27","modified_gmt":"2025-11-25T08:36:27","slug":"airmez-fox-120000-puffs-4-flavour-big-puff-disposable-vape-pen-shop-eu-warehouse","status":"publish","type":"product","link":"https:\/\/vapestornado.com\/sv\/product\/airmez-fox-120000-puffs-4-flavour-big-puff-disposable-vape-pen-shop-eu-warehouse\/","title":{"rendered":"AIRMEZ FOX 120000 Puffs 4 Smaker Big Puff Eng\u00e5ngsvape Shop EU Lager"},"content":{"rendered":"<h2 data-pm-slice=\"1 1 []\">AIRMEZ FOX 120000 \u2013 4 Smaker Big Puff Eng\u00e5ngsvape Pen EU Lager<\/h2>\n<p data-start=\"610\" data-end=\"1164\">Den <strong data-start=\"614\" data-end=\"635\">AIRMEZ FOX 120000<\/strong> \u00e4r utformad f\u00f6r grossistkunder som beh\u00f6ver en l\u00e5ngvarig, stabil prestanda <strong data-start=\"712\" data-end=\"740\">Big Puff Eng\u00e5ngsvape<\/strong> med verklig anv\u00e4ndarattraktion. Varje enhet integrerar <strong data-start=\"787\" data-end=\"818\">fyra oberoende 15mL tankar<\/strong> med en total <strong data-start=\"832\" data-end=\"849\">60mL kapacitet<\/strong>, som ger upp till <strong data-start=\"868\" data-end=\"885\">120 000 puffar<\/strong>\u2014en tydlig f\u00f6rdel f\u00f6r butiker som riktar sig till tunganv\u00e4ndare eller \u00e5terf\u00f6rs\u00e4ljare som s\u00f6ker starka \u00e5terkommande best\u00e4llningar. Topplockslyft- och vridssystemet g\u00f6r att anv\u00e4ndare kan byta smak direkt, vilket g\u00f6r detta till en av de mest praktiska <strong data-start=\"1106\" data-end=\"1133\">justerbara smakvapes<\/strong> i kategorin med h\u00f6g kapacitet.<\/p>\n<p data-start=\"1166\" data-end=\"1684\">Drivs av ett <strong data-start=\"1179\" data-end=\"1210\">650mAh uppladdningsbart batteri<\/strong> med Type-C snabbladdning, <strong data-start=\"1242\" data-end=\"1261\">AIRMEZ FOX 120k<\/strong> uppr\u00e4tth\u00e5ller konsekvent output under l\u00e5nga sessioner. Dess <strong data-start=\"1316\" data-end=\"1335\">1.0\u03a9 mesh coils (n\u00e4tspolar)<\/strong> leverera ren smak \u00f6ver alla fyra tankar, medan den <strong data-start=\"1391\" data-end=\"1411\">LCD-smartsk\u00e4rm<\/strong> ger anv\u00e4ndare en snabb \u00f6verblick av batteri och smakval\u2014en viktig detalj som \u00f6kar anv\u00e4ndarf\u00f6rtroendet och minskar fr\u00e5gor efter k\u00f6pet. F\u00f6r EU-k\u00f6pare, m\u00f6jligheten att <strong data-start=\"1584\" data-end=\"1605\">Shop EU-lager<\/strong> s\u00e4kerst\u00e4ller kortare leveransv\u00e4gar, stabilt lager och smidigare aff\u00e4rsplanering.<\/p>\n<p data-start=\"1686\" data-end=\"2063\">AIRMEZ FOX 120000 \u00e4r byggd f\u00f6r butiker som vill ha en h\u00f6gv\u00e4rdesenhet med stark smakprestanda, l\u00e5gt underh\u00e5ll och en struktur som s\u00e4ljer bra b\u00e5de online och i lokala butiker. Bulkf\u00f6rpackning (10 stycken per box \/ 100 stycken per pall) g\u00f6r den till ett effektivt val f\u00f6r distribut\u00f6rer som vill ha en ren, enhetlig SKU som r\u00f6r sig snabbt p\u00e5 den nuvarande europeiska marknaden f\u00f6r eng\u00e5ngsvapes.<\/p>\n<p data-start=\"666\" data-end=\"1235\"><strong style=\"font-size: 16px;\"><span style=\"color: #ff0000;\">L\u00e4gg till Amys WhatsApp f\u00f6r att f\u00e5 r\u00e4tt svar och rabatterat pris!<\/span><\/strong><\/p>\n<p><img fetchpriority=\"high\" decoding=\"async\" class=\"size-full wp-image-2932\" src=\"https:\/\/vapestornado.com\/wp-content\/uploads\/2024\/12\/Vape-Wholesale.jpg\" alt=\"Vape Partihandel\" width=\"229\" height=\"300\" \/><\/p>\n<h3><a href=\"https:\/\/wa.me\/8617776015835\" target=\"_blank\" rel=\"noopener\"><span style=\"color: #ff0000;\"><strong>WhatsApp: +86 17776015835<\/strong><\/span><\/a><\/h3>\n<p>&nbsp;<\/p>\n<h2><strong>Vad g\u00f6r AIRMEZ FOX 120000 Puff Disposable Vape Pen unik?<\/strong><\/h2>\n<ul>\n<li data-start=\"2855\" data-end=\"2918\">\n<p data-start=\"2857\" data-end=\"2918\"><strong data-start=\"2857\" data-end=\"2893\">4-i-1 justerbart smakssystem<\/strong> f\u00f6r omedelbar v\u00e4xling.<\/p>\n<\/li>\n<li data-start=\"2919\" data-end=\"2981\">\n<p data-start=\"2921\" data-end=\"2981\"><strong data-start=\"2921\" data-end=\"2944\">60mL total kapacitet<\/strong> (15mL \u00d7 4 tankar) f\u00f6r f\u00f6rl\u00e4ngd anv\u00e4ndning.<\/p>\n<\/li>\n<li data-start=\"2982\" data-end=\"3040\">\n<p data-start=\"2984\" data-end=\"3040\"><strong data-start=\"2984\" data-end=\"3005\">Mesh-spoleuppv\u00e4rmning<\/strong> f\u00f6r stabil och rik smakutg\u00e5ng.<\/p>\n<\/li>\n<li data-start=\"3041\" data-end=\"3094\">\n<p data-start=\"3043\" data-end=\"3094\"><strong data-start=\"3043\" data-end=\"3066\">650mAh uppladdningsbar<\/strong> batteri med Type-C-port.<\/p>\n<\/li>\n<li data-start=\"3095\" data-end=\"3150\">\n<p data-start=\"3097\" data-end=\"3150\"><strong data-start=\"3097\" data-end=\"3112\">LCD-sk\u00e4rm<\/strong> visar batteri och aktiv smak.<\/p>\n<\/li>\n<li data-start=\"3151\" data-end=\"3214\">\n<p data-start=\"3153\" data-end=\"3214\"><strong data-start=\"3153\" data-end=\"3182\">Grossistf\u00f6rpackning<\/strong>, perfekt f\u00f6r bulkdistribution.<\/p>\n<\/li>\n<li data-start=\"3215\" data-end=\"3294\">\n<p data-start=\"3217\" data-end=\"3294\"><strong data-start=\"3217\" data-end=\"3247\">Snabb leverans fr\u00e5n EU-lager<\/strong> med 3\u20137 dagars ankomst och inga extra skatteavgifter.<\/p>\n<\/li>\n<\/ul>\n<figure id=\"attachment_4590\" aria-describedby=\"caption-attachment-4590\" style=\"width: 800px\" class=\"wp-caption alignnone\"><img decoding=\"async\" class=\"wp-image-4590 size-full\" src=\"https:\/\/vapestornado.com\/wp-content\/uploads\/2025\/11\/Airmez-FOX-4-IN-1-120000-Puff-Bar-EU-Warehouse.webp\" alt=\"Airmez FOX 4 i 1 120000 Puff Bar EU-lager\" width=\"800\" height=\"800\" srcset=\"https:\/\/vapestornado.com\/wp-content\/uploads\/2025\/11\/Airmez-FOX-4-IN-1-120000-Puff-Bar-EU-Warehouse.webp 800w, https:\/\/vapestornado.com\/wp-content\/uploads\/2025\/11\/Airmez-FOX-4-IN-1-120000-Puff-Bar-EU-Warehouse-300x300.webp 300w, https:\/\/vapestornado.com\/wp-content\/uploads\/2025\/11\/Airmez-FOX-4-IN-1-120000-Puff-Bar-EU-Warehouse-150x150.webp 150w, https:\/\/vapestornado.com\/wp-content\/uploads\/2025\/11\/Airmez-FOX-4-IN-1-120000-Puff-Bar-EU-Warehouse-768x768.webp 768w, https:\/\/vapestornado.com\/wp-content\/uploads\/2025\/11\/Airmez-FOX-4-IN-1-120000-Puff-Bar-EU-Warehouse-12x12.webp 12w, https:\/\/vapestornado.com\/wp-content\/uploads\/2025\/11\/Airmez-FOX-4-IN-1-120000-Puff-Bar-EU-Warehouse-600x600.webp 600w, https:\/\/vapestornado.com\/wp-content\/uploads\/2025\/11\/Airmez-FOX-4-IN-1-120000-Puff-Bar-EU-Warehouse-100x100.webp 100w\" sizes=\"(max-width: 800px) 100vw, 800px\" \/><figcaption id=\"caption-attachment-4590\" class=\"wp-caption-text\">Airmez FOX 4 i 1 120000 Puff Bar EU-lager<\/figcaption><\/figure>\n<div class=\"mceTemp\"><\/div>\n<h2><strong>AIRMEZ FOX 120000 Puffar Eng\u00e5ngs Vapes Smaklista<\/strong><\/h2>\n<ol data-start=\"2106\" data-end=\"2809\">\n<li data-start=\"2106\" data-end=\"2191\">\n<p data-start=\"2109\" data-end=\"2191\">Jordgubb Hallon \/ Jordgubb Kiwi \/ Jordgubb Is \/ Persika Mango Vattenmelon<\/p>\n<\/li>\n<li data-start=\"2192\" data-end=\"2280\">\n<p data-start=\"2195\" data-end=\"2280\">Vattenmelon Is \/ Jordgubb Vattenmelon \/ Hallon Vattenmelon \/ Bl\u00e5b\u00e4r Hallon<\/p>\n<\/li>\n<li data-start=\"2281\" data-end=\"2345\">\n<p data-start=\"2284\" data-end=\"2345\">Pink Lemonad \/ Passion Kysst \/ Blandade B\u00e4r \/ Trippel B\u00e4r<\/p>\n<\/li>\n<li data-start=\"2346\" data-end=\"2396\">\n<p data-start=\"2349\" data-end=\"2396\">K\u00f6rsb\u00e4r \/ Love 66 \/ B\u00e4r Lemonad \/ Druva Is<\/p>\n<\/li>\n<li data-start=\"2397\" data-end=\"2465\">\n<p data-start=\"2400\" data-end=\"2465\">Mango Persika \/ Tropisk Frukt \/ Persika Is \/ Surt Mango Ananas<\/p>\n<\/li>\n<li data-start=\"2466\" data-end=\"2528\">\n<p data-start=\"2469\" data-end=\"2528\">Druva Is \/ Love 66 \/ Bl\u00e5b\u00e4r P\u00e5 Is \/ Drakfrukt Is<\/p>\n<\/li>\n<li data-start=\"2529\" data-end=\"2596\">\n<p data-start=\"2532\" data-end=\"2596\">Love 66 \/ K\u00f6rsb\u00e4r \/ Bl\u00e5b\u00e4r P\u00e5 Is \/ Kiwi Passion Frukt Guava<\/p>\n<\/li>\n<li data-start=\"2597\" data-end=\"2654\">\n<p data-start=\"2600\" data-end=\"2654\">Persika Is \/ Pink Lemonad \/ Vattenmelon Is \/ Dr Blue<\/p>\n<\/li>\n<li data-start=\"2655\" data-end=\"2720\">\n<p data-start=\"2658\" data-end=\"2720\">R\u00f6d Mojito \/ Love 66 \/ Blandade B\u00e4r \/ Jordgubb Vattenmelon<\/p>\n<\/li>\n<li data-start=\"2721\" data-end=\"2809\">\n<p data-start=\"2725\" data-end=\"2809\">Persika Mango Vattenmelon \/ Bl\u00e5b\u00e4r K\u00f6rsb\u00e4r \/ Vattenmelon Drakfrukt \/ Passion Kysst<\/p>\n<\/li>\n<\/ol>\n<h2>Varf\u00f6r V\u00e4lja Vapestornado f\u00f6r K\u00f6p av Eng\u00e5ngsvape Online?<\/h2>\n<div class=\"flex-shrink-0 flex flex-col relative items-end\">\n<div class=\"pt-0\">\n<div class=\"gizmo-bot-avatar flex h-8 w-8 items-center justify-center overflow-hidden rounded-full\">\n<div class=\"relative p-1 rounded-sm flex items-center justify-center bg-token-main-surface-primary text-token-text-primary h-8 w-8\">\n<p data-start=\"648\" data-end=\"799\">V\u00e4lja <strong data-start=\"189\" data-end=\"205\">Vapestornado<\/strong> som din leverant\u00f6r f\u00f6r <strong data-start=\"227\" data-end=\"261\">Elf Bar Moon Night 40000 Puffar<\/strong> betyder att s\u00e4kra en partner som f\u00f6rst\u00e5r behoven hos grossister och \u00e5terf\u00f6rs\u00e4ljare baserade i Sverige. Vi fokuserar p\u00e5 snabb leverans, verifierad lagerh\u00e5llning och stabil l\u00e5ngsiktig f\u00f6rs\u00f6rjning\u2014nyckelfaktorer f\u00f6r f\u00f6retag som s\u00e4ljer h\u00f6gvolymprodukter som <strong data-start=\"489\" data-end=\"515\">Elf Bar Moon Night 40K<\/strong>. Varje batch h\u00e4mtas direkt fr\u00e5n certifierade kanaler, vilket s\u00e4kerst\u00e4ller \u00e4kta produkter, stark smakkonsekvens och p\u00e5litlig kvalitet som m\u00f6ter svenska k\u00f6pares f\u00f6rv\u00e4ntningar.<\/p>\n<p data-start=\"559\" data-end=\"933\" data-is-last-node=\"\" data-is-only-node=\"\">Vi har ocks\u00e5 n\u00e5gra andra popul\u00e4ra eng\u00e5ngsvapes med sk\u00e4rm som <a href=\"https:\/\/vapestornado.com\/sv\/product\/hifancy-dream-45k-45000-puffs-disposable-vape-kit-fast-shipping-from-eu-warehouse\/\">Hifancy Dream 45k vape<\/a>, <a href=\"https:\/\/vapestornado.com\/sv\/product\/elf-bar-moon-night-40000-puffs-disposable-vape-germany-wholesale\/\">ELF BAR Moon Night 40000 Vape<\/a>, <a href=\"https:\/\/vapestornado.com\/sv\/product\/uor-120000-puff-120k-4-flavors-rechargeable-disposable-vape-shop-online\/\">UOR 120000 PUFF 4 i 1<\/a>, och mer.<\/p>\n<p data-start=\"559\" data-end=\"933\" data-is-last-node=\"\" data-is-only-node=\"\">\n<\/div>\n<h2>FAQ om AIRMEZ FOX 120000 Puffar<\/h2>\n<div class=\"relative p-1 rounded-sm flex items-center justify-center bg-token-main-surface-primary text-token-text-primary h-8 w-8\">\n<p data-start=\"3330\" data-end=\"3457\"><strong data-start=\"3330\" data-end=\"3387\">1. Hur byter jag smak p\u00e5 AIRMEZ FOX 120000?<\/strong><br data-start=\"3387\" data-end=\"3390\" \/>Lyft och vrid p\u00e5 toppdroppspetsen f\u00f6r att byta till n\u00e4sta smakbeh\u00e5llare.<\/p>\n<p data-start=\"3459\" data-end=\"3562\"><strong data-start=\"3459\" data-end=\"3502\">2. \u00c4r AIRMEZ FOX 120k uppladdningsbar?<\/strong><br data-start=\"3502\" data-end=\"3505\" \/>Ja, den anv\u00e4nder en Type-C-port och ett inbyggt batteri p\u00e5 650mAh.<\/p>\n<p data-start=\"3564\" data-end=\"3691\"><strong data-start=\"3564\" data-end=\"3612\">3. Hur m\u00e5nga bloss ger varje smak?<\/strong><br data-start=\"3612\" data-end=\"3615\" \/>Varje tank erbjuder runt 30 000 bloss, med totalt cirka 120 000.<\/p>\n<p data-start=\"3693\" data-end=\"3813\"><strong data-start=\"3693\" data-end=\"3743\">4. Visar den smarta sk\u00e4rmen niv\u00e5erna av e-juice?<\/strong><br data-start=\"3743\" data-end=\"3746\" \/>Ja, LCD-sk\u00e4rmen visar batteristatus och den aktiva smaken.<\/p>\n<p data-start=\"3815\" data-end=\"3944\"><strong data-start=\"3815\" data-end=\"3866\">5. Kan jag best\u00e4lla AIRMEZ FOX 120000 fr\u00e5n EU-lager?<\/strong><br data-start=\"3866\" data-end=\"3869\" \/>Ja, v\u00e5r <strong data-start=\"3878\" data-end=\"3899\">Shop EU-lager<\/strong> service levererar inom 3\u20137 dagar \u00f6ver hela Europa.<\/p>\n<\/div>\n<\/div>\n<\/div>\n<\/div>","protected":false},"excerpt":{"rendered":"<article class=\"text-token-text-primary w-full focus:outline-none [--shadow-height:45px] has-data-writing-block:pointer-events-none has-data-writing-block:-mt-(--shadow-height) has-data-writing-block:pt-(--shadow-height) [&amp;:has([data-writing-block])&gt;*]:pointer-events-auto [content-visibility:auto] supports-[content-visibility:auto]:[contain-intrinsic-size:auto_100lvh] scroll-mt-[calc(var(--header-height)+min(200px,max(70px,20svh)))]\" dir=\"auto\" tabindex=\"-1\" data-turn-id=\"86ca9d92-7a10-4e6b-bda0-15f9df36adca\" data-testid=\"conversation-turn-120\" data-scroll-anchor=\"true\" data-turn=\"assistant\">\n<div class=\"text-base my-auto mx-auto pb-10 [--thread-content-margin:--spacing(4)] thread-sm:[--thread-content-margin:--spacing(6)] thread-lg:[--thread-content-margin:--spacing(16)] px-(--thread-content-margin)\">\n<div class=\"[--thread-content-max-width:40rem] thread-lg:[--thread-content-max-width:48rem] mx-auto max-w-(--thread-content-max-width) flex-1 group\/turn-messages focus-visible:outline-hidden relative flex w-full min-w-0 flex-col agent-turn\" tabindex=\"-1\">\n<div class=\"flex max-w-full flex-col grow\">\n<div class=\"min-h-8 text-message relative flex w-full flex-col items-end gap-2 text-start break-words whitespace-normal [.text-message+&amp;]:mt-1\" dir=\"auto\" data-message-author-role=\"assistant\" data-message-id=\"43b070d6-bf28-4fbe-8049-1032a61ea3ac\" data-message-model-slug=\"gpt-5\">\n<div class=\"flex w-full flex-col gap-1 empty:hidden first:pt-[1px]\">\n<div class=\"markdown prose dark:prose-invert w-full break-words light markdown-new-styling\">\n<article class=\"text-token-text-primary w-full focus:outline-none [--shadow-height:45px] has-data-writing-block:pointer-events-none has-data-writing-block:-mt-(--shadow-height) has-data-writing-block:pt-(--shadow-height) [&amp;:has([data-writing-block])&gt;*]:pointer-events-auto [content-visibility:auto] supports-[content-visibility:auto]:[contain-intrinsic-size:auto_100lvh] scroll-mt-[calc(var(--header-height)+min(200px,max(70px,20svh)))]\" dir=\"auto\" tabindex=\"-1\" data-turn-id=\"4d6f00b8-d41a-438b-8912-05a895842882\" data-testid=\"conversation-turn-130\" data-scroll-anchor=\"true\" data-turn=\"assistant\">\n<div class=\"text-base my-auto mx-auto pb-10 [--thread-content-margin:--spacing(4)] thread-sm:[--thread-content-margin:--spacing(6)] thread-lg:[--thread-content-margin:--spacing(16)] px-(--thread-content-margin)\">\n<div class=\"[--thread-content-max-width:40rem] thread-lg:[--thread-content-max-width:48rem] mx-auto max-w-(--thread-content-max-width) flex-1 group\/turn-messages focus-visible:outline-hidden relative flex w-full min-w-0 flex-col agent-turn\" tabindex=\"-1\">\n<div class=\"flex max-w-full flex-col grow\">\n<div class=\"min-h-8 text-message relative flex w-full flex-col items-end gap-2 text-start break-words whitespace-normal [.text-message+&amp;]:mt-1\" dir=\"auto\" data-message-author-role=\"assistant\" data-message-id=\"f3c520bf-c043-4392-87ea-b3bf1b3ae6d3\" data-message-model-slug=\"gpt-5-1\">\n<div class=\"flex w-full flex-col gap-1 empty:hidden first:pt-[1px]\">\n<div class=\"markdown prose dark:prose-invert w-full break-words light markdown-new-styling\">\n<p>AIRMEZ FOX 120000 Big Puff Eng\u00e5ngsvape \u2013 4-Smaks 120k Enhet med EU Lager<\/p>\n<p>AIRMEZ FOX 120k Justerbar Smak Vape \u2013 Partibest\u00e4llningar Klara fr\u00e5n EU Lager<\/p>\n<p>AIRMEZ FOX 120000 Puffs 4-i-1 Eng\u00e5ngspenna \u2013 L\u00e5nglivad 120k Vape f\u00f6r Grossistkunder<\/p>\n<\/div>\n<\/div>\n<\/div>\n<\/div>\n<\/div>\n<\/div>\n<\/article>\n<\/div>\n<\/div>\n<\/div>\n<\/div>\n<\/div>\n<\/div>\n<\/article>\n<p><img fetchpriority=\"high\" decoding=\"async\" class=\"size-full wp-image-2932\" src=\"https:\/\/vapestornado.com\/wp-content\/uploads\/2024\/12\/Vape-Wholesale.jpg\" alt=\"Vape Partihandel\" width=\"229\" height=\"300\" \/><\/p>\n<h3><a href=\"https:\/\/wa.me\/8617776015835\"><span style=\"color: #ff0000;\"><strong>WhatsApp: +86 17776015835<\/strong><\/span><\/a><\/h3>\n<p>&nbsp;<\/p>","protected":false},"featured_media":4595,"comment_status":"open","ping_status":"closed","template":"","meta":{"_acf_changed":false,"_uag_custom_page_level_css":"","_lmt_disableupdate":"no","_lmt_disable":"","_monsterinsights_skip_tracking":false,"_monsterinsights_sitenote_active":false,"_monsterinsights_sitenote_note":"","_monsterinsights_sitenote_category":0,"site-sidebar-layout":"default","site-content-layout":"","ast-site-content-layout":"default","site-content-style":"default","site-sidebar-style":"default","ast-global-header-display":"","ast-banner-title-visibility":"","ast-main-header-display":"","ast-hfb-above-header-display":"","ast-hfb-below-header-display":"","ast-hfb-mobile-header-display":"","site-post-title":"","ast-breadcrumbs-content":"","ast-featured-img":"","footer-sml-layout":"","ast-disable-related-posts":"","theme-transparent-header-meta":"default","adv-header-id-meta":"","stick-header-meta":"","header-above-stick-meta":"","header-main-stick-meta":"","header-below-stick-meta":"","astra-migrate-meta-layouts":"set","ast-page-background-enabled":"default","ast-page-background-meta":{"desktop":{"background-color":"","background-image":"","background-repeat":"repeat","background-position":"center center","background-size":"auto","background-attachment":"scroll","background-type":"","background-media":"","overlay-type":"","overlay-color":"","overlay-opacity":"","overlay-gradient":""},"tablet":{"background-color":"","background-image":"","background-repeat":"repeat","background-position":"center center","background-size":"auto","background-attachment":"scroll","background-type":"","background-media":"","overlay-type":"","overlay-color":"","overlay-opacity":"","overlay-gradient":""},"mobile":{"background-color":"","background-image":"","background-repeat":"repeat","background-position":"center center","background-size":"auto","background-attachment":"scroll","background-type":"","background-media":"","overlay-type":"","overlay-color":"","overlay-opacity":"","overlay-gradient":""}},"ast-content-background-meta":{"desktop":{"background-color":"var(--ast-global-color-5)","background-image":"","background-repeat":"repeat","background-position":"center center","background-size":"auto","background-attachment":"scroll","background-type":"","background-media":"","overlay-type":"","overlay-color":"","overlay-opacity":"","overlay-gradient":""},"tablet":{"background-color":"var(--ast-global-color-5)","background-image":"","background-repeat":"repeat","background-position":"center center","background-size":"auto","background-attachment":"scroll","background-type":"","background-media":"","overlay-type":"","overlay-color":"","overlay-opacity":"","overlay-gradient":""},"mobile":{"background-color":"var(--ast-global-color-5)","background-image":"","background-repeat":"repeat","background-position":"center center","background-size":"auto","background-attachment":"scroll","background-type":"","background-media":"","overlay-type":"","overlay-color":"","overlay-opacity":"","overlay-gradient":""}},"_joinchat":{"telephone":"17776015835"}},"product_brand":[],"product_cat":[347,149,150,151,157,146],"product_tag":[449,452,105,446,436,450,451],"class_list":{"0":"post-4596","1":"product","2":"type-product","3":"status-publish","4":"has-post-thumbnail","6":"product_cat-120000-puff","7":"product_cat-buy-disposable-vapes-in-austria","8":"product_cat-buy-disposable-vapes-in-belgium","9":"product_cat-buy-disposable-vapes-in-france","10":"product_cat-buy-disposable-vapes-in-portugal","11":"product_cat-rechargeable-disposable-vapes","12":"product_tag-airmez-fox-120000","13":"product_tag-airmez-fox-120k","14":"product_tag-digital-disposable-vape","15":"product_tag-disposable-vape-kit","16":"product_tag-shop-vape-online","17":"product_tag-vape-fast-shipping","18":"product_tag-vape-free-shipping","19":"desktop-align-left","20":"tablet-align-left","21":"mobile-align-left","23":"first","24":"instock","25":"sale","26":"shipping-taxable","27":"purchasable","28":"product-type-simple"},"acf":[],"uagb_featured_image_src":{"full":["https:\/\/vapestornado.com\/wp-content\/uploads\/2025\/11\/Airmez-Fox-Disposable-Vape-120k-Puffs-4-in-1-Vape.webp",800,800,false],"thumbnail":["https:\/\/vapestornado.com\/wp-content\/uploads\/2025\/11\/Airmez-Fox-Disposable-Vape-120k-Puffs-4-in-1-Vape-150x150.webp",150,150,true],"medium":["https:\/\/vapestornado.com\/wp-content\/uploads\/2025\/11\/Airmez-Fox-Disposable-Vape-120k-Puffs-4-in-1-Vape-300x300.webp",300,300,true],"medium_large":["https:\/\/vapestornado.com\/wp-content\/uploads\/2025\/11\/Airmez-Fox-Disposable-Vape-120k-Puffs-4-in-1-Vape-768x768.webp",768,768,true],"large":["https:\/\/vapestornado.com\/wp-content\/uploads\/2025\/11\/Airmez-Fox-Disposable-Vape-120k-Puffs-4-in-1-Vape.webp",800,800,false],"1536x1536":["https:\/\/vapestornado.com\/wp-content\/uploads\/2025\/11\/Airmez-Fox-Disposable-Vape-120k-Puffs-4-in-1-Vape.webp",800,800,false],"2048x2048":["https:\/\/vapestornado.com\/wp-content\/uploads\/2025\/11\/Airmez-Fox-Disposable-Vape-120k-Puffs-4-in-1-Vape.webp",800,800,false],"trp-custom-language-flag":["https:\/\/vapestornado.com\/wp-content\/uploads\/2025\/11\/Airmez-Fox-Disposable-Vape-120k-Puffs-4-in-1-Vape-12x12.webp",12,12,true],"woocommerce_thumbnail":["https:\/\/vapestornado.com\/wp-content\/uploads\/2025\/11\/Airmez-Fox-Disposable-Vape-120k-Puffs-4-in-1-Vape-300x300.webp",300,300,true],"woocommerce_single":["https:\/\/vapestornado.com\/wp-content\/uploads\/2025\/11\/Airmez-Fox-Disposable-Vape-120k-Puffs-4-in-1-Vape-600x600.webp",600,600,true],"woocommerce_gallery_thumbnail":["https:\/\/vapestornado.com\/wp-content\/uploads\/2025\/11\/Airmez-Fox-Disposable-Vape-120k-Puffs-4-in-1-Vape-100x100.webp",100,100,true]},"uagb_author_info":{"display_name":"ESAMY","author_link":"https:\/\/vapestornado.com\/sv\/author\/"},"uagb_comment_info":0,"uagb_excerpt":"AIRMEZ FOX 120000 Big Puff Disposable Vape \u2013 4-Flavour 120k Device with EU Warehouse Stock AIRMEZ FOX 120k Adjustable Flavor Vape \u2013 Bulk Orders Ready from EU Warehouse AIRMEZ FOX 120000 Puffs 4-in-1 Disposable Pen \u2013 Long-Life 120k Vape for Wholesale Buyers WhatsApp: +86 17776015835 &nbsp;","_links":{"self":[{"href":"https:\/\/vapestornado.com\/sv\/wp-json\/wp\/v2\/product\/4596","targetHints":{"allow":["GET"]}}],"collection":[{"href":"https:\/\/vapestornado.com\/sv\/wp-json\/wp\/v2\/product"}],"about":[{"href":"https:\/\/vapestornado.com\/sv\/wp-json\/wp\/v2\/types\/product"}],"replies":[{"embeddable":true,"href":"https:\/\/vapestornado.com\/sv\/wp-json\/wp\/v2\/comments?post=4596"}],"wp:featuredmedia":[{"embeddable":true,"href":"https:\/\/vapestornado.com\/sv\/wp-json\/wp\/v2\/media\/4595"}],"wp:attachment":[{"href":"https:\/\/vapestornado.com\/sv\/wp-json\/wp\/v2\/media?parent=4596"}],"wp:term":[{"taxonomy":"product_brand","embeddable":true,"href":"https:\/\/vapestornado.com\/sv\/wp-json\/wp\/v2\/product_brand?post=4596"},{"taxonomy":"product_cat","embeddable":true,"href":"https:\/\/vapestornado.com\/sv\/wp-json\/wp\/v2\/product_cat?post=4596"},{"taxonomy":"product_tag","embeddable":true,"href":"https:\/\/vapestornado.com\/sv\/wp-json\/wp\/v2\/product_tag?post=4596"}],"curies":[{"name":"wp","href":"https:\/\/api.w.org\/{rel}","templated":true}]}}