{"id":4582,"date":"2025-11-20T09:22:11","date_gmt":"2025-11-20T09:22:11","guid":{"rendered":"https:\/\/vapestornado.com\/?post_type=product&#038;p=4582"},"modified":"2025-11-20T09:36:36","modified_gmt":"2025-11-20T09:36:36","slug":"hifancy-dream-45k-45000-puffs-disposable-vape-kit-fast-shipping-from-eu-warehouse","status":"publish","type":"product","link":"https:\/\/vapestornado.com\/sv\/product\/hifancy-dream-45k-45000-puffs-disposable-vape-kit-fast-shipping-from-eu-warehouse\/","title":{"rendered":"HiFancy Dream 45k 45000 Puffar Eng\u00e5ngs Vape Kit Snabb Leverans fr\u00e5n EU-lager"},"content":{"rendered":"<h2 data-pm-slice=\"1 1 []\">HiFancy Dream 45k 45000 Puffar Eng\u00e5ngsvape Kit \u2014 Snabb Leverans fr\u00e5n EU-lager<\/h2>\n<p data-start=\"522\" data-end=\"892\">Den <strong data-start=\"526\" data-end=\"547\">HiFancy Dream 45k<\/strong> \u00e4r utformad f\u00f6r \u00e5terf\u00f6rs\u00e4ljare som beh\u00f6ver en p\u00e5litlig, h\u00f6gkapacitetsenhet som matchar efterfr\u00e5gan p\u00e5 Europas snabbt v\u00e4xande eng\u00e5ngsvape-marknad. Positionerad som en <strong data-start=\"704\" data-end=\"727\">Eng\u00e5ngsvape Kit<\/strong> med imponerande uth\u00e5llighet och stabil prestanda, ger den grossister ett p\u00e5litligt produkt som r\u00f6r sig snabbt i Sverige, Italien, Spanien, Tyskland och andra EU-regioner.<\/p>\n<p data-start=\"894\" data-end=\"1347\">Konstruerad med ett <strong data-start=\"912\" data-end=\"925\">39ml tank<\/strong>, <strong data-start=\"927\" data-end=\"958\">650mAh uppladdningsbart batteri<\/strong>, och <strong data-start=\"964\" data-end=\"984\">dubbel mesh coil<\/strong>, den <strong data-start=\"990\" data-end=\"1013\">HiFancy Dream 45000<\/strong> levererar ren smak och stark \u00e5ngproduktion. Med en smart <strong data-start=\"1085\" data-end=\"1118\">digital batteriindikator<\/strong>, vet anv\u00e4ndarna alltid hur mycket batteri som \u00e4r kvar, vilket minskar klagom\u00e5l och f\u00f6rb\u00e4ttrar den dagliga tillfredsst\u00e4llelsen. Den ultra-h\u00f6ga puffr\u00e4kningen och stabila luftfl\u00f6dessystem g\u00f6r den till ett praktiskt alternativ f\u00f6r vapers som vill ha l\u00e5ng livsl\u00e4ngd utan komplikationer.<\/p>\n<p data-start=\"1349\" data-end=\"1737\">EU-baserade \u00e5terf\u00f6rs\u00e4ljare drar nytta av <strong data-start=\"1381\" data-end=\"1421\">snabb leverans fr\u00e5n EU-lager<\/strong>, vilket minskar v\u00e4ntetid och importrisker. Designen passar f\u00f6r m\u00e4n i \u00e5ldern 25\u201335 som s\u00f6ker en enkel, kraftfull enhet med konsekvent smakleverans. Oavsett om dina kunder f\u00f6redrar fruktblandningar eller iskalla klassiker, <strong data-start=\"1637\" data-end=\"1658\">HiFancy Dream 45k<\/strong> f\u00f6rblir j\u00e4mn fr\u00e5n b\u00f6rjan till slut tack vare sin oljek\u00e4rn-separeringsstruktur.<\/p>\n<p data-start=\"666\" data-end=\"1235\"><strong style=\"font-size: 16px;\"><span style=\"color: #ff0000;\">L\u00e4gg till Amys WhatsApp f\u00f6r att f\u00e5 r\u00e4tt svar och rabatterat pris!<\/span><\/strong><\/p>\n<p><img fetchpriority=\"high\" decoding=\"async\" class=\"size-full wp-image-2932\" src=\"https:\/\/vapestornado.com\/wp-content\/uploads\/2024\/12\/Vape-Wholesale.jpg\" alt=\"Vape Partihandel\" width=\"229\" height=\"300\" \/><\/p>\n<h3><a href=\"https:\/\/wa.me\/8617776015835\" target=\"_blank\" rel=\"noopener\"><span style=\"color: #ff0000;\"><strong>WhatsApp: +86 17776015835<\/strong><\/span><\/a><\/h3>\n<p>&nbsp;<\/p>\n<h2><strong>Vad g\u00f6r HiFancy Dream 45k Puff Disposabel Vape Pen unik?<\/strong><\/h2>\n<ol data-start=\"246\" data-end=\"1434\">\n<li data-start=\"246\" data-end=\"361\">\n<p data-start=\"249\" data-end=\"361\"><strong data-start=\"249\" data-end=\"273\">45000 Puff Kapacitet<\/strong>: Ger l\u00e5ngvarig prestanda utan behov av frekventa enhetsbyten.<\/p>\n<\/li>\n<li data-start=\"362\" data-end=\"503\">\n<p data-start=\"365\" data-end=\"503\"><strong data-start=\"365\" data-end=\"408\">Tredubbel l\u00e4gesystem (ECO \/ Soft \/ Boost)<\/strong>: M\u00f6jligg\u00f6r f\u00f6r anv\u00e4ndare att v\u00e4xla mellan energisparl\u00e4ge, mjuk eller h\u00f6gpresterande vapingl\u00e4gen omedelbart.<\/p>\n<\/li>\n<li data-start=\"504\" data-end=\"611\">\n<p data-start=\"507\" data-end=\"611\"><strong data-start=\"507\" data-end=\"535\">F\u00e4rgglad Smart Display<\/strong>: Visar batteri- och e-v\u00e4tskeniv\u00e5er tydligt f\u00f6r enkel realtids\u00f6vervakning.<\/p>\n<\/li>\n<li data-start=\"612\" data-end=\"746\">\n<p data-start=\"615\" data-end=\"746\"><strong data-start=\"615\" data-end=\"637\">20mL E-v\u00e4tsketank<\/strong>: Ger ett stort reservoar f\u00f6r att s\u00e4kerst\u00e4lla konsekvent smak och \u00e5ngproduktion under hela enhetens livsl\u00e4ngd.<\/p>\n<\/li>\n<li data-start=\"747\" data-end=\"859\">\n<p data-start=\"750\" data-end=\"859\"><strong data-start=\"750\" data-end=\"788\">850mAh Typ-C Uppladdningsbart Batteri<\/strong>: Erbjuder stark uth\u00e5llighet med snabb laddning f\u00f6r hela dagars intensiv anv\u00e4ndning.<\/p>\n<\/li>\n<li data-start=\"860\" data-end=\"971\">\n<p data-start=\"863\" data-end=\"971\"><strong data-start=\"863\" data-end=\"891\">Dubbelt Mesh Spiralstruktur<\/strong>: F\u00f6rb\u00e4ttrar \u00e5ngt\u00e4thet och \u00f6kar smakclarhet f\u00f6r en rikare, fylligare smak.<\/p>\n<\/li>\n<li data-start=\"972\" data-end=\"1099\">\n<p data-start=\"975\" data-end=\"1099\"><strong data-start=\"975\" data-end=\"1002\">Flera Smakalternativ<\/strong>: Har ett brett urval av fruktiga, iskalla och s\u00f6ta blandningar f\u00f6r att passa olika preferenser.<\/p>\n<\/li>\n<li data-start=\"1100\" data-end=\"1223\">\n<p data-start=\"1103\" data-end=\"1223\"><strong data-start=\"1103\" data-end=\"1131\">Premium Estetisk Design<\/strong>: Tillverkad med en stilren, h\u00f6gkvalitativ finish som tilltalar moderna och trendmedvetna anv\u00e4ndare.<\/p>\n<\/li>\n<li data-start=\"1224\" data-end=\"1319\">\n<p data-start=\"1227\" data-end=\"1319\"><strong data-start=\"1227\" data-end=\"1253\">Optimerad Luftfl\u00f6desv\u00e4g<\/strong>: S\u00e4kerst\u00e4ller en smidig, stabil dragning fr\u00e5n f\u00f6rsta till sista puff.<\/p>\n<\/li>\n<li data-start=\"1320\" data-end=\"1434\">\n<p data-start=\"1324\" data-end=\"1434\"><strong data-start=\"1324\" data-end=\"1348\">Smart Utg\u00e5ngskrets<\/strong>: Uppr\u00e4tth\u00e5ller konsekvent prestanda och smakleverans under hela vapingcykeln.<\/p>\n<\/li>\n<\/ol>\n<h2><strong>HiFancy Dream 45k Puffs Eng\u00e5ngs Vape Smaklista<\/strong><\/h2>\n<h1 data-start=\"1744\" data-end=\"1781\"><\/h1>\n<ol data-start=\"1783\" data-end=\"2063\">\n<li data-start=\"1783\" data-end=\"1802\">\n<p data-start=\"1786\" data-end=\"1802\">Vattenmelon Is<\/p>\n<\/li>\n<li data-start=\"1803\" data-end=\"1855\">\n<p data-start=\"1806\" data-end=\"1855\">Sommar Dr\u00f6m (druva + apelsin + citron + Redbull)<\/p>\n<\/li>\n<li data-start=\"1856\" data-end=\"1869\">\n<p data-start=\"1859\" data-end=\"1869\">Cola Is<\/p>\n<\/li>\n<li data-start=\"1870\" data-end=\"1888\">\n<p data-start=\"1873\" data-end=\"1888\">Bl\u00e5 Razz Is<\/p>\n<\/li>\n<li data-start=\"1889\" data-end=\"1911\">\n<p data-start=\"1892\" data-end=\"1911\">Jordgubbsbanan<\/p>\n<\/li>\n<li data-start=\"1912\" data-end=\"1931\">\n<p data-start=\"1915\" data-end=\"1931\">Jordgubbsis<\/p>\n<\/li>\n<li data-start=\"1932\" data-end=\"1959\">\n<p data-start=\"1935\" data-end=\"1959\">Persika Mango Vattenmelon<\/p>\n<\/li>\n<li data-start=\"1960\" data-end=\"1980\">\n<p data-start=\"1963\" data-end=\"1980\">Saftig Persika Is<\/p>\n<\/li>\n<li data-start=\"1981\" data-end=\"2046\">\n<p data-start=\"1984\" data-end=\"2046\">K\u00e4rlek 66 (vattenmelon + honungsmelon + passionsfrukt + mynta)<\/p>\n<\/li>\n<li data-start=\"2047\" data-end=\"2063\">\n<p data-start=\"2051\" data-end=\"2063\">Citron Lime<\/p>\n<\/li>\n<\/ol>\n<figure id=\"attachment_4576\" aria-describedby=\"caption-attachment-4576\" style=\"width: 300px\" class=\"wp-caption alignnone\"><img decoding=\"async\" class=\"size-medium wp-image-4576\" src=\"https:\/\/vapestornado.com\/wp-content\/uploads\/2025\/11\/Hifancy-Dream-45k-Puff-Disposable-Vape-300x300.webp\" alt=\"Hifancy Dream 45k Puff Eng\u00e5ngsvape\" width=\"300\" height=\"300\" srcset=\"https:\/\/vapestornado.com\/wp-content\/uploads\/2025\/11\/Hifancy-Dream-45k-Puff-Disposable-Vape-300x300.webp 300w, https:\/\/vapestornado.com\/wp-content\/uploads\/2025\/11\/Hifancy-Dream-45k-Puff-Disposable-Vape-150x150.webp 150w, https:\/\/vapestornado.com\/wp-content\/uploads\/2025\/11\/Hifancy-Dream-45k-Puff-Disposable-Vape-768x768.webp 768w, https:\/\/vapestornado.com\/wp-content\/uploads\/2025\/11\/Hifancy-Dream-45k-Puff-Disposable-Vape-12x12.webp 12w, https:\/\/vapestornado.com\/wp-content\/uploads\/2025\/11\/Hifancy-Dream-45k-Puff-Disposable-Vape-600x600.webp 600w, https:\/\/vapestornado.com\/wp-content\/uploads\/2025\/11\/Hifancy-Dream-45k-Puff-Disposable-Vape-100x100.webp 100w, https:\/\/vapestornado.com\/wp-content\/uploads\/2025\/11\/Hifancy-Dream-45k-Puff-Disposable-Vape.webp 800w\" sizes=\"(max-width: 300px) 100vw, 300px\" \/><figcaption id=\"caption-attachment-4576\" class=\"wp-caption-text\">Hifancy Dream 45k Puff Eng\u00e5ngsvape<\/figcaption><\/figure>\n<h2>Varf\u00f6r v\u00e4lja Vapestornado f\u00f6r bulkk\u00f6p av eng\u00e5ngsvape?<\/h2>\n<div class=\"flex-shrink-0 flex flex-col relative items-end\">\n<div class=\"pt-0\">\n<div class=\"gizmo-bot-avatar flex h-8 w-8 items-center justify-center overflow-hidden rounded-full\">\n<div class=\"relative p-1 rounded-sm flex items-center justify-center bg-token-main-surface-primary text-token-text-primary h-8 w-8\">\n<p data-start=\"648\" data-end=\"799\">V\u00e4lja <strong data-start=\"189\" data-end=\"205\">Vapestornado<\/strong> som din leverant\u00f6r f\u00f6r <strong data-start=\"227\" data-end=\"261\">Elf Bar Moon Night 40000 Puffar<\/strong> betyder att s\u00e4kra en partner som f\u00f6rst\u00e5r behoven hos grossister och \u00e5terf\u00f6rs\u00e4ljare baserade i Sverige. Vi fokuserar p\u00e5 snabb leverans, verifierad lagerh\u00e5llning och stabil l\u00e5ngsiktig f\u00f6rs\u00f6rjning\u2014nyckelfaktorer f\u00f6r f\u00f6retag som s\u00e4ljer h\u00f6gvolymprodukter som <strong data-start=\"489\" data-end=\"515\">Elf Bar Moon Night 40K<\/strong>. Varje batch h\u00e4mtas direkt fr\u00e5n certifierade kanaler, vilket s\u00e4kerst\u00e4ller \u00e4kta produkter, stark smakkonsekvens och p\u00e5litlig kvalitet som m\u00f6ter svenska k\u00f6pares f\u00f6rv\u00e4ntningar.<\/p>\n<p data-start=\"559\" data-end=\"933\" data-is-last-node=\"\" data-is-only-node=\"\">Vi har ocks\u00e5 n\u00e5gra andra popul\u00e4ra eng\u00e5ngsvapes med sk\u00e4rm som <a href=\"https:\/\/vapestornado.com\/sv\/product\/uzy-150k-puffs-6-in-1-flavor-switch-disposable-vape-pen-wholesale\/\">UZY 150K Puff smakv\u00e4xlare vape<\/a>, <a href=\"https:\/\/vapestornado.com\/sv\/product\/vozol-rave-40k-40000-puffs-disposable-vape-smart-screen-5-nicotine\/\">VOZOL RAVE 40K Eng\u00e5ngsvape<\/a>, <a href=\"https:\/\/vapestornado.com\/sv\/product\/waspe-150k-150000-puff-6-in-1-disposable-vape-pen-cartridge-best-wholesale-price-in-poland\/\">WASPE 150K Puff 6 i 1<\/a>, och mer.<\/p>\n<p data-start=\"559\" data-end=\"933\" data-is-last-node=\"\" data-is-only-node=\"\">\n<\/div>\n<h2>FAQ om HiFancy Dream 45k<\/h2>\n<div class=\"relative p-1 rounded-sm flex items-center justify-center bg-token-main-surface-primary text-token-text-primary h-8 w-8\">\n<h3 data-start=\"2713\" data-end=\"2767\"><strong data-start=\"2717\" data-end=\"2765\">1. Hur l\u00e4nge varar HiFancy Dream 45k?<\/strong><\/h3>\n<p data-start=\"2768\" data-end=\"2924\">Den <strong data-start=\"2772\" data-end=\"2793\">HiFancy Dream 45k<\/strong> erbjuder upp till <strong data-start=\"2807\" data-end=\"2823\">45 000 puffar<\/strong>, st\u00f6dd av en 39 ml tank och ett 650 mAh uppladdningsbart batteri, vilket ger de flesta anv\u00e4ndare f\u00f6rl\u00e4ngd flerdagars anv\u00e4ndning.<\/p>\n<h3 data-start=\"2926\" data-end=\"2984\"><strong data-start=\"2930\" data-end=\"2982\">2. Anv\u00e4nder HiFancy Dream 45000 ett mesh-spole?<\/strong><\/h3>\n<p data-start=\"2985\" data-end=\"3103\">Ja. Den har en <strong data-start=\"3004\" data-end=\"3024\">dubbel mesh coil<\/strong> f\u00f6r starkare smakclarhet och mjukare \u00e5nga under hela puffcykeln.<\/p>\n<h3 data-start=\"3105\" data-end=\"3159\"><strong data-start=\"3109\" data-end=\"3157\">3. Vad g\u00f6r att leveransen \u00e4r snabbare f\u00f6r EU-k\u00f6pare?<\/strong><\/h3>\n<p data-start=\"3160\" data-end=\"3297\">Produkten skickas direkt fr\u00e5n en <strong data-start=\"3195\" data-end=\"3211\">EU-lager<\/strong>, vilket s\u00e4kerst\u00e4ller snabbare leverans och undviker l\u00e5nga tullf\u00f6rdr\u00f6jningar f\u00f6r europeiska grossister.<\/p>\n<h3 data-start=\"3299\" data-end=\"3364\"><strong data-start=\"3303\" data-end=\"3362\">4. Har HiFancy Dream 45k en batteriindikator?<\/strong><\/h3>\n<p data-start=\"3365\" data-end=\"3499\">Ja. En <strong data-start=\"3372\" data-end=\"3405\">digital batteriindikator<\/strong> visar realtidsniv\u00e5er f\u00f6r batteriet, vilket f\u00f6rb\u00e4ttrar anv\u00e4ndarf\u00f6rtroendet och minskar ov\u00e4ntad str\u00f6mf\u00f6rlust.<\/p>\n<h3 data-start=\"3501\" data-end=\"3571\"><strong data-start=\"3505\" data-end=\"3569\">5. Vilka \u00e4r de b\u00e4st s\u00e4ljande smakerna av HiFancy Dream 45000?<\/strong><\/h3>\n<p data-start=\"3572\" data-end=\"3733\">Popul\u00e4ra val inkluderar <strong data-start=\"3596\" data-end=\"3614\">Vattenmelon Is<\/strong>, <strong data-start=\"3616\" data-end=\"3633\">Bl\u00e5 Razz Is<\/strong>, <strong data-start=\"3635\" data-end=\"3646\">K\u00e4rlek 66<\/strong>, och <strong data-start=\"3652\" data-end=\"3678\">Persika Mango Vattenmelon<\/strong>, f\u00f6redras f\u00f6r deras balanserade s\u00f6tma och kalla avslut.<\/p>\n<\/div>\n<\/div>\n<\/div>\n<\/div>","protected":false},"excerpt":{"rendered":"<article class=\"text-token-text-primary w-full focus:outline-none [--shadow-height:45px] has-data-writing-block:pointer-events-none has-data-writing-block:-mt-(--shadow-height) has-data-writing-block:pt-(--shadow-height) [&amp;:has([data-writing-block])&gt;*]:pointer-events-auto [content-visibility:auto] supports-[content-visibility:auto]:[contain-intrinsic-size:auto_100lvh] scroll-mt-[calc(var(--header-height)+min(200px,max(70px,20svh)))]\" dir=\"auto\" tabindex=\"-1\" data-turn-id=\"86ca9d92-7a10-4e6b-bda0-15f9df36adca\" data-testid=\"conversation-turn-120\" data-scroll-anchor=\"true\" data-turn=\"assistant\">\n<div class=\"text-base my-auto mx-auto pb-10 [--thread-content-margin:--spacing(4)] thread-sm:[--thread-content-margin:--spacing(6)] thread-lg:[--thread-content-margin:--spacing(16)] px-(--thread-content-margin)\">\n<div class=\"[--thread-content-max-width:40rem] thread-lg:[--thread-content-max-width:48rem] mx-auto max-w-(--thread-content-max-width) flex-1 group\/turn-messages focus-visible:outline-hidden relative flex w-full min-w-0 flex-col agent-turn\" tabindex=\"-1\">\n<div class=\"flex max-w-full flex-col grow\">\n<div class=\"min-h-8 text-message relative flex w-full flex-col items-end gap-2 text-start break-words whitespace-normal [.text-message+&amp;]:mt-1\" dir=\"auto\" data-message-author-role=\"assistant\" data-message-id=\"43b070d6-bf28-4fbe-8049-1032a61ea3ac\" data-message-model-slug=\"gpt-5\">\n<div class=\"flex w-full flex-col gap-1 empty:hidden first:pt-[1px]\">\n<div class=\"markdown prose dark:prose-invert w-full break-words light markdown-new-styling\">\n<article class=\"text-token-text-primary w-full focus:outline-none [--shadow-height:45px] has-data-writing-block:pointer-events-none has-data-writing-block:-mt-(--shadow-height) has-data-writing-block:pt-(--shadow-height) [&amp;:has([data-writing-block])&gt;*]:pointer-events-auto [content-visibility:auto] supports-[content-visibility:auto]:[contain-intrinsic-size:auto_100lvh] scroll-mt-[calc(var(--header-height)+min(200px,max(70px,20svh)))]\" dir=\"auto\" tabindex=\"-1\" data-turn-id=\"4d6f00b8-d41a-438b-8912-05a895842882\" data-testid=\"conversation-turn-130\" data-scroll-anchor=\"true\" data-turn=\"assistant\">\n<div class=\"text-base my-auto mx-auto pb-10 [--thread-content-margin:--spacing(4)] thread-sm:[--thread-content-margin:--spacing(6)] thread-lg:[--thread-content-margin:--spacing(16)] px-(--thread-content-margin)\">\n<div class=\"[--thread-content-max-width:40rem] thread-lg:[--thread-content-max-width:48rem] mx-auto max-w-(--thread-content-max-width) flex-1 group\/turn-messages focus-visible:outline-hidden relative flex w-full min-w-0 flex-col agent-turn\" tabindex=\"-1\">\n<div class=\"flex max-w-full flex-col grow\">\n<div class=\"min-h-8 text-message relative flex w-full flex-col items-end gap-2 text-start break-words whitespace-normal [.text-message+&amp;]:mt-1\" dir=\"auto\" data-message-author-role=\"assistant\" data-message-id=\"f3c520bf-c043-4392-87ea-b3bf1b3ae6d3\" data-message-model-slug=\"gpt-5-1\">\n<div class=\"flex w-full flex-col gap-1 empty:hidden first:pt-[1px]\">\n<div class=\"markdown prose dark:prose-invert w-full break-words light markdown-new-styling\">\n<p>HiFancy Dream 45k 45000 Puffar Vape Kit \u2014 EU-lager Snabb Leverans Grossist<br \/>\nGrossist HiFancy Dream 45000 Eng\u00e5ngsvape Kit med Dubbel Mesh Spiral EU-lager<br \/>\nHiFancy Dream 45k H\u00f6gkapacitets Eng\u00e5ngsvape \u2014 B\u00e4sta 45000 Puffar Vape Snabb Leverans EU<\/p>\n<\/div>\n<\/div>\n<\/div>\n<\/div>\n<\/div>\n<\/div>\n<\/article>\n<div class=\"pointer-events-none h-px w-px\" aria-hidden=\"true\" data-edge=\"true\"><\/div>\n<\/div>\n<\/div>\n<\/div>\n<\/div>\n<\/div>\n<\/div>\n<\/article>\n<p><img fetchpriority=\"high\" decoding=\"async\" class=\"size-full wp-image-2932\" src=\"https:\/\/vapestornado.com\/wp-content\/uploads\/2024\/12\/Vape-Wholesale.jpg\" alt=\"Vape Partihandel\" width=\"229\" height=\"300\" \/><\/p>\n<h3><a href=\"https:\/\/wa.me\/8617776015835\"><span style=\"color: #ff0000;\"><strong>WhatsApp: +86 17776015835<\/strong><\/span><\/a><\/h3>\n<p>&nbsp;<\/p>","protected":false},"featured_media":4581,"comment_status":"open","ping_status":"closed","template":"","meta":{"_acf_changed":false,"_uag_custom_page_level_css":"","_lmt_disableupdate":"no","_lmt_disable":"","_monsterinsights_skip_tracking":false,"_monsterinsights_sitenote_active":false,"_monsterinsights_sitenote_note":"","_monsterinsights_sitenote_category":0,"site-sidebar-layout":"default","site-content-layout":"","ast-site-content-layout":"default","site-content-style":"default","site-sidebar-style":"default","ast-global-header-display":"","ast-banner-title-visibility":"","ast-main-header-display":"","ast-hfb-above-header-display":"","ast-hfb-below-header-display":"","ast-hfb-mobile-header-display":"","site-post-title":"","ast-breadcrumbs-content":"","ast-featured-img":"","footer-sml-layout":"","ast-disable-related-posts":"","theme-transparent-header-meta":"default","adv-header-id-meta":"","stick-header-meta":"","header-above-stick-meta":"","header-main-stick-meta":"","header-below-stick-meta":"","astra-migrate-meta-layouts":"set","ast-page-background-enabled":"default","ast-page-background-meta":{"desktop":{"background-color":"","background-image":"","background-repeat":"repeat","background-position":"center center","background-size":"auto","background-attachment":"scroll","background-type":"","background-media":"","overlay-type":"","overlay-color":"","overlay-opacity":"","overlay-gradient":""},"tablet":{"background-color":"","background-image":"","background-repeat":"repeat","background-position":"center center","background-size":"auto","background-attachment":"scroll","background-type":"","background-media":"","overlay-type":"","overlay-color":"","overlay-opacity":"","overlay-gradient":""},"mobile":{"background-color":"","background-image":"","background-repeat":"repeat","background-position":"center center","background-size":"auto","background-attachment":"scroll","background-type":"","background-media":"","overlay-type":"","overlay-color":"","overlay-opacity":"","overlay-gradient":""}},"ast-content-background-meta":{"desktop":{"background-color":"var(--ast-global-color-5)","background-image":"","background-repeat":"repeat","background-position":"center center","background-size":"auto","background-attachment":"scroll","background-type":"","background-media":"","overlay-type":"","overlay-color":"","overlay-opacity":"","overlay-gradient":""},"tablet":{"background-color":"var(--ast-global-color-5)","background-image":"","background-repeat":"repeat","background-position":"center center","background-size":"auto","background-attachment":"scroll","background-type":"","background-media":"","overlay-type":"","overlay-color":"","overlay-opacity":"","overlay-gradient":""},"mobile":{"background-color":"var(--ast-global-color-5)","background-image":"","background-repeat":"repeat","background-position":"center center","background-size":"auto","background-attachment":"scroll","background-type":"","background-media":"","overlay-type":"","overlay-color":"","overlay-opacity":"","overlay-gradient":""}},"_joinchat":{"telephone":"17776015835"}},"product_brand":[],"product_cat":[265,149,150,151,156,357,146],"product_tag":[105,446,443,444,436,268,445],"class_list":{"0":"post-4582","1":"product","2":"type-product","3":"status-publish","4":"has-post-thumbnail","6":"product_cat-45000-puff","7":"product_cat-buy-disposable-vapes-in-austria","8":"product_cat-buy-disposable-vapes-in-belgium","9":"product_cat-buy-disposable-vapes-in-france","10":"product_cat-buy-disposable-vapes-in-poland","11":"product_cat-flavor-adjustable-vape","12":"product_cat-rechargeable-disposable-vapes","13":"product_tag-digital-disposable-vape","14":"product_tag-disposable-vape-kit","15":"product_tag-hifancy-dream-450000","16":"product_tag-hifancy-dream-45k","17":"product_tag-shop-vape-online","18":"product_tag-touch-screen-vape","19":"product_tag-vape-eu-warehouse-fast-shipping","20":"desktop-align-left","21":"tablet-align-left","22":"mobile-align-left","24":"first","25":"instock","26":"sale","27":"shipping-taxable","28":"purchasable","29":"product-type-simple"},"acf":[],"uagb_featured_image_src":{"full":["https:\/\/vapestornado.com\/wp-content\/uploads\/2025\/11\/Shop-HIFANCY-45k-Disposable-Vape-Bar.webp",800,800,false],"thumbnail":["https:\/\/vapestornado.com\/wp-content\/uploads\/2025\/11\/Shop-HIFANCY-45k-Disposable-Vape-Bar-150x150.webp",150,150,true],"medium":["https:\/\/vapestornado.com\/wp-content\/uploads\/2025\/11\/Shop-HIFANCY-45k-Disposable-Vape-Bar-300x300.webp",300,300,true],"medium_large":["https:\/\/vapestornado.com\/wp-content\/uploads\/2025\/11\/Shop-HIFANCY-45k-Disposable-Vape-Bar-768x768.webp",768,768,true],"large":["https:\/\/vapestornado.com\/wp-content\/uploads\/2025\/11\/Shop-HIFANCY-45k-Disposable-Vape-Bar.webp",800,800,false],"1536x1536":["https:\/\/vapestornado.com\/wp-content\/uploads\/2025\/11\/Shop-HIFANCY-45k-Disposable-Vape-Bar.webp",800,800,false],"2048x2048":["https:\/\/vapestornado.com\/wp-content\/uploads\/2025\/11\/Shop-HIFANCY-45k-Disposable-Vape-Bar.webp",800,800,false],"trp-custom-language-flag":["https:\/\/vapestornado.com\/wp-content\/uploads\/2025\/11\/Shop-HIFANCY-45k-Disposable-Vape-Bar-12x12.webp",12,12,true],"woocommerce_thumbnail":["https:\/\/vapestornado.com\/wp-content\/uploads\/2025\/11\/Shop-HIFANCY-45k-Disposable-Vape-Bar-300x300.webp",300,300,true],"woocommerce_single":["https:\/\/vapestornado.com\/wp-content\/uploads\/2025\/11\/Shop-HIFANCY-45k-Disposable-Vape-Bar-600x600.webp",600,600,true],"woocommerce_gallery_thumbnail":["https:\/\/vapestornado.com\/wp-content\/uploads\/2025\/11\/Shop-HIFANCY-45k-Disposable-Vape-Bar-100x100.webp",100,100,true]},"uagb_author_info":{"display_name":"ESAMY","author_link":"https:\/\/vapestornado.com\/sv\/author\/"},"uagb_comment_info":0,"uagb_excerpt":"HiFancy Dream 45k 45000 Puffs Vape Kit \u2014 EU Warehouse Fast Delivery Wholesale Wholesale HiFancy Dream 45000 Disposable Vape Kit with Double Mesh Coil EU Stock HiFancy Dream 45k High-Capacity Disposable \u2014 Best 45000 Puffs Vape Fast Shipping EU WhatsApp: +86 17776015835 &nbsp;","_links":{"self":[{"href":"https:\/\/vapestornado.com\/sv\/wp-json\/wp\/v2\/product\/4582","targetHints":{"allow":["GET"]}}],"collection":[{"href":"https:\/\/vapestornado.com\/sv\/wp-json\/wp\/v2\/product"}],"about":[{"href":"https:\/\/vapestornado.com\/sv\/wp-json\/wp\/v2\/types\/product"}],"replies":[{"embeddable":true,"href":"https:\/\/vapestornado.com\/sv\/wp-json\/wp\/v2\/comments?post=4582"}],"wp:featuredmedia":[{"embeddable":true,"href":"https:\/\/vapestornado.com\/sv\/wp-json\/wp\/v2\/media\/4581"}],"wp:attachment":[{"href":"https:\/\/vapestornado.com\/sv\/wp-json\/wp\/v2\/media?parent=4582"}],"wp:term":[{"taxonomy":"product_brand","embeddable":true,"href":"https:\/\/vapestornado.com\/sv\/wp-json\/wp\/v2\/product_brand?post=4582"},{"taxonomy":"product_cat","embeddable":true,"href":"https:\/\/vapestornado.com\/sv\/wp-json\/wp\/v2\/product_cat?post=4582"},{"taxonomy":"product_tag","embeddable":true,"href":"https:\/\/vapestornado.com\/sv\/wp-json\/wp\/v2\/product_tag?post=4582"}],"curies":[{"name":"wp","href":"https:\/\/api.w.org\/{rel}","templated":true}]}}