{"id":4537,"date":"2025-11-13T08:50:19","date_gmt":"2025-11-13T08:50:19","guid":{"rendered":"https:\/\/vapestornado.com\/?post_type=product&#038;p=4537"},"modified":"2025-11-13T09:14:06","modified_gmt":"2025-11-13T09:14:06","slug":"uzy-bang-digital-15k-puff-monkey-vape-pen-eu-warehouse-fast-shipping","status":"publish","type":"product","link":"https:\/\/vapestornado.com\/sv\/product\/uzy-bang-digital-15k-puff-monkey-vape-pen-eu-warehouse-fast-shipping\/","title":{"rendered":"UZY Bang Digital 15K Puff 15000 Monkey Vape Pen EU-lager Snabb Frakt"},"content":{"rendered":"<h2 data-pm-slice=\"1 1 []\">UZY Bang Digital 15K Puff \u2013 Kompakt Kraft, Premium Smak, Snabb EU-leverans<\/h2>\n<p data-start=\"90\" data-end=\"703\">Den <strong data-start=\"94\" data-end=\"118\">UZY Bang Digital 15K<\/strong> omdefinierar vad en <strong data-start=\"144\" data-end=\"171\">digital eng\u00e5ngsvape<\/strong> kan erbjuda. Med en <strong data-start=\"190\" data-end=\"222\">15000 puff kapacitet<\/strong> och <strong data-start=\"227\" data-end=\"254\">25ml f\u00f6rfylld e-juice<\/strong>, kombinerar denna modell l\u00e5ngvarig prestanda med mjuk, j\u00e4mn \u00e5ngproduktion. Utvecklad f\u00f6r vapers som kr\u00e4ver b\u00e5de uth\u00e5llighet och smak, den <strong data-start=\"406\" data-end=\"423\">UZY 15K Puffar<\/strong> har en <strong data-start=\"435\" data-end=\"453\">1.0\u03a9 n\u00e4tspole<\/strong> f\u00f6r t\u00e4ta moln och ren smak i varje drag. Dess <strong data-start=\"506\" data-end=\"544\">850mAh Typ-C uppladdningsbart batteri<\/strong> s\u00e4kerst\u00e4ller hela dagens kraft med snabb, effektiv uppladdning \u2014 vilket g\u00f6r den idealisk f\u00f6r b\u00e5de dagliga anv\u00e4ndare och grossistk\u00f6pare som s\u00f6ker tillf\u00f6rlitlighet i bulkbest\u00e4llningar.<\/p>\n<p data-start=\"705\" data-end=\"1168\">Denna <strong data-start=\"710\" data-end=\"735\">smart eng\u00e5ngsvape<\/strong> utm\u00e4rker sig med en <strong data-start=\"754\" data-end=\"777\">digital LED-display<\/strong> som sp\u00e5rar batteriliv och e-juice niv\u00e5er i realtid \u2014 en funktion som s\u00e4llan finns i kompakta vapes. Den <strong data-start=\"883\" data-end=\"930\">justerbara nikotinalternativen (0%, 2%, 3%, 5%)<\/strong> g\u00f6r den perfekt f\u00f6r alla preferenser, fr\u00e5n nikotinfri anv\u00e4ndare till de som gillar ett starkare halsdrag. Kompakt men kraftfull, denna <strong data-start=\"1057\" data-end=\"1080\">UZY Digital 15K Puff<\/strong> passar l\u00e4tt i din ficka samtidigt som den levererar prestanda j\u00e4mf\u00f6rbar med st\u00f6rre enheter.<\/p>\n<p data-start=\"1170\" data-end=\"1516\">Med lager tillg\u00e4ngligt i v\u00e5r <strong data-start=\"1198\" data-end=\"1214\">EU-lager<\/strong> och <strong data-start=\"1219\" data-end=\"1296\">snabb leverans till l\u00e4nder som Frankrike, Tyskland, Spanien, Italien och Polen<\/strong>, den <strong data-start=\"1302\" data-end=\"1331\">UZY Bang Digital 15K Puff<\/strong> \u00e4r ditt fr\u00e4msta val f\u00f6r h\u00f6gmarginal grossist- och detaljhandel. Det \u00e4r en milj\u00f6v\u00e4nlig, uppladdningsbar eng\u00e5ngsprodukt \u2014 minskar avfall samtidigt som den levererar o\u00f6vertr\u00e4ffad bekv\u00e4mlighet och smak av h\u00f6g kvalitet.<\/p>\n<p data-start=\"666\" data-end=\"1235\"><strong style=\"font-size: 16px;\"><span style=\"color: #ff0000;\">L\u00e4gg till Amys WhatsApp f\u00f6r att f\u00e5 r\u00e4tt svar och rabatterat pris!<\/span><\/strong><\/p>\n<p><img fetchpriority=\"high\" decoding=\"async\" class=\"size-full wp-image-2932\" src=\"https:\/\/vapestornado.com\/wp-content\/uploads\/2024\/12\/Vape-Wholesale.jpg\" alt=\"Vape Partihandel\" width=\"229\" height=\"300\" \/><\/p>\n<h3><a href=\"https:\/\/wa.me\/8617776015835\" target=\"_blank\" rel=\"noopener\"><span style=\"color: #ff0000;\"><strong>WhatsApp: +86 17776015835<\/strong><\/span><\/a><\/h3>\n<p>&nbsp;<\/p>\n<h2><strong>UZY Bang Digital 15K Bar Nyckelfunktioner<\/strong><\/h2>\n<ul>\n<li data-start=\"1573\" data-end=\"1606\">\n<p data-start=\"1575\" data-end=\"1606\"><strong data-start=\"1575\" data-end=\"1585\">Bloss:<\/strong> Upp till 15 000 puffar<\/p>\n<\/li>\n<li data-start=\"1607\" data-end=\"1655\">\n<p data-start=\"1609\" data-end=\"1655\"><strong data-start=\"1609\" data-end=\"1631\">E-v\u00e4tskekapacitet:<\/strong> 25 ml premium salt nic<\/p>\n<\/li>\n<li data-start=\"1656\" data-end=\"1699\">\n<p data-start=\"1658\" data-end=\"1699\"><strong data-start=\"1658\" data-end=\"1670\">Batteri:<\/strong> 850mAh Type-C uppladdningsbar<\/p>\n<\/li>\n<li data-start=\"1700\" data-end=\"1744\">\n<p data-start=\"1702\" data-end=\"1744\"><strong data-start=\"1702\" data-end=\"1711\">Spole:<\/strong> 1.0\u03a9 mesh-spole f\u00f6r rika moln<\/p>\n<\/li>\n<li data-start=\"1745\" data-end=\"1804\">\n<p data-start=\"1747\" data-end=\"1804\"><strong data-start=\"1747\" data-end=\"1759\">Display:<\/strong> LED digital sk\u00e4rm (batteri- och juice niv\u00e5)<\/p>\n<\/li>\n<li data-start=\"1805\" data-end=\"1846\">\n<p data-start=\"1807\" data-end=\"1846\"><strong data-start=\"1807\" data-end=\"1829\">Nikotinstyrka:<\/strong> 0%, 2%, 3%, 5%<\/p>\n<\/li>\n<li data-start=\"1847\" data-end=\"1888\">\n<p data-start=\"1849\" data-end=\"1888\"><strong data-start=\"1849\" data-end=\"1867\">Laddningsport:<\/strong> Type-C snabbladdning<\/p>\n<\/li>\n<li data-start=\"1889\" data-end=\"1945\">\n<p data-start=\"1891\" data-end=\"1945\"><strong data-start=\"1891\" data-end=\"1905\">Lager:<\/strong> EU-lager, snabb leverans \u00f6ver hela Europa<\/p>\n<\/li>\n<\/ul>\n<figure id=\"attachment_4531\" aria-describedby=\"caption-attachment-4531\" style=\"width: 300px\" class=\"wp-caption alignnone\"><img decoding=\"async\" class=\"size-medium wp-image-4531\" src=\"https:\/\/vapestornado.com\/wp-content\/uploads\/2025\/11\/Original-Uzy-Bang-Digital-15000-Puff-15k-Disposable-E-Cigs-300x300.webp\" alt=\"Original Uzy Bang Digital 15000 Puff 15k Eng\u00e5ngs E-cigaretter\" width=\"300\" height=\"300\" srcset=\"https:\/\/vapestornado.com\/wp-content\/uploads\/2025\/11\/Original-Uzy-Bang-Digital-15000-Puff-15k-Disposable-E-Cigs-300x300.webp 300w, https:\/\/vapestornado.com\/wp-content\/uploads\/2025\/11\/Original-Uzy-Bang-Digital-15000-Puff-15k-Disposable-E-Cigs-150x150.webp 150w, https:\/\/vapestornado.com\/wp-content\/uploads\/2025\/11\/Original-Uzy-Bang-Digital-15000-Puff-15k-Disposable-E-Cigs-768x768.webp 768w, https:\/\/vapestornado.com\/wp-content\/uploads\/2025\/11\/Original-Uzy-Bang-Digital-15000-Puff-15k-Disposable-E-Cigs-12x12.webp 12w, https:\/\/vapestornado.com\/wp-content\/uploads\/2025\/11\/Original-Uzy-Bang-Digital-15000-Puff-15k-Disposable-E-Cigs-600x600.webp 600w, https:\/\/vapestornado.com\/wp-content\/uploads\/2025\/11\/Original-Uzy-Bang-Digital-15000-Puff-15k-Disposable-E-Cigs-100x100.webp 100w, https:\/\/vapestornado.com\/wp-content\/uploads\/2025\/11\/Original-Uzy-Bang-Digital-15000-Puff-15k-Disposable-E-Cigs.webp 800w\" sizes=\"(max-width: 300px) 100vw, 300px\" \/><figcaption id=\"caption-attachment-4531\" class=\"wp-caption-text\">Original Uzy Bang Digital 15000 Puff 15k Eng\u00e5ngs E-cigaretter<\/figcaption><\/figure>\n<h2 class=\"product-title\"><strong>UZY Bang Digital 15K Eng\u00e5ngs Vaper Smaklista<\/strong><\/h2>\n<p>1. Jordgubb vattenmelon<br \/>\n2. Bl\u00e5b\u00e4r p\u00e5 is<br \/>\n3.Peach Mango Ananas<br \/>\n4. Druvglass<br \/>\n5. Vattenmelonglass<br \/>\n6. Persikaglass<br \/>\n7. Jordgubbskiwi<br \/>\n8. Bl\u00e5b\u00e4r Hallon<br \/>\n9. Kiwi Passionfrukt<br \/>\n10. MR Bl\u00e5<br \/>\n11. Triple Mango glass<br \/>\n12. R\u00f6d Energi glass<\/p>\n<h3 data-start=\"2251\" data-end=\"2296\"><strong data-start=\"2255\" data-end=\"2296\">Varf\u00f6r v\u00e4lja UZY Bang Digital 15K Puff?<\/strong><\/h3>\n<ul data-start=\"2297\" data-end=\"2680\">\n<li data-start=\"2297\" data-end=\"2373\">\n<p data-start=\"2299\" data-end=\"2373\"><strong data-start=\"2299\" data-end=\"2328\">L\u00e5ngvarig prestanda:<\/strong> 15 000 puff f\u00f6r f\u00f6rl\u00e4ngda vaping-sessioner.<\/p>\n<\/li>\n<li data-start=\"2374\" data-end=\"2447\">\n<p data-start=\"2376\" data-end=\"2447\"><strong data-start=\"2376\" data-end=\"2407\">M\u00e5ngsidiga nikotinalternativ:<\/strong> V\u00e4lj mellan 0\u20135% f\u00f6r full kontroll.<\/p>\n<\/li>\n<li data-start=\"2448\" data-end=\"2528\">\n<p data-start=\"2450\" data-end=\"2528\"><strong data-start=\"2450\" data-end=\"2480\">Smart display bekv\u00e4mlighet:<\/strong> H\u00e5ll dig informerad om batteri- och juice-niv\u00e5er.<\/p>\n<\/li>\n<li data-start=\"2529\" data-end=\"2601\">\n<p data-start=\"2531\" data-end=\"2601\"><strong data-start=\"2531\" data-end=\"2550\">Lager baserat i EU:<\/strong> Snabb, p\u00e5litlig leverans f\u00f6r europeiska \u00e5terf\u00f6rs\u00e4ljare.<\/p>\n<\/li>\n<li data-start=\"2602\" data-end=\"2680\">\n<p data-start=\"2604\" data-end=\"2680\"><strong data-start=\"2604\" data-end=\"2629\">Milj\u00f6v\u00e4nlig design:<\/strong> \u00c5teruppladdningsbart system minskar milj\u00f6avfall.<\/p>\n<\/li>\n<\/ul>\n<h3 data-start=\"2687\" data-end=\"2754\"><strong data-start=\"2691\" data-end=\"2754\">J\u00e4mf\u00f6relse: UZY Bang Digital 15K vs Traditionella eng\u00e5ngsprodukter<\/strong><\/h3>\n<p data-start=\"2755\" data-end=\"3026\">Till skillnad fr\u00e5n standard 5K\u20138K puffbars, <strong data-start=\"2792\" data-end=\"2815\">UZYDigital 15K Puff<\/strong> ger tre g\u00e5nger l\u00e4ngre livsl\u00e4ngd och smartare vapingkontroll. LED-sk\u00e4rmen och Type-C-laddning g\u00f6r den mycket mer praktisk f\u00f6r l\u00e5ngvarig anv\u00e4ndning, medan mesh-spolen s\u00e4kerst\u00e4ller att varje puff smakar f\u00e4rskt \u00e4nda till slutet.<\/p>\n<p>&nbsp;<\/p>\n<h2>Varf\u00f6r v\u00e4lja Vapestornado f\u00f6r UZY Bang Digital 15K Puffs i bulk?<\/h2>\n<div class=\"flex-shrink-0 flex flex-col relative items-end\">\n<div class=\"pt-0\">\n<div class=\"gizmo-bot-avatar flex h-8 w-8 items-center justify-center overflow-hidden rounded-full\">\n<div class=\"relative p-1 rounded-sm flex items-center justify-center bg-token-main-surface-primary text-token-text-primary h-8 w-8\">\n<p>At\u00a0<strong>Vapes Tornado<\/strong>, vi \u00e4r stolta \u00f6ver att leverera\u00a0<strong>premium vapingprodukter till oslagbara priser<\/strong>\u00a0H\u00e4r \u00e4r varf\u00f6r du b\u00f6r k\u00f6pa fr\u00e5n oss:<\/p>\n<p data-start=\"235\" data-end=\"360\"><strong data-start=\"235\" data-end=\"261\">B\u00e4sta Grossist-erbjudanden<\/strong> \u2013 Njut av <strong data-start=\"270\" data-end=\"297\">h\u00f6gmarginala grossistpriser<\/strong> anpassade f\u00f6r \u00e5terf\u00f6rs\u00e4ljare, vape-distribut\u00f6rer och detaljhandelsbutiker.<\/p>\n<p data-start=\"362\" data-end=\"513\"><strong data-start=\"362\" data-end=\"400\">\u2714 Snabb &amp; S\u00e4ker V\u00e4rldsomsp\u00e4nnande Frakt<\/strong> \u2013 Vi s\u00e4kerst\u00e4ller <strong data-start=\"413\" data-end=\"443\">snabb, sp\u00e5rbar leverans<\/strong> \u00f6ver Europa och bortom, s\u00e5 att ditt lager anl\u00e4nder s\u00e4kert och i tid.<\/p>\n<p data-start=\"515\" data-end=\"646\"><strong data-start=\"515\" data-end=\"542\">\u2714 100% \u00c4kta Produkter<\/strong> \u2013 Varje <strong data-start=\"551\" data-end=\"578\">WASPE Triple 60000 vape<\/strong> vi s\u00e4ljer \u00e4r <strong data-start=\"590\" data-end=\"625\">autentiska och fabrikscertifierade<\/strong>, aldrig imitationer.<\/p>\n<p data-start=\"648\" data-end=\"799\"><strong data-start=\"648\" data-end=\"676\">\u2714 Dedikerat Supportteam<\/strong> \u2013 Beh\u00f6ver du hj\u00e4lp? V\u00e5ra <strong data-start=\"694\" data-end=\"733\">vape-specialister finns tillg\u00e4ngliga 24\/7<\/strong>, redo att svara p\u00e5 dina fr\u00e5gor och hj\u00e4lpa till med best\u00e4llningar n\u00e4r som helst.<\/p>\n<p>&nbsp;<\/p>\n<p data-start=\"559\" data-end=\"933\" data-is-last-node=\"\" data-is-only-node=\"\">Vi har ocks\u00e5 n\u00e5gra andra popul\u00e4ra eng\u00e5ngsvapes med sk\u00e4rm som <a href=\"https:\/\/vapestornado.com\/sv\/product\/uzy-150k-puffs-6-in-1-flavor-switch-disposable-vape-pen-wholesale\/\">UZY 150K Puff smakv\u00e4xlare vape<\/a>, <a href=\"https:\/\/vapestornado.com\/sv\/product\/vozol-rave-40k-40000-puffs-disposable-vape-smart-screen-5-nicotine\/\">VOZOL RAVE 40K Eng\u00e5ngsvape<\/a>, <a href=\"https:\/\/vapestornado.com\/sv\/product\/waspe-150k-150000-puff-6-in-1-disposable-vape-pen-cartridge-best-wholesale-price-in-poland\/\">WASPE 150K Puff 6 i 1<\/a>, och mer.<\/p>\n<\/div>\n<div class=\"relative p-1 rounded-sm flex items-center justify-center bg-token-main-surface-primary text-token-text-primary h-8 w-8\">\n<h2>FAQ om UZY Bang Digital 15K Puffs<\/h2>\n<p data-start=\"3074\" data-end=\"3210\"><strong data-start=\"3074\" data-end=\"3125\">1. Hur l\u00e4nge h\u00e5ller UZY Bang Digital 15K?<\/strong><br data-start=\"3125\" data-end=\"3128\" \/>Den ger upp till 15 000 puffar, beroende p\u00e5 vapingfrekvens och puffl\u00e4ngd.<\/p>\n<p data-start=\"3212\" data-end=\"3329\"><strong data-start=\"3212\" data-end=\"3255\">2. \u00c4r UZY Digital 15K uppladdningsbar?<\/strong><br data-start=\"3255\" data-end=\"3258\" \/>Ja, den har ett inbyggt 850mAh batteri med Type-C snabbladdning.<\/p>\n<p data-start=\"3331\" data-end=\"3452\"><strong data-start=\"3331\" data-end=\"3369\">3. Hur m\u00e5nga smaker finns tillg\u00e4ngliga?<\/strong><br data-start=\"3369\" data-end=\"3372\" \/>Det finns 12 unika smaker, fr\u00e5n fruktiga blandningar till iskalla varianter.<\/p>\n<p data-start=\"3454\" data-end=\"3579\"><strong data-start=\"3454\" data-end=\"3499\">4. Visar den batteri- och v\u00e4tskeniv\u00e5er?<\/strong><br data-start=\"3499\" data-end=\"3502\" \/>Ja, den digitala LED-sk\u00e4rmen visar realtidsstatus f\u00f6r batteri och e-v\u00e4tska.<\/p>\n<p data-start=\"3581\" data-end=\"3743\"><strong data-start=\"3581\" data-end=\"3615\">5. Var kan jag k\u00f6pa den i bulk?<\/strong><br data-start=\"3615\" data-end=\"3618\" \/>Partibest\u00e4llningar skickas direkt fr\u00e5n v\u00e5r <strong data-start=\"3658\" data-end=\"3674\">EU-lager<\/strong>, vilket s\u00e4kerst\u00e4ller <strong data-start=\"3685\" data-end=\"3726\">snabb leverans och konkurrenskraftiga priser<\/strong> \u00f6ver hela Europa.<\/p>\n<\/div>\n<\/div>\n<\/div>\n<\/div>","protected":false},"excerpt":{"rendered":"<article class=\"text-token-text-primary w-full focus:outline-none [--shadow-height:45px] has-data-writing-block:pointer-events-none has-data-writing-block:-mt-(--shadow-height) has-data-writing-block:pt-(--shadow-height) [&amp;:has([data-writing-block])&gt;*]:pointer-events-auto [content-visibility:auto] supports-[content-visibility:auto]:[contain-intrinsic-size:auto_100lvh] scroll-mt-[calc(var(--header-height)+min(200px,max(70px,20svh)))]\" dir=\"auto\" tabindex=\"-1\" data-turn-id=\"86ca9d92-7a10-4e6b-bda0-15f9df36adca\" data-testid=\"conversation-turn-120\" data-scroll-anchor=\"true\" data-turn=\"assistant\">\n<div class=\"text-base my-auto mx-auto pb-10 [--thread-content-margin:--spacing(4)] thread-sm:[--thread-content-margin:--spacing(6)] thread-lg:[--thread-content-margin:--spacing(16)] px-(--thread-content-margin)\">\n<div class=\"[--thread-content-max-width:40rem] thread-lg:[--thread-content-max-width:48rem] mx-auto max-w-(--thread-content-max-width) flex-1 group\/turn-messages focus-visible:outline-hidden relative flex w-full min-w-0 flex-col agent-turn\" tabindex=\"-1\">\n<div class=\"flex max-w-full flex-col grow\">\n<div class=\"min-h-8 text-message relative flex w-full flex-col items-end gap-2 text-start break-words whitespace-normal [.text-message+&amp;]:mt-1\" dir=\"auto\" data-message-author-role=\"assistant\" data-message-id=\"43b070d6-bf28-4fbe-8049-1032a61ea3ac\" data-message-model-slug=\"gpt-5\">\n<div class=\"flex w-full flex-col gap-1 empty:hidden first:pt-[1px]\">\n<div class=\"markdown prose dark:prose-invert w-full break-words light markdown-new-styling\">\n<p data-start=\"4043\" data-end=\"4133\"><strong data-start=\"4043\" data-end=\"4131\">UZY Bang Digital 15K Puff \u2013 Smart Eng\u00e5ngsvape med LED-sk\u00e4rm &amp; EU Snabb Frakt<\/strong><\/p>\n<p data-start=\"4137\" data-end=\"4227\"><strong data-start=\"4137\" data-end=\"4225\">K\u00f6p UZY Digital 15K Vape Pen \u2013 15000 Puff Uppladdningsbar Eng\u00e5ngsvape till Grossistpris<\/strong><\/p>\n<p data-start=\"4231\" data-end=\"4308\" data-is-last-node=\"\"><strong data-start=\"4231\" data-end=\"4308\" data-is-last-node=\"\">EU-lager: UZY 15K Puff Vape med Smart Display &amp; Snabb Leverans<\/strong><\/p>\n<\/div>\n<\/div>\n<\/div>\n<\/div>\n<\/div>\n<\/div>\n<\/article>\n<p><img fetchpriority=\"high\" decoding=\"async\" class=\"size-full wp-image-2932\" src=\"https:\/\/vapestornado.com\/wp-content\/uploads\/2024\/12\/Vape-Wholesale.jpg\" alt=\"Vape Partihandel\" width=\"229\" height=\"300\" \/><\/p>\n<h3><a href=\"https:\/\/wa.me\/8617776015835\"><span style=\"color: #ff0000;\"><strong>WhatsApp: +86 17776015835<\/strong><\/span><\/a><\/h3>\n<p>&nbsp;<\/p>","protected":false},"featured_media":4532,"comment_status":"open","ping_status":"closed","template":"","meta":{"_acf_changed":false,"_uag_custom_page_level_css":"","_lmt_disableupdate":"no","_lmt_disable":"","_monsterinsights_skip_tracking":false,"_monsterinsights_sitenote_active":false,"_monsterinsights_sitenote_note":"","_monsterinsights_sitenote_category":0,"site-sidebar-layout":"default","site-content-layout":"","ast-site-content-layout":"default","site-content-style":"default","site-sidebar-style":"default","ast-global-header-display":"","ast-banner-title-visibility":"","ast-main-header-display":"","ast-hfb-above-header-display":"","ast-hfb-below-header-display":"","ast-hfb-mobile-header-display":"","site-post-title":"","ast-breadcrumbs-content":"","ast-featured-img":"","footer-sml-layout":"","ast-disable-related-posts":"","theme-transparent-header-meta":"default","adv-header-id-meta":"","stick-header-meta":"","header-above-stick-meta":"","header-main-stick-meta":"","header-below-stick-meta":"","astra-migrate-meta-layouts":"set","ast-page-background-enabled":"default","ast-page-background-meta":{"desktop":{"background-color":"","background-image":"","background-repeat":"repeat","background-position":"center center","background-size":"auto","background-attachment":"scroll","background-type":"","background-media":"","overlay-type":"","overlay-color":"","overlay-opacity":"","overlay-gradient":""},"tablet":{"background-color":"","background-image":"","background-repeat":"repeat","background-position":"center center","background-size":"auto","background-attachment":"scroll","background-type":"","background-media":"","overlay-type":"","overlay-color":"","overlay-opacity":"","overlay-gradient":""},"mobile":{"background-color":"","background-image":"","background-repeat":"repeat","background-position":"center center","background-size":"auto","background-attachment":"scroll","background-type":"","background-media":"","overlay-type":"","overlay-color":"","overlay-opacity":"","overlay-gradient":""}},"ast-content-background-meta":{"desktop":{"background-color":"var(--ast-global-color-5)","background-image":"","background-repeat":"repeat","background-position":"center center","background-size":"auto","background-attachment":"scroll","background-type":"","background-media":"","overlay-type":"","overlay-color":"","overlay-opacity":"","overlay-gradient":""},"tablet":{"background-color":"var(--ast-global-color-5)","background-image":"","background-repeat":"repeat","background-position":"center center","background-size":"auto","background-attachment":"scroll","background-type":"","background-media":"","overlay-type":"","overlay-color":"","overlay-opacity":"","overlay-gradient":""},"mobile":{"background-color":"var(--ast-global-color-5)","background-image":"","background-repeat":"repeat","background-position":"center center","background-size":"auto","background-attachment":"scroll","background-type":"","background-media":"","overlay-type":"","overlay-color":"","overlay-opacity":"","overlay-gradient":""}},"_joinchat":{"telephone":"17776015835"}},"product_brand":[],"product_cat":[71,152,154,156,158,142,357,144,356],"product_tag":[105,406,427,94,428,429,301],"class_list":{"0":"post-4537","1":"product","2":"type-product","3":"status-publish","4":"has-post-thumbnail","6":"product_cat-15000-puff","7":"product_cat-buy-disposable-vapes-in-cermany","8":"product_cat-buy-disposable-vapes-in-netherlands","9":"product_cat-buy-disposable-vapes-in-poland","10":"product_cat-buy-disposable-vapes-in-spain","11":"product_cat-digital-box-disposable-vapes","12":"product_cat-flavor-adjustable-vape","13":"product_cat-low-nicotine-disposable-vapes","14":"product_cat-uzy-vape","15":"product_tag-digital-disposable-vape","16":"product_tag-disposable-vape-fast-shipping","17":"product_tag-multi-flaovr-vape","18":"product_tag-rechargeable-disposable-vape","19":"product_tag-uzy-bang-digital-15k","20":"product_tag-vape-eu-warehouse","21":"product_tag-vapor-wholesale","22":"desktop-align-left","23":"tablet-align-left","24":"mobile-align-left","26":"first","27":"instock","28":"sale","29":"shipping-taxable","30":"purchasable","31":"product-type-simple"},"acf":[],"uagb_featured_image_src":{"full":["https:\/\/vapestornado.com\/wp-content\/uploads\/2025\/11\/UZY-Bang-Digital-15K-Puff-Monkey-Vape-Pen.webp",800,800,false],"thumbnail":["https:\/\/vapestornado.com\/wp-content\/uploads\/2025\/11\/UZY-Bang-Digital-15K-Puff-Monkey-Vape-Pen-150x150.webp",150,150,true],"medium":["https:\/\/vapestornado.com\/wp-content\/uploads\/2025\/11\/UZY-Bang-Digital-15K-Puff-Monkey-Vape-Pen-300x300.webp",300,300,true],"medium_large":["https:\/\/vapestornado.com\/wp-content\/uploads\/2025\/11\/UZY-Bang-Digital-15K-Puff-Monkey-Vape-Pen-768x768.webp",768,768,true],"large":["https:\/\/vapestornado.com\/wp-content\/uploads\/2025\/11\/UZY-Bang-Digital-15K-Puff-Monkey-Vape-Pen.webp",800,800,false],"1536x1536":["https:\/\/vapestornado.com\/wp-content\/uploads\/2025\/11\/UZY-Bang-Digital-15K-Puff-Monkey-Vape-Pen.webp",800,800,false],"2048x2048":["https:\/\/vapestornado.com\/wp-content\/uploads\/2025\/11\/UZY-Bang-Digital-15K-Puff-Monkey-Vape-Pen.webp",800,800,false],"trp-custom-language-flag":["https:\/\/vapestornado.com\/wp-content\/uploads\/2025\/11\/UZY-Bang-Digital-15K-Puff-Monkey-Vape-Pen-12x12.webp",12,12,true],"woocommerce_thumbnail":["https:\/\/vapestornado.com\/wp-content\/uploads\/2025\/11\/UZY-Bang-Digital-15K-Puff-Monkey-Vape-Pen-300x300.webp",300,300,true],"woocommerce_single":["https:\/\/vapestornado.com\/wp-content\/uploads\/2025\/11\/UZY-Bang-Digital-15K-Puff-Monkey-Vape-Pen-600x600.webp",600,600,true],"woocommerce_gallery_thumbnail":["https:\/\/vapestornado.com\/wp-content\/uploads\/2025\/11\/UZY-Bang-Digital-15K-Puff-Monkey-Vape-Pen-100x100.webp",100,100,true]},"uagb_author_info":{"display_name":"ESAMY","author_link":"https:\/\/vapestornado.com\/sv\/author\/"},"uagb_comment_info":1,"uagb_excerpt":"UZY Bang Digital 15K Puff \u2013 Smart Disposable Vape with LED Screen &amp; EU Fast Shipping Buy UZY Digital 15K Vape Pen \u2013 15000 Puffs Rechargeable Disposable at Wholesale Price EU Warehouse Stock: UZY 15K Puffs Vape with Smart Display &amp; Fast Delivery WhatsApp: +86 17776015835 &nbsp;","_links":{"self":[{"href":"https:\/\/vapestornado.com\/sv\/wp-json\/wp\/v2\/product\/4537","targetHints":{"allow":["GET"]}}],"collection":[{"href":"https:\/\/vapestornado.com\/sv\/wp-json\/wp\/v2\/product"}],"about":[{"href":"https:\/\/vapestornado.com\/sv\/wp-json\/wp\/v2\/types\/product"}],"replies":[{"embeddable":true,"href":"https:\/\/vapestornado.com\/sv\/wp-json\/wp\/v2\/comments?post=4537"}],"wp:featuredmedia":[{"embeddable":true,"href":"https:\/\/vapestornado.com\/sv\/wp-json\/wp\/v2\/media\/4532"}],"wp:attachment":[{"href":"https:\/\/vapestornado.com\/sv\/wp-json\/wp\/v2\/media?parent=4537"}],"wp:term":[{"taxonomy":"product_brand","embeddable":true,"href":"https:\/\/vapestornado.com\/sv\/wp-json\/wp\/v2\/product_brand?post=4537"},{"taxonomy":"product_cat","embeddable":true,"href":"https:\/\/vapestornado.com\/sv\/wp-json\/wp\/v2\/product_cat?post=4537"},{"taxonomy":"product_tag","embeddable":true,"href":"https:\/\/vapestornado.com\/sv\/wp-json\/wp\/v2\/product_tag?post=4537"}],"curies":[{"name":"wp","href":"https:\/\/api.w.org\/{rel}","templated":true}]}}