{"id":4493,"date":"2025-10-31T07:01:50","date_gmt":"2025-10-31T07:01:50","guid":{"rendered":"https:\/\/vapestornado.com\/?post_type=product&#038;p=4493"},"modified":"2025-10-31T07:43:27","modified_gmt":"2025-10-31T07:43:27","slug":"jnr-ragegorilla-55000-puffs-55k-vape-disposables-42ml-2-nicotine-wholesale-price","status":"publish","type":"product","link":"https:\/\/vapestornado.com\/sv\/product\/jnr-ragegorilla-55000-puffs-55k-vape-disposables-42ml-2-nicotine-wholesale-price\/","title":{"rendered":"JNR RageGorilla 55000 Puffar 55k Vape Disposables 42ml 2% Nikotin Grossistpris"},"content":{"rendered":"<h2 data-pm-slice=\"1 1 []\">JNR 55000 Puffar RageGorilla Eng\u00e5ngsvape \u2013 42ml Stor Tank, B\u00e4sts\u00e4ljare i EU<\/h2>\n<p data-start=\"454\" data-end=\"886\">Den <strong data-start=\"458\" data-end=\"505\">JNR RageGorilla 55000 Puffar Eng\u00e5ngsvape<\/strong> \u00e4r byggd f\u00f6r seri\u00f6sa vapers som vill ha prestanda, kraft och premiumsmak. Utformad med en <strong data-start=\"598\" data-end=\"624\">42ml e-liquid kapacitet<\/strong>, <strong data-start=\"626\" data-end=\"640\">2% nikotin<\/strong>, och ett <strong data-start=\"648\" data-end=\"666\">dubbel mesh coil<\/strong>, den ger ett t\u00e4tt, smakrikt slag varje g\u00e5ng. Med <strong data-start=\"720\" data-end=\"758\">950mAh Typ-C uppladdningsbara batteri<\/strong> och en <strong data-start=\"765\" data-end=\"785\">smarta LED-sk\u00e4rmen<\/strong>, kan anv\u00e4ndare enkelt f\u00f6lja batteri- och e-liquidniv\u00e5er\u2014perfekt f\u00f6r l\u00e5ngvarig anv\u00e4ndning och utan gissningar.<\/p>\n<p data-start=\"888\" data-end=\"1283\">Som ett av de <strong data-start=\"902\" data-end=\"947\">mest popul\u00e4ra l\u00e5g-nikotin eng\u00e5ngsvapes<\/strong> p\u00e5 marknaden i EU, den <strong data-start=\"970\" data-end=\"981\">JNR 55K<\/strong> kombinerar innovation och kvalitet, vilket s\u00e4rskilt tilltalar unga europeiska anv\u00e4ndare som kr\u00e4ver b\u00e5de funktion och stil. Den h\u00e5llbara kroppen och smidig luftfl\u00f6de g\u00f6r den till ett utm\u00e4rkt val f\u00f6r b\u00e5de \u00e5terf\u00f6rs\u00e4ljare och grossister som s\u00f6ker <strong data-start=\"1202\" data-end=\"1243\">b\u00e4st s\u00e4ljande Crystal Vape-alternativ<\/strong> till ett <strong data-start=\"1249\" data-end=\"1280\">konkurrenskraftigt grossistpris<\/strong>.<\/p>\n<p data-start=\"1285\" data-end=\"1643\">Tillg\u00e4nglig i <strong data-start=\"1298\" data-end=\"1317\">20 rika smaker<\/strong>, fr\u00e5n fruktiga blandningar som <strong data-start=\"1343\" data-end=\"1365\">(1) Jordgubb Is<\/strong>, <strong data-start=\"1367\" data-end=\"1386\">(2) K\u00f6rsb\u00e4r Cola<\/strong>, till <strong data-start=\"1391\" data-end=\"1412\">(20) K\u00f6rsb\u00e4r B\u00e4r<\/strong>, varje puff av den <strong data-start=\"1432\" data-end=\"1455\">JNR RageGorilla 55K<\/strong> \u00e4r utformad f\u00f6r tillfredsst\u00e4llelse och en mjuk smak. Det \u00e4r en <strong data-start=\"1509\" data-end=\"1531\">h\u00f6gkapacitetsvape<\/strong> som m\u00f6ter moderna krav\u2014p\u00e5litlig, uppladdningsbar och redo att leverera prestanda \u00f6ver tusentals puffar.<\/p>\n<p data-start=\"1645\" data-end=\"1888\">Grossistk\u00f6pare i hela Europa kan lita p\u00e5 denna modells konsekvens och v\u00e4rde. F\u00f6r EU-\u00e5terf\u00f6rs\u00e4ljare \u00e4r <strong data-start=\"1744\" data-end=\"1775\">JNR RageGorilla 55000 Puffar<\/strong> utm\u00e4rkt som en <strong data-start=\"1792\" data-end=\"1826\">l\u00e5gnikotin, l\u00e5ngvarig vape<\/strong> idealisk f\u00f6r vardagskunder och trenddrivna vapers.<\/p>\n<p><strong><span style=\"color: #ff0000;\">L\u00e4gg till Amys whatsapp f\u00f6r snabbt svar och vape-kupong!<\/span><\/strong><\/p>\n<p><img fetchpriority=\"high\" decoding=\"async\" class=\"size-full wp-image-2932\" src=\"https:\/\/vapestornado.com\/wp-content\/uploads\/2024\/12\/Vape-Wholesale.jpg\" alt=\"Vape Partihandel\" width=\"229\" height=\"300\" \/><\/p>\n<h3><a href=\"https:\/\/wa.me\/8617776015835\" target=\"_blank\" rel=\"noopener\"><span style=\"color: #ff0000;\"><strong>WhatsApp: +86 17776015835<\/strong><\/span><\/a><\/h3>\n<p>&nbsp;<\/p>\n<h2><strong>JNR RageGorilla 55000 Puffar Produktfunktioner<\/strong><\/h2>\n<ul>\n<li data-start=\"1944\" data-end=\"1964\">\n<p data-start=\"1946\" data-end=\"1964\"><strong data-start=\"1946\" data-end=\"1956\">Bloss:<\/strong> 55000<\/p>\n<\/li>\n<li data-start=\"1965\" data-end=\"1993\">\n<p data-start=\"1967\" data-end=\"1993\"><strong data-start=\"1967\" data-end=\"1988\">Nikotinstyrka:<\/strong> 2%<\/p>\n<\/li>\n<li data-start=\"1994\" data-end=\"2025\">\n<p data-start=\"1996\" data-end=\"2025\"><strong data-start=\"1996\" data-end=\"2018\">E-v\u00e4tskekapacitet:<\/strong> 42ml<\/p>\n<\/li>\n<li data-start=\"2026\" data-end=\"2069\">\n<p data-start=\"2028\" data-end=\"2069\"><strong data-start=\"2028\" data-end=\"2040\">Batteri:<\/strong> 950mAh Typ-C Uppladdningsbar<\/p>\n<\/li>\n<li data-start=\"2070\" data-end=\"2124\">\n<p data-start=\"2072\" data-end=\"2124\"><strong data-start=\"2072\" data-end=\"2084\">Display:<\/strong> Smart LED-sk\u00e4rm (Batteri + E-v\u00e4tska)<\/p>\n<\/li>\n<li data-start=\"2125\" data-end=\"2168\">\n<p data-start=\"2127\" data-end=\"2168\"><strong data-start=\"2127\" data-end=\"2136\">Spole:<\/strong> Dubbel Mesh Coil f\u00f6r rik \u00e5nga<\/p>\n<\/li>\n<li data-start=\"2169\" data-end=\"2203\">\n<p data-start=\"2171\" data-end=\"2203\"><strong data-start=\"2171\" data-end=\"2183\">Smaker:<\/strong> 20 unika alternativ<\/p>\n<p><figure id=\"attachment_4489\" aria-describedby=\"caption-attachment-4489\" style=\"width: 800px\" class=\"wp-caption alignnone\"><img decoding=\"async\" class=\"wp-image-4489 size-full\" src=\"https:\/\/vapestornado.com\/wp-content\/uploads\/2025\/10\/JNR-RageGorilla-55000Puffs-42ml-E-liquid.webp\" alt=\"JNR RageGorilla 55000Puffs 42ml E-juice\" width=\"800\" height=\"449\" srcset=\"https:\/\/vapestornado.com\/wp-content\/uploads\/2025\/10\/JNR-RageGorilla-55000Puffs-42ml-E-liquid.webp 800w, https:\/\/vapestornado.com\/wp-content\/uploads\/2025\/10\/JNR-RageGorilla-55000Puffs-42ml-E-liquid-300x168.webp 300w, https:\/\/vapestornado.com\/wp-content\/uploads\/2025\/10\/JNR-RageGorilla-55000Puffs-42ml-E-liquid-768x431.webp 768w, https:\/\/vapestornado.com\/wp-content\/uploads\/2025\/10\/JNR-RageGorilla-55000Puffs-42ml-E-liquid-18x10.webp 18w, https:\/\/vapestornado.com\/wp-content\/uploads\/2025\/10\/JNR-RageGorilla-55000Puffs-42ml-E-liquid-600x337.webp 600w\" sizes=\"(max-width: 800px) 100vw, 800px\" \/><figcaption id=\"caption-attachment-4489\" class=\"wp-caption-text\">JNR RageGorilla 55000Puffs 42ml E-juice<\/figcaption><\/figure><\/li>\n<\/ul>\n<div class=\"mceTemp\"><\/div>\n<h2 class=\"product-title\"><strong>JNR RageGorilla 55000 Puffs Eng\u00e5ngs Vape Smaklista<\/strong><\/h2>\n<p>1. Jordgubb Is<br \/>\n2. K\u00f6rsb\u00e4r Cola<br \/>\n3. Vattenmelonis<br \/>\n4. Bl\u00e5 Razz K\u00f6rsb\u00e4r<br \/>\n5.Jordgubb Kiwi<br \/>\n6. Bl\u00e5b\u00e4r Hallon K\u00f6rsb\u00e4r<br \/>\n7. Jordgubbsvattenmelonis<br \/>\n8. Kiwi Vattenmelon Is<br \/>\n9. Blandade B\u00e4r<br \/>\n10. Saftiga Persikor<br \/>\n11. Bl\u00e5b\u00e4rsis<br \/>\n12. Bl\u00e5b\u00e4r Sur Hallon<br \/>\n13. Vit Persika Razz<br \/>\n14. Mango Passionfrukt<br \/>\n15. Persika Mango Vattenmelon<br \/>\n16. Vattenmelon Tuggummi<br \/>\n17. Jordgubbsbanan<br \/>\n18. Dubbel \u00c4pple<br \/>\n19. Kiwi Pssion Guava<br \/>\n20. K\u00f6rsb\u00e4r B\u00e4r<\/p>\n<figure id=\"attachment_4491\" aria-describedby=\"caption-attachment-4491\" style=\"width: 800px\" class=\"wp-caption alignnone\"><img decoding=\"async\" class=\"wp-image-4491 size-full\" src=\"https:\/\/vapestornado.com\/wp-content\/uploads\/2025\/10\/Puff-JNR-RageGorilla-55K-55000-Puffs.webp\" alt=\"Puff JNR RageGorilla 55K 55000 Puffar\" width=\"800\" height=\"450\" srcset=\"https:\/\/vapestornado.com\/wp-content\/uploads\/2025\/10\/Puff-JNR-RageGorilla-55K-55000-Puffs.webp 800w, https:\/\/vapestornado.com\/wp-content\/uploads\/2025\/10\/Puff-JNR-RageGorilla-55K-55000-Puffs-300x169.webp 300w, https:\/\/vapestornado.com\/wp-content\/uploads\/2025\/10\/Puff-JNR-RageGorilla-55K-55000-Puffs-768x432.webp 768w, https:\/\/vapestornado.com\/wp-content\/uploads\/2025\/10\/Puff-JNR-RageGorilla-55K-55000-Puffs-18x10.webp 18w, https:\/\/vapestornado.com\/wp-content\/uploads\/2025\/10\/Puff-JNR-RageGorilla-55K-55000-Puffs-600x338.webp 600w\" sizes=\"(max-width: 800px) 100vw, 800px\" \/><figcaption id=\"caption-attachment-4491\" class=\"wp-caption-text\">Puff JNR RageGorilla 55K 55000 Puffar<\/figcaption><\/figure>\n<div class=\"flex-shrink-0 flex flex-col relative items-end\">\n<div class=\"pt-0\">\n<div class=\"gizmo-bot-avatar flex h-8 w-8 items-center justify-center overflow-hidden rounded-full\">\n<div class=\"relative p-1 rounded-sm flex items-center justify-center bg-token-main-surface-primary text-token-text-primary h-8 w-8\">\n<h2 data-start=\"1200\" data-end=\"1487\">Vapes Tornado \u2013 Din grossist online vapebutik f\u00f6r de b\u00e4sta vapevarum\u00e4rkena<\/h2>\n<p data-start=\"1200\" data-end=\"1487\">Vapes Tornado Online Smoke Store \u00e4r din p\u00e5litliga destination f\u00f6r <strong data-start=\"66\" data-end=\"94\">premium eng\u00e5ngs vapes<\/strong> och <strong data-start=\"99\" data-end=\"125\">grossist e-cigaretter<\/strong> \u00f6ver hela Sverige. Vi lagerf\u00f6r popul\u00e4ra vape-m\u00e4rken som <a href=\"https:\/\/vapestornado.com\/sv\/product\/elf-bar-raya-d3-25000-puffs-best-disposable-vape-wholesale-in-uk\/\">Elf Bar Vape<\/a>, <strong data-start=\"175\" data-end=\"228\"><a href=\"https:\/\/vapestornado.com\/sv\/product\/fumot-randm-tornado-15000-puffs-rechargeable-disposable-vape-wholesale\/\">Fumot Vape<\/a>, <a href=\"https:\/\/vapestornado.com\/sv\/product\/waspe-150k-150000-puff-6-in-1-disposable-vape-pen-cartridge-best-wholesale-price-in-poland\/\">Waspe Vape<\/a>, Vozol Bar Vape, <a href=\"https:\/\/vapestornado.com\/sv\/product-category\/bang-vape\/\">Bang Vape<\/a><\/strong>, och m\u00e5nga andra\u2014erbjuder exceptionell kvalitet, olika smakalternativ och innovativa design. Oavsett om du \u00e4r en privat anv\u00e4ndare eller en bulkk\u00f6pare, <strong data-start=\"372\" data-end=\"389\">Vapes Tornado<\/strong> erbjuder h\u00f6gpresterande enheter, eleganta stilar och oslagbara grossistpriser f\u00f6r att m\u00f6ta dina vapingbehov.<\/p>\n<h2 data-start=\"2064\" data-end=\"2115\">Vanliga fr\u00e5gor om JNR RageGorilla 55000 Puffar Vape Box<\/h2>\n<p data-start=\"2223\" data-end=\"2360\"><strong data-start=\"2223\" data-end=\"2273\">1. Hur l\u00e4nge h\u00e5ller JNR RageGorilla 55K?<\/strong><br data-start=\"2273\" data-end=\"2276\" \/>Den ger upp till <strong data-start=\"2294\" data-end=\"2309\">55000 puffar<\/strong>, beroende p\u00e5 dina anv\u00e4ndningsvanor och puffl\u00e4ngd.<\/p>\n<p data-start=\"2362\" data-end=\"2489\"><strong data-start=\"2362\" data-end=\"2405\">2. \u00c4r JNR 55000 Puffar uppladdningsbar?<\/strong><br data-start=\"2405\" data-end=\"2408\" \/>Ja, den har ett <strong data-start=\"2427\" data-end=\"2451\">Typ-C laddningsport<\/strong> f\u00f6r snabb och effektiv uppladdning.<\/p>\n<p data-start=\"2491\" data-end=\"2700\"><strong data-start=\"2491\" data-end=\"2571\">3. Vad g\u00f6r JNR RageGorilla 55K annorlunda \u00e4n andra eng\u00e5ngsvapes?<\/strong><br data-start=\"2571\" data-end=\"2574\" \/>Dess <strong data-start=\"2578\" data-end=\"2596\">dubbel mesh coil<\/strong>, <strong data-start=\"2598\" data-end=\"2619\">smarta LED-displayen<\/strong>, och <strong data-start=\"2625\" data-end=\"2648\">stor kapacitet p\u00e5 42 ml<\/strong> g\u00f6r den unik b\u00e5de i smak och h\u00e5llbarhet.<\/p>\n<p data-start=\"2702\" data-end=\"2828\"><strong data-start=\"2702\" data-end=\"2736\">4. \u00c4r detta en l\u00e5g nikotin-vape?<\/strong><br data-start=\"2736\" data-end=\"2739\" \/>Ja, <strong data-start=\"2748\" data-end=\"2768\">2% nikotinniv\u00e5<\/strong> erbjuder en mjukare upplevelse som passar EU:s preferenser.<\/p>\n<p data-start=\"2830\" data-end=\"3015\"><strong data-start=\"2830\" data-end=\"2891\">5. Vilka \u00e4r de mest popul\u00e4ra JNR RageGorilla 55K-smakerna?<\/strong><br data-start=\"2891\" data-end=\"2894\" \/>B\u00e4st s\u00e4ljande smaker inkluderar <strong data-start=\"2922\" data-end=\"2941\">Jordgubbskiwi<\/strong>, <strong data-start=\"2943\" data-end=\"2958\">K\u00f6rsb\u00e4rs Cola<\/strong>, <strong data-start=\"2960\" data-end=\"2980\">Bl\u00e5 Hallon K\u00f6rsb\u00e4r<\/strong>, och <strong data-start=\"2986\" data-end=\"3012\">Persika Mango Vattenmelon<\/strong>.<\/p>\n<\/div>\n<\/div>\n<\/div>\n<\/div>","protected":false},"excerpt":{"rendered":"<p>Designad f\u00f6r EU-marknaden, den <strong data-start=\"613\" data-end=\"629\">JNR 55K Vape<\/strong> \u00e4r ideal f\u00f6r grossister och \u00e5terf\u00f6rs\u00e4ljare som s\u00f6ker <strong data-start=\"677\" data-end=\"717\">popul\u00e4ra l\u00e5g-nikotin eng\u00e5ngsvapes<\/strong> med en stilren, h\u00e5llbar kropp och konsekvent smakleverans. Perfekt f\u00f6r vapers som s\u00f6ker premiumsmak och modern prestanda till ett <strong data-start=\"858\" data-end=\"889\">konkurrenskraftigt grossistpris<\/strong>.<\/p>\n<p><strong>L\u00e4gg till Amys whatsapp f\u00f6r att f\u00e5 r\u00e4tt svar och rabatterat pris!<\/strong><\/p>\n<p><img fetchpriority=\"high\" decoding=\"async\" class=\"size-full wp-image-2932\" src=\"https:\/\/vapestornado.com\/wp-content\/uploads\/2024\/12\/Vape-Wholesale.jpg\" alt=\"Vape Partihandel\" width=\"229\" height=\"300\" \/><\/p>\n<h3><a href=\"https:\/\/wa.me\/8617776015835\"><span style=\"color: #ff0000;\"><strong>WhatsApp: +86 17776015835<\/strong><\/span><\/a><\/h3>","protected":false},"featured_media":4484,"comment_status":"open","ping_status":"closed","template":"","meta":{"_acf_changed":false,"_uag_custom_page_level_css":"","_lmt_disableupdate":"no","_lmt_disable":"","_monsterinsights_skip_tracking":false,"_monsterinsights_sitenote_active":false,"_monsterinsights_sitenote_note":"","_monsterinsights_sitenote_category":0,"site-sidebar-layout":"default","site-content-layout":"","ast-site-content-layout":"default","site-content-style":"default","site-sidebar-style":"default","ast-global-header-display":"","ast-banner-title-visibility":"","ast-main-header-display":"","ast-hfb-above-header-display":"","ast-hfb-below-header-display":"","ast-hfb-mobile-header-display":"","site-post-title":"","ast-breadcrumbs-content":"","ast-featured-img":"","footer-sml-layout":"","ast-disable-related-posts":"","theme-transparent-header-meta":"default","adv-header-id-meta":"","stick-header-meta":"","header-above-stick-meta":"","header-main-stick-meta":"","header-below-stick-meta":"","astra-migrate-meta-layouts":"set","ast-page-background-enabled":"default","ast-page-background-meta":{"desktop":{"background-color":"","background-image":"","background-repeat":"repeat","background-position":"center center","background-size":"auto","background-attachment":"scroll","background-type":"","background-media":"","overlay-type":"","overlay-color":"","overlay-opacity":"","overlay-gradient":""},"tablet":{"background-color":"","background-image":"","background-repeat":"repeat","background-position":"center center","background-size":"auto","background-attachment":"scroll","background-type":"","background-media":"","overlay-type":"","overlay-color":"","overlay-opacity":"","overlay-gradient":""},"mobile":{"background-color":"","background-image":"","background-repeat":"repeat","background-position":"center center","background-size":"auto","background-attachment":"scroll","background-type":"","background-media":"","overlay-type":"","overlay-color":"","overlay-opacity":"","overlay-gradient":""}},"ast-content-background-meta":{"desktop":{"background-color":"var(--ast-global-color-5)","background-image":"","background-repeat":"repeat","background-position":"center center","background-size":"auto","background-attachment":"scroll","background-type":"","background-media":"","overlay-type":"","overlay-color":"","overlay-opacity":"","overlay-gradient":""},"tablet":{"background-color":"var(--ast-global-color-5)","background-image":"","background-repeat":"repeat","background-position":"center center","background-size":"auto","background-attachment":"scroll","background-type":"","background-media":"","overlay-type":"","overlay-color":"","overlay-opacity":"","overlay-gradient":""},"mobile":{"background-color":"var(--ast-global-color-5)","background-image":"","background-repeat":"repeat","background-position":"center center","background-size":"auto","background-attachment":"scroll","background-type":"","background-media":"","overlay-type":"","overlay-color":"","overlay-opacity":"","overlay-gradient":""}},"_joinchat":[]},"product_brand":[],"product_cat":[149,150,151,154,141,142,76,144],"product_tag":[120,403,406,413,135,246,390,397],"class_list":{"0":"post-4493","1":"product","2":"type-product","3":"status-publish","4":"has-post-thumbnail","6":"product_cat-buy-disposable-vapes-in-austria","7":"product_cat-buy-disposable-vapes-in-belgium","8":"product_cat-buy-disposable-vapes-in-france","9":"product_cat-buy-disposable-vapes-in-netherlands","10":"product_cat-crystal-disposable-vapes","11":"product_cat-digital-box-disposable-vapes","12":"product_cat-jnr-vape","13":"product_cat-low-nicotine-disposable-vapes","14":"product_tag-crystal-vape","15":"product_tag-disposable-vape-box","16":"product_tag-disposable-vape-fast-shipping","17":"product_tag-jnr-ragegorilla-55000-puffs","18":"product_tag-jnr-vape","19":"product_tag-low-nicotine-disposable-vape","20":"product_tag-online-vape-shop","21":"product_tag-vapor","22":"desktop-align-left","23":"tablet-align-left","24":"mobile-align-left","26":"first","27":"instock","28":"sale","29":"shipping-taxable","30":"purchasable","31":"product-type-simple"},"acf":[],"uagb_featured_image_src":{"full":["https:\/\/vapestornado.com\/wp-content\/uploads\/2025\/10\/JNR-Rage-Gorilla-55000-Puffs-55k-Vape-42ml-Smart-Screen.webp",800,800,false],"thumbnail":["https:\/\/vapestornado.com\/wp-content\/uploads\/2025\/10\/JNR-Rage-Gorilla-55000-Puffs-55k-Vape-42ml-Smart-Screen-150x150.webp",150,150,true],"medium":["https:\/\/vapestornado.com\/wp-content\/uploads\/2025\/10\/JNR-Rage-Gorilla-55000-Puffs-55k-Vape-42ml-Smart-Screen-300x300.webp",300,300,true],"medium_large":["https:\/\/vapestornado.com\/wp-content\/uploads\/2025\/10\/JNR-Rage-Gorilla-55000-Puffs-55k-Vape-42ml-Smart-Screen-768x768.webp",768,768,true],"large":["https:\/\/vapestornado.com\/wp-content\/uploads\/2025\/10\/JNR-Rage-Gorilla-55000-Puffs-55k-Vape-42ml-Smart-Screen.webp",800,800,false],"1536x1536":["https:\/\/vapestornado.com\/wp-content\/uploads\/2025\/10\/JNR-Rage-Gorilla-55000-Puffs-55k-Vape-42ml-Smart-Screen.webp",800,800,false],"2048x2048":["https:\/\/vapestornado.com\/wp-content\/uploads\/2025\/10\/JNR-Rage-Gorilla-55000-Puffs-55k-Vape-42ml-Smart-Screen.webp",800,800,false],"trp-custom-language-flag":["https:\/\/vapestornado.com\/wp-content\/uploads\/2025\/10\/JNR-Rage-Gorilla-55000-Puffs-55k-Vape-42ml-Smart-Screen-12x12.webp",12,12,true],"woocommerce_thumbnail":["https:\/\/vapestornado.com\/wp-content\/uploads\/2025\/10\/JNR-Rage-Gorilla-55000-Puffs-55k-Vape-42ml-Smart-Screen-300x300.webp",300,300,true],"woocommerce_single":["https:\/\/vapestornado.com\/wp-content\/uploads\/2025\/10\/JNR-Rage-Gorilla-55000-Puffs-55k-Vape-42ml-Smart-Screen-600x600.webp",600,600,true],"woocommerce_gallery_thumbnail":["https:\/\/vapestornado.com\/wp-content\/uploads\/2025\/10\/JNR-Rage-Gorilla-55000-Puffs-55k-Vape-42ml-Smart-Screen-100x100.webp",100,100,true]},"uagb_author_info":{"display_name":"ESAMY","author_link":"https:\/\/vapestornado.com\/sv\/author\/"},"uagb_comment_info":2,"uagb_excerpt":"Designed for the EU market, the JNR 55K Vape is ideal for wholesalers and retailers seeking popular low nicotine disposable vapes with a stylish, durable body and consistent flavor delivery. Perfect for vapers looking for premium taste and modern performance at a competitive wholesale price. Add Amy's whatsapp to get right reply and discount price!&hellip;","_links":{"self":[{"href":"https:\/\/vapestornado.com\/sv\/wp-json\/wp\/v2\/product\/4493","targetHints":{"allow":["GET"]}}],"collection":[{"href":"https:\/\/vapestornado.com\/sv\/wp-json\/wp\/v2\/product"}],"about":[{"href":"https:\/\/vapestornado.com\/sv\/wp-json\/wp\/v2\/types\/product"}],"replies":[{"embeddable":true,"href":"https:\/\/vapestornado.com\/sv\/wp-json\/wp\/v2\/comments?post=4493"}],"wp:featuredmedia":[{"embeddable":true,"href":"https:\/\/vapestornado.com\/sv\/wp-json\/wp\/v2\/media\/4484"}],"wp:attachment":[{"href":"https:\/\/vapestornado.com\/sv\/wp-json\/wp\/v2\/media?parent=4493"}],"wp:term":[{"taxonomy":"product_brand","embeddable":true,"href":"https:\/\/vapestornado.com\/sv\/wp-json\/wp\/v2\/product_brand?post=4493"},{"taxonomy":"product_cat","embeddable":true,"href":"https:\/\/vapestornado.com\/sv\/wp-json\/wp\/v2\/product_cat?post=4493"},{"taxonomy":"product_tag","embeddable":true,"href":"https:\/\/vapestornado.com\/sv\/wp-json\/wp\/v2\/product_tag?post=4493"}],"curies":[{"name":"wp","href":"https:\/\/api.w.org\/{rel}","templated":true}]}}