{"id":4438,"date":"2025-10-20T04:17:46","date_gmt":"2025-10-20T04:17:46","guid":{"rendered":"https:\/\/vapestornado.com\/?post_type=product&#038;p=4438"},"modified":"2025-12-12T09:51:23","modified_gmt":"2025-12-12T09:51:23","slug":"bang-legend-120000-120k-puff-5-in-1-flavor-switch-disposable-vape","status":"publish","type":"product","link":"https:\/\/vapestornado.com\/sv\/product\/bang-legend-120000-120k-puff-5-in-1-flavor-switch-disposable-vape\/","title":{"rendered":"Bang Legend 120000 120K Puff 5 i 1 Smakv\u00e4xlare Eng\u00e5ngs Vape"},"content":{"rendered":"<h2 data-pm-slice=\"1 1 []\">Bang Legend 120000 Eng\u00e5ngs E-cigarett \u2014 Bang Legend 120k 5-i-1 Smakv\u00e4xling &amp; 120 000 Puffar<\/h2>\n<p data-start=\"1107\" data-end=\"1364\"><strong data-start=\"103\" data-end=\"125\">Bang Legend 120000<\/strong> \u00e4r en h\u00f6gkapacitets- <strong data-start=\"145\" data-end=\"160\">E-cigaretter<\/strong> utformad f\u00f6r anv\u00e4ndare som vill ha en enhet som t\u00e4cker hela m\u00e5naden (och lite till), utan att vara fast i en enda smak. Den levererar upp till <strong data-start=\"301\" data-end=\"318\">120 000 puffar<\/strong> och l\u00e4gger till en <strong data-start=\"330\" data-end=\"355\">5-i-1 smakv\u00e4xling<\/strong> s\u00e5 att du kan v\u00e4xla mellan fem blandningar direkt. En <strong data-start=\"407\" data-end=\"427\">mesh-spolemotor<\/strong> h\u00e5ller \u00e5ngan t\u00e4t och smaken kraftfull, medan <strong data-start=\"473\" data-end=\"495\">justerbart luftfl\u00f6de<\/strong> l\u00e5ter dig v\u00e4xla mellan en tightare MTL-dragning och en fylligare, luftigare sugning. Den <strong data-start=\"568\" data-end=\"599\">Typ-C uppladdningsbart batteri<\/strong> och <strong data-start=\"604\" data-end=\"625\">smarta LED-displayen<\/strong> h\u00e5ller det praktiskt: ladda snabbt, sp\u00e5ra batteri och v\u00e4tska, och forts\u00e4tt.<\/p>\n<h3 data-start=\"1136\" data-end=\"1187\">Prestanda h\u00f6jdpunkter (SEO-rik, anv\u00e4ndarfokuserad)<\/h3>\n<ul data-start=\"1189\" data-end=\"2704\">\n<li data-start=\"1189\" data-end=\"1518\">\n<p data-start=\"1191\" data-end=\"1518\"><strong data-start=\"1191\" data-end=\"1235\">120K h\u00e5llbarhet byggd f\u00f6r tunga rutiner.<\/strong> Den <strong data-start=\"1240\" data-end=\"1285\">Bang Legend 120000 eng\u00e5ngs E-cigarett<\/strong> \u00e4r riktad till anv\u00e4ndare som anv\u00e4nder standarddisposables f\u00f6r snabbt. I <strong data-start=\"1358\" data-end=\"1403\">Sweden, Sverige, Polen, Frankrike och Italien<\/strong>, vinner enheter i denna klass eftersom de minskar \u00e5terk\u00f6p och g\u00f6r daglig anv\u00e4ndning enkel\u2014en enhet, l\u00e5ng r\u00e4ckvidd.<\/p>\n<\/li>\n<li data-start=\"1520\" data-end=\"1834\">\n<p data-start=\"1522\" data-end=\"1834\"><strong data-start=\"1522\" data-end=\"1566\">5 smaker f\u00f6rhindrar \u201dsamma smaktr\u00f6tthet\u201d.<\/strong> Den <strong data-start=\"1571\" data-end=\"1613\">Bang Legend 120k 5-i-1 smakv\u00e4xling<\/strong> l\u00f6ser den st\u00f6rsta svagheten hos ultra-h\u00f6ga puff-enheter: tristess. Att rotera smaker p\u00e5 sekunder h\u00e5ller enheten rolig under l\u00e5ng anv\u00e4ndning, vilket f\u00f6rb\u00e4ttrar verkliga avslutningsfrekvenser j\u00e4mf\u00f6rt med enstaka smak-h\u00f6gpuffst\u00e4nger.<\/p>\n<\/li>\n<li data-start=\"1836\" data-end=\"2060\">\n<p data-start=\"1838\" data-end=\"2060\"><strong data-start=\"1838\" data-end=\"1887\">Mesh-spolans prestanda f\u00f6rblir t\u00e4t och j\u00e4mn.<\/strong> Den <strong data-start=\"1892\" data-end=\"1912\">mesh-spolemotor<\/strong> sprider v\u00e4rme j\u00e4mnt, vilket st\u00f6djer tjock \u00e5nga och stark smakleverans utan de grova, torra drag som kan dyka upp sent i enhetens livsl\u00e4ngd.<\/p>\n<\/li>\n<li data-start=\"2062\" data-end=\"2358\">\n<p data-start=\"2064\" data-end=\"2358\"><strong data-start=\"2064\" data-end=\"2111\">Justering av luftfl\u00f6de f\u00f6r MTL eller fylligare dragningar.<\/strong> Luftfl\u00f6deskontrollen l\u00e5ter dig dra \u00e5t f\u00f6r en cigarettriktig k\u00e4nsla eller \u00f6ppna f\u00f6r en mer \u00f6ppen inandning. Denna flexibilitet hj\u00e4lper f\u00f6re detta r\u00f6kare och erfarna vapeare att anv\u00e4nda samma enhet i olika situationer\u2014arbetspass, resor eller nattliv.<\/p>\n<\/li>\n<li data-start=\"2360\" data-end=\"2704\">\n<p data-start=\"2362\" data-end=\"2704\"><strong data-start=\"2362\" data-end=\"2414\">Grossistf\u00e4rdig v\u00e4rde till ett billigt pris per puff.<\/strong> F\u00f6r vilken som helst <strong data-start=\"2423\" data-end=\"2447\">Cigarettgrossist<\/strong> eller detaljk\u00f6pare som j\u00e4mf\u00f6r h\u00f6gkapacitetsalternativ, \u00e4r <strong data-start=\"2501\" data-end=\"2523\">Bang Legend 120000<\/strong> enkel att positionera: massiv puffr\u00e4kning, flersmakskifte, smart display och \u00e5teruppladdningsbarhet\u2014funktioner som motiverar \u00e5terkommande efterfr\u00e5gan samtidigt som kostnaden per puff \u00e4r attraktiv.<\/p>\n<\/li>\n<\/ul>\n<p><strong><span style=\"color: #ff0000;\">L\u00e4gg till Amys whatsapp f\u00f6r snabbt svar och vape-kupong!<\/span><\/strong><\/p>\n<p><img fetchpriority=\"high\" decoding=\"async\" class=\"size-full wp-image-2932\" src=\"https:\/\/vapestornado.com\/wp-content\/uploads\/2024\/12\/Vape-Wholesale.jpg\" alt=\"Vape Partihandel\" width=\"229\" height=\"300\" \/><\/p>\n<h3><a href=\"https:\/\/wa.me\/8617776015835\" target=\"_blank\" rel=\"noopener\"><span style=\"color: #ff0000;\"><strong>WhatsApp: +86 17776015835<\/strong><\/span><\/a><\/h3>\n<p>&nbsp;<\/p>\n<h2><strong>Bang Legend 120000 Puff 5 i 1 H\u00f6jdpunktsfunktioner<\/strong><\/h2>\n<table>\n<thead>\n<tr>\n<th>Funktion<\/th>\n<th>specifikation<\/th>\n<th>detaljer<\/th>\n<\/tr>\n<\/thead>\n<tbody>\n<tr>\n<td>Produktnamn<\/td>\n<td>Bang Legend 120000 \/ Bang Legend 120k<\/td>\n<td>5-i-1 smakswitch eng\u00e5ngs e-cigaretter<\/td>\n<\/tr>\n<tr>\n<td>Puffkapacitet<\/td>\n<td>Upp till 120 000 puffar<\/td>\n<td>Ultra-l\u00e5ng livsl\u00e4ngd f\u00f6r tunga eller frekventa anv\u00e4ndare<\/td>\n<\/tr>\n<tr>\n<td>Smaksystem<\/td>\n<td>5-i-1 smakv\u00e4xling<\/td>\n<td>Fem f\u00f6rladdade smaker i en enhet, omedelbart byte<\/td>\n<\/tr>\n<tr>\n<td>Spoltyp<\/td>\n<td>Mesh coil-motor<\/td>\n<td>J\u00e4mn v\u00e4rme f\u00f6r t\u00e4t \u00e5nga och stark smak<\/td>\n<\/tr>\n<tr>\n<td>Laddning<\/td>\n<td>Type-C uppladdningsbar<\/td>\n<td>Snabba p\u00e5fyllningar f\u00f6r att h\u00e5lla enheten anv\u00e4ndbar under hela dess livsl\u00e4ngd<\/td>\n<\/tr>\n<tr>\n<td>Luftfl\u00f6de<\/td>\n<td>Justerbart luftfl\u00f6de<\/td>\n<td>Justera draget fr\u00e5n t\u00e4tare MTL till en mer \u00f6ppen inhalation<\/td>\n<\/tr>\n<tr>\n<td>Visa<\/td>\n<td>LED smart sk\u00e4rm<\/td>\n<td>F\u00f6ljer batteri- och e-v\u00e4tskeniv\u00e5er tydligt<\/td>\n<\/tr>\n<tr>\n<td>Positionering<\/td>\n<td>Detaljhandel + grossist<\/td>\n<td>Designad f\u00f6r h\u00f6g oms\u00e4ttning i switch-vape-kategorin och bulkbest\u00e4llningar<\/td>\n<\/tr>\n<\/tbody>\n<\/table>\n<figure id=\"attachment_4437\" aria-describedby=\"caption-attachment-4437\" style=\"width: 300px\" class=\"wp-caption alignnone\"><img decoding=\"async\" class=\"size-medium wp-image-4437\" src=\"https:\/\/vapestornado.com\/wp-content\/uploads\/2025\/10\/Newest-Bang-Legend-120K-Puff-5-In-1-Flavor-Switch-Vape-Cheap-Price-300x300.webp\" alt=\"Nyaste Bang Legend 120K Puff 5 i 1 Smakv\u00e4xlande Vape Billigt Pris\" width=\"300\" height=\"300\" srcset=\"https:\/\/vapestornado.com\/wp-content\/uploads\/2025\/10\/Newest-Bang-Legend-120K-Puff-5-In-1-Flavor-Switch-Vape-Cheap-Price-300x300.webp 300w, https:\/\/vapestornado.com\/wp-content\/uploads\/2025\/10\/Newest-Bang-Legend-120K-Puff-5-In-1-Flavor-Switch-Vape-Cheap-Price-150x150.webp 150w, https:\/\/vapestornado.com\/wp-content\/uploads\/2025\/10\/Newest-Bang-Legend-120K-Puff-5-In-1-Flavor-Switch-Vape-Cheap-Price-768x768.webp 768w, https:\/\/vapestornado.com\/wp-content\/uploads\/2025\/10\/Newest-Bang-Legend-120K-Puff-5-In-1-Flavor-Switch-Vape-Cheap-Price-12x12.webp 12w, https:\/\/vapestornado.com\/wp-content\/uploads\/2025\/10\/Newest-Bang-Legend-120K-Puff-5-In-1-Flavor-Switch-Vape-Cheap-Price-600x600.webp 600w, https:\/\/vapestornado.com\/wp-content\/uploads\/2025\/10\/Newest-Bang-Legend-120K-Puff-5-In-1-Flavor-Switch-Vape-Cheap-Price-100x100.webp 100w, https:\/\/vapestornado.com\/wp-content\/uploads\/2025\/10\/Newest-Bang-Legend-120K-Puff-5-In-1-Flavor-Switch-Vape-Cheap-Price.webp 800w\" sizes=\"(max-width: 300px) 100vw, 300px\" \/><figcaption id=\"caption-attachment-4437\" class=\"wp-caption-text\">Nyaste Bang Legend 120K Puff 5 i 1 Smakv\u00e4xlande Vape Billigt Pris<\/figcaption><\/figure>\n<figure id=\"attachment_4435\" aria-describedby=\"caption-attachment-4435\" style=\"width: 300px\" class=\"wp-caption alignnone\"><img decoding=\"async\" class=\"size-medium wp-image-4435\" src=\"https:\/\/vapestornado.com\/wp-content\/uploads\/2025\/10\/Bang-Legend-120000-Puff-120k-Disposable-Pod-300x300.webp\" alt=\"Bang Legend 120000 Puff 120k Eng\u00e5ngspod\" width=\"300\" height=\"300\" srcset=\"https:\/\/vapestornado.com\/wp-content\/uploads\/2025\/10\/Bang-Legend-120000-Puff-120k-Disposable-Pod-300x300.webp 300w, https:\/\/vapestornado.com\/wp-content\/uploads\/2025\/10\/Bang-Legend-120000-Puff-120k-Disposable-Pod-150x150.webp 150w, https:\/\/vapestornado.com\/wp-content\/uploads\/2025\/10\/Bang-Legend-120000-Puff-120k-Disposable-Pod-768x768.webp 768w, https:\/\/vapestornado.com\/wp-content\/uploads\/2025\/10\/Bang-Legend-120000-Puff-120k-Disposable-Pod-12x12.webp 12w, https:\/\/vapestornado.com\/wp-content\/uploads\/2025\/10\/Bang-Legend-120000-Puff-120k-Disposable-Pod-600x600.webp 600w, https:\/\/vapestornado.com\/wp-content\/uploads\/2025\/10\/Bang-Legend-120000-Puff-120k-Disposable-Pod-100x100.webp 100w, https:\/\/vapestornado.com\/wp-content\/uploads\/2025\/10\/Bang-Legend-120000-Puff-120k-Disposable-Pod.webp 800w\" sizes=\"(max-width: 300px) 100vw, 300px\" \/><figcaption id=\"caption-attachment-4435\" class=\"wp-caption-text\">Bang Legend 120000 Puff 120k Eng\u00e5ngspod<\/figcaption><\/figure>\n<h2 class=\"product-title\"><strong>Bang Legend 120000 Puff 5 i 1 Smaklista<\/strong><\/h2>\n<p>1.Energidryck\/ Bl\u00e5b\u00e4rskirsch\/\u00c4pple Druva\/Vattenmelon Drakfrukt\/Mamba<\/p>\n<p>2.Energidryck\/ Persika Is\/ Mango Is\/ Goji B\u00e4r\/ Svartvinb\u00e4r<\/p>\n<p>3.Bl\u00e5b\u00e4r Hallon\/Persika Mango Vattenmelon\/K\u00f6rsb\u00e4r Coca\/ Druva Svart B\u00e4r Is\/Mango Persika Aprikos.<\/p>\n<p>4.Bl\u00e5b\u00e4r Hallon\/Black Dragon Is \/Regnb\u00e5gs Godis\/Fuji Is \/Vattenmelon Sur Persika<\/p>\n<p>5.Bl\u00e5b\u00e4r Is\/Kiwi Passionfrukt Guava\/Tre Meloner\/Persika Ananas \/Passionerad Kyss<\/p>\n<p>6.Bl\u00e5b\u00e4r Is\/Vattenmelon Bubbelgum\/Syrlig \u00c4pple Hallon \/Lotusfrukt Mango Melon\/Passionfrukt Kiwi Lime<\/p>\n<p>7.Vattenmelon Is\/Blandade B\u00e4r\/\u00c4pple P\u00e4ron\/Bl\u00e5b\u00e4r Mint\/Sommartid<\/p>\n<p>8.Vattenmelon Is\/ Jordgubbs Mango\/Kalifornien K\u00f6rsb\u00e4r\/Bl\u00e5b\u00e4r Persika Is\/B\u00e4r Kyl<\/p>\n<p>9.Jordgubbs Vattenmelon\/Druva Is\/Red Mojito\/Banan Is\/Citron Lime<\/p>\n<p>10.Jordgubbs Vattenmelon\/Cantaloupe \u00c4pple\/Kola Is\/Mango Persika\/K\u00e4rlek 66<\/p>\n<p>11.Jordgubbar Kiwi \/Jordgubbar Banan\/Lychee Is\/Vattenmelon B\u00e4r \/Passionsfrukt Mango<\/p>\n<p>12.Jordgubbar Kiwi\/Bl\u00e5b\u00e4r Vattenmelon\/Bj\u00f6rn Fudge\/Bl\u00e5b\u00e4r Bubbelgum\/Syrlig Mango Ananas<\/p>\n<p>&nbsp;<\/p>\n<div class=\"flex-shrink-0 flex flex-col relative items-end\">\n<div class=\"pt-0\">\n<div class=\"gizmo-bot-avatar flex h-8 w-8 items-center justify-center overflow-hidden rounded-full\">\n<div class=\"relative p-1 rounded-sm flex items-center justify-center bg-token-main-surface-primary text-token-text-primary h-8 w-8\">\n<h2 data-start=\"1200\" data-end=\"1487\">Vapes Tornado \u2013 Din grossist online vapebutik f\u00f6r de b\u00e4sta vapevarum\u00e4rkena<\/h2>\n<p data-start=\"1200\" data-end=\"1487\"><strong data-start=\"141\" data-end=\"177\">Vapes Tornado Online R\u00f6kbutik<\/strong> \u00e4r din p\u00e5litliga k\u00e4lla f\u00f6r <strong data-start=\"205\" data-end=\"270\">premium eng\u00e5ngsvapes och grossist e-cigaretter i Europa<\/strong>. Vi har topplagervarum\u00e4rken som <strong data-start=\"307\" data-end=\"362\"><a href=\"https:\/\/vapestornado.com\/sv\/product\/randm-12000-puffs-fumot-digital-disposable-vape-wholesale-price\/\">Fumot VAPE<\/a>, <a href=\"https:\/\/vapestornado.com\/sv\/product\/waspe-150k-150000-puff-6-in-1-disposable-vape-pen-cartridge-best-wholesale-price-in-poland\/\">WASPE VAPE<\/a>, <\/strong><strong data-start=\"307\" data-end=\"362\"><a href=\"https:\/\/vapestornado.com\/sv\/product\/vozol-gear-shisha-25k-25000-puffs-best-dtl-disposable-vape-hookah-cheap-price\/\">VOZOL BAR VAPE<\/a>, \u00a0 Bang Vape<\/strong>, och fler, vilket s\u00e4kerst\u00e4ller kvalitet och variation f\u00f6r varje kund. Oavsett om du \u00e4r en individuell vapare eller en grossistk\u00f6pare, levererar vi <strong data-start=\"481\" data-end=\"550\">h\u00f6gpresterande enheter, stilrena designer och konkurrenskraftiga priser<\/strong> f\u00f6r att m\u00f6ta dina behov.<\/p>\n<h2 data-start=\"2064\" data-end=\"2115\">Vanliga fr\u00e5gor om Bang Legend 120000 Puff Switch Vape<\/h2>\n<ol data-start=\"3569\" data-end=\"4841\">\n<li data-start=\"3569\" data-end=\"3838\">\n<p data-start=\"3572\" data-end=\"3838\"><strong data-start=\"3572\" data-end=\"3675\">Hur h\u00e5ller Bang Legend 120000 5-i-1 smakswitch eng\u00e5ngsvape sig njutbar under l\u00e5ng anv\u00e4ndning?<\/strong><br data-start=\"3675\" data-end=\"3678\" \/>Fem inbyggda smaker f\u00f6rhindrar monotoni. Byte av blandningar h\u00e5ller smaken frisk, vilket \u00e4r avg\u00f6rande p\u00e5 en enhet som \u00e4r utformad att h\u00e5lla mycket l\u00e4ngre \u00e4n vanliga eng\u00e5ngsprodukter.<\/p>\n<\/li>\n<li data-start=\"3840\" data-end=\"4081\">\n<p data-start=\"3843\" data-end=\"4081\"><strong data-start=\"3843\" data-end=\"3943\">Hj\u00e4lper mesh coil-motorn Bang Legend 120k att bibeh\u00e5lla \u00e5ngt\u00e4theten vid h\u00f6ga puffantal?<\/strong><br data-start=\"3943\" data-end=\"3946\" \/>Ja. Mesh coils f\u00f6rdelar v\u00e4rmen mer j\u00e4mnt \u00e4n grundl\u00e4ggande tr\u00e5dbaserade coils, vilket st\u00f6djer j\u00e4mn \u00e5nga och stark smak l\u00e5ngt in i l\u00e5ngvarig anv\u00e4ndning.<\/p>\n<\/li>\n<li data-start=\"4083\" data-end=\"4341\">\n<p data-start=\"4086\" data-end=\"4341\"><strong data-start=\"4086\" data-end=\"4190\">Vad \u00e4r den praktiska f\u00f6rdelen med justerbar luftfl\u00f6de p\u00e5 Bang Legend 120000 eng\u00e5ngs E-cigaretter?<\/strong><br data-start=\"4190\" data-end=\"4193\" \/>Det l\u00e5ter dig strama \u00e5t draget f\u00f6r en cigarettriknande dragning eller \u00f6ppna upp f\u00f6r en fylligare inandning, s\u00e5 att enheten passar olika rutiner utan extra utrustning.<\/p>\n<\/li>\n<li data-start=\"4343\" data-end=\"4562\">\n<p data-start=\"4346\" data-end=\"4562\"><strong data-start=\"4346\" data-end=\"4433\">\u00c4r Type-C-laddning n\u00f6dv\u00e4ndig p\u00e5 en enhet med 120 000 puffar som Bang Legend 120k?<\/strong><br data-start=\"4433\" data-end=\"4436\" \/>Absolut. Laddbarhet f\u00f6rhindrar tidig kassering p\u00e5 grund av l\u00e5g batteriniv\u00e5, vilket hj\u00e4lper enheten att leverera sin fulla avsedda livsl\u00e4ngd.<\/p>\n<\/li>\n<li data-start=\"4564\" data-end=\"4841\">\n<p data-start=\"4567\" data-end=\"4841\"><strong data-start=\"4567\" data-end=\"4674\">Varf\u00f6r bed\u00f6mer cigarettgrossistk\u00f6pare Bang Legend 120000 som ett starkt billigt prisalternativ per puff?<\/strong><br data-start=\"4674\" data-end=\"4677\" \/>F\u00f6r att det mycket h\u00f6ga puffantalet, flersmakskiftet och den laddbara designen g\u00f6r kostnaden per puff konkurrenskraftig, medan funktionsupps\u00e4ttningen h\u00e5ller konsumenternas efterfr\u00e5gan h\u00f6g.<\/p>\n<\/li>\n<\/ol>\n<\/div>\n<\/div>\n<\/div>\n<\/div>","protected":false},"excerpt":{"rendered":"<div class=\"flex flex-col text-sm @w-xl\/main:pt-header-height pb-25\">\n<article class=\"text-token-text-primary w-full focus:outline-none [--shadow-height:45px] has-data-writing-block:pointer-events-none has-data-writing-block:-mt-(--shadow-height) has-data-writing-block:pt-(--shadow-height) [&amp;:has([data-writing-block])&gt;*]:pointer-events-auto scroll-mt-[calc(var(--header-height)+min(200px,max(70px,20svh)))]\" dir=\"auto\" tabindex=\"-1\" data-turn-id=\"1216eed0-d089-4251-926f-eb67c4e27f78\" data-testid=\"conversation-turn-54\" data-scroll-anchor=\"true\" data-turn=\"assistant\">\n<div class=\"text-base my-auto mx-auto pb-10 [--thread-content-margin:--spacing(4)] @w-sm\/main:[--thread-content-margin:--spacing(6)] @w-lg\/main:[--thread-content-margin:--spacing(16)] px-(--thread-content-margin)\">\n<div class=\"[--thread-content-max-width:40rem] @w-lg\/main:[--thread-content-max-width:48rem] mx-auto max-w-(--thread-content-max-width) flex-1 group\/turn-messages focus-visible:outline-hidden relative flex w-full min-w-0 flex-col agent-turn\" tabindex=\"-1\">\n<div class=\"flex max-w-full flex-col grow\">\n<div class=\"min-h-8 text-message relative flex w-full flex-col items-end gap-2 text-start break-words whitespace-normal [.text-message+&amp;]:mt-1\" dir=\"auto\" data-message-author-role=\"assistant\" data-message-id=\"d248b401-75f3-45e9-8935-fcbc0a13d11e\" data-message-model-slug=\"gpt-5-2-thinking\">\n<div class=\"flex w-full flex-col gap-1 empty:hidden first:pt-[1px]\">\n<div class=\"markdown prose dark:prose-invert w-full break-words light markdown-new-styling\">\n<p data-start=\"4871\" data-end=\"5142\" data-is-last-node=\"\" data-is-only-node=\"\">Bang Legend 120000 (Bang Legend 120k) eng\u00e5ngs E-cigaretter med 120 000 puff, 5-i-1 smakv\u00e4xlare, mesh coil-motor, justerbar luftfl\u00f6de, Type-C uppladdning och LED-smartdisplay. Grossistv\u00e4nligt billigt pris per puff-alternativ f\u00f6r Cigarettergrossister och EU-vape-butiker.<\/p>\n<\/div>\n<\/div>\n<\/div>\n<\/div>\n<\/div>\n<\/div>\n<\/article>\n<\/div>\n<p><strong>L\u00e4gg till Amys whatsapp f\u00f6r att f\u00e5 r\u00e4tt svar och rabatterat pris!<\/strong><\/p>\n<p><img fetchpriority=\"high\" decoding=\"async\" class=\"size-full wp-image-2932\" src=\"https:\/\/vapestornado.com\/wp-content\/uploads\/2024\/12\/Vape-Wholesale.jpg\" alt=\"Vape Partihandel\" width=\"229\" height=\"300\" \/><\/p>\n<h3><a href=\"https:\/\/wa.me\/8617776015835\"><span style=\"color: #ff0000;\"><strong>WhatsApp: +86 17776015835<\/strong><\/span><\/a><\/h3>","protected":false},"featured_media":4432,"comment_status":"open","ping_status":"closed","template":"","meta":{"_acf_changed":false,"_uag_custom_page_level_css":"","_lmt_disableupdate":"no","_lmt_disable":"","_monsterinsights_skip_tracking":false,"_monsterinsights_sitenote_active":false,"_monsterinsights_sitenote_note":"","_monsterinsights_sitenote_category":0,"site-sidebar-layout":"default","site-content-layout":"","ast-site-content-layout":"default","site-content-style":"default","site-sidebar-style":"default","ast-global-header-display":"","ast-banner-title-visibility":"","ast-main-header-display":"","ast-hfb-above-header-display":"","ast-hfb-below-header-display":"","ast-hfb-mobile-header-display":"","site-post-title":"","ast-breadcrumbs-content":"","ast-featured-img":"","footer-sml-layout":"","ast-disable-related-posts":"","theme-transparent-header-meta":"default","adv-header-id-meta":"","stick-header-meta":"","header-above-stick-meta":"","header-main-stick-meta":"","header-below-stick-meta":"","astra-migrate-meta-layouts":"set","ast-page-background-enabled":"default","ast-page-background-meta":{"desktop":{"background-color":"","background-image":"","background-repeat":"repeat","background-position":"center center","background-size":"auto","background-attachment":"scroll","background-type":"","background-media":"","overlay-type":"","overlay-color":"","overlay-opacity":"","overlay-gradient":""},"tablet":{"background-color":"","background-image":"","background-repeat":"repeat","background-position":"center center","background-size":"auto","background-attachment":"scroll","background-type":"","background-media":"","overlay-type":"","overlay-color":"","overlay-opacity":"","overlay-gradient":""},"mobile":{"background-color":"","background-image":"","background-repeat":"repeat","background-position":"center center","background-size":"auto","background-attachment":"scroll","background-type":"","background-media":"","overlay-type":"","overlay-color":"","overlay-opacity":"","overlay-gradient":""}},"ast-content-background-meta":{"desktop":{"background-color":"var(--ast-global-color-5)","background-image":"","background-repeat":"repeat","background-position":"center center","background-size":"auto","background-attachment":"scroll","background-type":"","background-media":"","overlay-type":"","overlay-color":"","overlay-opacity":"","overlay-gradient":""},"tablet":{"background-color":"var(--ast-global-color-5)","background-image":"","background-repeat":"repeat","background-position":"center center","background-size":"auto","background-attachment":"scroll","background-type":"","background-media":"","overlay-type":"","overlay-color":"","overlay-opacity":"","overlay-gradient":""},"mobile":{"background-color":"var(--ast-global-color-5)","background-image":"","background-repeat":"repeat","background-position":"center center","background-size":"auto","background-attachment":"scroll","background-type":"","background-media":"","overlay-type":"","overlay-color":"","overlay-opacity":"","overlay-gradient":""}},"_joinchat":[]},"product_brand":[],"product_cat":[347,62,152,156,142,357,146],"product_tag":[398,399,396,368,390,393,386,397],"class_list":{"0":"post-4438","1":"product","2":"type-product","3":"status-publish","4":"has-post-thumbnail","6":"product_cat-120000-puff","7":"product_cat-bang-vape","8":"product_cat-buy-disposable-vapes-in-cermany","9":"product_cat-buy-disposable-vapes-in-poland","10":"product_cat-digital-box-disposable-vapes","11":"product_cat-flavor-adjustable-vape","12":"product_cat-rechargeable-disposable-vapes","13":"product_tag-bang-legend-120000","14":"product_tag-bang-legend-120k","15":"product_tag-disposable-cigarette","16":"product_tag-disposable-vapor","17":"product_tag-online-vape-shop","18":"product_tag-vape-cartridge","19":"product_tag-vape-pen","20":"product_tag-vapor","21":"desktop-align-left","22":"tablet-align-left","23":"mobile-align-left","25":"first","26":"instock","27":"sale","28":"shipping-taxable","29":"purchasable","30":"product-type-simple"},"acf":[],"uagb_featured_image_src":{"full":["https:\/\/vapestornado.com\/wp-content\/uploads\/2025\/10\/BANG-LEGEND-120K-Puffs-Screen-Disposable-Vape.webp",800,800,false],"thumbnail":["https:\/\/vapestornado.com\/wp-content\/uploads\/2025\/10\/BANG-LEGEND-120K-Puffs-Screen-Disposable-Vape-150x150.webp",150,150,true],"medium":["https:\/\/vapestornado.com\/wp-content\/uploads\/2025\/10\/BANG-LEGEND-120K-Puffs-Screen-Disposable-Vape-300x300.webp",300,300,true],"medium_large":["https:\/\/vapestornado.com\/wp-content\/uploads\/2025\/10\/BANG-LEGEND-120K-Puffs-Screen-Disposable-Vape-768x768.webp",768,768,true],"large":["https:\/\/vapestornado.com\/wp-content\/uploads\/2025\/10\/BANG-LEGEND-120K-Puffs-Screen-Disposable-Vape.webp",800,800,false],"1536x1536":["https:\/\/vapestornado.com\/wp-content\/uploads\/2025\/10\/BANG-LEGEND-120K-Puffs-Screen-Disposable-Vape.webp",800,800,false],"2048x2048":["https:\/\/vapestornado.com\/wp-content\/uploads\/2025\/10\/BANG-LEGEND-120K-Puffs-Screen-Disposable-Vape.webp",800,800,false],"trp-custom-language-flag":["https:\/\/vapestornado.com\/wp-content\/uploads\/2025\/10\/BANG-LEGEND-120K-Puffs-Screen-Disposable-Vape-12x12.webp",12,12,true],"woocommerce_thumbnail":["https:\/\/vapestornado.com\/wp-content\/uploads\/2025\/10\/BANG-LEGEND-120K-Puffs-Screen-Disposable-Vape-300x300.webp",300,300,true],"woocommerce_single":["https:\/\/vapestornado.com\/wp-content\/uploads\/2025\/10\/BANG-LEGEND-120K-Puffs-Screen-Disposable-Vape-600x600.webp",600,600,true],"woocommerce_gallery_thumbnail":["https:\/\/vapestornado.com\/wp-content\/uploads\/2025\/10\/BANG-LEGEND-120K-Puffs-Screen-Disposable-Vape-100x100.webp",100,100,true]},"uagb_author_info":{"display_name":"ESAMY","author_link":"https:\/\/vapestornado.com\/sv\/author\/"},"uagb_comment_info":0,"uagb_excerpt":"Bang Legend 120000 (Bang Legend 120k) disposable E-cigarette with 120,000 puffs, 5-in-1 flavour switch, mesh coil engine, adjustable airflow, Type-C recharge and LED smart display. Wholesale-friendly cheap price per puff option for Cigarette wholesaler and EU vape shops. Add Amy's whatsapp to get right reply and discount price! WhatsApp: +86 17776015835","_links":{"self":[{"href":"https:\/\/vapestornado.com\/sv\/wp-json\/wp\/v2\/product\/4438","targetHints":{"allow":["GET"]}}],"collection":[{"href":"https:\/\/vapestornado.com\/sv\/wp-json\/wp\/v2\/product"}],"about":[{"href":"https:\/\/vapestornado.com\/sv\/wp-json\/wp\/v2\/types\/product"}],"replies":[{"embeddable":true,"href":"https:\/\/vapestornado.com\/sv\/wp-json\/wp\/v2\/comments?post=4438"}],"wp:featuredmedia":[{"embeddable":true,"href":"https:\/\/vapestornado.com\/sv\/wp-json\/wp\/v2\/media\/4432"}],"wp:attachment":[{"href":"https:\/\/vapestornado.com\/sv\/wp-json\/wp\/v2\/media?parent=4438"}],"wp:term":[{"taxonomy":"product_brand","embeddable":true,"href":"https:\/\/vapestornado.com\/sv\/wp-json\/wp\/v2\/product_brand?post=4438"},{"taxonomy":"product_cat","embeddable":true,"href":"https:\/\/vapestornado.com\/sv\/wp-json\/wp\/v2\/product_cat?post=4438"},{"taxonomy":"product_tag","embeddable":true,"href":"https:\/\/vapestornado.com\/sv\/wp-json\/wp\/v2\/product_tag?post=4438"}],"curies":[{"name":"wp","href":"https:\/\/api.w.org\/{rel}","templated":true}]}}