{"id":4410,"date":"2025-10-02T03:56:17","date_gmt":"2025-10-02T03:56:17","guid":{"rendered":"https:\/\/vapestornado.com\/?post_type=product&#038;p=4410"},"modified":"2025-09-30T08:04:32","modified_gmt":"2025-09-30T08:04:32","slug":"aivono-fatmax-50k-puff-smart-screen-disposable-e-shisha-hookah-bar","status":"publish","type":"product","link":"https:\/\/vapestornado.com\/sv\/product\/aivono-fatmax-50k-puff-smart-screen-disposable-e-shisha-hookah-bar\/","title":{"rendered":"AIVONO FATMAX 50K Puff Smart Screen Eng\u00e5ngs E Shisha Hookah Bar"},"content":{"rendered":"<h2 data-pm-slice=\"1 1 []\">AIVONO FATMAX 50K Eng\u00e5ngs Shisha Hookah Bar \u2013 Smart Sk\u00e4rm E Shisha<\/h2>\n<p data-start=\"242\" data-end=\"546\">Den <strong data-start=\"246\" data-end=\"267\">AIVONO FATMAX 50K<\/strong> \u00e4r ett n\u00e4sta niv\u00e5 <strong data-start=\"284\" data-end=\"309\">elektronisk shisha bar<\/strong> designad f\u00f6r l\u00e5ngvarig prestanda och dj\u00e4rv smak. Varje enhet \u00e4r f\u00f6rfylld med <strong data-start=\"679\" data-end=\"707\">30mL av premium e-juice<\/strong>, som ger upp till <strong data-start=\"726\" data-end=\"749\">50 000 mjuka puffar<\/strong>\u2014perfekt f\u00f6r l\u00e5ngvarig anv\u00e4ndning utan frekventa byten. Byggd med precisionsutvecklad mesh-spole-teknologi,, \u00a0denna <strong data-start=\"452\" data-end=\"480\">eng\u00e5ngs shisha hookah<\/strong> levererar mjuk \u00e5nga, rik smak och konsekvent tillfredsst\u00e4llelse.<\/p>\n<p data-start=\"548\" data-end=\"851\">Dess <strong data-start=\"552\" data-end=\"609\">800mAh uppladdningsbart batteri med Type-C snabbladdning<\/strong> s\u00e4kerst\u00e4ller p\u00e5litliga sessioner. Till skillnad fr\u00e5n vanliga eng\u00e5ngsvapes, kommer FATMAX 50K med en <strong data-start=\"1144\" data-end=\"1169\">klar digital display<\/strong> som visar <strong data-start=\"1181\" data-end=\"1233\">faktiska e-juice niv\u00e5er och batteriprocent<\/strong>, vilket f\u00f6rhindrar torra puffar och gissningar. \u00a0Finns i <strong data-start=\"744\" data-end=\"785\">0%, 2%, 3% och 5% nikotinstyrka<\/strong>, FATMAX 50K riktar sig till en bred anv\u00e4ndargrupp \u2013 fr\u00e5n de som f\u00f6redrar en <strong data-start=\"1673\" data-end=\"1703\">nikotinfri shisha-upplevelse<\/strong> till vape-anv\u00e4ndare som vill ha en <strong data-start=\"1725\" data-end=\"1746\">stark halsk\u00e4nsla<\/strong>.<\/p>\n<p data-start=\"853\" data-end=\"1034\">Kompakt men kraftfull, den <strong data-start=\"879\" data-end=\"909\">AIVONO FATMAX 50K e-shisha<\/strong> \u00e4r den <strong data-start=\"917\" data-end=\"947\">b\u00e4sta eng\u00e5ngshookahbaren<\/strong> f\u00f6r grossister och unga vuxenkonsumenter som s\u00f6ker stil, uth\u00e5llighet och bekv\u00e4mlighet.<\/p>\n<p><strong><span style=\"color: #ff0000;\">L\u00e4gg till Amys whatsapp f\u00f6r snabbt svar och vape-kupong!<\/span><\/strong><\/p>\n<p><img fetchpriority=\"high\" decoding=\"async\" class=\"size-full wp-image-2932\" src=\"https:\/\/vapestornado.com\/wp-content\/uploads\/2024\/12\/Vape-Wholesale.jpg\" alt=\"Vape Partihandel\" width=\"229\" height=\"300\" \/><\/p>\n<h3><a href=\"https:\/\/wa.me\/8617776015835\" target=\"_blank\" rel=\"noopener\"><span style=\"color: #ff0000;\"><strong>WhatsApp: +86 17776015835<\/strong><\/span><\/a><\/h3>\n<p>&nbsp;<\/p>\n<h2><strong>AIVONO FATMAX 50K Puff Produktfunktioner<\/strong><\/h2>\n<ul>\n<li data-start=\"1069\" data-end=\"1112\">\n<p data-start=\"1071\" data-end=\"1112\">Upp till <strong data-start=\"1077\" data-end=\"1093\">50 000 puffar<\/strong> med en 30 ml tank<\/p>\n<\/li>\n<li data-start=\"1113\" data-end=\"1169\">\n<p data-start=\"1115\" data-end=\"1169\"><strong data-start=\"1115\" data-end=\"1133\">0,6\u03a9 mesh-spole<\/strong> f\u00f6r mjuka moln och full smak<\/p>\n<\/li>\n<li data-start=\"1170\" data-end=\"1229\">\n<p data-start=\"1172\" data-end=\"1229\"><strong data-start=\"1172\" data-end=\"1193\">Smart LED-display<\/strong> f\u00f6r batteri- och e-v\u00e4tskemonitorering<\/p>\n<\/li>\n<li data-start=\"1230\" data-end=\"1287\">\n<p data-start=\"1232\" data-end=\"1287\"><strong data-start=\"1232\" data-end=\"1270\">800mAh Type-C uppladdningsbart batteri<\/strong> f\u00f6r l\u00e4ngre anv\u00e4ndning<\/p>\n<\/li>\n<li data-start=\"1288\" data-end=\"1340\">\n<p data-start=\"1290\" data-end=\"1340\">Nikotinflexibilitet: <strong data-start=\"1312\" data-end=\"1330\">0%, 2%, 3%, 5%<\/strong> alternativ<\/p>\n<\/li>\n<li data-start=\"1341\" data-end=\"1405\">\n<p data-start=\"1343\" data-end=\"1405\">Direkt till Lunga (DTL) inandning f\u00f6r en shisha-liknande upplevelse<\/p>\n<\/li>\n<\/ul>\n<figure id=\"attachment_4400\" aria-describedby=\"caption-attachment-4400\" style=\"width: 800px\" class=\"wp-caption alignnone\"><img decoding=\"async\" class=\"wp-image-4400 size-full\" src=\"https:\/\/vapestornado.com\/wp-content\/uploads\/2025\/09\/Aivono-50000-Puff-50k-Disposable-E-Shisha-Hookah.webp\" alt=\"Aivono 50000 Puff 50k Eng\u00e5ngs E-shisha Hookah\" width=\"800\" height=\"800\" srcset=\"https:\/\/vapestornado.com\/wp-content\/uploads\/2025\/09\/Aivono-50000-Puff-50k-Disposable-E-Shisha-Hookah.webp 800w, https:\/\/vapestornado.com\/wp-content\/uploads\/2025\/09\/Aivono-50000-Puff-50k-Disposable-E-Shisha-Hookah-300x300.webp 300w, https:\/\/vapestornado.com\/wp-content\/uploads\/2025\/09\/Aivono-50000-Puff-50k-Disposable-E-Shisha-Hookah-150x150.webp 150w, https:\/\/vapestornado.com\/wp-content\/uploads\/2025\/09\/Aivono-50000-Puff-50k-Disposable-E-Shisha-Hookah-768x768.webp 768w, https:\/\/vapestornado.com\/wp-content\/uploads\/2025\/09\/Aivono-50000-Puff-50k-Disposable-E-Shisha-Hookah-12x12.webp 12w, https:\/\/vapestornado.com\/wp-content\/uploads\/2025\/09\/Aivono-50000-Puff-50k-Disposable-E-Shisha-Hookah-600x600.webp 600w, https:\/\/vapestornado.com\/wp-content\/uploads\/2025\/09\/Aivono-50000-Puff-50k-Disposable-E-Shisha-Hookah-100x100.webp 100w\" sizes=\"(max-width: 800px) 100vw, 800px\" \/><figcaption id=\"caption-attachment-4400\" class=\"wp-caption-text\">Aivono 50000 Puff 50k Eng\u00e5ngs E-shisha Hookah<\/figcaption><\/figure>\n<h2 class=\"product-title\"><strong>AIVONO FATMAX 50000 Puff Smaklista<\/strong><\/h2>\n<p data-start=\"2550\" data-end=\"2736\">1. K\u00f6rsb\u00e4r Hallon<\/p>\n<p data-start=\"2550\" data-end=\"2736\">2. Tv\u00e5 \u00c4pple<\/p>\n<p data-start=\"2550\" data-end=\"2736\">3. Druv Mint<\/p>\n<p data-start=\"2550\" data-end=\"2736\">4. Bl\u00e5b\u00e4r Gum<\/p>\n<p data-start=\"2550\" data-end=\"2736\">5. K\u00e4rlek 66<\/p>\n<p data-start=\"2550\" data-end=\"2736\">6. Klardr\u00f6m<\/p>\n<p data-start=\"2550\" data-end=\"2736\">7. Lush Ice<\/p>\n<p data-start=\"2550\" data-end=\"2736\">8. Persika Ice<\/p>\n<p data-start=\"2550\" data-end=\"2736\">9. B\u00e4r Ice<\/p>\n<p data-start=\"2550\" data-end=\"2736\">10. Jordgubbs Punch<\/p>\n<div class=\"flex-shrink-0 flex flex-col relative items-end\">\n<div class=\"pt-0\">\n<div class=\"gizmo-bot-avatar flex h-8 w-8 items-center justify-center overflow-hidden rounded-full\">\n<div class=\"relative p-1 rounded-sm flex items-center justify-center bg-token-main-surface-primary text-token-text-primary h-8 w-8\">\n<h2 data-start=\"1200\" data-end=\"1487\">Vapes Tornado \u2013 Din grossist online vapebutik f\u00f6r de b\u00e4sta vape-varum\u00e4rkena<\/h2>\n<p data-start=\"1200\" data-end=\"1487\"><strong data-start=\"141\" data-end=\"177\">Vapes Tornado Online R\u00f6kbutik<\/strong> \u00e4r din p\u00e5litliga k\u00e4lla f\u00f6r <strong data-start=\"205\" data-end=\"270\">premium eng\u00e5ngsvapes och grossist e-cigaretter i Europa<\/strong>. Vi har topplagervarum\u00e4rken som <strong data-start=\"307\" data-end=\"362\"><a href=\"https:\/\/vapestornado.com\/sv\/product\/vozol-gear-shisha-25k-25000-puffs-best-dtl-disposable-vape-hookah-cheap-price\/\">VOZOL BAR VAPE<\/a>, <a href=\"https:\/\/vapestornado.com\/sv\/product\/randm-12000-puffs-fumot-digital-disposable-vape-wholesale-price\/\">Fumot VAPE<\/a>, <a href=\"https:\/\/vapestornado.com\/sv\/product\/original-wga-ultra-35k-35000-puff-rechargeable-crystal-disposable-nicotine-vape-best-discount-price\/\">WGA VAPE<\/a>, Bang Vape<\/strong>, och fler, vilket s\u00e4kerst\u00e4ller kvalitet och variation f\u00f6r varje kund. Oavsett om du \u00e4r en individuell vapare eller en grossistk\u00f6pare, levererar vi <strong data-start=\"481\" data-end=\"550\">h\u00f6gpresterande enheter, stilrena designer och konkurrenskraftiga priser<\/strong> f\u00f6r att m\u00f6ta dina behov.<\/p>\n<h2 data-start=\"2064\" data-end=\"2115\">FAQs om AIVONO FATMAX 50K Puff Eng\u00e5ngs Vape<\/h2>\n<p data-start=\"1456\" data-end=\"1582\"><strong data-start=\"1456\" data-end=\"1504\">1. Hur l\u00e4nge h\u00e5ller AIVONO 50K?<\/strong><br data-start=\"1504\" data-end=\"1507\" \/>Den ger upp till <strong data-start=\"1525\" data-end=\"1541\">50 000 puffar<\/strong>, vilket g\u00f6r den idealisk f\u00f6r l\u00e5ngvarig vaping.<\/p>\n<p data-start=\"1584\" data-end=\"1703\"><strong data-start=\"1584\" data-end=\"1622\">2. \u00c4r FATMAX 50000 puff uppladdningsbar?<\/strong><br data-start=\"1622\" data-end=\"1625\" \/>Ja, den har en <strong data-start=\"1645\" data-end=\"1683\">800mAh Type-C uppladdningsbart batteri<\/strong> f\u00f6r ut\u00f6kad anv\u00e4ndning.<\/p>\n<p data-start=\"1705\" data-end=\"1837\"><strong data-start=\"1705\" data-end=\"1750\">3. Vilka nikotinstyrkor finns tillg\u00e4ngliga?<\/strong><br data-start=\"1750\" data-end=\"1753\" \/>Enheten st\u00f6der <strong data-start=\"1773\" data-end=\"1803\">0%, 2%, 3% och 5% nikotin<\/strong> f\u00f6r att matcha olika preferenser.<\/p>\n<p data-start=\"1839\" data-end=\"1956\"><strong data-start=\"1839\" data-end=\"1868\">4. Har den en sk\u00e4rm?<\/strong><br data-start=\"1868\" data-end=\"1871\" \/>Ja, <strong data-start=\"1880\" data-end=\"1901\">smarta LED-displayen<\/strong> visar b\u00e5de batteri- och e-v\u00e4tskeniv\u00e5er i realtid.<\/p>\n<p data-start=\"1958\" data-end=\"2195\"><strong data-start=\"1958\" data-end=\"2017\">5. \u00c4r denna shisha bar l\u00e4mplig f\u00f6r grossistf\u00f6rs\u00e4ljning i Europa?<\/strong><br data-start=\"2017\" data-end=\"2020\" \/>Absolut. Den <strong data-start=\"2036\" data-end=\"2057\">AIVONO FATMAX 50K<\/strong> kombinerar h\u00f6g puffr\u00e4knare, modern design och flexibla nikotinalternativ, vilket g\u00f6r den perfekt f\u00f6r <strong data-start=\"2151\" data-end=\"2192\">EU:s eng\u00e5ngs shisha grossistmarknad<\/strong>.<\/p>\n<\/div>\n<\/div>\n<\/div>\n<\/div>","protected":false},"excerpt":{"rendered":"<p data-start=\"2473\" data-end=\"2550\">AIVONO FATMAX 50K Puff E Shisha \u2013 Smart Sk\u00e4rm Eng\u00e5ngs Shisha Hookah Bar<\/p>\n<p data-start=\"2554\" data-end=\"2633\">B\u00e4sta Grossist Eng\u00e5ngs Shisha Hookah \u2013 AIVONO FATMAX 50K Elektronisk Shisha<\/p>\n<p data-start=\"2637\" data-end=\"2714\">AIVONO FATMAX 50K Smart Sk\u00e4rm E Shisha Bar \u2013 50 000 Puff Eng\u00e5ngs Hookah<\/p>\n<p><strong>L\u00e4gg till Amys whatsapp f\u00f6r att f\u00e5 r\u00e4tt svar och rabatterat pris!<\/strong><\/p>\n<p><img fetchpriority=\"high\" decoding=\"async\" class=\"size-full wp-image-2932\" src=\"https:\/\/vapestornado.com\/wp-content\/uploads\/2024\/12\/Vape-Wholesale.jpg\" alt=\"Vape Partihandel\" width=\"229\" height=\"300\" \/><\/p>\n<h3><a href=\"https:\/\/wa.me\/8617776015835\"><span style=\"color: #ff0000;\"><strong>WhatsApp: +86 17776015835<\/strong><\/span><\/a><\/h3>","protected":false},"featured_media":4404,"comment_status":"open","ping_status":"closed","template":"","meta":{"_acf_changed":false,"_uag_custom_page_level_css":"","_lmt_disableupdate":"no","_lmt_disable":"","_monsterinsights_skip_tracking":false,"_monsterinsights_sitenote_active":false,"_monsterinsights_sitenote_note":"","_monsterinsights_sitenote_category":0,"site-sidebar-layout":"default","site-content-layout":"","ast-site-content-layout":"default","site-content-style":"default","site-sidebar-style":"default","ast-global-header-display":"","ast-banner-title-visibility":"","ast-main-header-display":"","ast-hfb-above-header-display":"","ast-hfb-below-header-display":"","ast-hfb-mobile-header-display":"","site-post-title":"","ast-breadcrumbs-content":"","ast-featured-img":"","footer-sml-layout":"","ast-disable-related-posts":"","theme-transparent-header-meta":"default","adv-header-id-meta":"","stick-header-meta":"","header-above-stick-meta":"","header-main-stick-meta":"","header-below-stick-meta":"","astra-migrate-meta-layouts":"set","ast-page-background-enabled":"default","ast-page-background-meta":{"desktop":{"background-color":"","background-image":"","background-repeat":"repeat","background-position":"center center","background-size":"auto","background-attachment":"scroll","background-type":"","background-media":"","overlay-type":"","overlay-color":"","overlay-opacity":"","overlay-gradient":""},"tablet":{"background-color":"","background-image":"","background-repeat":"repeat","background-position":"center center","background-size":"auto","background-attachment":"scroll","background-type":"","background-media":"","overlay-type":"","overlay-color":"","overlay-opacity":"","overlay-gradient":""},"mobile":{"background-color":"","background-image":"","background-repeat":"repeat","background-position":"center center","background-size":"auto","background-attachment":"scroll","background-type":"","background-media":"","overlay-type":"","overlay-color":"","overlay-opacity":"","overlay-gradient":""}},"ast-content-background-meta":{"desktop":{"background-color":"var(--ast-global-color-5)","background-image":"","background-repeat":"repeat","background-position":"center center","background-size":"auto","background-attachment":"scroll","background-type":"","background-media":"","overlay-type":"","overlay-color":"","overlay-opacity":"","overlay-gradient":""},"tablet":{"background-color":"var(--ast-global-color-5)","background-image":"","background-repeat":"repeat","background-position":"center center","background-size":"auto","background-attachment":"scroll","background-type":"","background-media":"","overlay-type":"","overlay-color":"","overlay-opacity":"","overlay-gradient":""},"mobile":{"background-color":"var(--ast-global-color-5)","background-image":"","background-repeat":"repeat","background-position":"center center","background-size":"auto","background-attachment":"scroll","background-type":"","background-media":"","overlay-type":"","overlay-color":"","overlay-opacity":"","overlay-gradient":""}},"_joinchat":[]},"product_brand":[],"product_cat":[344,176,149,153,156,158,142,143,144,146],"product_tag":[385,355,380,368,381],"class_list":{"0":"post-4410","1":"product","2":"type-product","3":"status-publish","4":"has-post-thumbnail","6":"product_cat-80000-puff","7":"product_cat-aivono-vape","8":"product_cat-buy-disposable-vapes-in-austria","9":"product_cat-buy-disposable-vapes-in-italy","10":"product_cat-buy-disposable-vapes-in-poland","11":"product_cat-buy-disposable-vapes-in-spain","12":"product_cat-digital-box-disposable-vapes","13":"product_cat-dual-mesh-disposable-vapes","14":"product_cat-low-nicotine-disposable-vapes","15":"product_cat-rechargeable-disposable-vapes","16":"product_tag-aivono-fatbear-80k","17":"product_tag-big-puff-vape","18":"product_tag-disposable-vapes-online","19":"product_tag-disposable-vapor","20":"product_tag-vapes-online-wholesale","21":"desktop-align-left","22":"tablet-align-left","23":"mobile-align-left","25":"first","26":"instock","27":"sale","28":"shipping-taxable","29":"purchasable","30":"product-type-simple"},"acf":[],"uagb_featured_image_src":{"full":["https:\/\/vapestornado.com\/wp-content\/uploads\/2025\/09\/Big-Puff-50k-Disposable-E-Shisha-Hookah-Wholesale.webp",800,800,false],"thumbnail":["https:\/\/vapestornado.com\/wp-content\/uploads\/2025\/09\/Big-Puff-50k-Disposable-E-Shisha-Hookah-Wholesale-150x150.webp",150,150,true],"medium":["https:\/\/vapestornado.com\/wp-content\/uploads\/2025\/09\/Big-Puff-50k-Disposable-E-Shisha-Hookah-Wholesale-300x300.webp",300,300,true],"medium_large":["https:\/\/vapestornado.com\/wp-content\/uploads\/2025\/09\/Big-Puff-50k-Disposable-E-Shisha-Hookah-Wholesale-768x768.webp",768,768,true],"large":["https:\/\/vapestornado.com\/wp-content\/uploads\/2025\/09\/Big-Puff-50k-Disposable-E-Shisha-Hookah-Wholesale.webp",800,800,false],"1536x1536":["https:\/\/vapestornado.com\/wp-content\/uploads\/2025\/09\/Big-Puff-50k-Disposable-E-Shisha-Hookah-Wholesale.webp",800,800,false],"2048x2048":["https:\/\/vapestornado.com\/wp-content\/uploads\/2025\/09\/Big-Puff-50k-Disposable-E-Shisha-Hookah-Wholesale.webp",800,800,false],"trp-custom-language-flag":["https:\/\/vapestornado.com\/wp-content\/uploads\/2025\/09\/Big-Puff-50k-Disposable-E-Shisha-Hookah-Wholesale-12x12.webp",12,12,true],"woocommerce_thumbnail":["https:\/\/vapestornado.com\/wp-content\/uploads\/2025\/09\/Big-Puff-50k-Disposable-E-Shisha-Hookah-Wholesale-300x300.webp",300,300,true],"woocommerce_single":["https:\/\/vapestornado.com\/wp-content\/uploads\/2025\/09\/Big-Puff-50k-Disposable-E-Shisha-Hookah-Wholesale-600x600.webp",600,600,true],"woocommerce_gallery_thumbnail":["https:\/\/vapestornado.com\/wp-content\/uploads\/2025\/09\/Big-Puff-50k-Disposable-E-Shisha-Hookah-Wholesale-100x100.webp",100,100,true]},"uagb_author_info":{"display_name":"ESAMY","author_link":"https:\/\/vapestornado.com\/sv\/author\/"},"uagb_comment_info":0,"uagb_excerpt":"AIVONO FATMAX 50K Puff E Shisha \u2013 Smart Screen Disposable Shisha Hookah Bar Best Wholesale Disposable Shisha Hookah \u2013 AIVONO FATMAX 50K Electronic Shisha AIVONO FATMAX 50K Smart Screen E Shisha Bar \u2013 50,000 Puff Disposable Hookah Add Amy's whatsapp to get right reply and discount price! WhatsApp: +86 17776015835","_links":{"self":[{"href":"https:\/\/vapestornado.com\/sv\/wp-json\/wp\/v2\/product\/4410","targetHints":{"allow":["GET"]}}],"collection":[{"href":"https:\/\/vapestornado.com\/sv\/wp-json\/wp\/v2\/product"}],"about":[{"href":"https:\/\/vapestornado.com\/sv\/wp-json\/wp\/v2\/types\/product"}],"replies":[{"embeddable":true,"href":"https:\/\/vapestornado.com\/sv\/wp-json\/wp\/v2\/comments?post=4410"}],"wp:featuredmedia":[{"embeddable":true,"href":"https:\/\/vapestornado.com\/sv\/wp-json\/wp\/v2\/media\/4404"}],"wp:attachment":[{"href":"https:\/\/vapestornado.com\/sv\/wp-json\/wp\/v2\/media?parent=4410"}],"wp:term":[{"taxonomy":"product_brand","embeddable":true,"href":"https:\/\/vapestornado.com\/sv\/wp-json\/wp\/v2\/product_brand?post=4410"},{"taxonomy":"product_cat","embeddable":true,"href":"https:\/\/vapestornado.com\/sv\/wp-json\/wp\/v2\/product_cat?post=4410"},{"taxonomy":"product_tag","embeddable":true,"href":"https:\/\/vapestornado.com\/sv\/wp-json\/wp\/v2\/product_tag?post=4410"}],"curies":[{"name":"wp","href":"https:\/\/api.w.org\/{rel}","templated":true}]}}