{"id":4387,"date":"2025-09-26T07:55:26","date_gmt":"2025-09-26T07:55:26","guid":{"rendered":"https:\/\/vapestornado.com\/?post_type=product&#038;p=4387"},"modified":"2025-11-29T08:57:46","modified_gmt":"2025-11-29T08:57:46","slug":"vopk-triple-60k-60000-puffs-3-in-1-flavor-best-vape-to-buy","status":"publish","type":"product","link":"https:\/\/vapestornado.com\/sv\/product\/vopk-triple-60k-60000-puffs-3-in-1-flavor-best-vape-to-buy\/","title":{"rendered":"Vopk Triple 60K 60000 Puffs 3 i 1 Smak B\u00e4sta Vape att K\u00f6pa"},"content":{"rendered":"<h2 data-pm-slice=\"1 1 []\">Vopk Triple 60K 60000 Puffs 3 i 1 Smak B\u00e4sta Vape att K\u00f6pa<\/h2>\n<p data-start=\"192\" data-end=\"640\">Den <strong data-start=\"196\" data-end=\"215\">Vopk Triple 60K<\/strong> \u00e4r utformad f\u00f6r unga europeiska vapare som kr\u00e4ver l\u00e5ngvarig prestanda, dj\u00e4rva smaker och moderna funktioner. Packad med <strong data-start=\"338\" data-end=\"354\">60 000 puffar<\/strong>, en <strong data-start=\"358\" data-end=\"380\">54 ml e-v\u00e4tsketank<\/strong>, och <strong data-start=\"386\" data-end=\"412\">triple 0,9\u03a9 mesh-spolar<\/strong>, den ger mjuk \u00e5nga och konsekvent smak vid varje drag. Dess <strong data-start=\"479\" data-end=\"512\">3-i-1 smakrotationssystem<\/strong> s\u00e4kerst\u00e4ller variation utan att byta enheter, vilket g\u00f6r det till den <strong data-start=\"570\" data-end=\"590\">b\u00e4sta vape att k\u00f6pa<\/strong> f\u00f6r de som v\u00e4rdes\u00e4tter b\u00e5de kraft och bekv\u00e4mlighet.<\/p>\n<p data-start=\"642\" data-end=\"1022\">Utrustad med en <strong data-start=\"658\" data-end=\"689\">650mAh uppladdningsbart batteri<\/strong>, <strong data-start=\"691\" data-end=\"715\">Typ-C snabbladdning<\/strong>, och ett <strong data-start=\"723\" data-end=\"744\">smarta LED-displayen<\/strong>, den <strong data-start=\"750\" data-end=\"771\">Vopk Triple 60000<\/strong> erbjuder oavbruten prestanda med realtids\u00f6vervakning av batteri- och e-v\u00e4tskeniv\u00e5er. Oavsett om du s\u00f6ker stark tillfredsst\u00e4llelse med <strong data-start=\"907\" data-end=\"921\">5% nikotin<\/strong> eller l\u00e5g nikotinhalt <strong data-start=\"935\" data-end=\"948\">2%-alternativ<\/strong>, denna <strong data-start=\"955\" data-end=\"987\">Uppladdningsbar eng\u00e5ngs-vape<\/strong> \u00e4r anpassad f\u00f6r dina preferenser.<\/p>\n<p><strong><span style=\"color: #ff0000;\">L\u00e4gg till Amys whatsapp f\u00f6r snabbt svar och vape-kupong!<\/span><\/strong><\/p>\n<p><img fetchpriority=\"high\" decoding=\"async\" class=\"size-full wp-image-2932\" src=\"https:\/\/vapestornado.com\/wp-content\/uploads\/2024\/12\/Vape-Wholesale.jpg\" alt=\"Vape Partihandel\" width=\"229\" height=\"300\" \/><\/p>\n<h3><a href=\"https:\/\/wa.me\/8617776015835\" target=\"_blank\" rel=\"noopener\"><span style=\"color: #ff0000;\"><strong>WhatsApp: +86 17776015835<\/strong><\/span><\/a><\/h3>\n<p>&nbsp;<\/p>\n<h2><strong>Vopk Triple 60K Puff Produktfunktioner<\/strong><\/h2>\n<ul>\n<li data-start=\"1069\" data-end=\"1137\">\n<p data-start=\"1071\" data-end=\"1137\">Massiv <strong data-start=\"1079\" data-end=\"1095\">60 000 puffar<\/strong> \u2013 l\u00e5ngvarig vaping utan byten<\/p>\n<\/li>\n<li data-start=\"1138\" data-end=\"1176\">\n<p data-start=\"1140\" data-end=\"1176\"><strong data-start=\"1140\" data-end=\"1157\">54mL e-v\u00e4tska<\/strong> f\u00f6r l\u00e5ngvarig anv\u00e4ndning<\/p>\n<\/li>\n<li data-start=\"1177\" data-end=\"1247\">\n<p data-start=\"1179\" data-end=\"1247\"><strong data-start=\"1179\" data-end=\"1203\">3-i-1 smakv\u00e4xlare<\/strong> \u2013 rotera mellan 3 profiler i en enhet<\/p>\n<\/li>\n<li data-start=\"1248\" data-end=\"1301\">\n<p data-start=\"1250\" data-end=\"1301\"><strong data-start=\"1250\" data-end=\"1277\">Triple mesh coil (0,9\u03a9)<\/strong> f\u00f6r rik, t\u00e4t \u00e5nga<\/p>\n<\/li>\n<li data-start=\"1302\" data-end=\"1367\">\n<p data-start=\"1304\" data-end=\"1367\"><strong data-start=\"1304\" data-end=\"1335\">650mAh uppladdningsbart batteri<\/strong> med <strong data-start=\"1341\" data-end=\"1365\">Typ-C snabbladdning<\/strong><\/p>\n<\/li>\n<li data-start=\"1368\" data-end=\"1428\">\n<p data-start=\"1370\" data-end=\"1428\"><strong data-start=\"1370\" data-end=\"1390\">Smart LED-sk\u00e4rm<\/strong> som visar niv\u00e5er av e-v\u00e4tska och batteri<\/p>\n<\/li>\n<li data-start=\"1429\" data-end=\"1470\">\n<p data-start=\"1431\" data-end=\"1470\">Flexibel <strong data-start=\"1440\" data-end=\"1468\">nikotinalternativ: 2% &amp; 5%<\/strong><\/p>\n<\/li>\n<li data-start=\"1471\" data-end=\"1533\">\n<p data-start=\"1473\" data-end=\"1533\">10 unika <strong data-start=\"1483\" data-end=\"1506\">trippel-smakblandningar<\/strong> f\u00f6r hela dagen tillfredsst\u00e4llelse<\/p>\n<\/li>\n<\/ul>\n<figure id=\"attachment_4380\" aria-describedby=\"caption-attachment-4380\" style=\"width: 300px\" class=\"wp-caption alignnone\"><img decoding=\"async\" class=\"size-medium wp-image-4380\" src=\"https:\/\/vapestornado.com\/wp-content\/uploads\/2025\/09\/VOPK-Tripe-60k-Puffs-Vape-Cartridge-300x300.webp\" alt=\"VOPK Tripe 60k Puff Vape Cartridge\" width=\"300\" height=\"300\" srcset=\"https:\/\/vapestornado.com\/wp-content\/uploads\/2025\/09\/VOPK-Tripe-60k-Puffs-Vape-Cartridge-300x300.webp 300w, https:\/\/vapestornado.com\/wp-content\/uploads\/2025\/09\/VOPK-Tripe-60k-Puffs-Vape-Cartridge-150x150.webp 150w, https:\/\/vapestornado.com\/wp-content\/uploads\/2025\/09\/VOPK-Tripe-60k-Puffs-Vape-Cartridge-768x768.webp 768w, https:\/\/vapestornado.com\/wp-content\/uploads\/2025\/09\/VOPK-Tripe-60k-Puffs-Vape-Cartridge-12x12.webp 12w, https:\/\/vapestornado.com\/wp-content\/uploads\/2025\/09\/VOPK-Tripe-60k-Puffs-Vape-Cartridge-600x600.webp 600w, https:\/\/vapestornado.com\/wp-content\/uploads\/2025\/09\/VOPK-Tripe-60k-Puffs-Vape-Cartridge-100x100.webp 100w, https:\/\/vapestornado.com\/wp-content\/uploads\/2025\/09\/VOPK-Tripe-60k-Puffs-Vape-Cartridge.webp 800w\" sizes=\"(max-width: 300px) 100vw, 300px\" \/><figcaption id=\"caption-attachment-4380\" class=\"wp-caption-text\">VOPK Tripe 60k Puff Vape Cartridge<\/figcaption><\/figure>\n<h2 class=\"product-title\"><strong>Vopk Triple 60K Puff 3-i-1 Smaklista<\/strong><\/h2>\n<p data-start=\"2550\" data-end=\"2736\">1.Vattenmelon is \/Trefaldig melon is \/Jordgubbglass<br \/>\n2.Jordgubb banan \/Hallon vattenmelon \/Ananas kokosn\u00f6t<br \/>\n3.Persika b\u00e4r \/Bl\u00e5 razz is \/Vattenmelon persika mango<br \/>\n4.Sur mango ananas \/Red bull jordgubb \/Svart vinb\u00e4rs is<br \/>\n5.Kiwi passionsfrukt \/Jordgubb k\u00f6rsb\u00e4r \/Love 66<br \/>\n6.Dubbelt \u00e4pple is \/Tropisk frukt \/Jordgubb vattenmelon tuggummi<br \/>\n7.Druva is \/Jordgubb kiwi \/Vattenmelon red bull<br \/>\n8.Jordgubb vattenmelon \/Bl\u00e5b\u00e4r hallon \/Citron lime<br \/>\n9.Banan ananas \/Red bull is \/Jordgubb mango<br \/>\n10.Gummibj\u00f6rn \/Jordgubb Vanilj Coke \/Bl\u00e5b\u00e4r sockertopp<\/p>\n<div class=\"flex-shrink-0 flex flex-col relative items-end\">\n<div class=\"pt-0\">\n<div class=\"gizmo-bot-avatar flex h-8 w-8 items-center justify-center overflow-hidden rounded-full\">\n<div class=\"relative p-1 rounded-sm flex items-center justify-center bg-token-main-surface-primary text-token-text-primary h-8 w-8\">\n<h2 data-start=\"1200\" data-end=\"1487\">Vapes Tornado \u2013 Din grossist online vapebutik f\u00f6r de b\u00e4sta vape-varum\u00e4rkena<\/h2>\n<p data-start=\"1200\" data-end=\"1487\"><strong data-start=\"141\" data-end=\"177\">Vapes Tornado Online R\u00f6kbutik<\/strong> \u00e4r din p\u00e5litliga k\u00e4lla f\u00f6r <strong data-start=\"205\" data-end=\"270\">premium eng\u00e5ngsvapes och grossist e-cigaretter i Europa<\/strong>. Vi har topplagervarum\u00e4rken som <strong data-start=\"307\" data-end=\"362\"><a href=\"https:\/\/vapestornado.com\/sv\/product\/elf-bar-raya-d3-25000-puffs-best-disposable-vape-wholesale-in-uk\/\">ELF BAR VAPE<\/a>, <a href=\"https:\/\/vapestornado.com\/sv\/product\/randm-tornado-15000-disposable-vape-wholesale-price\/\">Fumot VAPE<\/a>, <a href=\"https:\/\/vapestornado.com\/sv\/product\/original-vozol-star-40000-puff-40k-best-disposable-vape-2025-wholesale-cheap-price\/\">VOZOL VAPE<\/a>, Bang Vape<\/strong>, och fler, vilket s\u00e4kerst\u00e4ller kvalitet och variation f\u00f6r varje kund. Oavsett om du \u00e4r en individuell vapare eller en grossistk\u00f6pare, levererar vi <strong data-start=\"481\" data-end=\"550\">h\u00f6gpresterande enheter, stilrena designer och konkurrenskraftiga priser<\/strong> f\u00f6r att m\u00f6ta dina behov.<\/p>\n<h2 data-start=\"2064\" data-end=\"2115\">Vanliga fr\u00e5gor om Vopk Triple 60K eng\u00e5ngsvape<\/h2>\n<p data-start=\"1587\" data-end=\"1707\"><strong data-start=\"1587\" data-end=\"1642\">1. Hur m\u00e5nga bloss ger Vopk Triple 60K?<\/strong><br data-start=\"1642\" data-end=\"1645\" \/>Den ger upp till <strong data-start=\"1663\" data-end=\"1679\">60 000 puffar<\/strong>, perfekt f\u00f6r l\u00e5ngvarig anv\u00e4ndning.<\/p>\n<p data-start=\"1709\" data-end=\"1840\"><strong data-start=\"1709\" data-end=\"1754\">2. \u00c4r Vopk Triple 60000 uppladdningsbar?<\/strong><br data-start=\"1754\" data-end=\"1757\" \/>Ja, den har ett <strong data-start=\"1776\" data-end=\"1807\">650mAh uppladdningsbart batteri<\/strong> med <strong data-start=\"1813\" data-end=\"1837\">Typ-C snabbladdning<\/strong>.<\/p>\n<p data-start=\"1842\" data-end=\"2021\"><strong data-start=\"1842\" data-end=\"1901\">3. Vad g\u00f6r Vopk Triple 60K till den b\u00e4sta vape att k\u00f6pa?<\/strong><br data-start=\"1901\" data-end=\"1904\" \/>Dess <strong data-start=\"1908\" data-end=\"1977\">3-i-1 smakssystem, enormt puffantal och uppladdningsbar design<\/strong> g\u00f6r den unik p\u00e5 den europeiska marknaden.<\/p>\n<p data-start=\"2023\" data-end=\"2142\"><strong data-start=\"2023\" data-end=\"2068\">4. Vilka nikotinstyrkor finns tillg\u00e4ngliga?<\/strong><br data-start=\"2068\" data-end=\"2071\" \/>Du kan v\u00e4lja mellan <strong data-start=\"2094\" data-end=\"2114\">2% eller 5% nikotin<\/strong> f\u00f6r att matcha dina preferenser.<\/p>\n<p data-start=\"2144\" data-end=\"2282\"><strong data-start=\"2144\" data-end=\"2193\">5. Har Vopk Triple 60000 en display?<\/strong><br data-start=\"2193\" data-end=\"2196\" \/>Ja, <strong data-start=\"2205\" data-end=\"2226\">smarta LED-displayen<\/strong> sp\u00e5rar b\u00e5de batteri- och e-liquidniv\u00e5er i realtid.<\/p>\n<\/div>\n<\/div>\n<\/div>\n<\/div>","protected":false},"excerpt":{"rendered":"<p data-start=\"2563\" data-end=\"2634\">Vopk Triple 60K 60000 Puffar Eng\u00e5ngs Vape \u2013 B\u00e4sta Vape att K\u00f6pa i Europa<\/p>\n<p data-start=\"2638\" data-end=\"2711\">Vopk Triple 60000 Puffar Uppladdningsbar Eng\u00e5ngs Vape med 3-i-1 Smak<\/p>\n<p data-start=\"2715\" data-end=\"2788\">B\u00e4sta Vape att K\u00f6pa \u2013 Vopk Triple 60K 60000 Puffar med LED-sk\u00e4rm &amp; Type-C<\/p>\n<p><strong>L\u00e4gg till Amys whatsapp f\u00f6r att f\u00e5 r\u00e4tt svar och rabatterat pris!<\/strong><\/p>\n<p><img fetchpriority=\"high\" decoding=\"async\" class=\"size-full wp-image-2932\" src=\"https:\/\/vapestornado.com\/wp-content\/uploads\/2024\/12\/Vape-Wholesale.jpg\" alt=\"Vape Partihandel\" width=\"229\" height=\"300\" \/><\/p>\n<h3><a href=\"https:\/\/wa.me\/8617776015835\"><span style=\"color: #ff0000;\"><strong>WhatsApp: +86 17776015835<\/strong><\/span><\/a><\/h3>","protected":false},"featured_media":4385,"comment_status":"open","ping_status":"closed","template":"","meta":{"_acf_changed":false,"_uag_custom_page_level_css":"","_lmt_disableupdate":"no","_lmt_disable":"","_monsterinsights_skip_tracking":false,"_monsterinsights_sitenote_active":false,"_monsterinsights_sitenote_note":"","_monsterinsights_sitenote_category":0,"site-sidebar-layout":"default","site-content-layout":"","ast-site-content-layout":"default","site-content-style":"default","site-sidebar-style":"default","ast-global-header-display":"","ast-banner-title-visibility":"","ast-main-header-display":"","ast-hfb-above-header-display":"","ast-hfb-below-header-display":"","ast-hfb-mobile-header-display":"","site-post-title":"","ast-breadcrumbs-content":"","ast-featured-img":"","footer-sml-layout":"","ast-disable-related-posts":"","theme-transparent-header-meta":"default","adv-header-id-meta":"","stick-header-meta":"","header-above-stick-meta":"","header-main-stick-meta":"","header-below-stick-meta":"","astra-migrate-meta-layouts":"set","ast-page-background-enabled":"default","ast-page-background-meta":{"desktop":{"background-color":"","background-image":"","background-repeat":"repeat","background-position":"center center","background-size":"auto","background-attachment":"scroll","background-type":"","background-media":"","overlay-type":"","overlay-color":"","overlay-opacity":"","overlay-gradient":""},"tablet":{"background-color":"","background-image":"","background-repeat":"repeat","background-position":"center center","background-size":"auto","background-attachment":"scroll","background-type":"","background-media":"","overlay-type":"","overlay-color":"","overlay-opacity":"","overlay-gradient":""},"mobile":{"background-color":"","background-image":"","background-repeat":"repeat","background-position":"center center","background-size":"auto","background-attachment":"scroll","background-type":"","background-media":"","overlay-type":"","overlay-color":"","overlay-opacity":"","overlay-gradient":""}},"ast-content-background-meta":{"desktop":{"background-color":"var(--ast-global-color-5)","background-image":"","background-repeat":"repeat","background-position":"center center","background-size":"auto","background-attachment":"scroll","background-type":"","background-media":"","overlay-type":"","overlay-color":"","overlay-opacity":"","overlay-gradient":""},"tablet":{"background-color":"var(--ast-global-color-5)","background-image":"","background-repeat":"repeat","background-position":"center center","background-size":"auto","background-attachment":"scroll","background-type":"","background-media":"","overlay-type":"","overlay-color":"","overlay-opacity":"","overlay-gradient":""},"mobile":{"background-color":"var(--ast-global-color-5)","background-image":"","background-repeat":"repeat","background-position":"center center","background-size":"auto","background-attachment":"scroll","background-type":"","background-media":"","overlay-type":"","overlay-color":"","overlay-opacity":"","overlay-gradient":""}},"_joinchat":[]},"product_brand":[],"product_cat":[343,149,153,156,157,159,142,146,290],"product_tag":[384,380,368,381,383,382],"class_list":{"0":"post-4387","1":"product","2":"type-product","3":"status-publish","4":"has-post-thumbnail","6":"product_cat-60000-puff","7":"product_cat-buy-disposable-vapes-in-austria","8":"product_cat-buy-disposable-vapes-in-italy","9":"product_cat-buy-disposable-vapes-in-poland","10":"product_cat-buy-disposable-vapes-in-portugal","11":"product_cat-buy-disposable-vapes-in-sweden","12":"product_cat-digital-box-disposable-vapes","13":"product_cat-rechargeable-disposable-vapes","14":"product_cat-vopk-vape","15":"product_tag-3-in-1-disposable-vape","16":"product_tag-disposable-vapes-online","17":"product_tag-disposable-vapor","18":"product_tag-vapes-online-wholesale","19":"product_tag-vopk-60000-puff","20":"product_tag-vopk-triple-60k","21":"desktop-align-left","22":"tablet-align-left","23":"mobile-align-left","25":"first","26":"instock","27":"sale","28":"shipping-taxable","29":"purchasable","30":"product-type-simple"},"acf":[],"uagb_featured_image_src":{"full":["https:\/\/vapestornado.com\/wp-content\/uploads\/2025\/09\/VOPK-Tripe-60000-Puffs-Pen-Cartridge-Wholesale.webp",800,800,false],"thumbnail":["https:\/\/vapestornado.com\/wp-content\/uploads\/2025\/09\/VOPK-Tripe-60000-Puffs-Pen-Cartridge-Wholesale-150x150.webp",150,150,true],"medium":["https:\/\/vapestornado.com\/wp-content\/uploads\/2025\/09\/VOPK-Tripe-60000-Puffs-Pen-Cartridge-Wholesale-300x300.webp",300,300,true],"medium_large":["https:\/\/vapestornado.com\/wp-content\/uploads\/2025\/09\/VOPK-Tripe-60000-Puffs-Pen-Cartridge-Wholesale-768x768.webp",768,768,true],"large":["https:\/\/vapestornado.com\/wp-content\/uploads\/2025\/09\/VOPK-Tripe-60000-Puffs-Pen-Cartridge-Wholesale.webp",800,800,false],"1536x1536":["https:\/\/vapestornado.com\/wp-content\/uploads\/2025\/09\/VOPK-Tripe-60000-Puffs-Pen-Cartridge-Wholesale.webp",800,800,false],"2048x2048":["https:\/\/vapestornado.com\/wp-content\/uploads\/2025\/09\/VOPK-Tripe-60000-Puffs-Pen-Cartridge-Wholesale.webp",800,800,false],"trp-custom-language-flag":["https:\/\/vapestornado.com\/wp-content\/uploads\/2025\/09\/VOPK-Tripe-60000-Puffs-Pen-Cartridge-Wholesale-12x12.webp",12,12,true],"woocommerce_thumbnail":["https:\/\/vapestornado.com\/wp-content\/uploads\/2025\/09\/VOPK-Tripe-60000-Puffs-Pen-Cartridge-Wholesale-300x300.webp",300,300,true],"woocommerce_single":["https:\/\/vapestornado.com\/wp-content\/uploads\/2025\/09\/VOPK-Tripe-60000-Puffs-Pen-Cartridge-Wholesale-600x600.webp",600,600,true],"woocommerce_gallery_thumbnail":["https:\/\/vapestornado.com\/wp-content\/uploads\/2025\/09\/VOPK-Tripe-60000-Puffs-Pen-Cartridge-Wholesale-100x100.webp",100,100,true]},"uagb_author_info":{"display_name":"ESAMY","author_link":"https:\/\/vapestornado.com\/sv\/author\/"},"uagb_comment_info":1,"uagb_excerpt":"Vopk Triple 60K 60000 Puffs Disposable Vape \u2013 Best Vape to Buy Europe Vopk Triple 60000 Puffs Rechargeable Disposable Vape with 3-in-1 Flavor Best Vape to Buy \u2013 Vopk Triple 60K 60000 Puffs with LED Screen &amp; Type-C Add Amy's whatsapp to get right reply and discount price! WhatsApp: +86 17776015835","_links":{"self":[{"href":"https:\/\/vapestornado.com\/sv\/wp-json\/wp\/v2\/product\/4387","targetHints":{"allow":["GET"]}}],"collection":[{"href":"https:\/\/vapestornado.com\/sv\/wp-json\/wp\/v2\/product"}],"about":[{"href":"https:\/\/vapestornado.com\/sv\/wp-json\/wp\/v2\/types\/product"}],"replies":[{"embeddable":true,"href":"https:\/\/vapestornado.com\/sv\/wp-json\/wp\/v2\/comments?post=4387"}],"wp:featuredmedia":[{"embeddable":true,"href":"https:\/\/vapestornado.com\/sv\/wp-json\/wp\/v2\/media\/4385"}],"wp:attachment":[{"href":"https:\/\/vapestornado.com\/sv\/wp-json\/wp\/v2\/media?parent=4387"}],"wp:term":[{"taxonomy":"product_brand","embeddable":true,"href":"https:\/\/vapestornado.com\/sv\/wp-json\/wp\/v2\/product_brand?post=4387"},{"taxonomy":"product_cat","embeddable":true,"href":"https:\/\/vapestornado.com\/sv\/wp-json\/wp\/v2\/product_cat?post=4387"},{"taxonomy":"product_tag","embeddable":true,"href":"https:\/\/vapestornado.com\/sv\/wp-json\/wp\/v2\/product_tag?post=4387"}],"curies":[{"name":"wp","href":"https:\/\/api.w.org\/{rel}","templated":true}]}}