{"id":4379,"date":"2025-09-25T02:51:29","date_gmt":"2025-09-25T02:51:29","guid":{"rendered":"https:\/\/vapestornado.com\/?post_type=product&#038;p=4379"},"modified":"2025-09-25T03:40:09","modified_gmt":"2025-09-25T03:40:09","slug":"vopk-80000-puff-80k-4-in-1-four-flavors-disposable-vapes-online-wholesale","status":"publish","type":"product","link":"https:\/\/vapestornado.com\/sv\/product\/vopk-80000-puff-80k-4-in-1-four-flavors-disposable-vapes-online-wholesale\/","title":{"rendered":"VOPK 80000 Puff 80k 4 i 1 Fyra Smaker Eng\u00e5ngs Vape Online Grossist"},"content":{"rendered":"<h2 data-pm-slice=\"1 1 []\">VOPK 80000 Puff 80k 4 i 1 Fyra Smaker Eng\u00e5ngs Vape Online Grossist<\/h2>\n<p data-start=\"175\" data-end=\"532\">Den <strong data-start=\"179\" data-end=\"214\">VOPK 80000 Puff Eng\u00e5ngs Vape<\/strong> \u00e4r byggd f\u00f6r vejpare som vill ha <strong data-start=\"244\" data-end=\"293\">kraft, variation och bekv\u00e4mlighet i en enhet<\/strong>. Med <strong data-start=\"300\" data-end=\"328\">4-i-1 smakteknologi<\/strong>, anv\u00e4ndare kan v\u00e4xla omedelbart mellan fyra premiumsmaker utan att b\u00e4ra flera pods. Erbjuder upp till <strong data-start=\"433\" data-end=\"457\">80k puff per enhet<\/strong>, denna modell \u00e4r en <strong data-start=\"475\" data-end=\"515\">toppval inom vapes online grossist<\/strong> \u00f6ver hela Europa.<\/p>\n<p data-start=\"534\" data-end=\"1007\">Utrustad med en <strong data-start=\"550\" data-end=\"568\">0.9\u03a9 meshspole<\/strong>, <strong data-start=\"570\" data-end=\"608\">650mAh Typ-C uppladdningsbart batteri<\/strong>, och ett <strong data-start=\"616\" data-end=\"642\">digital display sk\u00e4rm<\/strong>, den <strong data-start=\"648\" data-end=\"660\">VOPK 80k<\/strong> s\u00e4kerst\u00e4ller rik smak, t\u00e4t \u00e5nga och full kontroll \u00f6ver olja och batteriniv\u00e5er. Med nikotinalternativ p\u00e5 <strong data-start=\"764\" data-end=\"782\">0%, 2%, och 5%<\/strong>, tillgodoser b\u00e5de tillf\u00e4lliga anv\u00e4ndare och erfarna vapare. Kompakt men kraftfull, det \u00e4r den perfekta <strong data-start=\"878\" data-end=\"905\">eng\u00e5ngs vape mod kit<\/strong> f\u00f6r <b>anv\u00e4ndarna<\/b>, levererar modern design och p\u00e5litlig prestanda.<\/p>\n<p><strong><span style=\"color: #ff0000;\">L\u00e4gg till Amys whatsapp f\u00f6r snabbt svar och vape-kupong!<\/span><\/strong><\/p>\n<p><img fetchpriority=\"high\" decoding=\"async\" class=\"size-full wp-image-2932\" src=\"https:\/\/vapestornado.com\/wp-content\/uploads\/2024\/12\/Vape-Wholesale.jpg\" alt=\"Vape Partihandel\" width=\"229\" height=\"300\" \/><\/p>\n<h3><a href=\"https:\/\/wa.me\/8617776015835\" target=\"_blank\" rel=\"noopener\"><span style=\"color: #ff0000;\"><strong>WhatsApp: +86 17776015835<\/strong><\/span><\/a><\/h3>\n<p>&nbsp;<\/p>\n<h2><strong>VOPK 80000 Puff Produktfunktioner<\/strong><\/h2>\n<h2 data-start=\"201\" data-end=\"249\"><\/h2>\n<ul data-start=\"251\" data-end=\"944\">\n<li data-start=\"251\" data-end=\"343\">\n<p data-start=\"253\" data-end=\"343\"><strong data-start=\"253\" data-end=\"277\">Massiva 80 000 bloss<\/strong> \u2013 byggd f\u00f6r l\u00e5ngvarig anv\u00e4ndning, idealisk f\u00f6r bulk- och grossistbehov.<\/p>\n<\/li>\n<li data-start=\"344\" data-end=\"438\">\n<p data-start=\"346\" data-end=\"438\"><strong data-start=\"346\" data-end=\"370\">4-i-1 smaksystem<\/strong> \u2013 njut av fyra smaker i en enda enhet, ingen poddv\u00e4xling beh\u00f6vs.<\/p>\n<\/li>\n<li data-start=\"439\" data-end=\"518\">\n<p data-start=\"441\" data-end=\"518\"><strong data-start=\"441\" data-end=\"459\">0,9\u03a9 mesh-spole<\/strong> \u2013 levererar j\u00e4mn \u00e5ngt\u00e4thet och f\u00f6rb\u00e4ttrad smak.<\/p>\n<\/li>\n<li data-start=\"519\" data-end=\"606\">\n<p data-start=\"521\" data-end=\"606\"><strong data-start=\"521\" data-end=\"552\">650mAh Uppladdningsbart Batteri<\/strong> \u2013 Type-C snabbladdning h\u00e5ller dig ig\u00e5ng n\u00e4r du \u00e4r p\u00e5 spr\u00e5ng.<\/p>\n<\/li>\n<li data-start=\"607\" data-end=\"693\">\n<p data-start=\"609\" data-end=\"693\"><strong data-start=\"609\" data-end=\"634\">Smart digital display<\/strong> \u2013 \u00f6vervaka batteritid och e-v\u00e4tskeniv\u00e5er i realtid.<\/p>\n<\/li>\n<li data-start=\"694\" data-end=\"776\">\n<p data-start=\"696\" data-end=\"776\"><strong data-start=\"696\" data-end=\"727\">Nikotinalternativ: 0%, 2%, 5%<\/strong> \u2013 flexibilitet f\u00f6r att matcha olika vape-behov.<\/p>\n<\/li>\n<li data-start=\"777\" data-end=\"862\">\n<p data-start=\"779\" data-end=\"862\"><strong data-start=\"779\" data-end=\"807\">Portabel och anv\u00e4ndarv\u00e4nlig<\/strong> \u2013 ergonomiskt stort munstycke och l\u00e4tt design.<\/p>\n<\/li>\n<li data-start=\"863\" data-end=\"944\">\n<p data-start=\"865\" data-end=\"944\"><strong data-start=\"865\" data-end=\"885\">10 smakkombo<\/strong> \u2013 ett brett utbud f\u00f6r att tillfredsst\u00e4lla olika smakpreferenser.<\/p>\n<\/li>\n<\/ul>\n<figure id=\"attachment_4374\" aria-describedby=\"caption-attachment-4374\" style=\"width: 300px\" class=\"wp-caption alignnone\"><img decoding=\"async\" class=\"size-medium wp-image-4374\" src=\"https:\/\/vapestornado.com\/wp-content\/uploads\/2025\/09\/VOPK-80000-Puffs-Nicotine-Free-Disposable-Vape-300x300.webp\" alt=\"VOPK 80000 bloss nikotinfri eng\u00e5ngsvape\" width=\"300\" height=\"300\" srcset=\"https:\/\/vapestornado.com\/wp-content\/uploads\/2025\/09\/VOPK-80000-Puffs-Nicotine-Free-Disposable-Vape-300x300.webp 300w, https:\/\/vapestornado.com\/wp-content\/uploads\/2025\/09\/VOPK-80000-Puffs-Nicotine-Free-Disposable-Vape-150x150.webp 150w, https:\/\/vapestornado.com\/wp-content\/uploads\/2025\/09\/VOPK-80000-Puffs-Nicotine-Free-Disposable-Vape-768x768.webp 768w, https:\/\/vapestornado.com\/wp-content\/uploads\/2025\/09\/VOPK-80000-Puffs-Nicotine-Free-Disposable-Vape-12x12.webp 12w, https:\/\/vapestornado.com\/wp-content\/uploads\/2025\/09\/VOPK-80000-Puffs-Nicotine-Free-Disposable-Vape-600x600.webp 600w, https:\/\/vapestornado.com\/wp-content\/uploads\/2025\/09\/VOPK-80000-Puffs-Nicotine-Free-Disposable-Vape-100x100.webp 100w, https:\/\/vapestornado.com\/wp-content\/uploads\/2025\/09\/VOPK-80000-Puffs-Nicotine-Free-Disposable-Vape.webp 800w\" sizes=\"(max-width: 300px) 100vw, 300px\" \/><figcaption id=\"caption-attachment-4374\" class=\"wp-caption-text\">VOPK 80000 bloss nikotinfri eng\u00e5ngsvape<\/figcaption><\/figure>\n<h2 class=\"product-title\"><strong>VOPK 80000 bloss 80k 4 i 1 smaker lista<\/strong><\/h2>\n<p data-start=\"2550\" data-end=\"2736\">1. vattenmelon is\/trippel melon is\/bl\u00e5 hallon is\/jordgubbsglass<br \/>\n2. bl\u00e5b\u00e4r hallon\/fuji is\/blandade b\u00e4r\/bl\u00e5b\u00e4r kokosgodis<br \/>\n3. jordgubb vattenmelon\/ tranb\u00e4r druva\/mango is\/jordgubb hallon godis<br \/>\n4. Red bull is\/passionfrukt kiwi lime\/sur \u00e4pple hallon jordgubb\/vattenmelon tuggummi<br \/>\n5. Bl\u00e5b\u00e4r is\/ Persika mango vattenmelon\/ Melon \u00e4pple\/ Kolsyrad k\u00f6rsb\u00e4r is<br \/>\n6. Jordgubbe mango\/ Jordgubbe kiwi\/ Vattenmelon drakfrukt\/ Gummibj\u00f6rn<br \/>\n7. Love 66\/ Hallon vattenmelon\/ Jordgubbe hallon k\u00f6rsb\u00e4r\/ K\u00f6rsb\u00e4rsgodis is<br \/>\n8. Jordgubbe banan\/ Ananas kokos is\/ Mango persika aprikos\/ Aloe mango melon<br \/>\n9. Regnb\u00e5gsgodis\/ Persika is\/ Citron sur apelsin\/ Tranb\u00e4r citron<br \/>\n10. Kiwi passionsfrukt guava\/ Jordgubbe k\u00f6rsb\u00e4r\/ Druva is\/ Jordgubbsgodis<\/p>\n<div class=\"flex-shrink-0 flex flex-col relative items-end\">\n<div class=\"pt-0\">\n<div class=\"gizmo-bot-avatar flex h-8 w-8 items-center justify-center overflow-hidden rounded-full\">\n<div class=\"relative p-1 rounded-sm flex items-center justify-center bg-token-main-surface-primary text-token-text-primary h-8 w-8\">\n<h2 data-start=\"1200\" data-end=\"1487\">Vapes Tornado \u2013 Din grossist online vapebutik f\u00f6r de b\u00e4sta vape-varum\u00e4rkena<\/h2>\n<p data-start=\"1200\" data-end=\"1487\"><strong data-start=\"141\" data-end=\"177\">Vapes Tornado Online R\u00f6kbutik<\/strong> \u00e4r din p\u00e5litliga k\u00e4lla f\u00f6r <strong data-start=\"205\" data-end=\"270\">premium eng\u00e5ngsvapes och grossist e-cigaretter i Europa<\/strong>. Vi har topplagervarum\u00e4rken som <strong data-start=\"307\" data-end=\"362\"><a href=\"https:\/\/vapestornado.com\/sv\/product\/elf-bar-raya-d3-25000-puffs-best-disposable-vape-wholesale-in-uk\/\">ELF BAR VAPE<\/a>, <a href=\"https:\/\/vapestornado.com\/sv\/product\/randm-tornado-15000-disposable-vape-wholesale-price\/\">Fumot VAPE<\/a>, <a href=\"https:\/\/vapestornado.com\/sv\/product\/original-vozol-star-40000-puff-40k-best-disposable-vape-2025-wholesale-cheap-price\/\">VOZOL VAPE<\/a>, Bang Vape<\/strong>, och fler, vilket s\u00e4kerst\u00e4ller kvalitet och variation f\u00f6r varje kund. Oavsett om du \u00e4r en individuell vapare eller en grossistk\u00f6pare, levererar vi <strong data-start=\"481\" data-end=\"550\">h\u00f6gpresterande enheter, stilrena designer och konkurrenskraftiga priser<\/strong> f\u00f6r att m\u00f6ta dina behov.<\/p>\n<h2 data-start=\"2064\" data-end=\"2115\">Vanliga fr\u00e5gor om VOPK 80000 Puff 80k 4 i 1 eng\u00e5ngsvape<\/h2>\n<p data-start=\"1035\" data-end=\"1198\"><strong data-start=\"1035\" data-end=\"1107\">F1: Hur m\u00e5nga puffar ger VOPK 80000 Puff eng\u00e5ngsvape?<\/strong><br data-start=\"1107\" data-end=\"1110\" \/>S1: Varje enhet levererar upp till <strong data-start=\"1141\" data-end=\"1157\">80 000 puffar<\/strong>, vilket g\u00f6r den idealisk f\u00f6r l\u00e5ngvarig anv\u00e4ndning.<\/p>\n<p data-start=\"1200\" data-end=\"1379\"><strong data-start=\"1200\" data-end=\"1281\">Q2: Vad g\u00f6r VOPK 80k unikt j\u00e4mf\u00f6rt med andra eng\u00e5ngsvapes online?<\/strong><br data-start=\"1281\" data-end=\"1284\" \/>A2: Den har en <strong data-start=\"1302\" data-end=\"1326\">4-i-1 smakssystem<\/strong>, vilket g\u00f6r att du kan njuta av fyra smaker i en enhet.<\/p>\n<p data-start=\"1381\" data-end=\"1530\"><strong data-start=\"1381\" data-end=\"1433\">Q3: St\u00f6der VOPK 80000 Puff uppladdning?<\/strong><br data-start=\"1433\" data-end=\"1436\" \/>A3: Ja, den levereras med en <strong data-start=\"1461\" data-end=\"1499\">650mAh Typ-C uppladdningsbart batteri<\/strong> f\u00f6r effektiv snabbladdning.<\/p>\n<p data-start=\"1532\" data-end=\"1693\"><strong data-start=\"1532\" data-end=\"1610\">Q4: Vilka nikotinstyrkor finns tillg\u00e4ngliga f\u00f6r VOPK 80k eng\u00e5ngsvape?<\/strong><br data-start=\"1610\" data-end=\"1613\" \/>A4: Alternativen inkluderar <strong data-start=\"1633\" data-end=\"1651\">0%, 2%, och 5%<\/strong>, vilket m\u00f6ter behoven hos olika vapers.<\/p>\n<p data-start=\"1695\" data-end=\"1910\"><strong data-start=\"1695\" data-end=\"1762\">Q5: Varf\u00f6r \u00e4r VOPK 80k popul\u00e4r p\u00e5 grossistmarknader i Sverige?<\/strong><br data-start=\"1762\" data-end=\"1765\" \/>A5: Dess <strong data-start=\"1773\" data-end=\"1840\">h\u00f6ga puffkapacitet, sk\u00e4rmvisning och flera smakval<\/strong> g\u00f6r den mycket attraktiv f\u00f6r grossistk\u00f6pare och unga konsumenter.<\/p>\n<\/div>\n<\/div>\n<\/div>\n<\/div>","protected":false},"excerpt":{"rendered":"<p data-start=\"2159\" data-end=\"2246\"><strong data-start=\"2159\" data-end=\"2244\">VOPK 80000 Puff Eng\u00e5ngs Vapes \u2013 4-i-1 Smak, 80k Puff, B\u00e4sta Grosspris<\/strong><\/p>\n<p data-start=\"2250\" data-end=\"2331\"><strong data-start=\"2250\" data-end=\"2329\">Gross VOPK 80k Eng\u00e5ngs Vape Mod Kit \u2013 Sk\u00e4rmvisning &amp; Uppladdningsbar<\/strong><\/p>\n<p data-start=\"2335\" data-end=\"2416\"><strong data-start=\"2335\" data-end=\"2414\">VOPK 80000 Puff 4-i-1 Eng\u00e5ngs Vape Kit\u2013 Premium Vapes Online f\u00f6r EU-marknaden<\/strong><\/p>\n<p><strong>L\u00e4gg till Amys whatsapp f\u00f6r att f\u00e5 r\u00e4tt svar och rabatterat pris!<\/strong><\/p>\n<p><img fetchpriority=\"high\" decoding=\"async\" class=\"size-full wp-image-2932\" src=\"https:\/\/vapestornado.com\/wp-content\/uploads\/2024\/12\/Vape-Wholesale.jpg\" alt=\"Vape Partihandel\" width=\"229\" height=\"300\" \/><\/p>\n<h3><a href=\"https:\/\/wa.me\/8617776015835\"><span style=\"color: #ff0000;\"><strong>WhatsApp: +86 17776015835<\/strong><\/span><\/a><\/h3>","protected":false},"featured_media":4373,"comment_status":"open","ping_status":"closed","template":"","meta":{"_acf_changed":false,"_uag_custom_page_level_css":"","_lmt_disableupdate":"no","_lmt_disable":"","_monsterinsights_skip_tracking":false,"_monsterinsights_sitenote_active":false,"_monsterinsights_sitenote_note":"","_monsterinsights_sitenote_category":0,"site-sidebar-layout":"default","site-content-layout":"","ast-site-content-layout":"default","site-content-style":"default","site-sidebar-style":"default","ast-global-header-display":"","ast-banner-title-visibility":"","ast-main-header-display":"","ast-hfb-above-header-display":"","ast-hfb-below-header-display":"","ast-hfb-mobile-header-display":"","site-post-title":"","ast-breadcrumbs-content":"","ast-featured-img":"","footer-sml-layout":"","ast-disable-related-posts":"","theme-transparent-header-meta":"default","adv-header-id-meta":"","stick-header-meta":"","header-above-stick-meta":"","header-main-stick-meta":"","header-below-stick-meta":"","astra-migrate-meta-layouts":"set","ast-page-background-enabled":"default","ast-page-background-meta":{"desktop":{"background-color":"","background-image":"","background-repeat":"repeat","background-position":"center center","background-size":"auto","background-attachment":"scroll","background-type":"","background-media":"","overlay-type":"","overlay-color":"","overlay-opacity":"","overlay-gradient":""},"tablet":{"background-color":"","background-image":"","background-repeat":"repeat","background-position":"center center","background-size":"auto","background-attachment":"scroll","background-type":"","background-media":"","overlay-type":"","overlay-color":"","overlay-opacity":"","overlay-gradient":""},"mobile":{"background-color":"","background-image":"","background-repeat":"repeat","background-position":"center center","background-size":"auto","background-attachment":"scroll","background-type":"","background-media":"","overlay-type":"","overlay-color":"","overlay-opacity":"","overlay-gradient":""}},"ast-content-background-meta":{"desktop":{"background-color":"var(--ast-global-color-5)","background-image":"","background-repeat":"repeat","background-position":"center center","background-size":"auto","background-attachment":"scroll","background-type":"","background-media":"","overlay-type":"","overlay-color":"","overlay-opacity":"","overlay-gradient":""},"tablet":{"background-color":"var(--ast-global-color-5)","background-image":"","background-repeat":"repeat","background-position":"center center","background-size":"auto","background-attachment":"scroll","background-type":"","background-media":"","overlay-type":"","overlay-color":"","overlay-opacity":"","overlay-gradient":""},"mobile":{"background-color":"var(--ast-global-color-5)","background-image":"","background-repeat":"repeat","background-position":"center center","background-size":"auto","background-attachment":"scroll","background-type":"","background-media":"","overlay-type":"","overlay-color":"","overlay-opacity":"","overlay-gradient":""}},"_joinchat":[]},"product_brand":[],"product_cat":[344,149,153,156,158,142,143,144,146,290],"product_tag":[378,380,368,381,377,379],"class_list":{"0":"post-4379","1":"product","2":"type-product","3":"status-publish","4":"has-post-thumbnail","6":"product_cat-80000-puff","7":"product_cat-buy-disposable-vapes-in-austria","8":"product_cat-buy-disposable-vapes-in-italy","9":"product_cat-buy-disposable-vapes-in-poland","10":"product_cat-buy-disposable-vapes-in-spain","11":"product_cat-digital-box-disposable-vapes","12":"product_cat-dual-mesh-disposable-vapes","13":"product_cat-low-nicotine-disposable-vapes","14":"product_cat-rechargeable-disposable-vapes","15":"product_cat-vopk-vape","16":"product_tag-4-in-1-vape","17":"product_tag-disposable-vapes-online","18":"product_tag-disposable-vapor","19":"product_tag-vapes-online-wholesale","20":"product_tag-vopk-80000-puff","21":"product_tag-vopk-80k","22":"desktop-align-left","23":"tablet-align-left","24":"mobile-align-left","26":"first","27":"instock","28":"sale","29":"shipping-taxable","30":"purchasable","31":"product-type-simple"},"acf":[],"uagb_featured_image_src":{"full":["https:\/\/vapestornado.com\/wp-content\/uploads\/2025\/09\/VOPK-80k-80000-Puffs-Disposable-Vape-Mod-Kits.webp",800,800,false],"thumbnail":["https:\/\/vapestornado.com\/wp-content\/uploads\/2025\/09\/VOPK-80k-80000-Puffs-Disposable-Vape-Mod-Kits-150x150.webp",150,150,true],"medium":["https:\/\/vapestornado.com\/wp-content\/uploads\/2025\/09\/VOPK-80k-80000-Puffs-Disposable-Vape-Mod-Kits-300x300.webp",300,300,true],"medium_large":["https:\/\/vapestornado.com\/wp-content\/uploads\/2025\/09\/VOPK-80k-80000-Puffs-Disposable-Vape-Mod-Kits-768x768.webp",768,768,true],"large":["https:\/\/vapestornado.com\/wp-content\/uploads\/2025\/09\/VOPK-80k-80000-Puffs-Disposable-Vape-Mod-Kits.webp",800,800,false],"1536x1536":["https:\/\/vapestornado.com\/wp-content\/uploads\/2025\/09\/VOPK-80k-80000-Puffs-Disposable-Vape-Mod-Kits.webp",800,800,false],"2048x2048":["https:\/\/vapestornado.com\/wp-content\/uploads\/2025\/09\/VOPK-80k-80000-Puffs-Disposable-Vape-Mod-Kits.webp",800,800,false],"trp-custom-language-flag":["https:\/\/vapestornado.com\/wp-content\/uploads\/2025\/09\/VOPK-80k-80000-Puffs-Disposable-Vape-Mod-Kits-12x12.webp",12,12,true],"woocommerce_thumbnail":["https:\/\/vapestornado.com\/wp-content\/uploads\/2025\/09\/VOPK-80k-80000-Puffs-Disposable-Vape-Mod-Kits-300x300.webp",300,300,true],"woocommerce_single":["https:\/\/vapestornado.com\/wp-content\/uploads\/2025\/09\/VOPK-80k-80000-Puffs-Disposable-Vape-Mod-Kits-600x600.webp",600,600,true],"woocommerce_gallery_thumbnail":["https:\/\/vapestornado.com\/wp-content\/uploads\/2025\/09\/VOPK-80k-80000-Puffs-Disposable-Vape-Mod-Kits-100x100.webp",100,100,true]},"uagb_author_info":{"display_name":"ESAMY","author_link":"https:\/\/vapestornado.com\/sv\/author\/"},"uagb_comment_info":1,"uagb_excerpt":"VOPK 80000 Puff Disposable Vapes \u2013 4-in-1 Flavor, 80k Puffs, Best Wholesale Price Wholesale VOPK 80k Disposable Vape Mod Kits \u2013 Screen Display &amp; Rechargeable VOPK 80000 Puff 4-in-1 Disposable Vape Kit\u2013 Premium Vapes Online for EU Market Add Amy's whatsapp to get right reply and discount price! WhatsApp: +86 17776015835","_links":{"self":[{"href":"https:\/\/vapestornado.com\/sv\/wp-json\/wp\/v2\/product\/4379","targetHints":{"allow":["GET"]}}],"collection":[{"href":"https:\/\/vapestornado.com\/sv\/wp-json\/wp\/v2\/product"}],"about":[{"href":"https:\/\/vapestornado.com\/sv\/wp-json\/wp\/v2\/types\/product"}],"replies":[{"embeddable":true,"href":"https:\/\/vapestornado.com\/sv\/wp-json\/wp\/v2\/comments?post=4379"}],"wp:featuredmedia":[{"embeddable":true,"href":"https:\/\/vapestornado.com\/sv\/wp-json\/wp\/v2\/media\/4373"}],"wp:attachment":[{"href":"https:\/\/vapestornado.com\/sv\/wp-json\/wp\/v2\/media?parent=4379"}],"wp:term":[{"taxonomy":"product_brand","embeddable":true,"href":"https:\/\/vapestornado.com\/sv\/wp-json\/wp\/v2\/product_brand?post=4379"},{"taxonomy":"product_cat","embeddable":true,"href":"https:\/\/vapestornado.com\/sv\/wp-json\/wp\/v2\/product_cat?post=4379"},{"taxonomy":"product_tag","embeddable":true,"href":"https:\/\/vapestornado.com\/sv\/wp-json\/wp\/v2\/product_tag?post=4379"}],"curies":[{"name":"wp","href":"https:\/\/api.w.org\/{rel}","templated":true}]}}