{"id":4369,"date":"2025-09-20T09:23:19","date_gmt":"2025-09-20T09:23:19","guid":{"rendered":"https:\/\/vapestornado.com\/?post_type=product&#038;p=4369"},"modified":"2025-09-23T08:18:09","modified_gmt":"2025-09-23T08:18:09","slug":"okso-70000-puff-3-in-1-flavor-adjustable-disposable-vape-pod","status":"publish","type":"product","link":"https:\/\/vapestornado.com\/sv\/product\/okso-70000-puff-3-in-1-flavor-adjustable-disposable-vape-pod\/","title":{"rendered":"OKSO 70000 Puff 3 i 1 Smakjusterbar Eng\u00e5ngsvape Pod"},"content":{"rendered":"<h2 data-pm-slice=\"1 1 []\">OKSO 70000 Puff 3 i 1 Smakjusterbar Eng\u00e5ngsvape Pod<\/h2>\n<p data-start=\"204\" data-end=\"627\">Den <strong data-start=\"208\" data-end=\"247\">OKSO 70000 Puff Eng\u00e5ngs Vape Pod<\/strong> \u00e4r byggd f\u00f6r vapers som vill ha maximal prestanda och variation i en slank enhet. Med en <strong data-start=\"338\" data-end=\"367\">imponerande 70k puffantal<\/strong>, en <strong data-start=\"371\" data-end=\"395\">3-i-1 smakssystem<\/strong>, och <strong data-start=\"401\" data-end=\"423\">justerbart luftfl\u00f6de<\/strong>, s\u00e4tter den en ny standard f\u00f6r l\u00e5ngvariga eng\u00e5ngsvapes. Varje pod rymmer <strong data-start=\"498\" data-end=\"526\">48mL e-v\u00e4tska (16mL \u00d7 3)<\/strong>, vilket ger dig tre dj\u00e4rva smakval i en enhet \u2014 v\u00e4xla fritt och njut av fr\u00e4sch smak n\u00e4r som helst.<\/p>\n<p data-start=\"629\" data-end=\"1100\">Den <strong data-start=\"633\" data-end=\"650\">OKSO 70 000 puffar<\/strong> kommer utrustad med <strong data-start=\"671\" data-end=\"702\">trippel mesh coil-teknologi<\/strong> f\u00f6r mjuk, t\u00e4t \u00e5nga och konsekvent smak fr\u00e5n b\u00f6rjan till slut. Dess <strong data-start=\"774\" data-end=\"812\">650mAh Typ-C uppladdningsbart batteri<\/strong> och <strong data-start=\"817\" data-end=\"839\">LED-sk\u00e4rm<\/strong> h\u00e5ller dig informerad om olja och batteriniv\u00e5er, vilket s\u00e4kerst\u00e4ller noll \u00f6verraskningar. Utformad med svenska vapers i \u00e5tanke, balanserar denna pod <strong data-start=\"959\" data-end=\"976\">stor kapacitet<\/strong>, <strong data-start=\"978\" data-end=\"1000\">smakflexibilitet<\/strong>, och <strong data-start=\"1006\" data-end=\"1023\">modern design<\/strong>, vilket g\u00f6r den till en av de <strong data-start=\"1046\" data-end=\"1097\">b\u00e4sta smakjusterbara eng\u00e5ngsvapes av 2025<\/strong>.<\/p>\n<p data-start=\"1102\" data-end=\"1247\">Oavsett f\u00f6r <strong data-start=\"1114\" data-end=\"1134\">grossistk\u00f6pare<\/strong> or <strong data-start=\"1138\" data-end=\"1158\">individuella anv\u00e4ndare<\/strong>, den <strong data-start=\"1164\" data-end=\"1183\">OKSO 70000 Puff<\/strong> \u00e4r ett toppval p\u00e5 marknaden f\u00f6r eng\u00e5ngsvapes.<\/p>\n<p><strong><span style=\"color: #ff0000;\">L\u00e4gg till Amys whatsapp f\u00f6r snabbt svar och vape-kupong!<\/span><\/strong><\/p>\n<p><img fetchpriority=\"high\" decoding=\"async\" class=\"size-full wp-image-2932\" src=\"https:\/\/vapestornado.com\/wp-content\/uploads\/2024\/12\/Vape-Wholesale.jpg\" alt=\"Vape Partihandel\" width=\"229\" height=\"300\" \/><\/p>\n<h3><a href=\"https:\/\/wa.me\/8617776015835\" target=\"_blank\" rel=\"noopener\"><span style=\"color: #ff0000;\"><strong>WhatsApp: +86 17776015835<\/strong><\/span><\/a><\/h3>\n<p>&nbsp;<\/p>\n<h2><strong>OKSO 70000 Puff Produktfunktioner<\/strong><\/h2>\n<p>Puff: 70000 puffar<br \/>\nK\u00e4rna: Mesh coil *3<br \/>\nE-v\u00e4tska: 48ml (16ml*3)<br \/>\nNikotin: 0%\/2%\/3%\/5%<br \/>\nBatteri: 650mah, Typ C uppladdningsbart<br \/>\nLED-sk\u00e4rm f\u00f6r olja och batteri<br \/>\nProduktvikt: 134,5g\/styck<br \/>\nProduktstorlek: 45*44*127mm<\/p>\n<figure id=\"attachment_4365\" aria-describedby=\"caption-attachment-4365\" style=\"width: 300px\" class=\"wp-caption alignnone\"><img decoding=\"async\" class=\"size-medium wp-image-4365\" src=\"https:\/\/vapestornado.com\/wp-content\/uploads\/2025\/09\/OKSO-3in1-70000-Puffs-Disposable-Vape-300x300.webp\" alt=\"OKSO 3-i-1 70000 Puff Eng\u00e5ngsvape\" width=\"300\" height=\"300\" srcset=\"https:\/\/vapestornado.com\/wp-content\/uploads\/2025\/09\/OKSO-3in1-70000-Puffs-Disposable-Vape-300x300.webp 300w, https:\/\/vapestornado.com\/wp-content\/uploads\/2025\/09\/OKSO-3in1-70000-Puffs-Disposable-Vape-150x150.webp 150w, https:\/\/vapestornado.com\/wp-content\/uploads\/2025\/09\/OKSO-3in1-70000-Puffs-Disposable-Vape-768x768.webp 768w, https:\/\/vapestornado.com\/wp-content\/uploads\/2025\/09\/OKSO-3in1-70000-Puffs-Disposable-Vape-12x12.webp 12w, https:\/\/vapestornado.com\/wp-content\/uploads\/2025\/09\/OKSO-3in1-70000-Puffs-Disposable-Vape-600x600.webp 600w, https:\/\/vapestornado.com\/wp-content\/uploads\/2025\/09\/OKSO-3in1-70000-Puffs-Disposable-Vape-100x100.webp 100w, https:\/\/vapestornado.com\/wp-content\/uploads\/2025\/09\/OKSO-3in1-70000-Puffs-Disposable-Vape.webp 800w\" sizes=\"(max-width: 300px) 100vw, 300px\" \/><figcaption id=\"caption-attachment-4365\" class=\"wp-caption-text\">OKSO 3-i-1 70000 Puff Eng\u00e5ngsvape<\/figcaption><\/figure>\n<h2 class=\"product-title\"><strong>OKSO 70000 Puff Smaklista<\/strong><\/h2>\n<p data-start=\"2550\" data-end=\"2736\">1.Bl\u00e5b\u00e4r Hallon\\Blandade B\u00e4r\\\u00c4pple Persika<br \/>\n2.Vattenmelon is\\Mr Blue\\Gr\u00f6n Druva Vattenmelon<br \/>\n3.Jordgubb is\\Jungle Juice\\Drak Melon<br \/>\n4.Druva is\\Svartvinb\u00e4rs is\\B\u00e4rmarmelad<br \/>\n5.K\u00f6rsb\u00e4r is\\Tv\u00e5 \u00c4pplen\\Jordgubb Hallon K\u00f6rsb\u00e4r is<br \/>\n6.Saftig Persika\\K\u00f6rsb\u00e4r Cola\\K\u00f6rsb\u00e4r S\u00f6tt Godis<br \/>\n7. Jordgubbar Kiwi\\Vattenmelon Bubbelgum\\Triple Mango is<br \/>\n8. Kiwi Passion Fruit Guava\\Cola is\\Passion Fruit Mango is<br \/>\n9. Ananas is\\Jordgubb Vattenmelon\\Jordgubb Druva<br \/>\n10. F\u00e4rsk Mint\\Citron Lime\\Vattenmelon Mojito<\/p>\n<div class=\"flex-shrink-0 flex flex-col relative items-end\">\n<div class=\"pt-0\">\n<div class=\"gizmo-bot-avatar flex h-8 w-8 items-center justify-center overflow-hidden rounded-full\">\n<div class=\"relative p-1 rounded-sm flex items-center justify-center bg-token-main-surface-primary text-token-text-primary h-8 w-8\">\n<h2 data-start=\"1200\" data-end=\"1487\">Vapes Tornado \u2013 Din grossist online vapebutik f\u00f6r Europas b\u00e4sta vapem\u00e4rken<\/h2>\n<p data-start=\"1200\" data-end=\"1487\"><strong data-start=\"213\" data-end=\"248\">Vapes Tornado Online R\u00f6kbutik<\/strong> Vapes Tornado \u2013 Din grossistknutpunkt f\u00f6r Europas b\u00e4sta vape-m\u00e4rken<strong data-start=\"403\" data-end=\"431\">\u00a0popul\u00e4ra vapem\u00e4rken<\/strong>, inklusive <strong data-start=\"443\" data-end=\"502\"><a href=\"https:\/\/vapestornado.com\/sv\/product-category\/elf-bar-vape\/\">ELF BAR VAPE<\/a>, Vapme VAPE, <a href=\"https:\/\/vapestornado.com\/sv\/product\/vozol-gear-power-20k-20000-puffs-vape-rechargeable-disposable-box-bulk-buy-cheap-price\/\">VOZOL VAPE<\/a><\/strong><strong data-start=\"443\" data-end=\"502\">, och <a href=\"https:\/\/vapestornado.com\/sv\/product-category\/bang-vape\/\">Bang Vape<\/a><\/strong>. V\u00e5r butik \u00e4r byggd f\u00f6r att tj\u00e4na b\u00e5de enskilda kunder och grossistk\u00f6pare och tillhandah\u00e5ller p\u00e5litliga produkter som kombinerar stark prestanda, snygg design och konkurrenskraftiga priser.<\/p>\n<h2 data-start=\"2064\" data-end=\"2115\">FAQ om OKSO 70000 Puff Eng\u00e5ngs Vape<\/h2>\n<p data-start=\"1275\" data-end=\"1451\"><strong data-start=\"1275\" data-end=\"1351\">Q1: Hur m\u00e5nga bloss ger OKSO 70000 Puff Eng\u00e5ngs Vape Pod?<\/strong><br data-start=\"1351\" data-end=\"1354\" \/>A1: Upp till <strong data-start=\"1364\" data-end=\"1380\">70 000 bloss<\/strong> tack vare dess stora 48 ml e-juicekapacitet och effektiva mesh-spolar.<\/p>\n<p data-start=\"1453\" data-end=\"1655\"><strong data-start=\"1453\" data-end=\"1528\">Q2: Vad g\u00f6r OKSO 70k Puff annorlunda \u00e4n andra eng\u00e5ngsvapes?<\/strong><br data-start=\"1528\" data-end=\"1531\" \/>A2: Den har en <strong data-start=\"1549\" data-end=\"1573\">3-i-1 smakssystem<\/strong> med justerbar luftfl\u00f6de, vilket l\u00e5ter dig njuta av tre premium-smaker i en enhet.<\/p>\n<p data-start=\"1657\" data-end=\"1813\"><strong data-start=\"1657\" data-end=\"1701\">Q3: \u00c4r OKSO 70000 Puff uppladdningsbar?<\/strong><br data-start=\"1701\" data-end=\"1704\" \/>A3: Ja, den har en <strong data-start=\"1722\" data-end=\"1760\">650mAh Typ-C uppladdningsbart batteri<\/strong> med en LED-sk\u00e4rm som visar olja och batteristatus.<\/p>\n<p data-start=\"1815\" data-end=\"1979\"><strong data-start=\"1815\" data-end=\"1893\">Q4: Vilka nikotinstyrkor finns tillg\u00e4ngliga f\u00f6r OKSO 70k Eng\u00e5ngsvape?<\/strong><br data-start=\"1893\" data-end=\"1896\" \/>A4: Alternativen inkluderar <strong data-start=\"1916\" data-end=\"1946\">0%, 2%, 3% och 5% nikotin<\/strong> f\u00f6r att passa olika preferenser.<\/p>\n<p data-start=\"1981\" data-end=\"2177\"><strong data-start=\"1981\" data-end=\"2047\">Q5: Vem \u00e4r OKSO 70k Puff Eng\u00e5ngsvape Pod designad f\u00f6r?<\/strong><br data-start=\"2047\" data-end=\"2050\" \/>A5: Den \u00e4r idealisk f\u00f6r <strong data-start=\"2069\" data-end=\"2119\">manliga konsumenter i \u00e5ldern 25\u201335 \u00e5r p\u00e5 den svenska marknaden<\/strong> som vill ha en l\u00e5ngvarig, smakrik vapingupplevelse.<\/p>\n<\/div>\n<\/div>\n<\/div>\n<\/div>","protected":false},"excerpt":{"rendered":"<p data-start=\"2514\" data-end=\"2583\"><strong data-start=\"2514\" data-end=\"2581\">OKSO 70K Puff 3-i-1 Eng\u00e5ngs Vape \u2013 Stora Puffar, St\u00f6rre Smak<\/strong><\/p>\n<p data-start=\"2587\" data-end=\"2663\"><strong data-start=\"2587\" data-end=\"2661\">Grossist OKSO 70000 Puff Vape Pod \u2013 Trippel Smak, Justerbar Luftfl\u00f6de<\/strong><\/p>\n<p data-start=\"2667\" data-end=\"2739\"><strong data-start=\"2667\" data-end=\"2737\">OKSO 70000 Eng\u00e5ngs Vape Pod \u2013 B\u00e4sta 70K Puff Vape 2025 EU-marknaden<\/strong><\/p>\n<p><strong>L\u00e4gg till Amys whatsapp f\u00f6r att f\u00e5 r\u00e4tt svar och rabatterat pris!<\/strong><\/p>\n<p><img fetchpriority=\"high\" decoding=\"async\" class=\"size-full wp-image-2932\" src=\"https:\/\/vapestornado.com\/wp-content\/uploads\/2024\/12\/Vape-Wholesale.jpg\" alt=\"Vape Partihandel\" width=\"229\" height=\"300\" \/><\/p>\n<h3><a href=\"https:\/\/wa.me\/8617776015835\"><span style=\"color: #ff0000;\"><strong>WhatsApp: +86 17776015835<\/strong><\/span><\/a><\/h3>","protected":false},"featured_media":4364,"comment_status":"open","ping_status":"closed","template":"","meta":{"_acf_changed":false,"_uag_custom_page_level_css":"","_lmt_disableupdate":"no","_lmt_disable":"","_monsterinsights_skip_tracking":false,"_monsterinsights_sitenote_active":false,"_monsterinsights_sitenote_note":"","_monsterinsights_sitenote_category":0,"site-sidebar-layout":"default","site-content-layout":"","ast-site-content-layout":"default","site-content-style":"default","site-sidebar-style":"default","ast-global-header-display":"","ast-banner-title-visibility":"","ast-main-header-display":"","ast-hfb-above-header-display":"","ast-hfb-below-header-display":"","ast-hfb-mobile-header-display":"","site-post-title":"","ast-breadcrumbs-content":"","ast-featured-img":"","footer-sml-layout":"","ast-disable-related-posts":"","theme-transparent-header-meta":"default","adv-header-id-meta":"","stick-header-meta":"","header-above-stick-meta":"","header-main-stick-meta":"","header-below-stick-meta":"","astra-migrate-meta-layouts":"set","ast-page-background-enabled":"default","ast-page-background-meta":{"desktop":{"background-color":"","background-image":"","background-repeat":"repeat","background-position":"center center","background-size":"auto","background-attachment":"scroll","background-type":"","background-media":"","overlay-type":"","overlay-color":"","overlay-opacity":"","overlay-gradient":""},"tablet":{"background-color":"","background-image":"","background-repeat":"repeat","background-position":"center center","background-size":"auto","background-attachment":"scroll","background-type":"","background-media":"","overlay-type":"","overlay-color":"","overlay-opacity":"","overlay-gradient":""},"mobile":{"background-color":"","background-image":"","background-repeat":"repeat","background-position":"center center","background-size":"auto","background-attachment":"scroll","background-type":"","background-media":"","overlay-type":"","overlay-color":"","overlay-opacity":"","overlay-gradient":""}},"ast-content-background-meta":{"desktop":{"background-color":"var(--ast-global-color-5)","background-image":"","background-repeat":"repeat","background-position":"center center","background-size":"auto","background-attachment":"scroll","background-type":"","background-media":"","overlay-type":"","overlay-color":"","overlay-opacity":"","overlay-gradient":""},"tablet":{"background-color":"var(--ast-global-color-5)","background-image":"","background-repeat":"repeat","background-position":"center center","background-size":"auto","background-attachment":"scroll","background-type":"","background-media":"","overlay-type":"","overlay-color":"","overlay-opacity":"","overlay-gradient":""},"mobile":{"background-color":"var(--ast-global-color-5)","background-image":"","background-repeat":"repeat","background-position":"center center","background-size":"auto","background-attachment":"scroll","background-type":"","background-media":"","overlay-type":"","overlay-color":"","overlay-opacity":"","overlay-gradient":""}},"_joinchat":[]},"product_brand":[],"product_cat":[149,153,156,158,142,143,144,146],"product_tag":[368,374,375,376],"class_list":{"0":"post-4369","1":"product","2":"type-product","3":"status-publish","4":"has-post-thumbnail","6":"product_cat-buy-disposable-vapes-in-austria","7":"product_cat-buy-disposable-vapes-in-italy","8":"product_cat-buy-disposable-vapes-in-poland","9":"product_cat-buy-disposable-vapes-in-spain","10":"product_cat-digital-box-disposable-vapes","11":"product_cat-dual-mesh-disposable-vapes","12":"product_cat-low-nicotine-disposable-vapes","13":"product_cat-rechargeable-disposable-vapes","14":"product_tag-disposable-vapor","15":"product_tag-okso-70000-puff","16":"product_tag-okso-70k-puff","17":"product_tag-okso-vape","18":"desktop-align-left","19":"tablet-align-left","20":"mobile-align-left","22":"first","23":"instock","24":"sale","25":"shipping-taxable","26":"purchasable","27":"product-type-simple"},"acf":[],"uagb_featured_image_src":{"full":["https:\/\/vapestornado.com\/wp-content\/uploads\/2025\/09\/OKSO-3-IN-1-70000-PUFF-Disposable-Vape-Wholesale-Price.webp",800,800,false],"thumbnail":["https:\/\/vapestornado.com\/wp-content\/uploads\/2025\/09\/OKSO-3-IN-1-70000-PUFF-Disposable-Vape-Wholesale-Price-150x150.webp",150,150,true],"medium":["https:\/\/vapestornado.com\/wp-content\/uploads\/2025\/09\/OKSO-3-IN-1-70000-PUFF-Disposable-Vape-Wholesale-Price-300x300.webp",300,300,true],"medium_large":["https:\/\/vapestornado.com\/wp-content\/uploads\/2025\/09\/OKSO-3-IN-1-70000-PUFF-Disposable-Vape-Wholesale-Price-768x768.webp",768,768,true],"large":["https:\/\/vapestornado.com\/wp-content\/uploads\/2025\/09\/OKSO-3-IN-1-70000-PUFF-Disposable-Vape-Wholesale-Price.webp",800,800,false],"1536x1536":["https:\/\/vapestornado.com\/wp-content\/uploads\/2025\/09\/OKSO-3-IN-1-70000-PUFF-Disposable-Vape-Wholesale-Price.webp",800,800,false],"2048x2048":["https:\/\/vapestornado.com\/wp-content\/uploads\/2025\/09\/OKSO-3-IN-1-70000-PUFF-Disposable-Vape-Wholesale-Price.webp",800,800,false],"trp-custom-language-flag":["https:\/\/vapestornado.com\/wp-content\/uploads\/2025\/09\/OKSO-3-IN-1-70000-PUFF-Disposable-Vape-Wholesale-Price-12x12.webp",12,12,true],"woocommerce_thumbnail":["https:\/\/vapestornado.com\/wp-content\/uploads\/2025\/09\/OKSO-3-IN-1-70000-PUFF-Disposable-Vape-Wholesale-Price-300x300.webp",300,300,true],"woocommerce_single":["https:\/\/vapestornado.com\/wp-content\/uploads\/2025\/09\/OKSO-3-IN-1-70000-PUFF-Disposable-Vape-Wholesale-Price-600x600.webp",600,600,true],"woocommerce_gallery_thumbnail":["https:\/\/vapestornado.com\/wp-content\/uploads\/2025\/09\/OKSO-3-IN-1-70000-PUFF-Disposable-Vape-Wholesale-Price-100x100.webp",100,100,true]},"uagb_author_info":{"display_name":"ESAMY","author_link":"https:\/\/vapestornado.com\/sv\/author\/"},"uagb_comment_info":1,"uagb_excerpt":"OKSO 70K Puff 3-in-1 Disposable Vape \u2013 Big Puffs, Bigger Flavor Wholesale OKSO 70000 Puff Vape Pod \u2013 Triple Flavor, Adjustable Airflow OKSO 70000 Disposable Vape Pod \u2013 Best 70K Puff Vape 2025 EU Market Add Amy's whatsapp to get right reply and discount price! WhatsApp: +86 17776015835","_links":{"self":[{"href":"https:\/\/vapestornado.com\/sv\/wp-json\/wp\/v2\/product\/4369","targetHints":{"allow":["GET"]}}],"collection":[{"href":"https:\/\/vapestornado.com\/sv\/wp-json\/wp\/v2\/product"}],"about":[{"href":"https:\/\/vapestornado.com\/sv\/wp-json\/wp\/v2\/types\/product"}],"replies":[{"embeddable":true,"href":"https:\/\/vapestornado.com\/sv\/wp-json\/wp\/v2\/comments?post=4369"}],"wp:featuredmedia":[{"embeddable":true,"href":"https:\/\/vapestornado.com\/sv\/wp-json\/wp\/v2\/media\/4364"}],"wp:attachment":[{"href":"https:\/\/vapestornado.com\/sv\/wp-json\/wp\/v2\/media?parent=4369"}],"wp:term":[{"taxonomy":"product_brand","embeddable":true,"href":"https:\/\/vapestornado.com\/sv\/wp-json\/wp\/v2\/product_brand?post=4369"},{"taxonomy":"product_cat","embeddable":true,"href":"https:\/\/vapestornado.com\/sv\/wp-json\/wp\/v2\/product_cat?post=4369"},{"taxonomy":"product_tag","embeddable":true,"href":"https:\/\/vapestornado.com\/sv\/wp-json\/wp\/v2\/product_tag?post=4369"}],"curies":[{"name":"wp","href":"https:\/\/api.w.org\/{rel}","templated":true}]}}