{"id":4355,"date":"2025-09-19T03:35:21","date_gmt":"2025-09-19T03:35:21","guid":{"rendered":"https:\/\/vapestornado.com\/?post_type=product&#038;p=4355"},"modified":"2025-09-19T06:51:26","modified_gmt":"2025-09-19T06:51:26","slug":"uzy-60000-puff-60k-disposable-vapor-3-in-1-triple-flavor-bulk-buy-online","status":"publish","type":"product","link":"https:\/\/vapestornado.com\/sv\/product\/uzy-60000-puff-60k-disposable-vapor-3-in-1-triple-flavor-bulk-buy-online\/","title":{"rendered":"UZY 60000 Puff 60k Eng\u00e5ngs Vapor 3 i 1 Trippel Smak K\u00f6p Online i Bulk"},"content":{"rendered":"<h2 data-pm-slice=\"1 1 []\">UZY 60000 Puff 3-i-1 Triple Smak Eng\u00e5ngsvape \u2013 Partihandel Online till B\u00e4sta Pris<\/h2>\n<p data-start=\"312\" data-end=\"738\">Den <strong data-start=\"316\" data-end=\"351\">UZY 60000 Puff eng\u00e5ngs vapor<\/strong> \u00e4r byggd f\u00f6r vapare som vill ha variation, kraft och tillf\u00f6rlitlighet i en enhet. Med en imponerande <strong data-start=\"447\" data-end=\"468\">60k puff kapacitet<\/strong> och ett unikt <strong data-start=\"482\" data-end=\"513\">3-i-1 triple smakssystem<\/strong>, varje pod-enhet levererar <strong data-start=\"536\" data-end=\"556\">54 ml e-v\u00e4tska<\/strong> delad i tre separata chamber, h\u00e5ller varje smak fr\u00e4sch och tydlig. UZY 60000 puff vape \u00e4r det perfekta valet f\u00f6r<strong data-start=\"662\" data-end=\"702\"> vapare <\/strong>som kr\u00e4ver prestanda och stil.<\/p>\n<p data-start=\"740\" data-end=\"1112\">Utrustad med <strong data-start=\"754\" data-end=\"785\">trippel mesh coil-teknologi<\/strong>, den UZY 60k s\u00e4kerst\u00e4ller j\u00e4mn \u00e5nga och rik smak i varje drag. Den <strong data-start=\"854\" data-end=\"875\">smarta LED-displayen<\/strong> h\u00e5ller dig uppdaterad om batteri- och e-v\u00e4tskeniv\u00e5er, s\u00e5 att du aldrig ov\u00e4ntat tar slut. Drivs av ett kraftfullt <strong data-start=\"984\" data-end=\"1041\">850mAh uppladdningsbart batteri med Type-C snabbladdning<\/strong>, driftstopp \u00e4r minimalt, vilket g\u00f6r detta till en p\u00e5litlig enhet f\u00f6r daglig anv\u00e4ndning.<\/p>\n<p data-start=\"1114\" data-end=\"1403\">Tillg\u00e4nglig i <strong data-start=\"1127\" data-end=\"1167\">0%, 2%, 3% och 5% nikotinstyrka<\/strong>, den tillgodoser varje preferens \u2013 fr\u00e5n l\u00e4tt, avslappnad vaping till ett starkare slag. Den <strong data-start=\"1248\" data-end=\"1282\">kristallinspirerade moderna designen<\/strong> k\u00e4nns inte bara exklusiv i handen utan ser ocks\u00e5 skarp ut, tilltalande f\u00f6r unga vuxna som v\u00e4rdes\u00e4tter b\u00e5de funktion och estetik.<\/p>\n<p data-start=\"1405\" data-end=\"1739\">F\u00f6r <strong data-start=\"1409\" data-end=\"1434\">grossistk\u00f6pare<\/strong>, UZY 60000 Puff utm\u00e4rker sig som en <strong data-start=\"1471\" data-end=\"1518\">b\u00e4sts\u00e4ljare i kategorin eng\u00e5ngsvape<\/strong>, som kombinerar <strong data-start=\"1530\" data-end=\"1612\">l\u00e5ngvarig prestanda, autentiska smaker och konkurrenskraftiga grossistpriser<\/strong> som s\u00e4krar starka vinstmarginaler. Om du vill <strong data-start=\"1664\" data-end=\"1694\">k\u00f6pa eng\u00e5ngsvape online<\/strong> f\u00f6r din butik, \u00e4r UZY 60k ett s\u00e4kert val.<\/p>\n<p><strong><span style=\"color: #ff0000;\">L\u00e4gg till Amys whatsapp f\u00f6r snabbt svar och vape-kupong!<\/span><\/strong><\/p>\n<p><img fetchpriority=\"high\" decoding=\"async\" class=\"size-full wp-image-2932\" src=\"https:\/\/vapestornado.com\/wp-content\/uploads\/2024\/12\/Vape-Wholesale.jpg\" alt=\"Vape Partihandel\" width=\"229\" height=\"300\" \/><\/p>\n<h3><a href=\"https:\/\/wa.me\/8617776015835\" target=\"_blank\" rel=\"noopener\"><span style=\"color: #ff0000;\"><strong>WhatsApp: +86 17776015835<\/strong><\/span><\/a><\/h3>\n<p>&nbsp;<\/p>\n<h2><strong>UZY 60000 Puff Produktfunktioner<\/strong><\/h2>\n<p>Puffar: 60000 Puffar<br \/>\n3 i 1 Triple Smaker<br \/>\nDubbel Mesh Coil<br \/>\nE-v\u00e4tska: 54ml(18ml+18ml+18ml)<br \/>\nNikotin: 0%\/2%\/3%\/5%<br \/>\nBatteri: 850mah<br \/>\nUppladdningsbar: Typ-C Laddningsport<br \/>\nLED-sk\u00e4rm (Smart Sk\u00e4rm) Visar Batteri- och E-v\u00e4tskeniv\u00e5<br \/>\nEffektjustering: Pro- och Max-versioner<br \/>\nProduktvikt: 120g\/styck<\/p>\n<figure id=\"attachment_4354\" aria-describedby=\"caption-attachment-4354\" style=\"width: 800px\" class=\"wp-caption alignnone\"><img decoding=\"async\" class=\"wp-image-4354 size-full\" src=\"https:\/\/vapestornado.com\/wp-content\/uploads\/2025\/09\/UZY-Triple-Flavor-60000-60K-Puffs-Disposable-Vape.webp\" alt=\"UZY Triple Flavor 60000 60K Puffar Eng\u00e5ngsvape\" width=\"800\" height=\"800\" srcset=\"https:\/\/vapestornado.com\/wp-content\/uploads\/2025\/09\/UZY-Triple-Flavor-60000-60K-Puffs-Disposable-Vape.webp 800w, https:\/\/vapestornado.com\/wp-content\/uploads\/2025\/09\/UZY-Triple-Flavor-60000-60K-Puffs-Disposable-Vape-300x300.webp 300w, https:\/\/vapestornado.com\/wp-content\/uploads\/2025\/09\/UZY-Triple-Flavor-60000-60K-Puffs-Disposable-Vape-150x150.webp 150w, https:\/\/vapestornado.com\/wp-content\/uploads\/2025\/09\/UZY-Triple-Flavor-60000-60K-Puffs-Disposable-Vape-768x768.webp 768w, https:\/\/vapestornado.com\/wp-content\/uploads\/2025\/09\/UZY-Triple-Flavor-60000-60K-Puffs-Disposable-Vape-12x12.webp 12w, https:\/\/vapestornado.com\/wp-content\/uploads\/2025\/09\/UZY-Triple-Flavor-60000-60K-Puffs-Disposable-Vape-600x600.webp 600w, https:\/\/vapestornado.com\/wp-content\/uploads\/2025\/09\/UZY-Triple-Flavor-60000-60K-Puffs-Disposable-Vape-100x100.webp 100w\" sizes=\"(max-width: 800px) 100vw, 800px\" \/><figcaption id=\"caption-attachment-4354\" class=\"wp-caption-text\">UZY Triple Flavor 60000 60K Puffar Eng\u00e5ngsvape<\/figcaption><\/figure>\n<h2 class=\"product-title\"><strong> UZY 60000 Puff Smaklista<\/strong><\/h2>\n<p>1. Bl\u00e5b\u00e4r Hallon \/ Jordgubb Kiwi \/ Citron Lime<br \/>\n2. Kiwi Passionfrukt Guava \/ Bl\u00e5b\u00e4r Is \/ Persika Mango<br \/>\n3. Jordgubb Vattenmelon \/ Cola Is \/ K\u00f6rsb\u00e4rscola<br \/>\n4. Persika Is \/ Jordgubb Hallon K\u00f6rsb\u00e4r Is \/ Tv\u00e5 \u00c4pple Is<br \/>\n5. Druvglassis \/ Love 666 (Passionsfrukt Melon) \/ Jordgubb Red Bull<br \/>\n6. Mr Blue \/ Gummy Bear \/ Red Bull Ice<br \/>\n7. Persika mango ananas \/ Blue Razz Ice \/ Hallon vattenmelon<br \/>\n8. Vattenmelon Ice \/ Triple melon Ice \/ Jordgubb banan<br \/>\n9. Sommarpersika Ice \/ Jordgubb ice \/ Blue Razz Ice<br \/>\n10. K\u00f6rsb\u00e4r Ice \/ Blandade b\u00e4r \/ Svart drake Ice<\/p>\n<div class=\"flex-shrink-0 flex flex-col relative items-end\">\n<div class=\"pt-0\">\n<div class=\"gizmo-bot-avatar flex h-8 w-8 items-center justify-center overflow-hidden rounded-full\">\n<div class=\"relative p-1 rounded-sm flex items-center justify-center bg-token-main-surface-primary text-token-text-primary h-8 w-8\">\n<h2 data-start=\"1200\" data-end=\"1487\">Vapes Tornado \u2013 Din grossist online vapebutik f\u00f6r Europas b\u00e4sta vapem\u00e4rken<\/h2>\n<p data-start=\"1200\" data-end=\"1487\"><strong data-start=\"213\" data-end=\"248\">Vapes Tornado Online R\u00f6kbutik<\/strong> Vapes Tornado \u2013 Din grossistknutpunkt f\u00f6r Europas b\u00e4sta vape-m\u00e4rken<strong data-start=\"403\" data-end=\"431\">\u00a0popul\u00e4ra vapem\u00e4rken<\/strong>, inklusive <strong data-start=\"443\" data-end=\"502\"><a href=\"https:\/\/vapestornado.com\/sv\/product\/waspe-aiviou-3-in-1-60000-puffs-disposable-vape-kit-best-price\/\">WASPE VAPE<\/a>, Vapme VAPE, <a href=\"https:\/\/vapestornado.com\/sv\/product\/vozol-gear-power-20k-20000-puffs-vape-rechargeable-disposable-box-bulk-buy-cheap-price\/\">VOZOL VAPE<\/a><\/strong><strong data-start=\"443\" data-end=\"502\">, och <a href=\"https:\/\/vapestornado.com\/sv\/product-category\/fumot-vape\/\">FUMOT VAPE<\/a><\/strong>. V\u00e5r butik \u00e4r byggd f\u00f6r att tj\u00e4na b\u00e5de enskilda kunder och grossistk\u00f6pare och tillhandah\u00e5ller p\u00e5litliga produkter som kombinerar stark prestanda, snygg design och konkurrenskraftiga priser.<\/p>\n<h2 data-start=\"2064\" data-end=\"2115\">FAQ om UZY 60000 Puff Eng\u00e5ngsvape<\/h2>\n<p data-start=\"152\" data-end=\"362\"><strong data-start=\"152\" data-end=\"223\">1. Hur m\u00e5nga smaker erbjuder UZY 60000 Puff Eng\u00e5ngsvape?<\/strong><br data-start=\"223\" data-end=\"226\" \/>Varje enhet inkluderar en <strong data-start=\"249\" data-end=\"280\">3-i-1 triple smakssystem<\/strong>, vilket ger dig tre distinkta e-v\u00e4tskekammare med en total kapacitet p\u00e5 <strong data-start=\"342\" data-end=\"359\">54ml<\/strong>.<\/p>\n<p data-start=\"364\" data-end=\"530\"><strong data-start=\"364\" data-end=\"404\">2. \u00c4r UZY 60k Puff uppladdningsbar?<\/strong><br data-start=\"404\" data-end=\"407\" \/>Ja. Den levereras med en <strong data-start=\"429\" data-end=\"447\">850mAh batteri<\/strong> och st\u00f6der <strong data-start=\"461\" data-end=\"485\">Typ-C snabbladdning<\/strong>, vilket s\u00e4kerst\u00e4ller l\u00e4ngre anv\u00e4ndning och minimal driftstopp.<\/p>\n<p data-start=\"532\" data-end=\"731\"><strong data-start=\"532\" data-end=\"599\">3. Vilka nikotinstyrkor finns tillg\u00e4ngliga f\u00f6r UZY 60000 Puff?<\/strong><br data-start=\"599\" data-end=\"602\" \/>UZY 60k Puff finns i <strong data-start=\"635\" data-end=\"675\">0%, 2%, 3% och 5% nikotinstyrkor<\/strong>, vilket g\u00f6r den l\u00e4mplig f\u00f6r olika vape-preferenser.<\/p>\n<p data-start=\"733\" data-end=\"913\"><strong data-start=\"733\" data-end=\"776\">4. Hur fungerar LED-smartdisplayen?<\/strong><br data-start=\"776\" data-end=\"779\" \/>Den inbyggda <strong data-start=\"792\" data-end=\"806\">LED-sk\u00e4rmen<\/strong> visar <strong data-start=\"813\" data-end=\"855\">batteriprocent och e-v\u00e4tskeniv\u00e5er<\/strong>, s\u00e5 att du alltid vet n\u00e4r du ska ladda eller byta smaker.<\/p>\n<p data-start=\"915\" data-end=\"1149\"><strong data-start=\"915\" data-end=\"989\">5. Varf\u00f6r \u00e4r UZY 60000 Puff popul\u00e4r f\u00f6r grossistk\u00f6p i Sverige?<\/strong><br data-start=\"989\" data-end=\"992\" \/>Dess <strong data-start=\"996\" data-end=\"1086\">h\u00f6g puffr\u00e4kning, trippelsystem f\u00f6r smaker, starkt batteri och konkurrenskraftigt grossistpris<\/strong> g\u00f6r den till ett topval f\u00f6r distribut\u00f6rer och \u00e5terf\u00f6rs\u00e4ljare.<\/p>\n<\/div>\n<\/div>\n<\/div>\n<\/div>","protected":false},"excerpt":{"rendered":"<p><strong data-start=\"114\" data-end=\"149\">UZY 60000 Puff eng\u00e5ngs vapor<\/strong> levererar <strong data-start=\"159\" data-end=\"184\">3-i-1 trippelsmaker<\/strong>, upp till <strong data-start=\"192\" data-end=\"205\">60k puffar<\/strong>, och ett <strong data-start=\"213\" data-end=\"234\">smarta LED-displayen<\/strong> med <strong data-start=\"240\" data-end=\"278\" data-is-only-node=\"\">850mAh Typ-C uppladdningsbart batteri<\/strong>. Idealisk f\u00f6r <strong data-start=\"290\" data-end=\"325\">bulk grossistk\u00f6pare i Europa<\/strong> de som s\u00f6ker l\u00e5ngvarig prestanda till <strong data-start=\"370\" data-end=\"384\">b\u00e4sta priset<\/strong>.<\/p>\n<p><strong>L\u00e4gg till Amys whatsapp f\u00f6r att f\u00e5 r\u00e4tt svar och rabatterat pris!<\/strong><\/p>\n<p><img fetchpriority=\"high\" decoding=\"async\" class=\"size-full wp-image-2932\" src=\"https:\/\/vapestornado.com\/wp-content\/uploads\/2024\/12\/Vape-Wholesale.jpg\" alt=\"Vape Partihandel\" width=\"229\" height=\"300\" \/><\/p>\n<h3><a href=\"https:\/\/wa.me\/8617776015835\"><span style=\"color: #ff0000;\"><strong>WhatsApp: +86 17776015835<\/strong><\/span><\/a><\/h3>","protected":false},"featured_media":4353,"comment_status":"open","ping_status":"closed","template":"","meta":{"_acf_changed":false,"_uag_custom_page_level_css":"","_lmt_disableupdate":"no","_lmt_disable":"","_monsterinsights_skip_tracking":false,"_monsterinsights_sitenote_active":false,"_monsterinsights_sitenote_note":"","_monsterinsights_sitenote_category":0,"site-sidebar-layout":"default","site-content-layout":"","ast-site-content-layout":"default","site-content-style":"default","site-sidebar-style":"default","ast-global-header-display":"","ast-banner-title-visibility":"","ast-main-header-display":"","ast-hfb-above-header-display":"","ast-hfb-below-header-display":"","ast-hfb-mobile-header-display":"","site-post-title":"","ast-breadcrumbs-content":"","ast-featured-img":"","footer-sml-layout":"","ast-disable-related-posts":"","theme-transparent-header-meta":"default","adv-header-id-meta":"","stick-header-meta":"","header-above-stick-meta":"","header-main-stick-meta":"","header-below-stick-meta":"","astra-migrate-meta-layouts":"set","ast-page-background-enabled":"default","ast-page-background-meta":{"desktop":{"background-color":"","background-image":"","background-repeat":"repeat","background-position":"center center","background-size":"auto","background-attachment":"scroll","background-type":"","background-media":"","overlay-type":"","overlay-color":"","overlay-opacity":"","overlay-gradient":""},"tablet":{"background-color":"","background-image":"","background-repeat":"repeat","background-position":"center center","background-size":"auto","background-attachment":"scroll","background-type":"","background-media":"","overlay-type":"","overlay-color":"","overlay-opacity":"","overlay-gradient":""},"mobile":{"background-color":"","background-image":"","background-repeat":"repeat","background-position":"center center","background-size":"auto","background-attachment":"scroll","background-type":"","background-media":"","overlay-type":"","overlay-color":"","overlay-opacity":"","overlay-gradient":""}},"ast-content-background-meta":{"desktop":{"background-color":"var(--ast-global-color-5)","background-image":"","background-repeat":"repeat","background-position":"center center","background-size":"auto","background-attachment":"scroll","background-type":"","background-media":"","overlay-type":"","overlay-color":"","overlay-opacity":"","overlay-gradient":""},"tablet":{"background-color":"var(--ast-global-color-5)","background-image":"","background-repeat":"repeat","background-position":"center center","background-size":"auto","background-attachment":"scroll","background-type":"","background-media":"","overlay-type":"","overlay-color":"","overlay-opacity":"","overlay-gradient":""},"mobile":{"background-color":"var(--ast-global-color-5)","background-image":"","background-repeat":"repeat","background-position":"center center","background-size":"auto","background-attachment":"scroll","background-type":"","background-media":"","overlay-type":"","overlay-color":"","overlay-opacity":"","overlay-gradient":""}},"_joinchat":{"telephone":"17776015835"}},"product_brand":[],"product_cat":[343,152,156,158,142,357,144,146,356],"product_tag":[369,370,368,366,367,364],"class_list":{"0":"post-4355","1":"product","2":"type-product","3":"status-publish","4":"has-post-thumbnail","6":"product_cat-60000-puff","7":"product_cat-buy-disposable-vapes-in-cermany","8":"product_cat-buy-disposable-vapes-in-poland","9":"product_cat-buy-disposable-vapes-in-spain","10":"product_cat-digital-box-disposable-vapes","11":"product_cat-flavor-adjustable-vape","12":"product_cat-low-nicotine-disposable-vapes","13":"product_cat-rechargeable-disposable-vapes","14":"product_cat-uzy-vape","15":"product_tag-buy-disposable-vape-online","16":"product_tag-disposable-vape-bulk-buy","17":"product_tag-disposable-vapor","18":"product_tag-uzy-60000-puff","19":"product_tag-uzy-60k-puff","20":"product_tag-wholesale-cheap-price","21":"desktop-align-left","22":"tablet-align-left","23":"mobile-align-left","25":"first","26":"instock","27":"sale","28":"shipping-taxable","29":"purchasable","30":"product-type-simple"},"acf":[],"uagb_featured_image_src":{"full":["https:\/\/vapestornado.com\/wp-content\/uploads\/2025\/09\/UZY-Triple-Flavor-60000-60K-Puffs-Disposable-Vape-BOx.webp",800,800,false],"thumbnail":["https:\/\/vapestornado.com\/wp-content\/uploads\/2025\/09\/UZY-Triple-Flavor-60000-60K-Puffs-Disposable-Vape-BOx-150x150.webp",150,150,true],"medium":["https:\/\/vapestornado.com\/wp-content\/uploads\/2025\/09\/UZY-Triple-Flavor-60000-60K-Puffs-Disposable-Vape-BOx-300x300.webp",300,300,true],"medium_large":["https:\/\/vapestornado.com\/wp-content\/uploads\/2025\/09\/UZY-Triple-Flavor-60000-60K-Puffs-Disposable-Vape-BOx-768x768.webp",768,768,true],"large":["https:\/\/vapestornado.com\/wp-content\/uploads\/2025\/09\/UZY-Triple-Flavor-60000-60K-Puffs-Disposable-Vape-BOx.webp",800,800,false],"1536x1536":["https:\/\/vapestornado.com\/wp-content\/uploads\/2025\/09\/UZY-Triple-Flavor-60000-60K-Puffs-Disposable-Vape-BOx.webp",800,800,false],"2048x2048":["https:\/\/vapestornado.com\/wp-content\/uploads\/2025\/09\/UZY-Triple-Flavor-60000-60K-Puffs-Disposable-Vape-BOx.webp",800,800,false],"trp-custom-language-flag":["https:\/\/vapestornado.com\/wp-content\/uploads\/2025\/09\/UZY-Triple-Flavor-60000-60K-Puffs-Disposable-Vape-BOx-12x12.webp",12,12,true],"woocommerce_thumbnail":["https:\/\/vapestornado.com\/wp-content\/uploads\/2025\/09\/UZY-Triple-Flavor-60000-60K-Puffs-Disposable-Vape-BOx-300x300.webp",300,300,true],"woocommerce_single":["https:\/\/vapestornado.com\/wp-content\/uploads\/2025\/09\/UZY-Triple-Flavor-60000-60K-Puffs-Disposable-Vape-BOx-600x600.webp",600,600,true],"woocommerce_gallery_thumbnail":["https:\/\/vapestornado.com\/wp-content\/uploads\/2025\/09\/UZY-Triple-Flavor-60000-60K-Puffs-Disposable-Vape-BOx-100x100.webp",100,100,true]},"uagb_author_info":{"display_name":"ESAMY","author_link":"https:\/\/vapestornado.com\/sv\/author\/"},"uagb_comment_info":1,"uagb_excerpt":"UZY 60000 Puff Disposable Vapor delivers 3-in-1 triple flavors, up to 60k puffs, and a smart LED display with 850mAh Type-C rechargeable battery. Ideal for bulk wholesale buyers in Europe looking for long-lasting performance at the best price. Add Amy's whatsapp to get right reply and discount price! WhatsApp: +86 17776015835","_links":{"self":[{"href":"https:\/\/vapestornado.com\/sv\/wp-json\/wp\/v2\/product\/4355","targetHints":{"allow":["GET"]}}],"collection":[{"href":"https:\/\/vapestornado.com\/sv\/wp-json\/wp\/v2\/product"}],"about":[{"href":"https:\/\/vapestornado.com\/sv\/wp-json\/wp\/v2\/types\/product"}],"replies":[{"embeddable":true,"href":"https:\/\/vapestornado.com\/sv\/wp-json\/wp\/v2\/comments?post=4355"}],"wp:featuredmedia":[{"embeddable":true,"href":"https:\/\/vapestornado.com\/sv\/wp-json\/wp\/v2\/media\/4353"}],"wp:attachment":[{"href":"https:\/\/vapestornado.com\/sv\/wp-json\/wp\/v2\/media?parent=4355"}],"wp:term":[{"taxonomy":"product_brand","embeddable":true,"href":"https:\/\/vapestornado.com\/sv\/wp-json\/wp\/v2\/product_brand?post=4355"},{"taxonomy":"product_cat","embeddable":true,"href":"https:\/\/vapestornado.com\/sv\/wp-json\/wp\/v2\/product_cat?post=4355"},{"taxonomy":"product_tag","embeddable":true,"href":"https:\/\/vapestornado.com\/sv\/wp-json\/wp\/v2\/product_tag?post=4355"}],"curies":[{"name":"wp","href":"https:\/\/api.w.org\/{rel}","templated":true}]}}