{"id":4348,"date":"2025-09-17T08:20:08","date_gmt":"2025-09-17T08:20:08","guid":{"rendered":"https:\/\/vapestornado.com\/?post_type=product&#038;p=4348"},"modified":"2025-09-17T08:44:49","modified_gmt":"2025-09-17T08:44:49","slug":"original-vozol-star-40000-puff-40k-best-disposable-vape-2025-wholesale-cheap-price","status":"publish","type":"product","link":"https:\/\/vapestornado.com\/sv\/product\/original-vozol-star-40000-puff-40k-best-disposable-vape-2025-wholesale-cheap-price\/","title":{"rendered":"Original Vozol Star 40000 Puff 40k B\u00e4sta Eng\u00e5ngs Vape 2025 Grossist Billigt Pris"},"content":{"rendered":"<h2 data-pm-slice=\"1 1 []\">Vozol Star 40000 Eng\u00e5ngs Vape \u2013 B\u00e4sta Grossistpris 2025<\/h2>\n<p data-start=\"292\" data-end=\"656\">Den <strong data-start=\"296\" data-end=\"349\">Vozol Star 40000 Puff (Vozol Star 40K Eng\u00e5ngs Vape)<\/strong> s\u00e4tter en ny standard inom l\u00e5ngvariga eng\u00e5ngsenheter. Levererar upp till <strong data-start=\"424\" data-end=\"440\">40 000 bloss<\/strong>, den \u00e4r byggd f\u00f6r anv\u00e4ndare som vill ha kraft, variation och v\u00e4rde i en kompakt design. Drivs av en <strong data-start=\"534\" data-end=\"592\">1000mAh uppladdningsbart batteri med Typ-C snabbladdning<\/strong>, Star 40K \u00e4r perfekt f\u00f6r veckor av konsekvent prestanda.<\/p>\n<p data-start=\"658\" data-end=\"996\">Konstruerad med <strong data-start=\"674\" data-end=\"693\">dubbla mesh-spolar<\/strong> och en <strong data-start=\"700\" data-end=\"739\">dubbell\u00e4gesystem (Eco<\/strong>, varje bloss \u00e4r mjukt, smakrikt och anpassningsbart efter din stil \u2013 oavsett om du f\u00f6redrar stramare MTL-drag eller luftiga DL-tr\u00e4ffar. Den <strong data-start=\"862\" data-end=\"884\">justerbart luftfl\u00f6de<\/strong> ger ytterligare kontroll och ger europeiska vejpare exakt vad de f\u00f6rv\u00e4ntar sig av <strong data-start=\"964\" data-end=\"993\">b\u00e4sta eng\u00e5ngsvapen 2025<\/strong>.<\/p>\n<p data-start=\"998\" data-end=\"1352\">Vozol Star 40K finns i <strong data-start=\"1026\" data-end=\"1048\">25 premiumsmaker<\/strong>, fr\u00e5n <strong data-start=\"1055\" data-end=\"1079\">iskalla mentolklassiker<\/strong> to <strong data-start=\"1083\" data-end=\"1099\">fruktblandningar<\/strong> som Strawberry Kiwi, Mango Peach och Blue Razz Ice. Kombinerat med en <strong data-start=\"1170\" data-end=\"1190\">l\u00e4ckages\u00e4ker konstruktion<\/strong> och <strong data-start=\"1195\" data-end=\"1219\">elegant kristallfinish<\/strong>, \u00e4r denna enhet inte bara h\u00e5llbar utan ocks\u00e5 snygg, vilket g\u00f6r den mycket attraktiv f\u00f6r grossistk\u00f6pare som riktar sig till unga vuxna marknader.<\/p>\n<p data-start=\"1354\" data-end=\"1631\">F\u00f6r distribut\u00f6rer erbjuder <strong data-start=\"1376\" data-end=\"1396\">Vozol Star 40000<\/strong> bloss starka \u00e5terf\u00f6rs\u00e4ljningsmarginaler, h\u00f6g konsumentefterfr\u00e5gan och trov\u00e4rdigheten hos ett ledande varum\u00e4rke i Europa. Detta g\u00f6r den till en m\u00e5ste-ha-enhet f\u00f6r alla vape-\u00e5terf\u00f6rs\u00e4ljare som s\u00f6ker efter <strong data-start=\"1569\" data-end=\"1600\">billiga grossistpriser<\/strong> utan att offra kvalitet.<\/p>\n<p><strong><span style=\"color: #ff0000;\">L\u00e4gg till Amys whatsapp f\u00f6r snabbt svar och vape-kupong!<\/span><\/strong><\/p>\n<p><img fetchpriority=\"high\" decoding=\"async\" class=\"size-full wp-image-2932\" src=\"https:\/\/vapestornado.com\/wp-content\/uploads\/2024\/12\/Vape-Wholesale.jpg\" alt=\"Vape Partihandel\" width=\"229\" height=\"300\" \/><\/p>\n<h3><a href=\"https:\/\/wa.me\/8617776015835\" target=\"_blank\" rel=\"noopener\"><span style=\"color: #ff0000;\"><strong>WhatsApp: +86 17776015835<\/strong><\/span><\/a><\/h3>\n<p>&nbsp;<\/p>\n<h2><strong>Vozol Star 40000 Puff Produktegenskaper<\/strong><\/h2>\n<ul data-start=\"1659\" data-end=\"2057\">\n<li data-start=\"1659\" data-end=\"1707\">\n<p data-start=\"1661\" data-end=\"1707\"><strong data-start=\"1661\" data-end=\"1677\">40 000 bloss<\/strong> per enhet f\u00f6r l\u00e4ngre anv\u00e4ndning<\/p>\n<\/li>\n<li data-start=\"1708\" data-end=\"1773\">\n<p data-start=\"1710\" data-end=\"1773\"><strong data-start=\"1710\" data-end=\"1730\">Dubbell\u00e4gesystem<\/strong> (Eco\/Power) f\u00f6r anpassningsbar prestanda<\/p>\n<\/li>\n<li data-start=\"1774\" data-end=\"1831\">\n<p data-start=\"1776\" data-end=\"1831\"><strong data-start=\"1776\" data-end=\"1795\">Dubbla mesh-coils<\/strong> f\u00f6r dj\u00e4rv smak och \u00e5ngt\u00e4thet<\/p>\n<\/li>\n<li data-start=\"1832\" data-end=\"1894\">\n<p data-start=\"1834\" data-end=\"1894\"><strong data-start=\"1834\" data-end=\"1866\">1000mAh uppladdningsbara batteri<\/strong> med Type-C snabbladdning<\/p>\n<\/li>\n<li data-start=\"1895\" data-end=\"1953\">\n<p data-start=\"1897\" data-end=\"1953\"><strong data-start=\"1897\" data-end=\"1918\">24 smakalternativ<\/strong> utformad f\u00f6r den europeiska marknaden<\/p>\n<\/li>\n<li data-start=\"1954\" data-end=\"2005\">\n<p data-start=\"1956\" data-end=\"2005\"><strong data-start=\"1956\" data-end=\"1978\">Justerbart luftfl\u00f6de<\/strong> f\u00f6r MTL<\/p>\n<\/li>\n<li data-start=\"2006\" data-end=\"2057\">\n<p data-start=\"2008\" data-end=\"2057\"><strong data-start=\"2008\" data-end=\"2029\">L\u00e4ckages\u00e4ker design<\/strong> med stilren kristallkropp<\/p>\n<\/li>\n<\/ul>\n<h2 class=\"product-title\"><strong>\u00a0Vozol Star 40000 Puff Smaklista<\/strong><\/h2>\n<p>1. Bl\u00e5 Razz Is<br \/>\n2. Bl\u00e5b\u00e4rs Is<br \/>\n3. Bl\u00e5b\u00e4r Mint<br \/>\n4. Bl\u00e5b\u00e4r Vattenmelon<br \/>\n5. Cherimoya Grapefrukt B\u00e4r<br \/>\n6. K\u00f6rsb\u00e4r Cola<br \/>\n7. Kall Mint<br \/>\n8. Druv-is<br \/>\n9. Mango Is<br \/>\n10. Mango Persika<br \/>\n11. Melon Tuggummi<br \/>\n12. Melon Is<br \/>\n13. Persika Is<br \/>\n14. Sur \u00c4pple Is<br \/>\n15. Jordgubbe Is<br \/>\n16. Jordgubbe Kiwi<br \/>\n17. Jordgubbe Vattenmelon<br \/>\n18. Jordgubbsmelon Persika<br \/>\n20. Vzbull<br \/>\n21. Vattenmelon Tuggummi<br \/>\n22. Watermelon Druva Boysenb\u00e4r<br \/>\n23. Watermelon Is<br \/>\n24. Watermelon Sur Peach<br \/>\n25. Vit Persika Hallon<\/p>\n<figure id=\"attachment_4346\" aria-describedby=\"caption-attachment-4346\" style=\"width: 300px\" class=\"wp-caption alignnone\"><img decoding=\"async\" class=\"size-medium wp-image-4346\" src=\"https:\/\/vapestornado.com\/wp-content\/uploads\/2025\/09\/VOZOL-STAR-40K-Puffs-Vozol-Vapes-300x177.webp\" alt=\"VOZOL STAR 40K Puffar Vozol Vapes B\u00e4sts\u00e4ljande Smak\" width=\"300\" height=\"177\" srcset=\"https:\/\/vapestornado.com\/wp-content\/uploads\/2025\/09\/VOZOL-STAR-40K-Puffs-Vozol-Vapes-300x177.webp 300w, https:\/\/vapestornado.com\/wp-content\/uploads\/2025\/09\/VOZOL-STAR-40K-Puffs-Vozol-Vapes-768x454.webp 768w, https:\/\/vapestornado.com\/wp-content\/uploads\/2025\/09\/VOZOL-STAR-40K-Puffs-Vozol-Vapes-18x12.webp 18w, https:\/\/vapestornado.com\/wp-content\/uploads\/2025\/09\/VOZOL-STAR-40K-Puffs-Vozol-Vapes-600x355.webp 600w, https:\/\/vapestornado.com\/wp-content\/uploads\/2025\/09\/VOZOL-STAR-40K-Puffs-Vozol-Vapes.webp 800w\" sizes=\"(max-width: 300px) 100vw, 300px\" \/><figcaption id=\"caption-attachment-4346\" class=\"wp-caption-text\">VOZOL STAR 40K Puffar Vozol Vapes B\u00e4sts\u00e4ljande Smak<\/figcaption><\/figure>\n<div class=\"flex-shrink-0 flex flex-col relative items-end\">\n<div class=\"pt-0\">\n<div class=\"gizmo-bot-avatar flex h-8 w-8 items-center justify-center overflow-hidden rounded-full\">\n<div class=\"relative p-1 rounded-sm flex items-center justify-center bg-token-main-surface-primary text-token-text-primary h-8 w-8\">\n<h2 data-start=\"1200\" data-end=\"1487\">Vapes Tornado \u2013 Din grossist online vapebutik f\u00f6r Europas b\u00e4sta vapem\u00e4rken<\/h2>\n<p data-start=\"1200\" data-end=\"1487\"><strong data-start=\"213\" data-end=\"248\">ger utm\u00e4rkt v\u00e4rde, vilket g\u00f6r det till ett p\u00e5litligt val f\u00f6r \u00e5terf\u00f6rs\u00e4ljare som riktar sig till \u00e5ldersgruppen 25\u201335 \u00e5r.<\/strong> Vapes Tornado \u2013 Din grossistknutpunkt f\u00f6r Europas b\u00e4sta vape-m\u00e4rken <strong data-start=\"403\" data-end=\"431\">mest popul\u00e4ra vape-m\u00e4rken<\/strong>, inklusive <strong data-start=\"443\" data-end=\"502\"><a href=\"https:\/\/vapestornado.com\/sv\/product\/buy-authentic-waspe-100000-puffs-low-nicotine-disposable-vape-pen-at-wholesale-price\/\">WASPE VAPE<\/a>, BANGBOX VAPE, <a href=\"https:\/\/vapestornado.com\/sv\/product\/vozol-gear-power-20k-20000-puffs-vape-rechargeable-disposable-box-bulk-buy-cheap-price\/\">VOZOL VAPE<\/a><\/strong><strong data-start=\"443\" data-end=\"502\">, och <a href=\"https:\/\/vapestornado.com\/sv\/product-category\/fumot-vape\/\">FUMOT VAPE<\/a><\/strong>. V\u00e5r butik \u00e4r byggd f\u00f6r att tj\u00e4na b\u00e5de enskilda kunder och grossistk\u00f6pare och tillhandah\u00e5ller p\u00e5litliga produkter som kombinerar stark prestanda, snygg design och konkurrenskraftiga priser.<\/p>\n<h2 data-start=\"2064\" data-end=\"2115\">Vanliga fr\u00e5gor om Vozol Star 40000 Puff Disposable Vape<\/h2>\n<p data-start=\"2117\" data-end=\"2283\"><strong data-start=\"2117\" data-end=\"2171\">1. Hur m\u00e5nga bloss ger Vozol Star 40K?<\/strong><br data-start=\"2171\" data-end=\"2174\" \/>Varje enhet erbjuder upp till <strong data-start=\"2199\" data-end=\"2215\">40 000 bloss<\/strong>, vilket g\u00f6r den till en av de mest l\u00e5ngvariga eng\u00e5ngsvapes i Europa.<\/p>\n<p data-start=\"2285\" data-end=\"2429\"><strong data-start=\"2285\" data-end=\"2327\">2. \u00c4r Vozol Star 40K uppladdningsbar?<\/strong><br data-start=\"2327\" data-end=\"2330\" \/>Ja, den har ett <strong data-start=\"2349\" data-end=\"2402\">1000mAh uppladdningsbart batteri med Type-C laddning<\/strong>, vilket s\u00e4kerst\u00e4ller l\u00e5ngvarig anv\u00e4ndning.<\/p>\n<p data-start=\"2431\" data-end=\"2632\"><strong data-start=\"2431\" data-end=\"2503\">3. Vad skiljer Vozol Star 40000 fr\u00e5n andra eng\u00e5ngsprodukter?<\/strong><br data-start=\"2503\" data-end=\"2506\" \/>Den kombinerar <strong data-start=\"2518\" data-end=\"2537\">dubbla mesh-spolar<\/strong>, <strong data-start=\"2539\" data-end=\"2560\">dubbla vejpl\u00e4gen<\/strong>, och <strong data-start=\"2566\" data-end=\"2588\">justerbart luftfl\u00f6de<\/strong>, vilket erbjuder flexibilitet och \u00f6verl\u00e4gsen smak.<\/p>\n<p data-start=\"2634\" data-end=\"2841\"><strong data-start=\"2634\" data-end=\"2668\">4. Vilka smaker finns tillg\u00e4ngliga?<\/strong><br data-start=\"2668\" data-end=\"2671\" \/>Det finns <strong data-start=\"2681\" data-end=\"2695\">24 smaker<\/strong> inklusive fruktiga blandningar som <strong data-start=\"2725\" data-end=\"2740\">Mango Persika<\/strong>, uppfriskande val som <strong data-start=\"2766\" data-end=\"2779\">Kall Mint<\/strong>, och unika blandningar som <strong data-start=\"2806\" data-end=\"2838\">Cherimoya Grapefrukt B\u00e4r<\/strong>.<\/p>\n<p data-start=\"2843\" data-end=\"3067\"><strong data-start=\"2843\" data-end=\"2905\">5. Varf\u00f6r \u00e4r Vozol Star 40K popul\u00e4r bland grossistk\u00f6pare?<\/strong><br data-start=\"2905\" data-end=\"2908\" \/>Den har <strong data-start=\"2915\" data-end=\"2980\">stark efterfr\u00e5gan, f\u00f6rstklassig byggkvalitet och ut\u00f6kat antal bloss<\/strong>, vilket g\u00f6r att grossister kan njuta av b\u00e4ttre vinstmarginaler till en <strong data-start=\"3039\" data-end=\"3064\">billigt grossistpris<\/strong>.<\/p>\n<\/div>\n<\/div>\n<\/div>\n<\/div>","protected":false},"excerpt":{"rendered":"<p><strong data-start=\"108\" data-end=\"144\">Vozol Star 40000 Eng\u00e5ngs Vape<\/strong> levererar upp till <strong data-start=\"160\" data-end=\"173\">40K bloss<\/strong> med <strong data-start=\"179\" data-end=\"198\">dubbla mesh-spolar<\/strong>, en <strong data-start=\"202\" data-end=\"241\">1000mAh Typ-C uppladdningsbart batteri<\/strong>, och <strong data-start=\"247\" data-end=\"266\" data-is-only-node=\"\">25 dj\u00e4rva smaker<\/strong>. Designad med ett dubbell\u00e4gesystem och justerbart luftfl\u00f6de, det \u00e4r den <strong data-start=\"334\" data-end=\"363\">b\u00e4sta eng\u00e5ngsvapen 2025<\/strong> f\u00f6r j\u00e4mn smak och l\u00e5ngvarig prestanda till ett <strong data-start=\"415\" data-end=\"440\">billigt grossistpris<\/strong>.<\/p>\n<p><strong>L\u00e4gg till Amys whatsapp f\u00f6r att f\u00e5 r\u00e4tt svar och rabatterat pris!<\/strong><\/p>\n<p><img fetchpriority=\"high\" decoding=\"async\" class=\"size-full wp-image-2932\" src=\"https:\/\/vapestornado.com\/wp-content\/uploads\/2024\/12\/Vape-Wholesale.jpg\" alt=\"Vape Partihandel\" width=\"229\" height=\"300\" \/><\/p>\n<h3><a href=\"https:\/\/wa.me\/8617776015835\"><span style=\"color: #ff0000;\"><strong>WhatsApp: +86 17776015835<\/strong><\/span><\/a><\/h3>","protected":false},"featured_media":4344,"comment_status":"open","ping_status":"closed","template":"","meta":{"_acf_changed":false,"_uag_custom_page_level_css":"","_lmt_disableupdate":"no","_lmt_disable":"","_monsterinsights_skip_tracking":false,"_monsterinsights_sitenote_active":false,"_monsterinsights_sitenote_note":"","_monsterinsights_sitenote_category":0,"site-sidebar-layout":"default","site-content-layout":"","ast-site-content-layout":"default","site-content-style":"default","site-sidebar-style":"default","ast-global-header-display":"","ast-banner-title-visibility":"","ast-main-header-display":"","ast-hfb-above-header-display":"","ast-hfb-below-header-display":"","ast-hfb-mobile-header-display":"","site-post-title":"","ast-breadcrumbs-content":"","ast-featured-img":"","footer-sml-layout":"","ast-disable-related-posts":"","theme-transparent-header-meta":"default","adv-header-id-meta":"","stick-header-meta":"","header-above-stick-meta":"","header-main-stick-meta":"","header-below-stick-meta":"","astra-migrate-meta-layouts":"set","ast-page-background-enabled":"default","ast-page-background-meta":{"desktop":{"background-color":"","background-image":"","background-repeat":"repeat","background-position":"center center","background-size":"auto","background-attachment":"scroll","background-type":"","background-media":"","overlay-type":"","overlay-color":"","overlay-opacity":"","overlay-gradient":""},"tablet":{"background-color":"","background-image":"","background-repeat":"repeat","background-position":"center center","background-size":"auto","background-attachment":"scroll","background-type":"","background-media":"","overlay-type":"","overlay-color":"","overlay-opacity":"","overlay-gradient":""},"mobile":{"background-color":"","background-image":"","background-repeat":"repeat","background-position":"center center","background-size":"auto","background-attachment":"scroll","background-type":"","background-media":"","overlay-type":"","overlay-color":"","overlay-opacity":"","overlay-gradient":""}},"ast-content-background-meta":{"desktop":{"background-color":"var(--ast-global-color-5)","background-image":"","background-repeat":"repeat","background-position":"center center","background-size":"auto","background-attachment":"scroll","background-type":"","background-media":"","overlay-type":"","overlay-color":"","overlay-opacity":"","overlay-gradient":""},"tablet":{"background-color":"var(--ast-global-color-5)","background-image":"","background-repeat":"repeat","background-position":"center center","background-size":"auto","background-attachment":"scroll","background-type":"","background-media":"","overlay-type":"","overlay-color":"","overlay-opacity":"","overlay-gradient":""},"mobile":{"background-color":"var(--ast-global-color-5)","background-image":"","background-repeat":"repeat","background-position":"center center","background-size":"auto","background-attachment":"scroll","background-type":"","background-media":"","overlay-type":"","overlay-color":"","overlay-opacity":"","overlay-gradient":""}},"_joinchat":{"telephone":"17776015835"}},"product_brand":[],"product_cat":[65,152,156,158,142,357,144,146,57],"product_tag":[363,365,361,362,220,364],"class_list":{"0":"post-4348","1":"product","2":"type-product","3":"status-publish","4":"has-post-thumbnail","6":"product_cat-40000-puff","7":"product_cat-buy-disposable-vapes-in-cermany","8":"product_cat-buy-disposable-vapes-in-poland","9":"product_cat-buy-disposable-vapes-in-spain","10":"product_cat-digital-box-disposable-vapes","11":"product_cat-flavor-adjustable-vape","12":"product_cat-low-nicotine-disposable-vapes","13":"product_cat-rechargeable-disposable-vapes","14":"product_cat-vozol-vape","15":"product_tag-best-disposable-vape-2025","16":"product_tag-original-vozol-vape","17":"product_tag-vozol-star-40000","18":"product_tag-vozol-star-40k-disposable-vape","19":"product_tag-vozol-vape","20":"product_tag-wholesale-cheap-price","21":"desktop-align-left","22":"tablet-align-left","23":"mobile-align-left","25":"first","26":"instock","27":"sale","28":"shipping-taxable","29":"purchasable","30":"product-type-simple"},"acf":[],"uagb_featured_image_src":{"full":["https:\/\/vapestornado.com\/wp-content\/uploads\/2025\/09\/VOZOL-STAR-40K-Puffs-Best-Vape-Brands.webp",800,800,false],"thumbnail":["https:\/\/vapestornado.com\/wp-content\/uploads\/2025\/09\/VOZOL-STAR-40K-Puffs-Best-Vape-Brands-150x150.webp",150,150,true],"medium":["https:\/\/vapestornado.com\/wp-content\/uploads\/2025\/09\/VOZOL-STAR-40K-Puffs-Best-Vape-Brands-300x300.webp",300,300,true],"medium_large":["https:\/\/vapestornado.com\/wp-content\/uploads\/2025\/09\/VOZOL-STAR-40K-Puffs-Best-Vape-Brands-768x768.webp",768,768,true],"large":["https:\/\/vapestornado.com\/wp-content\/uploads\/2025\/09\/VOZOL-STAR-40K-Puffs-Best-Vape-Brands.webp",800,800,false],"1536x1536":["https:\/\/vapestornado.com\/wp-content\/uploads\/2025\/09\/VOZOL-STAR-40K-Puffs-Best-Vape-Brands.webp",800,800,false],"2048x2048":["https:\/\/vapestornado.com\/wp-content\/uploads\/2025\/09\/VOZOL-STAR-40K-Puffs-Best-Vape-Brands.webp",800,800,false],"trp-custom-language-flag":["https:\/\/vapestornado.com\/wp-content\/uploads\/2025\/09\/VOZOL-STAR-40K-Puffs-Best-Vape-Brands-12x12.webp",12,12,true],"woocommerce_thumbnail":["https:\/\/vapestornado.com\/wp-content\/uploads\/2025\/09\/VOZOL-STAR-40K-Puffs-Best-Vape-Brands-300x300.webp",300,300,true],"woocommerce_single":["https:\/\/vapestornado.com\/wp-content\/uploads\/2025\/09\/VOZOL-STAR-40K-Puffs-Best-Vape-Brands-600x600.webp",600,600,true],"woocommerce_gallery_thumbnail":["https:\/\/vapestornado.com\/wp-content\/uploads\/2025\/09\/VOZOL-STAR-40K-Puffs-Best-Vape-Brands-100x100.webp",100,100,true]},"uagb_author_info":{"display_name":"ESAMY","author_link":"https:\/\/vapestornado.com\/sv\/author\/"},"uagb_comment_info":1,"uagb_excerpt":"Vozol Star 40000 Disposable Vape delivers up to 40K puffs with dual mesh coils, a 1000mAh Type-C rechargeable battery, and 25 bold flavors. Designed with a dual-mode system and adjustable airflow, it\u2019s the best disposable vape 2025 for smooth taste and long-lasting performance at a wholesale cheap price. Add Amy's whatsapp to get right reply&hellip;","_links":{"self":[{"href":"https:\/\/vapestornado.com\/sv\/wp-json\/wp\/v2\/product\/4348","targetHints":{"allow":["GET"]}}],"collection":[{"href":"https:\/\/vapestornado.com\/sv\/wp-json\/wp\/v2\/product"}],"about":[{"href":"https:\/\/vapestornado.com\/sv\/wp-json\/wp\/v2\/types\/product"}],"replies":[{"embeddable":true,"href":"https:\/\/vapestornado.com\/sv\/wp-json\/wp\/v2\/comments?post=4348"}],"wp:featuredmedia":[{"embeddable":true,"href":"https:\/\/vapestornado.com\/sv\/wp-json\/wp\/v2\/media\/4344"}],"wp:attachment":[{"href":"https:\/\/vapestornado.com\/sv\/wp-json\/wp\/v2\/media?parent=4348"}],"wp:term":[{"taxonomy":"product_brand","embeddable":true,"href":"https:\/\/vapestornado.com\/sv\/wp-json\/wp\/v2\/product_brand?post=4348"},{"taxonomy":"product_cat","embeddable":true,"href":"https:\/\/vapestornado.com\/sv\/wp-json\/wp\/v2\/product_cat?post=4348"},{"taxonomy":"product_tag","embeddable":true,"href":"https:\/\/vapestornado.com\/sv\/wp-json\/wp\/v2\/product_tag?post=4348"}],"curies":[{"name":"wp","href":"https:\/\/api.w.org\/{rel}","templated":true}]}}