{"id":4319,"date":"2025-08-29T08:39:13","date_gmt":"2025-08-29T08:39:13","guid":{"rendered":"https:\/\/vapestornado.com\/?post_type=product&#038;p=4319"},"modified":"2025-08-29T09:18:04","modified_gmt":"2025-08-29T09:18:04","slug":"buy-authentic-waspe-100000-puffs-low-nicotine-disposable-vape-pen-at-wholesale-price","status":"publish","type":"product","link":"https:\/\/vapestornado.com\/sv\/product\/buy-authentic-waspe-100000-puffs-low-nicotine-disposable-vape-pen-at-wholesale-price\/","title":{"rendered":"K\u00f6p \u00e4kta WASPE 100000 Puffar Eng\u00e5ngs Vape Pen med l\u00e5g nikotinhalt till grossistpris"},"content":{"rendered":"<h2 data-pm-slice=\"1 1 []\">K\u00f6p \u00e4kta WASPE 100000 Puffar Eng\u00e5ngs Vape Pen med l\u00e5g nikotinhalt till grossistpris<\/h2>\n<p data-start=\"375\" data-end=\"654\">Den <strong data-start=\"379\" data-end=\"421\">WASPE 100000 Puff Eng\u00e5ngs Vape Penna<\/strong> \u00e4r byggd f\u00f6r de som kr\u00e4ver stor prestanda i en kompakt design. Med en otrolig <strong data-start=\"508\" data-end=\"530\">100K puff kapacitet<\/strong> och en <strong data-start=\"537\" data-end=\"559\">56mL e-v\u00e4tske tank<\/strong>, levererar den o\u00f6vertr\u00e4ffat v\u00e4rde f\u00f6r b\u00e5de personligt bruk och grossistdistribution \u00f6ver hela Europa.<\/p>\n<p data-start=\"656\" data-end=\"909\">Konstruerad med <strong data-start=\"672\" data-end=\"698\">fyrdubbla mesh coils (1.0\u03a9)<\/strong>, varje drag \u00e4r mjukt, dj\u00e4rvt och konsekvent. Den <strong data-start=\"748\" data-end=\"782\">4-i-1 utbytbara smaksystemet<\/strong> h\u00e5ller din vaping fr\u00e4sch och sp\u00e4nnande, perfekt f\u00f6r yngre vejpare som vill ha variation utan att b\u00e4ra flera enheter.<\/p>\n<p data-start=\"911\" data-end=\"1248\">Den <strong data-start=\"915\" data-end=\"953\">650mAh uppladdningsbart Type-C batteri<\/strong> s\u00e4kerst\u00e4ller l\u00e5ngvariga sessioner, medan <strong data-start=\"995\" data-end=\"1010\">LED-display<\/strong> ger omedelbara uppdateringar om batteri- och v\u00e4tskeniv\u00e5er \u2013 vilket eliminerar gissningar och ger full kontroll. Tillg\u00e4nglig i <strong data-start=\"1118\" data-end=\"1149\">2% och 5% nikotinstyrkor<\/strong>, den <strong data-start=\"1155\" data-end=\"1189\">WASPE 100K Eng\u00e5ngs Vape Penna<\/strong> tr\u00e4ffar r\u00e4tt balans mellan kraft och bekv\u00e4mlighet.<\/p>\n<p><strong><span style=\"color: #ff0000;\">L\u00e4gg till Amys whatsapp f\u00f6r snabbt svar och vape-kupong!<\/span><\/strong><\/p>\n<p><img fetchpriority=\"high\" decoding=\"async\" class=\"size-full wp-image-2932\" src=\"https:\/\/vapestornado.com\/wp-content\/uploads\/2024\/12\/Vape-Wholesale.jpg\" alt=\"Vape Partihandel\" width=\"229\" height=\"300\" \/><\/p>\n<h3><a href=\"https:\/\/wa.me\/8617776015835\" target=\"_blank\" rel=\"noopener\"><span style=\"color: #ff0000;\"><strong>WhatsApp: +86 17776015835<\/strong><\/span><\/a><\/h3>\n<p>&nbsp;<\/p>\n<h2><strong>WASPE 100000 Puff Produktfunktioner<\/strong><\/h2>\n<p><strong data-start=\"1252\" data-end=\"1280\">100 000 Puffar per enhet<\/strong><br data-start=\"1280\" data-end=\"1283\" \/><strong data-start=\"1285\" data-end=\"1316\">4-i-1 smaksbrytarsystem<\/strong><br data-start=\"1316\" data-end=\"1319\" \/><strong data-start=\"1321\" data-end=\"1354\">Fyrdubbel mesh coil f\u00f6r rik \u00e5nga<\/strong><br data-start=\"1354\" data-end=\"1357\" \/><strong data-start=\"1359\" data-end=\"1403\">56 ml e-v\u00e4tskekapacitet | 2% \/ 5% nikotin<\/strong><br data-start=\"1403\" data-end=\"1406\" \/><strong data-start=\"1408\" data-end=\"1446\">650mAh Typ-C uppladdningsbart batteri<\/strong><br data-start=\"1446\" data-end=\"1449\" \/><strong data-start=\"1451\" data-end=\"1495\">LED-sk\u00e4rm f\u00f6r batteri<\/strong><\/p>\n<h2 class=\"product-title\"><strong>WASPE 100000 Puffar Smaklista<\/strong><\/h2>\n<p>1. Vattenmelon Is<br \/>\n2. Jordgubbsvattenmelon<br \/>\n3. Red Bull Is<br \/>\n4. Jordgubbs Hallon K\u00f6rsb\u00e4r<br \/>\n5. Jordgubbsbanan<br \/>\n6. Bl\u00e5b\u00e4r Is<br \/>\n7. K\u00f6rsb\u00e4rs Cola Is<br \/>\nVattenmelon Tuggummi<br \/>\n8. Saftig Persika Is<br \/>\n9. Druva Is<br \/>\n10. Blandade B\u00e4r<br \/>\n11. Jordgubbs Red bull<br \/>\nK\u00f6rsb\u00e4r Cola Is<br \/>\n12. Bl\u00e5b\u00e4r Hallon<\/p>\n<figure id=\"attachment_4314\" aria-describedby=\"caption-attachment-4314\" style=\"width: 300px\" class=\"wp-caption alignnone\"><img decoding=\"async\" class=\"size-medium wp-image-4314\" src=\"https:\/\/vapestornado.com\/wp-content\/uploads\/2025\/08\/WASPE-100000-Puff-100k-Online-Vape-Shop-300x300.webp\" alt=\"WASPE 100000 Puff 100k Online Vapebutik\" width=\"300\" height=\"300\" srcset=\"https:\/\/vapestornado.com\/wp-content\/uploads\/2025\/08\/WASPE-100000-Puff-100k-Online-Vape-Shop-300x300.webp 300w, https:\/\/vapestornado.com\/wp-content\/uploads\/2025\/08\/WASPE-100000-Puff-100k-Online-Vape-Shop-150x150.webp 150w, https:\/\/vapestornado.com\/wp-content\/uploads\/2025\/08\/WASPE-100000-Puff-100k-Online-Vape-Shop-768x768.webp 768w, https:\/\/vapestornado.com\/wp-content\/uploads\/2025\/08\/WASPE-100000-Puff-100k-Online-Vape-Shop-12x12.webp 12w, https:\/\/vapestornado.com\/wp-content\/uploads\/2025\/08\/WASPE-100000-Puff-100k-Online-Vape-Shop-600x600.webp 600w, https:\/\/vapestornado.com\/wp-content\/uploads\/2025\/08\/WASPE-100000-Puff-100k-Online-Vape-Shop-100x100.webp 100w, https:\/\/vapestornado.com\/wp-content\/uploads\/2025\/08\/WASPE-100000-Puff-100k-Online-Vape-Shop.webp 800w\" sizes=\"(max-width: 300px) 100vw, 300px\" \/><figcaption id=\"caption-attachment-4314\" class=\"wp-caption-text\">WASPE 100000 Puff 100k Online Vapebutik<\/figcaption><\/figure>\n<div class=\"flex-shrink-0 flex flex-col relative items-end\">\n<div class=\"pt-0\">\n<div class=\"gizmo-bot-avatar flex h-8 w-8 items-center justify-center overflow-hidden rounded-full\">\n<div class=\"relative p-1 rounded-sm flex items-center justify-center bg-token-main-surface-primary text-token-text-primary h-8 w-8\">\n<h2 data-start=\"435\" data-end=\"491\"><strong data-start=\"439\" data-end=\"489\">Varf\u00f6r v\u00e4lja WASPE 100K Eng\u00e5ngs Vape Penna?<\/strong><\/h2>\n<p data-start=\"492\" data-end=\"586\">Framh\u00e4v kapaciteten p\u00e5 100 000 puffar, den l\u00e5ngvariga designen och attraktionskraften p\u00e5 ungdomsmarknaden i Europa.<\/p>\n<h3 data-start=\"588\" data-end=\"639\"><strong data-start=\"592\" data-end=\"637\">4-i-1 Smaksystem f\u00f6r Variation Utan Avbrott<\/strong><\/h3>\n<p data-start=\"640\" data-end=\"708\">F\u00f6rklara de utbytbara smakerna som f\u00e5r en enhet att k\u00e4nnas som fyra.<\/p>\n<h3 data-start=\"710\" data-end=\"757\"><strong data-start=\"714\" data-end=\"755\">Stor kapacitet med premiumteknik<\/strong><\/h3>\n<p data-start=\"758\" data-end=\"835\">Betona 56 ml e-v\u00e4tska, fyrdubbla mesh-spolar (1,0 \u03a9) och konsekvent dj\u00e4rv smak.<\/p>\n<h3 data-start=\"837\" data-end=\"888\"><strong data-start=\"841\" data-end=\"886\">Smart kraft, designad f\u00f6r Europas marknad<\/strong><\/h3>\n<p data-start=\"889\" data-end=\"987\">Visa upp det 650 mAh Type-C uppladdningsbara batteriet och LED-displayen f\u00f6r batteri<\/p>\n<h3 data-start=\"989\" data-end=\"1035\"><strong data-start=\"993\" data-end=\"1033\">Perfekt balans av nikotinstyrkor<\/strong><\/h3>\n<p data-start=\"1036\" data-end=\"1112\">Erbjud detaljer om 2%- och 5%-nikotinalternativ f\u00f6r att matcha olika preferenser.<\/p>\n<h3 data-start=\"1114\" data-end=\"1171\"><strong data-start=\"1118\" data-end=\"1169\">WASPE 100000 Puffar \u2013 Byggd f\u00f6r grossistbehov<\/strong><\/h3>\n<p data-start=\"1172\" data-end=\"1260\">F\u00f6rst\u00e4rk det starka v\u00e4rdet, tillf\u00f6rlitligheten och attraktionskraften f\u00f6r distribut\u00f6rer p\u00e5 EU-marknaderna.<\/p>\n<\/div>\n<h3><\/h3>\n<div class=\"relative p-1 rounded-sm flex items-center justify-center bg-token-main-surface-primary text-token-text-primary h-8 w-8\">\n<h2>Vanliga fr\u00e5gor om WASPE 100000 Puffar Eng\u00e5ngs E-cigarett<\/h2>\n<\/div>\n<\/div>\n<\/div>\n<\/div>\n<div class=\"flex-shrink-0 flex flex-col relative items-end\">\n<div class=\"pt-0\">\n<div class=\"gizmo-bot-avatar flex h-8 w-8 items-center justify-center overflow-hidden rounded-full\">\n<div class=\"relative p-1 rounded-sm flex items-center justify-center bg-token-main-surface-primary text-token-text-primary h-8 w-8\">\n<div class=\"mb-2 flex gap-3 empty:hidden -ml-2\">\n<p data-start=\"308\" data-end=\"562\"><strong data-start=\"308\" data-end=\"364\">1. Hur l\u00e4nge r\u00e4cker en WASPE 100000 Puff-enhet?<\/strong><br data-start=\"364\" data-end=\"367\" \/>WASPE 100K erbjuder upp till <strong data-start=\"395\" data-end=\"412\">100 000 bloss<\/strong>, vilket vanligtvis varar i flera veckor beroende p\u00e5 anv\u00e4ndningsfrekvens. Grossistk\u00f6pare framh\u00e5ller ofta dess f\u00f6rl\u00e4ngda livsl\u00e4ngd som en viktig f\u00f6rs\u00e4ljningsargument.<\/p>\n<p data-start=\"564\" data-end=\"753\"><strong data-start=\"564\" data-end=\"614\">2. Kan jag ladda om WASPE 100000 Puff-vejpen?<\/strong><br data-start=\"614\" data-end=\"617\" \/>Ja. Den levereras med en <strong data-start=\"638\" data-end=\"676\">650mAh Typ-C uppladdningsbart batteri<\/strong>laddningsbar funktion<\/p>\n<p data-start=\"755\" data-end=\"1019\"><strong data-start=\"755\" data-end=\"830\">, vilket s\u00e4kerst\u00e4ller att du f\u00e5r full anv\u00e4ndning av 56 ml e-v\u00e4tska utan avbrott.<\/strong><br data-start=\"830\" data-end=\"833\" \/>3. Vad skiljer WASPE 100K fr\u00e5n andra eng\u00e5ngs-vape-pennor? <strong data-start=\"894\" data-end=\"964\">Till skillnad fr\u00e5n vanliga eng\u00e5ngsprodukter kombinerar WASPE 100000 Puffs<\/strong>4-i-1 utbytbara smaker, fyrdubbla mesh-coils och en smart LED-display<\/p>\n<p data-start=\"1021\" data-end=\"1198\"><strong data-start=\"1021\" data-end=\"1081\">, vilket g\u00f6r den b\u00e5de m\u00e5ngsidig och h\u00e5llbar f\u00f6r daglig anv\u00e4ndning.<\/strong><br data-start=\"1081\" data-end=\"1084\" \/>4. Finns WASPE 100K tillg\u00e4nglig i l\u00e5ga nikotinstyrkor? <strong data-start=\"1105\" data-end=\"1133\">2% och 5% nikotinniv\u00e5er<\/strong>Ja. Den erbjuds i<\/p>\n<p data-start=\"1200\" data-end=\"1487\"><strong data-start=\"1200\" data-end=\"1278\">0%, 2%, 3% och 5% nikotinstyrkor<\/strong><br data-start=\"1278\" data-end=\"1281\" \/>Dess kombination av <strong data-start=\"1300\" data-end=\"1386\">, vilket tillgodoser olika preferenser p\u00e5 den europeiska marknaden.<\/strong> 5. Varf\u00f6r \u00e4r WASPE 100000 Puffs popul\u00e4r bland grossistk\u00f6pare i EU?<\/p>\n<\/div>\n<h2 data-start=\"1200\" data-end=\"1487\">100K puff-kapacitet, uppladdningsbar design, flera smaker och premium coil-system<\/h2>\n<p data-start=\"1200\" data-end=\"1487\"><strong data-start=\"213\" data-end=\"248\">ger utm\u00e4rkt v\u00e4rde, vilket g\u00f6r det till ett p\u00e5litligt val f\u00f6r \u00e5terf\u00f6rs\u00e4ljare som riktar sig till \u00e5ldersgruppen 25\u201335 \u00e5r.<\/strong> Vapes Tornado \u2013 Din grossistknutpunkt f\u00f6r Europas b\u00e4sta vape-m\u00e4rken <strong data-start=\"403\" data-end=\"431\">mest popul\u00e4ra vape-m\u00e4rken<\/strong>, inklusive <strong data-start=\"443\" data-end=\"502\"><a href=\"https:\/\/vapestornado.com\/sv\/product-category\/aivono-vape\/\">AIVONO VAPE<\/a>, BANGBOX VAPE, <a href=\"https:\/\/vapestornado.com\/sv\/product-category\/elf-bar-vape\/\">ELF BAR Vape<\/a>, och <a href=\"https:\/\/vapestornado.com\/sv\/product-category\/fumot-vape\/\">FUMOT VAPE<\/a><\/strong>. V\u00e5r butik \u00e4r byggd f\u00f6r att tj\u00e4na b\u00e5de enskilda kunder och grossistk\u00f6pare och tillhandah\u00e5ller p\u00e5litliga produkter som kombinerar stark prestanda, snygg design och konkurrenskraftiga priser.<\/p>\n<\/div>\n<\/div>\n<\/div>\n<\/div>","protected":false},"excerpt":{"rendered":"<p>WASPE 100K \u2013 100 000 bloss, 4 smaker, en kraftfull eng\u00e5ngs vape-penna.<\/p>\n<p>Byt smaker, h\u00e5ll dig laddad \u2013 WASPE 100000 bloss med Type-C-laddning.<\/p>\n<p>Eng\u00e5ngs vape-pennan byggd f\u00f6r Europa \u2013 WASPE 100K, stora moln, st\u00f6rre v\u00e4rde.<\/p>\n<p><strong>L\u00e4gg till Amys whatsapp f\u00f6r att f\u00e5 r\u00e4tt svar och rabatterat pris!<\/strong><\/p>\n<p><img fetchpriority=\"high\" decoding=\"async\" class=\"size-full wp-image-2932\" src=\"https:\/\/vapestornado.com\/wp-content\/uploads\/2024\/12\/Vape-Wholesale.jpg\" alt=\"Vape Partihandel\" width=\"229\" height=\"300\" \/><\/p>\n<h3><a href=\"https:\/\/wa.me\/8617776015835\"><span style=\"color: #ff0000;\"><strong>WhatsApp: +86 17776015835<\/strong><\/span><\/a><\/h3>\n<p>&nbsp;<\/p>","protected":false},"featured_media":4318,"comment_status":"open","ping_status":"closed","template":"","meta":{"_acf_changed":false,"_uag_custom_page_level_css":"","_lmt_disableupdate":"no","_lmt_disable":"","_monsterinsights_skip_tracking":false,"_monsterinsights_sitenote_active":false,"_monsterinsights_sitenote_note":"","_monsterinsights_sitenote_category":0,"site-sidebar-layout":"default","site-content-layout":"","ast-site-content-layout":"default","site-content-style":"default","site-sidebar-style":"default","ast-global-header-display":"","ast-banner-title-visibility":"","ast-main-header-display":"","ast-hfb-above-header-display":"","ast-hfb-below-header-display":"","ast-hfb-mobile-header-display":"","site-post-title":"","ast-breadcrumbs-content":"","ast-featured-img":"","footer-sml-layout":"","ast-disable-related-posts":"","theme-transparent-header-meta":"default","adv-header-id-meta":"","stick-header-meta":"","header-above-stick-meta":"","header-main-stick-meta":"","header-below-stick-meta":"","astra-migrate-meta-layouts":"set","ast-page-background-enabled":"default","ast-page-background-meta":{"desktop":{"background-color":"","background-image":"","background-repeat":"repeat","background-position":"center center","background-size":"auto","background-attachment":"scroll","background-type":"","background-media":"","overlay-type":"","overlay-color":"","overlay-opacity":"","overlay-gradient":""},"tablet":{"background-color":"","background-image":"","background-repeat":"repeat","background-position":"center center","background-size":"auto","background-attachment":"scroll","background-type":"","background-media":"","overlay-type":"","overlay-color":"","overlay-opacity":"","overlay-gradient":""},"mobile":{"background-color":"","background-image":"","background-repeat":"repeat","background-position":"center center","background-size":"auto","background-attachment":"scroll","background-type":"","background-media":"","overlay-type":"","overlay-color":"","overlay-opacity":"","overlay-gradient":""}},"ast-content-background-meta":{"desktop":{"background-color":"var(--ast-global-color-5)","background-image":"","background-repeat":"repeat","background-position":"center center","background-size":"auto","background-attachment":"scroll","background-type":"","background-media":"","overlay-type":"","overlay-color":"","overlay-opacity":"","overlay-gradient":""},"tablet":{"background-color":"var(--ast-global-color-5)","background-image":"","background-repeat":"repeat","background-position":"center center","background-size":"auto","background-attachment":"scroll","background-type":"","background-media":"","overlay-type":"","overlay-color":"","overlay-opacity":"","overlay-gradient":""},"mobile":{"background-color":"var(--ast-global-color-5)","background-image":"","background-repeat":"repeat","background-position":"center center","background-size":"auto","background-attachment":"scroll","background-type":"","background-media":"","overlay-type":"","overlay-color":"","overlay-opacity":"","overlay-gradient":""}},"_joinchat":{"telephone":"17776015835"}},"product_brand":[],"product_cat":[346,150,151,152,156,158,142,146,171,60],"product_tag":[350,348,349,163],"class_list":{"0":"post-4319","1":"product","2":"type-product","3":"status-publish","4":"has-post-thumbnail","6":"product_cat-100000-puff","7":"product_cat-buy-disposable-vapes-in-belgium","8":"product_cat-buy-disposable-vapes-in-france","9":"product_cat-buy-disposable-vapes-in-cermany","10":"product_cat-buy-disposable-vapes-in-poland","11":"product_cat-buy-disposable-vapes-in-spain","12":"product_cat-digital-box-disposable-vapes","13":"product_cat-rechargeable-disposable-vapes","14":"product_cat-vapsolo-disposable-vapes","15":"product_cat-waspe-fihp-vape","16":"product_tag-four-flavor-disposable-vape","17":"product_tag-waspe-100000-puffs","18":"product_tag-waspe-100k-4-in-1","19":"product_tag-waspe-vape","20":"desktop-align-left","21":"tablet-align-left","22":"mobile-align-left","24":"first","25":"instock","26":"sale","27":"shipping-taxable","28":"purchasable","29":"product-type-simple"},"acf":[],"uagb_featured_image_src":{"full":["https:\/\/vapestornado.com\/wp-content\/uploads\/2025\/08\/WASPE-100000-Puffs-4-Flavors-No-Nicotine-Vape.webp",800,800,false],"thumbnail":["https:\/\/vapestornado.com\/wp-content\/uploads\/2025\/08\/WASPE-100000-Puffs-4-Flavors-No-Nicotine-Vape-150x150.webp",150,150,true],"medium":["https:\/\/vapestornado.com\/wp-content\/uploads\/2025\/08\/WASPE-100000-Puffs-4-Flavors-No-Nicotine-Vape-300x300.webp",300,300,true],"medium_large":["https:\/\/vapestornado.com\/wp-content\/uploads\/2025\/08\/WASPE-100000-Puffs-4-Flavors-No-Nicotine-Vape-768x768.webp",768,768,true],"large":["https:\/\/vapestornado.com\/wp-content\/uploads\/2025\/08\/WASPE-100000-Puffs-4-Flavors-No-Nicotine-Vape.webp",800,800,false],"1536x1536":["https:\/\/vapestornado.com\/wp-content\/uploads\/2025\/08\/WASPE-100000-Puffs-4-Flavors-No-Nicotine-Vape.webp",800,800,false],"2048x2048":["https:\/\/vapestornado.com\/wp-content\/uploads\/2025\/08\/WASPE-100000-Puffs-4-Flavors-No-Nicotine-Vape.webp",800,800,false],"trp-custom-language-flag":["https:\/\/vapestornado.com\/wp-content\/uploads\/2025\/08\/WASPE-100000-Puffs-4-Flavors-No-Nicotine-Vape-12x12.webp",12,12,true],"woocommerce_thumbnail":["https:\/\/vapestornado.com\/wp-content\/uploads\/2025\/08\/WASPE-100000-Puffs-4-Flavors-No-Nicotine-Vape-300x300.webp",300,300,true],"woocommerce_single":["https:\/\/vapestornado.com\/wp-content\/uploads\/2025\/08\/WASPE-100000-Puffs-4-Flavors-No-Nicotine-Vape-600x600.webp",600,600,true],"woocommerce_gallery_thumbnail":["https:\/\/vapestornado.com\/wp-content\/uploads\/2025\/08\/WASPE-100000-Puffs-4-Flavors-No-Nicotine-Vape-100x100.webp",100,100,true]},"uagb_author_info":{"display_name":"ESAMY","author_link":"https:\/\/vapestornado.com\/sv\/author\/"},"uagb_comment_info":2,"uagb_excerpt":"WASPE 100K \u2013 100,000 Puffs, 4 Flavors, One Powerful Disposable Vape Pen. Switch Flavors, Stay Powered \u2013 WASPE 100000 Puffs with Type-C Recharge. The Disposable Vape Pen Built for Europe \u2013 WASPE 100K, Big Clouds, Bigger Value. Add Amy's whatsapp to get right reply and discount price! WhatsApp: +86 17776015835 &nbsp;","_links":{"self":[{"href":"https:\/\/vapestornado.com\/sv\/wp-json\/wp\/v2\/product\/4319","targetHints":{"allow":["GET"]}}],"collection":[{"href":"https:\/\/vapestornado.com\/sv\/wp-json\/wp\/v2\/product"}],"about":[{"href":"https:\/\/vapestornado.com\/sv\/wp-json\/wp\/v2\/types\/product"}],"replies":[{"embeddable":true,"href":"https:\/\/vapestornado.com\/sv\/wp-json\/wp\/v2\/comments?post=4319"}],"wp:featuredmedia":[{"embeddable":true,"href":"https:\/\/vapestornado.com\/sv\/wp-json\/wp\/v2\/media\/4318"}],"wp:attachment":[{"href":"https:\/\/vapestornado.com\/sv\/wp-json\/wp\/v2\/media?parent=4319"}],"wp:term":[{"taxonomy":"product_brand","embeddable":true,"href":"https:\/\/vapestornado.com\/sv\/wp-json\/wp\/v2\/product_brand?post=4319"},{"taxonomy":"product_cat","embeddable":true,"href":"https:\/\/vapestornado.com\/sv\/wp-json\/wp\/v2\/product_cat?post=4319"},{"taxonomy":"product_tag","embeddable":true,"href":"https:\/\/vapestornado.com\/sv\/wp-json\/wp\/v2\/product_tag?post=4319"}],"curies":[{"name":"wp","href":"https:\/\/api.w.org\/{rel}","templated":true}]}}