{"id":4312,"date":"2025-08-28T08:42:28","date_gmt":"2025-08-28T08:42:28","guid":{"rendered":"https:\/\/vapestornado.com\/?post_type=product&#038;p=4312"},"modified":"2025-08-28T09:33:49","modified_gmt":"2025-08-28T09:33:49","slug":"original-wga-ultra-35k-35000-puff-rechargeable-crystal-disposable-nicotine-vape-best-discount-price","status":"publish","type":"product","link":"https:\/\/vapestornado.com\/sv\/product\/original-wga-ultra-35k-35000-puff-rechargeable-crystal-disposable-nicotine-vape-best-discount-price\/","title":{"rendered":"Original WGA ULTRA 35k 35000 Puff Uppladdningsbar Kristall Eng\u00e5ngs Nikotin Vape B\u00e4sta Rabatt Pris"},"content":{"rendered":"<h1 data-pm-slice=\"1 1 []\">Original WGA ULTRA 35k 35000 Puff Uppladdningsbar Kristall Eng\u00e5ngs Nikotin Vape B\u00e4sta Rabatt Pris<\/h1>\n<p data-start=\"361\" data-end=\"697\">Den <strong data-start=\"425\" data-end=\"466\">WGA Ultra 35k Eng\u00e5ngs Vape<\/strong> s\u00e4tter en ny standard f\u00f6r l\u00e5ngvarig prestanda och j\u00e4mn smak f\u00f6r vapingindustrin. Denna kraftpaket levererar upp till <strong data-start=\"519\" data-end=\"535\">35 000 bloss<\/strong>, vilket g\u00f6r den till en av de mest h\u00e5llbara eng\u00e5ngsvapes i sin kategori. Perfekt storlek p\u00e5 108*48*23.6mm, den kombinerar stil och praktisk anv\u00e4ndning f\u00f6r vardagsbruk.<\/p>\n<h3 data-start=\"699\" data-end=\"741\">35 000 Puffar St\u00f6ds av 35 ml E-v\u00e4tska<\/h3>\n<p data-start=\"742\" data-end=\"1051\">Till skillnad fr\u00e5n mindre eng\u00e5ngsvapes, har WGA 35k Eng\u00e5ngs Vape en gener\u00f6s <strong data-start=\"817\" data-end=\"847\">35 ml f\u00f6rfylld e-v\u00e4tska<\/strong>, vilket s\u00e4kerst\u00e4ller att varje session \u00e4r full av smak. Oavsett om du f\u00f6redrar en stark nikotintr\u00e4ff eller en mjukare dragning, finns den tillg\u00e4nglig i <strong data-start=\"969\" data-end=\"998\">2% och 5% nikotinalternativ<\/strong>, vilket g\u00f6r att du kan v\u00e4lja det som passar din livsstil.<\/p>\n<h3 data-start=\"1053\" data-end=\"1089\">Laddningsbar Kraft med Typ-C<\/h3>\n<p data-start=\"1090\" data-end=\"1396\">Inuti denna kompakta design finns en <strong data-start=\"1122\" data-end=\"1153\">550mAh uppladdningsbara batteriet<\/strong> st\u00f6dd av <strong data-start=\"1167\" data-end=\"1186\">Typ-C-laddning<\/strong>, vilket s\u00e4kerst\u00e4ller snabba uppladdningar med minimal stillest\u00e5ndstid. Till skillnad fr\u00e5n typiska eng\u00e5ngsvapes som slutar n\u00e4r batteriet tar slut, ger den h\u00e4r enheten dig det b\u00e4sta av tv\u00e5 v\u00e4rldar: eng\u00e5ngsbekv\u00e4mlighet med laddningsbar effektivitet.<\/p>\n<h3 data-start=\"1398\" data-end=\"1425\">Smart digital display<\/h3>\n<p data-start=\"1426\" data-end=\"1715\">Inget mer gissande. Den <strong data-start=\"1448\" data-end=\"1467\">digital display<\/strong> visar tydligt din <strong data-start=\"1487\" data-end=\"1529\">batteriprocent och e-v\u00e4tskeniv\u00e5er<\/strong>, s\u00e5 att du har kontroll hela v\u00e4gen. Detta g\u00f6r WGA Ultra 35k s\u00e4rskilt tilltalande f\u00f6r m\u00e4n som vill ha en p\u00e5litlig, okomplicerad enhet utan besv\u00e4ret med os\u00e4kerhet.<\/p>\n<h3 data-start=\"1717\" data-end=\"1756\">Dubbel Mesh Coil f\u00f6r maximal smak<\/h3>\n<p data-start=\"1757\" data-end=\"1990\">Den inbyggda <strong data-start=\"1770\" data-end=\"1788\">dubbel mesh coil<\/strong> f\u00f6rb\u00e4ttrar varje bloss och producerar tjocka \u00e5ngmoln och stark, konsekvent smak. Oavsett om du njuter av fruktiga blandningar eller isiga klassiker, s\u00e4kerst\u00e4ller spolen j\u00e4mn prestanda utan h\u00e5rda eller br\u00e4nda bloss.<\/p>\n<h3 data-start=\"1992\" data-end=\"2019\">30 smaker att utforska<\/h3>\n<p data-start=\"2020\" data-end=\"2342\">Med <strong data-start=\"2025\" data-end=\"2048\">30 sp\u00e4nnande smaker<\/strong>, WGA Crystal Ultra 35k har n\u00e5got f\u00f6r varje smak. Popul\u00e4ra val inkluderar <strong data-start=\"2130\" data-end=\"2206\">Bl\u00e5b\u00e4r Hallon, Cola Is, Red Bull, Mojito, Kaktus Is, Persika Kyss,<\/strong> och <strong data-start=\"2211\" data-end=\"2231\">Drakfrukt Is<\/strong>. Fr\u00e5n uppfriskande mint till dj\u00e4rva sodablandningar, \u00e4r denna vape designad f\u00f6r att tillfredsst\u00e4lla ett brett utbud av europeiska smaker.<\/p>\n<p><strong><span style=\"color: #ff0000;\">L\u00e4gg till Amys whatsapp f\u00f6r snabbt svar och vape-kupong!<\/span><\/strong><\/p>\n<p><img fetchpriority=\"high\" decoding=\"async\" class=\"size-full wp-image-2932\" src=\"https:\/\/vapestornado.com\/wp-content\/uploads\/2024\/12\/Vape-Wholesale.jpg\" alt=\"Vape Partihandel\" width=\"229\" height=\"300\" \/><\/p>\n<h3><a href=\"https:\/\/wa.me\/8617776015835\" target=\"_blank\" rel=\"noopener\"><span style=\"color: #ff0000;\"><strong>WhatsApp: +86 17776015835<\/strong><\/span><\/a><\/h3>\n<p>&nbsp;<\/p>\n<h2><strong>WGA ULTRA 35k Produktfunktioner<\/strong><\/h2>\n<p>&nbsp;<\/p>\n<p>Bloss: 35000 bloss<br \/>\nE-v\u00e4tska: 35 ml<br \/>\nNikotinstyrka: 2%\/5%<br \/>\nBatteri: 550mAh med Typ C uppladdningsbar<br \/>\nDigital display f\u00f6r olja och E-juice<br \/>\nDubbel Mesh Coil<br \/>\nProduktstorlek: 108*48*23.6mm<\/p>\n<figure id=\"attachment_4307\" aria-describedby=\"caption-attachment-4307\" style=\"width: 300px\" class=\"wp-caption alignnone\"><img decoding=\"async\" class=\"size-medium wp-image-4307\" src=\"https:\/\/vapestornado.com\/wp-content\/uploads\/2025\/08\/WGA-35K-Ultra-35000-Puffs-Rechargeable-Disposable-Vape-300x300.webp\" alt=\"WGA Ultra 35K 35000 Bloss Uppladdningsbar Eng\u00e5ngs Vape\" width=\"300\" height=\"300\" srcset=\"https:\/\/vapestornado.com\/wp-content\/uploads\/2025\/08\/WGA-35K-Ultra-35000-Puffs-Rechargeable-Disposable-Vape-300x300.webp 300w, https:\/\/vapestornado.com\/wp-content\/uploads\/2025\/08\/WGA-35K-Ultra-35000-Puffs-Rechargeable-Disposable-Vape-150x150.webp 150w, https:\/\/vapestornado.com\/wp-content\/uploads\/2025\/08\/WGA-35K-Ultra-35000-Puffs-Rechargeable-Disposable-Vape-768x768.webp 768w, https:\/\/vapestornado.com\/wp-content\/uploads\/2025\/08\/WGA-35K-Ultra-35000-Puffs-Rechargeable-Disposable-Vape-12x12.webp 12w, https:\/\/vapestornado.com\/wp-content\/uploads\/2025\/08\/WGA-35K-Ultra-35000-Puffs-Rechargeable-Disposable-Vape-600x600.webp 600w, https:\/\/vapestornado.com\/wp-content\/uploads\/2025\/08\/WGA-35K-Ultra-35000-Puffs-Rechargeable-Disposable-Vape-100x100.webp 100w, https:\/\/vapestornado.com\/wp-content\/uploads\/2025\/08\/WGA-35K-Ultra-35000-Puffs-Rechargeable-Disposable-Vape.webp 800w\" sizes=\"(max-width: 300px) 100vw, 300px\" \/><figcaption id=\"caption-attachment-4307\" class=\"wp-caption-text\">WGA Ultra 35K 35000 Bloss Uppladdningsbar Eng\u00e5ngs Vape<\/figcaption><\/figure>\n<h2 class=\"product-title\"><strong>WGA Crystal ULTRA 35k Smaklista<\/strong><\/h2>\n<p>1. Bl\u00e5b\u00e4r Hallon<br \/>\n2. Cola Is<br \/>\n3. Dubbel \u00c4pple<br \/>\n4. Fanta<br \/>\n5. Red Bull<br \/>\n6. Jordgubbsis<br \/>\n7. Druv Is<br \/>\n8. Citron Lime<br \/>\n9. Vattenmelon Is<br \/>\n10. F\u00e4rsk Mint<br \/>\n11. Jordgubb Kiwi<br \/>\n12. Kiwi Passionsfrukt Guava<br \/>\n13. Mr Blue<br \/>\n14. Rosa Lemonad<br \/>\n15. WGA Te (Iste)<br \/>\n16. Persika Kyss<br \/>\n17. Litchi Mint<br \/>\n18. Svarta Vinb\u00e4r Soda<br \/>\n19. Surt \u00c4pple Citron<br \/>\n20. Blandade B\u00e4r<br \/>\n21. Kaktus Kiwi<br \/>\n22. Kaktus Is<br \/>\n23. Drakfrukt Is<br \/>\n24. K\u00f6rsb\u00e4rscola<br \/>\n25. Jordgubb Redbull<br \/>\n26. Jordgubb Vattenmelon<br \/>\n27. Jager R\u00f6d Energi<br \/>\n28. Mojito<br \/>\n29. Gr\u00f6nt \u00c4pple<br \/>\n30. Mad Blue Is<\/p>\n<p>&nbsp;<\/p>\n<article class=\"w-full text-token-text-primary focus-visible:outline-2 focus-visible:outline-offset-[-4px]\" dir=\"auto\" data-testid=\"conversation-turn-32\" data-scroll-anchor=\"false\">\n<div class=\"m-auto text-base py-[18px] px-6\">\n<div class=\"mx-auto flex flex-1 text-base gap-4 md:gap-5 lg:gap-6 md:max-w-3xl lg:max-w-[40rem] xl:max-w-[48rem]\">\n<div class=\"group\/conversation-turn relative flex w-full min-w-0 flex-col @xs\/thread:px-0 @sm\/thread:px-1.5 @md\/thread:px-4\">\n<div class=\"flex-col gap-1 md:gap-3\">\n<div class=\"flex max-w-full flex-col flex-grow\">\n<div class=\"min-h-8 text-message flex w-full flex-col items-end gap-2 whitespace-normal break-words text-start [.text-message+&amp;]:mt-5\" dir=\"auto\" data-message-author-role=\"user\" data-message-id=\"ffac41ca-1db4-431b-873a-32c4052956f1\">\n<div class=\"flex w-full flex-col gap-1 empty:hidden items-end rtl:items-start\">\n<div class=\"relative max-w-[var(--user-chat-width,70%)] rounded-3xl bg-token-message-surface px-5 py-2.5\">\n<div class=\"absolute bottom-0 right-full top-0 -mr-3.5 hidden pr-5 pt-2 [.group\/conversation-turn:hover_&amp;]:flex\">\n<div class=\"flex\">\n<article class=\"w-full text-token-text-primary focus-visible:outline-2 focus-visible:outline-offset-[-4px]\" dir=\"auto\" data-testid=\"conversation-turn-39\" data-scroll-anchor=\"true\">\n<div class=\"m-auto text-base py-[18px] px-6\">\n<div class=\"mx-auto flex flex-1 text-base gap-4 md:gap-5 lg:gap-6 md:max-w-3xl lg:max-w-[40rem] xl:max-w-[48rem]\">\n<div class=\"group\/conversation-turn relative flex w-full min-w-0 flex-col agent-turn @xs\/thread:px-0 @sm\/thread:px-1.5 @md\/thread:px-4\">\n<div class=\"flex-col gap-1 md:gap-3\">\n<div class=\"flex max-w-full flex-col flex-grow\">\n<div class=\"min-h-8 text-message flex w-full flex-col items-end gap-2 whitespace-normal break-words text-start [.text-message+&amp;]:mt-5\" dir=\"auto\" data-message-author-role=\"assistant\" data-message-id=\"55a23854-ec57-48dd-bd4f-6118f43d6241\" data-message-model-slug=\"gpt-4o\">\n<div class=\"flex w-full flex-col gap-1 empty:hidden first:pt-[3px]\">\n<div class=\"markdown prose w-full break-words dark:prose-invert light\"><\/div>\n<\/div>\n<\/div>\n<\/div>\n<\/div>\n<\/div>\n<\/div>\n<\/div>\n<\/article>\n<\/div>\n<\/div>\n<\/div>\n<\/div>\n<\/div>\n<\/div>\n<\/div>\n<\/div>\n<\/div>\n<\/div>\n<\/article>\n<h2>Varf\u00f6r V\u00e4lja WGA ULTRA 35k Vape?<\/h2>\n<div class=\"flex-shrink-0 flex flex-col relative items-end\">\n<div class=\"pt-0\">\n<div class=\"gizmo-bot-avatar flex h-8 w-8 items-center justify-center overflow-hidden rounded-full\">\n<div class=\"relative p-1 rounded-sm flex items-center justify-center bg-token-main-surface-primary text-token-text-primary h-8 w-8\">\n<p data-start=\"313\" data-end=\"860\">Den <strong data-start=\"317\" data-end=\"358\">WGA Crystal Ultra 35k Eng\u00e5ngs Vape<\/strong> \u00e4r byggd f\u00f6r vejpare som vill ha <strong data-start=\"388\" data-end=\"417\">kraft, smak och kontroll<\/strong> i en elegant enhet. Med upp till <strong data-start=\"450\" data-end=\"466\">35 000 bloss<\/strong>, en <strong data-start=\"470\" data-end=\"493\">35 ml f\u00f6rfylld tank<\/strong>, och ett <strong data-start=\"501\" data-end=\"519\">dubbel mesh coil<\/strong>levererar den dj\u00e4rv smak vid varje dragning. Den <strong data-start=\"566\" data-end=\"591\">smart digital display<\/strong> h\u00e5ller dig uppdaterad om e-v\u00e4tske- och batteriniv\u00e5er, medan <strong data-start=\"652\" data-end=\"689\">USB-C uppladdningsbart 550mAh batteri<\/strong> s\u00e4kerst\u00e4ller att du aldrig missar ett slag. Finns i <strong data-start=\"734\" data-end=\"757\">30 sp\u00e4nnande smaker<\/strong> och <strong data-start=\"762\" data-end=\"792\">2% eller 5% nikotinstyrka<\/strong>, det \u00e4r det ultimata grossistvalet f\u00f6r Europas fr\u00e4msta vape-marknad.<\/p>\n<p data-start=\"313\" data-end=\"860\">J\u00e4mf\u00f6r med <a href=\"https:\/\/vapestornado.com\/sv\/product\/wga-crystal-plus-20000-puff-vape-2-in-1-rechargeable-disposable-vape-wholesale-bulk-buy\/\">WGA 20K<\/a>, \u00e4r WGA 30K en uppgradering med h\u00f6gre vapingupplevelse.<\/p>\n<\/div>\n<h3><\/h3>\n<div class=\"relative p-1 rounded-sm flex items-center justify-center bg-token-main-surface-primary text-token-text-primary h-8 w-8\">\n<h2>Vanliga fr\u00e5gor om WGA Crystal ULTRA 35000 Eng\u00e5ngs E-cigarett<\/h2>\n<\/div>\n<\/div>\n<\/div>\n<\/div>\n<div class=\"flex-shrink-0 flex flex-col relative items-end\">\n<div class=\"pt-0\">\n<div class=\"gizmo-bot-avatar flex h-8 w-8 items-center justify-center overflow-hidden rounded-full\">\n<div class=\"relative p-1 rounded-sm flex items-center justify-center bg-token-main-surface-primary text-token-text-primary h-8 w-8\">\n<div class=\"mb-2 flex gap-3 empty:hidden -ml-2\">\n<p data-start=\"2405\" data-end=\"2541\"><strong data-start=\"2405\" data-end=\"2466\">1. Hur m\u00e5nga bloss levererar WGA Crystal Ultra 35k?<\/strong><br data-start=\"2466\" data-end=\"2469\" \/>Den erbjuder upp till <strong data-start=\"2485\" data-end=\"2501\">35 000 bloss<\/strong>, beroende p\u00e5 personliga vejpingvanor.<\/p>\n<p data-start=\"2543\" data-end=\"2713\"><strong data-start=\"2543\" data-end=\"2594\">2. \u00c4r WGA 35k Eng\u00e5ngs Vape uppladdningsbar?<\/strong><br data-start=\"2594\" data-end=\"2597\" \/>Ja, den levereras med en <strong data-start=\"2618\" data-end=\"2656\">550mAh Typ-C uppladdningsbart batteri<\/strong>, vilket g\u00f6r att du kan ladda om medan du anv\u00e4nder samma enhet.<\/p>\n<p data-start=\"2715\" data-end=\"2825\"><strong data-start=\"2715\" data-end=\"2759\">3. Vilka nikotinstyrkor finns tillg\u00e4ngliga?<\/strong><br data-start=\"2759\" data-end=\"2762\" \/>Enheten \u00e4r tillg\u00e4nglig i b\u00e5de <strong data-start=\"2794\" data-end=\"2822\">2% och 5% nikotinniv\u00e5er<\/strong>.<\/p>\n<p data-start=\"2827\" data-end=\"3023\"><strong data-start=\"2827\" data-end=\"2896\">4. Vad skiljer WGA Ultra 35k fr\u00e5n andra eng\u00e5ngsvapes?<\/strong><br data-start=\"2896\" data-end=\"2899\" \/>Dess <strong data-start=\"2903\" data-end=\"2966\">dubbel mesh coil, digital display och 35 ml e-v\u00e4tskekapacitet<\/strong> skiljer den \u00e5t och ger dig b\u00e5de prestanda och kontroll.<\/p>\n<p data-start=\"3025\" data-end=\"3207\"><strong data-start=\"3025\" data-end=\"3088\">5. Hur m\u00e5nga smaker erbjuder WGA 35k eng\u00e5ngsvape?<\/strong><br data-start=\"3088\" data-end=\"3091\" \/>Den finns i <strong data-start=\"3103\" data-end=\"3117\">30 smaker<\/strong>, allt fr\u00e5n fruktiga blandningar som Strawberry Kiwi till dj\u00e4rva alternativ som Jager Red Energy.<\/p>\n<\/div>\n<\/div>\n<\/div>\n<\/div>\n<\/div>","protected":false},"excerpt":{"rendered":"<p data-start=\"274\" data-end=\"349\"><strong data-start=\"274\" data-end=\"347\">WGA Crystal Ultra 35k Eng\u00e5ngs Vape 35000 Puffar Grossist i Europa<\/strong><\/p>\n<p data-start=\"274\" data-end=\"349\"><strong data-start=\"353\" data-end=\"424\">WGA 35k Eng\u00e5ngs Vape med Digital Display<\/strong><\/p>\n<p data-start=\"430\" data-end=\"494\"><strong data-start=\"430\" data-end=\"492\">K\u00f6p WGA Ultra 35000 Puff Vape Online \u2013 B\u00e4sta Rabattpriset<\/strong><\/p>\n<p><strong>L\u00e4gg till Amys whatsapp f\u00f6r att f\u00e5 r\u00e4tt svar och rabatterat pris!<\/strong><\/p>\n<p><img fetchpriority=\"high\" decoding=\"async\" class=\"size-full wp-image-2932\" src=\"https:\/\/vapestornado.com\/wp-content\/uploads\/2024\/12\/Vape-Wholesale.jpg\" alt=\"Vape Partihandel\" width=\"229\" height=\"300\" \/><\/p>\n<h3><a href=\"https:\/\/wa.me\/8617776015835\"><span style=\"color: #ff0000;\"><strong>WhatsApp: +86 17776015835<\/strong><\/span><\/a><\/h3>\n<p>&nbsp;<\/p>","protected":false},"featured_media":4311,"comment_status":"open","ping_status":"closed","template":"","meta":{"_acf_changed":false,"_uag_custom_page_level_css":"","_lmt_disableupdate":"no","_lmt_disable":"","_monsterinsights_skip_tracking":false,"_monsterinsights_sitenote_active":false,"_monsterinsights_sitenote_note":"","_monsterinsights_sitenote_category":0,"site-sidebar-layout":"default","site-content-layout":"","ast-site-content-layout":"default","site-content-style":"default","site-sidebar-style":"default","ast-global-header-display":"","ast-banner-title-visibility":"","ast-main-header-display":"","ast-hfb-above-header-display":"","ast-hfb-below-header-display":"","ast-hfb-mobile-header-display":"","site-post-title":"","ast-breadcrumbs-content":"","ast-featured-img":"","footer-sml-layout":"","ast-disable-related-posts":"","theme-transparent-header-meta":"default","adv-header-id-meta":"","stick-header-meta":"","header-above-stick-meta":"","header-main-stick-meta":"","header-below-stick-meta":"","astra-migrate-meta-layouts":"set","ast-page-background-enabled":"default","ast-page-background-meta":{"desktop":{"background-color":"","background-image":"","background-repeat":"repeat","background-position":"center center","background-size":"auto","background-attachment":"scroll","background-type":"","background-media":"","overlay-type":"","overlay-color":"","overlay-opacity":"","overlay-gradient":""},"tablet":{"background-color":"","background-image":"","background-repeat":"repeat","background-position":"center center","background-size":"auto","background-attachment":"scroll","background-type":"","background-media":"","overlay-type":"","overlay-color":"","overlay-opacity":"","overlay-gradient":""},"mobile":{"background-color":"","background-image":"","background-repeat":"repeat","background-position":"center center","background-size":"auto","background-attachment":"scroll","background-type":"","background-media":"","overlay-type":"","overlay-color":"","overlay-opacity":"","overlay-gradient":""}},"ast-content-background-meta":{"desktop":{"background-color":"var(--ast-global-color-5)","background-image":"","background-repeat":"repeat","background-position":"center center","background-size":"auto","background-attachment":"scroll","background-type":"","background-media":"","overlay-type":"","overlay-color":"","overlay-opacity":"","overlay-gradient":""},"tablet":{"background-color":"var(--ast-global-color-5)","background-image":"","background-repeat":"repeat","background-position":"center center","background-size":"auto","background-attachment":"scroll","background-type":"","background-media":"","overlay-type":"","overlay-color":"","overlay-opacity":"","overlay-gradient":""},"mobile":{"background-color":"var(--ast-global-color-5)","background-image":"","background-repeat":"repeat","background-position":"center center","background-size":"auto","background-attachment":"scroll","background-type":"","background-media":"","overlay-type":"","overlay-color":"","overlay-opacity":"","overlay-gradient":""}},"_joinchat":{"telephone":"17776015835"}},"product_brand":[],"product_cat":[19,175,149,158,143,146,171],"product_tag":[342,340,339,341],"class_list":{"0":"post-4312","1":"product","2":"type-product","3":"status-publish","4":"has-post-thumbnail","6":"product_cat-vapes","7":"product_cat-35000-puff","8":"product_cat-buy-disposable-vapes-in-austria","9":"product_cat-buy-disposable-vapes-in-spain","10":"product_cat-dual-mesh-disposable-vapes","11":"product_cat-rechargeable-disposable-vapes","12":"product_cat-vapsolo-disposable-vapes","13":"product_tag-wga-35000-puff","14":"product_tag-wga-35k","15":"product_tag-wga-crystal-ultra-35k","16":"product_tag-wga-crystal-vape","17":"desktop-align-left","18":"tablet-align-left","19":"mobile-align-left","21":"first","22":"instock","23":"sale","24":"shipping-taxable","25":"purchasable","26":"product-type-simple"},"acf":[],"uagb_featured_image_src":{"full":["https:\/\/vapestornado.com\/wp-content\/uploads\/2025\/08\/Wholesale-WGA-Ultra-35000-Puffs-Disposable-Vape.webp",800,800,false],"thumbnail":["https:\/\/vapestornado.com\/wp-content\/uploads\/2025\/08\/Wholesale-WGA-Ultra-35000-Puffs-Disposable-Vape-150x150.webp",150,150,true],"medium":["https:\/\/vapestornado.com\/wp-content\/uploads\/2025\/08\/Wholesale-WGA-Ultra-35000-Puffs-Disposable-Vape-300x300.webp",300,300,true],"medium_large":["https:\/\/vapestornado.com\/wp-content\/uploads\/2025\/08\/Wholesale-WGA-Ultra-35000-Puffs-Disposable-Vape-768x768.webp",768,768,true],"large":["https:\/\/vapestornado.com\/wp-content\/uploads\/2025\/08\/Wholesale-WGA-Ultra-35000-Puffs-Disposable-Vape.webp",800,800,false],"1536x1536":["https:\/\/vapestornado.com\/wp-content\/uploads\/2025\/08\/Wholesale-WGA-Ultra-35000-Puffs-Disposable-Vape.webp",800,800,false],"2048x2048":["https:\/\/vapestornado.com\/wp-content\/uploads\/2025\/08\/Wholesale-WGA-Ultra-35000-Puffs-Disposable-Vape.webp",800,800,false],"trp-custom-language-flag":["https:\/\/vapestornado.com\/wp-content\/uploads\/2025\/08\/Wholesale-WGA-Ultra-35000-Puffs-Disposable-Vape-12x12.webp",12,12,true],"woocommerce_thumbnail":["https:\/\/vapestornado.com\/wp-content\/uploads\/2025\/08\/Wholesale-WGA-Ultra-35000-Puffs-Disposable-Vape-300x300.webp",300,300,true],"woocommerce_single":["https:\/\/vapestornado.com\/wp-content\/uploads\/2025\/08\/Wholesale-WGA-Ultra-35000-Puffs-Disposable-Vape-600x600.webp",600,600,true],"woocommerce_gallery_thumbnail":["https:\/\/vapestornado.com\/wp-content\/uploads\/2025\/08\/Wholesale-WGA-Ultra-35000-Puffs-Disposable-Vape-100x100.webp",100,100,true]},"uagb_author_info":{"display_name":"ESAMY","author_link":"https:\/\/vapestornado.com\/sv\/author\/"},"uagb_comment_info":1,"uagb_excerpt":"WGA Crystal Ultra 35k Disposable Vape 35000 Puffs Wholesale in Europe WGA 35k Disposable Vape with Digital Display &amp; Rechargeable Battery Buy WGA Ultra 35000 Puff Vape Online \u2013 Best Discount Price Add Amy's whatsapp to get right reply and discount price! WhatsApp: +86 17776015835 &nbsp;","_links":{"self":[{"href":"https:\/\/vapestornado.com\/sv\/wp-json\/wp\/v2\/product\/4312","targetHints":{"allow":["GET"]}}],"collection":[{"href":"https:\/\/vapestornado.com\/sv\/wp-json\/wp\/v2\/product"}],"about":[{"href":"https:\/\/vapestornado.com\/sv\/wp-json\/wp\/v2\/types\/product"}],"replies":[{"embeddable":true,"href":"https:\/\/vapestornado.com\/sv\/wp-json\/wp\/v2\/comments?post=4312"}],"wp:featuredmedia":[{"embeddable":true,"href":"https:\/\/vapestornado.com\/sv\/wp-json\/wp\/v2\/media\/4311"}],"wp:attachment":[{"href":"https:\/\/vapestornado.com\/sv\/wp-json\/wp\/v2\/media?parent=4312"}],"wp:term":[{"taxonomy":"product_brand","embeddable":true,"href":"https:\/\/vapestornado.com\/sv\/wp-json\/wp\/v2\/product_brand?post=4312"},{"taxonomy":"product_cat","embeddable":true,"href":"https:\/\/vapestornado.com\/sv\/wp-json\/wp\/v2\/product_cat?post=4312"},{"taxonomy":"product_tag","embeddable":true,"href":"https:\/\/vapestornado.com\/sv\/wp-json\/wp\/v2\/product_tag?post=4312"}],"curies":[{"name":"wp","href":"https:\/\/api.w.org\/{rel}","templated":true}]}}