{"id":4118,"date":"2025-04-13T08:12:11","date_gmt":"2025-04-13T08:12:11","guid":{"rendered":"https:\/\/vapestornado.com\/?post_type=product&#038;p=4118"},"modified":"2025-08-21T12:11:56","modified_gmt":"2025-08-21T12:11:56","slug":"solaris-25000-puff-solar-charging-dispsoable-vape-kit-usa","status":"publish","type":"product","link":"https:\/\/vapestornado.com\/sv\/product\/solaris-25000-puff-solar-charging-dispsoable-vape-kit-usa\/","title":{"rendered":"Solaris 25000 Puff Solarladdande Eng\u00e5ngs Vape Kit Sverige"},"content":{"rendered":"<h1 data-pm-slice=\"1 1 []\">Solaris 25000 Puff Solarladdande Eng\u00e5ngs Vape Kit Sverige<\/h1>\n<p data-start=\"309\" data-end=\"774\">Den <strong data-start=\"313\" data-end=\"361\">Solaris 25000 Uppladdningsbar Eng\u00e5ngs Vape<\/strong> introducerar en ny standard inom h\u00e5llbarhet och prestanda. Som den f\u00f6rsta <strong data-start=\"436\" data-end=\"468\">25 000 Puff Eng\u00e5ngsvape<\/strong> med en inbyggd solpanel kombinerar den milj\u00f6v\u00e4nlig laddning med h\u00f6g kapacitet, vilket g\u00f6r den till en praktisk l\u00f6sning f\u00f6r l\u00e5ngvarig anv\u00e4ndning. Utrustad med en 18 ml f\u00f6rfylld e-v\u00e4tsketank och ett uppladdningsbart batteri, levererar Solaris ett konsekvent \u00e5ngutsl\u00e4pp designat f\u00f6r tillf\u00f6rlitlighet i alla milj\u00f6er.<\/p>\n<p data-start=\"776\" data-end=\"1047\">F\u00f6r laddning erbjuder anv\u00e4ndare tv\u00e5 alternativ: en solpanel f\u00f6r kontinuerlig utomhusbruk, eller USB Typ-C f\u00f6r snabb och effektiv uppladdning (kabel ing\u00e5r ej). Denna flexibilitet g\u00f6r Solaris till en p\u00e5litlig f\u00f6ljeslagare oavsett om du reser, vandrar eller njuter av dagliga aktiviteter.<\/p>\n<p data-start=\"1049\" data-end=\"1276\">Dubbla vapingl\u00e4gen \u2014 <strong data-start=\"1069\" data-end=\"1089\">Normal och Boost<\/strong> \u2014 kombinerat med dubbla mesh-spolar ger smidig luftfl\u00f6de och full smakintensitet. Justerbar luftfl\u00f6de till\u00e5ter en skr\u00e4ddarsydd dragning, vilket s\u00e4kerst\u00e4ller b\u00e5de MTL-n\u00f6je och f\u00f6rb\u00e4ttrad molnbildning.<\/p>\n<p data-start=\"1278\" data-end=\"1637\">HD-sk\u00e4rmen visar realtidsstatus f\u00f6r puffar och batteri, med interaktiva animationer som ger en modern touch. En Starlight Embedded Glow-finish h\u00f6jer designen, och ger ett premiumutseende som tilltalar unga vuxna konsumenter. Dragsensor och knappfri, \u00e4r Solaris enkel att anv\u00e4nda, och kombinerar avancerad teknologi med anv\u00e4ndarv\u00e4nlighet.<\/p>\n<p data-start=\"1639\" data-end=\"1865\">F\u00f6r grossister och \u00e5terf\u00f6rs\u00e4ljare i Europa, erbjuder <strong data-start=\"1684\" data-end=\"1732\">Solaris 25000 Uppladdningsbar Eng\u00e5ngs Vape<\/strong> en distinkt produkt som m\u00f6ter den v\u00e4xande efterfr\u00e5gan p\u00e5 h\u00e5llbara, h\u00f6gkapacitetsenheter samtidigt som den ger ett starkt andrahandsv\u00e4rde.<\/p>\n<p data-start=\"666\" data-end=\"1235\"><strong style=\"font-size: 16px;\"><span style=\"color: #ff0000;\">L\u00e4gg till Amys WhatsApp f\u00f6r att f\u00e5 r\u00e4tt svar och rabatterat pris!<\/span><\/strong><\/p>\n<p><img fetchpriority=\"high\" decoding=\"async\" class=\"size-full wp-image-2932\" src=\"https:\/\/vapestornado.com\/wp-content\/uploads\/2024\/12\/Vape-Wholesale.jpg\" alt=\"Vape Partihandel\" width=\"229\" height=\"300\" \/><\/p>\n<h3><a href=\"https:\/\/wa.me\/8617776015835\" target=\"_blank\" rel=\"noopener\"><span style=\"color: #ff0000;\"><strong>WhatsApp: +86 17776015835<\/strong><\/span><\/a><\/h3>\n<p>&nbsp;<\/p>\n<h2><strong>Solaris 25000 Puff Nyckelfunktioner<\/strong><\/h2>\n<ul>\n<li class=\"\" data-start=\"1597\" data-end=\"1621\">\n<p class=\"\" data-start=\"1599\" data-end=\"1621\">Upp till <strong data-start=\"1605\" data-end=\"1621\">25 000 puff<\/strong><\/p>\n<\/li>\n<li class=\"\" data-start=\"1622\" data-end=\"1684\">\n<p class=\"\" data-start=\"1624\" data-end=\"1684\"><strong data-start=\"1624\" data-end=\"1652\">Solpanel + USB Typ-C<\/strong> laddning (kabel ing\u00e5r ej)<\/p>\n<\/li>\n<li class=\"\" data-start=\"1685\" data-end=\"1714\">\n<p class=\"\" data-start=\"1687\" data-end=\"1714\"><strong data-start=\"1687\" data-end=\"1714\">18 ml f\u00f6rfylld e-juice<\/strong><\/p>\n<\/li>\n<li class=\"\" data-start=\"1715\" data-end=\"1748\">\n<p class=\"\" data-start=\"1717\" data-end=\"1748\"><strong data-start=\"1717\" data-end=\"1748\">5% (50mg) nikotinstyrka<\/strong><\/p>\n<\/li>\n<li class=\"\" data-start=\"1749\" data-end=\"1773\">\n<p class=\"\" data-start=\"1751\" data-end=\"1773\"><strong data-start=\"1751\" data-end=\"1773\">Justerbart luftfl\u00f6de<\/strong><\/p>\n<\/li>\n<li class=\"\" data-start=\"1774\" data-end=\"1805\">\n<p class=\"\" data-start=\"1776\" data-end=\"1805\"><strong data-start=\"1776\" data-end=\"1789\">Tv\u00e5 l\u00e4gen<\/strong>: Normal<\/p>\n<\/li>\n<li class=\"\" data-start=\"1806\" data-end=\"1847\">\n<p class=\"\" data-start=\"1808\" data-end=\"1847\"><strong data-start=\"1808\" data-end=\"1827\">Dubbla mesh-coils<\/strong> f\u00f6r f\u00f6rb\u00e4ttrad smak<\/p>\n<\/li>\n<li class=\"\" data-start=\"1848\" data-end=\"1872\">\n<p class=\"\" data-start=\"1850\" data-end=\"1872\"><strong data-start=\"1850\" data-end=\"1872\">HD animerad sk\u00e4rm<\/strong><\/p>\n<\/li>\n<li class=\"\" data-start=\"1873\" data-end=\"1900\">\n<p class=\"\" data-start=\"1875\" data-end=\"1900\"><strong data-start=\"1875\" data-end=\"1900\">Stj\u00e4rnljus-gl\u00f6d effekt<\/strong><\/p>\n<\/li>\n<li class=\"\" data-start=\"1901\" data-end=\"1932\">\n<p class=\"\" data-start=\"1903\" data-end=\"1932\"><strong data-start=\"1903\" data-end=\"1921\">Drag-aktiverad<\/strong> MTL-vaping<\/p>\n<\/li>\n<li class=\"\" data-start=\"1933\" data-end=\"1977\">\n<p class=\"\" data-start=\"1935\" data-end=\"1977\"><strong data-start=\"1935\" data-end=\"1977\">Milj\u00f6medveten och anv\u00e4ndarv\u00e4nlig design<\/strong><\/p>\n<\/li>\n<\/ul>\n<h2 class=\"product-title\"><strong>Solaris 25000 Puff Eng\u00e5ngs E-cigaretter Smakrecension<\/strong><\/h2>\n<article class=\"w-full text-token-text-primary focus-visible:outline-2 focus-visible:outline-offset-[-4px]\" dir=\"auto\" data-testid=\"conversation-turn-32\" data-scroll-anchor=\"false\">\n<div class=\"m-auto text-base py-[18px] px-6\">\n<div class=\"mx-auto flex flex-1 text-base gap-4 md:gap-5 lg:gap-6 md:max-w-3xl lg:max-w-[40rem] xl:max-w-[48rem]\">\n<div class=\"group\/conversation-turn relative flex w-full min-w-0 flex-col @xs\/thread:px-0 @sm\/thread:px-1.5 @md\/thread:px-4\">\n<div class=\"flex-col gap-1 md:gap-3\">\n<div class=\"flex max-w-full flex-col flex-grow\">\n<div class=\"min-h-8 text-message flex w-full flex-col items-end gap-2 whitespace-normal break-words text-start [.text-message+&amp;]:mt-5\" dir=\"auto\" data-message-author-role=\"user\" data-message-id=\"ffac41ca-1db4-431b-873a-32c4052956f1\">\n<div class=\"flex w-full flex-col gap-1 empty:hidden items-end rtl:items-start\">\n<div class=\"relative max-w-[var(--user-chat-width,70%)] rounded-3xl bg-token-message-surface px-5 py-2.5\">\n<div class=\"absolute bottom-0 right-full top-0 -mr-3.5 hidden pr-5 pt-2 [.group\/conversation-turn:hover_&amp;]:flex\">\n<div class=\"flex\">\n<article class=\"w-full text-token-text-primary focus-visible:outline-2 focus-visible:outline-offset-[-4px]\" dir=\"auto\" data-testid=\"conversation-turn-39\" data-scroll-anchor=\"true\">\n<div class=\"m-auto text-base py-[18px] px-6\">\n<div class=\"mx-auto flex flex-1 text-base gap-4 md:gap-5 lg:gap-6 md:max-w-3xl lg:max-w-[40rem] xl:max-w-[48rem]\">\n<div class=\"group\/conversation-turn relative flex w-full min-w-0 flex-col agent-turn @xs\/thread:px-0 @sm\/thread:px-1.5 @md\/thread:px-4\">\n<div class=\"flex-col gap-1 md:gap-3\">\n<div class=\"flex max-w-full flex-col flex-grow\">\n<div class=\"min-h-8 text-message flex w-full flex-col items-end gap-2 whitespace-normal break-words text-start [.text-message+&amp;]:mt-5\" dir=\"auto\" data-message-author-role=\"assistant\" data-message-id=\"55a23854-ec57-48dd-bd4f-6118f43d6241\" data-message-model-slug=\"gpt-4o\">\n<div class=\"flex w-full flex-col gap-1 empty:hidden first:pt-[3px]\">\n<div class=\"markdown prose w-full break-words dark:prose-invert light\">\n<ul>\n<li class=\"\" data-start=\"2002\" data-end=\"2063\">\n<p class=\"\" data-start=\"2004\" data-end=\"2063\"><strong data-start=\"2004\" data-end=\"2017\">Bl\u00e5 Razz<\/strong> \u2013 S\u00f6t och syrlig blandning av bl\u00e5b\u00e4r och hallon<\/p>\n<\/li>\n<li class=\"\" data-start=\"2064\" data-end=\"2128\">\n<p class=\"\" data-start=\"2066\" data-end=\"2128\"><strong data-start=\"2066\" data-end=\"2082\">Blue Slurpie<\/strong> \u2013 Iskall bl\u00e5 slush f\u00f6r en sval, nostalgisk k\u00e4nsla<\/p>\n<\/li>\n<li class=\"\" data-start=\"2129\" data-end=\"2179\">\n<p class=\"\" data-start=\"2131\" data-end=\"2179\"><strong data-start=\"2131\" data-end=\"2146\">K\u00f6rsb\u00e4r Bomb<\/strong> \u2013 En explosion av dj\u00e4rv k\u00f6rsb\u00e4rssmak<\/p>\n<\/li>\n<li class=\"\" data-start=\"2180\" data-end=\"2241\">\n<p class=\"\" data-start=\"2182\" data-end=\"2241\"><strong data-start=\"2182\" data-end=\"2195\">Kall Mint<\/strong> \u2013 Krispig, uppfriskande mint f\u00f6r en ren avslutning<\/p>\n<\/li>\n<li class=\"\" data-start=\"2242\" data-end=\"2325\">\n<p class=\"\" data-start=\"2244\" data-end=\"2325\"><strong data-start=\"2244\" data-end=\"2274\">Mango Dragonfruit Lemonad<\/strong> \u2013 En tropisk fusion av mango, drakfrukt och citrus<\/p>\n<\/li>\n<li class=\"\" data-start=\"2326\" data-end=\"2378\">\n<p class=\"\" data-start=\"2328\" data-end=\"2378\"><strong data-start=\"2328\" data-end=\"2342\">Miami Mint<\/strong> \u2013 Mjuk mint med en k\u00e4nsla av kusten<\/p>\n<\/li>\n<li class=\"\" data-start=\"2379\" data-end=\"2448\">\n<p class=\"\" data-start=\"2381\" data-end=\"2448\"><strong data-start=\"2381\" data-end=\"2406\">Jordgubbsvattenmelon<\/strong> \u2013 En kombination av saftig jordgubbe och vattenmelon<\/p>\n<\/li>\n<li class=\"\" data-start=\"2449\" data-end=\"2502\">\n<p class=\"\" data-start=\"2451\" data-end=\"2502\"><strong data-start=\"2451\" data-end=\"2467\">Summer Blast<\/strong> \u2013 Ett utbrott av blandade sommarfrukter<\/p>\n<\/li>\n<li class=\"\" data-start=\"2449\" data-end=\"2502\">\n<p class=\"\" data-start=\"2451\" data-end=\"2502\"><strong style=\"font-size: 16px;\" data-start=\"2505\" data-end=\"2525\">Watermelon Chill<\/strong><span style=\"font-size: 16px;\"> \u2013 Uppfriskande kyld vattenmelonsmak<\/span><\/p>\n<p>&nbsp;<\/p>\n<p>&nbsp;<\/p>\n<p>&nbsp;<\/p>\n<div class=\"mceTemp\">\n<p>&nbsp;<\/p>\n<p><img decoding=\"async\" class=\"wp-image-4112 size-full\" src=\"https:\/\/vapestornado.com\/wp-content\/uploads\/2025\/04\/Solaris-25K-Disposable-Wholesale.png\" alt=\"Solaris 25K Eng\u00e5ngs Grossist\" width=\"800\" height=\"800\" srcset=\"https:\/\/vapestornado.com\/wp-content\/uploads\/2025\/04\/Solaris-25K-Disposable-Wholesale.png 800w, https:\/\/vapestornado.com\/wp-content\/uploads\/2025\/04\/Solaris-25K-Disposable-Wholesale-300x300.png 300w, https:\/\/vapestornado.com\/wp-content\/uploads\/2025\/04\/Solaris-25K-Disposable-Wholesale-150x150.png 150w, https:\/\/vapestornado.com\/wp-content\/uploads\/2025\/04\/Solaris-25K-Disposable-Wholesale-768x768.png 768w, https:\/\/vapestornado.com\/wp-content\/uploads\/2025\/04\/Solaris-25K-Disposable-Wholesale-600x600.png 600w, https:\/\/vapestornado.com\/wp-content\/uploads\/2025\/04\/Solaris-25K-Disposable-Wholesale-100x100.png 100w\" sizes=\"(max-width: 800px) 100vw, 800px\" \/><\/p>\n<\/div>\n<\/li>\n<\/ul>\n<\/div>\n<\/div>\n<\/div>\n<\/div>\n<\/div>\n<\/div>\n<\/div>\n<\/div>\n<\/article>\n<\/div>\n<\/div>\n<\/div>\n<\/div>\n<\/div>\n<\/div>\n<\/div>\n<\/div>\n<\/div>\n<\/div>\n<\/article>\n<h2>Varf\u00f6r v\u00e4lja Vapestornado f\u00f6r att k\u00f6pa Solaris 25000 Puff i bulk?<\/h2>\n<div class=\"flex-shrink-0 flex flex-col relative items-end\">\n<div class=\"pt-0\">\n<div class=\"gizmo-bot-avatar flex h-8 w-8 items-center justify-center overflow-hidden rounded-full\">\n<div class=\"relative p-1 rounded-sm flex items-center justify-center bg-token-main-surface-primary text-token-text-primary h-8 w-8\">\n<p>At\u00a0<strong>VapeTornado<\/strong>, vi \u00e4r stolta \u00f6ver att leverera\u00a0<strong>premium vapingprodukter till oslagbara priser<\/strong>\u2014och Elf Box Crystal Bar 600 \u00e4r inget undantag! H\u00e4r \u00e4r varf\u00f6r du b\u00f6r k\u00f6pa fr\u00e5n oss:<\/p>\n<p class=\"\" data-start=\"49\" data-end=\"193\"><strong data-start=\"49\" data-end=\"81\">Oslagbara grossistpriser<\/strong> \u2013 Njut av de b\u00e4sta grossistavtalen p\u00e5 marknaden, vilket g\u00f6r oss till den sj\u00e4lvklara leverant\u00f6ren f\u00f6r vapebutiker och \u00e5terf\u00f6rs\u00e4ljare \u00f6ver hela v\u00e4rlden.<\/p>\n<p class=\"\" data-start=\"195\" data-end=\"340\"><strong data-start=\"195\" data-end=\"228\">Snabb leverans<\/strong> \u2013 Vi levererar dina best\u00e4llningar snabbt och s\u00e4kert, med p\u00e5litliga globala fraktalternativ anpassade efter dina behov.<\/p>\n<p class=\"\" data-start=\"342\" data-end=\"487\"><strong data-start=\"342\" data-end=\"367\">100% \u00c4kta Produkter<\/strong> \u2013 S\u00e4g adj\u00f6 till kopior! Vi garanterar endast original Solaris 25000 eng\u00e5ngsvapes med verifierad kvalitet och prestanda.<\/p>\n<p class=\"\" data-start=\"489\" data-end=\"627\"><strong data-start=\"489\" data-end=\"516\">Expertkundsupport<\/strong> \u2013 Har du fr\u00e5gor? V\u00e5rt kunniga vape-team finns h\u00e4r f\u00f6r dig n\u00e4r som helst, vilket s\u00e4kerst\u00e4ller en smidig och problemfri service.<\/p>\n<p data-start=\"559\" data-end=\"933\" data-is-last-node=\"\" data-is-only-node=\"\">Vi har \u00e4ven andra popul\u00e4ra vapes med sk\u00e4rm som <a href=\"https:\/\/vapestornado.com\/sv\/product\/bang-king-vape-36000-puff-dual-vaping-mode-disposables-pod-best-price\/\">BANG KING 36000 Shisha<\/a>, <a href=\"https:\/\/vapestornado.com\/sv\/product\/waspe-aiviou-3-in-1-60000-puffs-disposable-vape-kit-best-price\/\">WASPE 60000 3 i 1<\/a>, <a href=\"https:\/\/vapestornado.com\/sv\/product\/alfakh-crown-bar-20000-puffs-disposable-shisha-hookah-wholesale-vape-pen\/\">ALFAKH 20000<\/a>, och mer.<\/p>\n<\/div>\n<div class=\"relative p-1 rounded-sm flex items-center justify-center bg-token-main-surface-primary text-token-text-primary h-8 w-8\">\n<h2>Vanliga fr\u00e5gor f\u00f6r Solaris 25000 Puff<\/h2>\n<p class=\"\" data-start=\"155\" data-end=\"385\"><strong data-start=\"155\" data-end=\"212\">1. Hur laddar jag Solaris 25000 eng\u00e5ngs vape?<\/strong><br data-start=\"212\" data-end=\"215\" \/>Solaris 25000 har tv\u00e5 laddningsmetoder: en inbyggd <strong data-start=\"276\" data-end=\"291\">solpanel<\/strong> f\u00f6r milj\u00f6v\u00e4nlig laddning och en <strong data-start=\"324\" data-end=\"343\">USB Type-C-port<\/strong> (kabel ing\u00e5r ej) f\u00f6r snabb uppladdning.<\/p>\n<p class=\"\" data-start=\"387\" data-end=\"576\"><strong data-start=\"387\" data-end=\"438\">2. Hur m\u00e5nga bloss ger Solaris 25000?<\/strong><br data-start=\"438\" data-end=\"441\" \/>Varje enhet inneh\u00e5ller cirka <strong data-start=\"476\" data-end=\"492\">25 000 puff<\/strong>, tack vare sitt h\u00f6gkapacitets <strong data-start=\"522\" data-end=\"550\">18 ml f\u00f6rfylld e-v\u00e4tska<\/strong> och uppladdningsbart batteri.<\/p>\n<p class=\"\" data-start=\"578\" data-end=\"805\"><strong data-start=\"578\" data-end=\"637\">3. Vad \u00e4r skillnaden mellan normal- och boost-l\u00e4ge?<\/strong><br data-start=\"637\" data-end=\"640\" \/>Normall\u00e4get ger en mjukare, vanlig vape-upplevelse, medan boost-l\u00e4get intensifierar \u00e5ngproduktionen och halstr\u00e4ffen \u2013 perfekt f\u00f6r anv\u00e4ndare som s\u00f6ker starkare prestanda.<\/p>\n<p class=\"\" data-start=\"807\" data-end=\"1031\"><strong data-start=\"807\" data-end=\"860\">4. \u00c4r Solaris 25000 p\u00e5fyllningsbar eller eng\u00e5ngsanv\u00e4ndning?<\/strong><br data-start=\"860\" data-end=\"863\" \/>Solaris 25000 \u00e4r en <strong data-start=\"882\" data-end=\"901\">eng\u00e5ngs vape<\/strong>. \u00c4ven om den \u00e4r <strong data-start=\"915\" data-end=\"931\">uppladdningsbar<\/strong>, \u00e4r den <strong data-start=\"942\" data-end=\"975\">f\u00f6rfylld och icke-p\u00e5fyllningsbar<\/strong>, vilket ger bekv\u00e4mlighet utan behov av underh\u00e5ll.<\/p>\n<p class=\"\" data-start=\"1033\" data-end=\"1232\"><strong data-start=\"1033\" data-end=\"1094\">5. Vilken nikotinstyrka inneh\u00e5ller Solaris 25000?<\/strong><br data-start=\"1094\" data-end=\"1097\" \/>Varje enhet inneh\u00e5ller <strong data-start=\"1116\" data-end=\"1138\">5% (50mg) nikotin<\/strong>, vilket ger en tillfredsst\u00e4llande k\u00e4nsla som passar vuxna anv\u00e4ndare som s\u00f6ker en starkare nikotinupplevelse.<\/p>\n<\/div>\n<\/div>\n<\/div>\n<\/div>","protected":false},"excerpt":{"rendered":"<p class=\"LC20lb MBeuO DKV0Md\">Solaris 25000 Puff B\u00e4sta onlinebutiken f\u00f6r vape i Sverige<br \/>\nSolaris 25000 Puff vape Partihandel Billigt pris<br \/>\nHeta Selling Solaris 25000 Puff Eng\u00e5ngs Vape<\/p>\n<p><strong>L\u00e4gg till Amys whatsapp f\u00f6r att f\u00e5 r\u00e4tt svar och rabatterat pris!<\/strong><\/p>\n<p><img fetchpriority=\"high\" decoding=\"async\" class=\"size-full wp-image-2932\" src=\"https:\/\/vapestornado.com\/wp-content\/uploads\/2024\/12\/Vape-Wholesale.jpg\" alt=\"Vape Partihandel\" width=\"229\" height=\"300\" \/><\/p>\n<h3><a href=\"https:\/\/wa.me\/8617776015835\"><span style=\"color: #ff0000;\"><strong>WhatsApp: +86 17776015835<\/strong><\/span><\/a><\/h3>\n<p>&nbsp;<\/p>","protected":false},"featured_media":4114,"comment_status":"open","ping_status":"closed","template":"","meta":{"_acf_changed":false,"_uag_custom_page_level_css":"","_lmt_disableupdate":"no","_lmt_disable":"","_monsterinsights_skip_tracking":false,"_monsterinsights_sitenote_active":false,"_monsterinsights_sitenote_note":"","_monsterinsights_sitenote_category":0,"site-sidebar-layout":"default","site-content-layout":"","ast-site-content-layout":"default","site-content-style":"default","site-sidebar-style":"default","ast-global-header-display":"","ast-banner-title-visibility":"","ast-main-header-display":"","ast-hfb-above-header-display":"","ast-hfb-below-header-display":"","ast-hfb-mobile-header-display":"","site-post-title":"","ast-breadcrumbs-content":"","ast-featured-img":"","footer-sml-layout":"","ast-disable-related-posts":"","theme-transparent-header-meta":"default","adv-header-id-meta":"","stick-header-meta":"","header-above-stick-meta":"","header-main-stick-meta":"","header-below-stick-meta":"","astra-migrate-meta-layouts":"set","ast-page-background-enabled":"default","ast-page-background-meta":{"desktop":{"background-color":"","background-image":"","background-repeat":"repeat","background-position":"center center","background-size":"auto","background-attachment":"scroll","background-type":"","background-media":"","overlay-type":"","overlay-color":"","overlay-opacity":"","overlay-gradient":""},"tablet":{"background-color":"","background-image":"","background-repeat":"repeat","background-position":"center center","background-size":"auto","background-attachment":"scroll","background-type":"","background-media":"","overlay-type":"","overlay-color":"","overlay-opacity":"","overlay-gradient":""},"mobile":{"background-color":"","background-image":"","background-repeat":"repeat","background-position":"center center","background-size":"auto","background-attachment":"scroll","background-type":"","background-media":"","overlay-type":"","overlay-color":"","overlay-opacity":"","overlay-gradient":""}},"ast-content-background-meta":{"desktop":{"background-color":"var(--ast-global-color-5)","background-image":"","background-repeat":"repeat","background-position":"center center","background-size":"auto","background-attachment":"scroll","background-type":"","background-media":"","overlay-type":"","overlay-color":"","overlay-opacity":"","overlay-gradient":""},"tablet":{"background-color":"var(--ast-global-color-5)","background-image":"","background-repeat":"repeat","background-position":"center center","background-size":"auto","background-attachment":"scroll","background-type":"","background-media":"","overlay-type":"","overlay-color":"","overlay-opacity":"","overlay-gradient":""},"mobile":{"background-color":"var(--ast-global-color-5)","background-image":"","background-repeat":"repeat","background-position":"center center","background-size":"auto","background-attachment":"scroll","background-type":"","background-media":"","overlay-type":"","overlay-color":"","overlay-opacity":"","overlay-gradient":""}},"_joinchat":{"telephone":"17776015835"}},"product_brand":[],"product_cat":[68,149,156,142,146],"product_tag":[105,331,330],"class_list":{"0":"post-4118","1":"product","2":"type-product","3":"status-publish","4":"has-post-thumbnail","6":"product_cat-25000-puff","7":"product_cat-buy-disposable-vapes-in-austria","8":"product_cat-buy-disposable-vapes-in-poland","9":"product_cat-digital-box-disposable-vapes","10":"product_cat-rechargeable-disposable-vapes","11":"product_tag-digital-disposable-vape","12":"product_tag-dispsoable-vape-kit-usa","13":"product_tag-solaris-25000-puff","14":"desktop-align-left","15":"tablet-align-left","16":"mobile-align-left","18":"first","19":"instock","20":"sale","21":"shipping-taxable","22":"purchasable","23":"product-type-simple"},"acf":[],"uagb_featured_image_src":{"full":["https:\/\/vapestornado.com\/wp-content\/uploads\/2025\/04\/Solaris-25000-Puffs-Rechargeable-Disposable.png",800,800,false],"thumbnail":["https:\/\/vapestornado.com\/wp-content\/uploads\/2025\/04\/Solaris-25000-Puffs-Rechargeable-Disposable-150x150.png",150,150,true],"medium":["https:\/\/vapestornado.com\/wp-content\/uploads\/2025\/04\/Solaris-25000-Puffs-Rechargeable-Disposable-300x300.png",300,300,true],"medium_large":["https:\/\/vapestornado.com\/wp-content\/uploads\/2025\/04\/Solaris-25000-Puffs-Rechargeable-Disposable-768x768.png",768,768,true],"large":["https:\/\/vapestornado.com\/wp-content\/uploads\/2025\/04\/Solaris-25000-Puffs-Rechargeable-Disposable.png",800,800,false],"1536x1536":["https:\/\/vapestornado.com\/wp-content\/uploads\/2025\/04\/Solaris-25000-Puffs-Rechargeable-Disposable.png",800,800,false],"2048x2048":["https:\/\/vapestornado.com\/wp-content\/uploads\/2025\/04\/Solaris-25000-Puffs-Rechargeable-Disposable.png",800,800,false],"trp-custom-language-flag":["https:\/\/vapestornado.com\/wp-content\/uploads\/2025\/04\/Solaris-25000-Puffs-Rechargeable-Disposable.png",12,12,false],"woocommerce_thumbnail":["https:\/\/vapestornado.com\/wp-content\/uploads\/2025\/04\/Solaris-25000-Puffs-Rechargeable-Disposable-300x300.png",300,300,true],"woocommerce_single":["https:\/\/vapestornado.com\/wp-content\/uploads\/2025\/04\/Solaris-25000-Puffs-Rechargeable-Disposable-600x600.png",600,600,true],"woocommerce_gallery_thumbnail":["https:\/\/vapestornado.com\/wp-content\/uploads\/2025\/04\/Solaris-25000-Puffs-Rechargeable-Disposable-100x100.png",100,100,true]},"uagb_author_info":{"display_name":"ESAMY","author_link":"https:\/\/vapestornado.com\/sv\/author\/"},"uagb_comment_info":0,"uagb_excerpt":"Solaris 25000 Puff\u00a0 Best online Vape store USA Solaris 25000 Puff vape Wholesale Cheap Price Hot Selling Solaris 25000 Puff Disposables Vapor Add Amy's whatsapp to get right reply and discount price! WhatsApp: +86 17776015835 &nbsp;","_links":{"self":[{"href":"https:\/\/vapestornado.com\/sv\/wp-json\/wp\/v2\/product\/4118","targetHints":{"allow":["GET"]}}],"collection":[{"href":"https:\/\/vapestornado.com\/sv\/wp-json\/wp\/v2\/product"}],"about":[{"href":"https:\/\/vapestornado.com\/sv\/wp-json\/wp\/v2\/types\/product"}],"replies":[{"embeddable":true,"href":"https:\/\/vapestornado.com\/sv\/wp-json\/wp\/v2\/comments?post=4118"}],"wp:featuredmedia":[{"embeddable":true,"href":"https:\/\/vapestornado.com\/sv\/wp-json\/wp\/v2\/media\/4114"}],"wp:attachment":[{"href":"https:\/\/vapestornado.com\/sv\/wp-json\/wp\/v2\/media?parent=4118"}],"wp:term":[{"taxonomy":"product_brand","embeddable":true,"href":"https:\/\/vapestornado.com\/sv\/wp-json\/wp\/v2\/product_brand?post=4118"},{"taxonomy":"product_cat","embeddable":true,"href":"https:\/\/vapestornado.com\/sv\/wp-json\/wp\/v2\/product_cat?post=4118"},{"taxonomy":"product_tag","embeddable":true,"href":"https:\/\/vapestornado.com\/sv\/wp-json\/wp\/v2\/product_tag?post=4118"}],"curies":[{"name":"wp","href":"https:\/\/api.w.org\/{rel}","templated":true}]}}