{"id":4111,"date":"2025-04-11T09:55:33","date_gmt":"2025-04-11T09:55:33","guid":{"rendered":"https:\/\/vapestornado.com\/?post_type=product&#038;p=4111"},"modified":"2025-12-04T03:58:48","modified_gmt":"2025-12-04T03:58:48","slug":"high-quality-bang-leader-30000-puffs-disposable-box-pod-vaporizer","status":"publish","type":"product","link":"https:\/\/vapestornado.com\/sv\/product\/high-quality-bang-leader-30000-puffs-disposable-box-pod-vaporizer\/","title":{"rendered":"H\u00f6gkvalitativ Bang Leader 30000 Puffs Disposable Box Pod Vaporizer"},"content":{"rendered":"<h1 data-pm-slice=\"1 1 []\">H\u00f6gkvalitativ Bang Leader 30000 Puffs Disposable Box Pod Vaporizer<\/h1>\n<p data-start=\"1148\" data-end=\"1548\">Om du vill ha en eng\u00e5ngsprodukt som h\u00e5ller mycket l\u00e4ngre \u00e4n standardenheter, l\u00e5ter dig v\u00e4xla mellan tv\u00e5 smaker direkt och h\u00e5ller dig informerad med en smart sk\u00e4rm, levererar Bang Leader 30000 Puff upp till 30 000 puff med dubbla n\u00e4tspolar, dubbelsmakrotation och Type-C-laddning i en kompakt design.<\/p>\n<ul>\n<li data-start=\"759\" data-end=\"922\">\n<p data-start=\"761\" data-end=\"922\"><strong data-start=\"761\" data-end=\"779\">Byggd f\u00f6r att h\u00e5lla:<\/strong> Med <strong data-start=\"785\" data-end=\"807\">upp till 30 000 puff<\/strong>, detta \u00e4r ett <strong data-start=\"819\" data-end=\"854\">l\u00e4ngst varaktiga eng\u00e5ngs vapen<\/strong> alternativ i sin klass, som minskar behovet av ers\u00e4ttningar och kostnad per puff.<\/p>\n<\/li>\n<li data-start=\"923\" data-end=\"1082\">\n<p data-start=\"925\" data-end=\"1082\"><strong data-start=\"925\" data-end=\"953\">Tv\u00e5 smaker, en enhet:<\/strong> Den <strong data-start=\"958\" data-end=\"1001\">Bang Leader 30000 Puff dual flavor vape<\/strong> l\u00e5ter dig vrida och v\u00e4xla mellan tv\u00e5 profiler direkt\u2014ingen extra vape beh\u00f6vs.<\/p>\n<\/li>\n<li data-start=\"1083\" data-end=\"1235\">\n<p data-start=\"1085\" data-end=\"1235\"><strong data-start=\"1085\" data-end=\"1107\">Realtidskontroll:<\/strong> Som en <strong data-start=\"1113\" data-end=\"1148\">eng\u00e5ngsvape med LED-sk\u00e4rm<\/strong>, visar den tydligt batteri- och e-v\u00e4tskeniv\u00e5er, s\u00e5 du aldrig \u00e4r os\u00e4ker mitt i sessionen.<\/p>\n<\/li>\n<li data-start=\"1236\" data-end=\"1377\">\n<p data-start=\"1238\" data-end=\"1377\"><strong data-start=\"1238\" data-end=\"1267\">P\u00e5litlig smakleverans:<\/strong> <strong data-start=\"1268\" data-end=\"1287\">Dubbla mesh-coils<\/strong> h\u00e5ller \u00e5ngan t\u00e4t och smaken mjuk fr\u00e5n f\u00f6rsta draget till det sista, \u00e4ven vid l\u00e5ng anv\u00e4ndning.<\/p>\n<\/li>\n<li data-start=\"1378\" data-end=\"1517\">\n<p data-start=\"1380\" data-end=\"1517\"><strong data-start=\"1380\" data-end=\"1411\">Bekv\u00e4m kraft f\u00f6r farten:<\/strong> <strong data-start=\"1412\" data-end=\"1450\">550mAh Typ-C uppladdningsbart batteri<\/strong> betyder att du kan avsluta full tank utan att enheten d\u00f6r tidigt.<\/p>\n<\/li>\n<\/ul>\n<h2 class=\"\" data-start=\"1229\" data-end=\"1282\"><strong data-start=\"1235\" data-end=\"1282\">Bang Leader 30000 Puff Vape-specifikation<\/strong><\/h2>\n<table>\n<thead>\n<tr>\n<th>Parameter<\/th>\n<th align=\"right\">Specifikation<\/th>\n<th>M\u00e4nsklig f\u00f6rklaring<\/th>\n<\/tr>\n<\/thead>\n<tbody>\n<tr>\n<td>Puffkapacitet<\/td>\n<td align=\"right\">Upp till 30 000 puffar<\/td>\n<td>En av de l\u00e4ngsta h\u00e5llbara eng\u00e5ngsvapes i sin kategori; f\u00e4rre \u00e5terk\u00f6p.<\/td>\n<\/tr>\n<tr>\n<td>Smakssystem<\/td>\n<td align=\"right\">Dubbel smakrotation<\/td>\n<td>Tv\u00e5 smaker i en enhet; vrid f\u00f6r att byta omedelbart.<\/td>\n<\/tr>\n<tr>\n<td>Spoltyp<\/td>\n<td align=\"right\">Dubbla mesh-coils<\/td>\n<td>J\u00e4mn v\u00e4rme = starkare smak, mjukare \u00e5nga, mindre blekning.<\/td>\n<\/tr>\n<tr>\n<td>Batteri<\/td>\n<td align=\"right\">550mAh uppladdningsbar<\/td>\n<td>Tillr\u00e4cklig kraft f\u00f6r l\u00e5ng anv\u00e4ndning; ladda om ist\u00e4llet f\u00f6r att f\u00f6rlora puffar.<\/td>\n<\/tr>\n<tr>\n<td>Laddning<\/td>\n<td align=\"right\">USB Typ-C<\/td>\n<td>Snabb, universell laddningskabelstandard.<\/td>\n<\/tr>\n<tr>\n<td>Visa<\/td>\n<td align=\"right\">LED smart sk\u00e4rm<\/td>\n<td>Visar batteri- och e-v\u00e4tskeniv\u00e5er s\u00e5 att du h\u00e5ller kontrollen.<\/td>\n<\/tr>\n<tr>\n<td>Aktivering<\/td>\n<td align=\"right\">Drag-aktiverad<\/td>\n<td>Inga knappar; andas in f\u00f6r att vapa\u2014nyb\u00f6rjarv\u00e4nlig.<\/td>\n<\/tr>\n<tr>\n<td>Kroppsstil<\/td>\n<td align=\"right\">Kompakt boxdesign<\/td>\n<td>L\u00e4tt att b\u00e4ra, robust i fickor eller v\u00e4skor.<\/td>\n<\/tr>\n<tr>\n<td>M\u00e5lgrupp<\/td>\n<td align=\"right\">Dagliga + intensiva sessioner<\/td>\n<td>Fungerar f\u00f6r fritidsanv\u00e4ndare och h\u00f6gfrekventa vape-anv\u00e4ndare.<\/td>\n<\/tr>\n<\/tbody>\n<\/table>\n<p data-start=\"666\" data-end=\"1235\"><strong style=\"font-size: 16px;\"><span style=\"color: #ff0000;\">L\u00e4gg till Amys WhatsApp f\u00f6r att f\u00e5 r\u00e4tt svar och rabatterat pris!<\/span><\/strong><\/p>\n<p><img fetchpriority=\"high\" decoding=\"async\" class=\"size-full wp-image-2932\" src=\"https:\/\/vapestornado.com\/wp-content\/uploads\/2024\/12\/Vape-Wholesale.jpg\" alt=\"Vape Partihandel\" width=\"229\" height=\"300\" \/><\/p>\n<h3><a href=\"https:\/\/wa.me\/8617776015835\" target=\"_blank\" rel=\"noopener\"><span style=\"color: #ff0000;\"><strong>WhatsApp: +86 17776015835<\/strong><\/span><\/a><\/h3>\n<p>&nbsp;<\/p>\n<h2 class=\"product-title\"><strong>Bang Leader 30k Eng\u00e5ngs E-cigarett Smak\u00f6versikt<\/strong><\/h2>\n<article class=\"w-full text-token-text-primary focus-visible:outline-2 focus-visible:outline-offset-[-4px]\" dir=\"auto\" data-testid=\"conversation-turn-32\" data-scroll-anchor=\"false\">\n<div class=\"m-auto text-base py-[18px] px-6\">\n<div class=\"mx-auto flex flex-1 text-base gap-4 md:gap-5 lg:gap-6 md:max-w-3xl lg:max-w-[40rem] xl:max-w-[48rem]\">\n<div class=\"group\/conversation-turn relative flex w-full min-w-0 flex-col @xs\/thread:px-0 @sm\/thread:px-1.5 @md\/thread:px-4\">\n<div class=\"flex-col gap-1 md:gap-3\">\n<div class=\"flex max-w-full flex-col flex-grow\">\n<div class=\"min-h-8 text-message flex w-full flex-col items-end gap-2 whitespace-normal break-words text-start [.text-message+&amp;]:mt-5\" dir=\"auto\" data-message-author-role=\"user\" data-message-id=\"ffac41ca-1db4-431b-873a-32c4052956f1\">\n<div class=\"flex w-full flex-col gap-1 empty:hidden items-end rtl:items-start\">\n<div class=\"relative max-w-[var(--user-chat-width,70%)] rounded-3xl bg-token-message-surface px-5 py-2.5\">\n<div class=\"absolute bottom-0 right-full top-0 -mr-3.5 hidden pr-5 pt-2 [.group\/conversation-turn:hover_&amp;]:flex\">\n<div class=\"flex\">\n<article class=\"w-full text-token-text-primary focus-visible:outline-2 focus-visible:outline-offset-[-4px]\" dir=\"auto\" data-testid=\"conversation-turn-39\" data-scroll-anchor=\"true\">\n<div class=\"m-auto text-base py-[18px] px-6\">\n<div class=\"mx-auto flex flex-1 text-base gap-4 md:gap-5 lg:gap-6 md:max-w-3xl lg:max-w-[40rem] xl:max-w-[48rem]\">\n<div class=\"group\/conversation-turn relative flex w-full min-w-0 flex-col agent-turn @xs\/thread:px-0 @sm\/thread:px-1.5 @md\/thread:px-4\">\n<div class=\"flex-col gap-1 md:gap-3\">\n<div class=\"flex max-w-full flex-col flex-grow\">\n<div class=\"min-h-8 text-message flex w-full flex-col items-end gap-2 whitespace-normal break-words text-start [.text-message+&amp;]:mt-5\" dir=\"auto\" data-message-author-role=\"assistant\" data-message-id=\"55a23854-ec57-48dd-bd4f-6118f43d6241\" data-message-model-slug=\"gpt-4o\">\n<div class=\"flex w-full flex-col gap-1 empty:hidden first:pt-[3px]\">\n<div class=\"markdown prose w-full break-words dark:prose-invert light\">\n<p>1. Vattenmelonis<br \/>\n2. Vattenmelon Is<br \/>\n6.Jordgubbsvattenmelon<br \/>\n4. Jordgubbe Och Vattenmelon<br \/>\n5. Bl\u00e5b\u00e4r Hallon<br \/>\n6. Bl\u00e5b\u00e4r Hallon<br \/>\n7. Bl\u00e5b\u00e4r Is<br \/>\n8. Bl\u00e5b\u00e4r Is<br \/>\n9. Red Bull<br \/>\n10. Red Bull<br \/>\n11. Jordgubbe Kiwi<br \/>\n12. Jordgubbe Kiwi<\/p>\n<figure id=\"attachment_4109\" aria-describedby=\"caption-attachment-4109\" style=\"width: 800px\" class=\"wp-caption alignnone\"><img decoding=\"async\" class=\"wp-image-4109 size-full\" src=\"https:\/\/vapestornado.com\/wp-content\/uploads\/2025\/04\/High-Quality-Bang-Leader-30000-Puffs-Pen-Pod.webp\" alt=\"H\u00f6gkvalitativ Bang Leader 30000 Puffs Pen Pod\" width=\"800\" height=\"800\" srcset=\"https:\/\/vapestornado.com\/wp-content\/uploads\/2025\/04\/High-Quality-Bang-Leader-30000-Puffs-Pen-Pod.webp 800w, https:\/\/vapestornado.com\/wp-content\/uploads\/2025\/04\/High-Quality-Bang-Leader-30000-Puffs-Pen-Pod-300x300.webp 300w, https:\/\/vapestornado.com\/wp-content\/uploads\/2025\/04\/High-Quality-Bang-Leader-30000-Puffs-Pen-Pod-150x150.webp 150w, https:\/\/vapestornado.com\/wp-content\/uploads\/2025\/04\/High-Quality-Bang-Leader-30000-Puffs-Pen-Pod-768x768.webp 768w, https:\/\/vapestornado.com\/wp-content\/uploads\/2025\/04\/High-Quality-Bang-Leader-30000-Puffs-Pen-Pod-600x600.webp 600w, https:\/\/vapestornado.com\/wp-content\/uploads\/2025\/04\/High-Quality-Bang-Leader-30000-Puffs-Pen-Pod-100x100.webp 100w\" sizes=\"(max-width: 800px) 100vw, 800px\" \/><figcaption id=\"caption-attachment-4109\" class=\"wp-caption-text\">H\u00f6gkvalitativ Bang Leader 30000 Puffs Pen Pod<\/figcaption><\/figure>\n<\/div>\n<\/div>\n<\/div>\n<\/div>\n<\/div>\n<\/div>\n<\/div>\n<\/div>\n<\/article>\n<\/div>\n<\/div>\n<\/div>\n<\/div>\n<\/div>\n<\/div>\n<\/div>\n<\/div>\n<\/div>\n<\/div>\n<\/article>\n<h2>Varf\u00f6r Vapestornado \u00e4r det b\u00e4sta st\u00e4llet att k\u00f6pa e-cigaretter?<\/h2>\n<div class=\"flex-shrink-0 flex flex-col relative items-end\">\n<div class=\"pt-0\">\n<div class=\"gizmo-bot-avatar flex h-8 w-8 items-center justify-center overflow-hidden rounded-full\">\n<div class=\"relative p-1 rounded-sm flex items-center justify-center bg-token-main-surface-primary text-token-text-primary h-8 w-8\">\n<p>At\u00a0<strong>VapeTornado<\/strong>, vi \u00e4r stolta \u00f6ver att leverera\u00a0<strong>premium vapingprodukter till oslagbara priser<\/strong>\u2014och Bang Leader 30000 Puff 30k \u00e4r inget undantag! H\u00e4r \u00e4r varf\u00f6r du b\u00f6r k\u00f6pa fr\u00e5n oss:<\/p>\n<p class=\"\" data-start=\"49\" data-end=\"193\"><strong data-start=\"49\" data-end=\"81\">Oslagbara grossistpriser<\/strong> \u2013 Njut av de b\u00e4sta grossistavtalen p\u00e5 marknaden, vilket g\u00f6r oss till den sj\u00e4lvklara leverant\u00f6ren f\u00f6r vapebutiker och \u00e5terf\u00f6rs\u00e4ljare \u00f6ver hela v\u00e4rlden.<\/p>\n<p class=\"\" data-start=\"195\" data-end=\"340\"><strong data-start=\"195\" data-end=\"228\">Snabb leverans<\/strong> \u2013 Vi levererar dina best\u00e4llningar snabbt och s\u00e4kert, med p\u00e5litliga globala fraktalternativ anpassade efter dina behov.<\/p>\n<p class=\"\" data-start=\"342\" data-end=\"487\"><strong data-start=\"342\" data-end=\"367\">100% \u00c4kta Produkter<\/strong> \u2013 S\u00e4g adj\u00f6 till f\u00f6rfalskningar! Vi garanterar endast original Bang Leader 30000 Puffs vapes med verifierad kvalitet och prestanda.<\/p>\n<p class=\"\" data-start=\"489\" data-end=\"627\"><strong data-start=\"489\" data-end=\"516\">Expertkundsupport<\/strong> \u2013 Har du fr\u00e5gor? V\u00e5rt kunniga vape-team finns h\u00e4r f\u00f6r dig n\u00e4r som helst, vilket s\u00e4kerst\u00e4ller en smidig och problemfri service.<\/p>\n<p data-start=\"559\" data-end=\"933\" data-is-last-node=\"\" data-is-only-node=\"\">Vi har \u00e4ven andra popul\u00e4ra vapes med sk\u00e4rm som <a href=\"https:\/\/vapestornado.com\/sv\/product\/wga-legend-ultra-30k-30000-puffs-rechargeable-vape-pod-twins-flavor\/\">WGA Kristall 30000 Puff<\/a>, <a href=\"https:\/\/vapestornado.com\/sv\/product\/waspe-aiviou-3-in-1-60000-puffs-disposable-vape-kit-best-price\/\">WASPE 60000 3 i 1<\/a>, <a href=\"https:\/\/vapestornado.com\/sv\/product\/uzy-crystal-50000-puff-twin-flavor-bulk-vapes-for-cheap\/\">UZY Kristall 50000<\/a>, och mer.<\/p>\n<\/div>\n<div class=\"relative p-1 rounded-sm flex items-center justify-center bg-token-main-surface-primary text-token-text-primary h-8 w-8\">\n<h2>Vanliga fr\u00e5gor om Bang Leader 30000 Puff som du kanske vill veta<\/h2>\n<p data-start=\"1588\" data-end=\"1913\"><strong data-start=\"1588\" data-end=\"1678\">Q: \u201cJag \u00e4r tr\u00f6tt p\u00e5 eng\u00e5ngsprodukter som tar slut p\u00e5 n\u00e5gra dagar. Kommer den h\u00e4r verkligen att h\u00e5lla?\u201d<\/strong><br data-start=\"1678\" data-end=\"1681\" \/><strong data-start=\"1681\" data-end=\"1687\">A:<\/strong> Ja. Bang Leader levererar <strong data-start=\"1718\" data-end=\"1740\">upp till 30 000 puff<\/strong>, s\u00e5 de flesta anv\u00e4ndare f\u00e5r <strong data-start=\"1760\" data-end=\"1776\">veckor av anv\u00e4ndning<\/strong>, inte dagar. Den \u00e4r utformad f\u00f6r tungvapers som vill ha f\u00e4rre byten och fritidsanv\u00e4ndare som vill ha en enhet som f\u00f6rblir p\u00e5litlig l\u00e4ngre.<\/p>\n<p data-start=\"1915\" data-end=\"2197\"><strong data-start=\"1915\" data-end=\"1980\">Q: \u201cF\u00f6rlorar en h\u00f6gpuff-eng\u00e5ngsprodukt smak halvv\u00e4gs?\u201d<\/strong><br data-start=\"1980\" data-end=\"1983\" \/><strong data-start=\"1983\" data-end=\"1989\">A:<\/strong> Det \u00e4r ett vanligt problem med standardspolar. Bang Leader l\u00f6ser det med <strong data-start=\"2061\" data-end=\"2090\">dubbel mesh coil-teknik<\/strong>, som v\u00e4rmer e-v\u00e4tskan j\u00e4mnt och beh\u00e5ller en stabil smakprofil och \u00e5ngt\u00e4thet under l\u00e5nga sessioner.<\/p>\n<p data-start=\"2199\" data-end=\"2470\"><strong data-start=\"2199\" data-end=\"2261\">Q: \u201cJag gillar att byta smaker. Beh\u00f6ver jag k\u00f6pa tv\u00e5 vape-enheter?\u201d<\/strong><br data-start=\"2261\" data-end=\"2264\" \/><strong data-start=\"2264\" data-end=\"2270\">A:<\/strong> Nej. Detta \u00e4r en sann <strong data-start=\"2290\" data-end=\"2333\">Bang Leader 30000 Puff dual flavor vape<\/strong>. Det dubbla smakbytesystemet l\u00e5ter dig <strong data-start=\"2376\" data-end=\"2415\">v\u00e4xla mellan tv\u00e5 smaker direkt<\/strong> med ett vrid, vilket ger variation utan att b\u00e4ra med sig reservdelar.<\/p>\n<p data-start=\"2472\" data-end=\"2734\"><strong data-start=\"2472\" data-end=\"2524\">Q: \u201cHur vet jag n\u00e4r batteriet eller v\u00e4tskan \u00e4r l\u00e5g?\u201d<\/strong><br data-start=\"2524\" data-end=\"2527\" \/><strong data-start=\"2527\" data-end=\"2533\">A:<\/strong> Den inbyggda smarta sk\u00e4rmen g\u00f6r detta till en <strong data-start=\"2573\" data-end=\"2608\">eng\u00e5ngsvape med LED-sk\u00e4rm<\/strong> som visar <strong data-start=\"2620\" data-end=\"2663\">batteri- och e-v\u00e4tskeniv\u00e5 i realtid<\/strong>. Du vet exakt n\u00e4r du ska ladda om eller byta\u2014ingen ov\u00e4ntad torrhet.<\/p>\n<p data-start=\"2954\" data-end=\"3124\"><strong data-start=\"2954\" data-end=\"3001\">Q: \u201c\u00c4r den tillr\u00e4ckligt portabel f\u00f6r daglig anv\u00e4ndning?\u201d<\/strong><br data-start=\"3001\" data-end=\"3004\" \/><strong data-start=\"3004\" data-end=\"3010\">A:<\/strong> Ja. Den kompakta, boxliknande kroppen \u00e4r <strong data-start=\"3047\" data-end=\"3078\">fickv\u00e4nlig och h\u00e5llbar<\/strong>, byggd f\u00f6r pendling, resor och utekv\u00e4llar.<\/p>\n<p data-start=\"3126\" data-end=\"3428\"><strong data-start=\"3126\" data-end=\"3170\">Q: \u201c\u00c4r smakerna starka och popul\u00e4ra?\u201d<\/strong><br data-start=\"3170\" data-end=\"3173\" \/><strong data-start=\"3173\" data-end=\"3179\">A:<\/strong> Sortimentet fokuserar p\u00e5 smakpar som f\u00f6rblir njutbara under l\u00e5ng anv\u00e4ndning\u2014som <strong data-start=\"3254\" data-end=\"3292\">Red Bull<\/strong>, <strong data-start=\"3294\" data-end=\"3325\">Jordgubbskiwi<\/strong>, och <strong data-start=\"3331\" data-end=\"3368\">Bl\u00e5b\u00e4rs-is<\/strong>. Dubbeln\u00e4tuppv\u00e4rmning h\u00e5ller varje profil ren och konsekvent.<\/p>\n<\/div>\n<\/div>\n<\/div>\n<\/div>","protected":false},"excerpt":{"rendered":"<p class=\"LC20lb MBeuO DKV0Md\">Bang Leader 30000 Puffs Billiga E-cigaretter Partihandel Sverige<br \/>\nBang Leader 30000 Puffs 2 i 1 Dubbelsmak Vape Box Partihandelspris<br \/>\nBang Leader 30000 Puffs Billiga E-cigaretter K\u00f6p i Bulk<\/p>\n<p><strong>L\u00e4gg till Amys whatsapp f\u00f6r att f\u00e5 r\u00e4tt svar och rabatterat pris!<\/strong><\/p>\n<p><img fetchpriority=\"high\" decoding=\"async\" class=\"size-full wp-image-2932\" src=\"https:\/\/vapestornado.com\/wp-content\/uploads\/2024\/12\/Vape-Wholesale.jpg\" alt=\"Vape Partihandel\" width=\"229\" height=\"300\" \/><\/p>\n<h3><a href=\"https:\/\/wa.me\/8617776015835\"><span style=\"color: #ff0000;\"><strong>WhatsApp: +86 17776015835<\/strong><\/span><\/a><\/h3>\n<p>&nbsp;<\/p>","protected":false},"featured_media":4105,"comment_status":"open","ping_status":"closed","template":"","meta":{"_acf_changed":false,"_uag_custom_page_level_css":"","_lmt_disableupdate":"no","_lmt_disable":"","_monsterinsights_skip_tracking":false,"_monsterinsights_sitenote_active":false,"_monsterinsights_sitenote_note":"","_monsterinsights_sitenote_category":0,"site-sidebar-layout":"default","site-content-layout":"","ast-site-content-layout":"default","site-content-style":"default","site-sidebar-style":"default","ast-global-header-display":"","ast-banner-title-visibility":"","ast-main-header-display":"","ast-hfb-above-header-display":"","ast-hfb-below-header-display":"","ast-hfb-mobile-header-display":"","site-post-title":"","ast-breadcrumbs-content":"","ast-featured-img":"","footer-sml-layout":"","ast-disable-related-posts":"","theme-transparent-header-meta":"default","adv-header-id-meta":"","stick-header-meta":"","header-above-stick-meta":"","header-main-stick-meta":"","header-below-stick-meta":"","astra-migrate-meta-layouts":"set","ast-page-background-enabled":"default","ast-page-background-meta":{"desktop":{"background-color":"","background-image":"","background-repeat":"repeat","background-position":"center center","background-size":"auto","background-attachment":"scroll","background-type":"","background-media":"","overlay-type":"","overlay-color":"","overlay-opacity":"","overlay-gradient":""},"tablet":{"background-color":"","background-image":"","background-repeat":"repeat","background-position":"center center","background-size":"auto","background-attachment":"scroll","background-type":"","background-media":"","overlay-type":"","overlay-color":"","overlay-opacity":"","overlay-gradient":""},"mobile":{"background-color":"","background-image":"","background-repeat":"repeat","background-position":"center center","background-size":"auto","background-attachment":"scroll","background-type":"","background-media":"","overlay-type":"","overlay-color":"","overlay-opacity":"","overlay-gradient":""}},"ast-content-background-meta":{"desktop":{"background-color":"var(--ast-global-color-5)","background-image":"","background-repeat":"repeat","background-position":"center center","background-size":"auto","background-attachment":"scroll","background-type":"","background-media":"","overlay-type":"","overlay-color":"","overlay-opacity":"","overlay-gradient":""},"tablet":{"background-color":"var(--ast-global-color-5)","background-image":"","background-repeat":"repeat","background-position":"center center","background-size":"auto","background-attachment":"scroll","background-type":"","background-media":"","overlay-type":"","overlay-color":"","overlay-opacity":"","overlay-gradient":""},"mobile":{"background-color":"var(--ast-global-color-5)","background-image":"","background-repeat":"repeat","background-position":"center center","background-size":"auto","background-attachment":"scroll","background-type":"","background-media":"","overlay-type":"","overlay-color":"","overlay-opacity":"","overlay-gradient":""}},"_joinchat":{"telephone":"17776015835"}},"product_brand":[],"product_cat":[67,278,154,156,142],"product_tag":[470,469,328,105,198],"class_list":{"0":"post-4111","1":"product","2":"type-product","3":"status-publish","4":"has-post-thumbnail","6":"product_cat-30000-puff","7":"product_cat-bang-leader-vape","8":"product_cat-buy-disposable-vapes-in-netherlands","9":"product_cat-buy-disposable-vapes-in-poland","10":"product_cat-digital-box-disposable-vapes","11":"product_tag-30k-puff-vape","12":"product_tag-bang-leader-30k","13":"product_tag-cheap-e-cigs","14":"product_tag-digital-disposable-vape","15":"product_tag-double-flavor-disposable-vape","16":"desktop-align-left","17":"tablet-align-left","18":"mobile-align-left","20":"first","21":"instock","22":"sale","23":"shipping-taxable","24":"purchasable","25":"product-type-simple"},"acf":[],"uagb_featured_image_src":{"full":["https:\/\/vapestornado.com\/wp-content\/uploads\/2025\/04\/Bang-30000-Puffs-Pro-Big-Screen-Double-Flavors-Disposable.webp",800,800,false],"thumbnail":["https:\/\/vapestornado.com\/wp-content\/uploads\/2025\/04\/Bang-30000-Puffs-Pro-Big-Screen-Double-Flavors-Disposable-150x150.webp",150,150,true],"medium":["https:\/\/vapestornado.com\/wp-content\/uploads\/2025\/04\/Bang-30000-Puffs-Pro-Big-Screen-Double-Flavors-Disposable-300x300.webp",300,300,true],"medium_large":["https:\/\/vapestornado.com\/wp-content\/uploads\/2025\/04\/Bang-30000-Puffs-Pro-Big-Screen-Double-Flavors-Disposable-768x768.webp",768,768,true],"large":["https:\/\/vapestornado.com\/wp-content\/uploads\/2025\/04\/Bang-30000-Puffs-Pro-Big-Screen-Double-Flavors-Disposable.webp",800,800,false],"1536x1536":["https:\/\/vapestornado.com\/wp-content\/uploads\/2025\/04\/Bang-30000-Puffs-Pro-Big-Screen-Double-Flavors-Disposable.webp",800,800,false],"2048x2048":["https:\/\/vapestornado.com\/wp-content\/uploads\/2025\/04\/Bang-30000-Puffs-Pro-Big-Screen-Double-Flavors-Disposable.webp",800,800,false],"trp-custom-language-flag":["https:\/\/vapestornado.com\/wp-content\/uploads\/2025\/04\/Bang-30000-Puffs-Pro-Big-Screen-Double-Flavors-Disposable.webp",12,12,false],"woocommerce_thumbnail":["https:\/\/vapestornado.com\/wp-content\/uploads\/2025\/04\/Bang-30000-Puffs-Pro-Big-Screen-Double-Flavors-Disposable-300x300.webp",300,300,true],"woocommerce_single":["https:\/\/vapestornado.com\/wp-content\/uploads\/2025\/04\/Bang-30000-Puffs-Pro-Big-Screen-Double-Flavors-Disposable-600x600.webp",600,600,true],"woocommerce_gallery_thumbnail":["https:\/\/vapestornado.com\/wp-content\/uploads\/2025\/04\/Bang-30000-Puffs-Pro-Big-Screen-Double-Flavors-Disposable-100x100.webp",100,100,true]},"uagb_author_info":{"display_name":"ESAMY","author_link":"https:\/\/vapestornado.com\/sv\/author\/"},"uagb_comment_info":0,"uagb_excerpt":"Bang Leader 30000 Puffs Cheap E Cigs Smoke Shop Wholesale Poland Bang Leader 30000 Puffs 2 in 1 Double Flavor Vape Box Wholesale Price Bang Leader 30000 Puffs\u00a0 Cheap ECigs Buy In Bulk Add Amy's whatsapp to get right reply and discount price! WhatsApp: +86 17776015835 &nbsp;","_links":{"self":[{"href":"https:\/\/vapestornado.com\/sv\/wp-json\/wp\/v2\/product\/4111","targetHints":{"allow":["GET"]}}],"collection":[{"href":"https:\/\/vapestornado.com\/sv\/wp-json\/wp\/v2\/product"}],"about":[{"href":"https:\/\/vapestornado.com\/sv\/wp-json\/wp\/v2\/types\/product"}],"replies":[{"embeddable":true,"href":"https:\/\/vapestornado.com\/sv\/wp-json\/wp\/v2\/comments?post=4111"}],"wp:featuredmedia":[{"embeddable":true,"href":"https:\/\/vapestornado.com\/sv\/wp-json\/wp\/v2\/media\/4105"}],"wp:attachment":[{"href":"https:\/\/vapestornado.com\/sv\/wp-json\/wp\/v2\/media?parent=4111"}],"wp:term":[{"taxonomy":"product_brand","embeddable":true,"href":"https:\/\/vapestornado.com\/sv\/wp-json\/wp\/v2\/product_brand?post=4111"},{"taxonomy":"product_cat","embeddable":true,"href":"https:\/\/vapestornado.com\/sv\/wp-json\/wp\/v2\/product_cat?post=4111"},{"taxonomy":"product_tag","embeddable":true,"href":"https:\/\/vapestornado.com\/sv\/wp-json\/wp\/v2\/product_tag?post=4111"}],"curies":[{"name":"wp","href":"https:\/\/api.w.org\/{rel}","templated":true}]}}