{"id":4103,"date":"2025-04-10T09:29:15","date_gmt":"2025-04-10T09:29:15","guid":{"rendered":"https:\/\/vapestornado.com\/?post_type=product&#038;p=4103"},"modified":"2025-12-02T09:08:48","modified_gmt":"2025-12-02T09:08:48","slug":"bang-leader-45000-puff-45k-cheap-e-cigs-bulk-buy-online","status":"publish","type":"product","link":"https:\/\/vapestornado.com\/sv\/product\/bang-leader-45000-puff-45k-cheap-e-cigs-bulk-buy-online\/","title":{"rendered":"Bang Leader 45000 Puff 45k Billiga E-cigaretter K\u00f6p i bulk online"},"content":{"rendered":"<h1 data-pm-slice=\"1 1 []\">Bang Leader 45000 Puff 45k Billiga E-cigaretter K\u00f6p i bulk online<\/h1>\n<p data-start=\"465\" data-end=\"826\">Den <strong data-start=\"469\" data-end=\"511\">Bang Leader 45000 Puff Eng\u00e5ngsvape<\/strong> st\u00e5r som ett av de mest kraftfulla och p\u00e5litliga alternativen i kategorin f\u00f6r eng\u00e5ngsvapes med 45 000 puff. Med ett uppladdningsbart batteri p\u00e5 650mAh, nikotinstyrkor p\u00e5 0%, 2% och 5%, samt en imponerande kapacitet p\u00e5 45 000 puff, levererar enheten en l\u00e5ngvarig och konsekvent vapingupplevelse, perfekt f\u00f6r l\u00e4ngre sessioner.<\/p>\n<h4 data-start=\"828\" data-end=\"878\">1. H\u00f6gpresterande batteri och smart display<\/h4>\n<p data-start=\"879\" data-end=\"1303\">Utrustad med en <strong data-start=\"895\" data-end=\"926\">650mAh uppladdningsbart batteri<\/strong>, s\u00e4kerst\u00e4ller Bang Leader-vapen att du kan njuta av f\u00f6rl\u00e4ngda vaping-sessioner utan att oroa dig f\u00f6r frekventa laddningar. Den har ocks\u00e5 en <strong data-start=\"1058\" data-end=\"1083\">digitala smarta displayen<\/strong> som ger realtidsinformation om b\u00e5de batteri- och e-v\u00e4tskeniv\u00e5er, vilket ger anv\u00e4ndarna full kontroll under anv\u00e4ndning. Denna funktion eliminerar gissningar, hj\u00e4lper dig att \u00f6vervaka enhetens status f\u00f6r en problemfri upplevelse.<\/p>\n<h4 data-start=\"1305\" data-end=\"1337\">2. Optimerad 1,0\u03a9 mesh-spole<\/h4>\n<p data-start=\"1338\" data-end=\"1634\">Den <strong data-start=\"1342\" data-end=\"1360\">1.0\u03a9 n\u00e4tspole<\/strong> som anv\u00e4nds i Bang Leader-vapen f\u00f6rb\u00e4ttrar \u00e5ngproduktion och s\u00e4kerst\u00e4ller smidiga, smakrika drag fr\u00e5n b\u00f6rjan till slut. Mesh-spoledesignen erbjuder b\u00e4ttre uppv\u00e4rmningseffektivitet, vilket ger konsekvent och j\u00e4mnt \u00e5nga under hela anv\u00e4ndningen av enheten, vilket f\u00f6rb\u00e4ttrar den totala vapingupplevelsen.<\/p>\n<h4 data-start=\"1636\" data-end=\"1672\">3. Dubbelt smakv\u00e4xlarsystem<\/h4>\n<p data-start=\"1673\" data-end=\"1877\">En utm\u00e4rkande funktion hos denna vape \u00e4r dess <strong data-start=\"1712\" data-end=\"1744\">dubbla smakv\u00e4xlarsystem<\/strong>, vilket g\u00f6r att anv\u00e4ndare omedelbart kan v\u00e4xla mellan tv\u00e5 olika smakprofiler. N\u00e5gra av de mest popul\u00e4ra smakkombinationerna inkluderar:<\/p>\n<ul data-start=\"1878\" data-end=\"2042\">\n<li data-start=\"1878\" data-end=\"1928\">\n<p data-start=\"1880\" data-end=\"1928\"><strong data-start=\"1880\" data-end=\"1928\">Bl\u00e5b\u00e4r Hallon<\/strong><\/p>\n<\/li>\n<li data-start=\"1929\" data-end=\"1969\">\n<p data-start=\"1931\" data-end=\"1969\"><strong data-start=\"1931\" data-end=\"1969\">Red Bull<\/strong><\/p>\n<\/li>\n<li data-start=\"1970\" data-end=\"2003\">\n<p data-start=\"1972\" data-end=\"2003\"><strong data-start=\"1972\" data-end=\"2003\">Cola-is<\/strong><\/p>\n<\/li>\n<li data-start=\"2004\" data-end=\"2042\">\n<p data-start=\"2006\" data-end=\"2042\"><strong data-start=\"2006\" data-end=\"2042\">Bl\u00e5b\u00e4rs-is<\/strong><\/p>\n<\/li>\n<\/ul>\n<p data-start=\"2044\" data-end=\"2199\">Detta dubbla smakssystem ger m\u00e5ngsidighet, vilket g\u00f6r att anv\u00e4ndare kan njuta av en m\u00e4ngd olika smaker i en och samma enhet, vilket h\u00e5ller vapingupplevelsen sp\u00e4nnande och fr\u00e4sch.<\/p>\n<h4 data-start=\"2201\" data-end=\"2236\">4. Kompakt och b\u00e4rbar design<\/h4>\n<p data-start=\"2237\" data-end=\"2544\">Den <strong data-start=\"2241\" data-end=\"2267\">Bang Leader 45000 Puff<\/strong> \u00e4r utformad f\u00f6r att vara kompakt och fickv\u00e4nlig, vilket s\u00e4kerst\u00e4ller bekv\u00e4mlighet f\u00f6r anv\u00e4ndning p\u00e5 spr\u00e5ng. Dess ergonomiska design g\u00f6r att anv\u00e4ndare kan b\u00e4ra den utan anstr\u00e4ngning, oavsett om det \u00e4r f\u00f6r daglig anv\u00e4ndning eller under resor. Det \u00e4r en praktisk l\u00f6sning f\u00f6r de som s\u00f6ker en h\u00f6gpresterande, b\u00e4rbar vaping-enhet.<\/p>\n<h4 data-start=\"2546\" data-end=\"2585\">5. Stark marknadsefterfr\u00e5gan i Europa<\/h4>\n<p data-start=\"2586\" data-end=\"2963\">Som en premium eng\u00e5ngsvape \u00e4r <strong data-start=\"2620\" data-end=\"2646\">Bang Leader 45000 Puff<\/strong> positionerad f\u00f6r att m\u00f6ta den v\u00e4xande efterfr\u00e5gan p\u00e5 den europeiska marknaden. Dess prestanda och funktioner g\u00f6r den till ett utm\u00e4rkt val f\u00f6r b\u00e5de personligt bruk och grossistdistribution. F\u00f6r vape-butiker och \u00e5terf\u00f6rs\u00e4ljare erbjuder den stark efterfr\u00e5gan, <strong data-start=\"2884\" data-end=\"2907\">konkurrenskraftiga marginaler<\/strong>, och en enhet som \u00e4r utformad f\u00f6r att attrahera <strong data-start=\"2942\" data-end=\"2962\">\u00e5terkommande kunder<\/strong>.<\/p>\n<h4 data-start=\"2965\" data-end=\"2998\">6. Nikotinstyrkealternativ<\/h4>\n<p data-start=\"2999\" data-end=\"3233\">Enheten finns i tre nikotinstyrkealternativ: <strong data-start=\"3059\" data-end=\"3077\">0%, 2%, och 5%<\/strong>, som tillgodoser ett brett utbud av anv\u00e4ndare. Oavsett om du f\u00f6redrar en nikotinfri upplevelse eller ett starkare slag, har Bang Leader 45000 Puff n\u00e5got f\u00f6r alla.<\/p>\n<p data-start=\"666\" data-end=\"1235\"><strong style=\"font-size: 16px;\"><span style=\"color: #ff0000;\">L\u00e4gg till Amys WhatsApp f\u00f6r att f\u00e5 r\u00e4tt svar och rabatterat pris!<\/span><\/strong><\/p>\n<p><img fetchpriority=\"high\" decoding=\"async\" class=\"size-full wp-image-2932\" src=\"https:\/\/vapestornado.com\/wp-content\/uploads\/2024\/12\/Vape-Wholesale.jpg\" alt=\"Vape Partihandel\" width=\"229\" height=\"300\" \/><\/p>\n<h3><a href=\"https:\/\/wa.me\/8617776015835\" target=\"_blank\" rel=\"noopener\"><span style=\"color: #ff0000;\"><strong>WhatsApp: +86 17776015835<\/strong><\/span><\/a><\/h3>\n<p>&nbsp;<\/p>\n<h2><strong>Bang Leader 45000 Viktiga produktfunktioner<\/strong><\/h2>\n<p>M\u00e4rke: BANG LEADER<br \/>\nPUFFAR: 45000<br \/>\nBatteri: 650mah uppladdningsbart<br \/>\nMotst\u00e5nd: 1.0ohm<br \/>\n2-i-1 dubbel smak<br \/>\nDigital display f\u00f6r olja och batteri<br \/>\nNikotin 0% 2% 5%<\/p>\n<h2 class=\"product-title\"><strong>Bang Leader 45k eng\u00e5ngs-e-cigarettsmaker \u00f6versikt<\/strong><\/h2>\n<article class=\"w-full text-token-text-primary focus-visible:outline-2 focus-visible:outline-offset-[-4px]\" dir=\"auto\" data-testid=\"conversation-turn-32\" data-scroll-anchor=\"false\">\n<div class=\"m-auto text-base py-[18px] px-6\">\n<div class=\"mx-auto flex flex-1 text-base gap-4 md:gap-5 lg:gap-6 md:max-w-3xl lg:max-w-[40rem] xl:max-w-[48rem]\">\n<div class=\"group\/conversation-turn relative flex w-full min-w-0 flex-col @xs\/thread:px-0 @sm\/thread:px-1.5 @md\/thread:px-4\">\n<div class=\"flex-col gap-1 md:gap-3\">\n<div class=\"flex max-w-full flex-col flex-grow\">\n<div class=\"min-h-8 text-message flex w-full flex-col items-end gap-2 whitespace-normal break-words text-start [.text-message+&amp;]:mt-5\" dir=\"auto\" data-message-author-role=\"user\" data-message-id=\"ffac41ca-1db4-431b-873a-32c4052956f1\">\n<div class=\"flex w-full flex-col gap-1 empty:hidden items-end rtl:items-start\">\n<div class=\"relative max-w-[var(--user-chat-width,70%)] rounded-3xl bg-token-message-surface px-5 py-2.5\">\n<div class=\"absolute bottom-0 right-full top-0 -mr-3.5 hidden pr-5 pt-2 [.group\/conversation-turn:hover_&amp;]:flex\">\n<div class=\"flex\">\n<article class=\"w-full text-token-text-primary focus-visible:outline-2 focus-visible:outline-offset-[-4px]\" dir=\"auto\" data-testid=\"conversation-turn-39\" data-scroll-anchor=\"true\">\n<div class=\"m-auto text-base py-[18px] px-6\">\n<div class=\"mx-auto flex flex-1 text-base gap-4 md:gap-5 lg:gap-6 md:max-w-3xl lg:max-w-[40rem] xl:max-w-[48rem]\">\n<div class=\"group\/conversation-turn relative flex w-full min-w-0 flex-col agent-turn @xs\/thread:px-0 @sm\/thread:px-1.5 @md\/thread:px-4\">\n<div class=\"flex-col gap-1 md:gap-3\">\n<div class=\"flex max-w-full flex-col flex-grow\">\n<div class=\"min-h-8 text-message flex w-full flex-col items-end gap-2 whitespace-normal break-words text-start [.text-message+&amp;]:mt-5\" dir=\"auto\" data-message-author-role=\"assistant\" data-message-id=\"55a23854-ec57-48dd-bd4f-6118f43d6241\" data-message-model-slug=\"gpt-4o\">\n<div class=\"flex w-full flex-col gap-1 empty:hidden first:pt-[3px]\">\n<div class=\"markdown prose w-full break-words dark:prose-invert light\">\n<p>1. Vattenmelon-is<br \/>\n2. Jordgubb och vattenmelon<br \/>\n3. Jordgubb och vattenmelon<br \/>\n4. Bl\u00e5b\u00e4r hallon<br \/>\n5. Bl\u00e5b\u00e4r vattenmelon<br \/>\n6. Bl\u00e5b\u00e4rs-is<br \/>\n7. Bl\u00e5b\u00e4rs-is<br \/>\n8. Red Bull<br \/>\n9. Red Bull<br \/>\n10. Jordgubbs-kiwi<br \/>\n11. Cola-is<br \/>\n12. Ananas-is<\/p>\n<figure id=\"attachment_4097\" aria-describedby=\"caption-attachment-4097\" style=\"width: 300px\" class=\"wp-caption alignnone\"><img decoding=\"async\" class=\"size-medium wp-image-4097\" src=\"https:\/\/vapestornado.com\/wp-content\/uploads\/2025\/04\/Bang-45000-Puff-Buy-Vape-Mods-Online-300x300.webp\" alt=\"Bang 45000 Puff K\u00f6p Vejp-moddar Online\" width=\"300\" height=\"300\" srcset=\"https:\/\/vapestornado.com\/wp-content\/uploads\/2025\/04\/Bang-45000-Puff-Buy-Vape-Mods-Online-300x300.webp 300w, https:\/\/vapestornado.com\/wp-content\/uploads\/2025\/04\/Bang-45000-Puff-Buy-Vape-Mods-Online-150x150.webp 150w, https:\/\/vapestornado.com\/wp-content\/uploads\/2025\/04\/Bang-45000-Puff-Buy-Vape-Mods-Online-768x768.webp 768w, https:\/\/vapestornado.com\/wp-content\/uploads\/2025\/04\/Bang-45000-Puff-Buy-Vape-Mods-Online-600x600.webp 600w, https:\/\/vapestornado.com\/wp-content\/uploads\/2025\/04\/Bang-45000-Puff-Buy-Vape-Mods-Online-100x100.webp 100w, https:\/\/vapestornado.com\/wp-content\/uploads\/2025\/04\/Bang-45000-Puff-Buy-Vape-Mods-Online.webp 800w\" sizes=\"(max-width: 300px) 100vw, 300px\" \/><figcaption id=\"caption-attachment-4097\" class=\"wp-caption-text\">Bang 45000 Puff K\u00f6p Vejp-moddar Online<\/figcaption><\/figure>\n<\/div>\n<\/div>\n<\/div>\n<\/div>\n<\/div>\n<\/div>\n<\/div>\n<\/div>\n<\/article>\n<\/div>\n<\/div>\n<\/div>\n<\/div>\n<\/div>\n<\/div>\n<\/div>\n<\/div>\n<\/div>\n<\/div>\n<\/article>\n<h2>Varf\u00f6r Vapestornado \u00e4r det b\u00e4sta st\u00e4llet att k\u00f6pa e-cigaretter?<\/h2>\n<div class=\"flex-shrink-0 flex flex-col relative items-end\">\n<div class=\"pt-0\">\n<div class=\"gizmo-bot-avatar flex h-8 w-8 items-center justify-center overflow-hidden rounded-full\">\n<div class=\"relative p-1 rounded-sm flex items-center justify-center bg-token-main-surface-primary text-token-text-primary h-8 w-8\">\n<p>At\u00a0<strong>VapeTornado<\/strong>, vi \u00e4r stolta \u00f6ver att leverera\u00a0<strong>premium vapingprodukter till oslagbara priser<\/strong>\u2014och Bang Leader 45000 Puff 45k \u00e4r inget undantag! H\u00e4r \u00e4r varf\u00f6r du ska k\u00f6pa fr\u00e5n oss:<\/p>\n<p class=\"\" data-start=\"49\" data-end=\"193\"><strong data-start=\"49\" data-end=\"81\">Oslagbara grossistpriser<\/strong> \u2013 Njut av de b\u00e4sta grossistavtalen p\u00e5 marknaden, vilket g\u00f6r oss till den sj\u00e4lvklara leverant\u00f6ren f\u00f6r vapebutiker och \u00e5terf\u00f6rs\u00e4ljare \u00f6ver hela v\u00e4rlden.<\/p>\n<p class=\"\" data-start=\"195\" data-end=\"340\"><strong data-start=\"195\" data-end=\"228\">Snabb leverans<\/strong> \u2013 Vi levererar dina best\u00e4llningar snabbt och s\u00e4kert, med p\u00e5litliga globala fraktalternativ anpassade efter dina behov.<\/p>\n<p class=\"\" data-start=\"342\" data-end=\"487\"><strong data-start=\"342\" data-end=\"367\">100% \u00c4kta Produkter<\/strong> \u2013 S\u00e4g adj\u00f6 till f\u00f6rfalskningar! Vi garanterar endast original Bang 45000 Puff K\u00f6p Vape med verifierad kvalitet och prestanda.<\/p>\n<p class=\"\" data-start=\"489\" data-end=\"627\"><strong data-start=\"489\" data-end=\"516\">Expertkundsupport<\/strong> \u2013 Har du fr\u00e5gor? V\u00e5rt kunniga vape-team finns h\u00e4r f\u00f6r dig n\u00e4r som helst, vilket s\u00e4kerst\u00e4ller en smidig och problemfri service.<\/p>\n<p data-start=\"559\" data-end=\"933\" data-is-last-node=\"\" data-is-only-node=\"\">Vi har \u00e4ven andra popul\u00e4ra vapes med sk\u00e4rm som <a href=\"https:\/\/vapestornado.com\/sv\/product\/wga-legend-ultra-30k-30000-puffs-rechargeable-vape-pod-twins-flavor\/\">WGA Kristall 30000 Puff<\/a>, <a href=\"https:\/\/vapestornado.com\/sv\/product\/waspe-aiviou-3-in-1-60000-puffs-disposable-vape-kit-best-price\/\">WASPE 60000 3 i 1<\/a>, <a href=\"https:\/\/vapestornado.com\/sv\/product\/uzy-crystal-50000-puff-twin-flavor-bulk-vapes-for-cheap\/\">UZY Kristall 50000<\/a>, och mer.<\/p>\n<\/div>\n<div class=\"relative p-1 rounded-sm flex items-center justify-center bg-token-main-surface-primary text-token-text-primary h-8 w-8\">\n<h2>Vanliga fr\u00e5gor f\u00f6r Bang Leader 45000 Puff som du kanske undrar \u00f6ver<\/h2>\n<p class=\"\" data-start=\"1408\" data-end=\"1608\"><strong data-start=\"1408\" data-end=\"1466\">1. Hur l\u00e4nge r\u00e4cker Bang Leader 45000 Puff-vejpen?<\/strong><br data-start=\"1466\" data-end=\"1469\" \/>Denna enhet erbjuder upp till <strong data-start=\"1494\" data-end=\"1509\">45000 bloss<\/strong>, vilket kan r\u00e4cka i veckor beroende p\u00e5 din anv\u00e4ndning, vilket g\u00f6r den idealisk f\u00f6r l\u00e5ngvarig vejping eller \u00e5terf\u00f6rs\u00e4ljning.<\/p>\n<p class=\"\" data-start=\"1610\" data-end=\"1771\"><strong data-start=\"1610\" data-end=\"1659\">2. Kan jag ladda om Bang Leader 45000 vape?<\/strong><br data-start=\"1659\" data-end=\"1662\" \/>Ja! Den levereras med ett inbyggt <strong data-start=\"1692\" data-end=\"1723\">650mAh uppladdningsbart batteri<\/strong> och en Type-C laddningsport f\u00f6r snabb uppladdning.<\/p>\n<p class=\"\" data-start=\"1773\" data-end=\"1986\"><strong data-start=\"1773\" data-end=\"1826\">3. Vad \u00e4r f\u00f6rdelen med systemet med dubbla smaker?<\/strong><br data-start=\"1826\" data-end=\"1829\" \/>Den <strong data-start=\"1833\" data-end=\"1857\">2-i-1 dubbel smak<\/strong> inst\u00e4llning ger dig mer variation i en enhet. Du kan njuta av en smak, byta till den andra eller blanda dem f\u00f6r en unik smakupplevelse.<\/p>\n<p class=\"\" data-start=\"1988\" data-end=\"2168\"><strong data-start=\"1988\" data-end=\"2047\">4. Finns det ett s\u00e4tt att kontrollera batteri- och e-v\u00e4tskeniv\u00e5erna?<\/strong><br data-start=\"2047\" data-end=\"2050\" \/>Absolut! Den <strong data-start=\"2066\" data-end=\"2091\">smart digital display<\/strong> visar b\u00e5de batteritid och \u00e5terst\u00e5ende e-v\u00e4tska, s\u00e5 att du alltid har kontroll.<\/p>\n<p class=\"\" data-start=\"2170\" data-end=\"2384\"><strong data-start=\"2170\" data-end=\"2225\">5. Vilka \u00e4r n\u00e5gra av de mest popul\u00e4ra smak kombinationerna?<\/strong><br data-start=\"2225\" data-end=\"2228\" \/>Popul\u00e4ra val inkluderar <strong data-start=\"2246\" data-end=\"2277\">Jordgubbskiwi<\/strong>, <strong data-start=\"2279\" data-end=\"2316\">Bl\u00e5b\u00e4rs-is<\/strong>, och <strong data-start=\"2322\" data-end=\"2354\">Ananas-is<\/strong> - favoriter av en anledning!<\/p>\n<\/div>\n<\/div>\n<\/div>\n<\/div>","protected":false},"excerpt":{"rendered":"<p class=\"LC20lb MBeuO DKV0Md\">Bang Leader 45000 Billiga E-cigaretter Vapebutik Partihandel Sverige<br \/>\nBang 45000 Puff 45k 2-i-1 Dubbel Smak Vape Box Partihandelspris<br \/>\nBang Leader Puff 45k Billiga E-cigaretter K\u00f6p i storpack<\/p>\n<p><strong>L\u00e4gg till Amys whatsapp f\u00f6r att f\u00e5 r\u00e4tt svar och rabatterat pris!<\/strong><\/p>\n<p><img fetchpriority=\"high\" decoding=\"async\" class=\"size-full wp-image-2932\" src=\"https:\/\/vapestornado.com\/wp-content\/uploads\/2024\/12\/Vape-Wholesale.jpg\" alt=\"Vape Partihandel\" width=\"229\" height=\"300\" \/><\/p>\n<h3><a href=\"https:\/\/wa.me\/8617776015835\"><span style=\"color: #ff0000;\"><strong>WhatsApp: +86 17776015835<\/strong><\/span><\/a><\/h3>\n<p>&nbsp;<\/p>","protected":false},"featured_media":4098,"comment_status":"open","ping_status":"closed","template":"","meta":{"_acf_changed":false,"_uag_custom_page_level_css":"","_lmt_disableupdate":"no","_lmt_disable":"","_monsterinsights_skip_tracking":false,"_monsterinsights_sitenote_active":false,"_monsterinsights_sitenote_note":"","_monsterinsights_sitenote_category":0,"site-sidebar-layout":"default","site-content-layout":"","ast-site-content-layout":"default","site-content-style":"default","site-sidebar-style":"default","ast-global-header-display":"","ast-banner-title-visibility":"","ast-main-header-display":"","ast-hfb-above-header-display":"","ast-hfb-below-header-display":"","ast-hfb-mobile-header-display":"","site-post-title":"","ast-breadcrumbs-content":"","ast-featured-img":"","footer-sml-layout":"","ast-disable-related-posts":"","theme-transparent-header-meta":"default","adv-header-id-meta":"","stick-header-meta":"","header-above-stick-meta":"","header-main-stick-meta":"","header-below-stick-meta":"","astra-migrate-meta-layouts":"set","ast-page-background-enabled":"default","ast-page-background-meta":{"desktop":{"background-color":"","background-image":"","background-repeat":"repeat","background-position":"center center","background-size":"auto","background-attachment":"scroll","background-type":"","background-media":"","overlay-type":"","overlay-color":"","overlay-opacity":"","overlay-gradient":""},"tablet":{"background-color":"","background-image":"","background-repeat":"repeat","background-position":"center center","background-size":"auto","background-attachment":"scroll","background-type":"","background-media":"","overlay-type":"","overlay-color":"","overlay-opacity":"","overlay-gradient":""},"mobile":{"background-color":"","background-image":"","background-repeat":"repeat","background-position":"center center","background-size":"auto","background-attachment":"scroll","background-type":"","background-media":"","overlay-type":"","overlay-color":"","overlay-opacity":"","overlay-gradient":""}},"ast-content-background-meta":{"desktop":{"background-color":"var(--ast-global-color-5)","background-image":"","background-repeat":"repeat","background-position":"center center","background-size":"auto","background-attachment":"scroll","background-type":"","background-media":"","overlay-type":"","overlay-color":"","overlay-opacity":"","overlay-gradient":""},"tablet":{"background-color":"var(--ast-global-color-5)","background-image":"","background-repeat":"repeat","background-position":"center center","background-size":"auto","background-attachment":"scroll","background-type":"","background-media":"","overlay-type":"","overlay-color":"","overlay-opacity":"","overlay-gradient":""},"mobile":{"background-color":"var(--ast-global-color-5)","background-image":"","background-repeat":"repeat","background-position":"center center","background-size":"auto","background-attachment":"scroll","background-type":"","background-media":"","overlay-type":"","overlay-color":"","overlay-opacity":"","overlay-gradient":""}},"_joinchat":{"telephone":"17776015835"}},"product_brand":[],"product_cat":[265,278,154,156,142],"product_tag":[329,327,328,105,198],"class_list":{"0":"post-4103","1":"product","2":"type-product","3":"status-publish","4":"has-post-thumbnail","6":"product_cat-45000-puff","7":"product_cat-bang-leader-vape","8":"product_cat-buy-disposable-vapes-in-netherlands","9":"product_cat-buy-disposable-vapes-in-poland","10":"product_cat-digital-box-disposable-vapes","11":"product_tag-bang-leader-45000","12":"product_tag-bang-leader-45k","13":"product_tag-cheap-e-cigs","14":"product_tag-digital-disposable-vape","15":"product_tag-double-flavor-disposable-vape","16":"desktop-align-left","17":"tablet-align-left","18":"mobile-align-left","20":"first","21":"instock","22":"sale","23":"shipping-taxable","24":"purchasable","25":"product-type-simple"},"acf":[],"uagb_featured_image_src":{"full":["https:\/\/vapestornado.com\/wp-content\/uploads\/2025\/04\/Bang-Leader-45k-45000-Puff-Vape-Box-Cheap-Price.webp",800,800,false],"thumbnail":["https:\/\/vapestornado.com\/wp-content\/uploads\/2025\/04\/Bang-Leader-45k-45000-Puff-Vape-Box-Cheap-Price-150x150.webp",150,150,true],"medium":["https:\/\/vapestornado.com\/wp-content\/uploads\/2025\/04\/Bang-Leader-45k-45000-Puff-Vape-Box-Cheap-Price-300x300.webp",300,300,true],"medium_large":["https:\/\/vapestornado.com\/wp-content\/uploads\/2025\/04\/Bang-Leader-45k-45000-Puff-Vape-Box-Cheap-Price-768x768.webp",768,768,true],"large":["https:\/\/vapestornado.com\/wp-content\/uploads\/2025\/04\/Bang-Leader-45k-45000-Puff-Vape-Box-Cheap-Price.webp",800,800,false],"1536x1536":["https:\/\/vapestornado.com\/wp-content\/uploads\/2025\/04\/Bang-Leader-45k-45000-Puff-Vape-Box-Cheap-Price.webp",800,800,false],"2048x2048":["https:\/\/vapestornado.com\/wp-content\/uploads\/2025\/04\/Bang-Leader-45k-45000-Puff-Vape-Box-Cheap-Price.webp",800,800,false],"trp-custom-language-flag":["https:\/\/vapestornado.com\/wp-content\/uploads\/2025\/04\/Bang-Leader-45k-45000-Puff-Vape-Box-Cheap-Price.webp",12,12,false],"woocommerce_thumbnail":["https:\/\/vapestornado.com\/wp-content\/uploads\/2025\/04\/Bang-Leader-45k-45000-Puff-Vape-Box-Cheap-Price-300x300.webp",300,300,true],"woocommerce_single":["https:\/\/vapestornado.com\/wp-content\/uploads\/2025\/04\/Bang-Leader-45k-45000-Puff-Vape-Box-Cheap-Price-600x600.webp",600,600,true],"woocommerce_gallery_thumbnail":["https:\/\/vapestornado.com\/wp-content\/uploads\/2025\/04\/Bang-Leader-45k-45000-Puff-Vape-Box-Cheap-Price-100x100.webp",100,100,true]},"uagb_author_info":{"display_name":"ESAMY","author_link":"https:\/\/vapestornado.com\/sv\/author\/"},"uagb_comment_info":0,"uagb_excerpt":"Bang Leader 45000 Cheap E Cigs Smoke Shop Wholesale Poland Bang\u00a0 45000 Puff 45k 2 in 1 Double Flavor Vape Box Wholesale Price Bang Leader Puff 45k Cheap ECigs Buy In Bulk Add Amy's whatsapp to get right reply and discount price! WhatsApp: +86 17776015835 &nbsp;","_links":{"self":[{"href":"https:\/\/vapestornado.com\/sv\/wp-json\/wp\/v2\/product\/4103","targetHints":{"allow":["GET"]}}],"collection":[{"href":"https:\/\/vapestornado.com\/sv\/wp-json\/wp\/v2\/product"}],"about":[{"href":"https:\/\/vapestornado.com\/sv\/wp-json\/wp\/v2\/types\/product"}],"replies":[{"embeddable":true,"href":"https:\/\/vapestornado.com\/sv\/wp-json\/wp\/v2\/comments?post=4103"}],"wp:featuredmedia":[{"embeddable":true,"href":"https:\/\/vapestornado.com\/sv\/wp-json\/wp\/v2\/media\/4098"}],"wp:attachment":[{"href":"https:\/\/vapestornado.com\/sv\/wp-json\/wp\/v2\/media?parent=4103"}],"wp:term":[{"taxonomy":"product_brand","embeddable":true,"href":"https:\/\/vapestornado.com\/sv\/wp-json\/wp\/v2\/product_brand?post=4103"},{"taxonomy":"product_cat","embeddable":true,"href":"https:\/\/vapestornado.com\/sv\/wp-json\/wp\/v2\/product_cat?post=4103"},{"taxonomy":"product_tag","embeddable":true,"href":"https:\/\/vapestornado.com\/sv\/wp-json\/wp\/v2\/product_tag?post=4103"}],"curies":[{"name":"wp","href":"https:\/\/api.w.org\/{rel}","templated":true}]}}