{"id":4088,"date":"2025-04-08T03:23:24","date_gmt":"2025-04-08T03:23:24","guid":{"rendered":"https:\/\/vapestornado.com\/?post_type=product&#038;p=4088"},"modified":"2025-12-11T07:14:09","modified_gmt":"2025-12-11T07:14:09","slug":"elf-box-crystal-bar-600-puffs-2-disposable-vape-pen-bulk-buy-price","status":"publish","type":"product","link":"https:\/\/vapestornado.com\/sv\/product\/elf-box-crystal-bar-600-puffs-2-disposable-vape-pen-bulk-buy-price\/","title":{"rendered":"Elf Box Crystal Bar 600 Puff 2% Eng\u00e5ngs Vape Pen Bulk K\u00f6p Pris"},"content":{"rendered":"<h2 data-pm-slice=\"1 1 []\">Elf Box Crystal Bar 600 Puffs Eng\u00e5ngsvape Mini Bar med Kristallstil Design<\/h2>\n<p class=\"\" data-start=\"537\" data-end=\"946\"><strong data-start=\"118\" data-end=\"145\">Elf Box Crystal Bar 600<\/strong> \u00e4r en kompakt eng\u00e5ngsvape byggd f\u00f6r enkel, konsekvent daglig anv\u00e4ndning. Med <strong data-start=\"224\" data-end=\"237\">600 bloss<\/strong>, en <strong data-start=\"241\" data-end=\"254\">1,6\u03a9 spole<\/strong>, och ett <strong data-start=\"262\" data-end=\"288\">kristallsluten skal<\/strong>, den kombinerar ren design med ett p\u00e5litligt sug som f\u00f6rblir stabilt fr\u00e5n f\u00f6rsta till sista bloss. Den <strong data-start=\"389\" data-end=\"401\">2 ml tank<\/strong> och <strong data-start=\"406\" data-end=\"433\">500mAh inbyggt batteri<\/strong> \u00e4r dimensionerad f\u00f6r l\u00e4tt till m\u00e5ttlig daglig vaping, vilket g\u00f6r den till ett enkelt val n\u00e4r du vill ha n\u00e5got fickv\u00e4nligt och redo s\u00e5 snart du \u00f6ppnar boxen.<\/p>\n<h3 data-start=\"802\" data-end=\"853\">Varf\u00f6r \u00e4r Elf Box Crystal Bar 600 Puffs Popul\u00e4r i EU-marknaden?<\/h3>\n<ul data-start=\"855\" data-end=\"2256\">\n<li data-start=\"855\" data-end=\"1198\">\n<p data-start=\"857\" data-end=\"1198\"><strong data-start=\"857\" data-end=\"903\">Stabil smak genom hela de 600 blossen.<\/strong> Den <strong data-start=\"908\" data-end=\"950\">Crystal Bar 600 mesh-stil prestanda<\/strong>, drivs av <strong data-start=\"967\" data-end=\"980\">1,6\u03a9 spole<\/strong>, h\u00e5ller varje inandning j\u00e4mn och undviker den br\u00e4nda, skarpa kanten som vissa sm\u00e5 eng\u00e5ngsprodukter utvecklar. Anv\u00e4ndare i <strong data-start=\"1081\" data-end=\"1119\">Tyskland, Frankrike, Polen och Spanien<\/strong> v\u00e4rdes\u00e4tter dess f\u00f6ruts\u00e4gbara halsk\u00e4nsla j\u00e4mf\u00f6rt med billigare l\u00e5gspolalternativ.<\/p>\n<\/li>\n<li data-start=\"1200\" data-end=\"1509\">\n<p data-start=\"1202\" data-end=\"1509\"><strong data-start=\"1202\" data-end=\"1248\">Perfekt f\u00f6r snabba sessioner eller anv\u00e4ndning p\u00e5 spr\u00e5ng.<\/strong> Den <strong data-start=\"1253\" data-end=\"1296\">Elf Box Crystal Bar 600 eng\u00e5ngsvape<\/strong> \u00e4r tillr\u00e4ckligt smal f\u00f6r fickor, v\u00e4skor eller jack\u00e4rmar. N\u00e4r du vill ha n\u00e5got enklare \u00e4n pods eller <strong data-start=\"1395\" data-end=\"1416\">p\u00e5spods laddningsbara<\/strong>, ger denna eng\u00e5ngsvape ren, enkel nikotindosering utan laddare eller p\u00e5fyllningar.<\/p>\n<\/li>\n<li data-start=\"1511\" data-end=\"1786\">\n<p data-start=\"1513\" data-end=\"1786\"><strong data-start=\"1513\" data-end=\"1562\">Ett enkelt alternativ till vape-pod <\/strong>Ist\u00e4llet f\u00f6r att springa och k\u00f6pa <b>andra eng\u00e5ngsprodukter<\/b>, h\u00e5ller m\u00e5nga anv\u00e4ndare en <strong data-start=\"1635\" data-end=\"1654\">Crystal Bar 600<\/strong> till hands som en l\u00e4ttviktsbackup f\u00f6r pendlingar, utekv\u00e4llar eller pauser p\u00e5 jobbet. Inga knappar, inget underh\u00e5ll \u2014 andas in och du \u00e4r klar.<\/p>\n<\/li>\n<li data-start=\"1788\" data-end=\"2059\">\n<p data-start=\"1790\" data-end=\"2059\"><strong data-start=\"1790\" data-end=\"1834\">L\u00e4tt att best\u00e4lla fr\u00e5n vilken vape-butik som helst online.<\/strong> \u00c5terf\u00f6rs\u00e4ljare listar <strong data-start=\"1854\" data-end=\"1881\">Elf Box Crystal Bar 600<\/strong> eftersom den passar bra f\u00f6r nyb\u00f6rjare och tillf\u00e4llig anv\u00e4ndning. Den har stark efterfr\u00e5gan i <strong data-start=\"1968\" data-end=\"1988\">vape-butik online<\/strong> listningar \u00f6ver hela Europa tack vare sitt smakutbud och rena design.<\/p>\n<\/li>\n<li data-start=\"2061\" data-end=\"2256\">\n<p data-start=\"2063\" data-end=\"2256\"><strong data-start=\"2063\" data-end=\"2098\">Anpassar sig till olika nikotinvanor.<\/strong> Med <strong data-start=\"2104\" data-end=\"2122\">0%, 2%, och 5%<\/strong> nikotinstyrkor, den <strong data-start=\"2147\" data-end=\"2163\">kristallvape<\/strong> anpassar sig till smakfokus, l\u00e4tt nikotinbruk eller anv\u00e4ndare som f\u00f6redrar ett kraftigare slag.<\/p>\n<\/li>\n<\/ul>\n<p data-start=\"666\" data-end=\"1235\"><strong style=\"font-size: 16px;\"><span style=\"color: #ff0000;\">L\u00e4gg till Amys WhatsApp f\u00f6r att f\u00e5 r\u00e4tt svar och rabatterat pris!<\/span><\/strong><\/p>\n<p><img fetchpriority=\"high\" decoding=\"async\" class=\"size-full wp-image-2932\" src=\"https:\/\/vapestornado.com\/wp-content\/uploads\/2024\/12\/Vape-Wholesale.jpg\" alt=\"Vape Partihandel\" width=\"229\" height=\"300\" \/><\/p>\n<h3><a href=\"https:\/\/wa.me\/8617776015835\" target=\"_blank\" rel=\"noopener\"><span style=\"color: #ff0000;\"><strong>WhatsApp: +86 17776015835<\/strong><\/span><\/a><\/h3>\n<p>&nbsp;<\/p>\n<h2><strong>Elf Box Crystal Bar 600 Viktiga produktfunktioner<\/strong><\/h2>\n<table>\n<thead>\n<tr>\n<th>Funktion<\/th>\n<th>specifikation<\/th>\n<th>detaljer<\/th>\n<\/tr>\n<\/thead>\n<tbody>\n<tr>\n<td>Produktnamn<\/td>\n<td>Elf Box Crystal Bar 600<\/td>\n<td>Kompakt eng\u00e5ngs kristallvape f\u00f6r dagligt bruk<\/td>\n<\/tr>\n<tr>\n<td>Puffkapacitet<\/td>\n<td>600 bloss<\/td>\n<td>Designad f\u00f6r kortvarig, tillf\u00e4llig eller backup-vaping<\/td>\n<\/tr>\n<tr>\n<td>E-v\u00e4tskem\u00e4ngd<\/td>\n<td>2ml<\/td>\n<td>F\u00f6rfylld tank f\u00f6r konsekvent smak till slutet<\/td>\n<\/tr>\n<tr>\n<td>Spoltyp<\/td>\n<td>1,6\u03a9 spole<\/td>\n<td>Mjuk \u00e5nga med stabil halsk\u00e4nsla<\/td>\n<\/tr>\n<tr>\n<td>Nikotinstyrka<\/td>\n<td>0% \/ 2% \/ 5%<\/td>\n<td>Passar smakpreferenser, m\u00e5ttliga och starkare<\/td>\n<\/tr>\n<tr>\n<td>Batteri<\/td>\n<td>500mAh inbyggt batteri<\/td>\n<td>Stor nog att slutf\u00f6ra hela 600 puff utan att ladda om<\/td>\n<\/tr>\n<tr>\n<td>Kroppsdesign<\/td>\n<td>Kristallslutfinishskal<\/td>\n<td>Snygg, l\u00e4tt och fickv\u00e4nlig<\/td>\n<\/tr>\n<\/tbody>\n<\/table>\n<figure id=\"attachment_4076\" aria-describedby=\"caption-attachment-4076\" style=\"width: 800px\" class=\"wp-caption alignnone\"><img decoding=\"async\" class=\"wp-image-4076 size-full\" src=\"https:\/\/vapestornado.com\/wp-content\/uploads\/2025\/04\/ELF-Bar-600-Disposable-Vape-Pen.webp\" alt=\"ELF Bar 600 Eng\u00e5ngs Vape Penna\" width=\"800\" height=\"800\" srcset=\"https:\/\/vapestornado.com\/wp-content\/uploads\/2025\/04\/ELF-Bar-600-Disposable-Vape-Pen.webp 800w, https:\/\/vapestornado.com\/wp-content\/uploads\/2025\/04\/ELF-Bar-600-Disposable-Vape-Pen-300x300.webp 300w, https:\/\/vapestornado.com\/wp-content\/uploads\/2025\/04\/ELF-Bar-600-Disposable-Vape-Pen-150x150.webp 150w, https:\/\/vapestornado.com\/wp-content\/uploads\/2025\/04\/ELF-Bar-600-Disposable-Vape-Pen-768x768.webp 768w, https:\/\/vapestornado.com\/wp-content\/uploads\/2025\/04\/ELF-Bar-600-Disposable-Vape-Pen-600x600.webp 600w, https:\/\/vapestornado.com\/wp-content\/uploads\/2025\/04\/ELF-Bar-600-Disposable-Vape-Pen-100x100.webp 100w\" sizes=\"(max-width: 800px) 100vw, 800px\" \/><figcaption id=\"caption-attachment-4076\" class=\"wp-caption-text\">ELF Bar 600 Eng\u00e5ngs Vape Penna<\/figcaption><\/figure>\n<h2 class=\"product-title\"><strong>Elf Box Crystal Vape 600 Eng\u00e5ngssmaker Recension<\/strong><\/h2>\n<article class=\"w-full text-token-text-primary focus-visible:outline-2 focus-visible:outline-offset-[-4px]\" dir=\"auto\" data-testid=\"conversation-turn-32\" data-scroll-anchor=\"false\">\n<div class=\"m-auto text-base py-[18px] px-6\">\n<div class=\"mx-auto flex flex-1 text-base gap-4 md:gap-5 lg:gap-6 md:max-w-3xl lg:max-w-[40rem] xl:max-w-[48rem]\">\n<div class=\"group\/conversation-turn relative flex w-full min-w-0 flex-col @xs\/thread:px-0 @sm\/thread:px-1.5 @md\/thread:px-4\">\n<div class=\"flex-col gap-1 md:gap-3\">\n<div class=\"flex max-w-full flex-col flex-grow\">\n<div class=\"min-h-8 text-message flex w-full flex-col items-end gap-2 whitespace-normal break-words text-start [.text-message+&amp;]:mt-5\" dir=\"auto\" data-message-author-role=\"user\" data-message-id=\"ffac41ca-1db4-431b-873a-32c4052956f1\">\n<div class=\"flex w-full flex-col gap-1 empty:hidden items-end rtl:items-start\">\n<div class=\"relative max-w-[var(--user-chat-width,70%)] rounded-3xl bg-token-message-surface px-5 py-2.5\">\n<div class=\"absolute bottom-0 right-full top-0 -mr-3.5 hidden pr-5 pt-2 [.group\/conversation-turn:hover_&amp;]:flex\">\n<div class=\"flex\">\n<article class=\"w-full text-token-text-primary focus-visible:outline-2 focus-visible:outline-offset-[-4px]\" dir=\"auto\" data-testid=\"conversation-turn-39\" data-scroll-anchor=\"true\">\n<div class=\"m-auto text-base py-[18px] px-6\">\n<div class=\"mx-auto flex flex-1 text-base gap-4 md:gap-5 lg:gap-6 md:max-w-3xl lg:max-w-[40rem] xl:max-w-[48rem]\">\n<div class=\"group\/conversation-turn relative flex w-full min-w-0 flex-col agent-turn @xs\/thread:px-0 @sm\/thread:px-1.5 @md\/thread:px-4\">\n<div class=\"flex-col gap-1 md:gap-3\">\n<div class=\"flex max-w-full flex-col flex-grow\">\n<div class=\"min-h-8 text-message flex w-full flex-col items-end gap-2 whitespace-normal break-words text-start [.text-message+&amp;]:mt-5\" dir=\"auto\" data-message-author-role=\"assistant\" data-message-id=\"55a23854-ec57-48dd-bd4f-6118f43d6241\" data-message-model-slug=\"gpt-4o\">\n<div class=\"flex w-full flex-col gap-1 empty:hidden first:pt-[3px]\">\n<div class=\"markdown prose w-full break-words dark:prose-invert light\">\n<p class=\"\" data-start=\"57\" data-end=\"262\"><strong data-start=\"57\" data-end=\"75\">1. Blandade B\u00e4r<\/strong><br data-start=\"75\" data-end=\"78\" \/>En oemotst\u00e5ndlig blandning av b\u00e4r som sprudlar av smak \u2013 t\u00e4nk s\u00f6ta jordgubbar, syrliga hallon och saftiga bl\u00e5b\u00e4r som alla virvlas samman f\u00f6r en rik, syrlig och l\u00e4cker vape.<\/p>\n<p class=\"\" data-start=\"264\" data-end=\"423\"><strong data-start=\"264\" data-end=\"281\">2. K\u00f6rsb\u00e4rs Is<\/strong><br data-start=\"281\" data-end=\"284\" \/>En sval och krispig k\u00f6rsb\u00e4rsexplosion! Njut av den s\u00f6tsyrliga smaken av mogna k\u00f6rsb\u00e4r f\u00f6ljt av en uppfriskande isig bris som kyler med varje puff.<\/p>\n<p class=\"\" data-start=\"425\" data-end=\"603\"><strong data-start=\"425\" data-end=\"446\">3. Jordgubb Is<\/strong><br data-start=\"446\" data-end=\"449\" \/>F\u00e4rska, saftiga jordgubbar m\u00f6ter en frostig finish i denna klassiska kombination. S\u00f6t, mjuk och perfekt sval \u2013 din sj\u00e4lvklara smak f\u00f6r en uppfriskande jordgubbshit.<\/p>\n<p class=\"\" data-start=\"605\" data-end=\"782\"><strong data-start=\"605\" data-end=\"621\">4. Druva Is<\/strong><br data-start=\"621\" data-end=\"624\" \/>G\u00f6r dig redo f\u00f6r en dj\u00e4rv druvsmak med en uppfriskande twist. Denna isiga druvl\u00e4ckerhet ger s\u00f6tman fr\u00e5n solmogna druvor inlindade i en krispig, kylande avslutning.<\/p>\n<p class=\"\" data-start=\"784\" data-end=\"935\"><strong data-start=\"784\" data-end=\"804\">5. Bl\u00e5b\u00e4r Is<\/strong><br data-start=\"804\" data-end=\"807\" \/>En l\u00e4cker blandning av s\u00f6ta och l\u00e4tt syrliga bl\u00e5b\u00e4r som \u00e4r lager p\u00e5 lager med en snabb isig utandning. Len, balanserad och ultrauppfriskande.<\/p>\n<p class=\"\" data-start=\"937\" data-end=\"1084\"><strong data-start=\"937\" data-end=\"958\">6. Vattenmelon Is<\/strong><br data-start=\"958\" data-end=\"961\" \/>Den ultimata sommarvejpning\u2014s\u00f6t, saftig vattenmelonsmak m\u00f6ter en frostig v\u00e5g av svalka. Fr\u00e4sch och \u00e5terfuktande i varje puff.<\/p>\n<p class=\"\" data-start=\"1086\" data-end=\"1278\"><strong data-start=\"1086\" data-end=\"1114\">7. Jordgubb Vattenmelon<\/strong><br data-start=\"1114\" data-end=\"1117\" \/>En frukt\u00e4lskares dr\u00f6m! Denna smak blandar den godisliknande s\u00f6tman fr\u00e5n jordgubbar med den saftiga mjukheten fr\u00e5n vattenmelon f\u00f6r en perfekt balanserad fruktig kombination.<\/p>\n<p class=\"\" data-start=\"1280\" data-end=\"1448\"><strong data-start=\"1280\" data-end=\"1296\">8. Bl\u00e5 Razz<\/strong><br data-start=\"1296\" data-end=\"1299\" \/>Zingy, syrlig och totalt beroendeframkallande\u2014denna bl\u00e5 hallonsmak exploderar med s\u00f6ta och syrliga b\u00e4rnoter och en uppfriskande kant som dr\u00f6jer sig kvar p\u00e5 gommen.<\/p>\n<p class=\"\" data-start=\"1450\" data-end=\"1634\"><strong data-start=\"1450\" data-end=\"1466\">9. Persika Is<\/strong><br data-start=\"1466\" data-end=\"1469\" \/>Solkyssta persikor med en sval \u00f6verraskning. Njut av en rik persikos\u00f6tma f\u00f6ljt av en frostig spark som g\u00f6r detta till en len och tillfredsst\u00e4llande smak fr\u00e5n b\u00f6rjan till slut.<\/p>\n<p class=\"\" data-start=\"1636\" data-end=\"1838\"><strong data-start=\"1636\" data-end=\"1662\">10. Kiwi Passionsfrukt<\/strong><br data-start=\"1662\" data-end=\"1665\" \/>En tropisk flykt i varje puff! Den syrliga friskheten fr\u00e5n kiwi paras perfekt med passionsfruktens exotiska s\u00f6tma f\u00f6r en unik, saftig och uppfriskande vapingupplevelse.<\/p>\n<\/div>\n<\/div>\n<\/div>\n<\/div>\n<\/div>\n<\/div>\n<\/div>\n<\/div>\n<\/article>\n<\/div>\n<\/div>\n<\/div>\n<\/div>\n<\/div>\n<\/div>\n<\/div>\n<\/div>\n<\/div>\n<\/div>\n<\/article>\n<h2>Varf\u00f6r v\u00e4lja Vapestornado f\u00f6r att k\u00f6pa ElfBox Crystal Bar 600 Puff?<\/h2>\n<div class=\"flex-shrink-0 flex flex-col relative items-end\">\n<div class=\"pt-0\">\n<div class=\"gizmo-bot-avatar flex h-8 w-8 items-center justify-center overflow-hidden rounded-full\">\n<div class=\"relative p-1 rounded-sm flex items-center justify-center bg-token-main-surface-primary text-token-text-primary h-8 w-8\">\n<p>At\u00a0<strong>VapeTornado<\/strong>, vi \u00e4r stolta \u00f6ver att leverera\u00a0<strong>premium vapingprodukter till oslagbara priser<\/strong>\u2014och Elf Box Crystal Bar 600 \u00e4r inget undantag! H\u00e4r \u00e4r varf\u00f6r du b\u00f6r k\u00f6pa fr\u00e5n oss:<\/p>\n<p class=\"\" data-start=\"49\" data-end=\"193\"><strong data-start=\"49\" data-end=\"81\">Oslagbara grossistpriser<\/strong> \u2013 Njut av de b\u00e4sta grossistavtalen p\u00e5 marknaden, vilket g\u00f6r oss till den sj\u00e4lvklara leverant\u00f6ren f\u00f6r vapebutiker och \u00e5terf\u00f6rs\u00e4ljare \u00f6ver hela v\u00e4rlden.<\/p>\n<p class=\"\" data-start=\"195\" data-end=\"340\"><strong data-start=\"195\" data-end=\"228\">Snabb leverans<\/strong> \u2013 Vi levererar dina best\u00e4llningar snabbt och s\u00e4kert, med p\u00e5litliga globala fraktalternativ anpassade efter dina behov.<\/p>\n<p class=\"\" data-start=\"342\" data-end=\"487\"><strong data-start=\"342\" data-end=\"367\">100% \u00c4kta Produkter<\/strong> \u2013 S\u00e4g adj\u00f6 till kopior! Vi garanterar endast original WASPE Triple eng\u00e5ngsvapes med verifierad kvalitet och prestanda.<\/p>\n<p class=\"\" data-start=\"489\" data-end=\"627\"><strong data-start=\"489\" data-end=\"516\">Expertkundsupport<\/strong> \u2013 Har du fr\u00e5gor? V\u00e5rt kunniga vape-team finns h\u00e4r f\u00f6r dig n\u00e4r som helst, vilket s\u00e4kerst\u00e4ller en smidig och problemfri service.<\/p>\n<p data-start=\"559\" data-end=\"933\" data-is-last-node=\"\" data-is-only-node=\"\">Vi har \u00e4ven andra popul\u00e4ra vapes med sk\u00e4rm som <a href=\"https:\/\/vapestornado.com\/sv\/product\/bang-king-vape-36000-puff-dual-vaping-mode-disposables-pod-best-price\/\">BANG KING 36000 Shisha<\/a>, <a href=\"https:\/\/vapestornado.com\/sv\/product\/waspe-aiviou-3-in-1-60000-puffs-disposable-vape-kit-best-price\/\">WASPE 60000 3 i 1<\/a>, <a href=\"https:\/\/vapestornado.com\/sv\/product\/alfakh-crown-bar-20000-puffs-disposable-shisha-hookah-wholesale-vape-pen\/\">ALFAKH 20000<\/a>, och mer.<\/p>\n<\/div>\n<div class=\"relative p-1 rounded-sm flex items-center justify-center bg-token-main-surface-primary text-token-text-primary h-8 w-8\">\n<h2>Vanliga fr\u00e5gor f\u00f6r Elf Box Disposable Crystal Bar 600<\/h2>\n<p data-start=\"2968\" data-end=\"3080\">1. Hur h\u00e5ller Elf Box Crystal Bar 600 eng\u00e5ngsvape en konsekvent smak genom alla 600 puff?<\/p>\n<p data-start=\"3081\" data-end=\"3238\">Den <strong data-start=\"3085\" data-end=\"3112\">Elf Box Crystal Bar 600<\/strong> anv\u00e4nder ett <strong data-start=\"3120\" data-end=\"3133\">1,6\u03a9 spole<\/strong> som v\u00e4rms l\u00e5ngsamt och j\u00e4mnt, vilket minskar h\u00e5rdhet och beh\u00e5ller en mjukare smak fr\u00e5n b\u00f6rjan till slut.<\/p>\n<p data-start=\"3245\" data-end=\"3336\">2. \u00c4r Crystal Bar 600 ett praktiskt alternativ j\u00e4mf\u00f6rt med att k\u00f6pa cigaretter n\u00e4ra mig?<\/p>\n<p data-start=\"3337\" data-end=\"3535\">F\u00f6r m\u00e5nga EU-anv\u00e4ndare \u00e4r den <strong data-start=\"3360\" data-end=\"3395\">Crystal Bar 600 eng\u00e5ngsvape<\/strong> ett rent, kompakt alternativ \u2014 ingen t\u00e4ndare, inget aska, ingen lukt. Den anv\u00e4nds ofta som backup f\u00f6r dagar d\u00e5 en snabb l\u00f6sning beh\u00f6vs.<\/p>\n<p data-start=\"3542\" data-end=\"3624\">3. Kan jag k\u00f6pa ELFWORLD Crystal Bar 600 fr\u00e5n en vape-butik online i Europa?<\/p>\n<p data-start=\"3625\" data-end=\"3833\">Ja. De flesta EU-\u00e5terf\u00f6rs\u00e4ljare lagerf\u00f6r <strong data-start=\"3654\" data-end=\"3681\">Elf Box Crystal Bar 600<\/strong> eftersom enheten passar popul\u00e4ra smaker och f\u00f6rblir p\u00e5litlig inom sin 600-puffs klass. Den finns ofta listad i <strong data-start=\"3801\" data-end=\"3821\">vape-butik online<\/strong> kataloger.<\/p>\n<p data-start=\"3840\" data-end=\"3905\">4. P\u00e5verkar kristallvape-designen grepp eller b\u00e4rbarhet?<\/p>\n<p data-start=\"3906\" data-end=\"4092\">Den <strong data-start=\"3910\" data-end=\"3926\">kristallvape<\/strong> finishen ger l\u00e4tt textur och en ren visuell stil samtidigt som den g\u00f6r enheten extremt b\u00e4rbar. Anv\u00e4ndare n\u00e4mner ofta att den k\u00e4nns stadigare \u00e4n pappersomslutna eng\u00e5ngsprodukter.<\/p>\n<p data-start=\"4099\" data-end=\"4205\">5. Hur p\u00e5verkar nikotinniv\u00e5erna prestandan hos Elf Box Crystal Bar 600 eng\u00e5ngsvape?<\/p>\n<p data-start=\"4206\" data-end=\"4393\"><strong data-start=\"4206\" data-end=\"4212\">0%<\/strong> erbjuder ren smak, <strong data-start=\"4234\" data-end=\"4240\">2%<\/strong> ger ett m\u00e5ttligt, mjukt slag som \u00e4r idealiskt f\u00f6r frekvent anv\u00e4ndning, och <strong data-start=\"4301\" data-end=\"4307\">5%<\/strong> levererar en fastare halsk\u00e4nsla f\u00f6r anv\u00e4ndare som \u00f6verg\u00e5r fr\u00e5n starkare nikotinalternativ.<\/p>\n<\/div>\n<\/div>\n<\/div>\n<\/div>","protected":false},"excerpt":{"rendered":"<p class=\"LC20lb MBeuO DKV0Md\">Elf Box Crystal Bar 600 Puffs Eng\u00e5ngsvapes, \u00e4r en elegant kristallvape som ger 600 mjuka bloss med en 1,6\u03a9 spole, 2 ml e-v\u00e4tskevolym och 0\u20135% nikotinalternativ \u2014 enkelt, tillfredsst\u00e4llande och perfekt f\u00f6r daglig b\u00e4rning.<\/p>\n<p><strong>L\u00e4gg till Amys whatsapp f\u00f6r att f\u00e5 r\u00e4tt svar och rabatterat pris!<\/strong><\/p>\n<p><img fetchpriority=\"high\" decoding=\"async\" class=\"size-full wp-image-2932\" src=\"https:\/\/vapestornado.com\/wp-content\/uploads\/2024\/12\/Vape-Wholesale.jpg\" alt=\"Vape Partihandel\" width=\"229\" height=\"300\" \/><\/p>\n<h3><a href=\"https:\/\/wa.me\/8617776015835\"><span style=\"color: #ff0000;\"><strong>WhatsApp: +86 17776015835<\/strong><\/span><\/a><\/h3>\n<p>&nbsp;<\/p>","protected":false},"featured_media":4075,"comment_status":"open","ping_status":"closed","template":"","meta":{"_acf_changed":false,"_uag_custom_page_level_css":"","_lmt_disableupdate":"no","_lmt_disable":"","_monsterinsights_skip_tracking":false,"_monsterinsights_sitenote_active":false,"_monsterinsights_sitenote_note":"","_monsterinsights_sitenote_category":0,"site-sidebar-layout":"default","site-content-layout":"","ast-site-content-layout":"default","site-content-style":"default","site-sidebar-style":"default","ast-global-header-display":"","ast-banner-title-visibility":"","ast-main-header-display":"","ast-hfb-above-header-display":"","ast-hfb-below-header-display":"","ast-hfb-mobile-header-display":"","site-post-title":"","ast-breadcrumbs-content":"","ast-featured-img":"","footer-sml-layout":"","ast-disable-related-posts":"","theme-transparent-header-meta":"default","adv-header-id-meta":"","stick-header-meta":"","header-above-stick-meta":"","header-main-stick-meta":"","header-below-stick-meta":"","astra-migrate-meta-layouts":"set","ast-page-background-enabled":"default","ast-page-background-meta":{"desktop":{"background-color":"","background-image":"","background-repeat":"repeat","background-position":"center center","background-size":"auto","background-attachment":"scroll","background-type":"","background-media":"","overlay-type":"","overlay-color":"","overlay-opacity":"","overlay-gradient":""},"tablet":{"background-color":"","background-image":"","background-repeat":"repeat","background-position":"center center","background-size":"auto","background-attachment":"scroll","background-type":"","background-media":"","overlay-type":"","overlay-color":"","overlay-opacity":"","overlay-gradient":""},"mobile":{"background-color":"","background-image":"","background-repeat":"repeat","background-position":"center center","background-size":"auto","background-attachment":"scroll","background-type":"","background-media":"","overlay-type":"","overlay-color":"","overlay-opacity":"","overlay-gradient":""}},"ast-content-background-meta":{"desktop":{"background-color":"var(--ast-global-color-5)","background-image":"","background-repeat":"repeat","background-position":"center center","background-size":"auto","background-attachment":"scroll","background-type":"","background-media":"","overlay-type":"","overlay-color":"","overlay-opacity":"","overlay-gradient":""},"tablet":{"background-color":"var(--ast-global-color-5)","background-image":"","background-repeat":"repeat","background-position":"center center","background-size":"auto","background-attachment":"scroll","background-type":"","background-media":"","overlay-type":"","overlay-color":"","overlay-opacity":"","overlay-gradient":""},"mobile":{"background-color":"var(--ast-global-color-5)","background-image":"","background-repeat":"repeat","background-position":"center center","background-size":"auto","background-attachment":"scroll","background-type":"","background-media":"","overlay-type":"","overlay-color":"","overlay-opacity":"","overlay-gradient":""}},"_joinchat":{"telephone":"17776015835"}},"product_brand":[],"product_cat":[149,152,141,144],"product_tag":[322,105,320,321,490],"class_list":{"0":"post-4088","1":"product","2":"type-product","3":"status-publish","4":"has-post-thumbnail","6":"product_cat-buy-disposable-vapes-in-austria","7":"product_cat-buy-disposable-vapes-in-cermany","8":"product_cat-crystal-disposable-vapes","9":"product_cat-low-nicotine-disposable-vapes","10":"product_tag-crystal-bar-600","11":"product_tag-digital-disposable-vape","12":"product_tag-disposables-bar","13":"product_tag-elf-box-crystal-bar-600","14":"product_tag-mini-bar","15":"desktop-align-left","16":"tablet-align-left","17":"mobile-align-left","19":"first","20":"instock","21":"sale","22":"shipping-taxable","23":"purchasable","24":"product-type-simple"},"acf":[],"uagb_featured_image_src":{"full":["https:\/\/vapestornado.com\/wp-content\/uploads\/2025\/04\/Elf-Bar-600-Disposable-Vape-Pen-Kit-Wholesale.webp",800,800,false],"thumbnail":["https:\/\/vapestornado.com\/wp-content\/uploads\/2025\/04\/Elf-Bar-600-Disposable-Vape-Pen-Kit-Wholesale-150x150.webp",150,150,true],"medium":["https:\/\/vapestornado.com\/wp-content\/uploads\/2025\/04\/Elf-Bar-600-Disposable-Vape-Pen-Kit-Wholesale-300x300.webp",300,300,true],"medium_large":["https:\/\/vapestornado.com\/wp-content\/uploads\/2025\/04\/Elf-Bar-600-Disposable-Vape-Pen-Kit-Wholesale-768x768.webp",768,768,true],"large":["https:\/\/vapestornado.com\/wp-content\/uploads\/2025\/04\/Elf-Bar-600-Disposable-Vape-Pen-Kit-Wholesale.webp",800,800,false],"1536x1536":["https:\/\/vapestornado.com\/wp-content\/uploads\/2025\/04\/Elf-Bar-600-Disposable-Vape-Pen-Kit-Wholesale.webp",800,800,false],"2048x2048":["https:\/\/vapestornado.com\/wp-content\/uploads\/2025\/04\/Elf-Bar-600-Disposable-Vape-Pen-Kit-Wholesale.webp",800,800,false],"trp-custom-language-flag":["https:\/\/vapestornado.com\/wp-content\/uploads\/2025\/04\/Elf-Bar-600-Disposable-Vape-Pen-Kit-Wholesale.webp",12,12,false],"woocommerce_thumbnail":["https:\/\/vapestornado.com\/wp-content\/uploads\/2025\/04\/Elf-Bar-600-Disposable-Vape-Pen-Kit-Wholesale-300x300.webp",300,300,true],"woocommerce_single":["https:\/\/vapestornado.com\/wp-content\/uploads\/2025\/04\/Elf-Bar-600-Disposable-Vape-Pen-Kit-Wholesale-600x600.webp",600,600,true],"woocommerce_gallery_thumbnail":["https:\/\/vapestornado.com\/wp-content\/uploads\/2025\/04\/Elf-Bar-600-Disposable-Vape-Pen-Kit-Wholesale-100x100.webp",100,100,true]},"uagb_author_info":{"display_name":"ESAMY","author_link":"https:\/\/vapestornado.com\/sv\/author\/"},"uagb_comment_info":0,"uagb_excerpt":"Elf Box Crystal Bar 600 Puffs Disposable Vapes, is a\u00a0sleek crystal vape delivering 600 smooth puffs with a 1.6\u03a9 coil, 2ml e-liquid capacity, and 0\u20135% nicotine options \u2014 simple, satisfying, and ideal for daily carry. Add Amy's whatsapp to get right reply and discount price! WhatsApp: +86 17776015835 &nbsp;","_links":{"self":[{"href":"https:\/\/vapestornado.com\/sv\/wp-json\/wp\/v2\/product\/4088","targetHints":{"allow":["GET"]}}],"collection":[{"href":"https:\/\/vapestornado.com\/sv\/wp-json\/wp\/v2\/product"}],"about":[{"href":"https:\/\/vapestornado.com\/sv\/wp-json\/wp\/v2\/types\/product"}],"replies":[{"embeddable":true,"href":"https:\/\/vapestornado.com\/sv\/wp-json\/wp\/v2\/comments?post=4088"}],"wp:featuredmedia":[{"embeddable":true,"href":"https:\/\/vapestornado.com\/sv\/wp-json\/wp\/v2\/media\/4075"}],"wp:attachment":[{"href":"https:\/\/vapestornado.com\/sv\/wp-json\/wp\/v2\/media?parent=4088"}],"wp:term":[{"taxonomy":"product_brand","embeddable":true,"href":"https:\/\/vapestornado.com\/sv\/wp-json\/wp\/v2\/product_brand?post=4088"},{"taxonomy":"product_cat","embeddable":true,"href":"https:\/\/vapestornado.com\/sv\/wp-json\/wp\/v2\/product_cat?post=4088"},{"taxonomy":"product_tag","embeddable":true,"href":"https:\/\/vapestornado.com\/sv\/wp-json\/wp\/v2\/product_tag?post=4088"}],"curies":[{"name":"wp","href":"https:\/\/api.w.org\/{rel}","templated":true}]}}