{"id":4056,"date":"2025-04-02T09:32:30","date_gmt":"2025-04-02T09:32:30","guid":{"rendered":"https:\/\/vapestornado.com\/?post_type=product&#038;p=4056"},"modified":"2025-08-23T12:03:58","modified_gmt":"2025-08-23T12:03:58","slug":"elfbar-planet-25000-wholesale-disposable-vape-kit-with-digital-screen","status":"publish","type":"product","link":"https:\/\/vapestornado.com\/sv\/product\/elfbar-planet-25000-wholesale-disposable-vape-kit-with-digital-screen\/","title":{"rendered":"ELFBAR Planet 25000 Grossist Eng\u00e5ngs Vape Kit med Digital Sk\u00e4rm"},"content":{"rendered":"<h1 data-pm-slice=\"1 1 []\">ELFBAR Planet 25000 Grossist Eng\u00e5ngs Vape Kit med Digital Sk\u00e4rm<\/h1>\n<p class=\"\" data-start=\"105\" data-end=\"610\">Den <strong data-start=\"303\" data-end=\"342\">ELFBAR Planet 25000 Eng\u00e5ngs Vape<\/strong> \u00e4r byggd f\u00f6r grossister och \u00e5terf\u00f6rs\u00e4ljare som s\u00f6ker en premiumenhet med l\u00e5ng livsl\u00e4ngd och moderna funktioner. Levererar upp till <strong data-start=\"460\" data-end=\"476\">25 000 puff<\/strong>bloss, den \u00e4r f\u00f6rfylld med <strong data-start=\"503\" data-end=\"523\">18 ml e-v\u00e4tska<\/strong> med 5% nikotinstyrka, vilket garanterar en smidig och dj\u00e4rv vapingupplevelse.<\/p>\n<p>Dess <strong data-start=\"608\" data-end=\"631\">digital LED-display<\/strong> ger anv\u00e4ndarna uppdateringar i realtid om batteri- och e-v\u00e4tskeniv\u00e5er, medan <strong data-start=\"700\" data-end=\"739\">justerbara effektinst\u00e4llningar (13W\u201325W)<\/strong> ger flexibilitet f\u00f6r b\u00e5de smakintensitet och molnproduktion. Drivs av ett <strong data-start=\"822\" data-end=\"853\">800mAh uppladdningsbart batteri<\/strong> med snabb <strong data-start=\"864\" data-end=\"883\">Typ-C-laddning<\/strong>batteri, garanterar ELFBAR Planet p\u00e5litlig prestanda.<\/p>\n<p>Med sin eleganta design, <strong data-start=\"968\" data-end=\"993\">dubbla mesh coil-systemet<\/strong>funktioner och konkurrenskraftiga <strong data-start=\"1011\" data-end=\"1032\">grossistpriser<\/strong>priser \u00e4r denna enhet ett l\u00f6nsamt tillskott f\u00f6r vapedistribut\u00f6rer och butiks\u00e4gare som vill erbjuda en eng\u00e5ngsprodukt med h\u00f6g kapacitet, stil och substans.<\/p>\n<p data-start=\"666\" data-end=\"1235\"><strong style=\"font-size: 16px;\"><span style=\"color: #ff0000;\">L\u00e4gg till Amys WhatsApp f\u00f6r att f\u00e5 r\u00e4tt svar och rabatterat pris!<\/span><\/strong><\/p>\n<p><img fetchpriority=\"high\" decoding=\"async\" class=\"size-full wp-image-2932\" src=\"https:\/\/vapestornado.com\/wp-content\/uploads\/2024\/12\/Vape-Wholesale.jpg\" alt=\"Vape Partihandel\" width=\"229\" height=\"300\" \/><\/p>\n<h3><a href=\"https:\/\/wa.me\/8617776015835\" target=\"_blank\" rel=\"noopener\"><span style=\"color: #ff0000;\"><strong>WhatsApp: +86 17776015835<\/strong><\/span><\/a><\/h3>\n<p>&nbsp;<\/p>\n<h2><strong>ELFBAR Planet 25000 Viktiga produktfunktioner<\/strong><\/h2>\n<p>M\u00e4rke: Elf Bar<br \/>\nModell: PLANET 25000<br \/>\nBloss: 25000<br \/>\nNikotinstyrka: 5% (50 mg)<br \/>\nV\u00e4tskevolym: 18 ml<br \/>\nBatteri<br \/>\nBatterikapacitet: 800mAh<br \/>\nModern USB-C-laddning<br \/>\nJusterbar effekt<\/p>\n<h2 class=\"product-title\"><strong>ELF BAR Planet 25000 Eng\u00e5ngs Vape Smaklista<\/strong><\/h2>\n<article class=\"w-full text-token-text-primary focus-visible:outline-2 focus-visible:outline-offset-[-4px]\" dir=\"auto\" data-testid=\"conversation-turn-32\" data-scroll-anchor=\"false\">\n<div class=\"m-auto text-base py-[18px] px-6\">\n<div class=\"mx-auto flex flex-1 text-base gap-4 md:gap-5 lg:gap-6 md:max-w-3xl lg:max-w-[40rem] xl:max-w-[48rem]\">\n<div class=\"group\/conversation-turn relative flex w-full min-w-0 flex-col @xs\/thread:px-0 @sm\/thread:px-1.5 @md\/thread:px-4\">\n<div class=\"flex-col gap-1 md:gap-3\">\n<div class=\"flex max-w-full flex-col flex-grow\">\n<div class=\"min-h-8 text-message flex w-full flex-col items-end gap-2 whitespace-normal break-words text-start [.text-message+&amp;]:mt-5\" dir=\"auto\" data-message-author-role=\"user\" data-message-id=\"ffac41ca-1db4-431b-873a-32c4052956f1\">\n<div class=\"flex w-full flex-col gap-1 empty:hidden items-end rtl:items-start\">\n<div class=\"relative max-w-[var(--user-chat-width,70%)] rounded-3xl bg-token-message-surface px-5 py-2.5\">\n<div class=\"absolute bottom-0 right-full top-0 -mr-3.5 hidden pr-5 pt-2 [.group\/conversation-turn:hover_&amp;]:flex\">\n<div class=\"flex\">\n<article class=\"w-full text-token-text-primary focus-visible:outline-2 focus-visible:outline-offset-[-4px]\" dir=\"auto\" data-testid=\"conversation-turn-39\" data-scroll-anchor=\"true\">\n<div class=\"m-auto text-base py-[18px] px-6\">\n<div class=\"mx-auto flex flex-1 text-base gap-4 md:gap-5 lg:gap-6 md:max-w-3xl lg:max-w-[40rem] xl:max-w-[48rem]\">\n<div class=\"group\/conversation-turn relative flex w-full min-w-0 flex-col agent-turn @xs\/thread:px-0 @sm\/thread:px-1.5 @md\/thread:px-4\">\n<div class=\"flex-col gap-1 md:gap-3\">\n<div class=\"flex max-w-full flex-col flex-grow\">\n<div class=\"min-h-8 text-message flex w-full flex-col items-end gap-2 whitespace-normal break-words text-start [.text-message+&amp;]:mt-5\" dir=\"auto\" data-message-author-role=\"assistant\" data-message-id=\"55a23854-ec57-48dd-bd4f-6118f43d6241\" data-message-model-slug=\"gpt-4o\">\n<div class=\"flex w-full flex-col gap-1 empty:hidden first:pt-[3px]\">\n<div class=\"markdown prose w-full break-words dark:prose-invert light\">\n<p>1 Vattenmelon<br \/>\n2 Druva<br \/>\n3 Dubbel \u00c4pple<br \/>\n4 Bl\u00e5 Hallon Is<br \/>\n5 Grapefrukt Gr\u00f6nt Te<br \/>\n6 Jasmin Hallon<br \/>\n7 Vit Persika Baja Splash<br \/>\n8 Vattenmelon K\u00f6rsb\u00e4r<br \/>\n9 Surt Bj\u00f6rnb\u00e4r Bl\u00e5b\u00e4r<br \/>\n10 K\u00f6rsb\u00e4r Lime<br \/>\n11 Ananas Vattenmelon<br \/>\n12 Ananas Passionsfrukt Baja<br \/>\n13 Jordgubb Persika+<br \/>\n14 Tranb\u00e4r Apelsin Baja Splash<br \/>\n15 Dubbel Persika Lime<br \/>\n16 Tropisk Regnb\u00e5ge Explosion<\/p>\n<figure id=\"attachment_4055\" aria-describedby=\"caption-attachment-4055\" style=\"width: 800px\" class=\"wp-caption alignnone\"><img decoding=\"async\" class=\"wp-image-4055 size-full\" src=\"https:\/\/vapestornado.com\/wp-content\/uploads\/2025\/04\/ELFBAR-Planet-25000-Wholesale-Price.webp\" alt=\"ELFBAR Planet 25000 Grossistpris\" width=\"800\" height=\"800\" srcset=\"https:\/\/vapestornado.com\/wp-content\/uploads\/2025\/04\/ELFBAR-Planet-25000-Wholesale-Price.webp 800w, https:\/\/vapestornado.com\/wp-content\/uploads\/2025\/04\/ELFBAR-Planet-25000-Wholesale-Price-300x300.webp 300w, https:\/\/vapestornado.com\/wp-content\/uploads\/2025\/04\/ELFBAR-Planet-25000-Wholesale-Price-150x150.webp 150w, https:\/\/vapestornado.com\/wp-content\/uploads\/2025\/04\/ELFBAR-Planet-25000-Wholesale-Price-768x768.webp 768w, https:\/\/vapestornado.com\/wp-content\/uploads\/2025\/04\/ELFBAR-Planet-25000-Wholesale-Price-600x600.webp 600w, https:\/\/vapestornado.com\/wp-content\/uploads\/2025\/04\/ELFBAR-Planet-25000-Wholesale-Price-100x100.webp 100w\" sizes=\"(max-width: 800px) 100vw, 800px\" \/><figcaption id=\"caption-attachment-4055\" class=\"wp-caption-text\">ELFBAR Planet 25000 Grossistpris<\/figcaption><\/figure>\n<\/div>\n<\/div>\n<\/div>\n<\/div>\n<\/div>\n<\/div>\n<\/div>\n<\/div>\n<\/article>\n<\/div>\n<\/div>\n<\/div>\n<\/div>\n<\/div>\n<\/div>\n<\/div>\n<\/div>\n<\/div>\n<\/div>\n<\/article>\n<h2>Varf\u00f6r v\u00e4lja Vapestornado f\u00f6r ELFBAR Planet 25000 K\u00f6p?<\/h2>\n<div class=\"flex-shrink-0 flex flex-col relative items-end\">\n<div class=\"pt-0\">\n<div class=\"gizmo-bot-avatar flex h-8 w-8 items-center justify-center overflow-hidden rounded-full\">\n<div class=\"relative p-1 rounded-sm flex items-center justify-center bg-token-main-surface-primary text-token-text-primary h-8 w-8\">\n<p>At\u00a0<strong>VapeTornado<\/strong>, vi \u00e4r stolta \u00f6ver att leverera\u00a0<strong>premium vapingprodukter till oslagbara priser<\/strong>\u2014och ELFBAR Planet 25000 \u00e4r inget undantag! H\u00e4r \u00e4r varf\u00f6r du borde k\u00f6pa fr\u00e5n oss:<\/p>\n<p><strong>B\u00e4sta grossistpriserna<\/strong>\u00a0\u2013 Vi erbjuder\u00a0<strong>konkurrenskraftiga bulkpriser<\/strong><span style=\"font-size: 16px;\">, vilket g\u00f6r oss till det b\u00e4sta valet f\u00f6r \u00e5terf\u00f6rs\u00e4ljare och vapebutiker.<\/span><\/p>\n<p><strong>Snabb<\/strong>\u00a0\u2013 F\u00e5 din best\u00e4llning levererad\u00a0<strong>snabbt och s\u00e4kert<\/strong>, med fraktalternativ \u00f6ver hela v\u00e4rlden.<br \/>\n<strong>100% Autentiska Produkter<\/strong>\u00a0\u2013 Inga kopior\u2014bara\u00a0<strong>\u00e4kta WASPE Triple eng\u00e5ngsvapes<\/strong>\u00a0med verifierad kvalitet.<br \/>\n<strong>Utm\u00e4rkt kundsupport<\/strong>\u00a0\u2013 Har du fr\u00e5gor? V\u00e5ra\u00a0<strong>vapeexperter<\/strong> \u00e4r redo att hj\u00e4lpa dig dygnet runt.<\/p>\n<p data-start=\"559\" data-end=\"933\" data-is-last-node=\"\" data-is-only-node=\"\">Vi har \u00e4ven andra popul\u00e4ra vapes med sk\u00e4rm som <a href=\"https:\/\/vapestornado.com\/sv\/product\/vapme-goat-40000-puff-40k-hookah-shisha-pen-price-wholesale-e-cigarette\/\">Vapme Get 40000 Shisha<\/a>, <a href=\"https:\/\/vapestornado.com\/sv\/product\/2025-new-vopk-ultra-40000-puffs-double-flavor-disposable-vape-factory-suppliers\/\">VOPK 40000 2 i 1 Eng\u00e5ngs Vape<\/a>, <a href=\"https:\/\/vapestornado.com\/sv\/product\/bang-beach-22000-20k-puff-disposable-vape-pen-with-screen-reddit-hot\/\">Bang Beach 22000<\/a>, och mer.<\/p>\n<\/div>\n<div class=\"relative p-1 rounded-sm flex items-center justify-center bg-token-main-surface-primary text-token-text-primary h-8 w-8\">\n<h2>VANLIGA FR\u00c5GOR<\/h2>\n<h3 class=\"\" data-start=\"2124\" data-end=\"2138\"><\/h3>\n<ol data-start=\"2140\" data-end=\"3057\">\n<li class=\"\" data-start=\"2140\" data-end=\"2390\">\n<p class=\"\" data-start=\"2143\" data-end=\"2390\"><strong data-start=\"2143\" data-end=\"2209\">Hur justerar jag effektinst\u00e4llningarna p\u00e5 ELFBAR Planet 25000?<\/strong><br data-start=\"2209\" data-end=\"2212\" \/>Enheten har <strong data-start=\"2235\" data-end=\"2273\">justerbar effekt fr\u00e5n 13W till 25W<\/strong>. Du kan justera effektinst\u00e4llningarna via <strong data-start=\"2320\" data-end=\"2352\">kontrollknappen l\u00e4ngst ner<\/strong> f\u00f6r en anpassad vapingupplevelse.<\/p>\n<\/li>\n<li class=\"\" data-start=\"2392\" data-end=\"2607\">\n<p class=\"\" data-start=\"2395\" data-end=\"2607\"><strong data-start=\"2395\" data-end=\"2450\">Hur l\u00e4nge r\u00e4cker batteriet p\u00e5 ELFBAR Planet 25000?<\/strong><br data-start=\"2450\" data-end=\"2453\" \/>Den <strong data-start=\"2460\" data-end=\"2491\">800mAh uppladdningsbart batteri<\/strong> ger f\u00f6rl\u00e4ngd anv\u00e4ndning och kan enkelt <strong data-start=\"2532\" data-end=\"2555\">laddas via USB-C<\/strong>, vilket s\u00e4kerst\u00e4ller att du \u00e4r str\u00f6mf\u00f6rs\u00f6rjd hela dagen.<\/p>\n<\/li>\n<li class=\"\" data-start=\"2609\" data-end=\"2842\">\n<p class=\"\" data-start=\"2612\" data-end=\"2842\"><strong data-start=\"2612\" data-end=\"2666\">\u00c4r ELFBAR Planet 25000 bra f\u00f6r smak\u00e4lskare?<\/strong><br data-start=\"2666\" data-end=\"2669\" \/>Absolut! Med <strong data-start=\"2689\" data-end=\"2708\">dubbla mesh-spolar<\/strong> och <strong data-start=\"2713\" data-end=\"2735\">justerbart luftfl\u00f6de<\/strong>, den levererar <strong data-start=\"2749\" data-end=\"2776\">intensiva, mjuka smaker<\/strong> och <strong data-start=\"2781\" data-end=\"2806\">rik \u00e5ngproduktion<\/strong> f\u00f6r en \u00f6verl\u00e4gsen vapingupplevelse.<\/p>\n<\/li>\n<li class=\"\" data-start=\"2844\" data-end=\"3057\">\n<p class=\"\" data-start=\"2847\" data-end=\"3057\"><strong data-start=\"2847\" data-end=\"2898\">Kan jag ta med ELFBAR Planet 25000 p\u00e5 ett flyg?<\/strong><br data-start=\"2898\" data-end=\"2901\" \/>Ja, men du m\u00e5ste <strong data-start=\"2922\" data-end=\"2955\">f\u00f6rvara den i ditt handbagage<\/strong> enligt flygbolagets best\u00e4mmelser. <strong data-start=\"2984\" data-end=\"3054\">Undvik att placera den i incheckat bagage p\u00e5 grund av s\u00e4kerhetsrisker med batteriet<\/strong>.<\/p>\n<\/li>\n<\/ol>\n<\/div>\n<\/div>\n<\/div>\n<\/div>","protected":false},"excerpt":{"rendered":"<p class=\"LC20lb MBeuO DKV0Md\">Den <strong data-start=\"1185\" data-end=\"1211\">ELFBAR Planet 25K Vape<\/strong> levererar 25 000 bloss, digital sk\u00e4rm och justerbar effekt \u2013 perfekt f\u00f6r <strong data-start=\"1284\" data-end=\"1309\">grossistbest\u00e4llningar i bulk<\/strong> i Europa.<br \/>\nDigital Eng\u00e5ngs Vape ELF BAR Planet 25000 Fabriks Direkt Pris<\/p>\n<p><strong>L\u00e4gg till Amys whatsapp f\u00f6r att f\u00e5 r\u00e4tt svar och rabatterat pris!<\/strong><\/p>\n<p><img fetchpriority=\"high\" decoding=\"async\" class=\"size-full wp-image-2932\" src=\"https:\/\/vapestornado.com\/wp-content\/uploads\/2024\/12\/Vape-Wholesale.jpg\" alt=\"Vape Partihandel\" width=\"229\" height=\"300\" \/><\/p>\n<h3><a href=\"https:\/\/wa.me\/8617776015835\"><span style=\"color: #ff0000;\"><strong>WhatsApp: +86 17776015835<\/strong><\/span><\/a><\/h3>\n<p>&nbsp;<\/p>","protected":false},"featured_media":4050,"comment_status":"open","ping_status":"closed","template":"","meta":{"_acf_changed":false,"_uag_custom_page_level_css":"","_lmt_disableupdate":"no","_lmt_disable":"","_monsterinsights_skip_tracking":false,"_monsterinsights_sitenote_active":false,"_monsterinsights_sitenote_note":"","_monsterinsights_sitenote_category":0,"site-sidebar-layout":"default","site-content-layout":"","ast-site-content-layout":"default","site-content-style":"default","site-sidebar-style":"default","ast-global-header-display":"","ast-banner-title-visibility":"","ast-main-header-display":"","ast-hfb-above-header-display":"","ast-hfb-below-header-display":"","ast-hfb-mobile-header-display":"","site-post-title":"","ast-breadcrumbs-content":"","ast-featured-img":"","footer-sml-layout":"","ast-disable-related-posts":"","theme-transparent-header-meta":"default","adv-header-id-meta":"","stick-header-meta":"","header-above-stick-meta":"","header-main-stick-meta":"","header-below-stick-meta":"","astra-migrate-meta-layouts":"set","ast-page-background-enabled":"default","ast-page-background-meta":{"desktop":{"background-color":"","background-image":"","background-repeat":"repeat","background-position":"center center","background-size":"auto","background-attachment":"scroll","background-type":"","background-media":"","overlay-type":"","overlay-color":"","overlay-opacity":"","overlay-gradient":""},"tablet":{"background-color":"","background-image":"","background-repeat":"repeat","background-position":"center center","background-size":"auto","background-attachment":"scroll","background-type":"","background-media":"","overlay-type":"","overlay-color":"","overlay-opacity":"","overlay-gradient":""},"mobile":{"background-color":"","background-image":"","background-repeat":"repeat","background-position":"center center","background-size":"auto","background-attachment":"scroll","background-type":"","background-media":"","overlay-type":"","overlay-color":"","overlay-opacity":"","overlay-gradient":""}},"ast-content-background-meta":{"desktop":{"background-color":"var(--ast-global-color-5)","background-image":"","background-repeat":"repeat","background-position":"center center","background-size":"auto","background-attachment":"scroll","background-type":"","background-media":"","overlay-type":"","overlay-color":"","overlay-opacity":"","overlay-gradient":""},"tablet":{"background-color":"var(--ast-global-color-5)","background-image":"","background-repeat":"repeat","background-position":"center center","background-size":"auto","background-attachment":"scroll","background-type":"","background-media":"","overlay-type":"","overlay-color":"","overlay-opacity":"","overlay-gradient":""},"mobile":{"background-color":"var(--ast-global-color-5)","background-image":"","background-repeat":"repeat","background-position":"center center","background-size":"auto","background-attachment":"scroll","background-type":"","background-media":"","overlay-type":"","overlay-color":"","overlay-opacity":"","overlay-gradient":""}},"_joinchat":{"telephone":"17776015835"}},"product_brand":[],"product_cat":[68,156,254,146],"product_tag":[105,252,311,313,312],"class_list":{"0":"post-4056","1":"product","2":"type-product","3":"status-publish","4":"has-post-thumbnail","6":"product_cat-25000-puff","7":"product_cat-buy-disposable-vapes-in-poland","8":"product_cat-elf-bar-vape","9":"product_cat-rechargeable-disposable-vapes","10":"product_tag-digital-disposable-vape","11":"product_tag-elf-bar","12":"product_tag-elf-bar-planet-25000","13":"product_tag-vape-with-digital-screen","14":"product_tag-wholesale-disposable-vape-kit","15":"desktop-align-left","16":"tablet-align-left","17":"mobile-align-left","19":"first","20":"instock","21":"sale","22":"shipping-taxable","23":"purchasable","24":"product-type-simple"},"acf":[],"uagb_featured_image_src":{"full":["https:\/\/vapestornado.com\/wp-content\/uploads\/2025\/04\/ELF-BAR-Planet-25000-Disposable-Vape-Pen.webp",800,800,false],"thumbnail":["https:\/\/vapestornado.com\/wp-content\/uploads\/2025\/04\/ELF-BAR-Planet-25000-Disposable-Vape-Pen-150x150.webp",150,150,true],"medium":["https:\/\/vapestornado.com\/wp-content\/uploads\/2025\/04\/ELF-BAR-Planet-25000-Disposable-Vape-Pen-300x300.webp",300,300,true],"medium_large":["https:\/\/vapestornado.com\/wp-content\/uploads\/2025\/04\/ELF-BAR-Planet-25000-Disposable-Vape-Pen-768x768.webp",768,768,true],"large":["https:\/\/vapestornado.com\/wp-content\/uploads\/2025\/04\/ELF-BAR-Planet-25000-Disposable-Vape-Pen.webp",800,800,false],"1536x1536":["https:\/\/vapestornado.com\/wp-content\/uploads\/2025\/04\/ELF-BAR-Planet-25000-Disposable-Vape-Pen.webp",800,800,false],"2048x2048":["https:\/\/vapestornado.com\/wp-content\/uploads\/2025\/04\/ELF-BAR-Planet-25000-Disposable-Vape-Pen.webp",800,800,false],"trp-custom-language-flag":["https:\/\/vapestornado.com\/wp-content\/uploads\/2025\/04\/ELF-BAR-Planet-25000-Disposable-Vape-Pen.webp",12,12,false],"woocommerce_thumbnail":["https:\/\/vapestornado.com\/wp-content\/uploads\/2025\/04\/ELF-BAR-Planet-25000-Disposable-Vape-Pen-300x300.webp",300,300,true],"woocommerce_single":["https:\/\/vapestornado.com\/wp-content\/uploads\/2025\/04\/ELF-BAR-Planet-25000-Disposable-Vape-Pen-600x600.webp",600,600,true],"woocommerce_gallery_thumbnail":["https:\/\/vapestornado.com\/wp-content\/uploads\/2025\/04\/ELF-BAR-Planet-25000-Disposable-Vape-Pen-100x100.webp",100,100,true]},"uagb_author_info":{"display_name":"ESAMY","author_link":"https:\/\/vapestornado.com\/sv\/author\/"},"uagb_comment_info":0,"uagb_excerpt":"The ELFBAR Planet 25K Vape delivers 25,000 puffs, digital screen, and adjustable wattage\u2014ideal for wholesale bulk orders in Europe. Digital Disposable Vape ELF BAR Planet 25000 Factory Direct Price Add Amy's whatsapp to get right reply and discount price! WhatsApp: +86 17776015835 &nbsp;","_links":{"self":[{"href":"https:\/\/vapestornado.com\/sv\/wp-json\/wp\/v2\/product\/4056","targetHints":{"allow":["GET"]}}],"collection":[{"href":"https:\/\/vapestornado.com\/sv\/wp-json\/wp\/v2\/product"}],"about":[{"href":"https:\/\/vapestornado.com\/sv\/wp-json\/wp\/v2\/types\/product"}],"replies":[{"embeddable":true,"href":"https:\/\/vapestornado.com\/sv\/wp-json\/wp\/v2\/comments?post=4056"}],"wp:featuredmedia":[{"embeddable":true,"href":"https:\/\/vapestornado.com\/sv\/wp-json\/wp\/v2\/media\/4050"}],"wp:attachment":[{"href":"https:\/\/vapestornado.com\/sv\/wp-json\/wp\/v2\/media?parent=4056"}],"wp:term":[{"taxonomy":"product_brand","embeddable":true,"href":"https:\/\/vapestornado.com\/sv\/wp-json\/wp\/v2\/product_brand?post=4056"},{"taxonomy":"product_cat","embeddable":true,"href":"https:\/\/vapestornado.com\/sv\/wp-json\/wp\/v2\/product_cat?post=4056"},{"taxonomy":"product_tag","embeddable":true,"href":"https:\/\/vapestornado.com\/sv\/wp-json\/wp\/v2\/product_tag?post=4056"}],"curies":[{"name":"wp","href":"https:\/\/api.w.org\/{rel}","templated":true}]}}