{"id":4048,"date":"2025-03-29T10:23:46","date_gmt":"2025-03-29T10:23:46","guid":{"rendered":"https:\/\/vapestornado.com\/?post_type=product&#038;p=4048"},"modified":"2025-08-23T12:02:26","modified_gmt":"2025-08-23T12:02:26","slug":"mesii-vast-energy-30k-30000-puffs-airflow-adjustable-disposable-vape-bar-to-buy-germany","status":"publish","type":"product","link":"https:\/\/vapestornado.com\/sv\/product\/mesii-vast-energy-30k-30000-puffs-airflow-adjustable-disposable-vape-bar-to-buy-germany\/","title":{"rendered":"Mesii Vast Energy 30k 30000 Puffar Luftfl\u00f6desjusterbar Eng\u00e5ngs Vape Bar att K\u00f6pa Tyskland"},"content":{"rendered":"<h1 data-pm-slice=\"1 1 []\">Mesii Vast Energy 30k 30000 Puffar Luftfl\u00f6desjusterbar Eng\u00e5ngs Vape Bar att K\u00f6pa Tyskland<\/h1>\n<p>Den <strong data-start=\"324\" data-end=\"373\">Mesii Vast Energy 30000 Puffar Eng\u00e5ngs Vape<\/strong> \u00e4r ett kraftfullt val f\u00f6r grossister och vape-\u00e5terf\u00f6rs\u00e4ljare i Tyskland som s\u00f6ker avancerade funktioner och v\u00e4rde vid bulkink\u00f6p. Levererar upp till <strong data-start=\"504\" data-end=\"520\">30 000 puff<\/strong>, kombinerar denna enhet <strong data-start=\"543\" data-end=\"572\">dubbel mesh coil-teknik<\/strong> med <strong data-start=\"578\" data-end=\"600\">justerbart luftfl\u00f6de<\/strong>, vilket ger anv\u00e4ndarna flexibiliteten att v\u00e4xla mellan tighta MTL-drag och luftiga DTL-moln.<\/p>\n<p>Drivs av en <strong data-start=\"709\" data-end=\"740\">800mAh uppladdningsbart batteri<\/strong> med <strong data-start=\"746\" data-end=\"770\">Typ-C snabbladdning<\/strong>, s\u00e4kerst\u00e4ller den p\u00e5litlig prestanda och minimal stillest\u00e5ndstid. Den <strong data-start=\"830\" data-end=\"854\">fullst\u00e4ndiga digitala displayen<\/strong> ger uppdateringar i realtid om batteri, e-v\u00e4tskeniv\u00e5er och fyra <strong data-start=\"920\" data-end=\"948\">anpassningsbara effektl\u00e4gen<\/strong>, vilket g\u00f6r att anv\u00e4ndarna kan anpassa sin vapingstil.<\/p>\n<p>Med sin l\u00e5ngvariga kapacitet, j\u00e4mna \u00e5ngproduktion och <strong data-start=\"1070\" data-end=\"1103\">konkurrenskraftiga grossistpriser<\/strong>, st\u00e5r Mesii Vast Energy 30K ut som ett utm\u00e4rkt bulkalternativ f\u00f6r \u00e5terf\u00f6rs\u00e4ljare som vill ut\u00f6ka sitt lager med en f\u00f6rstklassig eng\u00e5ngs vape-bar.<\/p>\n<p data-start=\"666\" data-end=\"1235\"><strong style=\"font-size: 16px;\"><span style=\"color: #ff0000;\">L\u00e4gg till Amys WhatsApp f\u00f6r att f\u00e5 r\u00e4tt svar och rabatterat pris!<\/span><\/strong><\/p>\n<p><img fetchpriority=\"high\" decoding=\"async\" class=\"size-full wp-image-2932\" src=\"https:\/\/vapestornado.com\/wp-content\/uploads\/2024\/12\/Vape-Wholesale.jpg\" alt=\"Vape Partihandel\" width=\"229\" height=\"300\" \/><\/p>\n<h3><a href=\"https:\/\/wa.me\/8617776015835\" target=\"_blank\" rel=\"noopener\"><span style=\"color: #ff0000;\"><strong>WhatsApp: +86 17776015835<\/strong><\/span><\/a><\/h3>\n<p>&nbsp;<\/p>\n<h2><strong>Mesii Vast Energy 30000 Viktiga produktfunktioner<\/strong><\/h2>\n<ul>\n<li class=\"\" data-start=\"589\" data-end=\"738\">\n<p class=\"\" data-start=\"591\" data-end=\"738\"><strong data-start=\"591\" data-end=\"632\">Nikotinalternativ f\u00f6r varje preferens<\/strong> \u2013 V\u00e4lj mellan 0 procent, 2 procent, 3 procent eller 5 procent nikotinniv\u00e5er f\u00f6r att matcha din vapingstil.<\/p>\n<\/li>\n<li class=\"\" data-start=\"739\" data-end=\"834\">\n<p class=\"\" data-start=\"741\" data-end=\"834\"><strong data-start=\"741\" data-end=\"770\">H\u00f6gkapacitets 30000 Puffar<\/strong> \u2013 Konstruerad f\u00f6r l\u00e5ngvarig anv\u00e4ndning utan frekventa byten.<\/p>\n<\/li>\n<li class=\"\" data-start=\"835\" data-end=\"940\">\n<p class=\"\" data-start=\"837\" data-end=\"940\"><strong data-start=\"837\" data-end=\"864\">30ml E-v\u00e4tskebeh\u00e5llare<\/strong> \u2013 Njut av ut\u00f6kade vapingsessioner utan behov av konstant p\u00e5fyllning.<\/p>\n<\/li>\n<li class=\"\" data-start=\"941\" data-end=\"1081\">\n<p class=\"\" data-start=\"943\" data-end=\"1081\"><strong data-start=\"943\" data-end=\"992\">Avancerad dubbel mesh-spole med justerbar effekt<\/strong> \u2013 F\u00f6rb\u00e4ttrar \u00e5ngproduktionen och smakkonsistensen samtidigt som effektanpassning till\u00e5ts.<\/p>\n<\/li>\n<li class=\"\" data-start=\"1082\" data-end=\"1203\">\n<p class=\"\" data-start=\"1084\" data-end=\"1203\"><strong data-start=\"1084\" data-end=\"1107\">Fullsk\u00e4rmsvisning<\/strong> \u2013 H\u00e5ll dig informerad med en digital oljeindikator, effektniv\u00e5, vapingtid och wattinst\u00e4llningar.<\/p>\n<\/li>\n<li class=\"\" data-start=\"1204\" data-end=\"1334\">\n<p class=\"\" data-start=\"1206\" data-end=\"1334\"><strong data-start=\"1206\" data-end=\"1255\">Luftfl\u00f6deskontroll f\u00f6r en personlig upplevelse<\/strong> \u2013 Justera luftfl\u00f6det f\u00f6r att uppn\u00e5 den perfekta balansen mellan smak och \u00e5ngt\u00e4thet.<\/p>\n<\/li>\n<li class=\"\" data-start=\"1335\" data-end=\"1434\">\n<p class=\"\" data-start=\"1337\" data-end=\"1434\"><strong data-start=\"1337\" data-end=\"1368\">800mAh Uppladdningsbart Batteri<\/strong> \u2013 St\u00f6der <strong data-start=\"1380\" data-end=\"1403\">USB-C snabbladdning<\/strong> f\u00f6r snabb \u00e5terst\u00e4llning av str\u00f6m.<\/p>\n<\/li>\n<li class=\"\" data-start=\"1435\" data-end=\"1544\">\n<p class=\"\" data-start=\"1437\" data-end=\"1544\"><strong data-start=\"1437\" data-end=\"1479\">Fyra Effektl\u00e4gen (ECO, PLUS, PRO, MAX)<\/strong> \u2013 Anpassa din vapingintensitet f\u00f6r en optimerad upplevelse.<\/p>\n<\/li>\n<li class=\"\" data-start=\"1545\" data-end=\"1627\">\n<p class=\"\" data-start=\"1547\" data-end=\"1627\"><strong data-start=\"1547\" data-end=\"1585\">Touch Switch<\/strong> \u2013 L\u00e4gger till en futuristisk touch under vaping.<\/p>\n<\/li>\n<li class=\"\" data-start=\"1628\" data-end=\"1705\">\n<p class=\"\" data-start=\"1630\" data-end=\"1705\"><strong data-start=\"1630\" data-end=\"1670\">Armor Shell Design<\/strong> \u2013 S\u00e4kerst\u00e4ller h\u00e5llbarhet och s\u00e4kerhet.<\/p>\n<\/li>\n<\/ul>\n<h2 class=\"product-title\"><strong>Mesii Vast Energy 30000 Puff Eng\u00e5ngs Kit Smaklista<\/strong><\/h2>\n<article class=\"w-full text-token-text-primary focus-visible:outline-2 focus-visible:outline-offset-[-4px]\" dir=\"auto\" data-testid=\"conversation-turn-32\" data-scroll-anchor=\"false\">\n<div class=\"m-auto text-base py-[18px] px-6\">\n<div class=\"mx-auto flex flex-1 text-base gap-4 md:gap-5 lg:gap-6 md:max-w-3xl lg:max-w-[40rem] xl:max-w-[48rem]\">\n<div class=\"group\/conversation-turn relative flex w-full min-w-0 flex-col @xs\/thread:px-0 @sm\/thread:px-1.5 @md\/thread:px-4\">\n<div class=\"flex-col gap-1 md:gap-3\">\n<div class=\"flex max-w-full flex-col flex-grow\">\n<div class=\"min-h-8 text-message flex w-full flex-col items-end gap-2 whitespace-normal break-words text-start [.text-message+&amp;]:mt-5\" dir=\"auto\" data-message-author-role=\"user\" data-message-id=\"ffac41ca-1db4-431b-873a-32c4052956f1\">\n<div class=\"flex w-full flex-col gap-1 empty:hidden items-end rtl:items-start\">\n<div class=\"relative max-w-[var(--user-chat-width,70%)] rounded-3xl bg-token-message-surface px-5 py-2.5\">\n<div class=\"absolute bottom-0 right-full top-0 -mr-3.5 hidden pr-5 pt-2 [.group\/conversation-turn:hover_&amp;]:flex\">\n<div class=\"flex\">\n<article class=\"w-full text-token-text-primary focus-visible:outline-2 focus-visible:outline-offset-[-4px]\" dir=\"auto\" data-testid=\"conversation-turn-39\" data-scroll-anchor=\"true\">\n<div class=\"m-auto text-base py-[18px] px-6\">\n<div class=\"mx-auto flex flex-1 text-base gap-4 md:gap-5 lg:gap-6 md:max-w-3xl lg:max-w-[40rem] xl:max-w-[48rem]\">\n<div class=\"group\/conversation-turn relative flex w-full min-w-0 flex-col agent-turn @xs\/thread:px-0 @sm\/thread:px-1.5 @md\/thread:px-4\">\n<div class=\"flex-col gap-1 md:gap-3\">\n<div class=\"flex max-w-full flex-col flex-grow\">\n<div class=\"min-h-8 text-message flex w-full flex-col items-end gap-2 whitespace-normal break-words text-start [.text-message+&amp;]:mt-5\" dir=\"auto\" data-message-author-role=\"assistant\" data-message-id=\"55a23854-ec57-48dd-bd4f-6118f43d6241\" data-message-model-slug=\"gpt-4o\">\n<div class=\"flex w-full flex-col gap-1 empty:hidden first:pt-[3px]\">\n<div class=\"markdown prose w-full break-words dark:prose-invert light\">\n<p>1. Vattenmelon Is<br \/>\n2. Grape Ice<br \/>\n3. Berry Bomb<br \/>\n4. Strawberry Kiwi<br \/>\n5. Blue Razz Ice<br \/>\n6. Peach Ice<br \/>\n7. Cherry Cola Ice<br \/>\n8. Sour Apple Ice<br \/>\n9. Miami Mint<br \/>\n10. Lemon Lime<br \/>\n11. Jordgubbsvattenmelon<br \/>\n12. Passionsfrukt Apelsin Guava<br \/>\n13. Hallonvattenmelon<br \/>\n14. Ananas Mango<br \/>\n15. Drakfrukt Banan K\u00f6rsb\u00e4r<\/p>\n<figure id=\"attachment_4014\" aria-describedby=\"caption-attachment-4014\" style=\"width: 800px\" class=\"wp-caption alignnone\"><img decoding=\"async\" class=\"wp-image-4014 size-full\" src=\"https:\/\/vapestornado.com\/wp-content\/uploads\/2025\/03\/Mesii-Vape-30K-Vast-Energy-Bulk-Buy-Price.webp\" alt=\"Mesii Vape 30K Vast Energy Bulk K\u00f6p Pris\" width=\"800\" height=\"800\" srcset=\"https:\/\/vapestornado.com\/wp-content\/uploads\/2025\/03\/Mesii-Vape-30K-Vast-Energy-Bulk-Buy-Price.webp 800w, https:\/\/vapestornado.com\/wp-content\/uploads\/2025\/03\/Mesii-Vape-30K-Vast-Energy-Bulk-Buy-Price-300x300.webp 300w, https:\/\/vapestornado.com\/wp-content\/uploads\/2025\/03\/Mesii-Vape-30K-Vast-Energy-Bulk-Buy-Price-150x150.webp 150w, https:\/\/vapestornado.com\/wp-content\/uploads\/2025\/03\/Mesii-Vape-30K-Vast-Energy-Bulk-Buy-Price-768x768.webp 768w, https:\/\/vapestornado.com\/wp-content\/uploads\/2025\/03\/Mesii-Vape-30K-Vast-Energy-Bulk-Buy-Price-600x600.webp 600w, https:\/\/vapestornado.com\/wp-content\/uploads\/2025\/03\/Mesii-Vape-30K-Vast-Energy-Bulk-Buy-Price-100x100.webp 100w\" sizes=\"(max-width: 800px) 100vw, 800px\" \/><figcaption id=\"caption-attachment-4014\" class=\"wp-caption-text\">Mesii Vape 30K Vast Energy Bulk K\u00f6p Pris<\/figcaption><\/figure>\n<\/div>\n<\/div>\n<\/div>\n<\/div>\n<\/div>\n<\/div>\n<\/div>\n<\/div>\n<\/article>\n<\/div>\n<\/div>\n<\/div>\n<\/div>\n<\/div>\n<\/div>\n<\/div>\n<\/div>\n<\/div>\n<\/div>\n<\/article>\n<h2>Varf\u00f6r V\u00e4lja Vapestornado f\u00f6r att K\u00f6pa Mesii Vast Energy 30k?<\/h2>\n<div class=\"flex-shrink-0 flex flex-col relative items-end\">\n<div class=\"pt-0\">\n<div class=\"gizmo-bot-avatar flex h-8 w-8 items-center justify-center overflow-hidden rounded-full\">\n<div class=\"relative p-1 rounded-sm flex items-center justify-center bg-token-main-surface-primary text-token-text-primary h-8 w-8\">\n<p>At\u00a0<strong>VapeTornado<\/strong>, vi \u00e4r stolta \u00f6ver att leverera\u00a0<strong>premium vapingprodukter till oslagbara priser<\/strong>\u2014och Mesii Vast Energy 30k \u00e4r inget undantag! H\u00e4r \u00e4r varf\u00f6r du borde k\u00f6pa fr\u00e5n oss:<\/p>\n<p><strong>B\u00e4sta grossistpriserna<\/strong>\u00a0\u2013 Vi erbjuder\u00a0<strong>konkurrenskraftiga bulkpriser<\/strong><span style=\"font-size: 16px;\">, vilket g\u00f6r oss till det b\u00e4sta valet f\u00f6r \u00e5terf\u00f6rs\u00e4ljare och vapebutiker.<\/span><\/p>\n<p><strong>Snabb<\/strong>\u00a0\u2013 F\u00e5 din best\u00e4llning levererad\u00a0<strong>snabbt och s\u00e4kert<\/strong>, med fraktalternativ \u00f6ver hela v\u00e4rlden.<br \/>\n<strong>100% Autentiska Produkter<\/strong>\u00a0\u2013 Inga kopior\u2014bara\u00a0<strong>\u00e4kta WASPE Triple eng\u00e5ngsvapes<\/strong>\u00a0med verifierad kvalitet.<br \/>\n<strong>Utm\u00e4rkt kundsupport<\/strong>\u00a0\u2013 Har du fr\u00e5gor? V\u00e5ra\u00a0<strong>vapeexperter<\/strong> \u00e4r redo att hj\u00e4lpa dig dygnet runt.<\/p>\n<p data-start=\"559\" data-end=\"933\" data-is-last-node=\"\" data-is-only-node=\"\">Vi har \u00e4ven andra popul\u00e4ra vapes med sk\u00e4rm som <a href=\"https:\/\/vapestornado.com\/sv\/product\/mesii-couple-50k-disposable-shisha-hookah-50000-puffs-vape-with-digital-display\/\">Mesii par 50000<\/a>, <a href=\"https:\/\/vapestornado.com\/sv\/product\/wholesale-bang-beach-38000-puff-38k-vape-disposable-vaporizer-e-cig-at-cheap-prices\/\">BANG BEACH Eng\u00e5ngs Vape<\/a>, <a href=\"https:\/\/vapestornado.com\/sv\/product\/waspe-aiviou-3-in-1-60000-puffs-disposable-vape-kit-best-price\/\">WASPE Triple 60000 Puff<\/a>, och mer.<\/p>\n<\/div>\n<div class=\"relative p-1 rounded-sm flex items-center justify-center bg-token-main-surface-primary text-token-text-primary h-8 w-8\">\n<h2>Vanliga fr\u00e5gor om Bang King 30000<\/h2>\n<p class=\"\" data-start=\"2261\" data-end=\"2438\"><strong data-start=\"2261\" data-end=\"2321\">1. Hur l\u00e4nge r\u00e4cker Mesii Vast Energy 30000 Puff?<\/strong><br data-start=\"2321\" data-end=\"2324\" \/>Med ett <strong data-start=\"2331\" data-end=\"2354\">30000 bloskapacitet<\/strong>, denna vape \u00e4r designad f\u00f6r l\u00e5ngvarig anv\u00e4ndning, vilket varierar beroende p\u00e5 personliga vanor.<\/p>\n<p class=\"\" data-start=\"2440\" data-end=\"2641\"><strong data-start=\"2440\" data-end=\"2491\">2. Kan jag justera effekt- och luftfl\u00f6desinst\u00e4llningarna?<\/strong><br data-start=\"2491\" data-end=\"2494\" \/>Ja, enheten har <strong data-start=\"2519\" data-end=\"2539\">fyra effektl\u00e4gen<\/strong> (ECO, PLUS, PRO, MAX) och <strong data-start=\"2566\" data-end=\"2588\">justerbart luftfl\u00f6de<\/strong>, vilket g\u00f6r att du kan anpassa din vapingupplevelse.<\/p>\n<p class=\"\" data-start=\"2643\" data-end=\"2828\"><strong data-start=\"2643\" data-end=\"2697\">3. Hur kontrollerar jag batteri- och e-v\u00e4tskeniv\u00e5erna?<\/strong><br data-start=\"2697\" data-end=\"2700\" \/>Den <strong data-start=\"2704\" data-end=\"2735\">digital fullsk\u00e4rmsvisning<\/strong> ger uppdateringar i realtid om batteritid, oljeniv\u00e5er, vapingtid och effektinst\u00e4llningar.<\/p>\n<p class=\"\" data-start=\"2830\" data-end=\"2989\"><strong data-start=\"2830\" data-end=\"2870\">4. Har vapen snabbladdning?<\/strong><br data-start=\"2870\" data-end=\"2873\" \/>Ja, <strong data-start=\"2882\" data-end=\"2913\">800mAh uppladdningsbart batteri<\/strong> st\u00f6der <strong data-start=\"2923\" data-end=\"2946\">USB-C snabbladdning<\/strong>, vilket s\u00e4kerst\u00e4ller minimal stillest\u00e5ndstid mellan anv\u00e4ndningarna.<\/p>\n<\/div>\n<\/div>\n<\/div>\n<\/div>","protected":false},"excerpt":{"rendered":"<p class=\"LC20lb MBeuO DKV0Md\">Bang King 30000 Pro Eng\u00e5ngs Vape Box till Salu<br \/>\nGrossist Bang King 30000 Puff Vape Box Mod Grossist<br \/>\nBang King 30000 B\u00e4sta Vape Grossist i Frankrike<\/p>\n<p><strong>L\u00e4gg till Amys whatsapp f\u00f6r att f\u00e5 r\u00e4tt svar och rabatterat pris!<\/strong><\/p>\n<p><img fetchpriority=\"high\" decoding=\"async\" class=\"size-full wp-image-2932\" src=\"https:\/\/vapestornado.com\/wp-content\/uploads\/2024\/12\/Vape-Wholesale.jpg\" alt=\"Vape Partihandel\" width=\"229\" height=\"300\" \/><\/p>\n<h3><a href=\"https:\/\/wa.me\/8617776015835\"><span style=\"color: #ff0000;\"><strong>WhatsApp: +86 17776015835<\/strong><\/span><\/a><\/h3>\n<p>&nbsp;<\/p>","protected":false},"featured_media":4019,"comment_status":"open","ping_status":"closed","template":"","meta":{"_acf_changed":false,"_uag_custom_page_level_css":"","_lmt_disableupdate":"no","_lmt_disable":"","_monsterinsights_skip_tracking":false,"_monsterinsights_sitenote_active":false,"_monsterinsights_sitenote_note":"","_monsterinsights_sitenote_category":0,"site-sidebar-layout":"default","site-content-layout":"","ast-site-content-layout":"default","site-content-style":"default","site-sidebar-style":"default","ast-global-header-display":"","ast-banner-title-visibility":"","ast-main-header-display":"","ast-hfb-above-header-display":"","ast-hfb-below-header-display":"","ast-hfb-mobile-header-display":"","site-post-title":"","ast-breadcrumbs-content":"","ast-featured-img":"","footer-sml-layout":"","ast-disable-related-posts":"","theme-transparent-header-meta":"default","adv-header-id-meta":"","stick-header-meta":"","header-above-stick-meta":"","header-main-stick-meta":"","header-below-stick-meta":"","astra-migrate-meta-layouts":"set","ast-page-background-enabled":"default","ast-page-background-meta":{"desktop":{"background-color":"","background-image":"","background-repeat":"repeat","background-position":"center center","background-size":"auto","background-attachment":"scroll","background-type":"","background-media":"","overlay-type":"","overlay-color":"","overlay-opacity":"","overlay-gradient":""},"tablet":{"background-color":"","background-image":"","background-repeat":"repeat","background-position":"center center","background-size":"auto","background-attachment":"scroll","background-type":"","background-media":"","overlay-type":"","overlay-color":"","overlay-opacity":"","overlay-gradient":""},"mobile":{"background-color":"","background-image":"","background-repeat":"repeat","background-position":"center center","background-size":"auto","background-attachment":"scroll","background-type":"","background-media":"","overlay-type":"","overlay-color":"","overlay-opacity":"","overlay-gradient":""}},"ast-content-background-meta":{"desktop":{"background-color":"var(--ast-global-color-5)","background-image":"","background-repeat":"repeat","background-position":"center center","background-size":"auto","background-attachment":"scroll","background-type":"","background-media":"","overlay-type":"","overlay-color":"","overlay-opacity":"","overlay-gradient":""},"tablet":{"background-color":"var(--ast-global-color-5)","background-image":"","background-repeat":"repeat","background-position":"center center","background-size":"auto","background-attachment":"scroll","background-type":"","background-media":"","overlay-type":"","overlay-color":"","overlay-opacity":"","overlay-gradient":""},"mobile":{"background-color":"var(--ast-global-color-5)","background-image":"","background-repeat":"repeat","background-position":"center center","background-size":"auto","background-attachment":"scroll","background-type":"","background-media":"","overlay-type":"","overlay-color":"","overlay-opacity":"","overlay-gradient":""}},"_joinchat":{"telephone":"17776015835"}},"product_brand":[],"product_cat":[67,149,151,143,277,146],"product_tag":[310,105,309,250,94],"class_list":{"0":"post-4048","1":"product","2":"type-product","3":"status-publish","4":"has-post-thumbnail","6":"product_cat-30000-puff","7":"product_cat-buy-disposable-vapes-in-austria","8":"product_cat-buy-disposable-vapes-in-france","9":"product_cat-dual-mesh-disposable-vapes","10":"product_cat-mesii-vape","11":"product_cat-rechargeable-disposable-vapes","12":"product_tag-airflow-adjustable-disposable-vape","13":"product_tag-digital-disposable-vape","14":"product_tag-mesii-vast-energy-30000","15":"product_tag-puff-30k","16":"product_tag-rechargeable-disposable-vape","17":"desktop-align-left","18":"tablet-align-left","19":"mobile-align-left","21":"first","22":"instock","23":"sale","24":"shipping-taxable","25":"purchasable","26":"product-type-simple"},"acf":[],"uagb_featured_image_src":{"full":["https:\/\/vapestornado.com\/wp-content\/uploads\/2025\/03\/Messi-Vast-Energy-30000-Puff-Disposable-Vape-E-Cig.webp",800,800,false],"thumbnail":["https:\/\/vapestornado.com\/wp-content\/uploads\/2025\/03\/Messi-Vast-Energy-30000-Puff-Disposable-Vape-E-Cig-150x150.webp",150,150,true],"medium":["https:\/\/vapestornado.com\/wp-content\/uploads\/2025\/03\/Messi-Vast-Energy-30000-Puff-Disposable-Vape-E-Cig-300x300.webp",300,300,true],"medium_large":["https:\/\/vapestornado.com\/wp-content\/uploads\/2025\/03\/Messi-Vast-Energy-30000-Puff-Disposable-Vape-E-Cig-768x768.webp",768,768,true],"large":["https:\/\/vapestornado.com\/wp-content\/uploads\/2025\/03\/Messi-Vast-Energy-30000-Puff-Disposable-Vape-E-Cig.webp",800,800,false],"1536x1536":["https:\/\/vapestornado.com\/wp-content\/uploads\/2025\/03\/Messi-Vast-Energy-30000-Puff-Disposable-Vape-E-Cig.webp",800,800,false],"2048x2048":["https:\/\/vapestornado.com\/wp-content\/uploads\/2025\/03\/Messi-Vast-Energy-30000-Puff-Disposable-Vape-E-Cig.webp",800,800,false],"trp-custom-language-flag":["https:\/\/vapestornado.com\/wp-content\/uploads\/2025\/03\/Messi-Vast-Energy-30000-Puff-Disposable-Vape-E-Cig.webp",12,12,false],"woocommerce_thumbnail":["https:\/\/vapestornado.com\/wp-content\/uploads\/2025\/03\/Messi-Vast-Energy-30000-Puff-Disposable-Vape-E-Cig-300x300.webp",300,300,true],"woocommerce_single":["https:\/\/vapestornado.com\/wp-content\/uploads\/2025\/03\/Messi-Vast-Energy-30000-Puff-Disposable-Vape-E-Cig-600x600.webp",600,600,true],"woocommerce_gallery_thumbnail":["https:\/\/vapestornado.com\/wp-content\/uploads\/2025\/03\/Messi-Vast-Energy-30000-Puff-Disposable-Vape-E-Cig-100x100.webp",100,100,true]},"uagb_author_info":{"display_name":"ESAMY","author_link":"https:\/\/vapestornado.com\/sv\/author\/"},"uagb_comment_info":0,"uagb_excerpt":"Bang King 30000 Pro Disposable Vape Box on Sale Wholesale Bang King 30000 Puff Vape Box Mod Wholesale Bang King 30000 Best Vape Wholesale in France Add Amy's whatsapp to get right reply and discount price! WhatsApp: +86 17776015835 &nbsp;","_links":{"self":[{"href":"https:\/\/vapestornado.com\/sv\/wp-json\/wp\/v2\/product\/4048","targetHints":{"allow":["GET"]}}],"collection":[{"href":"https:\/\/vapestornado.com\/sv\/wp-json\/wp\/v2\/product"}],"about":[{"href":"https:\/\/vapestornado.com\/sv\/wp-json\/wp\/v2\/types\/product"}],"replies":[{"embeddable":true,"href":"https:\/\/vapestornado.com\/sv\/wp-json\/wp\/v2\/comments?post=4048"}],"wp:featuredmedia":[{"embeddable":true,"href":"https:\/\/vapestornado.com\/sv\/wp-json\/wp\/v2\/media\/4019"}],"wp:attachment":[{"href":"https:\/\/vapestornado.com\/sv\/wp-json\/wp\/v2\/media?parent=4048"}],"wp:term":[{"taxonomy":"product_brand","embeddable":true,"href":"https:\/\/vapestornado.com\/sv\/wp-json\/wp\/v2\/product_brand?post=4048"},{"taxonomy":"product_cat","embeddable":true,"href":"https:\/\/vapestornado.com\/sv\/wp-json\/wp\/v2\/product_cat?post=4048"},{"taxonomy":"product_tag","embeddable":true,"href":"https:\/\/vapestornado.com\/sv\/wp-json\/wp\/v2\/product_tag?post=4048"}],"curies":[{"name":"wp","href":"https:\/\/api.w.org\/{rel}","templated":true}]}}