{"id":4047,"date":"2025-04-01T10:04:57","date_gmt":"2025-04-01T10:04:57","guid":{"rendered":"https:\/\/vapestornado.com\/?post_type=product&#038;p=4047"},"modified":"2025-08-23T12:00:28","modified_gmt":"2025-08-23T12:00:28","slug":"aivono-fatpro-22000-puffs-shisha-hookah-digital-screen-wholesaledisposables-vape-pod-shop-on-line-copy","status":"publish","type":"product","link":"https:\/\/vapestornado.com\/sv\/product\/aivono-fatpro-22000-puffs-shisha-hookah-digital-screen-wholesaledisposables-vape-pod-shop-on-line-copy\/","title":{"rendered":"AIVONO Fatpro 22000 Puffar Shisha Vattenpipa Digital Sk\u00e4rm Grossist"},"content":{"rendered":"<h1 data-pm-slice=\"1 1 []\">AIVONO Fatpro 22000 Puffar Shisha Vattenpipa Digital Sk\u00e4rm Grossist<\/h1>\n<p class=\"\" data-start=\"1287\" data-end=\"1418\">Den <strong data-start=\"310\" data-end=\"362\">AIVONO Fatpro 22000 Puffar Eng\u00e5ngs Shisha Vape<\/strong> \u00e4r konstruerad f\u00f6r distribut\u00f6rer och vape-butiker som s\u00f6ker en premium, l\u00e5ngvarig enhet. Levererar upp till <strong data-start=\"470\" data-end=\"486\">22 000 bloss<\/strong> med en gener\u00f6s <strong data-start=\"503\" data-end=\"529\">28 ml e-v\u00e4tskekapacitet<\/strong>ger denna vattenpipe-stil vape ut\u00f6kad anv\u00e4ndning och konsekvent tillfredsst\u00e4llelse.<\/p>\n<p>Utrustad med en <strong data-start=\"629\" data-end=\"655\">digital display sk\u00e4rm<\/strong>kan anv\u00e4ndare enkelt \u00f6vervaka batteritid och e-v\u00e4tskeniv\u00e5er i realtid. Den <strong data-start=\"733\" data-end=\"762\">0,6\u03a9 mesh coil-teknik<\/strong> f\u00f6rb\u00e4ttrar \u00e5ngt\u00e4theten och smakkvaliteten, medan <strong data-start=\"817\" data-end=\"845\">Type-C uppladdningsbar port<\/strong> garanterar snabba uppstarter.<\/p>\n<p>Tillg\u00e4nglig i <strong data-start=\"896\" data-end=\"919\">10 sp\u00e4nnande smaker<\/strong>fr\u00e5n fruktiga blandningar till isiga och godisinspirerade alternativ, tillgodoser AIVONO Fatpro 22K olika smaker. Med sin kombination av <strong data-start=\"1047\" data-end=\"1123\">h\u00f6gt antal bloss, p\u00e5litlig prestanda och konkurrenskraftiga grossistpriser<\/strong>\u00e4r det ett toppval f\u00f6r \u00e5terf\u00f6rs\u00e4ljare som ut\u00f6kar sitt lager med eng\u00e5ngsvapes i bulk.<\/p>\n<p data-start=\"666\" data-end=\"1235\"><strong style=\"font-size: 16px;\"><span style=\"color: #ff0000;\">L\u00e4gg till Amys WhatsApp f\u00f6r att f\u00e5 r\u00e4tt svar och rabatterat pris!<\/span><\/strong><\/p>\n<p><img fetchpriority=\"high\" decoding=\"async\" class=\"size-full wp-image-2932\" src=\"https:\/\/vapestornado.com\/wp-content\/uploads\/2024\/12\/Vape-Wholesale.jpg\" alt=\"Vape Partihandel\" width=\"229\" height=\"300\" \/><\/p>\n<h3><a href=\"https:\/\/wa.me\/8617776015835\" target=\"_blank\" rel=\"noopener\"><span style=\"color: #ff0000;\"><strong>WhatsApp: +86 17776015835<\/strong><\/span><\/a><\/h3>\n<p>&nbsp;<\/p>\n<h2><strong>AIVONO Fatpro 22000 Viktiga produktfunktioner<\/strong><\/h2>\n<ul>\n<li><strong>22 000 bloss<\/strong>\u00a0\u2013 En av de mest l\u00e5ngvariga eng\u00e5ngsvaporna p\u00e5 marknaden.<\/li>\n<li><strong>28 ml E-v\u00e4tskekapacitet<\/strong>\u00a0\u2013 Inga p\u00e5fyllningar beh\u00f6vs, bara ren vapingnjutning.<\/li>\n<li><strong>600mAh Uppladdningsbart batteri<\/strong>\u00a0(Ren koboltk\u00e4rnteknik) \u2013 Effektiv kraft f\u00f6r ut\u00f6kad anv\u00e4ndning.<\/li>\n<li><strong>0,6\u03a9 Mesh Coil<\/strong>\u00a0\u2013 F\u00f6rb\u00e4ttrar smak och \u00e5ngproduktion f\u00f6r en f\u00f6rstklassig upplevelse.<\/li>\n<li><strong>Digital sk\u00e4rmvisning<\/strong>\u00a0\u2013 Sp\u00e5rar batteritid och e-v\u00e4tskeniv\u00e5er f\u00f6r bekv\u00e4mlighet.<\/li>\n<li><strong>Type-C Snabbladdning<\/strong>\u00a0\u2013 Snabb laddning f\u00f6r oavbrutna sessioner.<\/li>\n<li><strong>DTL (Direkt-till-lunga) Design<\/strong>\u00a0\u2013 Perfekt f\u00f6r djupa, tillfredsst\u00e4llande inhalationer.<\/li>\n<li><strong>Flera nikotinalternativ (0%\/2%\/3%\/5%)<\/strong>\u00a0\u2013 Passar alla preferenser.<\/li>\n<li><strong>L\u00e4ttvikt<\/strong>\u00a0\u2013 L\u00e4tt att b\u00e4ra med sig \u00f6verallt.<\/li>\n<li><strong>Grossist<\/strong>\u00a0\u2013 Bulkbest\u00e4llningar tillg\u00e4ngliga (200 stycken per l\u00e5da).<\/li>\n<\/ul>\n<h2 class=\"product-title\"><strong>AIVONO Fatpro 22k Puff Eng\u00e5ngs Smaklista<\/strong><\/h2>\n<article class=\"w-full text-token-text-primary focus-visible:outline-2 focus-visible:outline-offset-[-4px]\" dir=\"auto\" data-testid=\"conversation-turn-32\" data-scroll-anchor=\"false\">\n<div class=\"m-auto text-base py-[18px] px-6\">\n<div class=\"mx-auto flex flex-1 text-base gap-4 md:gap-5 lg:gap-6 md:max-w-3xl lg:max-w-[40rem] xl:max-w-[48rem]\">\n<div class=\"group\/conversation-turn relative flex w-full min-w-0 flex-col @xs\/thread:px-0 @sm\/thread:px-1.5 @md\/thread:px-4\">\n<div class=\"flex-col gap-1 md:gap-3\">\n<div class=\"flex max-w-full flex-col flex-grow\">\n<div class=\"min-h-8 text-message flex w-full flex-col items-end gap-2 whitespace-normal break-words text-start [.text-message+&amp;]:mt-5\" dir=\"auto\" data-message-author-role=\"user\" data-message-id=\"ffac41ca-1db4-431b-873a-32c4052956f1\">\n<div class=\"flex w-full flex-col gap-1 empty:hidden items-end rtl:items-start\">\n<div class=\"relative max-w-[var(--user-chat-width,70%)] rounded-3xl bg-token-message-surface px-5 py-2.5\">\n<div class=\"absolute bottom-0 right-full top-0 -mr-3.5 hidden pr-5 pt-2 [.group\/conversation-turn:hover_&amp;]:flex\">\n<div class=\"flex\">\n<article class=\"w-full text-token-text-primary focus-visible:outline-2 focus-visible:outline-offset-[-4px]\" dir=\"auto\" data-testid=\"conversation-turn-39\" data-scroll-anchor=\"true\">\n<div class=\"m-auto text-base py-[18px] px-6\">\n<div class=\"mx-auto flex flex-1 text-base gap-4 md:gap-5 lg:gap-6 md:max-w-3xl lg:max-w-[40rem] xl:max-w-[48rem]\">\n<div class=\"group\/conversation-turn relative flex w-full min-w-0 flex-col agent-turn @xs\/thread:px-0 @sm\/thread:px-1.5 @md\/thread:px-4\">\n<div class=\"flex-col gap-1 md:gap-3\">\n<div class=\"flex max-w-full flex-col flex-grow\">\n<div class=\"min-h-8 text-message flex w-full flex-col items-end gap-2 whitespace-normal break-words text-start [.text-message+&amp;]:mt-5\" dir=\"auto\" data-message-author-role=\"assistant\" data-message-id=\"55a23854-ec57-48dd-bd4f-6118f43d6241\" data-message-model-slug=\"gpt-4o\">\n<div class=\"flex w-full flex-col gap-1 empty:hidden first:pt-[3px]\">\n<div class=\"markdown prose w-full break-words dark:prose-invert light\">\n<p>Lyft din vapingupplevelse med\u00a0<strong>AIVONO Fatpro 22000 Puff<\/strong>\u00a0och dess exceptionella urval av handgjorda smaker. Varje variant \u00e4r sakkunnigt blandad f\u00f6r att leverera en distinkt och tillfredsst\u00e4llande upplevelse, vilket s\u00e4kerst\u00e4ller att varje bloss \u00e4r lika minnesv\u00e4rd som den f\u00f6rra.<\/p>\n<p>1. Tvilling \u00c4ppel Lycka: En perfekt duett av krispiga r\u00f6da och gr\u00f6na \u00e4ppelsmaker, som kombinerar naturlig s\u00f6tma med en uppfriskande syrlighet f\u00f6r en vitaliserande vape.<\/p>\n<p>2. Druv Frost: Saftiga lila druvor m\u00f6ter en uppfriskande mintig kyla, vilket skapar en sofistikerad blandning som \u00e4r b\u00e5de fruktig och uppfriskande sval.<\/p>\n<p>3. Arktisk Vattenmelon: Ultras\u00f6ta vattenmelonsmaker f\u00f6rst\u00e4rks av en glacial mentolfinish, vilket ger den ultimata t\u00f6rstsl\u00e4ckande k\u00e4nslan.<\/p>\n<p>4. Fryst B\u00e4rmix: En livlig blandning av jordgubbar, bl\u00e5b\u00e4r och bj\u00f6rnb\u00e4r, avslutad med en isig utandning f\u00f6r en perfekt balanserad fruktig kyla.<\/p>\n<p>5. Bl\u00e5b\u00e4rs Bubbel: En lekfull \u00e5terskapelse av klassiskt tuggummi, spr\u00e4ngfylld med autentisk bl\u00e5b\u00e4rss\u00f6tma och en mjuk, seg finish.<\/p>\n<p>6. Rubinb\u00e4r Fusion: L\u00e4ckra k\u00f6rsb\u00e4r sammanfl\u00e4tas med syrliga hallon, vilket skapar en dynamisk smakprofil som \u00e4r b\u00e5de dj\u00e4rv och oemotst\u00e5ndligt saftig.<\/p>\n<p>7. Isad Persiko Paradis: Mogna, solkyssta persikor accentueras av en frostig mentolbris, vilket g\u00f6r detta till en tropisk flykt \u00e5ret runt.<\/p>\n<p>8. Enigma Elixir: En mystisk och lockande blandning av exotiska frukter med subtila blommiga undertoner, designad f\u00f6r att fascinera och gl\u00e4dja sinnena.<\/p>\n<p>9. Dreamscape: En kr\u00e4mig blandning av tropiska och b\u00e4riga toner, som erbjuder en mjuk och dr\u00f6mlik vaping-upplevelse.<\/p>\n<p>10. Strawberry Splash: Spr\u00e4ngfylld med den naturliga s\u00f6tman fr\u00e5n nyplockade jordgubbar, levererar denna smak en ljus, saftig sm\u00e4ll vid varje inandning.<\/p>\n<figure id=\"attachment_4020\" aria-describedby=\"caption-attachment-4020\" style=\"width: 800px\" class=\"wp-caption alignnone\"><img decoding=\"async\" class=\"wp-image-4020 size-full\" src=\"https:\/\/vapestornado.com\/wp-content\/uploads\/2025\/03\/AIVONO-22000-Disposable-Puff-Bar.webp\" alt=\"AIVONO 22000 Eng\u00e5ngs Puff Bar\" width=\"800\" height=\"800\" srcset=\"https:\/\/vapestornado.com\/wp-content\/uploads\/2025\/03\/AIVONO-22000-Disposable-Puff-Bar.webp 800w, https:\/\/vapestornado.com\/wp-content\/uploads\/2025\/03\/AIVONO-22000-Disposable-Puff-Bar-300x300.webp 300w, https:\/\/vapestornado.com\/wp-content\/uploads\/2025\/03\/AIVONO-22000-Disposable-Puff-Bar-150x150.webp 150w, https:\/\/vapestornado.com\/wp-content\/uploads\/2025\/03\/AIVONO-22000-Disposable-Puff-Bar-768x768.webp 768w, https:\/\/vapestornado.com\/wp-content\/uploads\/2025\/03\/AIVONO-22000-Disposable-Puff-Bar-600x600.webp 600w, https:\/\/vapestornado.com\/wp-content\/uploads\/2025\/03\/AIVONO-22000-Disposable-Puff-Bar-100x100.webp 100w\" sizes=\"(max-width: 800px) 100vw, 800px\" \/><figcaption id=\"caption-attachment-4020\" class=\"wp-caption-text\">AIVONO 22000 Eng\u00e5ngs Puff Bar<\/figcaption><\/figure>\n<p>&nbsp;<\/p>\n<\/div>\n<\/div>\n<\/div>\n<\/div>\n<\/div>\n<\/div>\n<\/div>\n<\/div>\n<\/article>\n<\/div>\n<\/div>\n<\/div>\n<\/div>\n<\/div>\n<\/div>\n<\/div>\n<\/div>\n<\/div>\n<\/div>\n<\/article>\n<h2>Varf\u00f6r v\u00e4lja Vapestornado f\u00f6r AIVONO Fatpro 22000 Puff K\u00f6p?<\/h2>\n<div class=\"flex-shrink-0 flex flex-col relative items-end\">\n<div class=\"pt-0\">\n<div class=\"gizmo-bot-avatar flex h-8 w-8 items-center justify-center overflow-hidden rounded-full\">\n<div class=\"relative p-1 rounded-sm flex items-center justify-center bg-token-main-surface-primary text-token-text-primary h-8 w-8\">\n<p>At\u00a0<strong>VapeTornado<\/strong>, vi \u00e4r stolta \u00f6ver att leverera\u00a0<strong>premium vapingprodukter till oslagbara priser<\/strong>\u2013 och AIVONO Fatpro 22000 \u00e4r inget undantag! H\u00e4r \u00e4r varf\u00f6r du b\u00f6r k\u00f6pa fr\u00e5n oss:<\/p>\n<p><strong>B\u00e4sta grossistpriserna<\/strong>\u00a0\u2013 Vi erbjuder\u00a0<strong>konkurrenskraftiga bulkpriser<\/strong><span style=\"font-size: 16px;\">, vilket g\u00f6r oss till det b\u00e4sta valet f\u00f6r \u00e5terf\u00f6rs\u00e4ljare och vapebutiker.<\/span><\/p>\n<p><strong>Snabb<\/strong>\u00a0\u2013 F\u00e5 din best\u00e4llning levererad\u00a0<strong>snabbt och s\u00e4kert<\/strong>, med fraktalternativ \u00f6ver hela v\u00e4rlden.<br \/>\n<strong>100% Autentiska Produkter<\/strong>\u00a0\u2013 Inga kopior\u2014bara\u00a0<strong>\u00e4kta WASPE Triple eng\u00e5ngsvapes<\/strong>\u00a0med verifierad kvalitet.<br \/>\n<strong>Utm\u00e4rkt kundsupport<\/strong>\u00a0\u2013 Har du fr\u00e5gor? V\u00e5ra\u00a0<strong>vapeexperter<\/strong> \u00e4r redo att hj\u00e4lpa dig dygnet runt.<\/p>\n<p data-start=\"559\" data-end=\"933\" data-is-last-node=\"\" data-is-only-node=\"\">Vi har \u00e4ven andra popul\u00e4ra vapes med sk\u00e4rm som <a href=\"https:\/\/vapestornado.com\/sv\/product\/vapme-goat-40000-puff-40k-hookah-shisha-pen-price-wholesale-e-cigarette\/\">Vapme Get 40000 Shisha<\/a>, <a href=\"https:\/\/vapestornado.com\/sv\/product\/2025-new-vopk-ultra-40000-puffs-double-flavor-disposable-vape-factory-suppliers\/\">VOPK 40000 2 i 1 Eng\u00e5ngs Vape<\/a>, <a href=\"https:\/\/vapestornado.com\/sv\/product\/bang-beach-22000-20k-puff-disposable-vape-pen-with-screen-reddit-hot\/\">Bang Beach 22000<\/a>, och mer.<\/p>\n<\/div>\n<div class=\"relative p-1 rounded-sm flex items-center justify-center bg-token-main-surface-primary text-token-text-primary h-8 w-8\">\n<h2>VANLIGA FR\u00c5GOR<\/h2>\n<p><strong>1. Hur l\u00e4nge r\u00e4cker AIVONO Fatpro 22000?<\/strong><\/p>\n<p>Med\u00a0<strong>22 000 bloss<\/strong>Denna enhet varar betydligt l\u00e4ngre \u00e4n vanliga eng\u00e5ngsartiklar. Beroende p\u00e5 anv\u00e4ndning kan den tj\u00e4na m\u00e5ttliga vejpare i veckor eller till och med m\u00e5nader.<\/p>\n<p><strong>2. \u00c4r AIVONO Fatpro uppladdningsbar?<\/strong><\/p>\n<p>Ja! Den har en\u00a0<strong>Type-C uppladdningsbar port<\/strong>\u00a0och en\u00a0<strong>600mAh batteri<\/strong>, vilket g\u00f6r att du kan utnyttja\u00a0<strong>28 ml e-v\u00e4tskekapacitet<\/strong>\u00a0fullt ut utan att f\u00e5 slut p\u00e5 str\u00f6m.<\/p>\n<p><strong>3. Vilka nikotinstyrkor finns tillg\u00e4ngliga?<\/strong><\/p>\n<p>AIVONO Fatpro erbjuder\u00a0<strong>0% (nikotinfritt), 2%, 3% och 5% nikotinsalt<\/strong>\u00a0alternativ, som passar alla typer av vejpare.<\/p>\n<p><strong>4. St\u00f6der den djupa lungbloss (DTL)?<\/strong><\/p>\n<p>Ja! Den\u00a0<strong>0,6\u03a9 mesh-spole<\/strong>\u00a0och\u00a0<strong>DTL-design<\/strong>\u00a0g\u00f6r den idealisk f\u00f6r direkt-till-lunga inandningar, vilket producerar\u00a0<strong>mjuka, smakrika moln<\/strong>.<\/p>\n<\/div>\n<\/div>\n<\/div>\n<\/div>","protected":false},"excerpt":{"rendered":"<p class=\"LC20lb MBeuO DKV0Md\">Den <strong data-start=\"1217\" data-end=\"1250\">AIVONO Fatpro 22K Shisha Vape<\/strong> erbjuder 22 000 bloss, digital display och mesh coil-teknologi. Ett utm\u00e4rkt val f\u00f6r <strong data-start=\"1334\" data-end=\"1359\">stora grossistbest\u00e4llningar<\/strong>.<\/p>\n<p><strong>L\u00e4gg till Amys whatsapp f\u00f6r att f\u00e5 r\u00e4tt svar och rabatterat pris!<\/strong><\/p>\n<p><img fetchpriority=\"high\" decoding=\"async\" class=\"size-full wp-image-2932\" src=\"https:\/\/vapestornado.com\/wp-content\/uploads\/2024\/12\/Vape-Wholesale.jpg\" alt=\"Vape Partihandel\" width=\"229\" height=\"300\" \/><\/p>\n<h3><a href=\"https:\/\/wa.me\/8617776015835\"><span style=\"color: #ff0000;\"><strong>WhatsApp: +86 17776015835<\/strong><\/span><\/a><\/h3>\n<p>&nbsp;<\/p>","protected":false},"featured_media":4026,"comment_status":"open","ping_status":"closed","template":"","meta":{"_acf_changed":false,"_uag_custom_page_level_css":"","_lmt_disableupdate":"no","_lmt_disable":"","_monsterinsights_skip_tracking":false,"_monsterinsights_sitenote_active":false,"_monsterinsights_sitenote_note":"","_monsterinsights_sitenote_category":0,"site-sidebar-layout":"default","site-content-layout":"","ast-site-content-layout":"default","site-content-style":"default","site-sidebar-style":"default","ast-global-header-display":"","ast-banner-title-visibility":"","ast-main-header-display":"","ast-hfb-above-header-display":"","ast-hfb-below-header-display":"","ast-hfb-mobile-header-display":"","site-post-title":"","ast-breadcrumbs-content":"","ast-featured-img":"","footer-sml-layout":"","ast-disable-related-posts":"","theme-transparent-header-meta":"default","adv-header-id-meta":"","stick-header-meta":"","header-above-stick-meta":"","header-main-stick-meta":"","header-below-stick-meta":"","astra-migrate-meta-layouts":"set","ast-page-background-enabled":"default","ast-page-background-meta":{"desktop":{"background-color":"","background-image":"","background-repeat":"repeat","background-position":"center center","background-size":"auto","background-attachment":"scroll","background-type":"","background-media":"","overlay-type":"","overlay-color":"","overlay-opacity":"","overlay-gradient":""},"tablet":{"background-color":"","background-image":"","background-repeat":"repeat","background-position":"center center","background-size":"auto","background-attachment":"scroll","background-type":"","background-media":"","overlay-type":"","overlay-color":"","overlay-opacity":"","overlay-gradient":""},"mobile":{"background-color":"","background-image":"","background-repeat":"repeat","background-position":"center center","background-size":"auto","background-attachment":"scroll","background-type":"","background-media":"","overlay-type":"","overlay-color":"","overlay-opacity":"","overlay-gradient":""}},"ast-content-background-meta":{"desktop":{"background-color":"var(--ast-global-color-5)","background-image":"","background-repeat":"repeat","background-position":"center center","background-size":"auto","background-attachment":"scroll","background-type":"","background-media":"","overlay-type":"","overlay-color":"","overlay-opacity":"","overlay-gradient":""},"tablet":{"background-color":"var(--ast-global-color-5)","background-image":"","background-repeat":"repeat","background-position":"center center","background-size":"auto","background-attachment":"scroll","background-type":"","background-media":"","overlay-type":"","overlay-color":"","overlay-opacity":"","overlay-gradient":""},"mobile":{"background-color":"var(--ast-global-color-5)","background-image":"","background-repeat":"repeat","background-position":"center center","background-size":"auto","background-attachment":"scroll","background-type":"","background-media":"","overlay-type":"","overlay-color":"","overlay-opacity":"","overlay-gradient":""}},"_joinchat":{"telephone":"17776015835"}},"product_brand":[],"product_cat":[176,154,147],"product_tag":[308,105,284,296,94],"class_list":{"0":"post-4047","1":"product","2":"type-product","3":"status-publish","4":"has-post-thumbnail","6":"product_cat-aivono-vape","7":"product_cat-buy-disposable-vapes-in-netherlands","8":"product_cat-shisha-hookah-disposable-vapes","9":"product_tag-aivono-fatpro-22000","10":"product_tag-digital-disposable-vape","11":"product_tag-disposable-shisha","12":"product_tag-puff-bar","13":"product_tag-rechargeable-disposable-vape","14":"desktop-align-left","15":"tablet-align-left","16":"mobile-align-left","18":"first","19":"instock","20":"sale","21":"shipping-taxable","22":"purchasable","23":"product-type-simple"},"acf":[],"uagb_featured_image_src":{"full":["https:\/\/vapestornado.com\/wp-content\/uploads\/2025\/03\/Wholesale-Vape-Original-Ainovo-Aim-Fatpro-22000-Puffs.webp",800,800,false],"thumbnail":["https:\/\/vapestornado.com\/wp-content\/uploads\/2025\/03\/Wholesale-Vape-Original-Ainovo-Aim-Fatpro-22000-Puffs-150x150.webp",150,150,true],"medium":["https:\/\/vapestornado.com\/wp-content\/uploads\/2025\/03\/Wholesale-Vape-Original-Ainovo-Aim-Fatpro-22000-Puffs-300x300.webp",300,300,true],"medium_large":["https:\/\/vapestornado.com\/wp-content\/uploads\/2025\/03\/Wholesale-Vape-Original-Ainovo-Aim-Fatpro-22000-Puffs-768x768.webp",768,768,true],"large":["https:\/\/vapestornado.com\/wp-content\/uploads\/2025\/03\/Wholesale-Vape-Original-Ainovo-Aim-Fatpro-22000-Puffs.webp",800,800,false],"1536x1536":["https:\/\/vapestornado.com\/wp-content\/uploads\/2025\/03\/Wholesale-Vape-Original-Ainovo-Aim-Fatpro-22000-Puffs.webp",800,800,false],"2048x2048":["https:\/\/vapestornado.com\/wp-content\/uploads\/2025\/03\/Wholesale-Vape-Original-Ainovo-Aim-Fatpro-22000-Puffs.webp",800,800,false],"trp-custom-language-flag":["https:\/\/vapestornado.com\/wp-content\/uploads\/2025\/03\/Wholesale-Vape-Original-Ainovo-Aim-Fatpro-22000-Puffs.webp",12,12,false],"woocommerce_thumbnail":["https:\/\/vapestornado.com\/wp-content\/uploads\/2025\/03\/Wholesale-Vape-Original-Ainovo-Aim-Fatpro-22000-Puffs-300x300.webp",300,300,true],"woocommerce_single":["https:\/\/vapestornado.com\/wp-content\/uploads\/2025\/03\/Wholesale-Vape-Original-Ainovo-Aim-Fatpro-22000-Puffs-600x600.webp",600,600,true],"woocommerce_gallery_thumbnail":["https:\/\/vapestornado.com\/wp-content\/uploads\/2025\/03\/Wholesale-Vape-Original-Ainovo-Aim-Fatpro-22000-Puffs-100x100.webp",100,100,true]},"uagb_author_info":{"display_name":"ESAMY","author_link":"https:\/\/vapestornado.com\/sv\/author\/"},"uagb_comment_info":0,"uagb_excerpt":"The AIVONO Fatpro 22K Shisha Vape offers 22,000 puffs, digital display, and mesh coil technology. A great choice for bulk wholesale orders. Add Amy's whatsapp to get right reply and discount price! WhatsApp: +86 17776015835 &nbsp;","_links":{"self":[{"href":"https:\/\/vapestornado.com\/sv\/wp-json\/wp\/v2\/product\/4047","targetHints":{"allow":["GET"]}}],"collection":[{"href":"https:\/\/vapestornado.com\/sv\/wp-json\/wp\/v2\/product"}],"about":[{"href":"https:\/\/vapestornado.com\/sv\/wp-json\/wp\/v2\/types\/product"}],"replies":[{"embeddable":true,"href":"https:\/\/vapestornado.com\/sv\/wp-json\/wp\/v2\/comments?post=4047"}],"wp:featuredmedia":[{"embeddable":true,"href":"https:\/\/vapestornado.com\/sv\/wp-json\/wp\/v2\/media\/4026"}],"wp:attachment":[{"href":"https:\/\/vapestornado.com\/sv\/wp-json\/wp\/v2\/media?parent=4047"}],"wp:term":[{"taxonomy":"product_brand","embeddable":true,"href":"https:\/\/vapestornado.com\/sv\/wp-json\/wp\/v2\/product_brand?post=4047"},{"taxonomy":"product_cat","embeddable":true,"href":"https:\/\/vapestornado.com\/sv\/wp-json\/wp\/v2\/product_cat?post=4047"},{"taxonomy":"product_tag","embeddable":true,"href":"https:\/\/vapestornado.com\/sv\/wp-json\/wp\/v2\/product_tag?post=4047"}],"curies":[{"name":"wp","href":"https:\/\/api.w.org\/{rel}","templated":true}]}}