{"id":4044,"date":"2025-03-30T09:23:45","date_gmt":"2025-03-30T09:23:45","guid":{"rendered":"https:\/\/vapestornado.com\/?post_type=product&#038;p=4044"},"modified":"2025-08-23T11:57:41","modified_gmt":"2025-08-23T11:57:41","slug":"bang-king-30000-pro-puff-30k-disposable-device-wholesale-price","status":"publish","type":"product","link":"https:\/\/vapestornado.com\/sv\/product\/bang-king-30000-pro-puff-30k-disposable-device-wholesale-price\/","title":{"rendered":"Bang King 30000 Pro Puff 30k Eng\u00e5ngs Enhet Grossistpris"},"content":{"rendered":"<h1 data-pm-slice=\"1 1 []\">Bang King 30000 Pro Puff 30k Eng\u00e5ngs Enhet Grossistpris<\/h1>\n<p>Den <strong data-start=\"383\" data-end=\"427\">Bang King 30000 Pro Puff Eng\u00e5ngs Vape<\/strong> \u00e4r konstruerad f\u00f6r grossister och \u00e5terf\u00f6rs\u00e4ljare som vill lagerf\u00f6ra en premiumenhet som varar l\u00e4nge. Den erbjuder upp till <strong data-start=\"537\" data-end=\"553\">30 000 puff<\/strong>ger denna eng\u00e5ngsvape ut\u00f6kade sessioner med konsekvent smak kvalitet. Dess <strong data-start=\"634\" data-end=\"671\">36 ml f\u00f6rfyllda e-v\u00e4tskekapacitet<\/strong> och <strong data-start=\"676\" data-end=\"694\">1.0\u03a9 n\u00e4tspole<\/strong> s\u00e4kerst\u00e4ller j\u00e4mn \u00e5nga och rik smak fr\u00e5n f\u00f6rsta inandningen till den sista.<\/p>\n<p>Drivs av en <strong data-start=\"787\" data-end=\"818\">850mAh uppladdningsbart batteri<\/strong> med <strong data-start=\"824\" data-end=\"848\">Typ-C snabbladdning<\/strong>garanterar Bang King 30K Pro Puff oavbruten anv\u00e4ndning. Nikotinstyrkealternativ p\u00e5 <strong data-start=\"936\" data-end=\"958\">0%, 2%, 3%, och 5%<\/strong> g\u00f6r den l\u00e4mplig f\u00f6r ett brett spektrum av kunder, medan <strong data-start=\"1013\" data-end=\"1044\">12 sakkunnigt blandade smaker<\/strong> ger m\u00e5ngsidighet f\u00f6r alla smakpreferenser.<\/p>\n<p>F\u00f6r bulk k\u00f6pare \u00e4r denna enhet en stark akt\u00f6r p\u00e5 den <strong data-start=\"1159\" data-end=\"1195\">svenska grossistmarknaden f\u00f6r eng\u00e5ngsvapes<\/strong>och kombinerar h\u00e5llbarhet, premiumsmak och konkurrenskraftiga priser. Ett p\u00e5litligt val f\u00f6r butiker som s\u00f6ker e-cigaretter med h\u00f6g efterfr\u00e5gan och stor kapacitet.<\/p>\n<h2><strong>Produktens h\u00f6jdpunkter:<\/strong><\/h2>\n<p>\u2714\u00a0<strong>30 000 bloss<\/strong>\u00a0\u2013 Ultral\u00e5ngvarig prestanda f\u00f6r ut\u00f6kad njutning.<br \/>\n\u2714\u00a0<strong>36 ml E-v\u00e4tskekapacitet<\/strong>\u00a0\u2013 Inga p\u00e5fyllningar beh\u00f6vs, bara ren vejpinggl\u00e4dje.<br \/>\n\u2714\u00a0<strong>Enkelt smaksystem<\/strong>\u00a0\u2013 Experttillverkade smaker som f\u00f6rblir rika och konsekventa under hela anv\u00e4ndningen.<br \/>\n\u2714\u00a0<strong>Uppladdningsbar Type-C Port<\/strong>\u00a0\u2013 Utrustad med en\u00a0<strong>850mAh batteri<\/strong>\u00a0f\u00f6r oavbrutna sessioner.<br \/>\n\u2714\u00a0<strong>1.0\u03a9 Mesh Coil<\/strong>\u00a0\u2013 F\u00f6rb\u00e4ttrar smakupplevelsen f\u00f6r en mjukare och mer intensiv upplevelse.<br \/>\n\u2714\u00a0<strong>Flera nikotinstyrkor (0%\/2%\/3%\/5%)<\/strong>\u00a0\u2013 Passar alla preferenser.<br \/>\n\u2714\u00a0<strong>12 l\u00e4ckra smaker tillg\u00e4ngliga<\/strong>\u00a0\u2013 En m\u00e4ngd olika alternativ f\u00f6r att passa alla smaker.<\/p>\n<p>Perfekt f\u00f6r\u00a0<strong>grossistk\u00f6pare och \u00e5terf\u00f6rs\u00e4ljare<\/strong>, den\u00a0<strong>Bang King 30K Pro Puff<\/strong>\u00a0\u00e4r en f\u00f6rstklassig eng\u00e5ngsvape som garanterar kundn\u00f6jdhet med sin\u00a0<strong>h\u00f6ga puffantal, f\u00f6rstklassiga smakkonsistens och bekv\u00e4mlighet<\/strong>.<\/p>\n<p data-start=\"666\" data-end=\"1235\"><strong style=\"font-size: 16px;\"><span style=\"color: #ff0000;\">L\u00e4gg till Amys WhatsApp f\u00f6r att f\u00e5 r\u00e4tt svar och rabatterat pris!<\/span><\/strong><\/p>\n<p><img fetchpriority=\"high\" decoding=\"async\" class=\"size-full wp-image-2932\" src=\"https:\/\/vapestornado.com\/wp-content\/uploads\/2024\/12\/Vape-Wholesale.jpg\" alt=\"Vape Partihandel\" width=\"229\" height=\"300\" \/><\/p>\n<h3><a href=\"https:\/\/wa.me\/8617776015835\" target=\"_blank\" rel=\"noopener\"><span style=\"color: #ff0000;\"><strong>WhatsApp: +86 17776015835<\/strong><\/span><\/a><\/h3>\n<p>&nbsp;<\/p>\n<h2><strong>Bang King 30000 Pro Viktiga produktfunktioner<\/strong><\/h2>\n<p>M\u00e4rke: Bang King<br \/>\nNikotin: 0%\/2%\/3%\/5%<br \/>\nBloss: 30000 bloss<br \/>\nBatteri: 850 mah<br \/>\nKapacitet: 36ML<br \/>\nMotst\u00e5nd: 1.0 \u03a9 mesh coil<br \/>\nUppladdningsbar: typ-C<br \/>\nEng\u00e5ngsenhet<br \/>\n12 smaker tillg\u00e4ngliga<\/p>\n<p>&nbsp;<\/p>\n<figure id=\"attachment_4033\" aria-describedby=\"caption-attachment-4033\" style=\"width: 800px\" class=\"wp-caption alignnone\"><img decoding=\"async\" class=\"wp-image-4033 size-full\" src=\"https:\/\/vapestornado.com\/wp-content\/uploads\/2025\/03\/Bang-King-30K-30000-PRO-Puffs-Disposable-Vape-Pen.webp\" alt=\"Bang King 30K 30000 PRO Puffs Eng\u00e5ngs Vape Penna\" width=\"800\" height=\"800\" srcset=\"https:\/\/vapestornado.com\/wp-content\/uploads\/2025\/03\/Bang-King-30K-30000-PRO-Puffs-Disposable-Vape-Pen.webp 800w, https:\/\/vapestornado.com\/wp-content\/uploads\/2025\/03\/Bang-King-30K-30000-PRO-Puffs-Disposable-Vape-Pen-300x300.webp 300w, https:\/\/vapestornado.com\/wp-content\/uploads\/2025\/03\/Bang-King-30K-30000-PRO-Puffs-Disposable-Vape-Pen-150x150.webp 150w, https:\/\/vapestornado.com\/wp-content\/uploads\/2025\/03\/Bang-King-30K-30000-PRO-Puffs-Disposable-Vape-Pen-768x768.webp 768w, https:\/\/vapestornado.com\/wp-content\/uploads\/2025\/03\/Bang-King-30K-30000-PRO-Puffs-Disposable-Vape-Pen-600x600.webp 600w, https:\/\/vapestornado.com\/wp-content\/uploads\/2025\/03\/Bang-King-30K-30000-PRO-Puffs-Disposable-Vape-Pen-100x100.webp 100w\" sizes=\"(max-width: 800px) 100vw, 800px\" \/><figcaption id=\"caption-attachment-4033\" class=\"wp-caption-text\">Bang King 30K 30000 PRO Puffs Eng\u00e5ngs Vape Penna<\/figcaption><\/figure>\n<h2 class=\"product-title\"><strong>Bang King 30000 Puff Eng\u00e5ngs Pod Smaklista<\/strong><\/h2>\n<article class=\"w-full text-token-text-primary focus-visible:outline-2 focus-visible:outline-offset-[-4px]\" dir=\"auto\" data-testid=\"conversation-turn-32\" data-scroll-anchor=\"false\">\n<div class=\"m-auto text-base py-[18px] px-6\">\n<div class=\"mx-auto flex flex-1 text-base gap-4 md:gap-5 lg:gap-6 md:max-w-3xl lg:max-w-[40rem] xl:max-w-[48rem]\">\n<div class=\"group\/conversation-turn relative flex w-full min-w-0 flex-col @xs\/thread:px-0 @sm\/thread:px-1.5 @md\/thread:px-4\">\n<div class=\"flex-col gap-1 md:gap-3\">\n<div class=\"flex max-w-full flex-col flex-grow\">\n<div class=\"min-h-8 text-message flex w-full flex-col items-end gap-2 whitespace-normal break-words text-start [.text-message+&amp;]:mt-5\" dir=\"auto\" data-message-author-role=\"user\" data-message-id=\"ffac41ca-1db4-431b-873a-32c4052956f1\">\n<div class=\"flex w-full flex-col gap-1 empty:hidden items-end rtl:items-start\">\n<div class=\"relative max-w-[var(--user-chat-width,70%)] rounded-3xl bg-token-message-surface px-5 py-2.5\">\n<div class=\"absolute bottom-0 right-full top-0 -mr-3.5 hidden pr-5 pt-2 [.group\/conversation-turn:hover_&amp;]:flex\">\n<div class=\"flex\">\n<article class=\"w-full text-token-text-primary focus-visible:outline-2 focus-visible:outline-offset-[-4px]\" dir=\"auto\" data-testid=\"conversation-turn-39\" data-scroll-anchor=\"true\">\n<div class=\"m-auto text-base py-[18px] px-6\">\n<div class=\"mx-auto flex flex-1 text-base gap-4 md:gap-5 lg:gap-6 md:max-w-3xl lg:max-w-[40rem] xl:max-w-[48rem]\">\n<div class=\"group\/conversation-turn relative flex w-full min-w-0 flex-col agent-turn @xs\/thread:px-0 @sm\/thread:px-1.5 @md\/thread:px-4\">\n<div class=\"flex-col gap-1 md:gap-3\">\n<div class=\"flex max-w-full flex-col flex-grow\">\n<div class=\"min-h-8 text-message flex w-full flex-col items-end gap-2 whitespace-normal break-words text-start [.text-message+&amp;]:mt-5\" dir=\"auto\" data-message-author-role=\"assistant\" data-message-id=\"55a23854-ec57-48dd-bd4f-6118f43d6241\" data-message-model-slug=\"gpt-4o\">\n<div class=\"flex w-full flex-col gap-1 empty:hidden first:pt-[3px]\">\n<div class=\"markdown prose w-full break-words dark:prose-invert light\">\n<p>1. Jordgubbsvattenmelon<br \/>\n2. Bl\u00e5b\u00e4rs Is<br \/>\n3. Frisk Mint<br \/>\n4. Jordgubbsdruva<br \/>\n5. Bl\u00e5b\u00e4r Tranb\u00e4r K\u00f6rsb\u00e4r<br \/>\n6. Vattenmelon<br \/>\n7. Jordgubbskiwi<br \/>\n8. Mint Blue Razz<br \/>\n9. Trippelb\u00e4r<br \/>\n10. Vattenmelonk\u00f6rsb\u00e4r<br \/>\n11. Hallon Dark Sparkle<br \/>\n12. Bl\u00e5b\u00e4rshallon<\/p>\n<\/div>\n<\/div>\n<\/div>\n<\/div>\n<\/div>\n<\/div>\n<\/div>\n<\/div>\n<\/article>\n<\/div>\n<\/div>\n<\/div>\n<\/div>\n<\/div>\n<\/div>\n<\/div>\n<\/div>\n<\/div>\n<\/div>\n<\/article>\n<h2>Varf\u00f6r v\u00e4lja Vapestornado f\u00f6r att k\u00f6pa Bang King 30000 Pro?<\/h2>\n<div class=\"flex-shrink-0 flex flex-col relative items-end\">\n<div class=\"pt-0\">\n<div class=\"gizmo-bot-avatar flex h-8 w-8 items-center justify-center overflow-hidden rounded-full\">\n<div class=\"relative p-1 rounded-sm flex items-center justify-center bg-token-main-surface-primary text-token-text-primary h-8 w-8\">\n<p>At\u00a0<strong>VapeTornado<\/strong>, vi \u00e4r stolta \u00f6ver att leverera\u00a0<strong>premium vapingprodukter till oslagbara priser<\/strong>\u2014och Bang King 30000 Pro \u00e4r inget undantag! H\u00e4r \u00e4r varf\u00f6r du ska k\u00f6pa fr\u00e5n oss:<\/p>\n<p><strong>B\u00e4sta grossistpriserna<\/strong>\u00a0\u2013 Vi erbjuder\u00a0<strong>konkurrenskraftiga bulkpriser<\/strong><span style=\"font-size: 16px;\">, vilket g\u00f6r oss till det b\u00e4sta valet f\u00f6r \u00e5terf\u00f6rs\u00e4ljare och vapebutiker.<\/span><\/p>\n<p><strong>Snabb<\/strong>\u00a0\u2013 F\u00e5 din best\u00e4llning levererad\u00a0<strong>snabbt och s\u00e4kert<\/strong>, med fraktalternativ \u00f6ver hela v\u00e4rlden.<br \/>\n<strong>100% Autentiska Produkter<\/strong>\u00a0\u2013 Inga kopior\u2014bara\u00a0<strong>\u00e4kta WASPE Triple eng\u00e5ngsvapes<\/strong>\u00a0med verifierad kvalitet.<br \/>\n<strong>Utm\u00e4rkt kundsupport<\/strong>\u00a0\u2013 Har du fr\u00e5gor? V\u00e5ra\u00a0<strong>vapeexperter<\/strong> \u00e4r redo att hj\u00e4lpa dig dygnet runt.<\/p>\n<p data-start=\"559\" data-end=\"933\" data-is-last-node=\"\" data-is-only-node=\"\">Vi har \u00e4ven andra popul\u00e4ra vapes med sk\u00e4rm som <a href=\"https:\/\/vapestornado.com\/sv\/product\/mesii-couple-50k-disposable-shisha-hookah-50000-puffs-vape-with-digital-display\/\">Mesii par 50000<\/a>, <a href=\"https:\/\/vapestornado.com\/sv\/product\/vopk-cool-9000-puffs-disposable-vapes-bar-puff-9k\/\">VOPK 9000 Puff Eng\u00e5ngs Vape<\/a>, <a href=\"https:\/\/vapestornado.com\/sv\/product\/bang-beach-22000-20k-puff-disposable-vape-pen-with-screen-reddit-hot\/\">Bang Beach 22000<\/a>, och mer.<\/p>\n<\/div>\n<div class=\"relative p-1 rounded-sm flex items-center justify-center bg-token-main-surface-primary text-token-text-primary h-8 w-8\">\n<h2>Vanliga fr\u00e5gor om Bang King 30000<\/h2>\n<h3><strong>1. Hur l\u00e4nge r\u00e4cker Bang King 30K Pro Puff?<\/strong><\/h3>\n<p>Med\u00a0<strong>30 000 puff<\/strong>denna enhet kan r\u00e4cka betydligt l\u00e4ngre \u00e4n vanliga eng\u00e5ngsartiklar, beroende p\u00e5 anv\u00e4ndningsfrekvens. F\u00f6r m\u00e5ttliga vejpare kan den r\u00e4cka i veckor eller till och med m\u00e5nader.<\/p>\n<h3><strong>2. \u00c4r Bang King 30K uppladdningsbar?<\/strong><\/h3>\n<p>Ja! Den har en\u00a0<strong>Type-C uppladdningsbar port<\/strong>, vilket g\u00f6r att du kan maximera\u00a0<strong>36 ml e-v\u00e4tskekapacitet<\/strong>\u00a0utan att batteriets urladdning avbryter din upplevelse.<\/p>\n<h3><strong>3. Vilka nikotinstyrkor finns tillg\u00e4ngliga?<\/strong><\/h3>\n<p>Den\u00a0<strong>Bang King 30K Pro Puff<\/strong>\u00a0finns i\u00a0<strong>0% (nikotinfritt), 2%, 3% och 5% nikotin<\/strong>\u00a0alternativ, som passar b\u00e5de tillf\u00e4lliga och frekventa vejpare.<\/p>\n<h3><strong>4. H\u00e5ller smaken en j\u00e4mn kvalitet under anv\u00e4ndning?<\/strong><\/h3>\n<p>Absolut! Tack vare dess\u00a0<strong>enkelsmakssystem och 1.0\u03a9 mesh coil<\/strong>f\u00f6rblir smaken rik och j\u00e4mn fr\u00e5n f\u00f6rsta till sista puffen.<\/p>\n<\/div>\n<\/div>\n<\/div>\n<\/div>","protected":false},"excerpt":{"rendered":"<p class=\"LC20lb MBeuO DKV0Md\">Den <strong data-start=\"1343\" data-end=\"1374\">Bang King 30K Pro Puff Vape<\/strong> erbjuder 30 000 bloss, 36 ml e-v\u00e4tska och uppladdningsbar bekv\u00e4mlighet. En p\u00e5litlig, smakrik eng\u00e5ngsvape till grossistpriser.<\/p>\n<p><strong>L\u00e4gg till Amys whatsapp f\u00f6r att f\u00e5 r\u00e4tt svar och rabatterat pris!<\/strong><\/p>\n<p><img fetchpriority=\"high\" decoding=\"async\" class=\"size-full wp-image-2932\" src=\"https:\/\/vapestornado.com\/wp-content\/uploads\/2024\/12\/Vape-Wholesale.jpg\" alt=\"Vape Partihandel\" width=\"229\" height=\"300\" \/><\/p>\n<h3><a href=\"https:\/\/wa.me\/8617776015835\"><span style=\"color: #ff0000;\"><strong>WhatsApp: +86 17776015835<\/strong><\/span><\/a><\/h3>\n<p>&nbsp;<\/p>","protected":false},"featured_media":4037,"comment_status":"open","ping_status":"closed","template":"","meta":{"_acf_changed":false,"_uag_custom_page_level_css":"","_lmt_disableupdate":"no","_lmt_disable":"","_monsterinsights_skip_tracking":false,"_monsterinsights_sitenote_active":false,"_monsterinsights_sitenote_note":"","_monsterinsights_sitenote_category":0,"site-sidebar-layout":"default","site-content-layout":"","ast-site-content-layout":"default","site-content-style":"default","site-sidebar-style":"default","ast-global-header-display":"","ast-banner-title-visibility":"","ast-main-header-display":"","ast-hfb-above-header-display":"","ast-hfb-below-header-display":"","ast-hfb-mobile-header-display":"","site-post-title":"","ast-breadcrumbs-content":"","ast-featured-img":"","footer-sml-layout":"","ast-disable-related-posts":"","theme-transparent-header-meta":"default","adv-header-id-meta":"","stick-header-meta":"","header-above-stick-meta":"","header-main-stick-meta":"","header-below-stick-meta":"","astra-migrate-meta-layouts":"set","ast-page-background-enabled":"default","ast-page-background-meta":{"desktop":{"background-color":"","background-image":"","background-repeat":"repeat","background-position":"center center","background-size":"auto","background-attachment":"scroll","background-type":"","background-media":"","overlay-type":"","overlay-color":"","overlay-opacity":"","overlay-gradient":""},"tablet":{"background-color":"","background-image":"","background-repeat":"repeat","background-position":"center center","background-size":"auto","background-attachment":"scroll","background-type":"","background-media":"","overlay-type":"","overlay-color":"","overlay-opacity":"","overlay-gradient":""},"mobile":{"background-color":"","background-image":"","background-repeat":"repeat","background-position":"center center","background-size":"auto","background-attachment":"scroll","background-type":"","background-media":"","overlay-type":"","overlay-color":"","overlay-opacity":"","overlay-gradient":""}},"ast-content-background-meta":{"desktop":{"background-color":"var(--ast-global-color-5)","background-image":"","background-repeat":"repeat","background-position":"center center","background-size":"auto","background-attachment":"scroll","background-type":"","background-media":"","overlay-type":"","overlay-color":"","overlay-opacity":"","overlay-gradient":""},"tablet":{"background-color":"var(--ast-global-color-5)","background-image":"","background-repeat":"repeat","background-position":"center center","background-size":"auto","background-attachment":"scroll","background-type":"","background-media":"","overlay-type":"","overlay-color":"","overlay-opacity":"","overlay-gradient":""},"mobile":{"background-color":"var(--ast-global-color-5)","background-image":"","background-repeat":"repeat","background-position":"center center","background-size":"auto","background-attachment":"scroll","background-type":"","background-media":"","overlay-type":"","overlay-color":"","overlay-opacity":"","overlay-gradient":""}},"_joinchat":{"telephone":"17776015835"}},"product_brand":[],"product_cat":[67,63,151,144,146],"product_tag":[305,306,105,94,302],"class_list":{"0":"post-4044","1":"product","2":"type-product","3":"status-publish","4":"has-post-thumbnail","6":"product_cat-30000-puff","7":"product_cat-bangking","8":"product_cat-buy-disposable-vapes-in-france","9":"product_cat-low-nicotine-disposable-vapes","10":"product_cat-rechargeable-disposable-vapes","11":"product_tag-bang-king","12":"product_tag-bang-king-30000","13":"product_tag-digital-disposable-vape","14":"product_tag-rechargeable-disposable-vape","15":"product_tag-vape-box-mod","16":"desktop-align-left","17":"tablet-align-left","18":"mobile-align-left","20":"first","21":"instock","22":"sale","23":"shipping-taxable","24":"purchasable","25":"product-type-simple"},"acf":[],"uagb_featured_image_src":{"full":["https:\/\/vapestornado.com\/wp-content\/uploads\/2025\/03\/Bang-King-30000-Puffs-Disposable-Vape-Best-Price.webp",800,800,false],"thumbnail":["https:\/\/vapestornado.com\/wp-content\/uploads\/2025\/03\/Bang-King-30000-Puffs-Disposable-Vape-Best-Price-150x150.webp",150,150,true],"medium":["https:\/\/vapestornado.com\/wp-content\/uploads\/2025\/03\/Bang-King-30000-Puffs-Disposable-Vape-Best-Price-300x300.webp",300,300,true],"medium_large":["https:\/\/vapestornado.com\/wp-content\/uploads\/2025\/03\/Bang-King-30000-Puffs-Disposable-Vape-Best-Price-768x768.webp",768,768,true],"large":["https:\/\/vapestornado.com\/wp-content\/uploads\/2025\/03\/Bang-King-30000-Puffs-Disposable-Vape-Best-Price.webp",800,800,false],"1536x1536":["https:\/\/vapestornado.com\/wp-content\/uploads\/2025\/03\/Bang-King-30000-Puffs-Disposable-Vape-Best-Price.webp",800,800,false],"2048x2048":["https:\/\/vapestornado.com\/wp-content\/uploads\/2025\/03\/Bang-King-30000-Puffs-Disposable-Vape-Best-Price.webp",800,800,false],"trp-custom-language-flag":["https:\/\/vapestornado.com\/wp-content\/uploads\/2025\/03\/Bang-King-30000-Puffs-Disposable-Vape-Best-Price.webp",12,12,false],"woocommerce_thumbnail":["https:\/\/vapestornado.com\/wp-content\/uploads\/2025\/03\/Bang-King-30000-Puffs-Disposable-Vape-Best-Price-300x300.webp",300,300,true],"woocommerce_single":["https:\/\/vapestornado.com\/wp-content\/uploads\/2025\/03\/Bang-King-30000-Puffs-Disposable-Vape-Best-Price-600x600.webp",600,600,true],"woocommerce_gallery_thumbnail":["https:\/\/vapestornado.com\/wp-content\/uploads\/2025\/03\/Bang-King-30000-Puffs-Disposable-Vape-Best-Price-100x100.webp",100,100,true]},"uagb_author_info":{"display_name":"ESAMY","author_link":"https:\/\/vapestornado.com\/sv\/author\/"},"uagb_comment_info":0,"uagb_excerpt":"The Bang King 30K Pro Puff Vape offers 30,000 puffs, 36ml e-liquid, and rechargeable convenience. A reliable, flavorful disposable at wholesale bulk prices. Add Amy's whatsapp to get right reply and discount price! WhatsApp: +86 17776015835 &nbsp;","_links":{"self":[{"href":"https:\/\/vapestornado.com\/sv\/wp-json\/wp\/v2\/product\/4044","targetHints":{"allow":["GET"]}}],"collection":[{"href":"https:\/\/vapestornado.com\/sv\/wp-json\/wp\/v2\/product"}],"about":[{"href":"https:\/\/vapestornado.com\/sv\/wp-json\/wp\/v2\/types\/product"}],"replies":[{"embeddable":true,"href":"https:\/\/vapestornado.com\/sv\/wp-json\/wp\/v2\/comments?post=4044"}],"wp:featuredmedia":[{"embeddable":true,"href":"https:\/\/vapestornado.com\/sv\/wp-json\/wp\/v2\/media\/4037"}],"wp:attachment":[{"href":"https:\/\/vapestornado.com\/sv\/wp-json\/wp\/v2\/media?parent=4044"}],"wp:term":[{"taxonomy":"product_brand","embeddable":true,"href":"https:\/\/vapestornado.com\/sv\/wp-json\/wp\/v2\/product_brand?post=4044"},{"taxonomy":"product_cat","embeddable":true,"href":"https:\/\/vapestornado.com\/sv\/wp-json\/wp\/v2\/product_cat?post=4044"},{"taxonomy":"product_tag","embeddable":true,"href":"https:\/\/vapestornado.com\/sv\/wp-json\/wp\/v2\/product_tag?post=4044"}],"curies":[{"name":"wp","href":"https:\/\/api.w.org\/{rel}","templated":true}]}}