{"id":4013,"date":"2025-03-27T09:03:34","date_gmt":"2025-03-27T09:03:34","guid":{"rendered":"https:\/\/vapestornado.com\/?post_type=product&#038;p=4013"},"modified":"2025-12-16T09:46:56","modified_gmt":"2025-12-16T09:46:56","slug":"waspe-aiviou-3-in-1-60000-puffs-disposable-vape-kit-best-price","status":"publish","type":"product","link":"https:\/\/vapestornado.com\/sv\/product\/waspe-aiviou-3-in-1-60000-puffs-disposable-vape-kit-best-price\/","title":{"rendered":"Waspe Aiviou 3 i 1 60000 Puff Eng\u00e5ngs Vape Kit B\u00e4sta Pris"},"content":{"rendered":"<h1 data-pm-slice=\"1 1 []\">Waspe 60000 Puff Disposabel Vape Kit 3 Smakv\u00e4xling + 54ml E-Juice<\/h1>\n<p data-start=\"1232\" data-end=\"1466\">Den <strong data-start=\"99\" data-end=\"134\">Waspe Aiviou 3 i 1 60000 Puff<\/strong> \u00e4r byggd f\u00f6r m\u00e4n som inte vill b\u00e4ra tv\u00e5 eller tre enheter bara f\u00f6r att undvika smaktr\u00f6tthet. Du f\u00e5r <strong data-start=\"236\" data-end=\"279\">tre f\u00f6rfyllda 18ml-podar (54ml totalt)<\/strong> i en enhet, en <strong data-start=\"295\" data-end=\"320\">trippel smakv\u00e4xling<\/strong>, och <strong data-start=\"326\" data-end=\"356\">0,9\u03a9 mesh-spoleprestanda<\/strong> som f\u00f6rblir mjuk \u00e4ven n\u00e4r du anv\u00e4nder den h\u00e5rt. L\u00e4gg till <strong data-start=\"410\" data-end=\"425\">LED-display<\/strong> och <strong data-start=\"430\" data-end=\"468\">Type-C uppladdningsbart 650mAh-batteri<\/strong>, och den blir en l\u00e5ngsiktig setup du faktiskt kan hantera dagligen\u2014ingen gissning, inget sl\u00f6sat v\u00e4tska.<\/p>\n<h3 data-start=\"772\" data-end=\"823\">Varf\u00f6r sticker Waspe 60000 Puff ut bland h\u00f6gkapacitetsdisposables?<\/h3>\n<ul data-start=\"825\" data-end=\"2411\">\n<li data-start=\"825\" data-end=\"1147\">\n<p data-start=\"827\" data-end=\"1147\"><strong data-start=\"827\" data-end=\"866\">3 smaker utan att b\u00e4ra extra.<\/strong> Denna <strong data-start=\"872\" data-end=\"900\">3-smaks disposable vape<\/strong> anv\u00e4nder ett \u00e4kta <strong data-start=\"913\" data-end=\"940\">3-i-1 v\u00e4xlingssystem<\/strong>, s\u00e5 att du kan rotera mellan profiler n\u00e4r din smak f\u00f6r\u00e4ndras. F\u00f6r m\u00e5nga anv\u00e4ndare \u00e4r det skillnaden mellan att slutf\u00f6ra en h\u00f6gkapacitetsenhet och att \u00f6verge den halvv\u00e4gs eftersom en smak blir tr\u00f6ttsam.<\/p>\n<\/li>\n<li data-start=\"1149\" data-end=\"1502\">\n<p data-start=\"1151\" data-end=\"1502\"><strong data-start=\"1151\" data-end=\"1199\">\u00c4kta uth\u00e5llighet st\u00f6dd av verklig v\u00e4tskem\u00e4ngd.<\/strong> <strong data-start=\"1200\" data-end=\"1221\">Waspe 60000 Puff<\/strong> \u00e4r inte bara ett stort nummer p\u00e5 f\u00f6rpackningen\u2014<strong data-start=\"1257\" data-end=\"1274\">54ml (3\u00d718ml)<\/strong> \u00e4r stor nog f\u00f6r l\u00e5ngvarig anv\u00e4ndning. D\u00e4rf\u00f6r s\u00e4ljer den bra p\u00e5 marknader med h\u00f6g oms\u00e4ttning som <strong data-start=\"1361\" data-end=\"1416\">Polen, Tyskland, Spanien, Frankrike och Nederl\u00e4nderna<\/strong>, s\u00e4rskilt f\u00f6r k\u00f6pare som vill ha f\u00e4rre byten och mer f\u00f6ruts\u00e4gbar kostnad per dag.<\/p>\n<\/li>\n<li data-start=\"1504\" data-end=\"1775\">\n<p data-start=\"1506\" data-end=\"1775\"><strong data-start=\"1506\" data-end=\"1551\">Mesh-spole stabilitet \u00f6ver l\u00e5nga sessioner.<\/strong> Med <strong data-start=\"1557\" data-end=\"1581\">0,9\u03a9 mesh-spolar (\u00d73)<\/strong>, \u00e5ngan f\u00f6rblir mjuk och smaken f\u00f6rblir tydlig l\u00e4ngre in i poddarna. Detta \u00e4r viktigt f\u00f6r tunga anv\u00e4ndare som kedjaspuffar\u2014meshuppv\u00e4rmning minskar den skarpa, torra kanten som billigare spolar kan utveckla \u00f6ver tid.<\/p>\n<\/li>\n<li data-start=\"1777\" data-end=\"2070\">\n<p data-start=\"1779\" data-end=\"2070\"><strong data-start=\"1779\" data-end=\"1816\">LED-sk\u00e4rm h\u00e5ller dig i kontroll.<\/strong> Den smarta displayen visar batteri- och e-v\u00e4tskeniv\u00e5, s\u00e5 du vet om den \u00e4r redo f\u00f6r en l\u00e5ng arbetsdag eller om du b\u00f6r ladda f\u00f6rst. Det \u00e4r den typen av praktisk detalj som folk f\u00f6rv\u00e4ntar sig av enheter som konkurrerar i <strong data-start=\"2027\" data-end=\"2055\">E-cigarettrankning 2025<\/strong> samtal.<\/p>\n<\/li>\n<li data-start=\"2072\" data-end=\"2411\">\n<p data-start=\"2074\" data-end=\"2411\"><strong data-start=\"2074\" data-end=\"2129\">Laddningsbar bekv\u00e4mlighet som sl\u00e5r impulsk\u00f6p.<\/strong> Om din rutin involverar \u201c<strong data-start=\"2156\" data-end=\"2174\">K\u00f6p cigaretter<\/strong>\u201d stoppar eller sista minuten-ers\u00e4ttningar, hj\u00e4lper den laddningsbara designen med Type-C att bryta den cykeln. F\u00f6r m\u00e5nga kunder som <strong data-start=\"2287\" data-end=\"2310\">K\u00f6p \u00e5nga i Sverige<\/strong>, \u00e4r v\u00e4rdet enkelt: en enhet h\u00e5ller l\u00e4ngre, och du laddar ist\u00e4llet f\u00f6r att k\u00f6pa nytt var tredje dag.<\/p>\n<\/li>\n<\/ul>\n<p data-start=\"666\" data-end=\"1235\"><strong style=\"font-size: 16px;\"><span style=\"color: #ff0000;\">L\u00e4gg till Amys WhatsApp f\u00f6r att f\u00e5 r\u00e4tt svar och rabatterat pris!<\/span><\/strong><\/p>\n<p><img fetchpriority=\"high\" decoding=\"async\" class=\"size-full wp-image-2932\" src=\"https:\/\/vapestornado.com\/wp-content\/uploads\/2024\/12\/Vape-Wholesale.jpg\" alt=\"Vape Partihandel\" width=\"229\" height=\"300\" \/><\/p>\n<h3><a href=\"https:\/\/wa.me\/8617776015835\" target=\"_blank\" rel=\"noopener\"><span style=\"color: #ff0000;\"><strong>WhatsApp: +86 17776015835<\/strong><\/span><\/a><\/h3>\n<p>&nbsp;<\/p>\n<h2><strong>Waspe Aiviou 3 i 1 60000 bloss Viktiga Produktegenskaper<\/strong><\/h2>\n<table>\n<thead>\n<tr>\n<th>Funktion<\/th>\n<th>specifikation<\/th>\n<th>hur det fungerar<\/th>\n<\/tr>\n<\/thead>\n<tbody>\n<tr>\n<td>Produktnamn<\/td>\n<td>Waspe Aiviou 3 i 1 60000 Puff<\/td>\n<td>En trippel-pod eng\u00e5ngsvape-kit med smakv\u00e4xling.<\/td>\n<\/tr>\n<tr>\n<td>Puffkapacitet<\/td>\n<td>Upp till 60 000 puffar<\/td>\n<td>H\u00f6gkapacitetsutg\u00e5ng designad f\u00f6r att minska bytestakten.<\/td>\n<\/tr>\n<tr>\n<td>Smaksystem<\/td>\n<td>3-i-1 Triple Flavour Switch<\/td>\n<td>L\u00e5ter dig byta smaker direkt utan att byta enhet.<\/td>\n<\/tr>\n<tr>\n<td>E-v\u00e4tskem\u00e4ngd<\/td>\n<td>54ml totalt (3\u00d718ml poddar)<\/td>\n<td>Stort flytande leverans st\u00f6der l\u00e5ng livsl\u00e4ngd och f\u00f6rl\u00e4ngda sessioner.<\/td>\n<\/tr>\n<tr>\n<td>Spolningssystem<\/td>\n<td>0,9\u03a9 Mesh Coil \u00d73<\/td>\n<td>J\u00e4mn uppv\u00e4rmning f\u00f6rb\u00e4ttrar sl\u00e4theten och hj\u00e4lper smaken att f\u00f6rbli konsekvent.<\/td>\n<\/tr>\n<tr>\n<td>Batteri<\/td>\n<td>650mAh uppladdningsbar<\/td>\n<td>Laddning f\u00f6rhindrar tidig kassering innan v\u00e4tskan \u00e4r slut.<\/td>\n<\/tr>\n<tr>\n<td>Laddning<\/td>\n<td>Typ-C snabbladdning<\/td>\n<td>Snabba p\u00e5fyllningar med moderna kablar som ofta anv\u00e4nds i Europa.<\/td>\n<\/tr>\n<tr>\n<td>Visa<\/td>\n<td>LED-batteri- &amp; e-v\u00e4tskeindikator<\/td>\n<td>Visar status tydligt f\u00f6r att undvika \u00f6verraskningar under daglig anv\u00e4ndning.<\/td>\n<\/tr>\n<tr>\n<td>Nikotinalternativ<\/td>\n<td>0% \/ 2% \/ 5%<\/td>\n<td>Nikotinfri, l\u00e5g eller starkare halsk\u00e4nsla beroende p\u00e5 preferens.<\/td>\n<\/tr>\n<\/tbody>\n<\/table>\n<h2 class=\"product-title\"><strong>WASPE 60K 60000 bloss eng\u00e5ngs podsmaker lista<\/strong><\/h2>\n<article class=\"w-full text-token-text-primary focus-visible:outline-2 focus-visible:outline-offset-[-4px]\" dir=\"auto\" data-testid=\"conversation-turn-32\" data-scroll-anchor=\"false\">\n<div class=\"m-auto text-base py-[18px] px-6\">\n<div class=\"mx-auto flex flex-1 text-base gap-4 md:gap-5 lg:gap-6 md:max-w-3xl lg:max-w-[40rem] xl:max-w-[48rem]\">\n<div class=\"group\/conversation-turn relative flex w-full min-w-0 flex-col @xs\/thread:px-0 @sm\/thread:px-1.5 @md\/thread:px-4\">\n<div class=\"flex-col gap-1 md:gap-3\">\n<div class=\"flex max-w-full flex-col flex-grow\">\n<div class=\"min-h-8 text-message flex w-full flex-col items-end gap-2 whitespace-normal break-words text-start [.text-message+&amp;]:mt-5\" dir=\"auto\" data-message-author-role=\"user\" data-message-id=\"ffac41ca-1db4-431b-873a-32c4052956f1\">\n<div class=\"flex w-full flex-col gap-1 empty:hidden items-end rtl:items-start\">\n<div class=\"relative max-w-[var(--user-chat-width,70%)] rounded-3xl bg-token-message-surface px-5 py-2.5\">\n<div class=\"absolute bottom-0 right-full top-0 -mr-3.5 hidden pr-5 pt-2 [.group\/conversation-turn:hover_&amp;]:flex\">\n<div class=\"flex\">\n<article class=\"w-full text-token-text-primary focus-visible:outline-2 focus-visible:outline-offset-[-4px]\" dir=\"auto\" data-testid=\"conversation-turn-39\" data-scroll-anchor=\"true\">\n<div class=\"m-auto text-base py-[18px] px-6\">\n<div class=\"mx-auto flex flex-1 text-base gap-4 md:gap-5 lg:gap-6 md:max-w-3xl lg:max-w-[40rem] xl:max-w-[48rem]\">\n<div class=\"group\/conversation-turn relative flex w-full min-w-0 flex-col agent-turn @xs\/thread:px-0 @sm\/thread:px-1.5 @md\/thread:px-4\">\n<div class=\"flex-col gap-1 md:gap-3\">\n<div class=\"flex max-w-full flex-col flex-grow\">\n<div class=\"min-h-8 text-message flex w-full flex-col items-end gap-2 whitespace-normal break-words text-start [.text-message+&amp;]:mt-5\" dir=\"auto\" data-message-author-role=\"assistant\" data-message-id=\"55a23854-ec57-48dd-bd4f-6118f43d6241\" data-message-model-slug=\"gpt-4o\">\n<div class=\"flex w-full flex-col gap-1 empty:hidden first:pt-[3px]\">\n<div class=\"markdown prose w-full break-words dark:prose-invert light\">\n<p>1. Vattenmelon Is<br \/>\n2. Jordgubb Vattenmelon<br \/>\n3. Bl\u00e5b\u00e4r Is<br \/>\n4. Jordgubb Hallon K\u00f6rsb\u00e4r<br \/>\n5. Persika Is<br \/>\n6. Red Bull Is<br \/>\n7. Blandade B\u00e4r<br \/>\n8. Trippel Melon Is<br \/>\n9. Druva Is<br \/>\n10. Jordgubb Banan<br \/>\n11. K\u00f6rsb\u00e4rs Cola Is<br \/>\n12. Bl\u00e5b\u00e4r Hallon<\/p>\n<figure id=\"attachment_4688\" aria-describedby=\"caption-attachment-4688\" style=\"width: 225px\" class=\"wp-caption alignnone\"><img decoding=\"async\" class=\"size-medium wp-image-4688\" src=\"https:\/\/vapestornado.com\/wp-content\/uploads\/2025\/12\/WASPE-60000-PUFF-3-IN-1-Diposable-Vape-All-Flaovr-225x300.jpg\" alt=\"Waspe Aiviou 3 i 1 60000 Puff Disposabel Vape Alla Smaker\" width=\"225\" height=\"300\" srcset=\"https:\/\/vapestornado.com\/wp-content\/uploads\/2025\/12\/WASPE-60000-PUFF-3-IN-1-Diposable-Vape-All-Flaovr-225x300.jpg 225w, https:\/\/vapestornado.com\/wp-content\/uploads\/2025\/12\/WASPE-60000-PUFF-3-IN-1-Diposable-Vape-All-Flaovr-768x1024.jpg 768w, https:\/\/vapestornado.com\/wp-content\/uploads\/2025\/12\/WASPE-60000-PUFF-3-IN-1-Diposable-Vape-All-Flaovr-1152x1536.jpg 1152w, https:\/\/vapestornado.com\/wp-content\/uploads\/2025\/12\/WASPE-60000-PUFF-3-IN-1-Diposable-Vape-All-Flaovr-9x12.jpg 9w, https:\/\/vapestornado.com\/wp-content\/uploads\/2025\/12\/WASPE-60000-PUFF-3-IN-1-Diposable-Vape-All-Flaovr-600x800.jpg 600w, https:\/\/vapestornado.com\/wp-content\/uploads\/2025\/12\/WASPE-60000-PUFF-3-IN-1-Diposable-Vape-All-Flaovr.jpg 1280w\" sizes=\"(max-width: 225px) 100vw, 225px\" \/><figcaption id=\"caption-attachment-4688\" class=\"wp-caption-text\">Waspe Aiviou 3 i 1 60000 Puff Disposabel Vape Alla Smaker<\/figcaption><\/figure>\n<\/div>\n<\/div>\n<\/div>\n<\/div>\n<\/div>\n<\/div>\n<\/div>\n<\/div>\n<\/article>\n<\/div>\n<\/div>\n<\/div>\n<\/div>\n<\/div>\n<\/div>\n<\/div>\n<\/div>\n<\/div>\n<\/div>\n<\/article>\n<h2>Varf\u00f6r v\u00e4lja Vapestornado f\u00f6r Waspe 60k Puff K\u00f6p?<\/h2>\n<div class=\"flex-shrink-0 flex flex-col relative items-end\">\n<div class=\"pt-0\">\n<div class=\"gizmo-bot-avatar flex h-8 w-8 items-center justify-center overflow-hidden rounded-full\">\n<div class=\"relative p-1 rounded-sm flex items-center justify-center bg-token-main-surface-primary text-token-text-primary h-8 w-8\">\n<p>At\u00a0<strong>VapeTornado<\/strong>, vi \u00e4r stolta \u00f6ver att leverera\u00a0<strong>premium vapingprodukter till oslagbara priser<\/strong>\u2014och Waspe Aiviou 3 i 1 60000 bloss \u00e4r inget undantag! H\u00e4r \u00e4r varf\u00f6r du ska k\u00f6pa fr\u00e5n oss:<\/p>\n<p><strong>B\u00e4sta grossistpriserna<\/strong>\u00a0\u2013 Vi erbjuder\u00a0<strong>konkurrenskraftiga bulkpriser<\/strong><span style=\"font-size: 16px;\">, vilket g\u00f6r oss till det b\u00e4sta valet f\u00f6r \u00e5terf\u00f6rs\u00e4ljare och vapebutiker.<\/span><\/p>\n<p><strong>Snabb<\/strong>\u00a0\u2013 F\u00e5 din best\u00e4llning levererad\u00a0<strong>snabbt och s\u00e4kert<\/strong>, med fraktalternativ \u00f6ver hela v\u00e4rlden.<br \/>\n<strong>100% Autentiska Produkter<\/strong>\u00a0\u2013 Inga kopior\u2014bara\u00a0<strong>\u00e4kta WASPE Triple eng\u00e5ngsvapes<\/strong>\u00a0med verifierad kvalitet.<br \/>\n<strong>Utm\u00e4rkt kundsupport<\/strong>\u00a0\u2013 Har du fr\u00e5gor? V\u00e5ra\u00a0<strong>vapeexperter<\/strong> \u00e4r redo att hj\u00e4lpa dig dygnet runt.<\/p>\n<p><strong>V\u00e4nta inte \u2013 best\u00e4ll din Waspe Aiviou 3 i 1 60000 bloss fr\u00e5n VapeTornado idag och upplev den ultimata vapingupplevelsen!<\/strong><\/p>\n<p data-start=\"559\" data-end=\"933\" data-is-last-node=\"\" data-is-only-node=\"\">Vi har \u00e4ven andra popul\u00e4ra vapes med sk\u00e4rm som <a href=\"https:\/\/vapestornado.com\/sv\/product\/mesii-couple-50k-disposable-shisha-hookah-50000-puffs-vape-with-digital-display\/\">Mesii par 50000<\/a>, <a href=\"https:\/\/vapestornado.com\/sv\/product\/vopk-cool-9000-puffs-disposable-vapes-bar-puff-9k\/\">VOPK 9000 Puff Eng\u00e5ngs Vape<\/a>, <a href=\"https:\/\/vapestornado.com\/sv\/product\/bang-beach-22000-20k-puff-disposable-vape-pen-with-screen-reddit-hot\/\">Bang Beach 22000<\/a>, och mer.<\/p>\n<\/div>\n<div class=\"relative p-1 rounded-sm flex items-center justify-center bg-token-main-surface-primary text-token-text-primary h-8 w-8\">\n<h2>VANLIGA FR\u00c5GOR<\/h2>\n<ol data-start=\"3497\" data-end=\"4811\">\n<li data-start=\"3497\" data-end=\"3746\">\n<p data-start=\"3500\" data-end=\"3746\"><strong data-start=\"3500\" data-end=\"3596\">Hur fungerar Waspe Aiviou 3 i 1 60000 Puff triple smakv\u00e4xling under daglig vaping?<\/strong><br data-start=\"3596\" data-end=\"3599\" \/>Den \u00e4r utformad f\u00f6r snabb smakrotation inuti en enhet, s\u00e5 att du kan byta smak p\u00e5 beg\u00e4ran utan att b\u00e4ra flera vapes eller byta h\u00e5rdvara.<\/p>\n<\/li>\n<li data-start=\"3748\" data-end=\"4006\">\n<p data-start=\"3751\" data-end=\"4006\"><strong data-start=\"3751\" data-end=\"3847\">H\u00e5ller setupen Waspe 60000 Puff 54ml (3\u00d718ml) verkligen l\u00e4ngre \u00e4n standarddisposables?<\/strong><br data-start=\"3847\" data-end=\"3850\" \/>Ja\u201454ml total e-v\u00e4tska \u00e4r en stor anledning till att den h\u00e5ller l\u00e4ngre. Den faktiska livsl\u00e4ngden beror p\u00e5 dragl\u00e4ngd och frekvens, men kapaciteten \u00e4r stor nog f\u00f6r l\u00e5ngvarig anv\u00e4ndning.<\/p>\n<\/li>\n<li data-start=\"4008\" data-end=\"4250\">\n<p data-start=\"4011\" data-end=\"4250\"><strong data-start=\"4011\" data-end=\"4109\">Hur p\u00e5verkar 0,9\u03a9 mesh-spolar i den 3-smakiga disposable-vapen \u00e5ngans sl\u00e4thet \u00f6ver tid?<\/strong><br data-start=\"4109\" data-end=\"4112\" \/>Mesh-spolar v\u00e4rmer mer j\u00e4mnt \u00e4n grundl\u00e4ggande tr\u00e5dar, vilket hj\u00e4lper till att h\u00e5lla \u00e5ngan sl\u00e4tare och minskar h\u00e5rdhet under intensiva, upprepade sessioner.<\/p>\n<\/li>\n<li data-start=\"4252\" data-end=\"4531\">\n<p data-start=\"4255\" data-end=\"4531\"><strong data-start=\"4255\" data-end=\"4371\">\u00c4r Waspe Aiviou 3 i 1 60K ett smart val f\u00f6r k\u00f6pare som j\u00e4mf\u00f6r E-cigaretter ranking 2025-stil \u201ctopp enheter\u201d?<\/strong><br data-start=\"4371\" data-end=\"4374\" \/>Den konkurrerar p\u00e5 praktiska funktioner som spelar roll: flersmaksv\u00e4xling, stor total v\u00e4tskem\u00e4ngd, uppladdningsbar kraft och en LED-statusdisplay f\u00f6r kontroll.<\/p>\n<\/li>\n<li data-start=\"4533\" data-end=\"4811\">\n<p data-start=\"4536\" data-end=\"4811\"><strong data-start=\"4536\" data-end=\"4636\">Varf\u00f6r gillar grossistk\u00f6pare av eng\u00e5ngsvapen Waspe Aiviou 3 i 1 60000 Puff f\u00f6r detaljhandeln i EU?<\/strong><br data-start=\"4636\" data-end=\"4639\" \/>Det \u00e4r l\u00e4tt att s\u00e4lja: tydliga huvudspecifikationer (60K puffar, 3 smaker, 54ml, uppladdningsbar), breda nikotinalternativ och stark \u00e5terkommande efterfr\u00e5gan fr\u00e5n anv\u00e4ndare som vill ha l\u00e5nglivade enheter.<\/p>\n<\/li>\n<\/ol>\n<\/div>\n<\/div>\n<\/div>\n<\/div>","protected":false},"excerpt":{"rendered":"<p class=\"LC20lb MBeuO DKV0Md\">Waspe Aiviou 3 i 1 60000 Bloss eng\u00e5ngs vape kit med 3 smakv\u00e4xlingar, 54ml (3\u00d718ml) poddar, 0,9\u03a9 mesh coils, LED-display och Type-C uppladdningsbart 650mAh batteri. Byggd f\u00f6r l\u00e5ng anv\u00e4ndning, popul\u00e4r bland grossister av eng\u00e5ngs vape och kunder som K\u00f6per vape i Polen ist\u00e4llet f\u00f6r att K\u00f6pa cigaretter.<\/p>\n<p><img fetchpriority=\"high\" decoding=\"async\" class=\"size-full wp-image-2932\" src=\"https:\/\/vapestornado.com\/wp-content\/uploads\/2024\/12\/Vape-Wholesale.jpg\" alt=\"Vape Partihandel\" width=\"229\" height=\"300\" \/><\/p>\n<h3><a href=\"https:\/\/wa.me\/8617776015835\"><span style=\"color: #ff0000;\"><strong>WhatsApp: +86 17776015835<\/strong><\/span><\/a><\/h3>\n<p>&nbsp;<\/p>","protected":false},"featured_media":4011,"comment_status":"open","ping_status":"closed","template":"","meta":{"_acf_changed":false,"_uag_custom_page_level_css":"","_lmt_disableupdate":"no","_lmt_disable":"","_monsterinsights_skip_tracking":false,"_monsterinsights_sitenote_active":false,"_monsterinsights_sitenote_note":"","_monsterinsights_sitenote_category":0,"site-sidebar-layout":"default","site-content-layout":"","ast-site-content-layout":"default","site-content-style":"default","site-sidebar-style":"default","ast-global-header-display":"","ast-banner-title-visibility":"","ast-main-header-display":"","ast-hfb-above-header-display":"","ast-hfb-below-header-display":"","ast-hfb-mobile-header-display":"","site-post-title":"","ast-breadcrumbs-content":"","ast-featured-img":"","footer-sml-layout":"","ast-disable-related-posts":"","theme-transparent-header-meta":"default","adv-header-id-meta":"","stick-header-meta":"","header-above-stick-meta":"","header-main-stick-meta":"","header-below-stick-meta":"","astra-migrate-meta-layouts":"set","ast-page-background-enabled":"default","ast-page-background-meta":{"desktop":{"background-color":"","background-image":"","background-repeat":"repeat","background-position":"center center","background-size":"auto","background-attachment":"scroll","background-type":"","background-media":"","overlay-type":"","overlay-color":"","overlay-opacity":"","overlay-gradient":""},"tablet":{"background-color":"","background-image":"","background-repeat":"repeat","background-position":"center center","background-size":"auto","background-attachment":"scroll","background-type":"","background-media":"","overlay-type":"","overlay-color":"","overlay-opacity":"","overlay-gradient":""},"mobile":{"background-color":"","background-image":"","background-repeat":"repeat","background-position":"center center","background-size":"auto","background-attachment":"scroll","background-type":"","background-media":"","overlay-type":"","overlay-color":"","overlay-opacity":"","overlay-gradient":""}},"ast-content-background-meta":{"desktop":{"background-color":"var(--ast-global-color-5)","background-image":"","background-repeat":"repeat","background-position":"center center","background-size":"auto","background-attachment":"scroll","background-type":"","background-media":"","overlay-type":"","overlay-color":"","overlay-opacity":"","overlay-gradient":""},"tablet":{"background-color":"var(--ast-global-color-5)","background-image":"","background-repeat":"repeat","background-position":"center center","background-size":"auto","background-attachment":"scroll","background-type":"","background-media":"","overlay-type":"","overlay-color":"","overlay-opacity":"","overlay-gradient":""},"mobile":{"background-color":"var(--ast-global-color-5)","background-image":"","background-repeat":"repeat","background-position":"center center","background-size":"auto","background-attachment":"scroll","background-type":"","background-media":"","overlay-type":"","overlay-color":"","overlay-opacity":"","overlay-gradient":""}},"_joinchat":{"telephone":"17776015835"}},"product_brand":[],"product_cat":[156,142,144,61,60],"product_tag":[105,94,301,299,300],"class_list":{"0":"post-4013","1":"product","2":"type-product","3":"status-publish","4":"has-post-thumbnail","6":"product_cat-buy-disposable-vapes-in-poland","7":"product_cat-digital-box-disposable-vapes","8":"product_cat-low-nicotine-disposable-vapes","9":"product_cat-vapme-shisha","10":"product_cat-waspe-fihp-vape","11":"product_tag-digital-disposable-vape","12":"product_tag-rechargeable-disposable-vape","13":"product_tag-vapor-wholesale","14":"product_tag-waspe-60k-puff","15":"product_tag-waspe-aiviou-3-in-1-60000","16":"desktop-align-left","17":"tablet-align-left","18":"mobile-align-left","20":"first","21":"instock","22":"sale","23":"shipping-taxable","24":"purchasable","25":"product-type-simple"},"acf":[],"uagb_featured_image_src":{"full":["https:\/\/vapestornado.com\/wp-content\/uploads\/2025\/03\/Waspe-Aiviou-3-in1-60k-60000-Puffs-Disposable-Vaper.webp",800,800,false],"thumbnail":["https:\/\/vapestornado.com\/wp-content\/uploads\/2025\/03\/Waspe-Aiviou-3-in1-60k-60000-Puffs-Disposable-Vaper-150x150.webp",150,150,true],"medium":["https:\/\/vapestornado.com\/wp-content\/uploads\/2025\/03\/Waspe-Aiviou-3-in1-60k-60000-Puffs-Disposable-Vaper-300x300.webp",300,300,true],"medium_large":["https:\/\/vapestornado.com\/wp-content\/uploads\/2025\/03\/Waspe-Aiviou-3-in1-60k-60000-Puffs-Disposable-Vaper-768x768.webp",768,768,true],"large":["https:\/\/vapestornado.com\/wp-content\/uploads\/2025\/03\/Waspe-Aiviou-3-in1-60k-60000-Puffs-Disposable-Vaper.webp",800,800,false],"1536x1536":["https:\/\/vapestornado.com\/wp-content\/uploads\/2025\/03\/Waspe-Aiviou-3-in1-60k-60000-Puffs-Disposable-Vaper.webp",800,800,false],"2048x2048":["https:\/\/vapestornado.com\/wp-content\/uploads\/2025\/03\/Waspe-Aiviou-3-in1-60k-60000-Puffs-Disposable-Vaper.webp",800,800,false],"trp-custom-language-flag":["https:\/\/vapestornado.com\/wp-content\/uploads\/2025\/03\/Waspe-Aiviou-3-in1-60k-60000-Puffs-Disposable-Vaper.webp",12,12,false],"woocommerce_thumbnail":["https:\/\/vapestornado.com\/wp-content\/uploads\/2025\/03\/Waspe-Aiviou-3-in1-60k-60000-Puffs-Disposable-Vaper-300x300.webp",300,300,true],"woocommerce_single":["https:\/\/vapestornado.com\/wp-content\/uploads\/2025\/03\/Waspe-Aiviou-3-in1-60k-60000-Puffs-Disposable-Vaper-600x600.webp",600,600,true],"woocommerce_gallery_thumbnail":["https:\/\/vapestornado.com\/wp-content\/uploads\/2025\/03\/Waspe-Aiviou-3-in1-60k-60000-Puffs-Disposable-Vaper-100x100.webp",100,100,true]},"uagb_author_info":{"display_name":"ESAMY","author_link":"https:\/\/vapestornado.com\/sv\/author\/"},"uagb_comment_info":1,"uagb_excerpt":"Waspe Aiviou 3 in 1 60000 Puffs disposable vape kit with 3 flavour switching, 54ml (3\u00d718ml) pods, 0.9\u03a9 mesh coils, LED display, and Type-C rechargeable 650mAh battery. Built for long use, popular with disposable vape wholesaler buyers and customers who Buy vapor in Poland instead of Buy cigarettes. WhatsApp: +86 17776015835 &nbsp;","_links":{"self":[{"href":"https:\/\/vapestornado.com\/sv\/wp-json\/wp\/v2\/product\/4013","targetHints":{"allow":["GET"]}}],"collection":[{"href":"https:\/\/vapestornado.com\/sv\/wp-json\/wp\/v2\/product"}],"about":[{"href":"https:\/\/vapestornado.com\/sv\/wp-json\/wp\/v2\/types\/product"}],"replies":[{"embeddable":true,"href":"https:\/\/vapestornado.com\/sv\/wp-json\/wp\/v2\/comments?post=4013"}],"wp:featuredmedia":[{"embeddable":true,"href":"https:\/\/vapestornado.com\/sv\/wp-json\/wp\/v2\/media\/4011"}],"wp:attachment":[{"href":"https:\/\/vapestornado.com\/sv\/wp-json\/wp\/v2\/media?parent=4013"}],"wp:term":[{"taxonomy":"product_brand","embeddable":true,"href":"https:\/\/vapestornado.com\/sv\/wp-json\/wp\/v2\/product_brand?post=4013"},{"taxonomy":"product_cat","embeddable":true,"href":"https:\/\/vapestornado.com\/sv\/wp-json\/wp\/v2\/product_cat?post=4013"},{"taxonomy":"product_tag","embeddable":true,"href":"https:\/\/vapestornado.com\/sv\/wp-json\/wp\/v2\/product_tag?post=4013"}],"curies":[{"name":"wp","href":"https:\/\/api.w.org\/{rel}","templated":true}]}}