{"id":3974,"date":"2025-03-24T07:31:30","date_gmt":"2025-03-24T07:31:30","guid":{"rendered":"https:\/\/vapestornado.com\/?post_type=product&#038;p=3974"},"modified":"2025-08-23T10:38:02","modified_gmt":"2025-08-23T10:38:02","slug":"vopk-shisha-hookah-20000-puffs-disposable-vapes-bar-best-flavor-wholesale","status":"publish","type":"product","link":"https:\/\/vapestornado.com\/sv\/product\/vopk-shisha-hookah-20000-puffs-disposable-vapes-bar-best-flavor-wholesale\/","title":{"rendered":"Vopk Shisha Hookah 20000 Puffar Eng\u00e5ngs Vape Bar B\u00e4sta Smak Grossist"},"content":{"rendered":"<h1 data-pm-slice=\"1 1 []\">Vopk Shisha Hookah 20000 Puffar Eng\u00e5ngs Vape Bar B\u00e4sta Smak Grossist<\/h1>\n<p data-start=\"272\" data-end=\"577\">Den <strong data-start=\"276\" data-end=\"319\">Vopk Shisha Hookah 20000 Puffar Vape Bar<\/strong> \u00e4r designad f\u00f6r grossister och \u00e5terf\u00f6rs\u00e4ljare som s\u00f6ker en enhet med h\u00f6g kapacitet och stark dragningskraft f\u00f6r shisha- och hookah-entusiaster. Levererar upp till <strong data-start=\"467\" data-end=\"483\">20 000 puffar<\/strong> fr\u00e5n en <strong data-start=\"491\" data-end=\"513\">28 ml e-v\u00e4tskebeh\u00e5llare<\/strong>och ger l\u00e5ngvarig anv\u00e4ndning och utm\u00e4rkt \u00e5terf\u00f6rs\u00e4ljningspotential.<\/p>\n<p data-start=\"579\" data-end=\"910\">Byggd med en <strong data-start=\"592\" data-end=\"610\">0,6\u03a9 mesh-spole<\/strong>producerar enheten t\u00e4t \u00e5nga och f\u00f6rst\u00e4rkt smak, vilket g\u00f6r den idealisk f\u00f6r <strong data-start=\"685\" data-end=\"706\">DTL-vapingstilar<\/strong>. Den <strong data-start=\"712\" data-end=\"738\">digital display sk\u00e4rm<\/strong> h\u00e5ller anv\u00e4ndarna uppdaterade om b\u00e5de batteritid och e-v\u00e4tskeniv\u00e5er, medan <strong data-start=\"811\" data-end=\"842\">850mAh uppladdningsbart batteri<\/strong> med <strong data-start=\"848\" data-end=\"867\">Typ-C-laddning<\/strong> s\u00e4kerst\u00e4ller j\u00e4mn effekt under hela dagen.<\/p>\n<p data-start=\"912\" data-end=\"1205\">Den <strong data-start=\"916\" data-end=\"953\">tv\u00e5f\u00e4rgad shisha-inspirerad design<\/strong> ger Vopk 20K ett unikt utseende som sticker ut i butiker, medan ett brett utbud av smaker \u2013 fr\u00e5n fruktiga till isiga \u2013 garanterar n\u00e5got f\u00f6r varje kund. Kompakt och l\u00e4tt att b\u00e4ra, det \u00e4r ett m\u00e5ngsidigt val f\u00f6r daglig anv\u00e4ndning eller grossistdistribution.<\/p>\n<p data-start=\"1207\" data-end=\"1393\">F\u00f6r svenska distribut\u00f6rer \u00e4r <strong data-start=\"1238\" data-end=\"1271\">Vopk Shisha Hookah 20000 Vape<\/strong> kombinerar h\u00e5llbarhet, prestanda och <strong data-start=\"1310\" data-end=\"1343\">konkurrenskraftiga grossistpriser<\/strong>vilket g\u00f6r det till ett l\u00f6nsamt alternativ f\u00f6r bulkbest\u00e4llningar.<\/p>\n<p data-start=\"666\" data-end=\"1235\"><strong style=\"font-size: 16px;\"><span style=\"color: #ff0000;\">L\u00e4gg till Amys WhatsApp f\u00f6r att f\u00e5 r\u00e4tt svar och rabatterat pris!<\/span><\/strong><\/p>\n<p><img fetchpriority=\"high\" decoding=\"async\" class=\"size-full wp-image-2932\" src=\"https:\/\/vapestornado.com\/wp-content\/uploads\/2024\/12\/Vape-Wholesale.jpg\" alt=\"Vape Partihandel\" width=\"229\" height=\"300\" \/><\/p>\n<h3><a href=\"https:\/\/wa.me\/8617776015835\" target=\"_blank\" rel=\"noopener\"><span style=\"color: #ff0000;\"><strong>WhatsApp: +86 17776015835<\/strong><\/span><\/a><\/h3>\n<p>&nbsp;<\/p>\n<h2><strong>Vopk Shisha Hookah 20000 Vape Bar Viktiga produktegenskaper<\/strong><\/h2>\n<p>M\u00e4rke: VOPK BAR<br \/>\nPuffar: 20000 Puffar<br \/>\nL\u00e4mplig f\u00f6r: Alla&gt;18<br \/>\nKapacitet: 28 ml<br \/>\nPuffar: 20000 puffar<br \/>\nBatteri: 850mAh<br \/>\nNikotin: 0%\/2%\/3%\/5% Nikotinsalt<br \/>\nMotst\u00e5nd: 1,0 ohm mesh-spole<br \/>\nDigital display f\u00f6r e-juice och batteri<br \/>\nF\u00f6rpackning Individuell f\u00f6rpackningsl\u00e5da<\/p>\n<h2 class=\"product-title\"><strong>Vopk Shisha Hookah 20000 Eng\u00e5ngspenna Smaklista<\/strong><\/h2>\n<article class=\"w-full text-token-text-primary focus-visible:outline-2 focus-visible:outline-offset-[-4px]\" dir=\"auto\" data-testid=\"conversation-turn-32\" data-scroll-anchor=\"false\">\n<div class=\"m-auto text-base py-[18px] px-6\">\n<div class=\"mx-auto flex flex-1 text-base gap-4 md:gap-5 lg:gap-6 md:max-w-3xl lg:max-w-[40rem] xl:max-w-[48rem]\">\n<div class=\"group\/conversation-turn relative flex w-full min-w-0 flex-col @xs\/thread:px-0 @sm\/thread:px-1.5 @md\/thread:px-4\">\n<div class=\"flex-col gap-1 md:gap-3\">\n<div class=\"flex max-w-full flex-col flex-grow\">\n<div class=\"min-h-8 text-message flex w-full flex-col items-end gap-2 whitespace-normal break-words text-start [.text-message+&amp;]:mt-5\" dir=\"auto\" data-message-author-role=\"user\" data-message-id=\"ffac41ca-1db4-431b-873a-32c4052956f1\">\n<div class=\"flex w-full flex-col gap-1 empty:hidden items-end rtl:items-start\">\n<div class=\"relative max-w-[var(--user-chat-width,70%)] rounded-3xl bg-token-message-surface px-5 py-2.5\">\n<div class=\"absolute bottom-0 right-full top-0 -mr-3.5 hidden pr-5 pt-2 [.group\/conversation-turn:hover_&amp;]:flex\">\n<div class=\"flex\">\n<article class=\"w-full text-token-text-primary focus-visible:outline-2 focus-visible:outline-offset-[-4px]\" dir=\"auto\" data-testid=\"conversation-turn-39\" data-scroll-anchor=\"true\">\n<div class=\"m-auto text-base py-[18px] px-6\">\n<div class=\"mx-auto flex flex-1 text-base gap-4 md:gap-5 lg:gap-6 md:max-w-3xl lg:max-w-[40rem] xl:max-w-[48rem]\">\n<div class=\"group\/conversation-turn relative flex w-full min-w-0 flex-col agent-turn @xs\/thread:px-0 @sm\/thread:px-1.5 @md\/thread:px-4\">\n<div class=\"flex-col gap-1 md:gap-3\">\n<div class=\"flex max-w-full flex-col flex-grow\">\n<div class=\"min-h-8 text-message flex w-full flex-col items-end gap-2 whitespace-normal break-words text-start [.text-message+&amp;]:mt-5\" dir=\"auto\" data-message-author-role=\"assistant\" data-message-id=\"55a23854-ec57-48dd-bd4f-6118f43d6241\" data-message-model-slug=\"gpt-4o\">\n<div class=\"flex w-full flex-col gap-1 empty:hidden first:pt-[3px]\">\n<div class=\"markdown prose w-full break-words dark:prose-invert light\">\n<p>1.Bl\u00e5b\u00e4r p\u00e5 is<br \/>\n2. Jordgubb kiwi<br \/>\n3. Blandade b\u00e4r<br \/>\n4.Jordgubb vattenmelon<br \/>\n5. Vattenmelon is<br \/>\n6. Persika mango ananas<br \/>\n7. Bl\u00e5b\u00e4r hallon<br \/>\n8. Jordgubb hallon godis<br \/>\n9. Vattenmelon k\u00f6rsb\u00e4r<br \/>\n10. Svarta vinb\u00e4r is<\/p>\n<\/div>\n<figure id=\"attachment_3966\" aria-describedby=\"caption-attachment-3966\" style=\"width: 800px\" class=\"wp-caption alignnone\"><img decoding=\"async\" class=\"wp-image-3966 size-full\" src=\"https:\/\/vapestornado.com\/wp-content\/uploads\/2025\/03\/VOPK-Shisha-Hookah-BAR-Disposable-Vape-Wholesale.jpg\" alt=\"VOPK Shisha Hookah BAR Eng\u00e5ngsvape Partihandel\" width=\"800\" height=\"957\" srcset=\"https:\/\/vapestornado.com\/wp-content\/uploads\/2025\/03\/VOPK-Shisha-Hookah-BAR-Disposable-Vape-Wholesale.jpg 800w, https:\/\/vapestornado.com\/wp-content\/uploads\/2025\/03\/VOPK-Shisha-Hookah-BAR-Disposable-Vape-Wholesale-251x300.jpg 251w, https:\/\/vapestornado.com\/wp-content\/uploads\/2025\/03\/VOPK-Shisha-Hookah-BAR-Disposable-Vape-Wholesale-768x919.jpg 768w, https:\/\/vapestornado.com\/wp-content\/uploads\/2025\/03\/VOPK-Shisha-Hookah-BAR-Disposable-Vape-Wholesale-600x718.jpg 600w\" sizes=\"(max-width: 800px) 100vw, 800px\" \/><figcaption id=\"caption-attachment-3966\" class=\"wp-caption-text\">VOPK Shisha Hookah BAR Eng\u00e5ngsvape Partihandel<\/figcaption><\/figure>\n<\/div>\n<\/div>\n<\/div>\n<\/div>\n<\/div>\n<\/div>\n<\/div>\n<\/article>\n<\/div>\n<\/div>\n<\/div>\n<\/div>\n<\/div>\n<\/div>\n<\/div>\n<\/div>\n<\/div>\n<\/div>\n<\/article>\n<h2 data-start=\"86\" data-end=\"129\">Vopk Serie J\u00e4mf\u00f6relse (Grossistguide)<\/h2>\n<p data-start=\"131\" data-end=\"155\"><strong data-start=\"131\" data-end=\"153\">Vopk Cool Bar 9000<\/strong><\/p>\n<ul data-start=\"156\" data-end=\"462\">\n<li data-start=\"156\" data-end=\"172\">\n<p data-start=\"158\" data-end=\"172\">Puffar: 9 000<\/p>\n<\/li>\n<li data-start=\"173\" data-end=\"205\">\n<p data-start=\"175\" data-end=\"205\">Batteri: 600mAh uppladdningsbart<\/p>\n<\/li>\n<li data-start=\"206\" data-end=\"233\">\n<p data-start=\"208\" data-end=\"233\">E-v\u00e4tskekapacitet: 16 ml<\/p>\n<\/li>\n<li data-start=\"234\" data-end=\"258\">\n<p data-start=\"236\" data-end=\"258\">Spoltyp: 1.0\u03a9 Mesh<\/p>\n<\/li>\n<li data-start=\"259\" data-end=\"322\">\n<p data-start=\"261\" data-end=\"322\">Huvudfunktioner: Justerbart luftfl\u00f6de, st\u00f6der MTL<\/p>\n<\/li>\n<li data-start=\"323\" data-end=\"395\">\n<p data-start=\"325\" data-end=\"395\">M\u00e5lkunder: L\u00e4tta dagliga anv\u00e4ndare, provk\u00f6pare, sm\u00e5 butiks\u00e4gare<\/p>\n<\/li>\n<li data-start=\"396\" data-end=\"462\">\n<p data-start=\"398\" data-end=\"462\">Grossistnyckelord: 9K eng\u00e5ngsvape, vape pennkit grossist<\/p>\n<\/li>\n<\/ul>\n<hr data-start=\"464\" data-end=\"467\" \/>\n<p data-start=\"469\" data-end=\"499\"><strong data-start=\"469\" data-end=\"497\">Vopk Shisha Hookah 20000<\/strong><\/p>\n<ul data-start=\"500\" data-end=\"814\">\n<li data-start=\"500\" data-end=\"517\">\n<p data-start=\"502\" data-end=\"517\">Bloss: 20 000<\/p>\n<\/li>\n<li data-start=\"518\" data-end=\"550\">\n<p data-start=\"520\" data-end=\"550\">Batteri: 850mAh uppladdningsbart<\/p>\n<\/li>\n<li data-start=\"551\" data-end=\"578\">\n<p data-start=\"553\" data-end=\"578\">E-v\u00e4tskekapacitet: 28 ml<\/p>\n<\/li>\n<li data-start=\"579\" data-end=\"603\">\n<p data-start=\"581\" data-end=\"603\">Spoltyp: 0,6\u03a9 Mesh<\/p>\n<\/li>\n<li data-start=\"604\" data-end=\"680\">\n<p data-start=\"606\" data-end=\"680\">Huvudfunktioner: Shisha-stil design, digital display, idealisk f\u00f6r DTL-vaping<\/p>\n<\/li>\n<li data-start=\"681\" data-end=\"746\">\n<p data-start=\"683\" data-end=\"746\">M\u00e5lkunder: Hookah-entusiaster, mellanstora vapebutiker<\/p>\n<\/li>\n<li data-start=\"747\" data-end=\"814\">\n<p data-start=\"749\" data-end=\"814\">Grossistnyckelord: 20K shisha vape bar, hookah stil grossist<\/p>\n<\/li>\n<\/ul>\n<hr data-start=\"816\" data-end=\"819\" \/>\n<p data-start=\"821\" data-end=\"840\"><strong data-start=\"821\" data-end=\"838\">Vopk 60K 3-i-1<\/strong><\/p>\n<ul data-start=\"841\" data-end=\"1208\">\n<li data-start=\"841\" data-end=\"866\">\n<p data-start=\"843\" data-end=\"866\">Bloss: 60 000 (3\u00d720K)<\/p>\n<\/li>\n<li data-start=\"867\" data-end=\"899\">\n<p data-start=\"869\" data-end=\"899\">Batteri: 950mAh uppladdningsbart<\/p>\n<\/li>\n<li data-start=\"900\" data-end=\"948\">\n<p data-start=\"902\" data-end=\"948\">E-v\u00e4tskekapacitet: 3 separata tankar (20ml\u00d73)<\/p>\n<\/li>\n<li data-start=\"949\" data-end=\"973\">\n<p data-start=\"951\" data-end=\"973\">Spoltyp: Dubbel Mesh<\/p>\n<\/li>\n<li data-start=\"974\" data-end=\"1059\">\n<p data-start=\"976\" data-end=\"1059\">Huvudfunktioner: 3-smaks switchsystem, designad f\u00f6r l\u00e5ngvarig anv\u00e4ndning<\/p>\n<\/li>\n<li data-start=\"1060\" data-end=\"1135\">\n<p data-start=\"1062\" data-end=\"1135\">M\u00e5lkunder: Tunga anv\u00e4ndare, stora distribut\u00f6rer, kanaler med h\u00f6g marginal<\/p>\n<\/li>\n<li data-start=\"1136\" data-end=\"1208\">\n<p data-start=\"1138\" data-end=\"1208\">Grossistnyckelord: 60K 3in1 vape grossist, bulk uppladdningsbara vapes<\/p>\n<\/li>\n<\/ul>\n<div class=\"flex-shrink-0 flex flex-col relative items-end\">\n<div class=\"pt-0\">\n<div class=\"gizmo-bot-avatar flex h-8 w-8 items-center justify-center overflow-hidden rounded-full\">\n<div class=\"relative p-1 rounded-sm flex items-center justify-center bg-token-main-surface-primary text-token-text-primary h-8 w-8\">\n<p data-start=\"559\" data-end=\"933\" data-is-last-node=\"\" data-is-only-node=\"\">Vi har \u00e4ven andra popul\u00e4ra vapes med sk\u00e4rm som<em> <a href=\"https:\/\/vapestornado.com\/sv\/product\/mesii-couple-50k-disposable-shisha-hookah-50000-puffs-vape-with-digital-display\/\">Mesii par 50000<\/a>, <a href=\"https:\/\/vapestornado.com\/sv\/product\/vopk-ultra-40000-puffs-2-in-1-digital-screen-rechargeable-disposable-vape\/\">VOPK 40000 Puff Eng\u00e5ngs Vape<\/a>, <a href=\"https:\/\/vapestornado.com\/sv\/product\/bang-beach-22000-20k-puff-disposable-vape-pen-with-screen-reddit-hot\/\">Bang Beach 22000<\/a>,<\/em> och mer.<\/p>\n<\/div>\n<div class=\"relative p-1 rounded-sm flex items-center justify-center bg-token-main-surface-primary text-token-text-primary h-8 w-8\">\n<h3>VANLIGA FR\u00c5GOR<\/h3>\n<p><strong>1. Hur l\u00e5ng tid tar det att bli beroende av en eng\u00e5ngsvape?<\/strong><br \/>\nNikotinberoende beror p\u00e5 faktorer som anv\u00e4ndningsfrekvens, nikotinstyrka och individuell fysiologi. Eng\u00e5ngsvapes med nikotin (som\u00a0<strong>Vopk Shisha Hookah 20000 Puffs<\/strong>) kan leda till beroende vid regelbunden anv\u00e4ndning. F\u00f6r att minimera risker, \u00f6verv\u00e4g att anv\u00e4nda l\u00e4gre nikotinniv\u00e5er (0%, 2% eller 3%) eller nikotinfria alternativ. Vapa alltid ansvarsfullt.<\/p>\n<p><strong>2. Hur l\u00e5ng tid tar det att ladda en eng\u00e5ngsvape med 20000 puffar?<\/strong><br \/>\nF\u00f6r uppladdningsbara eng\u00e5ngsvapes som\u00a0<strong>Vopk Shisha Hookah 20000 Puffs<\/strong>, beror laddningstiden p\u00e5 batterikapaciteten. Med en\u00a0<strong>850mAh batteri<\/strong>\u00a0och\u00a0<strong>Typ-C-laddning<\/strong>, tar det vanligtvis cirka\u00a0<strong>60-90 minuter<\/strong>\u00a0f\u00f6r att ladda fullt. Den\u00a0<strong>digitala sk\u00e4rmdisplayen<\/strong>\u00a0kommer att visa laddningsf\u00f6rloppet, s\u00e5 att du vet n\u00e4r den \u00e4r redo.<\/p>\n<p><strong>3. F\u00e5r jag ta med en vape p\u00e5 ett flygplan i Sverige?<\/strong><br \/>\nJa, du f\u00e5r ta med en vape p\u00e5 ett flygplan i Sverige, men den m\u00e5ste placeras i ditt\u00a0<strong>handbagage<\/strong>. Vapes \u00e4r\u00a0<strong>inte till\u00e5tna i incheckat bagage<\/strong>\u00a0p\u00e5 grund av s\u00e4kerhetsf\u00f6reskrifter f\u00f6r litiumjonbatterier. Se till att enheten \u00e4r avst\u00e4ngd och f\u00f6rvaras s\u00e4kert. Kontrollera med ditt flygbolag f\u00f6r specifika riktlinjer, eftersom vissa kan ha ytterligare restriktioner.<\/p>\n<p><strong>4. Hur vet jag n\u00e4r min eng\u00e5ngsvape \u00e4r tom?<\/strong><br \/>\nDu vet att din eng\u00e5ngsvape \u00e4r tom n\u00e4r:<\/p>\n<ul>\n<li><strong>\u00c5ngproduktionen minskar:<\/strong>\u00a0Du kommer att m\u00e4rka betydligt mindre \u00e5nga n\u00e4r du inhalerar.<\/li>\n<li><strong>Br\u00e4nd smak:<\/strong>\u00a0En br\u00e4nd eller obehaglig smak indikerar att e-v\u00e4tskan \u00e4r slut.<\/li>\n<li><strong>Ingen smak:<\/strong>\u00a0Om smaken minskar eller f\u00f6rsvinner, \u00e4r det ett tecken p\u00e5 att patronen \u00e4r tom.<\/li>\n<li><strong>Sk\u00e4rmdisplay:<\/strong>\u00a0Enheter som\u00a0<strong>Vopk Shisha Hookah 20000 Puffs<\/strong>\u00a0har en\u00a0<strong>digitala sk\u00e4rmdisplayen<\/strong>\u00a0som visar e-v\u00e4tskeniv\u00e5er, vilket g\u00f6r det enkelt att \u00f6vervaka n\u00e4r enheten h\u00e5ller p\u00e5 att ta slut.<\/li>\n<\/ul>\n<p>N\u00e4r enheten slutar producera \u00e5nga eller smaken \u00e4r borta \u00e4r det dags att kassera den p\u00e5 ett ansvarsfullt s\u00e4tt.<\/p>\n<\/div>\n<\/div>\n<\/div>\n<\/div>","protected":false},"excerpt":{"rendered":"<p data-start=\"1433\" data-end=\"1606\">Den <strong data-start=\"1437\" data-end=\"1480\">Vopk Shisha Hookah 20000 Puffar Vape Bar<\/strong> levererar DTL-\u00e5nga, 28 ml e-v\u00e4tska och en digital sk\u00e4rm. Ett stilrent, uppladdningsbart alternativ f\u00f6r <strong data-start=\"1573\" data-end=\"1603\">grossistk\u00f6pare i Europa<\/strong>.<\/p>\n<p><strong>L\u00e4gg till Amys whatsapp f\u00f6r att f\u00e5 r\u00e4tt svar och rabatterat pris!<\/strong><\/p>\n<p><img fetchpriority=\"high\" decoding=\"async\" class=\"size-full wp-image-2932\" src=\"https:\/\/vapestornado.com\/wp-content\/uploads\/2024\/12\/Vape-Wholesale.jpg\" alt=\"Vape Partihandel\" width=\"229\" height=\"300\" \/><\/p>\n<h3><a href=\"https:\/\/wa.me\/8617776015835\"><span style=\"color: #ff0000;\"><strong>WhatsApp: +86 17776015835<\/strong><\/span><\/a><\/h3>\n<p>&nbsp;<\/p>","protected":false},"featured_media":3965,"comment_status":"open","ping_status":"closed","template":"","meta":{"_acf_changed":false,"_uag_custom_page_level_css":"","_lmt_disableupdate":"no","_lmt_disable":"","_monsterinsights_skip_tracking":false,"_monsterinsights_sitenote_active":false,"_monsterinsights_sitenote_note":"","_monsterinsights_sitenote_category":0,"site-sidebar-layout":"default","site-content-layout":"","ast-site-content-layout":"default","site-content-style":"default","site-sidebar-style":"default","ast-global-header-display":"","ast-banner-title-visibility":"","ast-main-header-display":"","ast-hfb-above-header-display":"","ast-hfb-below-header-display":"","ast-hfb-mobile-header-display":"","site-post-title":"","ast-breadcrumbs-content":"","ast-featured-img":"","footer-sml-layout":"","ast-disable-related-posts":"","theme-transparent-header-meta":"default","adv-header-id-meta":"","stick-header-meta":"","header-above-stick-meta":"","header-main-stick-meta":"","header-below-stick-meta":"","astra-migrate-meta-layouts":"set","ast-page-background-enabled":"default","ast-page-background-meta":{"desktop":{"background-color":"","background-image":"","background-repeat":"repeat","background-position":"center center","background-size":"auto","background-attachment":"scroll","background-type":"","background-media":"","overlay-type":"","overlay-color":"","overlay-opacity":"","overlay-gradient":""},"tablet":{"background-color":"","background-image":"","background-repeat":"repeat","background-position":"center center","background-size":"auto","background-attachment":"scroll","background-type":"","background-media":"","overlay-type":"","overlay-color":"","overlay-opacity":"","overlay-gradient":""},"mobile":{"background-color":"","background-image":"","background-repeat":"repeat","background-position":"center center","background-size":"auto","background-attachment":"scroll","background-type":"","background-media":"","overlay-type":"","overlay-color":"","overlay-opacity":"","overlay-gradient":""}},"ast-content-background-meta":{"desktop":{"background-color":"var(--ast-global-color-5)","background-image":"","background-repeat":"repeat","background-position":"center center","background-size":"auto","background-attachment":"scroll","background-type":"","background-media":"","overlay-type":"","overlay-color":"","overlay-opacity":"","overlay-gradient":""},"tablet":{"background-color":"var(--ast-global-color-5)","background-image":"","background-repeat":"repeat","background-position":"center center","background-size":"auto","background-attachment":"scroll","background-type":"","background-media":"","overlay-type":"","overlay-color":"","overlay-opacity":"","overlay-gradient":""},"mobile":{"background-color":"var(--ast-global-color-5)","background-image":"","background-repeat":"repeat","background-position":"center center","background-size":"auto","background-attachment":"scroll","background-type":"","background-media":"","overlay-type":"","overlay-color":"","overlay-opacity":"","overlay-gradient":""}},"_joinchat":{"telephone":"17776015835"}},"product_brand":[],"product_cat":[69,152,158,142,147,290],"product_tag":[165,291,287,94,292],"class_list":{"0":"post-3974","1":"product","2":"type-product","3":"status-publish","4":"has-post-thumbnail","6":"product_cat-20000-puff","7":"product_cat-buy-disposable-vapes-in-cermany","8":"product_cat-buy-disposable-vapes-in-spain","9":"product_cat-digital-box-disposable-vapes","10":"product_cat-shisha-hookah-disposable-vapes","11":"product_cat-vopk-vape","12":"product_tag-cheap-vapes","13":"product_tag-disposable-shisha-hookah","14":"product_tag-disposable-vape-pen","15":"product_tag-rechargeable-disposable-vape","16":"product_tag-vopk-shisha-bar-20000","17":"desktop-align-left","18":"tablet-align-left","19":"mobile-align-left","21":"first","22":"instock","23":"sale","24":"shipping-taxable","25":"purchasable","26":"product-type-simple"},"acf":[],"uagb_featured_image_src":{"full":["https:\/\/vapestornado.com\/wp-content\/uploads\/2025\/03\/VOPK-Shisha-Hookah-Bar-20000-Puffs.png",800,800,false],"thumbnail":["https:\/\/vapestornado.com\/wp-content\/uploads\/2025\/03\/VOPK-Shisha-Hookah-Bar-20000-Puffs-150x150.png",150,150,true],"medium":["https:\/\/vapestornado.com\/wp-content\/uploads\/2025\/03\/VOPK-Shisha-Hookah-Bar-20000-Puffs-300x300.png",300,300,true],"medium_large":["https:\/\/vapestornado.com\/wp-content\/uploads\/2025\/03\/VOPK-Shisha-Hookah-Bar-20000-Puffs-768x768.png",768,768,true],"large":["https:\/\/vapestornado.com\/wp-content\/uploads\/2025\/03\/VOPK-Shisha-Hookah-Bar-20000-Puffs.png",800,800,false],"1536x1536":["https:\/\/vapestornado.com\/wp-content\/uploads\/2025\/03\/VOPK-Shisha-Hookah-Bar-20000-Puffs.png",800,800,false],"2048x2048":["https:\/\/vapestornado.com\/wp-content\/uploads\/2025\/03\/VOPK-Shisha-Hookah-Bar-20000-Puffs.png",800,800,false],"trp-custom-language-flag":["https:\/\/vapestornado.com\/wp-content\/uploads\/2025\/03\/VOPK-Shisha-Hookah-Bar-20000-Puffs.png",12,12,false],"woocommerce_thumbnail":["https:\/\/vapestornado.com\/wp-content\/uploads\/2025\/03\/VOPK-Shisha-Hookah-Bar-20000-Puffs-300x300.png",300,300,true],"woocommerce_single":["https:\/\/vapestornado.com\/wp-content\/uploads\/2025\/03\/VOPK-Shisha-Hookah-Bar-20000-Puffs-600x600.png",600,600,true],"woocommerce_gallery_thumbnail":["https:\/\/vapestornado.com\/wp-content\/uploads\/2025\/03\/VOPK-Shisha-Hookah-Bar-20000-Puffs-100x100.png",100,100,true]},"uagb_author_info":{"display_name":"ESAMY","author_link":"https:\/\/vapestornado.com\/sv\/author\/"},"uagb_comment_info":0,"uagb_excerpt":"The Vopk Shisha Hookah 20000 Puffs Vape Bar delivers DTL vapor, 28ml e-liquid, and a digital screen. A stylish, rechargeable option for wholesale buyers in Europe. Add Amy's whatsapp to get right reply and discount price! WhatsApp: +86 17776015835 &nbsp;","_links":{"self":[{"href":"https:\/\/vapestornado.com\/sv\/wp-json\/wp\/v2\/product\/3974","targetHints":{"allow":["GET"]}}],"collection":[{"href":"https:\/\/vapestornado.com\/sv\/wp-json\/wp\/v2\/product"}],"about":[{"href":"https:\/\/vapestornado.com\/sv\/wp-json\/wp\/v2\/types\/product"}],"replies":[{"embeddable":true,"href":"https:\/\/vapestornado.com\/sv\/wp-json\/wp\/v2\/comments?post=3974"}],"wp:featuredmedia":[{"embeddable":true,"href":"https:\/\/vapestornado.com\/sv\/wp-json\/wp\/v2\/media\/3965"}],"wp:attachment":[{"href":"https:\/\/vapestornado.com\/sv\/wp-json\/wp\/v2\/media?parent=3974"}],"wp:term":[{"taxonomy":"product_brand","embeddable":true,"href":"https:\/\/vapestornado.com\/sv\/wp-json\/wp\/v2\/product_brand?post=3974"},{"taxonomy":"product_cat","embeddable":true,"href":"https:\/\/vapestornado.com\/sv\/wp-json\/wp\/v2\/product_cat?post=3974"},{"taxonomy":"product_tag","embeddable":true,"href":"https:\/\/vapestornado.com\/sv\/wp-json\/wp\/v2\/product_tag?post=3974"}],"curies":[{"name":"wp","href":"https:\/\/api.w.org\/{rel}","templated":true}]}}