{"id":3952,"date":"2025-03-22T07:37:46","date_gmt":"2025-03-22T07:37:46","guid":{"rendered":"https:\/\/vapestornado.com\/?post_type=product&#038;p=3952"},"modified":"2025-08-23T12:36:01","modified_gmt":"2025-08-23T12:36:01","slug":"mesii-couple-50k-disposable-shisha-hookah-50000-puffs-vape-with-digital-display","status":"publish","type":"product","link":"https:\/\/vapestornado.com\/sv\/product\/mesii-couple-50k-disposable-shisha-hookah-50000-puffs-vape-with-digital-display\/","title":{"rendered":"Mesii Couple 50k Eng\u00e5ngs Shisha Vattenpipa 50000 Bloss Vape med Digital Display"},"content":{"rendered":"<h1 data-pm-slice=\"1 1 []\">Mesii Couple 50k Eng\u00e5ngs Shisha Vattenpipa 50000 Bloss Vape med Digital Display<\/h1>\n<p>Den <strong data-start=\"337\" data-end=\"387\">Mesii Couple 50k Eng\u00e5ngs Shisha Hookah Vape<\/strong> \u00e4r byggd f\u00f6r vejpare som vill ha b\u00e5de variation och uth\u00e5llighet i en elegant enhet. Erbjuder upp till <strong data-start=\"480\" data-end=\"496\">50 000 puffar<\/strong>, denna shisha vape med h\u00f6g kapacitet kommer med en <strong data-start=\"542\" data-end=\"575\">40 ml f\u00f6rfylld e-v\u00e4tskebeh\u00e5llare<\/strong> och en stark <strong data-start=\"589\" data-end=\"620\">800mAh uppladdningsbart batteri<\/strong> med Type-C-laddning f\u00f6r p\u00e5litliga, l\u00e5ngvariga sessioner.<\/p>\n<p>Med en <strong data-start=\"700\" data-end=\"719\">digital display<\/strong>, anv\u00e4ndare kan enkelt sp\u00e5ra e-v\u00e4tskeniv\u00e5er och batteritid, medan den avancerade <strong data-start=\"797\" data-end=\"821\">mesh coil-teknologi<\/strong> levererar mjuk \u00e5nga och konsekvent rik smak. Med <strong data-start=\"879\" data-end=\"921\">nikotinalternativ p\u00e5 0%, 2%, 3% och 5%<\/strong>, passar den alla preferenser \u2013 fr\u00e5n l\u00e4tta anv\u00e4ndare till tunga vejpare.<\/p>\n<p>V\u00e4lj fr\u00e5n <strong data-start=\"1003\" data-end=\"1043\">10 sp\u00e4nnande smakkombinationer med dubbla smaker<\/strong>, som Watermelon Ice<\/p>\n<p data-start=\"666\" data-end=\"1235\"><strong style=\"font-size: 16px;\"><span style=\"color: #ff0000;\">L\u00e4gg till Amys WhatsApp f\u00f6r att f\u00e5 r\u00e4tt svar och rabatterat pris!<\/span><\/strong><\/p>\n<p><img fetchpriority=\"high\" decoding=\"async\" class=\"size-full wp-image-2932\" src=\"https:\/\/vapestornado.com\/wp-content\/uploads\/2024\/12\/Vape-Wholesale.jpg\" alt=\"Vape Partihandel\" width=\"229\" height=\"300\" \/><\/p>\n<h3><a href=\"https:\/\/wa.me\/8617776015835\" target=\"_blank\" rel=\"noopener\"><span style=\"color: #ff0000;\"><strong>WhatsApp: +86 17776015835<\/strong><\/span><\/a><\/h3>\n<p>&nbsp;<\/p>\n<h2><strong>Mesii Couple 50k Eng\u00e5ngs Shisha Vattenpipa Viktiga Produktfunktioner<\/strong><\/h2>\n<p>M\u00e4rke: Mesii<br \/>\nBloss: 50000 bloss<br \/>\nNikotinsalt 0% 2% 3% 5%<br \/>\nKapacitet: 40ml<br \/>\nMesh-spole<br \/>\nBatteri: 800mah Uppladdningsbart<br \/>\nDigital Display<\/p>\n<p>&nbsp;<\/p>\n<figure id=\"attachment_3951\" aria-describedby=\"caption-attachment-3951\" style=\"width: 800px\" class=\"wp-caption alignnone\"><img decoding=\"async\" class=\"wp-image-3951 size-full\" src=\"https:\/\/vapestornado.com\/wp-content\/uploads\/2025\/03\/Original-Mesii-Shisha-Couple-50k-Disposable-Vape-50000-Puffs.webp\" alt=\"Original Mesii Shisha Couple 50k Eng\u00e5ngs Vape 50000 Puffar\" width=\"800\" height=\"800\" srcset=\"https:\/\/vapestornado.com\/wp-content\/uploads\/2025\/03\/Original-Mesii-Shisha-Couple-50k-Disposable-Vape-50000-Puffs.webp 800w, https:\/\/vapestornado.com\/wp-content\/uploads\/2025\/03\/Original-Mesii-Shisha-Couple-50k-Disposable-Vape-50000-Puffs-300x300.webp 300w, https:\/\/vapestornado.com\/wp-content\/uploads\/2025\/03\/Original-Mesii-Shisha-Couple-50k-Disposable-Vape-50000-Puffs-150x150.webp 150w, https:\/\/vapestornado.com\/wp-content\/uploads\/2025\/03\/Original-Mesii-Shisha-Couple-50k-Disposable-Vape-50000-Puffs-768x768.webp 768w, https:\/\/vapestornado.com\/wp-content\/uploads\/2025\/03\/Original-Mesii-Shisha-Couple-50k-Disposable-Vape-50000-Puffs-600x600.webp 600w, https:\/\/vapestornado.com\/wp-content\/uploads\/2025\/03\/Original-Mesii-Shisha-Couple-50k-Disposable-Vape-50000-Puffs-100x100.webp 100w\" sizes=\"(max-width: 800px) 100vw, 800px\" \/><figcaption id=\"caption-attachment-3951\" class=\"wp-caption-text\">Original Mesii Shisha Couple 50k Eng\u00e5ngs Vape 50000 Puffar<\/figcaption><\/figure>\n<h2 class=\"product-title\"><strong>Mesii Couple 50k Eng\u00e5ngs Shisha Smaklista<\/strong><\/h2>\n<article class=\"w-full text-token-text-primary focus-visible:outline-2 focus-visible:outline-offset-[-4px]\" dir=\"auto\" data-testid=\"conversation-turn-32\" data-scroll-anchor=\"false\">\n<div class=\"m-auto text-base py-[18px] px-6\">\n<div class=\"mx-auto flex flex-1 text-base gap-4 md:gap-5 lg:gap-6 md:max-w-3xl lg:max-w-[40rem] xl:max-w-[48rem]\">\n<div class=\"group\/conversation-turn relative flex w-full min-w-0 flex-col @xs\/thread:px-0 @sm\/thread:px-1.5 @md\/thread:px-4\">\n<div class=\"flex-col gap-1 md:gap-3\">\n<div class=\"flex max-w-full flex-col flex-grow\">\n<div class=\"min-h-8 text-message flex w-full flex-col items-end gap-2 whitespace-normal break-words text-start [.text-message+&amp;]:mt-5\" dir=\"auto\" data-message-author-role=\"user\" data-message-id=\"ffac41ca-1db4-431b-873a-32c4052956f1\">\n<div class=\"flex w-full flex-col gap-1 empty:hidden items-end rtl:items-start\">\n<div class=\"relative max-w-[var(--user-chat-width,70%)] rounded-3xl bg-token-message-surface px-5 py-2.5\">\n<div class=\"absolute bottom-0 right-full top-0 -mr-3.5 hidden pr-5 pt-2 [.group\/conversation-turn:hover_&amp;]:flex\">\n<div class=\"flex\">\n<article class=\"w-full text-token-text-primary focus-visible:outline-2 focus-visible:outline-offset-[-4px]\" dir=\"auto\" data-testid=\"conversation-turn-39\" data-scroll-anchor=\"true\">\n<div class=\"m-auto text-base py-[18px] px-6\">\n<div class=\"mx-auto flex flex-1 text-base gap-4 md:gap-5 lg:gap-6 md:max-w-3xl lg:max-w-[40rem] xl:max-w-[48rem]\">\n<div class=\"group\/conversation-turn relative flex w-full min-w-0 flex-col agent-turn @xs\/thread:px-0 @sm\/thread:px-1.5 @md\/thread:px-4\">\n<div class=\"flex-col gap-1 md:gap-3\">\n<div class=\"flex max-w-full flex-col flex-grow\">\n<div class=\"min-h-8 text-message flex w-full flex-col items-end gap-2 whitespace-normal break-words text-start [.text-message+&amp;]:mt-5\" dir=\"auto\" data-message-author-role=\"assistant\" data-message-id=\"55a23854-ec57-48dd-bd4f-6118f43d6241\" data-message-model-slug=\"gpt-4o\">\n<div class=\"flex w-full flex-col gap-1 empty:hidden first:pt-[3px]\">\n<div class=\"markdown prose w-full break-words dark:prose-invert light\">\n<p>1. Vattenmelon Is<br \/>\n2. Lime Mint<br \/>\n3. Bl\u00e5b\u00e4r Is<br \/>\n4. Saftig Persika<br \/>\n5. Red Bull<br \/>\n6. Bl\u00e5 Hallon Is<br \/>\n7. K\u00f6rsb\u00e4r Is<br \/>\n8. Dubbel \u00c4pple Is<br \/>\n9. Druv Is<br \/>\n10. Blandade B\u00e4r<\/p>\n<\/div>\n<\/div>\n<\/div>\n<\/div>\n<\/div>\n<\/div>\n<\/div>\n<\/div>\n<\/article>\n<\/div>\n<\/div>\n<\/div>\n<\/div>\n<\/div>\n<\/div>\n<\/div>\n<\/div>\n<\/div>\n<\/div>\n<\/article>\n<h2>Varf\u00f6r v\u00e4lja Vapestornado f\u00f6r Mesii Couple 50000 eng\u00e5ngs Shisha vattenpipa i bulk?<\/h2>\n<div class=\"flex-shrink-0 flex flex-col relative items-end\">\n<div class=\"pt-0\">\n<div class=\"gizmo-bot-avatar flex h-8 w-8 items-center justify-center overflow-hidden rounded-full\">\n<div class=\"relative p-1 rounded-sm flex items-center justify-center bg-token-main-surface-primary text-token-text-primary h-8 w-8\">\n<p data-start=\"88\" data-end=\"557\">N\u00e4r det g\u00e4ller <strong data-start=\"105\" data-end=\"154\">\u00a0ink\u00f6p av h\u00f6gkvalitativa eng\u00e5ngsvapes<\/strong>, <strong data-start=\"156\" data-end=\"172\">Vapestornado<\/strong> \u00e4r den b\u00e4sta k\u00e4llan f\u00f6r oslagbara <strong data-start=\"208\" data-end=\"271\">fabrikspriser, snabb frakt och f\u00f6rstklassig kundservice<\/strong>Att k\u00f6pa Mesii Couple 50k eng\u00e5ngs Shisha vattenpipa fr\u00e5n Vapestornado inneb\u00e4r att du f\u00e5r <strong data-start=\"363\" data-end=\"400\">\u00e4kta, 100% originalprodukter<\/strong> med den senaste <strong data-start=\"417\" data-end=\"515\">digital display-teknik, uppladdningsbar Type-C bekv\u00e4mlighet och en massiv 32000 puff kapacitet<\/strong>\u2014allt till de <strong data-start=\"527\" data-end=\"554\">l\u00e4gsta grossistpriserna<\/strong>.<\/p>\n<p data-start=\"559\" data-end=\"933\" data-is-last-node=\"\" data-is-only-node=\"\">Vi har \u00e4ven andra popul\u00e4ra vapes med sk\u00e4rm som <a href=\"https:\/\/vapestornado.com\/sv\/product\/bang-leader-50000-puffs-50k-2-in-1-double-flavor-digital-disposable-vape-bulk-price\/\">BANG Ledare 50000<\/a>, <a href=\"https:\/\/vapestornado.com\/sv\/product\/vopk-ultra-40000-puffs-2-in-1-digital-screen-rechargeable-disposable-vape\/\">VOPK 40000 Puff Eng\u00e5ngs Vape<\/a>, <a href=\"https:\/\/vapestornado.com\/sv\/product\/vozol-gear-shisha-25k-25000-puffs-best-dtl-disposable-vape-hookah-cheap-price\/\">Vozol Gear Shisha 25000<\/a>, och mer.<\/p>\n<\/div>\n<div class=\"relative p-1 rounded-sm flex items-center justify-center bg-token-main-surface-primary text-token-text-primary h-8 w-8\">\n<h2>VANLIGA FR\u00c5GOR<\/h2>\n<p><strong>1. Hur l\u00e4nge r\u00e4cker Mesii Couple 50K?<\/strong><br \/>\nMed\u00a0<strong>50000 bloss<\/strong>\u00a0och en\u00a0<strong>40ml e-v\u00e4tskekapacitet<\/strong>Mesii Couple kan r\u00e4cka i veckor, beroende p\u00e5 din anv\u00e4ndning. Den\u00a0<strong>800mAh uppladdningsbart batteri<\/strong>\u00a0ser till att du f\u00e5r ut det mesta av varje session.<\/p>\n<p><strong>2. Kan jag justera nikotinstyrkan?<\/strong><br \/>\nJa! Mesii Couple erbjuder\u00a0<strong>Is<\/strong>, vilket g\u00f6r att du kan v\u00e4lja mellan 0%, 2%, 3% eller 5% nikotinniv\u00e5er f\u00f6r att passa dina preferenser.<\/p>\n<p><strong>3. \u00c4r Mesii Couple l\u00e4tt att anv\u00e4nda?<\/strong><br \/>\nAbsolut! Mesii Couple \u00e4r designad f\u00f6r enkelhet. Bara packa upp, puffa och njut. Den\u00a0<strong>digital display<\/strong>\u00a0g\u00f6r det enkelt att \u00f6vervaka batteri- och e-v\u00e4tskeniv\u00e5er, s\u00e5 du vet alltid n\u00e4r det \u00e4r dags att ladda eller byta ut.<\/p>\n<p><strong>4. Kan jag ladda Mesii Couple?<\/strong><br \/>\nJa, Mesii Couple har en\u00a0<strong>800mAh uppladdningsbart batteri<\/strong>, s\u00e5 att du kan njuta av varje sista bloss utan att sl\u00f6sa en droppe e-v\u00e4tska.<\/p>\n<\/div>\n<\/div>\n<\/div>\n<\/div>","protected":false},"excerpt":{"rendered":"<p>Mesii Couple 50k 50000 Puff Eng\u00e5ngs Vape Grossistpris<br \/>\nMesii Couple 50k Eng\u00e5ngs Shisha Vape B\u00e4sta Erbjudande i Nederl\u00e4nderna<br \/>\nMesii Couple 50000 Puff Eng\u00e5ngs Shisha L\u00e5gt Pris K\u00f6p online<\/p>\n<p><strong>L\u00e4gg till Amys whatsapp f\u00f6r att f\u00e5 r\u00e4tt svar och rabatterat pris!<\/strong><\/p>\n<p><img fetchpriority=\"high\" decoding=\"async\" class=\"size-full wp-image-2932\" src=\"https:\/\/vapestornado.com\/wp-content\/uploads\/2024\/12\/Vape-Wholesale.jpg\" alt=\"Vape Partihandel\" width=\"229\" height=\"300\" \/><\/p>\n<h3><a href=\"https:\/\/wa.me\/8617776015835\"><span style=\"color: #ff0000;\"><strong>WhatsApp: +86 17776015835<\/strong><\/span><\/a><\/h3>\n<p>&nbsp;<\/p>","protected":false},"featured_media":3949,"comment_status":"open","ping_status":"closed","template":"","meta":{"_acf_changed":false,"_uag_custom_page_level_css":"","_lmt_disableupdate":"no","_lmt_disable":"","_monsterinsights_skip_tracking":false,"_monsterinsights_sitenote_active":false,"_monsterinsights_sitenote_note":"","_monsterinsights_sitenote_category":0,"site-sidebar-layout":"default","site-content-layout":"","ast-site-content-layout":"default","site-content-style":"default","site-sidebar-style":"default","ast-global-header-display":"","ast-banner-title-visibility":"","ast-main-header-display":"","ast-hfb-above-header-display":"","ast-hfb-below-header-display":"","ast-hfb-mobile-header-display":"","site-post-title":"","ast-breadcrumbs-content":"","ast-featured-img":"","footer-sml-layout":"","ast-disable-related-posts":"","theme-transparent-header-meta":"default","adv-header-id-meta":"","stick-header-meta":"","header-above-stick-meta":"","header-main-stick-meta":"","header-below-stick-meta":"","astra-migrate-meta-layouts":"set","ast-page-background-enabled":"default","ast-page-background-meta":{"desktop":{"background-color":"","background-image":"","background-repeat":"repeat","background-position":"center center","background-size":"auto","background-attachment":"scroll","background-type":"","background-media":"","overlay-type":"","overlay-color":"","overlay-opacity":"","overlay-gradient":""},"tablet":{"background-color":"","background-image":"","background-repeat":"repeat","background-position":"center center","background-size":"auto","background-attachment":"scroll","background-type":"","background-media":"","overlay-type":"","overlay-color":"","overlay-opacity":"","overlay-gradient":""},"mobile":{"background-color":"","background-image":"","background-repeat":"repeat","background-position":"center center","background-size":"auto","background-attachment":"scroll","background-type":"","background-media":"","overlay-type":"","overlay-color":"","overlay-opacity":"","overlay-gradient":""}},"ast-content-background-meta":{"desktop":{"background-color":"var(--ast-global-color-5)","background-image":"","background-repeat":"repeat","background-position":"center center","background-size":"auto","background-attachment":"scroll","background-type":"","background-media":"","overlay-type":"","overlay-color":"","overlay-opacity":"","overlay-gradient":""},"tablet":{"background-color":"var(--ast-global-color-5)","background-image":"","background-repeat":"repeat","background-position":"center center","background-size":"auto","background-attachment":"scroll","background-type":"","background-media":"","overlay-type":"","overlay-color":"","overlay-opacity":"","overlay-gradient":""},"mobile":{"background-color":"var(--ast-global-color-5)","background-image":"","background-repeat":"repeat","background-position":"center center","background-size":"auto","background-attachment":"scroll","background-type":"","background-media":"","overlay-type":"","overlay-color":"","overlay-opacity":"","overlay-gradient":""}},"_joinchat":{"telephone":"17776015835"}},"product_brand":[],"product_cat":[192,151,157,142,277],"product_tag":[105,285,284,94,269],"class_list":{"0":"post-3952","1":"product","2":"type-product","3":"status-publish","4":"has-post-thumbnail","6":"product_cat-50000-puff","7":"product_cat-buy-disposable-vapes-in-france","8":"product_cat-buy-disposable-vapes-in-portugal","9":"product_cat-digital-box-disposable-vapes","10":"product_cat-mesii-vape","11":"product_tag-digital-disposable-vape","12":"product_tag-display-shisha-hookah","13":"product_tag-disposable-shisha","14":"product_tag-rechargeable-disposable-vape","15":"product_tag-vape-with-screen","16":"desktop-align-left","17":"tablet-align-left","18":"mobile-align-left","20":"first","21":"instock","22":"sale","23":"shipping-taxable","24":"purchasable","25":"product-type-simple"},"acf":[],"uagb_featured_image_src":{"full":["https:\/\/vapestornado.com\/wp-content\/uploads\/2025\/03\/Mesii-Shisha-Couple-50000-Puff-Disposable-Vape.webp",800,800,false],"thumbnail":["https:\/\/vapestornado.com\/wp-content\/uploads\/2025\/03\/Mesii-Shisha-Couple-50000-Puff-Disposable-Vape-150x150.webp",150,150,true],"medium":["https:\/\/vapestornado.com\/wp-content\/uploads\/2025\/03\/Mesii-Shisha-Couple-50000-Puff-Disposable-Vape-300x300.webp",300,300,true],"medium_large":["https:\/\/vapestornado.com\/wp-content\/uploads\/2025\/03\/Mesii-Shisha-Couple-50000-Puff-Disposable-Vape-768x768.webp",768,768,true],"large":["https:\/\/vapestornado.com\/wp-content\/uploads\/2025\/03\/Mesii-Shisha-Couple-50000-Puff-Disposable-Vape.webp",800,800,false],"1536x1536":["https:\/\/vapestornado.com\/wp-content\/uploads\/2025\/03\/Mesii-Shisha-Couple-50000-Puff-Disposable-Vape.webp",800,800,false],"2048x2048":["https:\/\/vapestornado.com\/wp-content\/uploads\/2025\/03\/Mesii-Shisha-Couple-50000-Puff-Disposable-Vape.webp",800,800,false],"trp-custom-language-flag":["https:\/\/vapestornado.com\/wp-content\/uploads\/2025\/03\/Mesii-Shisha-Couple-50000-Puff-Disposable-Vape.webp",12,12,false],"woocommerce_thumbnail":["https:\/\/vapestornado.com\/wp-content\/uploads\/2025\/03\/Mesii-Shisha-Couple-50000-Puff-Disposable-Vape-300x300.webp",300,300,true],"woocommerce_single":["https:\/\/vapestornado.com\/wp-content\/uploads\/2025\/03\/Mesii-Shisha-Couple-50000-Puff-Disposable-Vape-600x600.webp",600,600,true],"woocommerce_gallery_thumbnail":["https:\/\/vapestornado.com\/wp-content\/uploads\/2025\/03\/Mesii-Shisha-Couple-50000-Puff-Disposable-Vape-100x100.webp",100,100,true]},"uagb_author_info":{"display_name":"ESAMY","author_link":"https:\/\/vapestornado.com\/sv\/author\/"},"uagb_comment_info":0,"uagb_excerpt":"Mesii Couple 50k 50000 Puffs Disposable Screen Vape Wholesale Price Mesii Couple 50k Disposable Shisha Vape Best Deal in Netherlands Mesii Couple 50000 Puff\u00a0 Disposable Shisha Low\u00a0Price Buy online Add Amy's whatsapp to get right reply and discount price! WhatsApp: +86 17776015835 &nbsp;","_links":{"self":[{"href":"https:\/\/vapestornado.com\/sv\/wp-json\/wp\/v2\/product\/3952","targetHints":{"allow":["GET"]}}],"collection":[{"href":"https:\/\/vapestornado.com\/sv\/wp-json\/wp\/v2\/product"}],"about":[{"href":"https:\/\/vapestornado.com\/sv\/wp-json\/wp\/v2\/types\/product"}],"replies":[{"embeddable":true,"href":"https:\/\/vapestornado.com\/sv\/wp-json\/wp\/v2\/comments?post=3952"}],"wp:featuredmedia":[{"embeddable":true,"href":"https:\/\/vapestornado.com\/sv\/wp-json\/wp\/v2\/media\/3949"}],"wp:attachment":[{"href":"https:\/\/vapestornado.com\/sv\/wp-json\/wp\/v2\/media?parent=3952"}],"wp:term":[{"taxonomy":"product_brand","embeddable":true,"href":"https:\/\/vapestornado.com\/sv\/wp-json\/wp\/v2\/product_brand?post=3952"},{"taxonomy":"product_cat","embeddable":true,"href":"https:\/\/vapestornado.com\/sv\/wp-json\/wp\/v2\/product_cat?post=3952"},{"taxonomy":"product_tag","embeddable":true,"href":"https:\/\/vapestornado.com\/sv\/wp-json\/wp\/v2\/product_tag?post=3952"}],"curies":[{"name":"wp","href":"https:\/\/api.w.org\/{rel}","templated":true}]}}