{"id":3932,"date":"2025-03-21T07:53:01","date_gmt":"2025-03-21T07:53:01","guid":{"rendered":"https:\/\/vapestornado.com\/?post_type=product&#038;p=3932"},"modified":"2025-12-04T07:38:02","modified_gmt":"2025-12-04T07:38:02","slug":"uwin-twins-crystal-40000-40k-puff-double-taste-best-disposable-vapes-2025","status":"publish","type":"product","link":"https:\/\/vapestornado.com\/sv\/product\/uwin-twins-crystal-40000-40k-puff-double-taste-best-disposable-vapes-2025\/","title":{"rendered":"Uwin Twins Crystal 40000 40k Bloss Dubbelsmak B\u00e4sta Eng\u00e5ngs Vape 2025"},"content":{"rendered":"<h2 data-pm-slice=\"1 1 []\">Uwin Twins Crystal 40000 Puff eng\u00e5ngs vape Dual smak, Smart Sk\u00e4rm, Typ-C Uppladdning<\/h2>\n<p data-start=\"395\" data-end=\"690\"><span data-start=\"409\" data-end=\"458\">Vill du ha en h\u00f6gkvalitativ <\/span><strong data-start=\"409\" data-end=\"458\">40000 Puff eng\u00e5ngsvape<\/strong> som varar i veckor och inte blir tr\u00e5kig halvv\u00e4gs? Den <strong data-start=\"524\" data-end=\"573\">Uwin Twins Crystal 40000 Puff Eng\u00e5ngs Vape<\/strong> \u00e4r byggd f\u00f6r vejpare som vill ha <strong data-start=\"603\" data-end=\"623\">seri\u00f6sa livsl\u00e4ngden<\/strong> plus <strong data-start=\"629\" data-end=\"652\">riktig smakvariation<\/strong> i en ren, premium-liknande enhet.<\/p>\n<h3 data-start=\"692\" data-end=\"734\">Varf\u00f6r den h\u00e4r 40K Puff-enheten \u00e4r v\u00e4rd det<\/h3>\n<p data-start=\"735\" data-end=\"1079\"><strong data-start=\"735\" data-end=\"770\">1) \u00c4kta h\u00f6gkapacitets l\u00e5ngvarighet<\/strong><br data-start=\"770\" data-end=\"773\" \/>Med <strong data-start=\"778\" data-end=\"800\">upp till 40 000 puffar<\/strong>, detta \u00e4r en toppklass <strong data-start=\"821\" data-end=\"851\">eng\u00e5ngs vape<\/strong> designad f\u00f6r l\u00e5ngsiktig anv\u00e4ndning. J\u00e4mf\u00f6rt med 10k\u201320k modeller minskar den dramatiskt antalet byten, vilket g\u00f6r den till ett sj\u00e4lvklart val f\u00f6r alla som s\u00f6ker den <strong data-start=\"1004\" data-end=\"1026\">b\u00e4sta <\/strong><strong data-start=\"1032\" data-end=\"1071\">l\u00e4ngst varande eng\u00e5ngsvape 40k<\/strong> alternativet.<\/p>\n<p data-start=\"1081\" data-end=\"1493\"><strong data-start=\"1081\" data-end=\"1131\">2) Dubbel smakv\u00e4xling (2-i-1 Dubbel Smak)<\/strong><br data-start=\"1131\" data-end=\"1134\" \/>Detta \u00e4r en <strong data-start=\"1144\" data-end=\"1187\">Uwin Twins Crystal 40K dubbel smak vape<\/strong> med ett 2-i-1 dubbel smakssystem. Du kan v\u00e4xla mellan tv\u00e5 smaker n\u00e4r du vill \u2014 perfekt f\u00f6r anv\u00e4ndare som l\u00e4ngtar efter variation under hela dagen utan att b\u00e4ra tv\u00e5 enheter. Om du har letat efter en <strong data-start=\"1397\" data-end=\"1442\">eng\u00e5ngsvape med dubbel smak<\/strong>, \u00e4r denna enhet speciellt utformad f\u00f6r den upplevelsen.<\/p>\n<p data-start=\"1495\" data-end=\"1815\"><strong data-start=\"1495\" data-end=\"1543\">3) Konstant smak fr\u00e5n f\u00f6rsta puff till sista<\/strong><br data-start=\"1543\" data-end=\"1546\" \/>L\u00e5ngvariga eng\u00e5ngsprodukter k\u00e4mpar ofta med smakf\u00f6rlust. Uwin Twins Crystal undviker det genom att <strong data-start=\"1645\" data-end=\"1674\">dubbel mesh coil-teknik<\/strong>, vilket h\u00e5ller \u00e5ngan j\u00e4mn och smaken stabil \u00e4ven l\u00e5ngt in i tanken. D\u00e4rf\u00f6r rankas den bland de mest p\u00e5litliga modellerna med h\u00f6g kapacitet av tung anv\u00e4ndare.<\/p>\n<p data-start=\"1817\" data-end=\"2065\"><strong data-start=\"1817\" data-end=\"1857\">4) Smart LED-sk\u00e4rm f\u00f6r full kontroll<\/strong><br data-start=\"1857\" data-end=\"1860\" \/>Inga fler gissningar. Detta \u00e4r en <strong data-start=\"1888\" data-end=\"1935\">eng\u00e5ngs vape med LED-sk\u00e4rm 40000 puffar<\/strong>, som visar batteritid i realtid och niv\u00e5 p\u00e5 e-juice. Du vet alltid n\u00e4r du \u00e4r l\u00e5g, n\u00e4r du ska ladda om, och hur mycket liv som \u00e5terst\u00e5r.<\/p>\n<p data-start=\"2067\" data-end=\"2337\"><strong data-start=\"2067\" data-end=\"2118\">5) Typ-C uppladdning s\u00e5 du anv\u00e4nder varje droppe<\/strong><br data-start=\"2118\" data-end=\"2121\" \/>Den <strong data-start=\"2125\" data-end=\"2143\">850mAh batteri<\/strong> plus <strong data-start=\"2149\" data-end=\"2173\">Typ-C snabbladdning<\/strong> s\u00e4kerst\u00e4ller anv\u00e4ndning till sista droppen. Som en <strong data-start=\"2215\" data-end=\"2274\">uppladdningsbar eng\u00e5ngsprodukt<\/strong>, <strong data-start=\"2215\" data-end=\"2274\">Uwin Crystal 40000\u00a0 <\/strong>l\u00e5ter dig anv\u00e4nda hela 32 ml kapacitet utan att sl\u00f6sa puffar.<\/p>\n<p data-start=\"666\" data-end=\"1235\"><strong style=\"font-size: 16px;\"><span style=\"color: #ff0000;\">L\u00e4gg till Amys WhatsApp f\u00f6r att f\u00e5 r\u00e4tt svar och rabatterat pris!<\/span><\/strong><\/p>\n<p><img fetchpriority=\"high\" decoding=\"async\" class=\"size-full wp-image-2932\" src=\"https:\/\/vapestornado.com\/wp-content\/uploads\/2024\/12\/Vape-Wholesale.jpg\" alt=\"Vape Partihandel\" width=\"229\" height=\"300\" \/><\/p>\n<h3><a href=\"https:\/\/wa.me\/8617776015835\" target=\"_blank\" rel=\"noopener\"><span style=\"color: #ff0000;\"><strong>WhatsApp: +86 17776015835<\/strong><\/span><\/a><\/h3>\n<p>&nbsp;<\/p>\n<h2><strong>Uwin Twins Crystal 40000 Viktiga produktfunktioner<\/strong><\/h2>\n<table>\n<thead>\n<tr>\n<th>Parameter<\/th>\n<th align=\"right\">Specifikation<\/th>\n<th>M\u00e4nsklig f\u00f6rklaring<\/th>\n<\/tr>\n<\/thead>\n<tbody>\n<tr>\n<td>Produktnamn<\/td>\n<td align=\"right\">Uwin Twins Crystal 40000 Puff Eng\u00e5ngs Vape<\/td>\n<td>L\u00e4tt att hitta i s\u00f6kningar och p\u00e5 detaljhandelshyllor.<\/td>\n<\/tr>\n<tr>\n<td>Puffkapacitet<\/td>\n<td align=\"right\">Upp till 40 000 puffar<\/td>\n<td>L\u00e5ngvarig eng\u00e5ngs vape som kr\u00e4ver f\u00e4rre byten.<\/td>\n<\/tr>\n<tr>\n<td>E-v\u00e4tskevolym<\/td>\n<td align=\"right\">32ml<\/td>\n<td>Stor tank som klarar hela puffantalet utan p\u00e5fyllning.<\/td>\n<\/tr>\n<tr>\n<td>Smakssystem<\/td>\n<td align=\"right\">2-i-1 Dubbel Smak<\/td>\n<td>Tv\u00e5 smaker i en enhet; v\u00e4xla n\u00e4r som helst f\u00f6r variation.<\/td>\n<\/tr>\n<tr>\n<td>Spoltyp<\/td>\n<td align=\"right\">Dubbla Mesh-spiraler<\/td>\n<td>J\u00e4mn v\u00e4rme = rikare smak, smidigare luftfl\u00f6de, f\u00e4rre br\u00e4nda noter.<\/td>\n<\/tr>\n<tr>\n<td>Batteri<\/td>\n<td align=\"right\">850mAh Uppladdningsbar<\/td>\n<td>Stor nog att driva h\u00f6g puffanv\u00e4ndning; ladda om ist\u00e4llet f\u00f6r att sl\u00f6sa juice.<\/td>\n<\/tr>\n<tr>\n<td>Laddning<\/td>\n<td align=\"right\">USB Typ-C Snabbladdning<\/td>\n<td>Modernt port med snabbare laddning och enkel kabel\u00e5tkomst.<\/td>\n<\/tr>\n<tr>\n<td>Visa<\/td>\n<td align=\"right\">Smart LED-sk\u00e4rm<\/td>\n<td>Visar batteri- och e-v\u00e4tskeniv\u00e5 s\u00e5 att du alltid vet vad som \u00e4r kvar.<\/td>\n<\/tr>\n<tr>\n<td>Nikotinalternativ<\/td>\n<td align=\"right\">2% \/ 5%<\/td>\n<td>Passar b\u00e5de fritidsanv\u00e4ndare och tungvapers som s\u00f6ker starkare slag.<\/td>\n<\/tr>\n<tr>\n<td>Vapingstil<\/td>\n<td align=\"right\">Mjuk dragning, balanserad \u00e5nga<\/td>\n<td>Designad f\u00f6r bekv\u00e4ma dagliga sessioner och l\u00e5nga anv\u00e4ndningar.<\/td>\n<\/tr>\n<\/tbody>\n<\/table>\n<figure id=\"attachment_3903\" aria-describedby=\"caption-attachment-3903\" style=\"width: 800px\" class=\"wp-caption alignnone\"><img decoding=\"async\" class=\"wp-image-3903 size-full\" src=\"https:\/\/vapestornado.com\/wp-content\/uploads\/2025\/03\/Best-Uwin-Twins-Crystal-40000-Puffs-Disposable-Vape.webp\" alt=\"B\u00e4sta Uwin Twins Crystal 40000 Puffs Eng\u00e5ngsvape\" width=\"800\" height=\"800\" srcset=\"https:\/\/vapestornado.com\/wp-content\/uploads\/2025\/03\/Best-Uwin-Twins-Crystal-40000-Puffs-Disposable-Vape.webp 800w, https:\/\/vapestornado.com\/wp-content\/uploads\/2025\/03\/Best-Uwin-Twins-Crystal-40000-Puffs-Disposable-Vape-300x300.webp 300w, https:\/\/vapestornado.com\/wp-content\/uploads\/2025\/03\/Best-Uwin-Twins-Crystal-40000-Puffs-Disposable-Vape-150x150.webp 150w, https:\/\/vapestornado.com\/wp-content\/uploads\/2025\/03\/Best-Uwin-Twins-Crystal-40000-Puffs-Disposable-Vape-768x768.webp 768w, https:\/\/vapestornado.com\/wp-content\/uploads\/2025\/03\/Best-Uwin-Twins-Crystal-40000-Puffs-Disposable-Vape-600x600.webp 600w, https:\/\/vapestornado.com\/wp-content\/uploads\/2025\/03\/Best-Uwin-Twins-Crystal-40000-Puffs-Disposable-Vape-100x100.webp 100w\" sizes=\"(max-width: 800px) 100vw, 800px\" \/><figcaption id=\"caption-attachment-3903\" class=\"wp-caption-text\">B\u00e4sta Uwin Twins Crystal 40000 Puffs Eng\u00e5ngsvape<\/figcaption><\/figure>\n<h2 class=\"product-title\"><strong>Uwin Twins Crystal 40000 Dubbel Smak Vape Smaklista<\/strong><\/h2>\n<article class=\"w-full text-token-text-primary focus-visible:outline-2 focus-visible:outline-offset-[-4px]\" dir=\"auto\" data-testid=\"conversation-turn-32\" data-scroll-anchor=\"false\">\n<div class=\"m-auto text-base py-[18px] px-6\">\n<div class=\"mx-auto flex flex-1 text-base gap-4 md:gap-5 lg:gap-6 md:max-w-3xl lg:max-w-[40rem] xl:max-w-[48rem]\">\n<div class=\"group\/conversation-turn relative flex w-full min-w-0 flex-col @xs\/thread:px-0 @sm\/thread:px-1.5 @md\/thread:px-4\">\n<div class=\"flex-col gap-1 md:gap-3\">\n<div class=\"flex max-w-full flex-col flex-grow\">\n<div class=\"min-h-8 text-message flex w-full flex-col items-end gap-2 whitespace-normal break-words text-start [.text-message+&amp;]:mt-5\" dir=\"auto\" data-message-author-role=\"user\" data-message-id=\"ffac41ca-1db4-431b-873a-32c4052956f1\">\n<div class=\"flex w-full flex-col gap-1 empty:hidden items-end rtl:items-start\">\n<div class=\"relative max-w-[var(--user-chat-width,70%)] rounded-3xl bg-token-message-surface px-5 py-2.5\">\n<div class=\"absolute bottom-0 right-full top-0 -mr-3.5 hidden pr-5 pt-2 [.group\/conversation-turn:hover_&amp;]:flex\">\n<div class=\"flex\">\n<article class=\"w-full text-token-text-primary focus-visible:outline-2 focus-visible:outline-offset-[-4px]\" dir=\"auto\" data-testid=\"conversation-turn-39\" data-scroll-anchor=\"true\">\n<div class=\"m-auto text-base py-[18px] px-6\">\n<div class=\"mx-auto flex flex-1 text-base gap-4 md:gap-5 lg:gap-6 md:max-w-3xl lg:max-w-[40rem] xl:max-w-[48rem]\">\n<div class=\"group\/conversation-turn relative flex w-full min-w-0 flex-col agent-turn @xs\/thread:px-0 @sm\/thread:px-1.5 @md\/thread:px-4\">\n<div class=\"flex-col gap-1 md:gap-3\">\n<div class=\"flex max-w-full flex-col flex-grow\">\n<div class=\"min-h-8 text-message flex w-full flex-col items-end gap-2 whitespace-normal break-words text-start [.text-message+&amp;]:mt-5\" dir=\"auto\" data-message-author-role=\"assistant\" data-message-id=\"55a23854-ec57-48dd-bd4f-6118f43d6241\" data-message-model-slug=\"gpt-4o\">\n<div class=\"flex w-full flex-col gap-1 empty:hidden first:pt-[3px]\">\n<div class=\"markdown prose w-full break-words dark:prose-invert light\">\n<p>1.Bl\u00e5b\u00e4r P\u00e5 Is \/ Sommarpersika Is<br \/>\n2.Kiwi passionsfrukt Guava \/ Bl\u00e5b\u00e4r hallon<br \/>\n3.Jordgubbskiwi \/ Druvis<br \/>\n4.Kiwipassionsfruktguava \/ Tv\u00e5 \u00e4pplen<br \/>\n5.Jordgubbsvattenmelon \/ Citronlime<br \/>\n6.Bl\u00e5b\u00e4rshallon \/ K\u00f6rsb\u00e4rsis<br \/>\n7.Jordgubbshallonk\u00f6rsb\u00e4r \/ Mr Bl\u00e5<br \/>\n8.Persikamangopineapple \/ Red Bull<br \/>\n9.Vattenmelonis \/ Blandade b\u00e4r<br \/>\n10.Jordgubbsbanan \/ Love 66 (Passionsfruktsmelonis)<\/p>\n<\/div>\n<\/div>\n<\/div>\n<\/div>\n<\/div>\n<\/div>\n<\/div>\n<\/div>\n<\/article>\n<\/div>\n<\/div>\n<\/div>\n<\/div>\n<\/div>\n<\/div>\n<\/div>\n<\/div>\n<\/div>\n<\/div>\n<\/article>\n<h3>Varf\u00f6r v\u00e4lja Vapestornado f\u00f6r Uwin Twins Crystal 40000 Vape bulkk\u00f6p?<\/h3>\n<div class=\"flex-shrink-0 flex flex-col relative items-end\">\n<div class=\"pt-0\">\n<div class=\"gizmo-bot-avatar flex h-8 w-8 items-center justify-center overflow-hidden rounded-full\">\n<div class=\"relative p-1 rounded-sm flex items-center justify-center bg-token-main-surface-primary text-token-text-primary h-8 w-8\">\n<p data-start=\"88\" data-end=\"557\">N\u00e4r det g\u00e4ller <strong data-start=\"105\" data-end=\"154\">\u00a0ink\u00f6p av h\u00f6gkvalitativa eng\u00e5ngsvapes<\/strong>, <strong data-start=\"156\" data-end=\"172\">Vapestornado<\/strong> \u00e4r den b\u00e4sta k\u00e4llan f\u00f6r oslagbara <strong data-start=\"208\" data-end=\"271\">fabrikspriser, snabb frakt och f\u00f6rstklassig kundservice<\/strong>. Att k\u00f6pa Uwin Twins Crystal 40k fr\u00e5n Vapestornado betyder att du f\u00e5r <strong data-start=\"363\" data-end=\"400\">\u00e4kta, 100% originalprodukter<\/strong> med den senaste <strong data-start=\"417\" data-end=\"515\">digital sk\u00e4rmteknik, laddningsbar Type-C bekv\u00e4mlighet och en massiv kapacitet p\u00e5 40000 bloss<\/strong>\u2014allt till de <strong data-start=\"527\" data-end=\"554\">l\u00e4gsta grossistpriserna<\/strong>.<\/p>\n<p data-start=\"559\" data-end=\"933\" data-is-last-node=\"\" data-is-only-node=\"\">Vi har \u00e4ven andra popul\u00e4ra vapes med sk\u00e4rm som <a href=\"https:\/\/vapestornado.com\/sv\/product\/bang-leader-50000-puffs-50k-2-in-1-double-flavor-digital-disposable-vape-bulk-price\/\">BANG Ledare 50000<\/a>, <a href=\"https:\/\/vapestornado.com\/sv\/product\/vopk-ultra-40000-puffs-2-in-1-digital-screen-rechargeable-disposable-vape\/\">VOPK 40000 Puff Eng\u00e5ngs Vape<\/a>, <a href=\"https:\/\/vapestornado.com\/sv\/product\/vozol-gear-shisha-25k-25000-puffs-best-dtl-disposable-vape-hookah-cheap-price\/\">Vozol Gear Shisha 25000<\/a>, och mer.<\/p>\n<\/div>\n<div class=\"relative p-1 rounded-sm flex items-center justify-center bg-token-main-surface-primary text-token-text-primary h-8 w-8\">\n<h3>VANLIGA FR\u00c5GOR<\/h3>\n<p data-start=\"1631\" data-end=\"2011\"><strong data-start=\"1631\" data-end=\"1735\">Q: Jag beh\u00f6ver en eng\u00e5ngsprodukt som verkligen h\u00e5ller\u2014kommer Uwin Crystal 40000dubbel smak eng\u00e5ngsvape 40000 puff att klara av str\u00e4ckan?<\/strong><br data-start=\"1735\" data-end=\"1738\" \/><strong data-start=\"1738\" data-end=\"1744\">A:<\/strong> Ja. Den <strong data-start=\"1754\" data-end=\"1803\">Uwin Twins Crystal 40000 Puff Eng\u00e5ngs Vape<\/strong> \u00e4r byggd f\u00f6r l\u00e5ngvarig anv\u00e4ndning med <strong data-start=\"1835\" data-end=\"1857\">upp till 40 000 puffar<\/strong> och en <strong data-start=\"1864\" data-end=\"1892\">32 ml f\u00f6rfylld kapacitet<\/strong>. F\u00f6r de flesta vapers betyder det <strong data-start=\"1922\" data-end=\"1954\">veckor av konsekventa sessioner<\/strong> ist\u00e4llet f\u00f6r att byta mindre eng\u00e5ngsprodukter var tredje dag.<\/p>\n<p data-start=\"2013\" data-end=\"2266\"><strong data-start=\"2013\" data-end=\"2073\">Q: F\u00f6rlorar en 40k puff-enhet smak halvv\u00e4gs igenom?<\/strong><br data-start=\"2073\" data-end=\"2076\" \/><strong data-start=\"2076\" data-end=\"2082\">A:<\/strong> Det \u00e4r vanligt med enkla spolar, men den h\u00e4r enheten anv\u00e4nder <strong data-start=\"2136\" data-end=\"2155\">dubbla mesh-spolar<\/strong> som v\u00e4rmer e-v\u00e4tskan j\u00e4mnt. Resultatet blir <strong data-start=\"2197\" data-end=\"2241\">stabil \u00e5ngt\u00e4thet och mjukare smak<\/strong> fr\u00e5n f\u00f6rsta drag till sista.<\/p>\n<p data-start=\"2268\" data-end=\"2578\"><strong data-start=\"2268\" data-end=\"2326\">Q: Jag blir uttr\u00e5kad av en smak. Beh\u00f6ver jag tv\u00e5 enheter?<\/strong><br data-start=\"2326\" data-end=\"2329\" \/><strong data-start=\"2329\" data-end=\"2335\">A:<\/strong> Nej. Den <strong data-start=\"2344\" data-end=\"2374\">2-i-1 dubbel smakssystem<\/strong> ger dig <strong data-start=\"2385\" data-end=\"2412\">tv\u00e5 smaker i en vape<\/strong>, och du kan v\u00e4xla smidigt n\u00e4r din preferens \u00e4ndras. Det \u00e4r perfekt f\u00f6r variation hela dagen, resor eller anv\u00e4ndare som gillar att kombinera en s\u00f6t profil med en isig.<\/p>\n<p data-start=\"2580\" data-end=\"2830\"><strong data-start=\"2580\" data-end=\"2641\">F: Hur vet jag n\u00e4r det \u00e4r dags att ladda eller byta ut?<\/strong><br data-start=\"2641\" data-end=\"2644\" \/><strong data-start=\"2644\" data-end=\"2650\">A:<\/strong> Detta \u00e4r en <strong data-start=\"2661\" data-end=\"2696\">eng\u00e5ngsvape med LED-sk\u00e4rm<\/strong> som visar <strong data-start=\"2708\" data-end=\"2752\">batteri- och e-liquidniv\u00e5er i realtid<\/strong>. Du kommer alltid att veta vad som \u00e4r kvar\u2014ingen ov\u00e4ntad tomt batteri, inga pl\u00f6tsliga torra slag.<\/p>\n<p data-start=\"2832\" data-end=\"3096\"><strong data-start=\"2832\" data-end=\"2901\">F: Kommer batteriet att r\u00e4cka till f\u00f6r s\u00e5 m\u00e5nga stora puffar?<\/strong><br data-start=\"2901\" data-end=\"2904\" \/><strong data-start=\"2904\" data-end=\"2910\">A:<\/strong> Ja. Den <strong data-start=\"2920\" data-end=\"2951\">850mAh uppladdningsbart batteri<\/strong> \u00e4r utformad f\u00f6r att st\u00f6dja h\u00f6gkapacitetsenheter. Och med <strong data-start=\"3007\" data-end=\"3031\">Typ-C snabbladdning<\/strong>, kan du ladda snabbt och forts\u00e4tta anv\u00e4nda hela v\u00e4tskelagret.<\/p>\n<p data-start=\"3364\" data-end=\"3670\"><strong data-start=\"3364\" data-end=\"3418\">F: Varf\u00f6r \u00e4r denna 2-i-1 eng\u00e5ngsvape Uwin Crystal 40000 ett starkt grossistval f\u00f6r 2025?<\/strong><br data-start=\"3418\" data-end=\"3421\" \/><strong data-start=\"3421\" data-end=\"3427\">A:<\/strong> Efterfr\u00e5gan p\u00e5 <strong data-start=\"3439\" data-end=\"3471\">40 000 puff eng\u00e5ngsvapes<\/strong> \u00f6kar i Europa eftersom anv\u00e4ndare vill ha l\u00e4ngre livsl\u00e4ngd, dubbel-smak bekv\u00e4mlighet och smartare sp\u00e5rning. Uwin Crystal kombinerar alla tre, vilket g\u00f6r den tillf\u00f6rlitlig f\u00f6r \u00e5terkommande f\u00f6rs\u00e4ljning och premiumpositionering.<\/p>\n<\/div>\n<\/div>\n<\/div>\n<\/div>","protected":false},"excerpt":{"rendered":"<p>Uwin Twins Crystal 40000 40k Puff Digital Vape Grossistpris<br \/>\nUwin Twins Crystal 40k Puff B\u00e4sta Eng\u00e5ngsvape i Sverige<br \/>\nUwin Crystal 40000 40k Puff Billigt Pris K\u00f6p online<\/p>\n<p><strong>L\u00e4gg till Amys whatsapp f\u00f6r att f\u00e5 r\u00e4tt svar och rabatterat pris!<\/strong><\/p>\n<p><img fetchpriority=\"high\" decoding=\"async\" class=\"size-full wp-image-2932\" src=\"https:\/\/vapestornado.com\/wp-content\/uploads\/2024\/12\/Vape-Wholesale.jpg\" alt=\"Vape Partihandel\" width=\"229\" height=\"300\" \/><\/p>\n<h3><a href=\"https:\/\/wa.me\/8617776015835\"><span style=\"color: #ff0000;\"><strong>WhatsApp: +86 17776015835<\/strong><\/span><\/a><\/h3>\n<p>&nbsp;<\/p>","protected":false},"featured_media":3908,"comment_status":"open","ping_status":"closed","template":"","meta":{"_acf_changed":false,"_uag_custom_page_level_css":"","_lmt_disableupdate":"no","_lmt_disable":"","_monsterinsights_skip_tracking":false,"_monsterinsights_sitenote_active":false,"_monsterinsights_sitenote_note":"","_monsterinsights_sitenote_category":0,"site-sidebar-layout":"default","site-content-layout":"","ast-site-content-layout":"default","site-content-style":"default","site-sidebar-style":"default","ast-global-header-display":"","ast-banner-title-visibility":"","ast-main-header-display":"","ast-hfb-above-header-display":"","ast-hfb-below-header-display":"","ast-hfb-mobile-header-display":"","site-post-title":"","ast-breadcrumbs-content":"","ast-featured-img":"","footer-sml-layout":"","ast-disable-related-posts":"","theme-transparent-header-meta":"default","adv-header-id-meta":"","stick-header-meta":"","header-above-stick-meta":"","header-main-stick-meta":"","header-below-stick-meta":"","astra-migrate-meta-layouts":"set","ast-page-background-enabled":"default","ast-page-background-meta":{"desktop":{"background-color":"","background-image":"","background-repeat":"repeat","background-position":"center center","background-size":"auto","background-attachment":"scroll","background-type":"","background-media":"","overlay-type":"","overlay-color":"","overlay-opacity":"","overlay-gradient":""},"tablet":{"background-color":"","background-image":"","background-repeat":"repeat","background-position":"center center","background-size":"auto","background-attachment":"scroll","background-type":"","background-media":"","overlay-type":"","overlay-color":"","overlay-opacity":"","overlay-gradient":""},"mobile":{"background-color":"","background-image":"","background-repeat":"repeat","background-position":"center center","background-size":"auto","background-attachment":"scroll","background-type":"","background-media":"","overlay-type":"","overlay-color":"","overlay-opacity":"","overlay-gradient":""}},"ast-content-background-meta":{"desktop":{"background-color":"var(--ast-global-color-5)","background-image":"","background-repeat":"repeat","background-position":"center center","background-size":"auto","background-attachment":"scroll","background-type":"","background-media":"","overlay-type":"","overlay-color":"","overlay-opacity":"","overlay-gradient":""},"tablet":{"background-color":"var(--ast-global-color-5)","background-image":"","background-repeat":"repeat","background-position":"center center","background-size":"auto","background-attachment":"scroll","background-type":"","background-media":"","overlay-type":"","overlay-color":"","overlay-opacity":"","overlay-gradient":""},"mobile":{"background-color":"var(--ast-global-color-5)","background-image":"","background-repeat":"repeat","background-position":"center center","background-size":"auto","background-attachment":"scroll","background-type":"","background-media":"","overlay-type":"","overlay-color":"","overlay-opacity":"","overlay-gradient":""}},"_joinchat":{"telephone":"17776015835"}},"product_brand":[],"product_cat":[19,65,151,154,141,142,233],"product_tag":[261,120,105,94,273,279,269],"class_list":{"0":"post-3932","1":"product","2":"type-product","3":"status-publish","4":"has-post-thumbnail","6":"product_cat-vapes","7":"product_cat-40000-puff","8":"product_cat-buy-disposable-vapes-in-france","9":"product_cat-buy-disposable-vapes-in-netherlands","10":"product_cat-crystal-disposable-vapes","11":"product_cat-digital-box-disposable-vapes","12":"product_cat-uwin-vape","13":"product_tag-2-in-1-double-flavor-vape","14":"product_tag-crystal-vape","15":"product_tag-digital-disposable-vape","16":"product_tag-rechargeable-disposable-vape","17":"product_tag-twins-flavor-vape-pod","18":"product_tag-uwin-twins-crystal-40000","19":"product_tag-vape-with-screen","20":"desktop-align-left","21":"tablet-align-left","22":"mobile-align-left","24":"first","25":"instock","26":"sale","27":"shipping-taxable","28":"purchasable","29":"product-type-simple"},"acf":[],"uagb_featured_image_src":{"full":["https:\/\/vapestornado.com\/wp-content\/uploads\/2025\/03\/Uwin-Twins-Crystal-40000-Puffs-Two-Flavors-in-Vape.webp",800,800,false],"thumbnail":["https:\/\/vapestornado.com\/wp-content\/uploads\/2025\/03\/Uwin-Twins-Crystal-40000-Puffs-Two-Flavors-in-Vape-150x150.webp",150,150,true],"medium":["https:\/\/vapestornado.com\/wp-content\/uploads\/2025\/03\/Uwin-Twins-Crystal-40000-Puffs-Two-Flavors-in-Vape-300x300.webp",300,300,true],"medium_large":["https:\/\/vapestornado.com\/wp-content\/uploads\/2025\/03\/Uwin-Twins-Crystal-40000-Puffs-Two-Flavors-in-Vape-768x768.webp",768,768,true],"large":["https:\/\/vapestornado.com\/wp-content\/uploads\/2025\/03\/Uwin-Twins-Crystal-40000-Puffs-Two-Flavors-in-Vape.webp",800,800,false],"1536x1536":["https:\/\/vapestornado.com\/wp-content\/uploads\/2025\/03\/Uwin-Twins-Crystal-40000-Puffs-Two-Flavors-in-Vape.webp",800,800,false],"2048x2048":["https:\/\/vapestornado.com\/wp-content\/uploads\/2025\/03\/Uwin-Twins-Crystal-40000-Puffs-Two-Flavors-in-Vape.webp",800,800,false],"trp-custom-language-flag":["https:\/\/vapestornado.com\/wp-content\/uploads\/2025\/03\/Uwin-Twins-Crystal-40000-Puffs-Two-Flavors-in-Vape.webp",12,12,false],"woocommerce_thumbnail":["https:\/\/vapestornado.com\/wp-content\/uploads\/2025\/03\/Uwin-Twins-Crystal-40000-Puffs-Two-Flavors-in-Vape-300x300.webp",300,300,true],"woocommerce_single":["https:\/\/vapestornado.com\/wp-content\/uploads\/2025\/03\/Uwin-Twins-Crystal-40000-Puffs-Two-Flavors-in-Vape-600x600.webp",600,600,true],"woocommerce_gallery_thumbnail":["https:\/\/vapestornado.com\/wp-content\/uploads\/2025\/03\/Uwin-Twins-Crystal-40000-Puffs-Two-Flavors-in-Vape-100x100.webp",100,100,true]},"uagb_author_info":{"display_name":"ESAMY","author_link":"https:\/\/vapestornado.com\/sv\/author\/"},"uagb_comment_info":0,"uagb_excerpt":"Uwin Twins Crystal 40000 40k Puff Digital Vape Wholesale Price Uwin Twins Crystal 40k Puff Best Disposable Vape in Netherlands Uwin Crystal 40000 40k Puff Cheap\u00a0Price Buy online Add Amy's whatsapp to get right reply and discount price! WhatsApp: +86 17776015835 &nbsp;","_links":{"self":[{"href":"https:\/\/vapestornado.com\/sv\/wp-json\/wp\/v2\/product\/3932","targetHints":{"allow":["GET"]}}],"collection":[{"href":"https:\/\/vapestornado.com\/sv\/wp-json\/wp\/v2\/product"}],"about":[{"href":"https:\/\/vapestornado.com\/sv\/wp-json\/wp\/v2\/types\/product"}],"replies":[{"embeddable":true,"href":"https:\/\/vapestornado.com\/sv\/wp-json\/wp\/v2\/comments?post=3932"}],"wp:featuredmedia":[{"embeddable":true,"href":"https:\/\/vapestornado.com\/sv\/wp-json\/wp\/v2\/media\/3908"}],"wp:attachment":[{"href":"https:\/\/vapestornado.com\/sv\/wp-json\/wp\/v2\/media?parent=3932"}],"wp:term":[{"taxonomy":"product_brand","embeddable":true,"href":"https:\/\/vapestornado.com\/sv\/wp-json\/wp\/v2\/product_brand?post=3932"},{"taxonomy":"product_cat","embeddable":true,"href":"https:\/\/vapestornado.com\/sv\/wp-json\/wp\/v2\/product_cat?post=3932"},{"taxonomy":"product_tag","embeddable":true,"href":"https:\/\/vapestornado.com\/sv\/wp-json\/wp\/v2\/product_tag?post=3932"}],"curies":[{"name":"wp","href":"https:\/\/api.w.org\/{rel}","templated":true}]}}