{"id":3928,"date":"2025-03-20T03:43:34","date_gmt":"2025-03-20T03:43:34","guid":{"rendered":"https:\/\/vapestornado.com\/?post_type=product&#038;p=3928"},"modified":"2025-08-23T11:38:54","modified_gmt":"2025-08-23T11:38:54","slug":"vozol-gear-shisha-25k-25000-puffs-best-dtl-disposable-vape-hookah-cheap-price","status":"publish","type":"product","link":"https:\/\/vapestornado.com\/sv\/product\/vozol-gear-shisha-25k-25000-puffs-best-dtl-disposable-vape-hookah-cheap-price\/","title":{"rendered":"Vozol Gear Shisha 25k 25000 Puffar B\u00e4sta DTL Eng\u00e5ngs Vape Vattenpipa Billigt Pris"},"content":{"rendered":"<h1 data-pm-slice=\"1 1 []\">Vozol Gear Shisha 25k 25000 Puffar B\u00e4sta DTL Eng\u00e5ngs Vape Vattenpipa Billigt Pris<\/h1>\n<p data-start=\"187\" data-end=\"478\">Den <strong data-start=\"191\" data-end=\"232\">Vozol Gear Shisha 25K Eng\u00e5ngs Vape<\/strong> omdefinierar DTL vattenpipe-stil vapingupplevelsen, vilket g\u00f6r den till ett m\u00e5ste f\u00f6r <strong data-start=\"309\" data-end=\"338\">grossister och \u00e5terf\u00f6rs\u00e4ljare<\/strong> som v\u00e4nder sig till den svenska marknaden. Med upp till <strong data-start=\"383\" data-end=\"399\">25 000 puff<\/strong>s\u00e4kerst\u00e4ller denna enhet med h\u00f6g kapacitet l\u00e5nga sessioner och stark konsumentattraktion.<\/p>\n<p data-start=\"480\" data-end=\"863\">Dess <strong data-start=\"484\" data-end=\"516\">1000mAh uppladdningsbara batteri<\/strong> med <strong data-start=\"522\" data-end=\"546\">Typ-C snabbladdning<\/strong> minimerar driftstopp, medan <strong data-start=\"577\" data-end=\"603\">2,1-tums f\u00e4rgsk\u00e4rmen<\/strong> ger realtidssp\u00e5rning av blossantal, batteristatus och vapingl\u00e4ge. Anv\u00e4ndare kan v\u00e4xla mellan <strong data-start=\"705\" data-end=\"717\">Eco-l\u00e4ge<\/strong> (maximal uth\u00e5llighet, upp till 25K bloss) och <strong data-start=\"759\" data-end=\"773\">Effektl\u00e4ge<\/strong> (mer intensitet, upp till 18K bloss), vilket ger flexibilitet f\u00f6r olika vapingpreferenser.<\/p>\n<p data-start=\"865\" data-end=\"1153\">An <strong data-start=\"868\" data-end=\"897\">justerbart luftfl\u00f6dessystem<\/strong> parade med <strong data-start=\"910\" data-end=\"929\">dubbla mesh-spolar<\/strong> s\u00e4kerst\u00e4ller j\u00e4mn \u00e5ngleverans, t\u00e4ta moln och konsekvent smakprestanda. Med <strong data-start=\"1016\" data-end=\"1040\">26 ml premium e-v\u00e4tska<\/strong> och en katalog med <strong data-start=\"1060\" data-end=\"1076\">40+ smaker<\/strong>tillfredsst\u00e4ller Vozol Gear Shisha b\u00e5de storf\u00f6rbrukare och smakentusiaster.<\/p>\n<p data-start=\"1155\" data-end=\"1393\">F\u00f6r bulkink\u00f6pare \u00e4r <strong data-start=\"1176\" data-end=\"1201\">Vozol Gear Shisha 25K<\/strong> mer \u00e4n bara en eng\u00e5ngsvape \u2013 det \u00e4r ett premiumalternativ med avancerade funktioner som hj\u00e4lper \u00e5terf\u00f6rs\u00e4ljare att sticka ut p\u00e5 den tr\u00e5nga marknaden samtidigt som de drar nytta av <strong data-start=\"1357\" data-end=\"1390\">konkurrenskraftiga grossistpriser<\/strong>.<\/p>\n<p data-start=\"666\" data-end=\"1235\"><strong style=\"font-size: 16px;\"><span style=\"color: #ff0000;\">L\u00e4gg till Amys WhatsApp f\u00f6r att f\u00e5 r\u00e4tt svar och rabatterat pris!<\/span><\/strong><\/p>\n<p><img fetchpriority=\"high\" decoding=\"async\" class=\"size-full wp-image-2932\" src=\"https:\/\/vapestornado.com\/wp-content\/uploads\/2024\/12\/Vape-Wholesale.jpg\" alt=\"Vape Partihandel\" width=\"229\" height=\"300\" \/><\/p>\n<h3><a href=\"https:\/\/wa.me\/8617776015835\" target=\"_blank\" rel=\"noopener\"><span style=\"color: #ff0000;\"><strong>WhatsApp: +86 17776015835<\/strong><\/span><\/a><\/h3>\n<p>&nbsp;<\/p>\n<h2><strong>Vozol Gear Shisha 25k Vape Nyckelfunktioner<\/strong><\/h2>\n<p>M\u00e4rke: Vozol Vape<br \/>\nModell: Gear Shisha DTL Eng\u00e5ngs<br \/>\nNikotin: 5%<br \/>\nBatterikapacitet: 1000mAh<br \/>\nPuffl\u00e4gen: Eco Mode (25 000 puffar), Power Mode (18 000 puffar)<br \/>\nSpecialfunktioner: Ljud-interaktiv, Smart Chip, Dubbla Mesh-spolar<br \/>\nDisplay: 2,1-tums f\u00e4rgsk\u00e4rm f\u00f6r enkel \u00f6vervakning<br \/>\nDesign: Mellan\u00f6stern-stil UI<br \/>\nJusterbart Luftfl\u00f6de<br \/>\nSmaker: \u00d6ver 12 frestande val, inklusive fruktiga och mintiga<\/p>\n<p>&nbsp;<\/p>\n<figure id=\"attachment_3922\" aria-describedby=\"caption-attachment-3922\" style=\"width: 800px\" class=\"wp-caption alignnone\"><img decoding=\"async\" class=\"wp-image-3922 size-full\" src=\"https:\/\/vapestornado.com\/wp-content\/uploads\/2025\/03\/Vazol-Gear-Shisha-25000-Puff-25k-Wholesale-Price.webp\" alt=\"Vozol Gear Shisha 25000 Puff 25k Partihandel Pris\" width=\"800\" height=\"800\" srcset=\"https:\/\/vapestornado.com\/wp-content\/uploads\/2025\/03\/Vazol-Gear-Shisha-25000-Puff-25k-Wholesale-Price.webp 800w, https:\/\/vapestornado.com\/wp-content\/uploads\/2025\/03\/Vazol-Gear-Shisha-25000-Puff-25k-Wholesale-Price-300x300.webp 300w, https:\/\/vapestornado.com\/wp-content\/uploads\/2025\/03\/Vazol-Gear-Shisha-25000-Puff-25k-Wholesale-Price-150x150.webp 150w, https:\/\/vapestornado.com\/wp-content\/uploads\/2025\/03\/Vazol-Gear-Shisha-25000-Puff-25k-Wholesale-Price-768x768.webp 768w, https:\/\/vapestornado.com\/wp-content\/uploads\/2025\/03\/Vazol-Gear-Shisha-25000-Puff-25k-Wholesale-Price-600x600.webp 600w, https:\/\/vapestornado.com\/wp-content\/uploads\/2025\/03\/Vazol-Gear-Shisha-25000-Puff-25k-Wholesale-Price-100x100.webp 100w\" sizes=\"(max-width: 800px) 100vw, 800px\" \/><figcaption id=\"caption-attachment-3922\" class=\"wp-caption-text\">Vozol Gear Shisha 25000 Puff 25k Partihandel Pris<\/figcaption><\/figure>\n<h2 class=\"product-title\"><strong>Vozol Gear 25000 Shisha Hookah Vape Smaklista<\/strong><\/h2>\n<article class=\"w-full text-token-text-primary focus-visible:outline-2 focus-visible:outline-offset-[-4px]\" dir=\"auto\" data-testid=\"conversation-turn-32\" data-scroll-anchor=\"false\">\n<div class=\"m-auto text-base py-[18px] px-6\">\n<div class=\"mx-auto flex flex-1 text-base gap-4 md:gap-5 lg:gap-6 md:max-w-3xl lg:max-w-[40rem] xl:max-w-[48rem]\">\n<div class=\"group\/conversation-turn relative flex w-full min-w-0 flex-col @xs\/thread:px-0 @sm\/thread:px-1.5 @md\/thread:px-4\">\n<div class=\"flex-col gap-1 md:gap-3\">\n<div class=\"flex max-w-full flex-col flex-grow\">\n<div class=\"min-h-8 text-message flex w-full flex-col items-end gap-2 whitespace-normal break-words text-start [.text-message+&amp;]:mt-5\" dir=\"auto\" data-message-author-role=\"user\" data-message-id=\"ffac41ca-1db4-431b-873a-32c4052956f1\">\n<div class=\"flex w-full flex-col gap-1 empty:hidden items-end rtl:items-start\">\n<div class=\"relative max-w-[var(--user-chat-width,70%)] rounded-3xl bg-token-message-surface px-5 py-2.5\">\n<div class=\"absolute bottom-0 right-full top-0 -mr-3.5 hidden pr-5 pt-2 [.group\/conversation-turn:hover_&amp;]:flex\">\n<div class=\"flex\">\n<article class=\"w-full text-token-text-primary focus-visible:outline-2 focus-visible:outline-offset-[-4px]\" dir=\"auto\" data-testid=\"conversation-turn-39\" data-scroll-anchor=\"true\">\n<div class=\"m-auto text-base py-[18px] px-6\">\n<div class=\"mx-auto flex flex-1 text-base gap-4 md:gap-5 lg:gap-6 md:max-w-3xl lg:max-w-[40rem] xl:max-w-[48rem]\">\n<div class=\"group\/conversation-turn relative flex w-full min-w-0 flex-col agent-turn @xs\/thread:px-0 @sm\/thread:px-1.5 @md\/thread:px-4\">\n<div class=\"flex-col gap-1 md:gap-3\">\n<div class=\"flex max-w-full flex-col flex-grow\">\n<div class=\"min-h-8 text-message flex w-full flex-col items-end gap-2 whitespace-normal break-words text-start [.text-message+&amp;]:mt-5\" dir=\"auto\" data-message-author-role=\"assistant\" data-message-id=\"55a23854-ec57-48dd-bd4f-6118f43d6241\" data-message-model-slug=\"gpt-4o\">\n<div class=\"flex w-full flex-col gap-1 empty:hidden first:pt-[3px]\">\n<div class=\"markdown prose w-full break-words dark:prose-invert light\">\n<p>1.Tv\u00e5 \u00c4pplen<\/p>\n<p>2.Vattenmelon Is<\/p>\n<p>3.Mango Persika<\/p>\n<p>4.Bl\u00e5b\u00e4r Is<\/p>\n<p>5. Blue Razz Ice<\/p>\n<p>6. Druv-is<\/p>\n<p>7. Jordgubbskiwi<\/p>\n<p>8. Bl\u00e5b\u00e4rsvattenmelon<\/p>\n<p>9.K\u00f6rsb\u00e4r Cola<\/p>\n<p>10.K\u00e4rlek 777<\/p>\n<p>11.K\u00f6rsb\u00e4r Is<\/p>\n<p>12. Persiko Is<\/p>\n<p>13.B\u00e4r-is<\/p>\n<p>14.S\u00f6t passionsfrukt<\/p>\n<p>15.Fryst jordgubbs-kiwi<\/p>\n<p>16.Drakfrukt-banan-k\u00f6rsb\u00e4r<\/p>\n<\/div>\n<\/div>\n<\/div>\n<\/div>\n<\/div>\n<\/div>\n<\/div>\n<\/div>\n<\/article>\n<\/div>\n<\/div>\n<\/div>\n<\/div>\n<\/div>\n<\/div>\n<\/div>\n<\/div>\n<\/div>\n<\/div>\n<\/article>\n<h2>Varf\u00f6r v\u00e4lja Vapestornado f\u00f6r massk\u00f6p av Vozol Gear Shisha 25k Puffs sk\u00e4rmvape?<\/h2>\n<div class=\"flex-shrink-0 flex flex-col relative items-end\">\n<div class=\"pt-0\">\n<div class=\"gizmo-bot-avatar flex h-8 w-8 items-center justify-center overflow-hidden rounded-full\">\n<div class=\"relative p-1 rounded-sm flex items-center justify-center bg-token-main-surface-primary text-token-text-primary h-8 w-8\">\n<p data-start=\"88\" data-end=\"557\">N\u00e4r det g\u00e4ller <strong data-start=\"105\" data-end=\"154\">\u00a0ink\u00f6p av h\u00f6gkvalitativa eng\u00e5ngsvapes<\/strong>, <strong data-start=\"156\" data-end=\"172\">Vapestornado<\/strong> \u00e4r den b\u00e4sta k\u00e4llan f\u00f6r oslagbara <strong data-start=\"208\" data-end=\"271\">fabrikspriser, snabb frakt och f\u00f6rstklassig kundservice<\/strong>Att k\u00f6pa Vozol Gear Shisha 25k 25000 <strong data-start=\"284\" data-end=\"322\">Vape<\/strong>\u00a0fr\u00e5n Vapestornado inneb\u00e4r att du f\u00e5r <strong data-start=\"363\" data-end=\"400\">\u00e4kta, 100% originalprodukter<\/strong> med den senaste <strong data-start=\"417\" data-end=\"515\">digital display-teknik, uppladdningsbar Type-C bekv\u00e4mlighet och en massiv 32000 puff kapacitet<\/strong>\u2014allt till de <strong data-start=\"527\" data-end=\"554\">l\u00e4gsta grossistpriserna<\/strong>.<\/p>\n<p data-start=\"559\" data-end=\"933\" data-is-last-node=\"\" data-is-only-node=\"\">Vi har ocks\u00e5 andra stors\u00e4ljande vapes med sk\u00e4rm som <a href=\"https:\/\/vapestornado.com\/sv\/product\/waspe-fihp-30000-puffs-smart-screen-vape-2-5-nicotine-wholesal\/\">WASPE 30K Dual Vape-l\u00e4ge<\/a>, <a href=\"https:\/\/vapestornado.com\/sv\/product\/vopk-ultra-40000-puffs-2-in-1-digital-screen-rechargeable-disposable-vape\/\">VOPK 40000 Puff Eng\u00e5ngs Vape<\/a>, <a href=\"https:\/\/vapestornado.com\/sv\/product\/vapsolo-galaxy-30000-vapers-30k-puff-disposable-vape-e-cigarette-with-smart-screen\/\">Vapsolo Galaxy 30000<\/a>, och mer.<\/p>\n<\/div>\n<div class=\"relative p-1 rounded-sm flex items-center justify-center bg-token-main-surface-primary text-token-text-primary h-8 w-8\">\n<h2>Vanliga fr\u00e5gor om eng\u00e5ngsvapes<\/h2>\n<ol data-start=\"1162\" data-end=\"2206\">\n<li data-start=\"1162\" data-end=\"1425\">\n<p data-start=\"1165\" data-end=\"1425\"><strong data-start=\"1165\" data-end=\"1221\">Hur anv\u00e4nder man en eng\u00e5ngsvape f\u00f6r f\u00f6rsta g\u00e5ngen?<\/strong> F\u00f6r att anv\u00e4nda Vozol Gear Shisha 25K eng\u00e5ngsvape, tar du helt enkelt ut den ur f\u00f6rpackningen, s\u00e4kerst\u00e4ller att den \u00e4r laddad och andas in genom munstycket. Enheten \u00e4r dragaktiverad, s\u00e5 inga knappar beh\u00f6vs.<\/p>\n<\/li>\n<li data-start=\"1427\" data-end=\"1706\">\n<p data-start=\"1430\" data-end=\"1706\"><strong data-start=\"1430\" data-end=\"1473\">Hur kan jag ladda en eng\u00e5ngsvape-penna?<\/strong> Denna enhet har ett uppladdningsbart 1000mAh-batteri. Anv\u00e4nd den medf\u00f6ljande Type-C-laddningskabeln f\u00f6r att ansluta den till en str\u00f6mk\u00e4lla. Den 2,1-tums f\u00e4rgsk\u00e4rmen visar laddningsstatus, vilket h\u00e5ller dig informerad under hela processen.<\/p>\n<\/li>\n<li data-start=\"1708\" data-end=\"1956\">\n<p data-start=\"1711\" data-end=\"1956\"><strong data-start=\"1711\" data-end=\"1765\">Kan jag l\u00e4mna min eng\u00e5ngsvape i min handbagage?<\/strong> Ja, du kan ha din eng\u00e5ngsvape i ditt handbagage n\u00e4r du reser med flyg. Kontrollera dock alltid flygbolagens best\u00e4mmelser och lokala lagar g\u00e4llande vaping-enheter innan du reser.<\/p>\n<\/li>\n<li data-start=\"1958\" data-end=\"2206\">\n<p data-start=\"1961\" data-end=\"2206\"><strong data-start=\"1961\" data-end=\"1997\">Hur vet man att en vape \u00e4r tom?<\/strong> Vozol Gear Shisha 25K har en 2,1-tums f\u00e4rgsk\u00e4rm som visar e-v\u00e4tskeniv\u00e5er. N\u00e4r e-v\u00e4tskan \u00e4r l\u00e5g eller slut kommer sk\u00e4rmen att meddela dig, vilket indikerar att det \u00e4r dags f\u00f6r en ers\u00e4ttning eller p\u00e5fyllning.<\/p>\n<\/li>\n<\/ol>\n<\/div>\n<\/div>\n<\/div>\n<\/div>","protected":false},"excerpt":{"rendered":"<p>Den <strong data-start=\"1437\" data-end=\"1462\">Vozol Gear Shisha 25K<\/strong> levererar upp till 25K bloss, dubbla l\u00e4gen och en 2,1-tums f\u00e4rgsk\u00e4rm. En premium DTL eng\u00e5ngsvape idealisk f\u00f6r <strong data-start=\"1566\" data-end=\"1601\">grossistbest\u00e4llningar i Sverige<\/strong>.<\/p>\n<p><strong>L\u00e4gg till Amys whatsapp f\u00f6r att f\u00e5 r\u00e4tt svar och rabatterat pris!<\/strong><\/p>\n<p><img fetchpriority=\"high\" decoding=\"async\" class=\"size-full wp-image-2932\" src=\"https:\/\/vapestornado.com\/wp-content\/uploads\/2024\/12\/Vape-Wholesale.jpg\" alt=\"Vape Partihandel\" width=\"229\" height=\"300\" \/><\/p>\n<h3><a href=\"https:\/\/wa.me\/8617776015835\"><span style=\"color: #ff0000;\"><strong>WhatsApp: +86 17776015835<\/strong><\/span><\/a><\/h3>\n<p>&nbsp;<\/p>","protected":false},"featured_media":3921,"comment_status":"open","ping_status":"closed","template":"","meta":{"_acf_changed":false,"_uag_custom_page_level_css":"","_lmt_disableupdate":"no","_lmt_disable":"","_monsterinsights_skip_tracking":false,"_monsterinsights_sitenote_active":false,"_monsterinsights_sitenote_note":"","_monsterinsights_sitenote_category":0,"site-sidebar-layout":"default","site-content-layout":"","ast-site-content-layout":"default","site-content-style":"default","site-sidebar-style":"default","ast-global-header-display":"","ast-banner-title-visibility":"","ast-main-header-display":"","ast-hfb-above-header-display":"","ast-hfb-below-header-display":"","ast-hfb-mobile-header-display":"","site-post-title":"","ast-breadcrumbs-content":"","ast-featured-img":"","footer-sml-layout":"","ast-disable-related-posts":"","theme-transparent-header-meta":"default","adv-header-id-meta":"","stick-header-meta":"","header-above-stick-meta":"","header-main-stick-meta":"","header-below-stick-meta":"","astra-migrate-meta-layouts":"set","ast-page-background-enabled":"default","ast-page-background-meta":{"desktop":{"background-color":"","background-image":"","background-repeat":"repeat","background-position":"center center","background-size":"auto","background-attachment":"scroll","background-type":"","background-media":"","overlay-type":"","overlay-color":"","overlay-opacity":"","overlay-gradient":""},"tablet":{"background-color":"","background-image":"","background-repeat":"repeat","background-position":"center center","background-size":"auto","background-attachment":"scroll","background-type":"","background-media":"","overlay-type":"","overlay-color":"","overlay-opacity":"","overlay-gradient":""},"mobile":{"background-color":"","background-image":"","background-repeat":"repeat","background-position":"center center","background-size":"auto","background-attachment":"scroll","background-type":"","background-media":"","overlay-type":"","overlay-color":"","overlay-opacity":"","overlay-gradient":""}},"ast-content-background-meta":{"desktop":{"background-color":"var(--ast-global-color-5)","background-image":"","background-repeat":"repeat","background-position":"center center","background-size":"auto","background-attachment":"scroll","background-type":"","background-media":"","overlay-type":"","overlay-color":"","overlay-opacity":"","overlay-gradient":""},"tablet":{"background-color":"var(--ast-global-color-5)","background-image":"","background-repeat":"repeat","background-position":"center center","background-size":"auto","background-attachment":"scroll","background-type":"","background-media":"","overlay-type":"","overlay-color":"","overlay-opacity":"","overlay-gradient":""},"mobile":{"background-color":"var(--ast-global-color-5)","background-image":"","background-repeat":"repeat","background-position":"center center","background-size":"auto","background-attachment":"scroll","background-type":"","background-media":"","overlay-type":"","overlay-color":"","overlay-opacity":"","overlay-gradient":""}},"_joinchat":{"telephone":"17776015835"}},"product_brand":[],"product_cat":[19,68,160,142,147,57],"product_tag":[271,94,93,269,272,270],"class_list":{"0":"post-3928","1":"product","2":"type-product","3":"status-publish","4":"has-post-thumbnail","6":"product_cat-vapes","7":"product_cat-25000-puff","8":"product_cat-buy-disposable-vapes-in-switzerland","9":"product_cat-digital-box-disposable-vapes","10":"product_cat-shisha-hookah-disposable-vapes","11":"product_cat-vozol-vape","12":"product_tag-best-dtl-disposable-vape","13":"product_tag-rechargeable-disposable-vape","14":"product_tag-vape-wholesale","15":"product_tag-vape-with-screen","16":"product_tag-vozol-gear-shisha-25000","17":"product_tag-vozol-gear-shisha-25k","18":"desktop-align-left","19":"tablet-align-left","20":"mobile-align-left","22":"first","23":"instock","24":"sale","25":"shipping-taxable","26":"purchasable","27":"product-type-simple"},"acf":[],"uagb_featured_image_src":{"full":["https:\/\/vapestornado.com\/wp-content\/uploads\/2025\/03\/Vazol-Gear-Shisha-25000-Puff-25k-Cheap-Price.webp",800,800,false],"thumbnail":["https:\/\/vapestornado.com\/wp-content\/uploads\/2025\/03\/Vazol-Gear-Shisha-25000-Puff-25k-Cheap-Price-150x150.webp",150,150,true],"medium":["https:\/\/vapestornado.com\/wp-content\/uploads\/2025\/03\/Vazol-Gear-Shisha-25000-Puff-25k-Cheap-Price-300x300.webp",300,300,true],"medium_large":["https:\/\/vapestornado.com\/wp-content\/uploads\/2025\/03\/Vazol-Gear-Shisha-25000-Puff-25k-Cheap-Price-768x768.webp",768,768,true],"large":["https:\/\/vapestornado.com\/wp-content\/uploads\/2025\/03\/Vazol-Gear-Shisha-25000-Puff-25k-Cheap-Price.webp",800,800,false],"1536x1536":["https:\/\/vapestornado.com\/wp-content\/uploads\/2025\/03\/Vazol-Gear-Shisha-25000-Puff-25k-Cheap-Price.webp",800,800,false],"2048x2048":["https:\/\/vapestornado.com\/wp-content\/uploads\/2025\/03\/Vazol-Gear-Shisha-25000-Puff-25k-Cheap-Price.webp",800,800,false],"trp-custom-language-flag":["https:\/\/vapestornado.com\/wp-content\/uploads\/2025\/03\/Vazol-Gear-Shisha-25000-Puff-25k-Cheap-Price.webp",12,12,false],"woocommerce_thumbnail":["https:\/\/vapestornado.com\/wp-content\/uploads\/2025\/03\/Vazol-Gear-Shisha-25000-Puff-25k-Cheap-Price-300x300.webp",300,300,true],"woocommerce_single":["https:\/\/vapestornado.com\/wp-content\/uploads\/2025\/03\/Vazol-Gear-Shisha-25000-Puff-25k-Cheap-Price-600x600.webp",600,600,true],"woocommerce_gallery_thumbnail":["https:\/\/vapestornado.com\/wp-content\/uploads\/2025\/03\/Vazol-Gear-Shisha-25000-Puff-25k-Cheap-Price-100x100.webp",100,100,true]},"uagb_author_info":{"display_name":"ESAMY","author_link":"https:\/\/vapestornado.com\/sv\/author\/"},"uagb_comment_info":0,"uagb_excerpt":"The Vozol Gear Shisha 25K delivers up to 25K puffs, dual modes, and a 2.1\u201d color screen. A premium DTL disposable vape ideal for wholesale bulk orders in Europe. Add Amy's whatsapp to get right reply and discount price! WhatsApp: +86 17776015835 &nbsp;","_links":{"self":[{"href":"https:\/\/vapestornado.com\/sv\/wp-json\/wp\/v2\/product\/3928","targetHints":{"allow":["GET"]}}],"collection":[{"href":"https:\/\/vapestornado.com\/sv\/wp-json\/wp\/v2\/product"}],"about":[{"href":"https:\/\/vapestornado.com\/sv\/wp-json\/wp\/v2\/types\/product"}],"replies":[{"embeddable":true,"href":"https:\/\/vapestornado.com\/sv\/wp-json\/wp\/v2\/comments?post=3928"}],"wp:featuredmedia":[{"embeddable":true,"href":"https:\/\/vapestornado.com\/sv\/wp-json\/wp\/v2\/media\/3921"}],"wp:attachment":[{"href":"https:\/\/vapestornado.com\/sv\/wp-json\/wp\/v2\/media?parent=3928"}],"wp:term":[{"taxonomy":"product_brand","embeddable":true,"href":"https:\/\/vapestornado.com\/sv\/wp-json\/wp\/v2\/product_brand?post=3928"},{"taxonomy":"product_cat","embeddable":true,"href":"https:\/\/vapestornado.com\/sv\/wp-json\/wp\/v2\/product_cat?post=3928"},{"taxonomy":"product_tag","embeddable":true,"href":"https:\/\/vapestornado.com\/sv\/wp-json\/wp\/v2\/product_tag?post=3928"}],"curies":[{"name":"wp","href":"https:\/\/api.w.org\/{rel}","templated":true}]}}