{"id":3863,"date":"2025-03-17T02:44:11","date_gmt":"2025-03-17T02:44:11","guid":{"rendered":"https:\/\/vapestornado.com\/?post_type=product&#038;p=3863"},"modified":"2025-08-22T11:44:19","modified_gmt":"2025-08-22T11:44:19","slug":"factory-wholesale-waspe-tornado-15000-puff-15k-vape-pen-kit","status":"publish","type":"product","link":"https:\/\/vapestornado.com\/sv\/product\/factory-wholesale-waspe-tornado-15000-puff-15k-vape-pen-kit\/","title":{"rendered":"Fabriksgrossist Waspe Tornado 15000 Puff 15K Vape Pen Kit"},"content":{"rendered":"<h1 data-pm-slice=\"1 1 []\">Fabriksgrossist Waspe Tornado 15000 Puff 15K Vape Pen Kit<\/h1>\n<h3 data-start=\"0\" data-end=\"98\"><strong data-start=\"4\" data-end=\"96\">Fabriksgrossist Waspe Tornado Puff 15000 Vape Pennsats \u2013 Uppladdningsbar<\/strong><\/h3>\n<p data-start=\"100\" data-end=\"562\">Den <strong data-start=\"302\" data-end=\"343\">Waspe Tornado 15000 Puff Vape Pen Kit<\/strong> \u00e4r konstruerad f\u00f6r prestanda, bekv\u00e4mlighet och grossistv\u00e4rde. Med en <strong data-start=\"416\" data-end=\"442\">22ml e-v\u00e4tskekapacitet<\/strong> och upp till <strong data-start=\"453\" data-end=\"469\">15 000 bloss<\/strong>s\u00e4kerst\u00e4ller den l\u00e5ngvarig anv\u00e4ndning, vilket g\u00f6r den till ett starkt val f\u00f6r b\u00e5de \u00e5terf\u00f6rs\u00e4ljare och slutanv\u00e4ndare.<\/p>\n<h4 data-start=\"564\" data-end=\"618\"><strong data-start=\"569\" data-end=\"616\">15000 Puffar \u2013 Ut\u00f6kad Vaping-tillfredsst\u00e4llelse<\/strong><\/h4>\n<p data-start=\"619\" data-end=\"834\">Med imponerande <strong data-start=\"638\" data-end=\"665\">15,000 puffar per enhet<\/strong>, s\u00e4kerst\u00e4ller Waspe Tornado 15K <strong data-start=\"697\" data-end=\"717\">l\u00e5ngvarig anv\u00e4ndning<\/strong>, vilket g\u00f6r det till ett kostnadseffektivt val f\u00f6r b\u00e5de <strong data-start=\"762\" data-end=\"793\">fritidsvapers och \u00e5terf\u00f6rs\u00e4ljare<\/strong> som letar efter <strong data-start=\"806\" data-end=\"831\">bulk eng\u00e5ngsvapes<\/strong>.<\/p>\n<h4 data-start=\"836\" data-end=\"895\"><strong data-start=\"841\" data-end=\"893\">Uppladdningsbart 850mAh-batteri \u2013 Ingen E-v\u00e4tska g\u00e5r till spillo<\/strong><\/h4>\n<p data-start=\"896\" data-end=\"1166\">Till skillnad fr\u00e5n traditionella eng\u00e5ngsartiklar \u00e4r denna <strong data-start=\"933\" data-end=\"961\">vape-penna uppladdningsbar<\/strong>, vilket g\u00f6r att du kan njuta av varje droppe av <strong data-start=\"999\" data-end=\"1027\">22 ml f\u00f6rfylld e-v\u00e4tska<\/strong>. Den <strong data-start=\"1033\" data-end=\"1051\">850mAh batteri<\/strong> ger p\u00e5litlig kraft, och med <strong data-start=\"1086\" data-end=\"1110\">Typ-C snabbladdning<\/strong>spenderar du mindre tid p\u00e5 att v\u00e4nta och mer tid p\u00e5 att vejpa.<\/p>\n<h4 data-start=\"1168\" data-end=\"1216\"><strong data-start=\"1173\" data-end=\"1214\">LCD digital display \u2013 Ha kontroll<\/strong><\/h4>\n<p data-start=\"1217\" data-end=\"1406\">Gl\u00f6m att gissa n\u00e4r det \u00e4r dags att ladda! Den inbyggda <strong data-start=\"1274\" data-end=\"1288\">LCD-sk\u00e4rmen<\/strong> ger dig uppdateringar i realtid om din <strong data-start=\"1325\" data-end=\"1361\">batteritid och e-v\u00e4tskeniv\u00e5er<\/strong>, vilket garanterar en problemfri vapingupplevelse.<\/p>\n<h4 data-start=\"1408\" data-end=\"1475\"><strong data-start=\"1413\" data-end=\"1473\">Mesh Coil-teknik \u2013 Maximal smak<\/strong><\/h4>\n<p data-start=\"1476\" data-end=\"1716\">Utrustad med en <strong data-start=\"1493\" data-end=\"1515\">avancerade mesh coil<\/strong>, levererar Waspe 15000 <strong data-start=\"1542\" data-end=\"1571\">rika, fylliga smaker<\/strong> med varje puff. Oavsett om du \u00e4lskar <strong data-start=\"1606\" data-end=\"1645\">fruktiga, isiga eller l\u00e4skinspirerade vapes<\/strong>, den <strong data-start=\"1651\" data-end=\"1674\">12-smakars urval<\/strong> s\u00e4kerst\u00e4ller att det finns n\u00e5got f\u00f6r alla.<\/p>\n<h4 data-start=\"1718\" data-end=\"1773\"><strong data-start=\"1723\" data-end=\"1771\">Alternativ f\u00f6r nikotinstyrka \u2013 0%, 2%, 3%,<\/strong><\/h4>\n<p data-start=\"1774\" data-end=\"1901\">F\u00f6r att tillgodose alla vejpare, erbjuder Waspe Tornado 15000 <strong data-start=\"1829\" data-end=\"1867\">flera alternativ f\u00f6r nikotinstyrka<\/strong> f\u00f6r att matcha olika preferenser:<\/p>\n<ul data-start=\"1902\" data-end=\"2150\">\n<li data-start=\"1902\" data-end=\"1992\"><strong data-start=\"1904\" data-end=\"1926\">0% (nikotinfri)<\/strong> \u2013 Perfekt f\u00f6r smaks\u00f6kare som f\u00f6redrar en ren, mjuk upplevelse.<\/li>\n<li data-start=\"1993\" data-end=\"2059\"><strong data-start=\"1995\" data-end=\"2006\">2%<\/strong> \u2013 Balanserad nikotinstyrka f\u00f6r moderata vejpare.<\/li>\n<li data-start=\"2060\" data-end=\"2150\"><strong data-start=\"2062\" data-end=\"2075\">5% (50mg)<\/strong> \u2013 Kraftfull nikotinkick f\u00f6r dig som gillar en mer intensiv vapingupplevelse.<\/li>\n<\/ul>\n<h4 data-start=\"2152\" data-end=\"2204\"><strong data-start=\"2157\" data-end=\"2202\">Partipriser<\/strong><\/h4>\n<p data-start=\"2205\" data-end=\"2410\">Waspe Tornado Puff 15000 \u00e4r perfekt f\u00f6r \u00e4gare av vapebutiker, distribut\u00f6rer och stork\u00f6pare och finns tillg\u00e4nglig till <strong data-start=\"2311\" data-end=\"2335\">l\u00e5ga grossistpriser<\/strong>. Best\u00e4ll i storpack och <strong data-start=\"2355\" data-end=\"2407\">f\u00e5 h\u00f6gkvalitativa eng\u00e5ngsvapes till oslagbara priser<\/strong>.<\/p>\n<p><strong><span style=\"color: #ff0000;\">L\u00e4gg till Amys WhatsApp f\u00f6r att f\u00e5 r\u00e4tt svar och rabatterat pris!<\/span><\/strong><\/p>\n<p><img fetchpriority=\"high\" decoding=\"async\" class=\"size-full wp-image-2932\" src=\"https:\/\/vapestornado.com\/wp-content\/uploads\/2024\/12\/Vape-Wholesale.jpg\" alt=\"Vape Partihandel\" width=\"229\" height=\"300\" \/><\/p>\n<h3><a href=\"https:\/\/wa.me\/8617776015835\" target=\"_blank\" rel=\"noopener\"><span style=\"color: #ff0000;\"><strong>WhatsApp: +86 17776015835<\/strong><\/span><\/a><\/h3>\n<p>&nbsp;<\/p>\n<h2><strong>Waspe Tornado 15000 Puff \u2013 Viktiga produktegenskaper<\/strong><\/h2>\n<p>M\u00e4rke: WASPE<br \/>\nPuffar: 15000<br \/>\nBatteri: 850 mAh, uppladdningsbart<br \/>\nDisplay: LED Digital Display<br \/>\nNikotin: 0% 2% 3% 5%<br \/>\nV\u00e4tskekapacitet: 22 ml<br \/>\nSpole: Mesh-spole<\/p>\n<figure id=\"attachment_3847\" aria-describedby=\"caption-attachment-3847\" style=\"width: 800px\" class=\"wp-caption alignnone\"><img decoding=\"async\" class=\"wp-image-3847 size-full\" src=\"https:\/\/vapestornado.com\/wp-content\/uploads\/2025\/03\/Tornado-15k-Puff-Waspe-Vape.webp\" alt=\"Tornado 15k Puff Waspe Vape\" width=\"800\" height=\"800\" srcset=\"https:\/\/vapestornado.com\/wp-content\/uploads\/2025\/03\/Tornado-15k-Puff-Waspe-Vape.webp 800w, https:\/\/vapestornado.com\/wp-content\/uploads\/2025\/03\/Tornado-15k-Puff-Waspe-Vape-300x300.webp 300w, https:\/\/vapestornado.com\/wp-content\/uploads\/2025\/03\/Tornado-15k-Puff-Waspe-Vape-150x150.webp 150w, https:\/\/vapestornado.com\/wp-content\/uploads\/2025\/03\/Tornado-15k-Puff-Waspe-Vape-768x768.webp 768w, https:\/\/vapestornado.com\/wp-content\/uploads\/2025\/03\/Tornado-15k-Puff-Waspe-Vape-600x600.webp 600w, https:\/\/vapestornado.com\/wp-content\/uploads\/2025\/03\/Tornado-15k-Puff-Waspe-Vape-100x100.webp 100w\" sizes=\"(max-width: 800px) 100vw, 800px\" \/><figcaption id=\"caption-attachment-3847\" class=\"wp-caption-text\">Tornado 15k Puff Waspe Vape<\/figcaption><\/figure>\n<h2 class=\"product-title\"><strong>Lista \u00f6ver smaker f\u00f6r Waspe Tornado 15k Smart Vape<\/strong><\/h2>\n<article class=\"group\/turn w-full text-token-text-primary focus-visible:outline-2 focus-visible:outline-offset-[-4px]\" dir=\"auto\" data-testid=\"conversation-turn-61\" data-scroll-anchor=\"true\">\n<div class=\"text-base my-auto mx-auto py-[18px] px-6\">\n<div class=\"mx-auto flex flex-1 text-base gap-4 md:gap-5 lg:gap-6 md:max-w-3xl lg:max-w-[40rem] xl:max-w-[48rem]\">\n<div class=\"group\/conversation-turn relative flex w-full min-w-0 flex-col agent-turn @xs\/thread:px-0 @sm\/thread:px-1.5 @md\/thread:px-4\">\n<div class=\"flex-col gap-1 md:gap-3\">\n<div class=\"flex max-w-full flex-col flex-grow\">\n<div class=\"min-h-8 text-message relative flex w-full flex-col items-end gap-2 whitespace-normal break-words text-start [.text-message+&amp;]:mt-5\" dir=\"auto\" data-message-author-role=\"assistant\" data-message-id=\"762d7e41-70d5-4ddf-94cb-85ef5025d3a8\" data-message-model-slug=\"gpt-4o\">\n<div class=\"flex w-full flex-col gap-1 empty:hidden first:pt-[3px]\">\n<div class=\"markdown prose w-full break-words dark:prose-invert light\">\n<p>1. Watermelon Ice <strong><span style=\"color: #ff0000;\">&gt;&gt;&gt;&gt; Het!<\/span><\/strong><br \/>\n2. Jordgubbs vattenmelon <strong><span style=\"color: #ff0000;\">&gt;&gt;&gt;&gt; Het!<\/span><\/strong><br \/>\n3. Apelsinsoda<br \/>\n4. Dubbel \u00c4pple<br \/>\n5. Jordgubbs Kiwi <strong><span style=\"color: #ff0000;\">&gt;&gt;&gt;&gt; Het!<\/span><\/strong><br \/>\n6. K\u00f6rsb\u00e4r Ice<br \/>\n7. Aloe Druva<br \/>\n8. Blandade b\u00e4r <strong><span style=\"color: #ff0000;\">&gt;&gt;&gt;&gt; B\u00e4st!<\/span><\/strong><br \/>\n9. Bl\u00e5b\u00e4rsglass<br \/>\n10. Jordgubb och Mango <strong><span style=\"color: #ff0000;\">&gt;&gt;&gt;&gt; Het!<\/span><\/strong><br \/>\n11. Bl\u00e5 hallon och Citron<br \/>\n12. Persikoglass <strong><span style=\"color: #ff0000;\">&gt;&gt;&gt;&gt; Het!<\/span><\/strong><\/p>\n<\/div>\n<\/div>\n<\/div>\n<\/div>\n<\/div>\n<\/div>\n<\/div>\n<\/div>\n<\/article>\n<article class=\"w-full text-token-text-primary focus-visible:outline-2 focus-visible:outline-offset-[-4px]\" dir=\"auto\" data-testid=\"conversation-turn-32\" data-scroll-anchor=\"false\">\n<div class=\"m-auto text-base py-[18px] px-6\">\n<div class=\"mx-auto flex flex-1 text-base gap-4 md:gap-5 lg:gap-6 md:max-w-3xl lg:max-w-[40rem] xl:max-w-[48rem]\">\n<div class=\"group\/conversation-turn relative flex w-full min-w-0 flex-col @xs\/thread:px-0 @sm\/thread:px-1.5 @md\/thread:px-4\">\n<div class=\"flex-col gap-1 md:gap-3\">\n<div class=\"flex max-w-full flex-col flex-grow\">\n<div class=\"min-h-8 text-message flex w-full flex-col items-end gap-2 whitespace-normal break-words text-start [.text-message+&amp;]:mt-5\" dir=\"auto\" data-message-author-role=\"user\" data-message-id=\"ffac41ca-1db4-431b-873a-32c4052956f1\">\n<div class=\"flex w-full flex-col gap-1 empty:hidden items-end rtl:items-start\">\n<div class=\"relative max-w-[var(--user-chat-width,70%)] rounded-3xl bg-token-message-surface px-5 py-2.5\">\n<div class=\"absolute bottom-0 right-full top-0 -mr-3.5 hidden pr-5 pt-2 [.group\/conversation-turn:hover_&amp;]:flex\">\n<div class=\"flex\">\n<article class=\"w-full text-token-text-primary focus-visible:outline-2 focus-visible:outline-offset-[-4px]\" dir=\"auto\" data-testid=\"conversation-turn-39\" data-scroll-anchor=\"true\">\n<div class=\"m-auto text-base py-[18px] px-6\">\n<div class=\"mx-auto flex flex-1 text-base gap-4 md:gap-5 lg:gap-6 md:max-w-3xl lg:max-w-[40rem] xl:max-w-[48rem]\">\n<div class=\"group\/conversation-turn relative flex w-full min-w-0 flex-col agent-turn @xs\/thread:px-0 @sm\/thread:px-1.5 @md\/thread:px-4\">\n<div class=\"flex-col gap-1 md:gap-3\">\n<div class=\"flex max-w-full flex-col flex-grow\">\n<div class=\"min-h-8 text-message flex w-full flex-col items-end gap-2 whitespace-normal break-words text-start [.text-message+&amp;]:mt-5\" dir=\"auto\" data-message-author-role=\"assistant\" data-message-id=\"55a23854-ec57-48dd-bd4f-6118f43d6241\" data-message-model-slug=\"gpt-4o\">\n<div class=\"flex w-full flex-col gap-1 empty:hidden first:pt-[3px]\">\n<div class=\"markdown prose w-full break-words dark:prose-invert light\"><\/div>\n<\/div>\n<\/div>\n<\/div>\n<\/div>\n<\/div>\n<\/div>\n<\/div>\n<\/article>\n<\/div>\n<\/div>\n<\/div>\n<\/div>\n<\/div>\n<\/div>\n<\/div>\n<\/div>\n<\/div>\n<\/div>\n<\/article>\n<h3>Varf\u00f6r v\u00e4lja Vapestornado f\u00f6r massbest\u00e4llning av Waspe Tornado 15k Digital Vape?<\/h3>\n<div class=\"flex-shrink-0 flex flex-col relative items-end\">\n<div class=\"pt-0\">\n<div class=\"gizmo-bot-avatar flex h-8 w-8 items-center justify-center overflow-hidden rounded-full\">\n<div class=\"relative p-1 rounded-sm flex items-center justify-center bg-token-main-surface-primary text-token-text-primary h-8 w-8\">\n<p data-start=\"75\" data-end=\"479\">N\u00e4r det g\u00e4ller <strong data-start=\"92\" data-end=\"117\">bulk eng\u00e5ngsvapes<\/strong>, <strong data-start=\"119\" data-end=\"152\">Vapestornado online vape butik<\/strong> \u00e4r den b\u00e4sta destinationen f\u00f6r <strong data-start=\"182\" data-end=\"202\">grossistk\u00f6pare<\/strong> som letar efter <strong data-start=\"215\" data-end=\"257\">\u00f6verkomliga priser och f\u00f6rstklassig kvalitet<\/strong>. Vi erbjuder <strong data-start=\"268\" data-end=\"299\">exklusiva grossistpriser<\/strong> p\u00e5 <strong data-start=\"307\" data-end=\"333\">WASPE 15000 Puffar Vape<\/strong>, vilket g\u00f6r att \u00e5terf\u00f6rs\u00e4ljare och distribut\u00f6rer kan lagra en av de mest efterfr\u00e5gade <strong data-start=\"412\" data-end=\"445\">uppladdningsbara eng\u00e5ngsvaporna<\/strong> med en <strong data-start=\"453\" data-end=\"476\">digital LCD-sk\u00e4rm<\/strong>.<\/p>\n<\/div>\n<div class=\"relative p-1 rounded-sm flex items-center justify-center bg-token-main-surface-primary text-token-text-primary h-8 w-8\">\n<h3>Vanliga fr\u00e5gor f\u00f6r Waspe Tornado 15k Eng\u00e5ngs-e-cigarett<\/h3>\n<p data-start=\"2462\" data-end=\"2654\"><strong data-start=\"2462\" data-end=\"2522\">1. Hur l\u00e4nge h\u00e5ller Waspe Tornado Puff 15000 Vape?<\/strong><br data-start=\"2522\" data-end=\"2525\" \/>Med <strong data-start=\"2530\" data-end=\"2557\">15,000 puffar per enhet<\/strong>, \u00e4r denna vape designad f\u00f6r l\u00e5ngvarig anv\u00e4ndning. Den faktiska livsl\u00e4ngden beror p\u00e5 hur ofta du vejpar.<\/p>\n<p data-start=\"2656\" data-end=\"2835\"><strong data-start=\"2656\" data-end=\"2706\">2. \u00c4r Waspe 15000 Puffs Vape uppladdningsbar?<\/strong><br data-start=\"2706\" data-end=\"2709\" \/>Ja! Den har en <strong data-start=\"2729\" data-end=\"2760\">850mAh uppladdningsbart batteri<\/strong> med <strong data-start=\"2766\" data-end=\"2785\">Typ-C-laddning<\/strong>, vilket garanterar maximal effektivitet och minimalt avfall.<\/p>\n<p data-start=\"2837\" data-end=\"3005\"><strong data-start=\"2837\" data-end=\"2875\">3. Vad visar LCD-sk\u00e4rmen?<\/strong><br data-start=\"2875\" data-end=\"2878\" \/>Den <strong data-start=\"2882\" data-end=\"2896\">LCD-sk\u00e4rmen<\/strong> ger realtidsuppdateringar om <strong data-start=\"2927\" data-end=\"2963\">batteritid och e-v\u00e4tskeniv\u00e5er<\/strong>, vilket g\u00f6r det enkelt att \u00f6vervaka din enhet.<\/p>\n<p data-start=\"3007\" data-end=\"3175\"><strong data-start=\"3007\" data-end=\"3052\">4. Vilka nikotinstyrkor finns tillg\u00e4ngliga?<\/strong><br data-start=\"3052\" data-end=\"3055\" \/>Denna vape finns i <strong data-start=\"3074\" data-end=\"3115\">0%, 2%, 3% och 5% nikotinstyrka<\/strong>, vilket g\u00f6r att anv\u00e4ndare kan v\u00e4lja sin f\u00f6redragna nikotinniv\u00e5.<\/p>\n<p data-start=\"3177\" data-end=\"3407\"><strong data-start=\"3177\" data-end=\"3244\">5. Var kan jag k\u00f6pa Waspe Tornado 15000 till grossistpriser?<\/strong><br data-start=\"3244\" data-end=\"3247\" \/>F\u00f6r <strong data-start=\"3251\" data-end=\"3293\">massk\u00f6p och grossistrabatter<\/strong>, bes\u00f6k <strong data-start=\"3301\" data-end=\"3334\">Vapestornado online vape butik<\/strong>, din betrodda k\u00e4lla f\u00f6r <strong data-start=\"3360\" data-end=\"3404\">prisv\u00e4rda uppladdningsbara eng\u00e5ngsvapes<\/strong>.<\/p>\n<\/div>\n<\/div>\n<\/div>\n<\/div>","protected":false},"excerpt":{"rendered":"<p>Grossist Waspe Tornado 15000 Puff L\u00e5g Nikotin Eng\u00e5ngsvape<br \/>\nWaspe Tornado 15K Eng\u00e5ngsvape Pennsats Fabrikspris<br \/>\nWASPE 15000 Eng\u00e5ngspod med Digital Sk\u00e4rm B\u00e4sta Smak till Salu<\/p>\n<p><strong>L\u00e4gg till Amys whatsapp f\u00f6r att f\u00e5 r\u00e4tt svar och rabatterat pris!<\/strong><\/p>\n<p><img fetchpriority=\"high\" decoding=\"async\" class=\"size-full wp-image-2932\" src=\"https:\/\/vapestornado.com\/wp-content\/uploads\/2024\/12\/Vape-Wholesale.jpg\" alt=\"Vape Partihandel\" width=\"229\" height=\"300\" \/><\/p>\n<h3><a href=\"https:\/\/wa.me\/8617776015835\"><span style=\"color: #ff0000;\"><strong>WhatsApp: +86 17776015835<\/strong><\/span><\/a><\/h3>\n<p>&nbsp;<\/p>","protected":false},"featured_media":3846,"comment_status":"open","ping_status":"closed","template":"","meta":{"_acf_changed":false,"_uag_custom_page_level_css":"","_lmt_disableupdate":"no","_lmt_disable":"","_monsterinsights_skip_tracking":false,"_monsterinsights_sitenote_active":false,"_monsterinsights_sitenote_note":"","_monsterinsights_sitenote_category":0,"site-sidebar-layout":"default","site-content-layout":"","ast-site-content-layout":"default","site-content-style":"default","site-sidebar-style":"default","ast-global-header-display":"","ast-banner-title-visibility":"","ast-main-header-display":"","ast-hfb-above-header-display":"","ast-hfb-below-header-display":"","ast-hfb-mobile-header-display":"","site-post-title":"","ast-breadcrumbs-content":"","ast-featured-img":"","footer-sml-layout":"","ast-disable-related-posts":"","theme-transparent-header-meta":"default","adv-header-id-meta":"","stick-header-meta":"","header-above-stick-meta":"","header-main-stick-meta":"","header-below-stick-meta":"","astra-migrate-meta-layouts":"set","ast-page-background-enabled":"default","ast-page-background-meta":{"desktop":{"background-color":"","background-image":"","background-repeat":"repeat","background-position":"center center","background-size":"auto","background-attachment":"scroll","background-type":"","background-media":"","overlay-type":"","overlay-color":"","overlay-opacity":"","overlay-gradient":""},"tablet":{"background-color":"","background-image":"","background-repeat":"repeat","background-position":"center center","background-size":"auto","background-attachment":"scroll","background-type":"","background-media":"","overlay-type":"","overlay-color":"","overlay-opacity":"","overlay-gradient":""},"mobile":{"background-color":"","background-image":"","background-repeat":"repeat","background-position":"center center","background-size":"auto","background-attachment":"scroll","background-type":"","background-media":"","overlay-type":"","overlay-color":"","overlay-opacity":"","overlay-gradient":""}},"ast-content-background-meta":{"desktop":{"background-color":"var(--ast-global-color-5)","background-image":"","background-repeat":"repeat","background-position":"center center","background-size":"auto","background-attachment":"scroll","background-type":"","background-media":"","overlay-type":"","overlay-color":"","overlay-opacity":"","overlay-gradient":""},"tablet":{"background-color":"var(--ast-global-color-5)","background-image":"","background-repeat":"repeat","background-position":"center center","background-size":"auto","background-attachment":"scroll","background-type":"","background-media":"","overlay-type":"","overlay-color":"","overlay-opacity":"","overlay-gradient":""},"mobile":{"background-color":"var(--ast-global-color-5)","background-image":"","background-repeat":"repeat","background-position":"center center","background-size":"auto","background-attachment":"scroll","background-type":"","background-media":"","overlay-type":"","overlay-color":"","overlay-opacity":"","overlay-gradient":""}},"_joinchat":{"telephone":"17776015835"}},"product_brand":[],"product_cat":[19,71,152,154,142,148],"product_tag":[97,94,241,93,259,258],"class_list":{"0":"post-3863","1":"product","2":"type-product","3":"status-publish","4":"has-post-thumbnail","6":"product_cat-vapes","7":"product_cat-15000-puff","8":"product_cat-buy-disposable-vapes-in-cermany","9":"product_cat-buy-disposable-vapes-in-netherlands","10":"product_cat-digital-box-disposable-vapes","11":"product_cat-tornado-disposable-vapes","12":"product_tag-hot-sale-disposable-vape","13":"product_tag-rechargeable-disposable-vape","14":"product_tag-smart-screen-disposable-vape","15":"product_tag-vape-wholesale","16":"product_tag-waspe-tornado-15000","17":"product_tag-waspe-tornado-15k","18":"desktop-align-left","19":"tablet-align-left","20":"mobile-align-left","22":"first","23":"instock","24":"sale","25":"shipping-taxable","26":"purchasable","27":"product-type-simple"},"acf":[],"uagb_featured_image_src":{"full":["https:\/\/vapestornado.com\/wp-content\/uploads\/2025\/03\/Best-Selling-Disposable-Vape-Waspe-15000-Puffs.webp",800,800,false],"thumbnail":["https:\/\/vapestornado.com\/wp-content\/uploads\/2025\/03\/Best-Selling-Disposable-Vape-Waspe-15000-Puffs-150x150.webp",150,150,true],"medium":["https:\/\/vapestornado.com\/wp-content\/uploads\/2025\/03\/Best-Selling-Disposable-Vape-Waspe-15000-Puffs-300x300.webp",300,300,true],"medium_large":["https:\/\/vapestornado.com\/wp-content\/uploads\/2025\/03\/Best-Selling-Disposable-Vape-Waspe-15000-Puffs-768x768.webp",768,768,true],"large":["https:\/\/vapestornado.com\/wp-content\/uploads\/2025\/03\/Best-Selling-Disposable-Vape-Waspe-15000-Puffs.webp",800,800,false],"1536x1536":["https:\/\/vapestornado.com\/wp-content\/uploads\/2025\/03\/Best-Selling-Disposable-Vape-Waspe-15000-Puffs.webp",800,800,false],"2048x2048":["https:\/\/vapestornado.com\/wp-content\/uploads\/2025\/03\/Best-Selling-Disposable-Vape-Waspe-15000-Puffs.webp",800,800,false],"trp-custom-language-flag":["https:\/\/vapestornado.com\/wp-content\/uploads\/2025\/03\/Best-Selling-Disposable-Vape-Waspe-15000-Puffs.webp",12,12,false],"woocommerce_thumbnail":["https:\/\/vapestornado.com\/wp-content\/uploads\/2025\/03\/Best-Selling-Disposable-Vape-Waspe-15000-Puffs-300x300.webp",300,300,true],"woocommerce_single":["https:\/\/vapestornado.com\/wp-content\/uploads\/2025\/03\/Best-Selling-Disposable-Vape-Waspe-15000-Puffs-600x600.webp",600,600,true],"woocommerce_gallery_thumbnail":["https:\/\/vapestornado.com\/wp-content\/uploads\/2025\/03\/Best-Selling-Disposable-Vape-Waspe-15000-Puffs-100x100.webp",100,100,true]},"uagb_author_info":{"display_name":"ESAMY","author_link":"https:\/\/vapestornado.com\/sv\/author\/"},"uagb_comment_info":0,"uagb_excerpt":"Wholesale Waspe Tornado 15000 Puff Low Nicotine Disposable Vape Waspe Tornado 15K Disposable Vape Pen Kit\u00a0 Factory Price WASPE 15000 Digital Screen Disposable Pod Best Flavor on Sale Add Amy's whatsapp to get right reply and discount price! WhatsApp: +86 17776015835 &nbsp;","_links":{"self":[{"href":"https:\/\/vapestornado.com\/sv\/wp-json\/wp\/v2\/product\/3863","targetHints":{"allow":["GET"]}}],"collection":[{"href":"https:\/\/vapestornado.com\/sv\/wp-json\/wp\/v2\/product"}],"about":[{"href":"https:\/\/vapestornado.com\/sv\/wp-json\/wp\/v2\/types\/product"}],"replies":[{"embeddable":true,"href":"https:\/\/vapestornado.com\/sv\/wp-json\/wp\/v2\/comments?post=3863"}],"wp:featuredmedia":[{"embeddable":true,"href":"https:\/\/vapestornado.com\/sv\/wp-json\/wp\/v2\/media\/3846"}],"wp:attachment":[{"href":"https:\/\/vapestornado.com\/sv\/wp-json\/wp\/v2\/media?parent=3863"}],"wp:term":[{"taxonomy":"product_brand","embeddable":true,"href":"https:\/\/vapestornado.com\/sv\/wp-json\/wp\/v2\/product_brand?post=3863"},{"taxonomy":"product_cat","embeddable":true,"href":"https:\/\/vapestornado.com\/sv\/wp-json\/wp\/v2\/product_cat?post=3863"},{"taxonomy":"product_tag","embeddable":true,"href":"https:\/\/vapestornado.com\/sv\/wp-json\/wp\/v2\/product_tag?post=3863"}],"curies":[{"name":"wp","href":"https:\/\/api.w.org\/{rel}","templated":true}]}}