{"id":3862,"date":"2025-03-17T02:07:39","date_gmt":"2025-03-17T02:07:39","guid":{"rendered":"https:\/\/vapestornado.com\/?post_type=product&#038;p=3862"},"modified":"2025-08-23T09:08:02","modified_gmt":"2025-08-23T09:08:02","slug":"fihp-digital-box-12000-puffs-wholesale-disposable-vapes-2-5-low-nicotine-rechargeable-bulk-price","status":"publish","type":"product","link":"https:\/\/vapestornado.com\/sv\/product\/fihp-digital-box-12000-puffs-wholesale-disposable-vapes-2-5-low-nicotine-rechargeable-bulk-price\/","title":{"rendered":"FIHP Digital Box 12000 Puffar Eng\u00e5ngs Vape Grossist 2% 5% L\u00e5g Nikotin Uppladdningsbar Bulk Pris"},"content":{"rendered":"<h1 data-pm-slice=\"1 1 []\">FIHP Digital Box 12000 Puffar Eng\u00e5ngs Vape Grossist 2% 5% L\u00e5g Nikotin Uppladdningsbar Bulk Pris<\/h1>\n<h2 data-start=\"0\" data-end=\"86\"><strong data-start=\"4\" data-end=\"84\">FIHP Digital Box 12000 Puffar \u2013 Uppladdningsbar Eng\u00e5ngsvape med LED-Display<\/strong><\/h2>\n<p data-start=\"324\" data-end=\"581\">Den <strong data-start=\"328\" data-end=\"376\">FIHP Digital Box 12000 Puff Eng\u00e5ngs Vape<\/strong> \u00e4r designad f\u00f6r vejpare som vill ha ut\u00f6kad prestanda och bekv\u00e4mlighet. Med upp till <strong data-start=\"458\" data-end=\"474\">12 000 puffar<\/strong> och en <strong data-start=\"481\" data-end=\"518\">20 ml f\u00f6rfylld e-v\u00e4tskekapacitet<\/strong>ger den l\u00e5ngvarig anv\u00e4ndning med konsekvent smaks\u00e4ttning.<\/p>\n<p data-start=\"583\" data-end=\"835\">Drivs av ett <strong data-start=\"596\" data-end=\"627\">650mAh uppladdningsbart batteri<\/strong> och <strong data-start=\"632\" data-end=\"656\">Typ-C snabbladdning<\/strong>s\u00e4kerst\u00e4ller denna enhet maximal effektivitet utan sl\u00f6sad e-v\u00e4tska. Den <strong data-start=\"726\" data-end=\"749\">LED digital display<\/strong> visar puffr\u00e4kning och batteritid i realtid, vilket ger anv\u00e4ndarna kontroll hela tiden.<\/p>\n<p data-start=\"837\" data-end=\"1032\">Utrustad med en <strong data-start=\"853\" data-end=\"871\">1.0\u03a9 n\u00e4tspole<\/strong>levererar FIHP 12K mjuk \u00e5nga och rik smak i varje drag. Finns i <strong data-start=\"952\" data-end=\"984\">2% och 5% nikotinstyrkor<\/strong>tillgodoser den b\u00e5de m\u00e5ttliga och tunga vejpare.<\/p>\n<p data-start=\"1034\" data-end=\"1225\">F\u00f6r grossister och \u00e5terf\u00f6rs\u00e4ljare, den <strong data-start=\"1069\" data-end=\"1101\">FIHP Digital Box 12000 Puffar<\/strong> erbjuder stark marknadsattraktion med m\u00e4ngdrabatter och p\u00e5litlig leverans, vilket g\u00f6r det till ett l\u00f6nsamt val f\u00f6r inventering 2025.<\/p>\n<h2 data-start=\"2173\" data-end=\"2228\"><strong data-start=\"2178\" data-end=\"2226\">Grossistpriser<\/strong><\/h2>\n<p data-start=\"2229\" data-end=\"2480\">Perfekt f\u00f6r \u00e5terf\u00f6rs\u00e4ljare, \u00e4gare av vapebutiker och stork\u00f6pare, den <strong data-start=\"2291\" data-end=\"2328\">FIHP Digital Box 12000 Puffar Vape<\/strong> finns tillg\u00e4nglig hos <strong data-start=\"2345\" data-end=\"2369\">l\u00e5ga grossistpriser<\/strong>. Om du letar efter den <strong data-start=\"2399\" data-end=\"2429\">b\u00e4sta bulk eng\u00e5ngs vapes<\/strong>, detta \u00e4r ett m\u00e5ste i ditt lager.<\/p>\n<p><strong><span style=\"color: #ff0000;\">L\u00e4gg till Amys WhatsApp f\u00f6r att f\u00e5 r\u00e4tt svar och rabatterat pris!<\/span><\/strong><\/p>\n<p><img fetchpriority=\"high\" decoding=\"async\" class=\"size-full wp-image-2932\" src=\"https:\/\/vapestornado.com\/wp-content\/uploads\/2024\/12\/Vape-Wholesale.jpg\" alt=\"Vape Partihandel\" width=\"229\" height=\"300\" \/><\/p>\n<h3><a href=\"https:\/\/wa.me\/8617776015835\" target=\"_blank\" rel=\"noopener\"><span style=\"color: #ff0000;\"><strong>WhatsApp: +86 17776015835<\/strong><\/span><\/a><\/h3>\n<p>&nbsp;<\/p>\n<h2><strong>FIHP Digital Box 12000 Puffs Viktiga produktfunktioner<\/strong><\/h2>\n<p>M\u00e4rke: FIHP<br \/>\nPuffar: 12000 puffar<br \/>\nK\u00e4rna: Mesh coil 1.0ohm<br \/>\nE-v\u00e4tska: 20 ml kapacitet<br \/>\nNikotin: 2% och 5%<br \/>\nBatteri: 650mAh<br \/>\nUppladdningsbar: Typ-C<br \/>\nDisplay: LED-display f\u00f6r olja och batteri<\/p>\n<h2 class=\"product-title\"><strong>FIHP Digital Box 12k Smart Vape Smaker Lista<\/strong><\/h2>\n<article class=\"group\/turn w-full text-token-text-primary focus-visible:outline-2 focus-visible:outline-offset-[-4px]\" dir=\"auto\" data-testid=\"conversation-turn-61\" data-scroll-anchor=\"true\">\n<div class=\"text-base my-auto mx-auto py-[18px] px-6\">\n<div class=\"mx-auto flex flex-1 text-base gap-4 md:gap-5 lg:gap-6 md:max-w-3xl lg:max-w-[40rem] xl:max-w-[48rem]\">\n<div class=\"group\/conversation-turn relative flex w-full min-w-0 flex-col agent-turn @xs\/thread:px-0 @sm\/thread:px-1.5 @md\/thread:px-4\">\n<div class=\"flex-col gap-1 md:gap-3\">\n<div class=\"flex max-w-full flex-col flex-grow\">\n<div class=\"min-h-8 text-message relative flex w-full flex-col items-end gap-2 whitespace-normal break-words text-start [.text-message+&amp;]:mt-5\" dir=\"auto\" data-message-author-role=\"assistant\" data-message-id=\"762d7e41-70d5-4ddf-94cb-85ef5025d3a8\" data-message-model-slug=\"gpt-4o\">\n<div class=\"flex w-full flex-col gap-1 empty:hidden first:pt-[3px]\">\n<div class=\"markdown prose w-full break-words dark:prose-invert light\">\n<p>01. Frodig is <strong><span style=\"color: #ff0000;\">&gt;&gt;&gt;&gt; Het!<\/span><\/strong><br \/>\n02. Vindruvis<br \/>\n03. K\u00f6rsb\u00e4r<br \/>\n04. Bl\u00e5b\u00e4r Hallon <strong><span style=\"color: #ff0000;\">&gt;&gt;&gt;&gt; Het!<\/span><\/strong><br \/>\n05. Jordgubbs Kiwi<br \/>\n06. Blandade B\u00e4r <strong><span style=\"color: #ff0000;\">&gt;&gt;&gt;&gt; Het!<\/span><\/strong><br \/>\n07. Jordgubbs Vattenmelon<br \/>\n08. Vattenmelon Bubbelgum<br \/>\n09. Persika Mango Ananas<br \/>\n10. Kiwi Passionsfrukt Guava <strong><span style=\"color: #ff0000;\">&gt;&gt;&gt;&gt; Het!<\/span><\/strong><\/p>\n<\/div>\n<\/div>\n<\/div>\n<\/div>\n<\/div>\n<\/div>\n<\/div>\n<\/div>\n<\/article>\n<article class=\"w-full text-token-text-primary focus-visible:outline-2 focus-visible:outline-offset-[-4px]\" dir=\"auto\" data-testid=\"conversation-turn-32\" data-scroll-anchor=\"false\">\n<div class=\"m-auto text-base py-[18px] px-6\">\n<div class=\"mx-auto flex flex-1 text-base gap-4 md:gap-5 lg:gap-6 md:max-w-3xl lg:max-w-[40rem] xl:max-w-[48rem]\">\n<div class=\"group\/conversation-turn relative flex w-full min-w-0 flex-col @xs\/thread:px-0 @sm\/thread:px-1.5 @md\/thread:px-4\">\n<div class=\"flex-col gap-1 md:gap-3\">\n<div class=\"flex max-w-full flex-col flex-grow\">\n<div class=\"min-h-8 text-message flex w-full flex-col items-end gap-2 whitespace-normal break-words text-start [.text-message+&amp;]:mt-5\" dir=\"auto\" data-message-author-role=\"user\" data-message-id=\"ffac41ca-1db4-431b-873a-32c4052956f1\">\n<div class=\"flex w-full flex-col gap-1 empty:hidden items-end rtl:items-start\">\n<div class=\"relative max-w-[var(--user-chat-width,70%)] rounded-3xl bg-token-message-surface px-5 py-2.5\">\n<div class=\"absolute bottom-0 right-full top-0 -mr-3.5 hidden pr-5 pt-2 [.group\/conversation-turn:hover_&amp;]:flex\">\n<div class=\"flex\">\n<article class=\"w-full text-token-text-primary focus-visible:outline-2 focus-visible:outline-offset-[-4px]\" dir=\"auto\" data-testid=\"conversation-turn-39\" data-scroll-anchor=\"true\">\n<div class=\"m-auto text-base py-[18px] px-6\">\n<div class=\"mx-auto flex flex-1 text-base gap-4 md:gap-5 lg:gap-6 md:max-w-3xl lg:max-w-[40rem] xl:max-w-[48rem]\">\n<div class=\"group\/conversation-turn relative flex w-full min-w-0 flex-col agent-turn @xs\/thread:px-0 @sm\/thread:px-1.5 @md\/thread:px-4\">\n<div class=\"flex-col gap-1 md:gap-3\">\n<div class=\"flex max-w-full flex-col flex-grow\">\n<div class=\"min-h-8 text-message flex w-full flex-col items-end gap-2 whitespace-normal break-words text-start [.text-message+&amp;]:mt-5\" dir=\"auto\" data-message-author-role=\"assistant\" data-message-id=\"55a23854-ec57-48dd-bd4f-6118f43d6241\" data-message-model-slug=\"gpt-4o\">\n<div class=\"flex w-full flex-col gap-1 empty:hidden first:pt-[3px]\">\n<div class=\"markdown prose w-full break-words dark:prose-invert light\">\n<figure id=\"attachment_3835\" aria-describedby=\"caption-attachment-3835\" style=\"width: 800px\" class=\"wp-caption alignnone\"><img decoding=\"async\" class=\"wp-image-3835 size-full\" src=\"https:\/\/vapestornado.com\/wp-content\/uploads\/2025\/03\/FIHP-12000-Puffs-2-5-Low-Nicotine-Disposable-Vape.webp\" alt=\"FIHP 12000 bloss 2% 5% L\u00e5gnikotin Eng\u00e5ngsvape\" width=\"800\" height=\"800\" srcset=\"https:\/\/vapestornado.com\/wp-content\/uploads\/2025\/03\/FIHP-12000-Puffs-2-5-Low-Nicotine-Disposable-Vape.webp 800w, https:\/\/vapestornado.com\/wp-content\/uploads\/2025\/03\/FIHP-12000-Puffs-2-5-Low-Nicotine-Disposable-Vape-300x300.webp 300w, https:\/\/vapestornado.com\/wp-content\/uploads\/2025\/03\/FIHP-12000-Puffs-2-5-Low-Nicotine-Disposable-Vape-150x150.webp 150w, https:\/\/vapestornado.com\/wp-content\/uploads\/2025\/03\/FIHP-12000-Puffs-2-5-Low-Nicotine-Disposable-Vape-768x768.webp 768w, https:\/\/vapestornado.com\/wp-content\/uploads\/2025\/03\/FIHP-12000-Puffs-2-5-Low-Nicotine-Disposable-Vape-600x600.webp 600w, https:\/\/vapestornado.com\/wp-content\/uploads\/2025\/03\/FIHP-12000-Puffs-2-5-Low-Nicotine-Disposable-Vape-100x100.webp 100w\" sizes=\"(max-width: 800px) 100vw, 800px\" \/><figcaption id=\"caption-attachment-3835\" class=\"wp-caption-text\">FIHP 12000 bloss 2% 5% L\u00e5gnikotin Eng\u00e5ngsvape<\/figcaption><\/figure>\n<\/div>\n<\/div>\n<\/div>\n<\/div>\n<\/div>\n<\/div>\n<\/div>\n<\/div>\n<\/article>\n<\/div>\n<\/div>\n<\/div>\n<\/div>\n<\/div>\n<\/div>\n<\/div>\n<\/div>\n<\/div>\n<\/div>\n<\/article>\n<h3>Varf\u00f6r v\u00e4lja Vapestornado f\u00f6r massbest\u00e4llning av FIHP Digital Box 12000 Puff Digital Vape?<\/h3>\n<div class=\"flex-shrink-0 flex flex-col relative items-end\">\n<div class=\"pt-0\">\n<div class=\"gizmo-bot-avatar flex h-8 w-8 items-center justify-center overflow-hidden rounded-full\">\n<div class=\"relative p-1 rounded-sm flex items-center justify-center bg-token-main-surface-primary text-token-text-primary h-8 w-8\">\n<p>N\u00e4r det g\u00e4ller <strong data-start=\"97\" data-end=\"127\">grossist eng\u00e5ngs vapes<\/strong>, <strong data-start=\"129\" data-end=\"162\">Vapestornado online vape butik<\/strong> \u00e4r din ultimata destination! Vi erbjuder <strong data-start=\"202\" data-end=\"230\">konkurrenskraftiga bulkpriser<\/strong>, vilket s\u00e4kerst\u00e4ller att du f\u00e5r de b\u00e4sta erbjudandena p\u00e5 FIHP Digital Box 12000 Puffs <strong data-start=\"271\" data-end=\"302\">Vape<\/strong> utan att kompromissa med kvaliteten. Med <strong data-start=\"338\" data-end=\"355\">snabb leverans<\/strong>, <strong data-start=\"357\" data-end=\"380\">s\u00e4kra transaktioner<\/strong>och ett brett urval av <strong data-start=\"406\" data-end=\"434\">popul\u00e4ra eng\u00e5ngsvapes<\/strong>g\u00f6r vi bulkink\u00f6p problemfria. Dessutom \u00e4r v\u00e5rt <strong data-start=\"483\" data-end=\"508\">kundsupportteam<\/strong> alltid redo att hj\u00e4lpa till med dina grossistf\u00f6rfr\u00e5gningar. Oavsett om du \u00e4r \u00e5terf\u00f6rs\u00e4ljare eller distribut\u00f6r, <strong data-start=\"608\" data-end=\"650\">Vapestornado ger oslagbart v\u00e4rde<\/strong> p\u00e5 h\u00f6gkvalitativa <strong data-start=\"667\" data-end=\"708\">uppladdningsbara vapes med smarta sk\u00e4rmar<\/strong>. Best\u00e4ll idag och fyll p\u00e5 med de senaste <strong data-start=\"749\" data-end=\"782\">l\u00e5ngvariga eng\u00e5ngsvapes<\/strong> till de b\u00e4sta priserna!<\/p>\n<\/div>\n<h3><\/h3>\n<div class=\"relative p-1 rounded-sm flex items-center justify-center bg-token-main-surface-primary text-token-text-primary h-8 w-8\">\n<h3>Vanliga fr\u00e5gor om FIHP 12k Eng\u00e5ngs-E-cigarett<\/h3>\n<p data-start=\"2534\" data-end=\"2730\"><strong data-start=\"2534\" data-end=\"2598\">1. Hur l\u00e4nge h\u00e5ller FIHP Digital Box 12000 Puffs Vape?<\/strong><br data-start=\"2598\" data-end=\"2601\" \/>Med <strong data-start=\"2606\" data-end=\"2633\">12 000 puffar per enhet<\/strong>, \u00e4r denna vape designad f\u00f6r l\u00e5ngvarig anv\u00e4ndning. Den faktiska livsl\u00e4ngden beror p\u00e5 hur ofta du vejpar.<\/p>\n<p data-start=\"2732\" data-end=\"2928\"><strong data-start=\"2732\" data-end=\"2781\">2. \u00c4r FIHP 12000 Puffs Vape uppladdningsbar?<\/strong><br data-start=\"2781\" data-end=\"2784\" \/>Ja! Den har en <strong data-start=\"2803\" data-end=\"2834\">650mAh uppladdningsbart batteri<\/strong> och en <strong data-start=\"2841\" data-end=\"2865\">Typ-C laddningsport<\/strong>, vilket s\u00e4kerst\u00e4ller effektiv energihantering och ut\u00f6kad anv\u00e4ndbarhet.<\/p>\n<p data-start=\"2930\" data-end=\"3100\"><strong data-start=\"2930\" data-end=\"2976\">3. Vad visar den digitala LED-displayen?<\/strong><br data-start=\"2976\" data-end=\"2979\" \/>Den <strong data-start=\"2983\" data-end=\"2997\">LED-sk\u00e4rmen<\/strong> visar <strong data-start=\"3007\" data-end=\"3038\">batteritid och antal bloss<\/strong>, vilket hj\u00e4lper dig att h\u00e5lla koll p\u00e5 din vapes status hela tiden.<\/p>\n<p data-start=\"3102\" data-end=\"3272\"><strong data-start=\"3102\" data-end=\"3147\">4. Vilka nikotinstyrkor finns tillg\u00e4ngliga?<\/strong><br data-start=\"3147\" data-end=\"3150\" \/>FIHP 12000 finns tillg\u00e4nglig i <strong data-start=\"3181\" data-end=\"3227\">2% (l\u00e5gt nikotin) och 5% (starkt nikotin)<\/strong>, f\u00f6r att tillgodose olika vaping-preferenser.<\/p>\n<p data-start=\"3274\" data-end=\"3531\"><strong data-start=\"3274\" data-end=\"3355\">5. Var kan jag k\u00f6pa FIHP Digital Box 12000 Puffs Vape till grossistpriser?<\/strong><br data-start=\"3355\" data-end=\"3358\" \/>F\u00f6r <strong data-start=\"3362\" data-end=\"3397\">massbest\u00e4llningar och grossisterbjudanden<\/strong>, bes\u00f6k <strong data-start=\"3405\" data-end=\"3438\">Vapestornado online vape butik<\/strong>, det b\u00e4sta st\u00e4llet att f\u00e5 <strong data-start=\"3462\" data-end=\"3506\">prisv\u00e4rda uppladdningsbara eng\u00e5ngsvapes<\/strong> med premiumfunktioner.<\/p>\n<\/div>\n<\/div>\n<\/div>\n<\/div>","protected":false},"excerpt":{"rendered":"<p>FIHP Digital Box 12k 12000 Puff Eng\u00e5ngsvape B\u00e4sta Pris<br \/>\nFIHP Digital Box 12000 Sk\u00e4rm Eng\u00e5ngsvape Partihandel i Sverige<br \/>\nFIHP 12000 Digital Eng\u00e5ngsvape Box B\u00e4sta Smak p\u00e5 Rea<\/p>\n<p><strong>L\u00e4gg till Amys whatsapp f\u00f6r att f\u00e5 r\u00e4tt svar och rabatterat pris!<\/strong><\/p>\n<p><img fetchpriority=\"high\" decoding=\"async\" class=\"size-full wp-image-2932\" src=\"https:\/\/vapestornado.com\/wp-content\/uploads\/2024\/12\/Vape-Wholesale.jpg\" alt=\"Vape Partihandel\" width=\"229\" height=\"300\" \/><\/p>\n<h3><a href=\"https:\/\/wa.me\/8617776015835\"><span style=\"color: #ff0000;\"><strong>WhatsApp: +86 17776015835<\/strong><\/span><\/a><\/h3>\n<p>&nbsp;<\/p>","protected":false},"featured_media":3837,"comment_status":"open","ping_status":"closed","template":"","meta":{"_acf_changed":false,"_uag_custom_page_level_css":"","_lmt_disableupdate":"no","_lmt_disable":"","_monsterinsights_skip_tracking":false,"_monsterinsights_sitenote_active":false,"_monsterinsights_sitenote_note":"","_monsterinsights_sitenote_category":0,"site-sidebar-layout":"default","site-content-layout":"","ast-site-content-layout":"default","site-content-style":"default","site-sidebar-style":"default","ast-global-header-display":"","ast-banner-title-visibility":"","ast-main-header-display":"","ast-hfb-above-header-display":"","ast-hfb-below-header-display":"","ast-hfb-mobile-header-display":"","site-post-title":"","ast-breadcrumbs-content":"","ast-featured-img":"","footer-sml-layout":"","ast-disable-related-posts":"","theme-transparent-header-meta":"default","adv-header-id-meta":"","stick-header-meta":"","header-above-stick-meta":"","header-main-stick-meta":"","header-below-stick-meta":"","astra-migrate-meta-layouts":"set","ast-page-background-enabled":"default","ast-page-background-meta":{"desktop":{"background-color":"","background-image":"","background-repeat":"repeat","background-position":"center center","background-size":"auto","background-attachment":"scroll","background-type":"","background-media":"","overlay-type":"","overlay-color":"","overlay-opacity":"","overlay-gradient":""},"tablet":{"background-color":"","background-image":"","background-repeat":"repeat","background-position":"center center","background-size":"auto","background-attachment":"scroll","background-type":"","background-media":"","overlay-type":"","overlay-color":"","overlay-opacity":"","overlay-gradient":""},"mobile":{"background-color":"","background-image":"","background-repeat":"repeat","background-position":"center center","background-size":"auto","background-attachment":"scroll","background-type":"","background-media":"","overlay-type":"","overlay-color":"","overlay-opacity":"","overlay-gradient":""}},"ast-content-background-meta":{"desktop":{"background-color":"var(--ast-global-color-5)","background-image":"","background-repeat":"repeat","background-position":"center center","background-size":"auto","background-attachment":"scroll","background-type":"","background-media":"","overlay-type":"","overlay-color":"","overlay-opacity":"","overlay-gradient":""},"tablet":{"background-color":"var(--ast-global-color-5)","background-image":"","background-repeat":"repeat","background-position":"center center","background-size":"auto","background-attachment":"scroll","background-type":"","background-media":"","overlay-type":"","overlay-color":"","overlay-opacity":"","overlay-gradient":""},"mobile":{"background-color":"var(--ast-global-color-5)","background-image":"","background-repeat":"repeat","background-position":"center center","background-size":"auto","background-attachment":"scroll","background-type":"","background-media":"","overlay-type":"","overlay-color":"","overlay-opacity":"","overlay-gradient":""}},"_joinchat":{"telephone":"17776015835"}},"product_brand":[],"product_cat":[19,72,153,154,158,144,146,60],"product_tag":[105,257,256,97,94,241,93],"class_list":{"0":"post-3862","1":"product","2":"type-product","3":"status-publish","4":"has-post-thumbnail","6":"product_cat-vapes","7":"product_cat-12000-puff","8":"product_cat-buy-disposable-vapes-in-italy","9":"product_cat-buy-disposable-vapes-in-netherlands","10":"product_cat-buy-disposable-vapes-in-spain","11":"product_cat-low-nicotine-disposable-vapes","12":"product_cat-rechargeable-disposable-vapes","13":"product_cat-waspe-fihp-vape","14":"product_tag-digital-disposable-vape","15":"product_tag-fihp-12000","16":"product_tag-fihp-digital-box-12k","17":"product_tag-hot-sale-disposable-vape","18":"product_tag-rechargeable-disposable-vape","19":"product_tag-smart-screen-disposable-vape","20":"product_tag-vape-wholesale","21":"desktop-align-left","22":"tablet-align-left","23":"mobile-align-left","25":"first","26":"instock","27":"sale","28":"shipping-taxable","29":"purchasable","30":"product-type-simple"},"acf":[],"uagb_featured_image_src":{"full":["https:\/\/vapestornado.com\/wp-content\/uploads\/2025\/03\/FIHP-Digital-Box-12000-Puff-Rechargeable-Vape.webp",800,800,false],"thumbnail":["https:\/\/vapestornado.com\/wp-content\/uploads\/2025\/03\/FIHP-Digital-Box-12000-Puff-Rechargeable-Vape-150x150.webp",150,150,true],"medium":["https:\/\/vapestornado.com\/wp-content\/uploads\/2025\/03\/FIHP-Digital-Box-12000-Puff-Rechargeable-Vape-300x300.webp",300,300,true],"medium_large":["https:\/\/vapestornado.com\/wp-content\/uploads\/2025\/03\/FIHP-Digital-Box-12000-Puff-Rechargeable-Vape-768x768.webp",768,768,true],"large":["https:\/\/vapestornado.com\/wp-content\/uploads\/2025\/03\/FIHP-Digital-Box-12000-Puff-Rechargeable-Vape.webp",800,800,false],"1536x1536":["https:\/\/vapestornado.com\/wp-content\/uploads\/2025\/03\/FIHP-Digital-Box-12000-Puff-Rechargeable-Vape.webp",800,800,false],"2048x2048":["https:\/\/vapestornado.com\/wp-content\/uploads\/2025\/03\/FIHP-Digital-Box-12000-Puff-Rechargeable-Vape.webp",800,800,false],"trp-custom-language-flag":["https:\/\/vapestornado.com\/wp-content\/uploads\/2025\/03\/FIHP-Digital-Box-12000-Puff-Rechargeable-Vape.webp",12,12,false],"woocommerce_thumbnail":["https:\/\/vapestornado.com\/wp-content\/uploads\/2025\/03\/FIHP-Digital-Box-12000-Puff-Rechargeable-Vape-300x300.webp",300,300,true],"woocommerce_single":["https:\/\/vapestornado.com\/wp-content\/uploads\/2025\/03\/FIHP-Digital-Box-12000-Puff-Rechargeable-Vape-600x600.webp",600,600,true],"woocommerce_gallery_thumbnail":["https:\/\/vapestornado.com\/wp-content\/uploads\/2025\/03\/FIHP-Digital-Box-12000-Puff-Rechargeable-Vape-100x100.webp",100,100,true]},"uagb_author_info":{"display_name":"ESAMY","author_link":"https:\/\/vapestornado.com\/sv\/author\/"},"uagb_comment_info":0,"uagb_excerpt":"FIHP Digital Box 12k 12000 Puff Disposable Vape Best Price FIHP Digital Box 12000 Screen Disposable Vape Wholelesale in Poland FIHP 12000 Digital Disposable Vape Box Best Flavor on Sale Add Amy's whatsapp to get right reply and discount price! WhatsApp: +86 17776015835 &nbsp;","_links":{"self":[{"href":"https:\/\/vapestornado.com\/sv\/wp-json\/wp\/v2\/product\/3862","targetHints":{"allow":["GET"]}}],"collection":[{"href":"https:\/\/vapestornado.com\/sv\/wp-json\/wp\/v2\/product"}],"about":[{"href":"https:\/\/vapestornado.com\/sv\/wp-json\/wp\/v2\/types\/product"}],"replies":[{"embeddable":true,"href":"https:\/\/vapestornado.com\/sv\/wp-json\/wp\/v2\/comments?post=3862"}],"wp:featuredmedia":[{"embeddable":true,"href":"https:\/\/vapestornado.com\/sv\/wp-json\/wp\/v2\/media\/3837"}],"wp:attachment":[{"href":"https:\/\/vapestornado.com\/sv\/wp-json\/wp\/v2\/media?parent=3862"}],"wp:term":[{"taxonomy":"product_brand","embeddable":true,"href":"https:\/\/vapestornado.com\/sv\/wp-json\/wp\/v2\/product_brand?post=3862"},{"taxonomy":"product_cat","embeddable":true,"href":"https:\/\/vapestornado.com\/sv\/wp-json\/wp\/v2\/product_cat?post=3862"},{"taxonomy":"product_tag","embeddable":true,"href":"https:\/\/vapestornado.com\/sv\/wp-json\/wp\/v2\/product_tag?post=3862"}],"curies":[{"name":"wp","href":"https:\/\/api.w.org\/{rel}","templated":true}]}}