{"id":3861,"date":"2025-03-16T09:21:11","date_gmt":"2025-03-16T09:21:11","guid":{"rendered":"https:\/\/vapestornado.com\/?post_type=product&#038;p=3861"},"modified":"2025-08-23T10:42:12","modified_gmt":"2025-08-23T10:42:12","slug":"waspe-fihp-30000-puffs-smart-screen-vape-2-5-nicotine-wholesal","status":"publish","type":"product","link":"https:\/\/vapestornado.com\/sv\/product\/waspe-fihp-30000-puffs-smart-screen-vape-2-5-nicotine-wholesal\/","title":{"rendered":"WASPE FIHP 30000 Puffar Smart Sk\u00e4rm Vape 2% 5% Nikotin Grossist"},"content":{"rendered":"<h1 data-pm-slice=\"1 1 []\">WASPE FIHP 30000 Puffar Smart Sk\u00e4rm Vape 2% 5% Nikotin Grossist<\/h1>\n<p data-start=\"293\" data-end=\"589\">Den <strong data-start=\"297\" data-end=\"341\">WASPE FIHP 30000 Puffar Smart Screen Vape<\/strong> \u00e4r designad f\u00f6r europeiska grossister och \u00e5terf\u00f6rs\u00e4ljare som s\u00f6ker en funktionsrik, l\u00e5ngvarig eng\u00e5ngsprodukt. Med upp till <strong data-start=\"453\" data-end=\"469\">30 000 puff<\/strong>, en <strong data-start=\"473\" data-end=\"495\">28 ml e-v\u00e4tskebeh\u00e5llare<\/strong>, och <strong data-start=\"501\" data-end=\"530\">dubbel mesh coil-teknik<\/strong>s\u00e4kerst\u00e4ller den j\u00e4mn \u00e5nga och smidig smaks\u00e4ttning.<\/p>\n<p data-start=\"591\" data-end=\"734\">Drivs av en <strong data-start=\"605\" data-end=\"636\">850mAh uppladdningsbart batteri<\/strong> med <strong data-start=\"642\" data-end=\"666\">Typ-C snabbladdning<\/strong>minimerar FIHP 30K driftstopp. Den erbjuder <strong data-start=\"711\" data-end=\"731\">tv\u00e5 vapingl\u00e4gen<\/strong>:<\/p>\n<ul data-start=\"735\" data-end=\"875\">\n<li data-start=\"735\" data-end=\"791\">\n<p data-start=\"737\" data-end=\"791\"><strong data-start=\"737\" data-end=\"753\">Regulj\u00e4rt L\u00e4ge<\/strong> f\u00f6r maximalt antal bloss (upp till 30K).<\/p>\n<\/li>\n<li data-start=\"792\" data-end=\"875\">\n<p data-start=\"794\" data-end=\"875\"><strong data-start=\"794\" data-end=\"808\">Pulsl\u00e4ge<\/strong> f\u00f6r \u00f6kad \u00e5ngdensitet och rikare smak (ca 15K bloss).<\/p>\n<\/li>\n<\/ul>\n<p data-start=\"877\" data-end=\"1104\">Den <strong data-start=\"881\" data-end=\"902\">smarta LED-displayen<\/strong> h\u00e5ller anv\u00e4ndarna uppdaterade om batteritid, e-v\u00e4tskeniv\u00e5er och l\u00e4gesinst\u00e4llningar. Med <strong data-start=\"981\" data-end=\"1003\">justerbart luftfl\u00f6de<\/strong>kan vejpare v\u00e4lja mellan t\u00e4tare drag eller en mer \u00f6ppen inandning, vilket tillgodoser olika preferenser.<\/p>\n<p data-start=\"1106\" data-end=\"1387\">Tillg\u00e4nglig i <strong data-start=\"1119\" data-end=\"1151\">2% och 5% nikotinstyrkor<\/strong> och <strong data-start=\"1156\" data-end=\"1177\">16 smakalternativ<\/strong>, den <strong data-start=\"1183\" data-end=\"1206\">WASPE FIHP 30K Vape<\/strong> \u00e4r l\u00e4mplig f\u00f6r olika kundbehov. F\u00f6r distribut\u00f6rer \u00e4r dess kombination av <strong data-start=\"1284\" data-end=\"1347\">kapacitet, smarta funktioner och konkurrenskraftig grossistpriss\u00e4ttning<\/strong> g\u00f6r det till ett l\u00f6nsamt val under 2025.<\/p>\n<p><strong><span style=\"color: #ff0000;\">L\u00e4gg till Amys WhatsApp f\u00f6r att f\u00e5 r\u00e4tt svar och rabatterat pris!<\/span><\/strong><\/p>\n<p><img fetchpriority=\"high\" decoding=\"async\" class=\"size-full wp-image-2932\" src=\"https:\/\/vapestornado.com\/wp-content\/uploads\/2024\/12\/Vape-Wholesale.jpg\" alt=\"Vape Partihandel\" width=\"229\" height=\"300\" \/><\/p>\n<h3><a href=\"https:\/\/wa.me\/8617776015835\" target=\"_blank\" rel=\"noopener\"><span style=\"color: #ff0000;\"><strong>WhatsApp: +86 17776015835<\/strong><\/span><\/a><\/h3>\n<p>&nbsp;<\/p>\n<h2><strong>WASPE FIHP 30000 Puffar Viktiga produktfunktioner<\/strong><\/h2>\n<p>\u2022 F\u00f6rifylld 28 ml E-v\u00e4tska<br \/>\n\u2022 Dubbell\u00e4ge: Normal (30000 Puffar Vape)<br \/>\n\u2022 Inbyggt 850mAh batteri (Uppladdningsbart via Type-C)<br \/>\n\u2022 Dubbla Mesh Coils (1ohm+1ohm)<br \/>\n\u2022 LED-sk\u00e4rm f\u00f6r batteri och olja<br \/>\n\u2022 Justerbart luftfl\u00f6de<br \/>\n\u2022 16 smaker tillg\u00e4ngliga<\/p>\n<figure id=\"attachment_3844\" aria-describedby=\"caption-attachment-3844\" style=\"width: 800px\" class=\"wp-caption alignnone\"><img decoding=\"async\" class=\"wp-image-3844 size-full\" src=\"https:\/\/vapestornado.com\/wp-content\/uploads\/2025\/03\/WASPE-FIHP-30000-Puffs-Rechargeable-Disposable-Vape.jpg\" alt=\"WASPE FIHP 30000 Puffar Uppladdningsbar Eng\u00e5ngs Vape\" width=\"800\" height=\"800\" srcset=\"https:\/\/vapestornado.com\/wp-content\/uploads\/2025\/03\/WASPE-FIHP-30000-Puffs-Rechargeable-Disposable-Vape.jpg 800w, https:\/\/vapestornado.com\/wp-content\/uploads\/2025\/03\/WASPE-FIHP-30000-Puffs-Rechargeable-Disposable-Vape-300x300.jpg 300w, https:\/\/vapestornado.com\/wp-content\/uploads\/2025\/03\/WASPE-FIHP-30000-Puffs-Rechargeable-Disposable-Vape-150x150.jpg 150w, https:\/\/vapestornado.com\/wp-content\/uploads\/2025\/03\/WASPE-FIHP-30000-Puffs-Rechargeable-Disposable-Vape-768x768.jpg 768w, https:\/\/vapestornado.com\/wp-content\/uploads\/2025\/03\/WASPE-FIHP-30000-Puffs-Rechargeable-Disposable-Vape-600x600.jpg 600w, https:\/\/vapestornado.com\/wp-content\/uploads\/2025\/03\/WASPE-FIHP-30000-Puffs-Rechargeable-Disposable-Vape-100x100.jpg 100w\" sizes=\"(max-width: 800px) 100vw, 800px\" \/><figcaption id=\"caption-attachment-3844\" class=\"wp-caption-text\">WASPE FIHP 30000 Puffar Uppladdningsbar Eng\u00e5ngs Vape<\/figcaption><\/figure>\n<h2 class=\"product-title\"><strong>WASPE FIHP 30K Puffar Smart Vape Smaklista<\/strong><\/h2>\n<article class=\"group\/turn w-full text-token-text-primary focus-visible:outline-2 focus-visible:outline-offset-[-4px]\" dir=\"auto\" data-testid=\"conversation-turn-61\" data-scroll-anchor=\"true\">\n<div class=\"text-base my-auto mx-auto py-[18px] px-6\">\n<div class=\"mx-auto flex flex-1 text-base gap-4 md:gap-5 lg:gap-6 md:max-w-3xl lg:max-w-[40rem] xl:max-w-[48rem]\">\n<div class=\"group\/conversation-turn relative flex w-full min-w-0 flex-col agent-turn @xs\/thread:px-0 @sm\/thread:px-1.5 @md\/thread:px-4\">\n<div class=\"flex-col gap-1 md:gap-3\">\n<div class=\"flex max-w-full flex-col flex-grow\">\n<div class=\"min-h-8 text-message relative flex w-full flex-col items-end gap-2 whitespace-normal break-words text-start [.text-message+&amp;]:mt-5\" dir=\"auto\" data-message-author-role=\"assistant\" data-message-id=\"762d7e41-70d5-4ddf-94cb-85ef5025d3a8\" data-message-model-slug=\"gpt-4o\">\n<div class=\"flex w-full flex-col gap-1 empty:hidden first:pt-[3px]\">\n<div class=\"markdown prose w-full break-words dark:prose-invert light\">\n<p>1. Vattenmelon Is <strong><span style=\"color: #ff0000;\">&gt;&gt;&gt;&gt; Het!<\/span><\/strong><br \/>\n2. K\u00f6rsb\u00e4r Is<br \/>\n3. Druva Is<br \/>\n4. Persika B\u00e4r <strong><span style=\"color: #ff0000;\">&gt;&gt;&gt;&gt; Het!<\/span><\/strong><br \/>\n5. Jordgubb Mango<br \/>\n6. Jordgubb Kiwi<br \/>\n7. Blandade B\u00e4r<br \/>\n8. Bl\u00e5b\u00e4r Hallon <strong><span style=\"color: #ff0000;\">&gt;&gt;&gt;&gt; Het!<\/span><\/strong><br \/>\n9. Jordgubb Vattenmelon <strong><span style=\"color: #ff0000;\">&gt;&gt;&gt;&gt; B\u00e4st!<\/span><\/strong><br \/>\n10. Kiwi Passionsfrukt Guava<br \/>\n11. Jordgubb Red Bull<br \/>\n12. Vattenmelon Mango Persika <strong><span style=\"color: #ff0000;\">&gt;&gt;&gt;&gt; Het!<\/span><\/strong><br \/>\n13. Dubbel \u00c4pple Is<br \/>\n14. Vattenmelon Tuggummi<br \/>\n15. Jordgubb Hallon K\u00f6rsb\u00e4r <strong><span style=\"color: #ff0000;\">&gt;&gt;&gt;&gt; Het!<\/span><\/strong><br \/>\n16. Bl\u00e5b\u00e4r Is<\/p>\n<\/div>\n<\/div>\n<\/div>\n<\/div>\n<\/div>\n<\/div>\n<\/div>\n<\/div>\n<\/article>\n<article class=\"w-full text-token-text-primary focus-visible:outline-2 focus-visible:outline-offset-[-4px]\" dir=\"auto\" data-testid=\"conversation-turn-32\" data-scroll-anchor=\"false\">\n<div class=\"m-auto text-base py-[18px] px-6\">\n<div class=\"mx-auto flex flex-1 text-base gap-4 md:gap-5 lg:gap-6 md:max-w-3xl lg:max-w-[40rem] xl:max-w-[48rem]\">\n<div class=\"group\/conversation-turn relative flex w-full min-w-0 flex-col @xs\/thread:px-0 @sm\/thread:px-1.5 @md\/thread:px-4\">\n<div class=\"flex-col gap-1 md:gap-3\">\n<div class=\"flex max-w-full flex-col flex-grow\">\n<div class=\"min-h-8 text-message flex w-full flex-col items-end gap-2 whitespace-normal break-words text-start [.text-message+&amp;]:mt-5\" dir=\"auto\" data-message-author-role=\"user\" data-message-id=\"ffac41ca-1db4-431b-873a-32c4052956f1\">\n<div class=\"flex w-full flex-col gap-1 empty:hidden items-end rtl:items-start\">\n<div class=\"relative max-w-[var(--user-chat-width,70%)] rounded-3xl bg-token-message-surface px-5 py-2.5\">\n<div class=\"absolute bottom-0 right-full top-0 -mr-3.5 hidden pr-5 pt-2 [.group\/conversation-turn:hover_&amp;]:flex\">\n<div class=\"flex\">\n<article class=\"w-full text-token-text-primary focus-visible:outline-2 focus-visible:outline-offset-[-4px]\" dir=\"auto\" data-testid=\"conversation-turn-39\" data-scroll-anchor=\"true\">\n<div class=\"m-auto text-base py-[18px] px-6\">\n<div class=\"mx-auto flex flex-1 text-base gap-4 md:gap-5 lg:gap-6 md:max-w-3xl lg:max-w-[40rem] xl:max-w-[48rem]\">\n<div class=\"group\/conversation-turn relative flex w-full min-w-0 flex-col agent-turn @xs\/thread:px-0 @sm\/thread:px-1.5 @md\/thread:px-4\">\n<div class=\"flex-col gap-1 md:gap-3\">\n<div class=\"flex max-w-full flex-col flex-grow\">\n<div class=\"min-h-8 text-message flex w-full flex-col items-end gap-2 whitespace-normal break-words text-start [.text-message+&amp;]:mt-5\" dir=\"auto\" data-message-author-role=\"assistant\" data-message-id=\"55a23854-ec57-48dd-bd4f-6118f43d6241\" data-message-model-slug=\"gpt-4o\">\n<div class=\"flex w-full flex-col gap-1 empty:hidden first:pt-[3px]\">\n<div class=\"markdown prose w-full break-words dark:prose-invert light\"><\/div>\n<\/div>\n<\/div>\n<\/div>\n<\/div>\n<\/div>\n<\/div>\n<\/div>\n<\/article>\n<\/div>\n<\/div>\n<\/div>\n<\/div>\n<\/div>\n<\/div>\n<\/div>\n<\/div>\n<\/div>\n<\/div>\n<\/article>\n<h2>Varf\u00f6r v\u00e4lja vapestornado f\u00f6r FIHP 30000 Puffar Smart Vape Bulk Order?<\/h2>\n<div class=\"flex-shrink-0 flex flex-col relative items-end\">\n<div class=\"pt-0\">\n<div class=\"gizmo-bot-avatar flex h-8 w-8 items-center justify-center overflow-hidden rounded-full\">\n<div class=\"relative p-1 rounded-sm flex items-center justify-center bg-token-main-surface-primary text-token-text-primary h-8 w-8\">\n<p>N\u00e4r det g\u00e4ller <strong data-start=\"97\" data-end=\"127\">grossist eng\u00e5ngs vapes<\/strong>, <strong data-start=\"129\" data-end=\"162\">Vapestornado online vape butik<\/strong> \u00e4r din ultimata destination! Vi erbjuder <strong data-start=\"202\" data-end=\"230\">konkurrenskraftiga bulkpriser<\/strong>, vilket s\u00e4kerst\u00e4ller att du f\u00e5r de b\u00e4sta erbjudandena p\u00e5 <strong data-start=\"271\" data-end=\"302\">FIHP 30000 Puffar Smart Vape<\/strong> utan att kompromissa med kvaliteten. Med <strong data-start=\"338\" data-end=\"355\">snabb leverans<\/strong>, <strong data-start=\"357\" data-end=\"380\">s\u00e4kra transaktioner<\/strong>och ett brett urval av <strong data-start=\"406\" data-end=\"434\">popul\u00e4ra eng\u00e5ngsvapes<\/strong>g\u00f6r vi bulkink\u00f6p problemfria. Dessutom \u00e4r v\u00e5rt <strong data-start=\"483\" data-end=\"508\">kundsupportteam<\/strong> alltid redo att hj\u00e4lpa till med dina grossistf\u00f6rfr\u00e5gningar. Oavsett om du \u00e4r \u00e5terf\u00f6rs\u00e4ljare eller distribut\u00f6r, <strong data-start=\"608\" data-end=\"650\">Vapestornado ger oslagbart v\u00e4rde<\/strong> p\u00e5 h\u00f6gkvalitativa <strong data-start=\"667\" data-end=\"708\">uppladdningsbara vapes med smarta sk\u00e4rmar<\/strong>. Best\u00e4ll idag och fyll p\u00e5 med de senaste <strong data-start=\"749\" data-end=\"782\">l\u00e5ngvariga eng\u00e5ngsvapes<\/strong> till de b\u00e4sta priserna!<\/p>\n<\/div>\n<h3><\/h3>\n<div class=\"relative p-1 rounded-sm flex items-center justify-center bg-token-main-surface-primary text-token-text-primary h-8 w-8\">\n<h2>Vanliga fr\u00e5gor om WASPE30000 Puffar Smart Eng\u00e5ngs E-cigarett<\/h2>\n<p data-start=\"1945\" data-end=\"2182\"><strong data-start=\"1945\" data-end=\"2010\">1. Hur l\u00e4nge r\u00e4cker FIHP 30000 Puffar Smart Sk\u00e4rm Vape?<\/strong><br data-start=\"2010\" data-end=\"2013\" \/>Livsl\u00e4ngden beror p\u00e5 din vapingstil. I <strong data-start=\"2059\" data-end=\"2075\">Regulj\u00e4rt L\u00e4ge<\/strong>f\u00e5r du upp till <strong data-start=\"2091\" data-end=\"2107\">30 000 puff<\/strong>, medan <strong data-start=\"2115\" data-end=\"2129\">Pulsl\u00e4ge<\/strong> tillhandah\u00e5ller <strong data-start=\"2139\" data-end=\"2155\">15 000 bloss<\/strong> med intensifierad smak.<\/p>\n<p data-start=\"2184\" data-end=\"2353\"><strong data-start=\"2184\" data-end=\"2221\">2. Kan jag ladda FIHP 30000?<\/strong><br data-start=\"2221\" data-end=\"2224\" \/>Ja! Denna vape har en <strong data-start=\"2251\" data-end=\"2282\">850mAh uppladdningsbart batteri<\/strong> och anv\u00e4nder en <strong data-start=\"2294\" data-end=\"2318\">Typ-C laddningsport<\/strong> f\u00f6r snabb och effektiv laddning.<\/p>\n<p data-start=\"2355\" data-end=\"2561\"><strong data-start=\"2355\" data-end=\"2402\">3. Vad \u00e4r f\u00f6rdelen med smartsk\u00e4rmen?<\/strong><br data-start=\"2402\" data-end=\"2405\" \/>Den <strong data-start=\"2409\" data-end=\"2430\">smarta LED-displayen<\/strong> h\u00e5ller reda p\u00e5 din <strong data-start=\"2451\" data-end=\"2499\">batteritid, e-v\u00e4tskeniv\u00e5 och antal bloss<\/strong>, vilket ger realtidsdata f\u00f6r en smidig vapingupplevelse.<\/p>\n<p data-start=\"2563\" data-end=\"2758\"><strong data-start=\"2563\" data-end=\"2614\">4. Har FIHP 30000 justerbart luftfl\u00f6de?<\/strong><br data-start=\"2614\" data-end=\"2617\" \/>Ja! Du kan \u00e4ndra <strong data-start=\"2641\" data-end=\"2660\">luftfl\u00f6desinst\u00e4llningen<\/strong> f\u00f6r att f\u00e5 ett <strong data-start=\"2670\" data-end=\"2696\">tightare eller l\u00f6sare drag<\/strong>, vilket f\u00f6rb\u00e4ttrar din vapingupplevelse s\u00e5 att den matchar dina \u00f6nskem\u00e5l.<\/p>\n<p data-start=\"2760\" data-end=\"2995\"><strong data-start=\"2760\" data-end=\"2818\">5. Var kan jag k\u00f6pa FIHP 30000 till grossistpriser?<\/strong><br data-start=\"2818\" data-end=\"2821\" \/>F\u00f6r <strong data-start=\"2825\" data-end=\"2863\">st\u00f6rre ink\u00f6p och grossistavtal<\/strong>, bes\u00f6k <strong data-start=\"2871\" data-end=\"2904\">Vapestornado online vape butik<\/strong> \u2013 din p\u00e5litliga k\u00e4lla f\u00f6r <strong data-start=\"2931\" data-end=\"2962\">prisv\u00e4rda eng\u00e5ngsvapes<\/strong> med <strong data-start=\"2968\" data-end=\"2992\">prestanda i toppklass<\/strong>.<\/p>\n<\/div>\n<\/div>\n<\/div>\n<\/div>","protected":false},"excerpt":{"rendered":"<p>Den <strong data-start=\"1431\" data-end=\"1462\">WASPE FIHP 30000 Puffar Vape<\/strong> har dubbla vapingl\u00e4gen, smart sk\u00e4rm\u00f6vervakning och 28 ml e-v\u00e4tska. Ett kraftfullt uppladdningsbart alternativ f\u00f6r <strong data-start=\"1570\" data-end=\"1606\">grossistmarknader f\u00f6r vape i Europa<\/strong>.<\/p>\n<p><strong>L\u00e4gg till Amys whatsapp f\u00f6r att f\u00e5 r\u00e4tt svar och rabatterat pris!<\/strong><\/p>\n<p><img fetchpriority=\"high\" decoding=\"async\" class=\"size-full wp-image-2932\" src=\"https:\/\/vapestornado.com\/wp-content\/uploads\/2024\/12\/Vape-Wholesale.jpg\" alt=\"Vape Partihandel\" width=\"229\" height=\"300\" \/><\/p>\n<h3><a href=\"https:\/\/wa.me\/8617776015835\"><span style=\"color: #ff0000;\"><strong>WhatsApp: +86 17776015835<\/strong><\/span><\/a><\/h3>\n<p>&nbsp;<\/p>","protected":false},"featured_media":3840,"comment_status":"open","ping_status":"closed","template":"","meta":{"_acf_changed":false,"_uag_custom_page_level_css":"","_lmt_disableupdate":"no","_lmt_disable":"","_monsterinsights_skip_tracking":false,"_monsterinsights_sitenote_active":false,"_monsterinsights_sitenote_note":"","_monsterinsights_sitenote_category":0,"site-sidebar-layout":"default","site-content-layout":"","ast-site-content-layout":"default","site-content-style":"default","site-sidebar-style":"default","ast-global-header-display":"","ast-banner-title-visibility":"","ast-main-header-display":"","ast-hfb-above-header-display":"","ast-hfb-below-header-display":"","ast-hfb-mobile-header-display":"","site-post-title":"","ast-breadcrumbs-content":"","ast-featured-img":"","footer-sml-layout":"","ast-disable-related-posts":"","theme-transparent-header-meta":"default","adv-header-id-meta":"","stick-header-meta":"","header-above-stick-meta":"","header-main-stick-meta":"","header-below-stick-meta":"","astra-migrate-meta-layouts":"set","ast-page-background-enabled":"default","ast-page-background-meta":{"desktop":{"background-color":"","background-image":"","background-repeat":"repeat","background-position":"center center","background-size":"auto","background-attachment":"scroll","background-type":"","background-media":"","overlay-type":"","overlay-color":"","overlay-opacity":"","overlay-gradient":""},"tablet":{"background-color":"","background-image":"","background-repeat":"repeat","background-position":"center center","background-size":"auto","background-attachment":"scroll","background-type":"","background-media":"","overlay-type":"","overlay-color":"","overlay-opacity":"","overlay-gradient":""},"mobile":{"background-color":"","background-image":"","background-repeat":"repeat","background-position":"center center","background-size":"auto","background-attachment":"scroll","background-type":"","background-media":"","overlay-type":"","overlay-color":"","overlay-opacity":"","overlay-gradient":""}},"ast-content-background-meta":{"desktop":{"background-color":"var(--ast-global-color-5)","background-image":"","background-repeat":"repeat","background-position":"center center","background-size":"auto","background-attachment":"scroll","background-type":"","background-media":"","overlay-type":"","overlay-color":"","overlay-opacity":"","overlay-gradient":""},"tablet":{"background-color":"var(--ast-global-color-5)","background-image":"","background-repeat":"repeat","background-position":"center center","background-size":"auto","background-attachment":"scroll","background-type":"","background-media":"","overlay-type":"","overlay-color":"","overlay-opacity":"","overlay-gradient":""},"mobile":{"background-color":"var(--ast-global-color-5)","background-image":"","background-repeat":"repeat","background-position":"center center","background-size":"auto","background-attachment":"scroll","background-type":"","background-media":"","overlay-type":"","overlay-color":"","overlay-opacity":"","overlay-gradient":""}},"_joinchat":{"telephone":"17776015835"}},"product_brand":[],"product_cat":[19,67,151,154,142,146,60],"product_tag":[105,97,250,94,241,93,101,255],"class_list":{"0":"post-3861","1":"product","2":"type-product","3":"status-publish","4":"has-post-thumbnail","6":"product_cat-vapes","7":"product_cat-30000-puff","8":"product_cat-buy-disposable-vapes-in-france","9":"product_cat-buy-disposable-vapes-in-netherlands","10":"product_cat-digital-box-disposable-vapes","11":"product_cat-rechargeable-disposable-vapes","12":"product_cat-waspe-fihp-vape","13":"product_tag-digital-disposable-vape","14":"product_tag-hot-sale-disposable-vape","15":"product_tag-puff-30k","16":"product_tag-rechargeable-disposable-vape","17":"product_tag-smart-screen-disposable-vape","18":"product_tag-vape-wholesale","19":"product_tag-waspe-30k","20":"product_tag-waspe-fihp-30000","21":"desktop-align-left","22":"tablet-align-left","23":"mobile-align-left","25":"first","26":"instock","27":"sale","28":"shipping-taxable","29":"purchasable","30":"product-type-simple"},"acf":[],"uagb_featured_image_src":{"full":["https:\/\/vapestornado.com\/wp-content\/uploads\/2025\/03\/Wasp-FIHP-30000-Puffs-Vape-30k-Popular-Flavours.jpg",800,800,false],"thumbnail":["https:\/\/vapestornado.com\/wp-content\/uploads\/2025\/03\/Wasp-FIHP-30000-Puffs-Vape-30k-Popular-Flavours-150x150.jpg",150,150,true],"medium":["https:\/\/vapestornado.com\/wp-content\/uploads\/2025\/03\/Wasp-FIHP-30000-Puffs-Vape-30k-Popular-Flavours-300x300.jpg",300,300,true],"medium_large":["https:\/\/vapestornado.com\/wp-content\/uploads\/2025\/03\/Wasp-FIHP-30000-Puffs-Vape-30k-Popular-Flavours-768x768.jpg",768,768,true],"large":["https:\/\/vapestornado.com\/wp-content\/uploads\/2025\/03\/Wasp-FIHP-30000-Puffs-Vape-30k-Popular-Flavours.jpg",800,800,false],"1536x1536":["https:\/\/vapestornado.com\/wp-content\/uploads\/2025\/03\/Wasp-FIHP-30000-Puffs-Vape-30k-Popular-Flavours.jpg",800,800,false],"2048x2048":["https:\/\/vapestornado.com\/wp-content\/uploads\/2025\/03\/Wasp-FIHP-30000-Puffs-Vape-30k-Popular-Flavours.jpg",800,800,false],"trp-custom-language-flag":["https:\/\/vapestornado.com\/wp-content\/uploads\/2025\/03\/Wasp-FIHP-30000-Puffs-Vape-30k-Popular-Flavours.jpg",12,12,false],"woocommerce_thumbnail":["https:\/\/vapestornado.com\/wp-content\/uploads\/2025\/03\/Wasp-FIHP-30000-Puffs-Vape-30k-Popular-Flavours-300x300.jpg",300,300,true],"woocommerce_single":["https:\/\/vapestornado.com\/wp-content\/uploads\/2025\/03\/Wasp-FIHP-30000-Puffs-Vape-30k-Popular-Flavours-600x600.jpg",600,600,true],"woocommerce_gallery_thumbnail":["https:\/\/vapestornado.com\/wp-content\/uploads\/2025\/03\/Wasp-FIHP-30000-Puffs-Vape-30k-Popular-Flavours-100x100.jpg",100,100,true]},"uagb_author_info":{"display_name":"ESAMY","author_link":"https:\/\/vapestornado.com\/sv\/author\/"},"uagb_comment_info":0,"uagb_excerpt":"The WASPE FIHP 30000 Puffs Vape features dual vaping modes, smart screen monitoring, and 28ml e-liquid. A powerful rechargeable option for wholesale vape markets in Europe. Add Amy's whatsapp to get right reply and discount price! WhatsApp: +86 17776015835 &nbsp;","_links":{"self":[{"href":"https:\/\/vapestornado.com\/sv\/wp-json\/wp\/v2\/product\/3861","targetHints":{"allow":["GET"]}}],"collection":[{"href":"https:\/\/vapestornado.com\/sv\/wp-json\/wp\/v2\/product"}],"about":[{"href":"https:\/\/vapestornado.com\/sv\/wp-json\/wp\/v2\/types\/product"}],"replies":[{"embeddable":true,"href":"https:\/\/vapestornado.com\/sv\/wp-json\/wp\/v2\/comments?post=3861"}],"wp:featuredmedia":[{"embeddable":true,"href":"https:\/\/vapestornado.com\/sv\/wp-json\/wp\/v2\/media\/3840"}],"wp:attachment":[{"href":"https:\/\/vapestornado.com\/sv\/wp-json\/wp\/v2\/media?parent=3861"}],"wp:term":[{"taxonomy":"product_brand","embeddable":true,"href":"https:\/\/vapestornado.com\/sv\/wp-json\/wp\/v2\/product_brand?post=3861"},{"taxonomy":"product_cat","embeddable":true,"href":"https:\/\/vapestornado.com\/sv\/wp-json\/wp\/v2\/product_cat?post=3861"},{"taxonomy":"product_tag","embeddable":true,"href":"https:\/\/vapestornado.com\/sv\/wp-json\/wp\/v2\/product_tag?post=3861"}],"curies":[{"name":"wp","href":"https:\/\/api.w.org\/{rel}","templated":true}]}}