{"id":3859,"date":"2025-03-14T08:36:08","date_gmt":"2025-03-14T08:36:08","guid":{"rendered":"https:\/\/vapestornado.com\/?post_type=product&#038;p=3859"},"modified":"2025-08-23T12:40:31","modified_gmt":"2025-08-23T12:40:31","slug":"vapsolo-galaxy-30000-vapers-30k-puff-disposable-vape-e-cigarette-with-smart-screen","status":"publish","type":"product","link":"https:\/\/vapestornado.com\/sv\/product\/vapsolo-galaxy-30000-vapers-30k-puff-disposable-vape-e-cigarette-with-smart-screen\/","title":{"rendered":"Vapsolo Galaxy 30000 Vapers 30K Puff Eng\u00e5ngs Vape E-cigarett med Smart Sk\u00e4rm"},"content":{"rendered":"<h1 data-pm-slice=\"1 1 []\">Vapsolo Galaxy 30000 Vapers 30K Puff Eng\u00e5ngs Vape E-cigarett med Smart Sk\u00e4rm<\/h1>\n<p>&nbsp;<\/p>\n<p>Den <strong data-start=\"343\" data-end=\"389\">Vapsolo Galaxy 30000 Puff Eng\u00e5ngs Vape<\/strong> s\u00e4tter en ny standard f\u00f6r premium e-cigaretter, och kombinerar <strong data-start=\"447\" data-end=\"517\">l\u00e5ngvarig kapacitet, en smart peksk\u00e4rm och justerbart luftfl\u00f6de<\/strong> i en kompakt enhet. Erbjuder upp till <strong data-start=\"556\" data-end=\"572\">30 000 puff<\/strong>\u00e4r denna vape byggd f\u00f6r vejpare som vill ha b\u00e5de uth\u00e5llighet och smakvariation.<\/p>\n<p>Dess <strong data-start=\"663\" data-end=\"691\">fullf\u00e4rg smart display<\/strong> ger insikter i realtid om batteritid och e-v\u00e4tskeniv\u00e5er, medan <strong data-start=\"769\" data-end=\"806\">4-niv\u00e5s justerbart luftfl\u00f6dessystem<\/strong> m\u00f6jligg\u00f6r personliga drag\u2014allt fr\u00e5n sn\u00e4va MTL-tr\u00e4ffar till mjuka DTL-moln. Drivs av en <strong data-start=\"901\" data-end=\"932\">850mAh uppladdningsbart batteri<\/strong> med Type-C snabbladdning, Galaxy 30K s\u00e4kerst\u00e4ller minimal stillest\u00e5ndstid och maximal bekv\u00e4mlighet.<\/p>\n<p>Med <strong data-start=\"1044\" data-end=\"1077\">unika tusch-tv\u00e4tt f\u00e4rgm\u00f6nster<\/strong> f\u00f6r varje smak, denna vape presterar inte bara bra utan ser ocks\u00e5 fantastisk ut. F\u00f6rfylld med <strong data-start=\"1172\" data-end=\"1192\">premium e-v\u00e4tska<\/strong> och finns i flera nikotinstyrkor, den v\u00e4nder sig till b\u00e5de tillf\u00e4lliga anv\u00e4ndare och tunga vejpare.<\/p>\n<p>F\u00f6r \u00e5terf\u00f6rs\u00e4ljare och distribut\u00f6rer erbjuder Galaxy 30K oslagbart v\u00e4rde till <strong data-start=\"1371\" data-end=\"1400\">grossistpriser vid bulkink\u00f6p<\/strong>vilket g\u00f6r den till ett m\u00e5ste i alla europeiska vape-lager.<\/p>\n<p><strong><span style=\"color: #ff0000;\">L\u00e4gg till Amys whatsapp f\u00f6r snabbt svar och vape-kupong!<\/span><\/strong><\/p>\n<p><img fetchpriority=\"high\" decoding=\"async\" class=\"size-full wp-image-2932\" src=\"https:\/\/vapestornado.com\/wp-content\/uploads\/2024\/12\/Vape-Wholesale.jpg\" alt=\"Vape Partihandel\" width=\"229\" height=\"300\" \/><\/p>\n<h3><a href=\"https:\/\/wa.me\/8617776015835\" target=\"_blank\" rel=\"noopener\"><span style=\"color: #ff0000;\"><strong>WhatsApp: +86 17776015835<\/strong><\/span><\/a><\/h3>\n<p>&nbsp;<\/p>\n<h2><strong>Vapsolo Galaxy 30000 Digital Box Produktfunktioner<\/strong><\/h2>\n<p>Bloss: 30000 bloss<br \/>\nDubbel Mesh Coil 1.0ohm<br \/>\nBatteri: 850mAh<br \/>\nE-juice: 40ml<br \/>\nNikotin: 2%\/5% Nikotin<br \/>\nType-c uppladdningsbar<br \/>\nSk\u00e4rmvisning f\u00f6r olja och batteri<\/p>\n<figure id=\"attachment_3854\" aria-describedby=\"caption-attachment-3854\" style=\"width: 800px\" class=\"wp-caption alignnone\"><img decoding=\"async\" class=\"wp-image-3854 size-full\" src=\"https:\/\/vapestornado.com\/wp-content\/uploads\/2025\/03\/Original-Vapsolo-30000-Puffs-Best-Flavor.webp\" alt=\"Original Vapsolo 30000 Puffar B\u00e4sta Smak\" width=\"800\" height=\"800\" srcset=\"https:\/\/vapestornado.com\/wp-content\/uploads\/2025\/03\/Original-Vapsolo-30000-Puffs-Best-Flavor.webp 800w, https:\/\/vapestornado.com\/wp-content\/uploads\/2025\/03\/Original-Vapsolo-30000-Puffs-Best-Flavor-300x300.webp 300w, https:\/\/vapestornado.com\/wp-content\/uploads\/2025\/03\/Original-Vapsolo-30000-Puffs-Best-Flavor-150x150.webp 150w, https:\/\/vapestornado.com\/wp-content\/uploads\/2025\/03\/Original-Vapsolo-30000-Puffs-Best-Flavor-768x768.webp 768w, https:\/\/vapestornado.com\/wp-content\/uploads\/2025\/03\/Original-Vapsolo-30000-Puffs-Best-Flavor-600x600.webp 600w, https:\/\/vapestornado.com\/wp-content\/uploads\/2025\/03\/Original-Vapsolo-30000-Puffs-Best-Flavor-100x100.webp 100w\" sizes=\"(max-width: 800px) 100vw, 800px\" \/><figcaption id=\"caption-attachment-3854\" class=\"wp-caption-text\">Original Vapsolo 30000 Puffar B\u00e4sta Smak<\/figcaption><\/figure>\n<h2 class=\"product-title\"><strong>Vapsolo Galaxy 30k Smaklista<\/strong><\/h2>\n<p>&nbsp;<\/p>\n<p>1.Hallon Vattenmelon <strong><span style=\"color: #ff0000;\">&gt;&gt;&gt;&gt; Het!<\/span><\/strong><\/p>\n<p>2.Bl\u00e5 Hallon <strong><span style=\"color: #ff0000;\">&gt;&gt;&gt;&gt; B\u00e4st!<\/span><\/strong><\/p>\n<p>3.Ananas Kokosn\u00f6t<\/p>\n<p>4.Vattenmelon Is<\/p>\n<p>5.Citron Lime<\/p>\n<p>6. Svart Is Drakfrukt<strong><span style=\"color: #ff0000;\">&gt;&gt;&gt;&gt; Het!<\/span><\/strong><\/p>\n<p>7. Citron Persika<\/p>\n<p>8. Jordgubb Hallon K\u00f6rsb\u00e4r Is <strong><span style=\"color: #ff0000;\">&gt;&gt;&gt;&gt; Het!<\/span><\/strong><\/p>\n<p>9. Jordgubb Kiwi<\/p>\n<p>10. Jordgubb Redbull <strong><span style=\"color: #ff0000;\">&gt;&gt;&gt;&gt; Het!<\/span><\/strong><\/p>\n<p>11. Jordgubbsbanan<\/p>\n<p>12. Trippel Melon <strong><span style=\"color: #ff0000;\">&gt;&gt;&gt;&gt; Het!<\/span><\/strong><\/p>\n<article class=\"w-full text-token-text-primary focus-visible:outline-2 focus-visible:outline-offset-[-4px]\" dir=\"auto\" data-testid=\"conversation-turn-32\" data-scroll-anchor=\"false\">\n<div class=\"m-auto text-base py-[18px] px-6\">\n<div class=\"mx-auto flex flex-1 text-base gap-4 md:gap-5 lg:gap-6 md:max-w-3xl lg:max-w-[40rem] xl:max-w-[48rem]\">\n<div class=\"group\/conversation-turn relative flex w-full min-w-0 flex-col @xs\/thread:px-0 @sm\/thread:px-1.5 @md\/thread:px-4\">\n<div class=\"flex-col gap-1 md:gap-3\">\n<div class=\"flex max-w-full flex-col flex-grow\">\n<div class=\"min-h-8 text-message flex w-full flex-col items-end gap-2 whitespace-normal break-words text-start [.text-message+&amp;]:mt-5\" dir=\"auto\" data-message-author-role=\"user\" data-message-id=\"ffac41ca-1db4-431b-873a-32c4052956f1\">\n<div class=\"flex w-full flex-col gap-1 empty:hidden items-end rtl:items-start\">\n<div class=\"relative max-w-[var(--user-chat-width,70%)] rounded-3xl bg-token-message-surface px-5 py-2.5\">\n<div class=\"absolute bottom-0 right-full top-0 -mr-3.5 hidden pr-5 pt-2 [.group\/conversation-turn:hover_&amp;]:flex\">\n<div class=\"flex\">\n<article class=\"w-full text-token-text-primary focus-visible:outline-2 focus-visible:outline-offset-[-4px]\" dir=\"auto\" data-testid=\"conversation-turn-39\" data-scroll-anchor=\"true\">\n<div class=\"m-auto text-base py-[18px] px-6\">\n<div class=\"mx-auto flex flex-1 text-base gap-4 md:gap-5 lg:gap-6 md:max-w-3xl lg:max-w-[40rem] xl:max-w-[48rem]\">\n<div class=\"group\/conversation-turn relative flex w-full min-w-0 flex-col agent-turn @xs\/thread:px-0 @sm\/thread:px-1.5 @md\/thread:px-4\">\n<div class=\"flex-col gap-1 md:gap-3\">\n<div class=\"flex max-w-full flex-col flex-grow\">\n<div class=\"min-h-8 text-message flex w-full flex-col items-end gap-2 whitespace-normal break-words text-start [.text-message+&amp;]:mt-5\" dir=\"auto\" data-message-author-role=\"assistant\" data-message-id=\"55a23854-ec57-48dd-bd4f-6118f43d6241\" data-message-model-slug=\"gpt-4o\">\n<div class=\"flex w-full flex-col gap-1 empty:hidden first:pt-[3px]\">\n<div class=\"markdown prose w-full break-words dark:prose-invert light\"><\/div>\n<\/div>\n<\/div>\n<\/div>\n<\/div>\n<\/div>\n<\/div>\n<\/div>\n<\/article>\n<\/div>\n<\/div>\n<\/div>\n<\/div>\n<\/div>\n<\/div>\n<\/div>\n<\/div>\n<\/div>\n<\/div>\n<\/article>\n<h2>Varf\u00f6r v\u00e4lja vapestornado f\u00f6r Vapsolo Galaxy 30000 Vape K\u00f6p i bulk?<\/h2>\n<div class=\"flex-shrink-0 flex flex-col relative items-end\">\n<div class=\"pt-0\">\n<div class=\"gizmo-bot-avatar flex h-8 w-8 items-center justify-center overflow-hidden rounded-full\">\n<div class=\"relative p-1 rounded-sm flex items-center justify-center bg-token-main-surface-primary text-token-text-primary h-8 w-8\">\n<p>V\u00e4lkommen till vapestornado, din betrodda onlinebutik f\u00f6r premium eng\u00e5ngsvapes. Med mer \u00e4n 5 \u00e5rs expertis erbjuder vi popul\u00e4ra varum\u00e4rken f\u00f6r eng\u00e5ngsvapes som Fumot RandM Vape, Vapme, Bang Vape, Waspe Vape och WGA Vape, m.fl.<\/p>\n<p>V\u00e5rt sortiment inkluderar popul\u00e4ra eng\u00e5ngsvapes med dubbla smaker som <a href=\"https:\/\/vapestornado.com\/sv\/product\/waspe-fihp-36000-36k-puff-twins-flavor-rechargeable-disposable-vape-bulk-buy-at-wholesale-prices\/\">FIHP 36K Puff Twins Smak<\/a>, <a href=\"https:\/\/vapestornado.com\/sv\/product\/waspe-crystal-40000-puffs-40k-double-flavor-rechargeable-disposable-vapes-cheap-price\/\">WASPE Crystal 40k Dubbel Smak<\/a> och smakrika val som <a href=\"https:\/\/vapestornado.com\/sv\/product\/razzbar-15000-puffs-rechargeable-disposable-vape-bulk-buy-at-cheap-prices\/\">RAZZBAR 15000 Puff<\/a>. Varje produkt \u00e4r utvald med fokus p\u00e5 kvalitet, v\u00e4rde och variation, vilket s\u00e4kerst\u00e4ller att du hittar den perfekta matchningen f\u00f6r dina behov. Uppt\u00e4ck exceptionell service och ett brett utbud av toppprodukter till grossistpris hos vapestornado.<\/p>\n<\/div>\n<h3><\/h3>\n<div class=\"relative p-1 rounded-sm flex items-center justify-center bg-token-main-surface-primary text-token-text-primary h-8 w-8\">\n<h2>Vanliga fr\u00e5gor om Vapsolo Galaxy 30000 Eng\u00e5ngs E-cigarett<\/h2>\n<\/div>\n<\/div>\n<\/div>\n<\/div>\n<div class=\"flex-shrink-0 flex flex-col relative items-end\">\n<div class=\"pt-0\">\n<div class=\"gizmo-bot-avatar flex h-8 w-8 items-center justify-center overflow-hidden rounded-full\">\n<div class=\"relative p-1 rounded-sm flex items-center justify-center bg-token-main-surface-primary text-token-text-primary h-8 w-8\">\n<div class=\"mb-2 flex gap-3 empty:hidden -ml-2\">\n<ol data-start=\"1890\" data-end=\"2794\">\n<li data-start=\"1890\" data-end=\"2083\">\n<p data-start=\"1893\" data-end=\"1966\"><strong data-start=\"1893\" data-end=\"1964\">Var kan jag k\u00f6pa Vapsolo Galaxy 30000 Puffs till grossistpriser?<\/strong><\/p>\n<ul data-start=\"1970\" data-end=\"2083\">\n<li data-start=\"1970\" data-end=\"2083\">Du kan f\u00e5 <strong data-start=\"1984\" data-end=\"2008\">exklusiva erbjudanden f\u00f6r bulkink\u00f6p<\/strong> hos Vapestornado<strong data-start=\"2012\" data-end=\"2040\">\u00a0online vapebutik<\/strong>, den p\u00e5litliga k\u00e4llan f\u00f6r vape-grossister.<\/li>\n<\/ul>\n<\/li>\n<li data-start=\"2085\" data-end=\"2278\">\n<p data-start=\"2088\" data-end=\"2125\"><strong data-start=\"2088\" data-end=\"2123\">Hur fungerar den smarta sk\u00e4rmen?<\/strong><\/p>\n<ul data-start=\"2129\" data-end=\"2278\">\n<li data-start=\"2129\" data-end=\"2278\">Den <strong data-start=\"2135\" data-end=\"2164\">smart display peksk\u00e4rm<\/strong> tillhandah\u00e5ller <strong data-start=\"2174\" data-end=\"2231\">realtidsuppdateringar om batteritid och e-v\u00e4tskeniv\u00e5er<\/strong>, vilket ger dig fullst\u00e4ndig kontroll \u00f6ver din vape.<\/li>\n<\/ul>\n<\/li>\n<li data-start=\"2280\" data-end=\"2442\">\n<p data-start=\"2283\" data-end=\"2324\"><strong data-start=\"2283\" data-end=\"2322\">\u00c4r Vapsolo Galaxy uppladdningsbar?<\/strong><\/p>\n<ul data-start=\"2328\" data-end=\"2442\">\n<li data-start=\"2328\" data-end=\"2442\">Ja! Den <strong data-start=\"2339\" data-end=\"2357\">850mAh batteri<\/strong> is <strong data-start=\"2361\" data-end=\"2384\">Type-C uppladdningsbar<\/strong>, vilket s\u00e4kerst\u00e4ller l\u00e5ngvarig prestanda med snabb laddning.<\/li>\n<\/ul>\n<\/li>\n<li data-start=\"2444\" data-end=\"2614\">\n<p data-start=\"2447\" data-end=\"2491\"><strong data-start=\"2447\" data-end=\"2489\">Kan jag justera luftfl\u00f6det p\u00e5 denna vape?<\/strong><\/p>\n<ul data-start=\"2495\" data-end=\"2614\">\n<li data-start=\"2495\" data-end=\"2614\">Absolut! Den <strong data-start=\"2513\" data-end=\"2543\">4-niv\u00e5s justering av luftfl\u00f6de<\/strong> l\u00e5ter dig anpassa ditt drag f\u00f6r den perfekta vapingupplevelsen.<\/li>\n<\/ul>\n<\/li>\n<li data-start=\"2616\" data-end=\"2794\">\n<p data-start=\"2619\" data-end=\"2666\"><strong data-start=\"2619\" data-end=\"2664\">\u00c4r denna vape tillg\u00e4nglig f\u00f6r bulkink\u00f6p?<\/strong><\/p>\n<ul data-start=\"2670\" data-end=\"2794\">\n<li data-start=\"2670\" data-end=\"2794\">Ja! Den <strong data-start=\"2681\" data-end=\"2711\">Vapsolo Galaxy 30000 Puffar<\/strong> \u00e4r idealisk f\u00f6r <strong data-start=\"2725\" data-end=\"2745\">grossistk\u00f6pare<\/strong>, erbjuder <strong data-start=\"2756\" data-end=\"2791\">toppfunktioner till l\u00e5ga priser<\/strong>.<\/li>\n<\/ul>\n<\/li>\n<\/ol>\n<h4>Hur man best\u00e4ller?<\/h4>\n<p><strong>1. Vilka betalningsmetoder accepterar ni?<\/strong><br \/>\nVi accepterar IBAN-\u00f6verf\u00f6ring och <span style=\"font-size: 16px;\">Western Union<\/span>\u00a0f\u00f6r s\u00e4kra och bekv\u00e4ma transaktioner.<\/p>\n<p><strong>2. Hur kan jag sp\u00e5ra min best\u00e4llning?<\/strong><br \/>\nEfter att din best\u00e4llning har skickats, <span class=\"selectable-text copyable-text false\">kommer vi att forts\u00e4tta uppdatera lastsp\u00e5rningen tills du har tagit emot lasten<\/span>.<\/p>\n<p><strong>3. Vad \u00e4r den uppskattade leveranstiden?<\/strong><\/p>\n<ul>\n<li>Leverans fr\u00e5n <strong>Kina lager<\/strong> tar ungef\u00e4r <strong>7-14 arbetsdagar<\/strong>.<\/li>\n<li>Leverans fr\u00e5n <strong>Europeiska lager<\/strong> tar vanligtvis <strong>3-6 arbetsdagar<\/strong>.<\/li>\n<\/ul>\n<p><strong>4. Hur kan jag f\u00e5 snabbare leverans?<\/strong><br \/>\nF\u00f6r snabbare leverans rekommenderar vi att du best\u00e4ller fr\u00e5n v\u00e5rt <strong>Europeiska lager<\/strong>, vilket erbjuder snabbare leveranstider.<\/p>\n<p><strong>5. Hur returnerar jag en vara?<\/strong><br \/>\nF\u00f6r att returnera en vara, kontakta v\u00e5r kundtj\u00e4nst f\u00f6r detaljerade instruktioner om returprocessen.<\/p>\n<p><strong>6. Erbjuder ni internationell frakt?<\/strong><br \/>\nJa, vi skickar till de flesta l\u00e4nder och hanterar <strong>tullklarering<\/strong> f\u00f6r en smidig leveransupplevelse.<\/p>\n<p><strong>7. Vad h\u00e4nder om jag f\u00e5r en skadad eller defekt produkt?<\/strong><br \/>\nOm din vara \u00e4r skadad eller defekt, kontakta kundtj\u00e4nst f\u00f6r en <strong>ers\u00e4ttning eller \u00e5terbetalning<\/strong>.<\/p>\n<p><strong>8. Hur kan jag kontakta kundtj\u00e4nst?<\/strong><br \/>\nDu kan n\u00e5 oss via <strong>e-post, WhatsApp eller livechatt<\/strong> p\u00e5 v\u00e5r webbplats f\u00f6r all hj\u00e4lp.<\/p>\n<\/div>\n<\/div>\n<\/div>\n<\/div>\n<\/div>","protected":false},"excerpt":{"rendered":"<p>Original Vapsolo 30000 Puff B\u00e4sta Sk\u00e4rm Vaporizers Vape<br \/>\nFabriksgrossist Vapsolo Galaxy Vapers 30K Puff Eng\u00e5ngs Vape<br \/>\nVapsolo Galaxy 30000 Puff Smart Eng\u00e5ngs Vape Bulk Pris<\/p>\n<p><strong>L\u00e4gg till Amys whatsapp f\u00f6r att f\u00e5 r\u00e4tt svar och rabatterat pris!<\/strong><\/p>\n<p><img fetchpriority=\"high\" decoding=\"async\" class=\"size-full wp-image-2932\" src=\"https:\/\/vapestornado.com\/wp-content\/uploads\/2024\/12\/Vape-Wholesale.jpg\" alt=\"Vape Partihandel\" width=\"229\" height=\"300\" \/><\/p>\n<h3><a href=\"https:\/\/wa.me\/8617776015835\"><span style=\"color: #ff0000;\"><strong>WhatsApp: +86 17776015835<\/strong><\/span><\/a><\/h3>\n<p>&nbsp;<\/p>","protected":false},"featured_media":3855,"comment_status":"open","ping_status":"closed","template":"","meta":{"_acf_changed":false,"_uag_custom_page_level_css":"","_lmt_disableupdate":"no","_lmt_disable":"","_monsterinsights_skip_tracking":false,"_monsterinsights_sitenote_active":false,"_monsterinsights_sitenote_note":"","_monsterinsights_sitenote_category":0,"site-sidebar-layout":"default","site-content-layout":"","ast-site-content-layout":"default","site-content-style":"default","site-sidebar-style":"default","ast-global-header-display":"","ast-banner-title-visibility":"","ast-main-header-display":"","ast-hfb-above-header-display":"","ast-hfb-below-header-display":"","ast-hfb-mobile-header-display":"","site-post-title":"","ast-breadcrumbs-content":"","ast-featured-img":"","footer-sml-layout":"","ast-disable-related-posts":"","theme-transparent-header-meta":"default","adv-header-id-meta":"","stick-header-meta":"","header-above-stick-meta":"","header-main-stick-meta":"","header-below-stick-meta":"","astra-migrate-meta-layouts":"set","ast-page-background-enabled":"default","ast-page-background-meta":{"desktop":{"background-color":"","background-image":"","background-repeat":"repeat","background-position":"center center","background-size":"auto","background-attachment":"scroll","background-type":"","background-media":"","overlay-type":"","overlay-color":"","overlay-opacity":"","overlay-gradient":""},"tablet":{"background-color":"","background-image":"","background-repeat":"repeat","background-position":"center center","background-size":"auto","background-attachment":"scroll","background-type":"","background-media":"","overlay-type":"","overlay-color":"","overlay-opacity":"","overlay-gradient":""},"mobile":{"background-color":"","background-image":"","background-repeat":"repeat","background-position":"center center","background-size":"auto","background-attachment":"scroll","background-type":"","background-media":"","overlay-type":"","overlay-color":"","overlay-opacity":"","overlay-gradient":""}},"ast-content-background-meta":{"desktop":{"background-color":"var(--ast-global-color-5)","background-image":"","background-repeat":"repeat","background-position":"center center","background-size":"auto","background-attachment":"scroll","background-type":"","background-media":"","overlay-type":"","overlay-color":"","overlay-opacity":"","overlay-gradient":""},"tablet":{"background-color":"var(--ast-global-color-5)","background-image":"","background-repeat":"repeat","background-position":"center center","background-size":"auto","background-attachment":"scroll","background-type":"","background-media":"","overlay-type":"","overlay-color":"","overlay-opacity":"","overlay-gradient":""},"mobile":{"background-color":"var(--ast-global-color-5)","background-image":"","background-repeat":"repeat","background-position":"center center","background-size":"auto","background-attachment":"scroll","background-type":"","background-media":"","overlay-type":"","overlay-color":"","overlay-opacity":"","overlay-gradient":""}},"_joinchat":{"telephone":"17776015835"}},"product_brand":[],"product_cat":[19,67,149,158,143,146,171],"product_tag":[105,97,250,94,241,93,249],"class_list":{"0":"post-3859","1":"product","2":"type-product","3":"status-publish","4":"has-post-thumbnail","6":"product_cat-vapes","7":"product_cat-30000-puff","8":"product_cat-buy-disposable-vapes-in-austria","9":"product_cat-buy-disposable-vapes-in-spain","10":"product_cat-dual-mesh-disposable-vapes","11":"product_cat-rechargeable-disposable-vapes","12":"product_cat-vapsolo-disposable-vapes","13":"product_tag-digital-disposable-vape","14":"product_tag-hot-sale-disposable-vape","15":"product_tag-puff-30k","16":"product_tag-rechargeable-disposable-vape","17":"product_tag-smart-screen-disposable-vape","18":"product_tag-vape-wholesale","19":"product_tag-vapsolo-galaxy-30000","20":"desktop-align-left","21":"tablet-align-left","22":"mobile-align-left","24":"first","25":"instock","26":"sale","27":"shipping-taxable","28":"purchasable","29":"product-type-simple"},"acf":[],"uagb_featured_image_src":{"full":["https:\/\/vapestornado.com\/wp-content\/uploads\/2025\/03\/Vapsolo-Galaxy-30k-30000-Puffs-Disposable-Vape.webp",800,800,false],"thumbnail":["https:\/\/vapestornado.com\/wp-content\/uploads\/2025\/03\/Vapsolo-Galaxy-30k-30000-Puffs-Disposable-Vape-150x150.webp",150,150,true],"medium":["https:\/\/vapestornado.com\/wp-content\/uploads\/2025\/03\/Vapsolo-Galaxy-30k-30000-Puffs-Disposable-Vape-300x300.webp",300,300,true],"medium_large":["https:\/\/vapestornado.com\/wp-content\/uploads\/2025\/03\/Vapsolo-Galaxy-30k-30000-Puffs-Disposable-Vape-768x768.webp",768,768,true],"large":["https:\/\/vapestornado.com\/wp-content\/uploads\/2025\/03\/Vapsolo-Galaxy-30k-30000-Puffs-Disposable-Vape.webp",800,800,false],"1536x1536":["https:\/\/vapestornado.com\/wp-content\/uploads\/2025\/03\/Vapsolo-Galaxy-30k-30000-Puffs-Disposable-Vape.webp",800,800,false],"2048x2048":["https:\/\/vapestornado.com\/wp-content\/uploads\/2025\/03\/Vapsolo-Galaxy-30k-30000-Puffs-Disposable-Vape.webp",800,800,false],"trp-custom-language-flag":["https:\/\/vapestornado.com\/wp-content\/uploads\/2025\/03\/Vapsolo-Galaxy-30k-30000-Puffs-Disposable-Vape.webp",12,12,false],"woocommerce_thumbnail":["https:\/\/vapestornado.com\/wp-content\/uploads\/2025\/03\/Vapsolo-Galaxy-30k-30000-Puffs-Disposable-Vape-300x300.webp",300,300,true],"woocommerce_single":["https:\/\/vapestornado.com\/wp-content\/uploads\/2025\/03\/Vapsolo-Galaxy-30k-30000-Puffs-Disposable-Vape-600x600.webp",600,600,true],"woocommerce_gallery_thumbnail":["https:\/\/vapestornado.com\/wp-content\/uploads\/2025\/03\/Vapsolo-Galaxy-30k-30000-Puffs-Disposable-Vape-100x100.webp",100,100,true]},"uagb_author_info":{"display_name":"ESAMY","author_link":"https:\/\/vapestornado.com\/sv\/author\/"},"uagb_comment_info":0,"uagb_excerpt":"Original Vapsolo 30000 Puffs Best Screen Vaporizers Vape Factory Wholesale Vapsolo Galaxy Vapers 30K Puff Disposable Vape Vapsolo Galaxy 30000 Puff Smart Disposables Vape Bulk Price Add Amy's whatsapp to get right reply and discount price! WhatsApp: +86 17776015835 &nbsp;","_links":{"self":[{"href":"https:\/\/vapestornado.com\/sv\/wp-json\/wp\/v2\/product\/3859","targetHints":{"allow":["GET"]}}],"collection":[{"href":"https:\/\/vapestornado.com\/sv\/wp-json\/wp\/v2\/product"}],"about":[{"href":"https:\/\/vapestornado.com\/sv\/wp-json\/wp\/v2\/types\/product"}],"replies":[{"embeddable":true,"href":"https:\/\/vapestornado.com\/sv\/wp-json\/wp\/v2\/comments?post=3859"}],"wp:featuredmedia":[{"embeddable":true,"href":"https:\/\/vapestornado.com\/sv\/wp-json\/wp\/v2\/media\/3855"}],"wp:attachment":[{"href":"https:\/\/vapestornado.com\/sv\/wp-json\/wp\/v2\/media?parent=3859"}],"wp:term":[{"taxonomy":"product_brand","embeddable":true,"href":"https:\/\/vapestornado.com\/sv\/wp-json\/wp\/v2\/product_brand?post=3859"},{"taxonomy":"product_cat","embeddable":true,"href":"https:\/\/vapestornado.com\/sv\/wp-json\/wp\/v2\/product_cat?post=3859"},{"taxonomy":"product_tag","embeddable":true,"href":"https:\/\/vapestornado.com\/sv\/wp-json\/wp\/v2\/product_tag?post=3859"}],"curies":[{"name":"wp","href":"https:\/\/api.w.org\/{rel}","templated":true}]}}