{"id":3796,"date":"2025-02-19T07:21:03","date_gmt":"2025-02-19T07:21:03","guid":{"rendered":"https:\/\/vapestornado.com\/?post_type=product&#038;p=3796"},"modified":"2025-08-23T09:18:00","modified_gmt":"2025-08-23T09:18:00","slug":"waspe-12000-digital-box-12k-puff-vapes-disposable-wholesale-price","status":"publish","type":"product","link":"https:\/\/vapestornado.com\/sv\/product\/waspe-12000-digital-box-12k-puff-vapes-disposable-wholesale-price\/","title":{"rendered":"Waspe 12000 Digital Box 12k Puff Vapes Eng\u00e5ngs Grossist Pris"},"content":{"rendered":"<h1 data-pm-slice=\"1 1 []\">Waspe 12000 Digital Box 12k Puff Vapes Eng\u00e5ngs Grossist Pris<del><br \/>\n<\/del><\/h1>\n<p data-start=\"235\" data-end=\"489\">Den <strong data-start=\"239\" data-end=\"282\">Waspe 12000 Digital Box Eng\u00e5ngs Vape<\/strong> kombinerar kapacitet, prestanda och bekv\u00e4mlighet i en elegant enhet. Med upp till <strong data-start=\"363\" data-end=\"379\">12 000 puffar<\/strong> och en <strong data-start=\"386\" data-end=\"408\">25 ml e-v\u00e4tskebeh\u00e5llare<\/strong>levererar den l\u00e5ngvariga sessioner som tilltalar b\u00e5de tillf\u00e4lliga och frekventa anv\u00e4ndare.<\/p>\n<p data-start=\"491\" data-end=\"721\">Utrustad med en <strong data-start=\"508\" data-end=\"538\">integrerade digitala displayen<\/strong>kan anv\u00e4ndare enkelt \u00f6vervaka antal bloss och batteritid i realtid. Den <strong data-start=\"611\" data-end=\"642\">650mAh uppladdningsbart batteri<\/strong> med <strong data-start=\"648\" data-end=\"672\">Typ-C snabbladdning<\/strong> s\u00e4kerst\u00e4ller effektiv anv\u00e4ndning utan sl\u00f6sad e-v\u00e4tska.<\/p>\n<p data-start=\"723\" data-end=\"948\">Anv\u00e4nder <strong data-start=\"729\" data-end=\"758\">dubbel mesh coil-teknik<\/strong>ger Waspe 12K j\u00e4mn \u00e5ngproduktion och rik smak \u00f6ver ett brett urval av blandningar. Finns i nikotinniv\u00e5er av <strong data-start=\"890\" data-end=\"908\">0%, 2%, och 5%<\/strong>tillgodoser den alla vapingpreferenser.<\/p>\n<p data-start=\"950\" data-end=\"1150\">F\u00f6r grossister och \u00e5terf\u00f6rs\u00e4ljare, den <strong data-start=\"985\" data-end=\"1017\">Waspe 12000 Digital Box Vape<\/strong> erbjuder stark \u00e5terf\u00f6rs\u00e4ljningspotential tack vare sin kombination av h\u00f6gt antal bloss, avancerade funktioner och konkurrenskraftiga grossistpriser.<\/p>\n<p><strong><span style=\"color: #ff0000;\">L\u00e4gg till Amys whatsapp f\u00f6r snabbt svar och vape-kupong!<\/span><\/strong><\/p>\n<p><img fetchpriority=\"high\" decoding=\"async\" class=\"size-full wp-image-2932\" src=\"https:\/\/vapestornado.com\/wp-content\/uploads\/2024\/12\/Vape-Wholesale.jpg\" alt=\"Vape Partihandel\" width=\"229\" height=\"300\" \/><\/p>\n<h3><a href=\"https:\/\/wa.me\/8617776015835\" target=\"_blank\" rel=\"noopener\"><span style=\"color: #ff0000;\"><strong>WhatsApp: +86 17776015835<\/strong><\/span><\/a><\/h3>\n<p>&nbsp;<\/p>\n<h2><strong>Waspe 12000 Digital Box 12k Produktfunktioner<\/strong><\/h2>\n<p>Bloss: 12000 bloss<br \/>\nDubbel Mesh Coil 1.0ohm<br \/>\nBatteri: A650mAh<br \/>\nE-juice: 20ml<br \/>\nNikotin: 2%\/5% Nikotin<br \/>\nType-c uppladdningsbar<br \/>\nSk\u00e4rmvisning f\u00f6r olja och batteri<\/p>\n<h2 class=\"product-title\"><strong>Waspe Digital Box 12k Smaklista<\/strong><\/h2>\n<p>1 Vattenmelon Is<strong> <span style=\"color: #ff0000;\">&gt;&gt;&gt;&gt; Het!<\/span><\/strong><br \/>\n2 Blue Razz Ice <strong><span style=\"color: #ff0000;\">&gt;&gt;&gt;&gt; Het!<\/span><\/strong><br \/>\n3 Druv Is<br \/>\n4 Jordgubbsvattenmelon <strong><span style=\"color: #ff0000;\">&gt;&gt;&gt;&gt; Het!<\/span><\/strong><br \/>\n5 Blandade b\u00e4r <strong><span style=\"color: #ff0000;\">&gt;&gt;&gt;&gt; B\u00e4st!<\/span><\/strong><br \/>\n6 Jordgubbsmunkar<br \/>\n7 Bl\u00e5b\u00e4rshallon <strong><span style=\"color: #ff0000;\">&gt;&gt;&gt;&gt; Het!<\/span><\/strong><br \/>\n8 Jordgubbshallon k\u00f6rsb\u00e4r <strong><span style=\"color: #ff0000;\">&gt;&gt;&gt;&gt; Het!<\/span><\/strong><br \/>\n9 Vattenmelon Mango Persika<br \/>\n10 R\u00f6dvin P\u00e4ronsaft<\/p>\n<article class=\"w-full text-token-text-primary focus-visible:outline-2 focus-visible:outline-offset-[-4px]\" dir=\"auto\" data-testid=\"conversation-turn-32\" data-scroll-anchor=\"false\">\n<div class=\"m-auto text-base py-[18px] px-6\">\n<div class=\"mx-auto flex flex-1 text-base gap-4 md:gap-5 lg:gap-6 md:max-w-3xl lg:max-w-[40rem] xl:max-w-[48rem]\">\n<div class=\"group\/conversation-turn relative flex w-full min-w-0 flex-col @xs\/thread:px-0 @sm\/thread:px-1.5 @md\/thread:px-4\">\n<div class=\"flex-col gap-1 md:gap-3\">\n<div class=\"flex max-w-full flex-col flex-grow\">\n<div class=\"min-h-8 text-message flex w-full flex-col items-end gap-2 whitespace-normal break-words text-start [.text-message+&amp;]:mt-5\" dir=\"auto\" data-message-author-role=\"user\" data-message-id=\"ffac41ca-1db4-431b-873a-32c4052956f1\">\n<div class=\"flex w-full flex-col gap-1 empty:hidden items-end rtl:items-start\">\n<div class=\"relative max-w-[var(--user-chat-width,70%)] rounded-3xl bg-token-message-surface px-5 py-2.5\">\n<div class=\"absolute bottom-0 right-full top-0 -mr-3.5 hidden pr-5 pt-2 [.group\/conversation-turn:hover_&amp;]:flex\">\n<div class=\"flex\">\n<article class=\"w-full text-token-text-primary focus-visible:outline-2 focus-visible:outline-offset-[-4px]\" dir=\"auto\" data-testid=\"conversation-turn-39\" data-scroll-anchor=\"true\">\n<div class=\"m-auto text-base py-[18px] px-6\">\n<div class=\"mx-auto flex flex-1 text-base gap-4 md:gap-5 lg:gap-6 md:max-w-3xl lg:max-w-[40rem] xl:max-w-[48rem]\">\n<div class=\"group\/conversation-turn relative flex w-full min-w-0 flex-col agent-turn @xs\/thread:px-0 @sm\/thread:px-1.5 @md\/thread:px-4\">\n<div class=\"flex-col gap-1 md:gap-3\">\n<div class=\"flex max-w-full flex-col flex-grow\">\n<div class=\"min-h-8 text-message flex w-full flex-col items-end gap-2 whitespace-normal break-words text-start [.text-message+&amp;]:mt-5\" dir=\"auto\" data-message-author-role=\"assistant\" data-message-id=\"55a23854-ec57-48dd-bd4f-6118f43d6241\" data-message-model-slug=\"gpt-4o\">\n<div class=\"flex w-full flex-col gap-1 empty:hidden first:pt-[3px]\">\n<div class=\"markdown prose w-full break-words dark:prose-invert light\">\n<figure id=\"attachment_3816\" aria-describedby=\"caption-attachment-3816\" style=\"width: 800px\" class=\"wp-caption alignnone\"><img decoding=\"async\" class=\"wp-image-3816 size-full\" src=\"https:\/\/vapestornado.com\/wp-content\/uploads\/2025\/03\/Waspe-12k-Puffs-Digital-Box.webp\" alt=\"Waspe 12k Puffar Digital Box\" width=\"800\" height=\"800\" srcset=\"https:\/\/vapestornado.com\/wp-content\/uploads\/2025\/03\/Waspe-12k-Puffs-Digital-Box.webp 800w, https:\/\/vapestornado.com\/wp-content\/uploads\/2025\/03\/Waspe-12k-Puffs-Digital-Box-300x300.webp 300w, https:\/\/vapestornado.com\/wp-content\/uploads\/2025\/03\/Waspe-12k-Puffs-Digital-Box-150x150.webp 150w, https:\/\/vapestornado.com\/wp-content\/uploads\/2025\/03\/Waspe-12k-Puffs-Digital-Box-768x768.webp 768w, https:\/\/vapestornado.com\/wp-content\/uploads\/2025\/03\/Waspe-12k-Puffs-Digital-Box-600x600.webp 600w, https:\/\/vapestornado.com\/wp-content\/uploads\/2025\/03\/Waspe-12k-Puffs-Digital-Box-100x100.webp 100w\" sizes=\"(max-width: 800px) 100vw, 800px\" \/><figcaption id=\"caption-attachment-3816\" class=\"wp-caption-text\">Waspe 12k Puffar Digital Box<\/figcaption><\/figure>\n<\/div>\n<\/div>\n<\/div>\n<\/div>\n<\/div>\n<\/div>\n<\/div>\n<\/div>\n<\/article>\n<\/div>\n<\/div>\n<\/div>\n<\/div>\n<\/div>\n<\/div>\n<\/div>\n<\/div>\n<\/div>\n<\/div>\n<\/article>\n<h3>Varf\u00f6r v\u00e4lja vapestornado f\u00f6r Waspe Digital Box 12000 Puff Eng\u00e5ngs Vape Grossist?<\/h3>\n<div class=\"flex-shrink-0 flex flex-col relative items-end\">\n<div class=\"pt-0\">\n<div class=\"gizmo-bot-avatar flex h-8 w-8 items-center justify-center overflow-hidden rounded-full\">\n<div class=\"relative p-1 rounded-sm flex items-center justify-center bg-token-main-surface-primary text-token-text-primary h-8 w-8\">\n<p>V\u00e4lkommen till vapestornado, din betrodda onlinebutik f\u00f6r premium eng\u00e5ngsvapes. Med mer \u00e4n 5 \u00e5rs expertis erbjuder vi popul\u00e4ra varum\u00e4rken f\u00f6r eng\u00e5ngsvapes som Fumot RandM Vape, Vapme, Bang Vape, Waspe Vape och WGA Vape, m.fl.<\/p>\n<p>V\u00e5rt sortiment inkluderar popul\u00e4ra eng\u00e5ngsvapes med dubbla smaker som <a href=\"https:\/\/vapestornado.com\/sv\/product\/waspe-fihp-36000-36k-puff-twins-flavor-rechargeable-disposable-vape-bulk-buy-at-wholesale-prices\/\">FIHP 36K Puff Twins Smak<\/a>, <a href=\"https:\/\/vapestornado.com\/sv\/product\/waspe-crystal-40000-puffs-40k-double-flavor-rechargeable-disposable-vapes-cheap-price\/\">WASPE Crystal 40k Dubbel Smak<\/a> och smakrika val som <a href=\"https:\/\/vapestornado.com\/sv\/product\/razzbar-15000-puffs-rechargeable-disposable-vape-bulk-buy-at-cheap-prices\/\">RAZZBAR 15000 Puff<\/a>. Varje produkt \u00e4r utvald med fokus p\u00e5 kvalitet, v\u00e4rde och variation, vilket s\u00e4kerst\u00e4ller att du hittar den perfekta matchningen f\u00f6r dina behov. Uppt\u00e4ck exceptionell service och ett brett utbud av toppprodukter till grossistpris hos vapestornado.<\/p>\n<\/div>\n<h3><\/h3>\n<div class=\"relative p-1 rounded-sm flex items-center justify-center bg-token-main-surface-primary text-token-text-primary h-8 w-8\">\n<h3>Vanliga fr\u00e5gor om Waspe 12000 Puffar Eng\u00e5ngs Vape<\/h3>\n<\/div>\n<\/div>\n<\/div>\n<\/div>\n<div class=\"flex-shrink-0 flex flex-col relative items-end\">\n<div class=\"pt-0\">\n<div class=\"gizmo-bot-avatar flex h-8 w-8 items-center justify-center overflow-hidden rounded-full\">\n<div class=\"relative p-1 rounded-sm flex items-center justify-center bg-token-main-surface-primary text-token-text-primary h-8 w-8\">\n<div class=\"mb-2 flex gap-3 empty:hidden -ml-2\">\n<p data-pm-slice=\"1 1 []\"><strong>1. Hur l\u00e4nge r\u00e4cker Waspe 12000?<\/strong><\/p>\n<p data-pm-slice=\"1 1 []\">Waspe 12000 ger <strong>upp till 12 000 bloss<\/strong>, vilket g\u00f6r den till en av de mest l\u00e5ngvariga eng\u00e5ngsvapes p\u00e5 marknaden. Med sin <strong>uppladdningsbart batteri<\/strong>, kan du njuta av oavbruten vaping under en l\u00e4ngre period.<\/p>\n<p><strong>2. Har Waspe 12000 en digital display?<\/strong><\/p>\n<p>Ja! Den inbyggda <strong>digital display<\/strong> l\u00e5ter dig sp\u00e5ra din batteritid och puffr\u00e4kning i realtid, vilket ger en s\u00f6ml\u00f6s vapingupplevelse.<\/p>\n<p><strong>3. Vilka smaker finns tillg\u00e4ngliga f\u00f6r Waspe 12000?<\/strong><\/p>\n<p>Denna vape kommer i en <strong>bred variation av smaker<\/strong>, inklusive fruktiga, mentol och klassiska tobaksalternativ. Det finns n\u00e5got f\u00f6r alla smaker!<\/p>\n<p><strong>4. \u00c4r Waspe 12000 uppladdningsbar?<\/strong><\/p>\n<p>Absolut! Waspe 12000 har en <strong>Typ-C snabbladdning<\/strong> port, s\u00e5 du kan snabbt ladda och forts\u00e4tta vejpa utan l\u00e5nga v\u00e4ntetider.<\/p>\n<p><strong>5. Var kan jag k\u00f6pa Waspe 12000 till grossistpriser?<\/strong><\/p>\n<p>F\u00f6r de b\u00e4sta <strong>grossistpriserna<\/strong>, kolla in <strong>Vapestornado online vape butik<\/strong>, din betrodda k\u00e4lla f\u00f6r <strong>billiga eng\u00e5ngs vapes<\/strong> och bulkink\u00f6p.<\/p>\n<h4>Hur man best\u00e4ller?<\/h4>\n<p><strong>1. Vilka betalningsmetoder accepterar ni?<\/strong><br \/>\nVi accepterar IBAN-\u00f6verf\u00f6ring och <span style=\"font-size: 16px;\">Western Union<\/span>\u00a0f\u00f6r s\u00e4kra och bekv\u00e4ma transaktioner.<\/p>\n<p><strong>2. Hur kan jag sp\u00e5ra min best\u00e4llning?<\/strong><br \/>\nEfter att din best\u00e4llning har skickats, <span class=\"selectable-text copyable-text false\">kommer vi att forts\u00e4tta uppdatera lastsp\u00e5rningen tills du har tagit emot lasten<\/span>.<\/p>\n<p><strong>3. Vad \u00e4r den uppskattade leveranstiden?<\/strong><\/p>\n<ul>\n<li>Leverans fr\u00e5n <strong>Kina lager<\/strong> tar ungef\u00e4r <strong>7-14 arbetsdagar<\/strong>.<\/li>\n<li>Leverans fr\u00e5n <strong>Europeiska lager<\/strong> tar vanligtvis <strong>3-6 arbetsdagar<\/strong>.<\/li>\n<\/ul>\n<p><strong>4. Hur kan jag f\u00e5 snabbare leverans?<\/strong><br \/>\nF\u00f6r snabbare leverans rekommenderar vi att du best\u00e4ller fr\u00e5n v\u00e5rt <strong>Europeiska lager<\/strong>, vilket erbjuder snabbare leveranstider.<\/p>\n<p><strong>5. Hur returnerar jag en vara?<\/strong><br \/>\nF\u00f6r att returnera en vara, kontakta v\u00e5r kundtj\u00e4nst f\u00f6r detaljerade instruktioner om returprocessen.<\/p>\n<p><strong>6. Erbjuder ni internationell frakt?<\/strong><br \/>\nJa, vi skickar till de flesta l\u00e4nder och hanterar <strong>tullklarering<\/strong> f\u00f6r en smidig leveransupplevelse.<\/p>\n<p><strong>7. Vad h\u00e4nder om jag f\u00e5r en skadad eller defekt produkt?<\/strong><br \/>\nOm din vara \u00e4r skadad eller defekt, kontakta kundtj\u00e4nst f\u00f6r en <strong>ers\u00e4ttning eller \u00e5terbetalning<\/strong>.<\/p>\n<p><strong>8. Hur kan jag kontakta kundtj\u00e4nst?<\/strong><br \/>\nDu kan n\u00e5 oss via <strong>e-post, WhatsApp eller livechatt<\/strong> p\u00e5 v\u00e5r webbplats f\u00f6r all hj\u00e4lp.<\/p>\n<\/div>\n<\/div>\n<\/div>\n<\/div>\n<\/div>","protected":false},"excerpt":{"rendered":"<p><strong>Massiva 12000 bloss<\/strong> f\u00f6r ut\u00f6kad anv\u00e4ndning \u2714 <strong>Uppladdningsbar<\/strong> med <strong>snabbladdande Type-C-port<\/strong> \u2714 <strong>Digital display<\/strong> f\u00f6r realtids\u00f6vervakning av batteri <strong>M\u00e5ngfald av smaker<\/strong> f\u00f6r att passa alla smakpreferenser \u2714 <strong>H\u00f6gkvalitativ dubbel mesh coil<\/strong> f\u00f6r f\u00f6rb\u00e4ttrad \u00e5ngproduktion \u2714 <strong>L\u00e5ga grossistpriser<\/strong> f\u00f6r bulk-k\u00f6pare<\/p>\n<p>F\u00e5 de b\u00e4sta erbjudandena p\u00e5 <strong>Waspe 12000 Digital Box 12K Puff Vape<\/strong> just nu! <strong>Grossistf\u00f6rs\u00e4ljning av eng\u00e5ngs-vapes<\/strong> har aldrig varit mer prisv\u00e4rd!<\/p>\n<p><strong>L\u00e4gg till Amys whatsapp f\u00f6r snabbt svar och vape-kupong!<\/strong><\/p>\n<p><img fetchpriority=\"high\" decoding=\"async\" class=\"size-full wp-image-2932\" src=\"https:\/\/vapestornado.com\/wp-content\/uploads\/2024\/12\/Vape-Wholesale.jpg\" alt=\"Vape Partihandel\" width=\"229\" height=\"300\" \/><\/p>\n<h3><a href=\"https:\/\/wa.me\/8617776015835\"><span style=\"color: #ff0000;\"><strong>WhatsApp: +86 17776015835<\/strong><\/span><\/a><\/h3>\n<p>&nbsp;<\/p>","protected":false},"featured_media":3815,"comment_status":"open","ping_status":"closed","template":"","meta":{"_acf_changed":false,"_uag_custom_page_level_css":"","_lmt_disableupdate":"no","_lmt_disable":"","_monsterinsights_skip_tracking":false,"_monsterinsights_sitenote_active":false,"_monsterinsights_sitenote_note":"","_monsterinsights_sitenote_category":0,"site-sidebar-layout":"default","site-content-layout":"","ast-site-content-layout":"default","site-content-style":"default","site-sidebar-style":"default","ast-global-header-display":"","ast-banner-title-visibility":"","ast-main-header-display":"","ast-hfb-above-header-display":"","ast-hfb-below-header-display":"","ast-hfb-mobile-header-display":"","site-post-title":"","ast-breadcrumbs-content":"","ast-featured-img":"","footer-sml-layout":"","ast-disable-related-posts":"","theme-transparent-header-meta":"default","adv-header-id-meta":"","stick-header-meta":"","header-above-stick-meta":"","header-main-stick-meta":"","header-below-stick-meta":"","astra-migrate-meta-layouts":"set","ast-page-background-enabled":"default","ast-page-background-meta":{"desktop":{"background-color":"","background-image":"","background-repeat":"repeat","background-position":"center center","background-size":"auto","background-attachment":"scroll","background-type":"","background-media":"","overlay-type":"","overlay-color":"","overlay-opacity":"","overlay-gradient":""},"tablet":{"background-color":"","background-image":"","background-repeat":"repeat","background-position":"center center","background-size":"auto","background-attachment":"scroll","background-type":"","background-media":"","overlay-type":"","overlay-color":"","overlay-opacity":"","overlay-gradient":""},"mobile":{"background-color":"","background-image":"","background-repeat":"repeat","background-position":"center center","background-size":"auto","background-attachment":"scroll","background-type":"","background-media":"","overlay-type":"","overlay-color":"","overlay-opacity":"","overlay-gradient":""}},"ast-content-background-meta":{"desktop":{"background-color":"var(--ast-global-color-5)","background-image":"","background-repeat":"repeat","background-position":"center center","background-size":"auto","background-attachment":"scroll","background-type":"","background-media":"","overlay-type":"","overlay-color":"","overlay-opacity":"","overlay-gradient":""},"tablet":{"background-color":"var(--ast-global-color-5)","background-image":"","background-repeat":"repeat","background-position":"center center","background-size":"auto","background-attachment":"scroll","background-type":"","background-media":"","overlay-type":"","overlay-color":"","overlay-opacity":"","overlay-gradient":""},"mobile":{"background-color":"var(--ast-global-color-5)","background-image":"","background-repeat":"repeat","background-position":"center center","background-size":"auto","background-attachment":"scroll","background-type":"","background-media":"","overlay-type":"","overlay-color":"","overlay-opacity":"","overlay-gradient":""}},"_joinchat":{"telephone":"17776015835"}},"product_brand":[],"product_cat":[19,72,151,155,160,142,146,60],"product_tag":[247,105,97,94,241,93,248],"class_list":{"0":"post-3796","1":"product","2":"type-product","3":"status-publish","4":"has-post-thumbnail","6":"product_cat-vapes","7":"product_cat-12000-puff","8":"product_cat-buy-disposable-vapes-in-france","9":"product_cat-buy-disposable-vapes-in-norway","10":"product_cat-buy-disposable-vapes-in-switzerland","11":"product_cat-digital-box-disposable-vapes","12":"product_cat-rechargeable-disposable-vapes","13":"product_cat-waspe-fihp-vape","14":"product_tag-12k-puff","15":"product_tag-digital-disposable-vape","16":"product_tag-hot-sale-disposable-vape","17":"product_tag-rechargeable-disposable-vape","18":"product_tag-smart-screen-disposable-vape","19":"product_tag-vape-wholesale","20":"product_tag-waspe-12000-digital-box","21":"desktop-align-left","22":"tablet-align-left","23":"mobile-align-left","25":"first","26":"instock","27":"sale","28":"shipping-taxable","29":"purchasable","30":"product-type-simple"},"acf":[],"uagb_featured_image_src":{"full":["https:\/\/vapestornado.com\/wp-content\/uploads\/2025\/03\/WASPE-12k-Puff-Disposable-Vape-Bulk-Buy.webp",800,800,false],"thumbnail":["https:\/\/vapestornado.com\/wp-content\/uploads\/2025\/03\/WASPE-12k-Puff-Disposable-Vape-Bulk-Buy-150x150.webp",150,150,true],"medium":["https:\/\/vapestornado.com\/wp-content\/uploads\/2025\/03\/WASPE-12k-Puff-Disposable-Vape-Bulk-Buy-300x300.webp",300,300,true],"medium_large":["https:\/\/vapestornado.com\/wp-content\/uploads\/2025\/03\/WASPE-12k-Puff-Disposable-Vape-Bulk-Buy-768x768.webp",768,768,true],"large":["https:\/\/vapestornado.com\/wp-content\/uploads\/2025\/03\/WASPE-12k-Puff-Disposable-Vape-Bulk-Buy.webp",800,800,false],"1536x1536":["https:\/\/vapestornado.com\/wp-content\/uploads\/2025\/03\/WASPE-12k-Puff-Disposable-Vape-Bulk-Buy.webp",800,800,false],"2048x2048":["https:\/\/vapestornado.com\/wp-content\/uploads\/2025\/03\/WASPE-12k-Puff-Disposable-Vape-Bulk-Buy.webp",800,800,false],"trp-custom-language-flag":["https:\/\/vapestornado.com\/wp-content\/uploads\/2025\/03\/WASPE-12k-Puff-Disposable-Vape-Bulk-Buy.webp",12,12,false],"woocommerce_thumbnail":["https:\/\/vapestornado.com\/wp-content\/uploads\/2025\/03\/WASPE-12k-Puff-Disposable-Vape-Bulk-Buy-300x300.webp",300,300,true],"woocommerce_single":["https:\/\/vapestornado.com\/wp-content\/uploads\/2025\/03\/WASPE-12k-Puff-Disposable-Vape-Bulk-Buy-600x600.webp",600,600,true],"woocommerce_gallery_thumbnail":["https:\/\/vapestornado.com\/wp-content\/uploads\/2025\/03\/WASPE-12k-Puff-Disposable-Vape-Bulk-Buy-100x100.webp",100,100,true]},"uagb_author_info":{"display_name":"ESAMY","author_link":"https:\/\/vapestornado.com\/sv\/author\/"},"uagb_comment_info":0,"uagb_excerpt":"Massive 12000 puffs for extended usage \u2714 Rechargeable with fast-charging Type-C port \u2714 Digital display for real-time monitoring of battery &amp; puffs \u2714 Variety of flavors to suit all taste preferences \u2714 High-quality dual mesh coil for enhanced vapor production \u2714 Low wholesale prices for bulk buyers Get the best deals on Waspe 12000 Digital&hellip;","_links":{"self":[{"href":"https:\/\/vapestornado.com\/sv\/wp-json\/wp\/v2\/product\/3796","targetHints":{"allow":["GET"]}}],"collection":[{"href":"https:\/\/vapestornado.com\/sv\/wp-json\/wp\/v2\/product"}],"about":[{"href":"https:\/\/vapestornado.com\/sv\/wp-json\/wp\/v2\/types\/product"}],"replies":[{"embeddable":true,"href":"https:\/\/vapestornado.com\/sv\/wp-json\/wp\/v2\/comments?post=3796"}],"wp:featuredmedia":[{"embeddable":true,"href":"https:\/\/vapestornado.com\/sv\/wp-json\/wp\/v2\/media\/3815"}],"wp:attachment":[{"href":"https:\/\/vapestornado.com\/sv\/wp-json\/wp\/v2\/media?parent=3796"}],"wp:term":[{"taxonomy":"product_brand","embeddable":true,"href":"https:\/\/vapestornado.com\/sv\/wp-json\/wp\/v2\/product_brand?post=3796"},{"taxonomy":"product_cat","embeddable":true,"href":"https:\/\/vapestornado.com\/sv\/wp-json\/wp\/v2\/product_cat?post=3796"},{"taxonomy":"product_tag","embeddable":true,"href":"https:\/\/vapestornado.com\/sv\/wp-json\/wp\/v2\/product_tag?post=3796"}],"curies":[{"name":"wp","href":"https:\/\/api.w.org\/{rel}","templated":true}]}}