{"id":3788,"date":"2025-02-18T03:50:57","date_gmt":"2025-02-18T03:50:57","guid":{"rendered":"https:\/\/vapestornado.com\/?post_type=product&#038;p=3788"},"modified":"2025-08-23T09:28:52","modified_gmt":"2025-08-23T09:28:52","slug":"jnr-nicotine-pouches-25mg-15-flavours-shop-online-lower-price","status":"publish","type":"product","link":"https:\/\/vapestornado.com\/sv\/product\/jnr-nicotine-pouches-25mg-15-flavours-shop-online-lower-price\/","title":{"rendered":"JNR Nikotinp\u00e5sar 25mg 15+ smaker Handla online l\u00e4gre pris"},"content":{"rendered":"<h1 class=\"product-title\">JNR Nikotinp\u00e5sar 25mg 15+ smaker Handla online l\u00e4gre pris<\/h1>\n<p data-start=\"263\" data-end=\"535\">Den <strong data-start=\"267\" data-end=\"296\">JNR Nikotinp\u00e5sar 25mg<\/strong> \u00e4r designade f\u00f6r anv\u00e4ndare som vill ha en stark och effektiv nikotinupplevelse utan att r\u00f6ka eller anv\u00e4nda vape. Varje prilla inneh\u00e5ller <strong data-start=\"419\" data-end=\"439\">25 mg nikotin<\/strong>, vilket ger en snabb och kraftfull fris\u00e4ttning, idealisk f\u00f6r erfarna anv\u00e4ndare som s\u00f6ker intensitet och fokus.<\/p>\n<p data-start=\"537\" data-end=\"781\">Tillverkade av <strong data-start=\"547\" data-end=\"583\">tobaksfria, v\u00e4xtbaserade fibrer<\/strong>, dessa slimmade prillor passar bekv\u00e4mt under \u00f6verl\u00e4ppen utan kladd, spott eller kvarvarande lukt. Den diskreta designen g\u00f6r dem enkla att anv\u00e4nda n\u00e4r som helst \u2013 p\u00e5 jobbet, p\u00e5 resande fot eller i sociala sammanhang.<\/p>\n<p data-start=\"783\" data-end=\"1056\">Tillg\u00e4nglig i <strong data-start=\"796\" data-end=\"811\">15+ smaker<\/strong> inklusive Mint, Citrus och Berry, de <strong data-start=\"851\" data-end=\"880\">JNR 25mg Nikotin Prillor<\/strong> kombinerar styrka med uppfriskande smak. De erbjuder ett bekv\u00e4mt, r\u00f6kfritt alternativ f\u00f6r alla som letar efter ett h\u00f6gkvalitativt, potent nikotinalternativ till ett konkurrenskraftigt pris.<\/p>\n<p><strong>L\u00e4gg till Amys whatsapp f\u00f6r att f\u00e5 r\u00e4tt svar och rabatterat pris!<\/strong><\/p>\n<p><img fetchpriority=\"high\" decoding=\"async\" class=\"size-full wp-image-2932\" src=\"https:\/\/vapestornado.com\/wp-content\/uploads\/2024\/12\/Vape-Wholesale.jpg\" alt=\"Vape Partihandel\" width=\"229\" height=\"300\" \/><\/p>\n<h3><a href=\"https:\/\/wa.me\/8617776015835\" target=\"_blank\" rel=\"noopener\"><span style=\"color: #ff0000;\"><strong>WhatsApp: +86 17776015835<\/strong><\/span><\/a><\/h3>\n<p>&nbsp;<\/p>\n<h2><strong>JNR Nikotinp\u00e5sar 25mg Produktegenskaper<\/strong><\/h2>\n<p>M\u00e4rke: JNR<br \/>\nNikotinstyrka: 25 mg per p\u00e5se<br \/>\nAntal p\u00e5sar: 20 st per dosa<\/p>\n<figure id=\"attachment_3773\" aria-describedby=\"caption-attachment-3773\" style=\"width: 1000px\" class=\"wp-caption alignnone\"><img decoding=\"async\" class=\"wp-image-3773 size-full\" src=\"https:\/\/vapestornado.com\/wp-content\/uploads\/2025\/02\/Hot-Selling-JNR-Nicotine-Pouches-25mg.webp\" alt=\"Heta JNR Nikotinp\u00e5sar 25mg\" width=\"1000\" height=\"1000\" srcset=\"https:\/\/vapestornado.com\/wp-content\/uploads\/2025\/02\/Hot-Selling-JNR-Nicotine-Pouches-25mg.webp 1000w, https:\/\/vapestornado.com\/wp-content\/uploads\/2025\/02\/Hot-Selling-JNR-Nicotine-Pouches-25mg-300x300.webp 300w, https:\/\/vapestornado.com\/wp-content\/uploads\/2025\/02\/Hot-Selling-JNR-Nicotine-Pouches-25mg-150x150.webp 150w, https:\/\/vapestornado.com\/wp-content\/uploads\/2025\/02\/Hot-Selling-JNR-Nicotine-Pouches-25mg-768x768.webp 768w, https:\/\/vapestornado.com\/wp-content\/uploads\/2025\/02\/Hot-Selling-JNR-Nicotine-Pouches-25mg-600x600.webp 600w, https:\/\/vapestornado.com\/wp-content\/uploads\/2025\/02\/Hot-Selling-JNR-Nicotine-Pouches-25mg-100x100.webp 100w\" sizes=\"(max-width: 1000px) 100vw, 1000px\" \/><figcaption id=\"caption-attachment-3773\" class=\"wp-caption-text\">Heta JNR Nikotinp\u00e5sar 25mg<\/figcaption><\/figure>\n<h2 class=\"product-title\"><strong>JNR Nikotinp\u00e5sar 25mg Smaker<\/strong><\/h2>\n<ol data-start=\"59\" data-end=\"318\" data-is-last-node=\"\">\n<li data-start=\"59\" data-end=\"76\">Svart K\u00f6rsb\u00e4r<\/li>\n<li data-start=\"77\" data-end=\"95\">Bl\u00e5 Razz Is<\/li>\n<li data-start=\"96\" data-end=\"115\">Bl\u00e5b\u00e4rsmynta<\/li>\n<li data-start=\"116\" data-end=\"135\">Citruskylning<\/li>\n<li data-start=\"136\" data-end=\"151\">Kolsyrad Cola<\/li>\n<li data-start=\"152\" data-end=\"163\">Frys<\/li>\n<li data-start=\"164\" data-end=\"177\">Iskall<\/li>\n<li data-start=\"178\" data-end=\"191\">Ismynta<\/li>\n<li data-start=\"192\" data-end=\"210\">Ispepparmynta<\/li>\n<li data-start=\"211\" data-end=\"228\">Blandade B\u00e4r<\/li>\n<li data-start=\"229\" data-end=\"246\">Mjuk Kola<\/li>\n<li data-start=\"247\" data-end=\"267\">Jordgubbsis<\/li>\n<li data-start=\"268\" data-end=\"282\">Tropisk<\/li>\n<li data-start=\"283\" data-end=\"299\">Tvilling\u00e4pple<\/li>\n<li data-start=\"300\" data-end=\"318\" data-is-last-node=\"\">Vattenmelon Is<\/li>\n<\/ol>\n<h3 class=\"product-title\">\u00c4r nikotinp\u00e5sar f\u00f6rdelaktiga?<\/h3>\n<article class=\"w-full text-token-text-primary focus-visible:outline-2 focus-visible:outline-offset-[-4px]\" dir=\"auto\" data-testid=\"conversation-turn-32\" data-scroll-anchor=\"false\">\n<div class=\"m-auto text-base py-[18px] px-6\">\n<div class=\"mx-auto flex flex-1 text-base gap-4 md:gap-5 lg:gap-6 md:max-w-3xl lg:max-w-[40rem] xl:max-w-[48rem]\">\n<div class=\"group\/conversation-turn relative flex w-full min-w-0 flex-col @xs\/thread:px-0 @sm\/thread:px-1.5 @md\/thread:px-4\">\n<div class=\"flex-col gap-1 md:gap-3\">\n<div class=\"flex max-w-full flex-col flex-grow\">\n<div class=\"min-h-8 text-message flex w-full flex-col items-end gap-2 whitespace-normal break-words text-start [.text-message+&amp;]:mt-5\" dir=\"auto\" data-message-author-role=\"user\" data-message-id=\"ffac41ca-1db4-431b-873a-32c4052956f1\">\n<div class=\"flex w-full flex-col gap-1 empty:hidden items-end rtl:items-start\">\n<div class=\"relative max-w-[var(--user-chat-width,70%)] rounded-3xl bg-token-message-surface px-5 py-2.5\">\n<div class=\"absolute bottom-0 right-full top-0 -mr-3.5 hidden pr-5 pt-2 [.group\/conversation-turn:hover_&amp;]:flex\">\n<div class=\"flex\"><\/div>\n<\/div>\n<\/div>\n<\/div>\n<\/div>\n<\/div>\n<\/div>\n<\/div>\n<\/div>\n<\/div>\n<\/article>\n<article class=\"w-full text-token-text-primary focus-visible:outline-2 focus-visible:outline-offset-[-4px]\" dir=\"auto\" data-testid=\"conversation-turn-33\" data-scroll-anchor=\"true\">\n<div class=\"m-auto text-base py-[18px] px-6\">\n<div class=\"mx-auto flex flex-1 text-base gap-4 md:gap-5 lg:gap-6 md:max-w-3xl lg:max-w-[40rem] xl:max-w-[48rem]\">\n<div class=\"group\/conversation-turn relative flex w-full min-w-0 flex-col agent-turn @xs\/thread:px-0 @sm\/thread:px-1.5 @md\/thread:px-4\">\n<div class=\"flex-col gap-1 md:gap-3\">\n<div class=\"flex max-w-full flex-col flex-grow\">\n<div class=\"min-h-8 text-message flex w-full flex-col items-end gap-2 whitespace-normal break-words text-start [.text-message+&amp;]:mt-5\" dir=\"auto\" data-message-author-role=\"assistant\" data-message-id=\"e542e950-e3a5-4b1a-98f8-7584a2f9bc41\" data-message-model-slug=\"gpt-4o\">\n<div class=\"flex w-full flex-col gap-1 empty:hidden first:pt-[3px]\">\n<div class=\"markdown prose w-full break-words dark:prose-invert light\">\n<article class=\"w-full text-token-text-primary focus-visible:outline-2 focus-visible:outline-offset-[-4px]\" dir=\"auto\" data-testid=\"conversation-turn-35\" data-scroll-anchor=\"true\">\n<div class=\"m-auto text-base py-[18px] px-6\">\n<div class=\"mx-auto flex flex-1 text-base gap-4 md:gap-5 lg:gap-6 md:max-w-3xl lg:max-w-[40rem] xl:max-w-[48rem]\">\n<div class=\"group\/conversation-turn relative flex w-full min-w-0 flex-col agent-turn @xs\/thread:px-0 @sm\/thread:px-1.5 @md\/thread:px-4\">\n<div class=\"flex-col gap-1 md:gap-3\">\n<div class=\"flex max-w-full flex-col flex-grow\">\n<div class=\"min-h-8 text-message flex w-full flex-col items-end gap-2 whitespace-normal break-words text-start [.text-message+&amp;]:mt-5\" dir=\"auto\" data-message-author-role=\"assistant\" data-message-id=\"19ad7ab6-95d5-4367-834a-f160e402f0d6\" data-message-model-slug=\"gpt-4o\">\n<div class=\"flex w-full flex-col gap-1 empty:hidden first:pt-[3px]\">\n<div class=\"markdown prose w-full break-words dark:prose-invert light\">\n<p>F\u00f6r r\u00f6kare som f\u00f6rs\u00f6ker sluta, erbjuder nikotinp\u00e5sar ett renare, tobaksfritt alternativ. \u00c4ven om nikotin i sig kan ha h\u00e4lsorisker, eliminerar p\u00e5sarna de skadliga effekterna av r\u00f6kning, vilket g\u00f6r dem till ett h\u00e4lsosammare alternativ f\u00f6r nuvarande r\u00f6kare som vill minska skadorna. R\u00f6kning anses vara det mest oh\u00e4lsosamma s\u00e4ttet att konsumera nikotin, s\u00e5 att byta till nikotinp\u00e5sar kan vara ett positivt steg f\u00f6r h\u00e4lsomedvetna anv\u00e4ndare.<\/p>\n<\/div>\n<\/div>\n<\/div>\n<\/div>\n<\/div>\n<\/div>\n<\/div>\n<\/div>\n<\/article>\n<\/div>\n<\/div>\n<\/div>\n<\/div>\n<\/div>\n<\/div>\n<\/div>\n<\/div>\n<\/article>\n<h3>Varf\u00f6r v\u00e4lja vapestornado f\u00f6r JNR Nikotinp\u00e5sar Partihandel?<\/h3>\n<div class=\"flex-shrink-0 flex flex-col relative items-end\">\n<div class=\"pt-0\">\n<div class=\"gizmo-bot-avatar flex h-8 w-8 items-center justify-center overflow-hidden rounded-full\">\n<div class=\"relative p-1 rounded-sm flex items-center justify-center bg-token-main-surface-primary text-token-text-primary h-8 w-8\">\n<p>V\u00e4lkommen till vapestornado, din betrodda onlinebutik f\u00f6r premium eng\u00e5ngsvapes. Med mer \u00e4n 5 \u00e5rs expertis erbjuder vi popul\u00e4ra varum\u00e4rken f\u00f6r eng\u00e5ngsvapes som Fumot RandM Vape, Vapme, Bang Vape, Waspe Vape och WGA Vape, m.fl.<\/p>\n<p>V\u00e5rt sortiment inkluderar popul\u00e4ra eng\u00e5ngsvapes med dubbla smaker som <a href=\"https:\/\/vapestornado.com\/sv\/product\/bang-king-35k-35000-puffs-2-in-1-dual-flavour-disposable-vape-wholesale-cheap-price\/\">Bang King 35k 35000 puffar<\/a>, <a href=\"https:\/\/vapestornado.com\/sv\/product\/waspe-crystal-40000-puffs-40k-double-flavor-rechargeable-disposable-vapes-cheap-price\/\">WASPE Crystal 40k Dubbel Smak<\/a> och smakrika val som <a href=\"https:\/\/vapestornado.com\/sv\/product\/razzbar-15000-puffs-rechargeable-disposable-vape-bulk-buy-at-cheap-prices\/\">RAZZBAR 15000 Puffar<\/a>. Varje produkt \u00e4r utvald med fokus p\u00e5 kvalitet, v\u00e4rde och variation, vilket s\u00e4kerst\u00e4ller att du hittar den perfekta matchningen f\u00f6r dina behov. Uppt\u00e4ck exceptionell service och ett brett utbud av toppprodukter till grossistpris hos vapestornado.<\/p>\n<\/div>\n<h3><\/h3>\n<div class=\"relative p-1 rounded-sm flex items-center justify-center bg-token-main-surface-primary text-token-text-primary h-8 w-8\">\n<h3>Vanliga fr\u00e5gor om JNR Nikotinp\u00e5sar<\/h3>\n<\/div>\n<\/div>\n<\/div>\n<\/div>\n<div class=\"flex-shrink-0 flex flex-col relative items-end\">\n<div class=\"pt-0\">\n<div class=\"gizmo-bot-avatar flex h-8 w-8 items-center justify-center overflow-hidden rounded-full\">\n<div class=\"relative p-1 rounded-sm flex items-center justify-center bg-token-main-surface-primary text-token-text-primary h-8 w-8\">\n<div class=\"mb-2 flex gap-3 empty:hidden -ml-2\">\n<p data-start=\"42\" data-end=\"510\"><strong data-start=\"42\" data-end=\"152\">1. Vilka \u00e4r de st\u00f6rsta f\u00f6rdelarna med att anv\u00e4nda JNR 25mg Nikotinp\u00e5sar j\u00e4mf\u00f6rt med traditionell r\u00f6kning eller vaping?<\/strong><br data-start=\"152\" data-end=\"155\" \/>JNR 25mg Nikotinp\u00e5sar erbjuder en renare och mer diskret nikotinupplevelse utan att beh\u00f6va r\u00f6ka eller vejpa. Tillverkade med tobaksfria ingredienser, erbjuder de ett r\u00f6kfritt och doftfritt alternativ f\u00f6r nikotinkonsumtion. De smala och b\u00e4rbara p\u00e5sarna kan anv\u00e4ndas n\u00e4r som helst, var som helst, vilket g\u00f6r dem till ett bekv\u00e4mt alternativ till traditionella tobaksprodukter.<\/p>\n<p data-start=\"512\" data-end=\"893\"><strong data-start=\"512\" data-end=\"625\">2. Hur l\u00e4nge varar den stickande k\u00e4nslan n\u00e4r man anv\u00e4nder en JNR Nikotinp\u00e5se, och vad indikerar den?<\/strong><br data-start=\"625\" data-end=\"628\" \/>N\u00e4r du placerar en JNR 25mg Nikotinp\u00e5se under l\u00e4ppen kommer du att k\u00e4nna en stickande k\u00e4nsla som vanligtvis varar i cirka 15 minuter. Denna k\u00e4nsla indikerar fris\u00e4ttningen av nikotin och \u00e4r ett tecken p\u00e5 att p\u00e5sen fungerar som f\u00f6rv\u00e4ntat och levererar en stark nikotintr\u00e4ff.<\/p>\n<p data-start=\"895\" data-end=\"1290\"><strong data-start=\"895\" data-end=\"995\">3. Kan JNR 25mg Nikotinp\u00e5sar hj\u00e4lpa r\u00f6kare att sluta, och vad g\u00f6r dem till ett h\u00e4lsosammare alternativ?<\/strong><br data-start=\"995\" data-end=\"998\" \/>Ja, JNR Nikotinp\u00e5sar kan hj\u00e4lpa r\u00f6kare att sluta genom att erbjuda ett tobaksfritt, r\u00f6kfritt alternativ f\u00f6r nikotinintag. Eftersom de inte inneh\u00e5ller tobak, eliminerar de de skadliga effekterna av r\u00f6kning, vilket g\u00f6r dem till ett h\u00e4lsosammare alternativ f\u00f6r dem som f\u00f6rs\u00f6ker minska eller sluta med sin tobaksanv\u00e4ndning.<\/p>\n<p data-start=\"1292\" data-end=\"1826\"><strong data-start=\"1292\" data-end=\"1409\">4. Vilka smaker finns tillg\u00e4ngliga f\u00f6r JNR 25mg Nikotinp\u00e5sar, och vilken erbjuder den mest uppfriskande upplevelsen?<\/strong><br data-start=\"1409\" data-end=\"1412\" \/>JNR Nikotinp\u00e5sar finns i en m\u00e4ngd uppfriskande smaker, inklusive Black Cherry, Blue Razz Ice, Blueberry Mint, Citrus Cooling, Mixed Berry, Strawberry Ice och mer. F\u00f6r en uppfriskande upplevelse, njuter m\u00e5nga anv\u00e4ndare av den kylande k\u00e4nslan av smaker som Ice Mint, Blue Razz Ice och Strawberry Ice.<\/p>\n<p data-start=\"1828\" data-end=\"2274\" data-is-last-node=\"\"><strong data-start=\"1828\" data-end=\"1932\">5. Hur ska jag placera en JNR Nikotinp\u00e5se p\u00e5 r\u00e4tt s\u00e4tt f\u00f6r den mest bekv\u00e4ma och effektiva anv\u00e4ndningen?<\/strong><br data-start=\"1932\" data-end=\"1935\" \/>F\u00f6r att anv\u00e4nda en JNR Nikotinp\u00e5se, placera helt enkelt en p\u00e5se under din \u00f6vre eller nedre l\u00e4pp. Och du kommer att b\u00f6rja k\u00e4nna effekterna inom n\u00e5gra minuter. Den diskreta designen g\u00f6r att du kan njuta av din nikotinupplevelse utan kladd eller stark lukt.<\/p>\n<h2>Hur man best\u00e4ller?<\/h2>\n<p><strong>1. Vilka betalningsmetoder accepterar ni?<\/strong><br \/>\nVi accepterar IBAN-\u00f6verf\u00f6ring och <span style=\"font-size: 16px;\">Western Union<\/span>\u00a0f\u00f6r s\u00e4kra och bekv\u00e4ma transaktioner.<\/p>\n<p><strong>2. Hur kan jag sp\u00e5ra min best\u00e4llning?<\/strong><br \/>\nEfter att din best\u00e4llning har skickats, <span class=\"selectable-text copyable-text false\">kommer vi att forts\u00e4tta uppdatera lastsp\u00e5rningen tills du har tagit emot lasten<\/span>.<\/p>\n<p><strong>3. Vad \u00e4r den uppskattade leveranstiden?<\/strong><\/p>\n<ul>\n<li>Leverans fr\u00e5n <strong>Kina lager<\/strong> tar ungef\u00e4r <strong>7-14 arbetsdagar<\/strong>.<\/li>\n<li>Leverans fr\u00e5n <strong>Europeiska lager<\/strong> tar vanligtvis <strong>3-6 arbetsdagar<\/strong>.<\/li>\n<\/ul>\n<p><strong>4. Hur kan jag f\u00e5 snabbare leverans?<\/strong><br \/>\nF\u00f6r snabbare leverans rekommenderar vi att du best\u00e4ller fr\u00e5n v\u00e5rt <strong>Europeiska lager<\/strong>, vilket erbjuder snabbare leveranstider.<\/p>\n<p><strong>5. Hur returnerar jag en vara?<\/strong><br \/>\nF\u00f6r att returnera en vara, kontakta v\u00e5r kundtj\u00e4nst f\u00f6r detaljerade instruktioner om returprocessen.<\/p>\n<p><strong>6. Erbjuder ni internationell frakt?<\/strong><br \/>\nJa, vi skickar till de flesta l\u00e4nder och hanterar <strong>tullklarering<\/strong> f\u00f6r en smidig leveransupplevelse.<\/p>\n<p><strong>7. Vad h\u00e4nder om jag f\u00e5r en skadad eller defekt produkt?<\/strong><br \/>\nOm din vara \u00e4r skadad eller defekt, kontakta kundtj\u00e4nst f\u00f6r en <strong>ers\u00e4ttning eller \u00e5terbetalning<\/strong>.<\/p>\n<p><strong>8. Hur kan jag kontakta kundtj\u00e4nst?<\/strong><br \/>\nDu kan n\u00e5 oss via <strong>e-post, WhatsApp eller livechatt<\/strong> p\u00e5 v\u00e5r webbplats f\u00f6r all hj\u00e4lp.<\/p>\n<\/div>\n<\/div>\n<\/div>\n<\/div>\n<\/div>","protected":false},"excerpt":{"rendered":"<p>JNR Nikotinp\u00e5sar 25mg Partihandel<br \/>\nHeta JNR Nikotinp\u00e5sar 25mg K\u00f6p i l\u00f6svikt<br \/>\nB\u00e4sta JNR Nikotinp\u00e5sar 25mg Billigt pris<\/p>\n<p><strong>L\u00e4gg till Amys whatsapp f\u00f6r snabbt svar och vape-kupong!<\/strong><\/p>\n<p><img fetchpriority=\"high\" decoding=\"async\" class=\"size-full wp-image-2932\" src=\"https:\/\/vapestornado.com\/wp-content\/uploads\/2024\/12\/Vape-Wholesale.jpg\" alt=\"Vape Partihandel\" width=\"229\" height=\"300\" \/><\/p>\n<h3><a href=\"https:\/\/wa.me\/8617776015835\"><span style=\"color: #ff0000;\"><strong>WhatsApp: +86 17776015835<\/strong><\/span><\/a><\/h3>\n<p>&nbsp;<\/p>","protected":false},"featured_media":3777,"comment_status":"open","ping_status":"closed","template":"","meta":{"_acf_changed":false,"_uag_custom_page_level_css":"","_lmt_disableupdate":"no","_lmt_disable":"","_monsterinsights_skip_tracking":false,"_monsterinsights_sitenote_active":false,"_monsterinsights_sitenote_note":"","_monsterinsights_sitenote_category":0,"site-sidebar-layout":"default","site-content-layout":"","ast-site-content-layout":"default","site-content-style":"default","site-sidebar-style":"default","ast-global-header-display":"","ast-banner-title-visibility":"","ast-main-header-display":"","ast-hfb-above-header-display":"","ast-hfb-below-header-display":"","ast-hfb-mobile-header-display":"","site-post-title":"","ast-breadcrumbs-content":"","ast-featured-img":"","footer-sml-layout":"","ast-disable-related-posts":"","theme-transparent-header-meta":"default","adv-header-id-meta":"","stick-header-meta":"","header-above-stick-meta":"","header-main-stick-meta":"","header-below-stick-meta":"","astra-migrate-meta-layouts":"set","ast-page-background-enabled":"default","ast-page-background-meta":{"desktop":{"background-color":"","background-image":"","background-repeat":"repeat","background-position":"center center","background-size":"auto","background-attachment":"scroll","background-type":"","background-media":"","overlay-type":"","overlay-color":"","overlay-opacity":"","overlay-gradient":""},"tablet":{"background-color":"","background-image":"","background-repeat":"repeat","background-position":"center center","background-size":"auto","background-attachment":"scroll","background-type":"","background-media":"","overlay-type":"","overlay-color":"","overlay-opacity":"","overlay-gradient":""},"mobile":{"background-color":"","background-image":"","background-repeat":"repeat","background-position":"center center","background-size":"auto","background-attachment":"scroll","background-type":"","background-media":"","overlay-type":"","overlay-color":"","overlay-opacity":"","overlay-gradient":""}},"ast-content-background-meta":{"desktop":{"background-color":"var(--ast-global-color-5)","background-image":"","background-repeat":"repeat","background-position":"center center","background-size":"auto","background-attachment":"scroll","background-type":"","background-media":"","overlay-type":"","overlay-color":"","overlay-opacity":"","overlay-gradient":""},"tablet":{"background-color":"var(--ast-global-color-5)","background-image":"","background-repeat":"repeat","background-position":"center center","background-size":"auto","background-attachment":"scroll","background-type":"","background-media":"","overlay-type":"","overlay-color":"","overlay-opacity":"","overlay-gradient":""},"mobile":{"background-color":"var(--ast-global-color-5)","background-image":"","background-repeat":"repeat","background-position":"center center","background-size":"auto","background-attachment":"scroll","background-type":"","background-media":"","overlay-type":"","overlay-color":"","overlay-opacity":"","overlay-gradient":""}},"_joinchat":{"telephone":"17776015835"}},"product_brand":[],"product_cat":[19,140,149,150,152,157],"product_tag":[244,242,243],"class_list":{"0":"post-3788","1":"product","2":"type-product","3":"status-publish","4":"has-post-thumbnail","6":"product_cat-vapes","7":"product_cat-big-puffs-disposable-vapes","8":"product_cat-buy-disposable-vapes-in-austria","9":"product_cat-buy-disposable-vapes-in-belgium","10":"product_cat-buy-disposable-vapes-in-cermany","11":"product_cat-buy-disposable-vapes-in-portugal","12":"product_tag-jnr-nicotine-pouches","13":"product_tag-jnr-nicotine-pouches-25mg","14":"product_tag-nicotine-pouches","15":"desktop-align-left","16":"tablet-align-left","17":"mobile-align-left","19":"first","20":"instock","21":"sale","22":"shipping-taxable","23":"purchasable","24":"product-type-simple"},"acf":[],"uagb_featured_image_src":{"full":["https:\/\/vapestornado.com\/wp-content\/uploads\/2025\/02\/JNR-Nicotine-Pouches-Wholesale.webp",1000,1000,false],"thumbnail":["https:\/\/vapestornado.com\/wp-content\/uploads\/2025\/02\/JNR-Nicotine-Pouches-Wholesale-150x150.webp",150,150,true],"medium":["https:\/\/vapestornado.com\/wp-content\/uploads\/2025\/02\/JNR-Nicotine-Pouches-Wholesale-300x300.webp",300,300,true],"medium_large":["https:\/\/vapestornado.com\/wp-content\/uploads\/2025\/02\/JNR-Nicotine-Pouches-Wholesale-768x768.webp",768,768,true],"large":["https:\/\/vapestornado.com\/wp-content\/uploads\/2025\/02\/JNR-Nicotine-Pouches-Wholesale.webp",1000,1000,false],"1536x1536":["https:\/\/vapestornado.com\/wp-content\/uploads\/2025\/02\/JNR-Nicotine-Pouches-Wholesale.webp",1000,1000,false],"2048x2048":["https:\/\/vapestornado.com\/wp-content\/uploads\/2025\/02\/JNR-Nicotine-Pouches-Wholesale.webp",1000,1000,false],"trp-custom-language-flag":["https:\/\/vapestornado.com\/wp-content\/uploads\/2025\/02\/JNR-Nicotine-Pouches-Wholesale.webp",12,12,false],"woocommerce_thumbnail":["https:\/\/vapestornado.com\/wp-content\/uploads\/2025\/02\/JNR-Nicotine-Pouches-Wholesale-300x300.webp",300,300,true],"woocommerce_single":["https:\/\/vapestornado.com\/wp-content\/uploads\/2025\/02\/JNR-Nicotine-Pouches-Wholesale-600x600.webp",600,600,true],"woocommerce_gallery_thumbnail":["https:\/\/vapestornado.com\/wp-content\/uploads\/2025\/02\/JNR-Nicotine-Pouches-Wholesale-100x100.webp",100,100,true]},"uagb_author_info":{"display_name":"ESAMY","author_link":"https:\/\/vapestornado.com\/sv\/author\/"},"uagb_comment_info":0,"uagb_excerpt":"JNR Nicotine Pouches 25mg Wholesale Hot Selling JNR Nicotine Pouches 25mg Bulk Buy Best JNR Nicotine Pouches 25mg Cheap Price Add Amy's whatsapp get right reply and vape vape coupon! WhatsApp: +86 17776015835 &nbsp;","_links":{"self":[{"href":"https:\/\/vapestornado.com\/sv\/wp-json\/wp\/v2\/product\/3788","targetHints":{"allow":["GET"]}}],"collection":[{"href":"https:\/\/vapestornado.com\/sv\/wp-json\/wp\/v2\/product"}],"about":[{"href":"https:\/\/vapestornado.com\/sv\/wp-json\/wp\/v2\/types\/product"}],"replies":[{"embeddable":true,"href":"https:\/\/vapestornado.com\/sv\/wp-json\/wp\/v2\/comments?post=3788"}],"wp:featuredmedia":[{"embeddable":true,"href":"https:\/\/vapestornado.com\/sv\/wp-json\/wp\/v2\/media\/3777"}],"wp:attachment":[{"href":"https:\/\/vapestornado.com\/sv\/wp-json\/wp\/v2\/media?parent=3788"}],"wp:term":[{"taxonomy":"product_brand","embeddable":true,"href":"https:\/\/vapestornado.com\/sv\/wp-json\/wp\/v2\/product_brand?post=3788"},{"taxonomy":"product_cat","embeddable":true,"href":"https:\/\/vapestornado.com\/sv\/wp-json\/wp\/v2\/product_cat?post=3788"},{"taxonomy":"product_tag","embeddable":true,"href":"https:\/\/vapestornado.com\/sv\/wp-json\/wp\/v2\/product_tag?post=3788"}],"curies":[{"name":"wp","href":"https:\/\/api.w.org\/{rel}","templated":true}]}}