{"id":3753,"date":"2025-01-17T08:42:15","date_gmt":"2025-01-17T08:42:15","guid":{"rendered":"https:\/\/vapestornado.com\/?post_type=product&#038;p=3753"},"modified":"2025-08-23T09:30:14","modified_gmt":"2025-08-23T09:30:14","slug":"bang-tornado-40000-puffs-disposable-vape-big-smart-screen-vapor","status":"publish","type":"product","link":"https:\/\/vapestornado.com\/sv\/product\/bang-tornado-40000-puffs-disposable-vape-big-smart-screen-vapor\/","title":{"rendered":"Bang Tornado 40000 Puffs Eng\u00e5ngsvape Stor Smart Sk\u00e4rm \u00c5nga"},"content":{"rendered":"<h1>\u00a0Bang Tornado 40000 Puffs Eng\u00e5ngsvape Stor Smart Sk\u00e4rm \u00c5nga<\/h1>\n<p>&nbsp;<\/p>\n<div role=\"article\" data-tabster=\"{&quot;groupper&quot;:{&quot;tabbability&quot;:2},&quot;focusable&quot;:{}}\" data-content=\"ai-message\" aria-labelledby=\"64JRvXrTnY7mRmPkEQLLT-author 64JRvXrTnY7mRmPkEQLLT-content\">\n<div id=\"64JRvXrTnY7mRmPkEQLLT-content\">\n<p data-start=\"328\" data-end=\"622\">Den <strong data-start=\"332\" data-end=\"376\">Bang Tornado 40000 Puffar Eng\u00e5ngs Vape<\/strong> \u00e4r byggd f\u00f6r kapacitet och avancerad prestanda, vilket g\u00f6r den till ett starkt alternativ f\u00f6r grossistk\u00f6pare och vape-butiker. Med en <strong data-start=\"495\" data-end=\"528\">40 ml f\u00f6rfylld e-v\u00e4tskebeh\u00e5llare<\/strong> och upp till <strong data-start=\"539\" data-end=\"555\">40 000 bloss<\/strong>s\u00e4kerst\u00e4ller den l\u00e5ngvariga sessioner utan frekventa byten.<\/p>\n<p data-start=\"624\" data-end=\"892\">Drivs av en <strong data-start=\"638\" data-end=\"669\">850mAh uppladdningsbart batteri<\/strong> med <strong data-start=\"675\" data-end=\"699\">Typ-C snabbladdning<\/strong>ger Bang Tornado 40K konsekvent kraft f\u00f6r ut\u00f6kad anv\u00e4ndning. Dess <strong data-start=\"770\" data-end=\"795\">0.5\u03a9 trippel mesh coil<\/strong> f\u00f6rb\u00e4ttrar \u00e5ngt\u00e4theten och smakkvaliteten genom att leverera j\u00e4mn uppv\u00e4rmning vid varje drag.<\/p>\n<p data-start=\"894\" data-end=\"1089\">Designad med en <strong data-start=\"910\" data-end=\"940\">stor smart display sk\u00e4rm<\/strong>kan anv\u00e4ndarna \u00f6vervaka effekt och anv\u00e4ndning i realtid. Den ergonomiska konstruktionen och eleganta designen g\u00f6r den b\u00e4rbar, p\u00e5litlig och bekv\u00e4m f\u00f6r daglig anv\u00e4ndning.<\/p>\n<p data-start=\"1091\" data-end=\"1294\">F\u00f6r grossister och distribut\u00f6rer erbjuder <strong data-start=\"1129\" data-end=\"1162\">Bang Tornado 40000 Puffar Vape<\/strong> kombinerar h\u00f6g puffkapacitet, uppladdningsbar effektivitet och f\u00f6rstklassig byggkvalitet, vilket erbjuder stark marknadsattraktion och l\u00f6nsamhet.<\/p>\n<p><img fetchpriority=\"high\" decoding=\"async\" class=\"size-medium wp-image-2951\" src=\"https:\/\/vapestornado.com\/wp-content\/uploads\/2024\/12\/Wholesale-Disposable-Vape-265x300.jpg\" alt=\"Grossist Eng\u00e5ngs Vape\" width=\"265\" height=\"300\" srcset=\"https:\/\/vapestornado.com\/wp-content\/uploads\/2024\/12\/Wholesale-Disposable-Vape-265x300.jpg 265w, https:\/\/vapestornado.com\/wp-content\/uploads\/2024\/12\/Wholesale-Disposable-Vape-768x871.jpg 768w, https:\/\/vapestornado.com\/wp-content\/uploads\/2024\/12\/Wholesale-Disposable-Vape-600x680.jpg 600w, https:\/\/vapestornado.com\/wp-content\/uploads\/2024\/12\/Wholesale-Disposable-Vape.jpg 823w\" sizes=\"(max-width: 265px) 100vw, 265px\" \/><\/p>\n<h5>V\u00e4nligen kontakta Mandys WhatsApp f\u00f6r rabatterat pris<a href=\"https:\/\/wa.me\/8618077105796\" target=\"_blank\" rel=\"noopener\">+8618077105796<\/a><\/h5>\n<p>&nbsp;<\/p>\n<\/div>\n<\/div>\n<div class=\"mb-2 flex gap-3 empty:hidden -ml-2\">\n<h2 class=\"sr-proMainInfo-baseInfoH1 J-baseInfo-name\">\u00a0Bang 40000 Puffs uppladdningsbara vapes Nyckelfunktioner:<\/h2>\n<ul>\n<li><strong>40ml e-v\u00e4tskekapacitet<\/strong> f\u00f6r upp till <strong>40 000 bloss<\/strong><\/li>\n<li><strong>850mAh uppladdningsbart batteri<\/strong> med <strong>Typ-C laddningsport<\/strong><\/li>\n<li><strong>0.5ohm tre mesh spole<\/strong> f\u00f6r mjuk \u00e5nga och f\u00f6rb\u00e4ttrad smak<\/li>\n<li><strong>Justerbar effekt<\/strong> f\u00f6r en personlig vapingupplevelse<\/li>\n<li><strong>L\u00e5ngvarig<\/strong> och bekv\u00e4m f\u00f6r l\u00e5ngvarig anv\u00e4ndning<\/li>\n<li>Snygg, <strong>ergonomisk design<\/strong> f\u00f6r portabilitet<\/li>\n<li>Idealisk f\u00f6r b\u00e5de avslappnade och erfarna vejpare<\/li>\n<\/ul>\n<\/div>\n<h2 class=\"sr-proMainInfo-baseInfoH1 J-baseInfo-name\">Bang Tornado 40000 Puff Grossist Vapes Smak:<\/h2>\n<p>1. Jordgubbsvattenmelon<br \/>\n2.Vattenmelon<br \/>\n3.K\u00c4RLEK 66<br \/>\n4.Energidryck<br \/>\n5.Jordgubb Kiwi<br \/>\n6.Bl\u00e5b\u00e4r Citron<br \/>\n7.Bl\u00e5b\u00e4r Vindruvor<br \/>\n8. Bl\u00e5b\u00e4r Hallon<br \/>\n9.Mango Persika<br \/>\n10.Trippelb\u00e4r<br \/>\n11.Dubbel\u00e4pple<br \/>\n12. Persiko Is<\/p>\n<div role=\"article\" data-tabster=\"{&quot;groupper&quot;:{&quot;tabbability&quot;:2},&quot;focusable&quot;:{}}\" data-content=\"ai-message\" aria-labelledby=\"dARUyEWDoEYhnSPXFwx5A-author dARUyEWDoEYhnSPXFwx5A-content\">\n<div id=\"dARUyEWDoEYhnSPXFwx5A-content\">\n<h3><strong>Varf\u00f6r K\u00f6pa <\/strong>Bang Tornado 40k Puff vape <strong>fr\u00e5n vapestornado?<\/strong><\/h3>\n<div class=\"flex max-w-full flex-col flex-grow\">\n<div class=\"min-h-8 text-message flex w-full flex-col items-end gap-2 whitespace-normal break-words text-start [.text-message+&amp;]:mt-5\" dir=\"auto\" data-message-author-role=\"assistant\" data-message-id=\"8ec0866b-3616-4b38-8c41-2e75d00fce2d\" data-message-model-slug=\"gpt-4o-mini\">\n<div class=\"flex w-full flex-col gap-1 empty:hidden first:pt-[3px]\">\n<div class=\"markdown prose w-full break-words dark:prose-invert light\">\n<ul>\n<li><strong>Premiumkvalitet<\/strong>: vapestornado erbjuder autentiska, h\u00f6gkvalitativa Bang Tornado 40000 Puffs, vilket garanterar en f\u00f6rstklassig vaping-upplevelse med mjuk \u00e5nga och rik smak.<\/li>\n<li><strong>Konkurrenskraftig Priss\u00e4ttning<\/strong>: Dra nytta av konkurrenskraftiga grossistpriser f\u00f6r bulkk\u00f6p, vilket g\u00f6r det idealiskt f\u00f6r b\u00e5de enskilda anv\u00e4ndare och f\u00f6retag.<\/li>\n<li><strong>Snabb leverans<\/strong>: vapestornado s\u00e4kerst\u00e4ller snabb och p\u00e5litlig leverans, s\u00e5 att du kan b\u00f6rja njuta av din produkt utan dr\u00f6jsm\u00e5l.<\/li>\n<li><strong>Utm\u00e4rkt kundservice<\/strong>: Ett dedikerat supportteam redo att hj\u00e4lpa till med alla fr\u00e5gor eller funderingar, vilket garanterar en smidig k\u00f6pupplevelse.<\/li>\n<li><strong>Brett utbud<\/strong>: vapestornado erbjuder en m\u00e4ngd olika smaker och alternativ, vilket g\u00f6r att du kan v\u00e4lja den perfekta matchningen f\u00f6r dina preferenser.<\/li>\n<li><strong>S\u00e4ker shopping<\/strong>: Med ett engagemang f\u00f6r kunds\u00e4kerhet garanterar vapestornado s\u00e4kra betalningsalternativ och transaktioner.<\/li>\n<\/ul>\n<\/div>\n<\/div>\n<\/div>\n<\/div>\n<div class=\"mb-2 flex gap-3 empty:hidden -ml-2\">\n<div class=\"items-center justify-start rounded-xl p-1 flex\"><\/div>\n<\/div>\n<\/div>\n<\/div>\n<h3>Vanliga fr\u00e5gor om Bang Tornado puff 40000 eng\u00e5ngsvapor<\/h3>\n<ul>\n<li><strong>Hur l\u00e4nge r\u00e4cker Bang tornado vape 40 000 bloss?<\/strong><br \/>\nBang Tornado 40 000 Puffs r\u00e4cker upp till 40 000 bloss, beroende p\u00e5 anv\u00e4ndning. Med en stor e-v\u00e4tskekapacitet p\u00e5 40 ml, erbjuder den ut\u00f6kad vaping utan frekventa byten.<\/li>\n<li><strong>Hur laddar jag Bang Tornado 40 000 Puffvapes?<\/strong><br \/>\nEnheten \u00e4r utrustad med en <strong>850mAh uppladdningsbart batteri<\/strong> och en <strong>Typ-C laddningsport<\/strong>, vilket m\u00f6jligg\u00f6r snabb och effektiv laddning n\u00e4r batteriet blir l\u00e5gt.<\/li>\n<li><strong>Vad \u00e4r resistansen f\u00f6r coilen i Bang vape Tornado 40 000 Puffs?<\/strong><br \/>\nEnheten anv\u00e4nder en <strong>0.5ohm tre mesh spole<\/strong> f\u00f6r mjukare \u00e5ngproduktion och f\u00f6rb\u00e4ttrad smak, vilket ger en f\u00f6rstklassig vapingupplevelse.<\/li>\n<li><strong>Vilken nikotinstyrka har Bang Tornado 40 000 Puffs med billigt pris?<\/strong><br \/>\nBang Tornado 40 000 Puffs kommer vanligtvis i en m\u00e4ngd olika nikotinstyrkor (vanligtvis 2% eller 5%) f\u00f6r att passa olika preferenser.<\/li>\n<\/ul>","protected":false},"excerpt":{"rendered":"<ul>\n<li><strong>H\u00f6gkvalitativ Bang Tornado 40K Puff Eng\u00e5ngs Vape Penna<\/strong><\/li>\n<li><strong>H\u00e5llbar Bang Tornado 40K Puffs Uppladdningsbar Vapenhet<\/strong><\/li>\n<li><strong>Bang Tornado 40K Puffs E-cig med anpassningsbara Ice smak Pods<\/strong><\/li>\n<\/ul>\n<figure id=\"attachment_2951\" aria-describedby=\"caption-attachment-2951\" style=\"width: 265px\" class=\"wp-caption alignnone\"><img fetchpriority=\"high\" decoding=\"async\" class=\"size-medium wp-image-2951\" src=\"https:\/\/vapestornado.com\/wp-content\/uploads\/2024\/12\/Wholesale-Disposable-Vape-265x300.jpg\" alt=\"Grossist Eng\u00e5ngs Vape\" width=\"265\" height=\"300\" srcset=\"https:\/\/vapestornado.com\/wp-content\/uploads\/2024\/12\/Wholesale-Disposable-Vape-265x300.jpg 265w, https:\/\/vapestornado.com\/wp-content\/uploads\/2024\/12\/Wholesale-Disposable-Vape-768x871.jpg 768w, https:\/\/vapestornado.com\/wp-content\/uploads\/2024\/12\/Wholesale-Disposable-Vape-600x680.jpg 600w, https:\/\/vapestornado.com\/wp-content\/uploads\/2024\/12\/Wholesale-Disposable-Vape.jpg 823w\" sizes=\"(max-width: 265px) 100vw, 265px\" \/><figcaption id=\"caption-attachment-2951\" class=\"wp-caption-text\">V\u00e4nligen kontakta Mandys WhatsApp f\u00f6r rabatterat pris\u00a0 <a href=\"https:\/\/wa.me\/8618077105796\">+8618077105796<\/a><\/figcaption><\/figure>\n<p>&nbsp;<\/p>","protected":false},"featured_media":3746,"comment_status":"open","ping_status":"closed","template":"","meta":{"_acf_changed":false,"_uag_custom_page_level_css":"","_lmt_disableupdate":"no","_lmt_disable":"","_monsterinsights_skip_tracking":false,"_monsterinsights_sitenote_active":false,"_monsterinsights_sitenote_note":"","_monsterinsights_sitenote_category":0,"site-sidebar-layout":"default","site-content-layout":"","ast-site-content-layout":"default","site-content-style":"default","site-sidebar-style":"default","ast-global-header-display":"","ast-banner-title-visibility":"","ast-main-header-display":"","ast-hfb-above-header-display":"","ast-hfb-below-header-display":"","ast-hfb-mobile-header-display":"","site-post-title":"","ast-breadcrumbs-content":"","ast-featured-img":"","footer-sml-layout":"","ast-disable-related-posts":"","theme-transparent-header-meta":"default","adv-header-id-meta":"","stick-header-meta":"","header-above-stick-meta":"","header-main-stick-meta":"","header-below-stick-meta":"","astra-migrate-meta-layouts":"set","ast-page-background-enabled":"default","ast-page-background-meta":{"desktop":{"background-color":"","background-image":"","background-repeat":"repeat","background-position":"center center","background-size":"auto","background-attachment":"scroll","background-type":"","background-media":"","overlay-type":"","overlay-color":"","overlay-opacity":"","overlay-gradient":""},"tablet":{"background-color":"","background-image":"","background-repeat":"repeat","background-position":"center center","background-size":"auto","background-attachment":"scroll","background-type":"","background-media":"","overlay-type":"","overlay-color":"","overlay-opacity":"","overlay-gradient":""},"mobile":{"background-color":"","background-image":"","background-repeat":"repeat","background-position":"center center","background-size":"auto","background-attachment":"scroll","background-type":"","background-media":"","overlay-type":"","overlay-color":"","overlay-opacity":"","overlay-gradient":""}},"ast-content-background-meta":{"desktop":{"background-color":"var(--ast-global-color-5)","background-image":"","background-repeat":"repeat","background-position":"center center","background-size":"auto","background-attachment":"scroll","background-type":"","background-media":"","overlay-type":"","overlay-color":"","overlay-opacity":"","overlay-gradient":""},"tablet":{"background-color":"var(--ast-global-color-5)","background-image":"","background-repeat":"repeat","background-position":"center center","background-size":"auto","background-attachment":"scroll","background-type":"","background-media":"","overlay-type":"","overlay-color":"","overlay-opacity":"","overlay-gradient":""},"mobile":{"background-color":"var(--ast-global-color-5)","background-image":"","background-repeat":"repeat","background-position":"center center","background-size":"auto","background-attachment":"scroll","background-type":"","background-media":"","overlay-type":"","overlay-color":"","overlay-opacity":"","overlay-gradient":""}},"_joinchat":[]},"product_brand":[],"product_cat":[140,65,62,151,154,159,146,148],"product_tag":[212,97,98],"class_list":{"0":"post-3753","1":"product","2":"type-product","3":"status-publish","4":"has-post-thumbnail","6":"product_cat-big-puffs-disposable-vapes","7":"product_cat-40000-puff","8":"product_cat-bang-vape","9":"product_cat-buy-disposable-vapes-in-france","10":"product_cat-buy-disposable-vapes-in-netherlands","11":"product_cat-buy-disposable-vapes-in-sweden","12":"product_cat-rechargeable-disposable-vapes","13":"product_cat-tornado-disposable-vapes","14":"product_tag-bang-vape-40000","15":"product_tag-hot-sale-disposable-vape","16":"product_tag-wholesale-price-disposable-vape","17":"desktop-align-left","18":"tablet-align-left","19":"mobile-align-left","21":"first","22":"instock","23":"sale","24":"shipping-taxable","25":"purchasable","26":"product-type-simple"},"acf":[],"uagb_featured_image_src":{"full":["https:\/\/vapestornado.com\/wp-content\/uploads\/2025\/01\/Bang-Tornado-40K-Puff-Adjustable-Power-Disposable-Vape.webp",800,800,false],"thumbnail":["https:\/\/vapestornado.com\/wp-content\/uploads\/2025\/01\/Bang-Tornado-40K-Puff-Adjustable-Power-Disposable-Vape-150x150.webp",150,150,true],"medium":["https:\/\/vapestornado.com\/wp-content\/uploads\/2025\/01\/Bang-Tornado-40K-Puff-Adjustable-Power-Disposable-Vape-300x300.webp",300,300,true],"medium_large":["https:\/\/vapestornado.com\/wp-content\/uploads\/2025\/01\/Bang-Tornado-40K-Puff-Adjustable-Power-Disposable-Vape-768x768.webp",768,768,true],"large":["https:\/\/vapestornado.com\/wp-content\/uploads\/2025\/01\/Bang-Tornado-40K-Puff-Adjustable-Power-Disposable-Vape.webp",800,800,false],"1536x1536":["https:\/\/vapestornado.com\/wp-content\/uploads\/2025\/01\/Bang-Tornado-40K-Puff-Adjustable-Power-Disposable-Vape.webp",800,800,false],"2048x2048":["https:\/\/vapestornado.com\/wp-content\/uploads\/2025\/01\/Bang-Tornado-40K-Puff-Adjustable-Power-Disposable-Vape.webp",800,800,false],"trp-custom-language-flag":["https:\/\/vapestornado.com\/wp-content\/uploads\/2025\/01\/Bang-Tornado-40K-Puff-Adjustable-Power-Disposable-Vape.webp",12,12,false],"woocommerce_thumbnail":["https:\/\/vapestornado.com\/wp-content\/uploads\/2025\/01\/Bang-Tornado-40K-Puff-Adjustable-Power-Disposable-Vape-300x300.webp",300,300,true],"woocommerce_single":["https:\/\/vapestornado.com\/wp-content\/uploads\/2025\/01\/Bang-Tornado-40K-Puff-Adjustable-Power-Disposable-Vape-600x600.webp",600,600,true],"woocommerce_gallery_thumbnail":["https:\/\/vapestornado.com\/wp-content\/uploads\/2025\/01\/Bang-Tornado-40K-Puff-Adjustable-Power-Disposable-Vape-100x100.webp",100,100,true]},"uagb_author_info":{"display_name":"ESMANDY","author_link":"https:\/\/vapestornado.com\/sv\/author\/"},"uagb_comment_info":0,"uagb_excerpt":"High-End Bang Tornado 40K Puff Disposable Vape Pen Durable Bang Tornado 40K Puffs Rechargeable Vape Device Bang Tornado 40K Puffs E-Cig with Customizable Ice Flavor Pods [caption id=\"attachment_2951\" align=\"alignnone\" width=\"265\"] Pls Contact Mandy's WhatsApp For Discount Price\u00a0 +8618077105796[\/caption] &nbsp;","_links":{"self":[{"href":"https:\/\/vapestornado.com\/sv\/wp-json\/wp\/v2\/product\/3753","targetHints":{"allow":["GET"]}}],"collection":[{"href":"https:\/\/vapestornado.com\/sv\/wp-json\/wp\/v2\/product"}],"about":[{"href":"https:\/\/vapestornado.com\/sv\/wp-json\/wp\/v2\/types\/product"}],"replies":[{"embeddable":true,"href":"https:\/\/vapestornado.com\/sv\/wp-json\/wp\/v2\/comments?post=3753"}],"wp:featuredmedia":[{"embeddable":true,"href":"https:\/\/vapestornado.com\/sv\/wp-json\/wp\/v2\/media\/3746"}],"wp:attachment":[{"href":"https:\/\/vapestornado.com\/sv\/wp-json\/wp\/v2\/media?parent=3753"}],"wp:term":[{"taxonomy":"product_brand","embeddable":true,"href":"https:\/\/vapestornado.com\/sv\/wp-json\/wp\/v2\/product_brand?post=3753"},{"taxonomy":"product_cat","embeddable":true,"href":"https:\/\/vapestornado.com\/sv\/wp-json\/wp\/v2\/product_cat?post=3753"},{"taxonomy":"product_tag","embeddable":true,"href":"https:\/\/vapestornado.com\/sv\/wp-json\/wp\/v2\/product_tag?post=3753"}],"curies":[{"name":"wp","href":"https:\/\/api.w.org\/{rel}","templated":true}]}}