{"id":3745,"date":"2025-01-14T09:29:58","date_gmt":"2025-01-14T09:29:58","guid":{"rendered":"https:\/\/vapestornado.com\/?post_type=product&#038;p=3745"},"modified":"2025-08-23T09:30:57","modified_gmt":"2025-08-23T09:30:57","slug":"high-capacity-bang-28000-puffs-disposable-e-cigarette","status":"publish","type":"product","link":"https:\/\/vapestornado.com\/sv\/product\/high-capacity-bang-28000-puffs-disposable-e-cigarette\/","title":{"rendered":"Bang 28000 Puff H\u00f6gkapacitets Eng\u00e5ngs E-cigarett"},"content":{"rendered":"<h1>Bang 28000 Puff H\u00f6gkapacitets Eng\u00e5ngs E-cigarett<\/h1>\n<p>&nbsp;<\/p>\n<div role=\"article\" data-tabster=\"{&quot;groupper&quot;:{&quot;tabbability&quot;:2},&quot;focusable&quot;:{}}\" data-content=\"ai-message\" aria-labelledby=\"64JRvXrTnY7mRmPkEQLLT-author 64JRvXrTnY7mRmPkEQLLT-content\">\n<div id=\"64JRvXrTnY7mRmPkEQLLT-content\">\n<p data-start=\"313\" data-end=\"602\">Den <strong data-start=\"317\" data-end=\"353\">Bang 28000 Puffs eng\u00e5ngsvape<\/strong> levererar ut\u00f6kad prestanda och bekv\u00e4mlighet med en massiv <strong data-start=\"415\" data-end=\"439\">28 000 puffar kapacitet<\/strong> och en <strong data-start=\"446\" data-end=\"479\">30 ml f\u00f6rfylld e-v\u00e4tskebeh\u00e5llare<\/strong>. Genom att anv\u00e4nda <strong data-start=\"487\" data-end=\"520\">avancerad mesh coil-teknologi<\/strong>s\u00e4kerst\u00e4ller den konsekvent smak och j\u00e4mn \u00e5ngproduktion fr\u00e5n b\u00f6rjan till slut.<\/p>\n<p data-start=\"604\" data-end=\"814\">Tillg\u00e4nglig i <strong data-start=\"617\" data-end=\"656\">0%, 2%, 3% och 5% nikotinalternativ<\/strong>m\u00f6jligg\u00f6r Bang 28K f\u00f6r alla preferenser, medan <strong data-start=\"708\" data-end=\"732\">justerbara is-niv\u00e5n<\/strong> funktionen l\u00e5ter anv\u00e4ndare anpassa kylningsintensiteten f\u00f6r en uppfriskande mentoleffekt.<\/p>\n<p data-start=\"816\" data-end=\"1116\">Drivs av ett <strong data-start=\"829\" data-end=\"860\">650mAh uppladdningsbart batteri<\/strong> med <strong data-start=\"866\" data-end=\"890\">Typ-C snabbladdning<\/strong>minimerar denna enhet driftstopp och st\u00f6der p\u00e5litlig anv\u00e4ndning hela dagen. Dess <strong data-start=\"962\" data-end=\"1001\">Direkt-till-Lunga (DTL) luftfl\u00f6desdesign<\/strong> producerar t\u00e4ta \u00e5ngmoln och dj\u00e4rva smaker, vilket g\u00f6r den idealisk f\u00f6r vejpare som vill ha b\u00e5de kapacitet och prestanda.<\/p>\n<p data-start=\"1118\" data-end=\"1279\">F\u00f6r grossister och distribut\u00f6rer erbjuder <strong data-start=\"1156\" data-end=\"1181\">Bang 28000 Puffar Vape<\/strong> stark attraktionskraft med h\u00f6gt antal bloss, anpassningsalternativ och p\u00e5litlig byggkvalitet.<\/p>\n<hr data-start=\"1281\" data-end=\"1284\" \/>\n<h3 data-start=\"1286\" data-end=\"1312\">SEO Metatitel<\/h3>\n<\/div>\n<\/div>\n<div class=\"flex max-w-full flex-col flex-grow\">\n<div class=\"min-h-8 text-message flex w-full flex-col items-end gap-2 whitespace-normal break-words text-start [.text-message+&amp;]:mt-5\" dir=\"auto\" data-message-author-role=\"assistant\" data-message-id=\"cdb991c0-f594-4bff-b2d5-fbbdd7ce9e54\" data-message-model-slug=\"gpt-4o-mini\">\n<div class=\"flex w-full flex-col gap-1 empty:hidden first:pt-[3px]\">\n<div class=\"markdown prose w-full break-words dark:prose-invert light\"><\/div>\n<\/div>\n<\/div>\n<\/div>\n<div class=\"mb-2 flex gap-3 empty:hidden -ml-2\">\n<h2 class=\"sr-proMainInfo-baseInfoH1 J-baseInfo-name\">B\u00e4sta f\u00f6rs\u00e4ljning 28000 bloss bang eng\u00e5ngsvape Huvudfunktioner:<\/h2>\n<ul>\n<li><strong>Massivt antal bloss<\/strong>: Ger upp till <strong>28 000 bloss<\/strong>, vilket ger ut\u00f6kade vapingsessioner utan frekventa byten.<\/li>\n<li><strong>Gener\u00f6s E-v\u00e4tskekapacitet<\/strong>: F\u00f6rfylld med <strong>30 ml h\u00f6gkvalitativ vapejuice<\/strong> f\u00f6r konsekvent smak och smidig \u00e5ngproduktion.<\/li>\n<li><strong>Anpassningsbara nikotinstyrkor<\/strong>: Finns i <strong>0%, 2%, 3% eller 5% nikotin<\/strong>, som tillgodoser olika preferenser och vapingbehov.<\/li>\n<li><strong>Avancerad mesh-spole<\/strong>: Har en <strong>1.0\u03a9 n\u00e4tspole<\/strong> f\u00f6r f\u00f6rb\u00e4ttrad \u00e5ngdensitet, dj\u00e4rva smaker och lena hits.<\/li>\n<li><strong>Justerbar isniv\u00e5<\/strong>: Anpassa din vapingupplevelse med en <strong>justerbar kyleffekt<\/strong>, perfekt f\u00f6r en uppfriskande mentolsensation.<\/li>\n<li><strong>Laddningsbart batteri<\/strong>: Drivs av ett <strong>650mAh uppladdningsbart batteri<\/strong>, vilket s\u00e4kerst\u00e4ller p\u00e5litlig prestanda under enhetens livsl\u00e4ngd.<\/li>\n<li><strong>Snabb Typ-C-laddning<\/strong>: Utrustad med <strong>Typ-C snabbladdningsteknik<\/strong> f\u00f6r minimal stillest\u00e5ndstid och effektiva laddningar.<\/li>\n<li><strong>Direkt-till-Lunga (DTL) luftfl\u00f6de<\/strong>: Designad f\u00f6r <strong>DTL-vaping<\/strong>, som levererar t\u00e4ta moln och intensiva smaker.<\/li>\n<li><strong>B\u00e4rbar och Snygg Design<\/strong>: Kompakt, l\u00e4tt och elegant, vilket g\u00f6r den idealisk f\u00f6r resor eller daglig anv\u00e4ndning.<\/li>\n<li><strong>Milj\u00f6v\u00e4nlig och eng\u00e5ngsanv\u00e4ndning<\/strong>: Designad f\u00f6r bekv\u00e4mlighet och h\u00e5llbarhet, som erbjuder problemfri kassering efter anv\u00e4ndning.<\/li>\n<\/ul>\n<\/div>\n<p><img fetchpriority=\"high\" decoding=\"async\" class=\"wp-image-2951\" src=\"https:\/\/vapestornado.com\/wp-content\/uploads\/2024\/12\/Wholesale-Disposable-Vape-265x300.jpg\" alt=\"Grossist Eng\u00e5ngs Vape\" width=\"313\" height=\"354\" srcset=\"https:\/\/vapestornado.com\/wp-content\/uploads\/2024\/12\/Wholesale-Disposable-Vape-265x300.jpg 265w, https:\/\/vapestornado.com\/wp-content\/uploads\/2024\/12\/Wholesale-Disposable-Vape-768x871.jpg 768w, https:\/\/vapestornado.com\/wp-content\/uploads\/2024\/12\/Wholesale-Disposable-Vape-600x680.jpg 600w, https:\/\/vapestornado.com\/wp-content\/uploads\/2024\/12\/Wholesale-Disposable-Vape.jpg 823w\" sizes=\"(max-width: 313px) 100vw, 313px\" \/><\/p>\n<h5>V\u00e4nligen kontakta Mandys WhatsApp f\u00f6r rabatterat pris<a href=\"https:\/\/wa.me\/8618077105796\" target=\"_blank\" rel=\"noopener\">+8618077105796<\/a><\/h5>\n<p>&nbsp;<\/p>\n<h3 class=\"sr-proMainInfo-baseInfoH1 J-baseInfo-name\">bangvape 28k Puffs grossist vape smaker:<\/h3>\n<p>1. Jordgubbsvattenmelon<br \/>\n2. Bl\u00e5b\u00e4rs Is<br \/>\n3.Blod och sand<br \/>\n4.Ananas kokos<br \/>\n5.Jordgubbs Banan<br \/>\n6.Blandad frukt<br \/>\n7.Bl\u00e5b\u00e4r hallon<br \/>\n8. Persika Is<br \/>\n9.Mango Persika<br \/>\n10.Vattenmelon<br \/>\n11. Grape Ice<br \/>\n12.Jordgubbs kiwifrukt<\/p>\n<div role=\"article\" data-tabster=\"{&quot;groupper&quot;:{&quot;tabbability&quot;:2},&quot;focusable&quot;:{}}\" data-content=\"ai-message\" aria-labelledby=\"dARUyEWDoEYhnSPXFwx5A-author dARUyEWDoEYhnSPXFwx5A-content\">\n<div id=\"dARUyEWDoEYhnSPXFwx5A-content\">\n<h3><strong>Varf\u00f6r k\u00f6pa HQ Bang 28000 Puff <\/strong>\u00a0vapes\u00a0<strong>fr\u00e5n vapestornado?<\/strong><\/h3>\n<ul>\n<li><strong>Garanterat autentiska produkter<\/strong><br \/>\nvapestornado s\u00e4kerst\u00e4ller att du f\u00e5r \u00e4kta <strong>Bang 28000 Puffar Vapes<\/strong>, vilket ger premiumkvalitet och p\u00e5litlig prestanda vid varje k\u00f6p.<\/li>\n<li><strong>Oslagbar priss\u00e4ttning<\/strong><br \/>\nNjut av konkurrenskraftiga priser och exklusiva erbjudanden p\u00e5 eng\u00e5ngsvapes med h\u00f6g kapacitet, vilket g\u00f6r vapestornado till den sj\u00e4lvklara destinationen f\u00f6r bulk- eller individuella best\u00e4llningar.<\/li>\n<li><strong>Snabb leverans inom Sverige<\/strong><br \/>\nMed fokus p\u00e5 kundbekv\u00e4mlighet, erbjuder vapestornado <strong>snabb och p\u00e5litlig leverans<\/strong> till svenska orter, vilket s\u00e4kerst\u00e4ller snabb leverans.<\/li>\n<li><strong>Kundfokuserad support<\/strong><br \/>\nDra nytta av <strong>dedikerad kundservice<\/strong> f\u00f6r att hj\u00e4lpa till med f\u00f6rfr\u00e5gningar, vilket g\u00f6r din shoppingupplevelse smidig och problemfri.<\/li>\n<li><strong>F\u00f6rstklassig vapingupplevelse<\/strong><br \/>\nBang 28000 Puffs vapes har avancerade <strong>mesh coil-teknologi<\/strong>, <strong>justerbara is-niv\u00e5er<\/strong>, och <strong>Direct-to-Lung (DTL) luftfl\u00f6de<\/strong>, vilket garanterar dj\u00e4rva smaker, t\u00e4ta moln och personliga kylk\u00e4nslor.<\/li>\n<li><strong>Milj\u00f6medveten och bekv\u00e4m<\/strong><br \/>\nvapestornado st\u00f6der milj\u00f6ansvarig vaping med f\u00f6rstklassiga eng\u00e5ngsvapes utformade f\u00f6r problemfri anv\u00e4ndning och enkel avfallshantering.<\/li>\n<\/ul>\n<\/div>\n<\/div>\n<h3>Vanliga fr\u00e5gor om New Vape Bang 28000 Puffs<\/h3>\n<p><strong>1. Hur kan jag sp\u00e5ra min best\u00e4llning av Bang 28000 Puffs?<\/strong><br \/>\nDet \u00e4r enkelt att sp\u00e5ra din best\u00e4llning. N\u00e4r din best\u00e4llning har bekr\u00e4ftats f\u00e5r du ett sp\u00e5rningsnummer via WhatsApp. Anv\u00e4nd detta nummer p\u00e5 den utsedda fraktf\u00f6retagets webbplats f\u00f6r att \u00f6vervaka ditt pakets leveransframsteg. F\u00f6r ytterligare hj\u00e4lp \u00e4r du v\u00e4lkommen att kontakta v\u00e5rt kundserviceteam.<\/p>\n<p><strong>2. Kan jag ange smaker f\u00f6r slumpm\u00e4ssigt utvalda produkter?<\/strong><br \/>\nJa, det kan du! \u00c4ven om vissa produktpaket levereras med f\u00f6rvalda smaker, g\u00f6r vi v\u00e5rt b\u00e4sta f\u00f6r att tillgodose specifika smakpreferenser. L\u00e4mna bara en anteckning i kassan eller kontakta v\u00e5r kundsupport med din f\u00f6rfr\u00e5gan. Vi kommer att se till att dina f\u00f6redragna smaker ing\u00e5r om de finns i lager.<\/p>\n<p><strong>3. Vad g\u00f6r Bang 28000 Puffs vapes unika?<\/strong><br \/>\nDen <strong>Bang 28000 Puffs eng\u00e5ngsvape<\/strong> erbjuder ett massivt antal bloss, <strong>30 ml e-v\u00e4tskekapacitet<\/strong>, justerbara is-niv\u00e5er och avancerad mesh coil-teknologi. Den \u00e4r utformad f\u00f6r bekv\u00e4mlighet, l\u00e5ngvarig anv\u00e4ndning och en anpassningsbar vapingupplevelse.<\/p>","protected":false},"excerpt":{"rendered":"<ul>\n<li>Premium Bang 28000 Puffs Eng\u00e5ngs Vape Penna<\/li>\n<li>L\u00e5ngvarig Bang 28000 Puffs Uppladdningsbar Vape<\/li>\n<li>Bang 28000 Puffs E-Cigarett med Justerbara Ice Vape Pods<\/li>\n<\/ul>\n<figure id=\"attachment_2951\" aria-describedby=\"caption-attachment-2951\" style=\"width: 265px\" class=\"wp-caption alignnone\"><img decoding=\"async\" class=\"size-medium wp-image-2951\" src=\"https:\/\/vapestornado.com\/wp-content\/uploads\/2024\/12\/Wholesale-Disposable-Vape-265x300.jpg\" alt=\"Grossist Eng\u00e5ngs Vape\" width=\"265\" height=\"300\" srcset=\"https:\/\/vapestornado.com\/wp-content\/uploads\/2024\/12\/Wholesale-Disposable-Vape-265x300.jpg 265w, https:\/\/vapestornado.com\/wp-content\/uploads\/2024\/12\/Wholesale-Disposable-Vape-768x871.jpg 768w, https:\/\/vapestornado.com\/wp-content\/uploads\/2024\/12\/Wholesale-Disposable-Vape-600x680.jpg 600w, https:\/\/vapestornado.com\/wp-content\/uploads\/2024\/12\/Wholesale-Disposable-Vape.jpg 823w\" sizes=\"(max-width: 265px) 100vw, 265px\" \/><figcaption id=\"caption-attachment-2951\" class=\"wp-caption-text\">V\u00e4nligen kontakta Mandys WhatsApp f\u00f6r rabatterat pris\u00a0 <a href=\"https:\/\/wa.me\/8618077105796\">+8618077105796<\/a><\/figcaption><\/figure>\n<p>&nbsp;<\/p>","protected":false},"featured_media":3738,"comment_status":"open","ping_status":"closed","template":"","meta":{"_acf_changed":false,"_uag_custom_page_level_css":"","_lmt_disableupdate":"no","_lmt_disable":"","_monsterinsights_skip_tracking":false,"_monsterinsights_sitenote_active":false,"_monsterinsights_sitenote_note":"","_monsterinsights_sitenote_category":0,"site-sidebar-layout":"default","site-content-layout":"","ast-site-content-layout":"default","site-content-style":"default","site-sidebar-style":"default","ast-global-header-display":"","ast-banner-title-visibility":"","ast-main-header-display":"","ast-hfb-above-header-display":"","ast-hfb-below-header-display":"","ast-hfb-mobile-header-display":"","site-post-title":"","ast-breadcrumbs-content":"","ast-featured-img":"","footer-sml-layout":"","ast-disable-related-posts":"","theme-transparent-header-meta":"default","adv-header-id-meta":"","stick-header-meta":"","header-above-stick-meta":"","header-main-stick-meta":"","header-below-stick-meta":"","astra-migrate-meta-layouts":"set","ast-page-background-enabled":"default","ast-page-background-meta":{"desktop":{"background-color":"","background-image":"","background-repeat":"repeat","background-position":"center center","background-size":"auto","background-attachment":"scroll","background-type":"","background-media":"","overlay-type":"","overlay-color":"","overlay-opacity":"","overlay-gradient":""},"tablet":{"background-color":"","background-image":"","background-repeat":"repeat","background-position":"center center","background-size":"auto","background-attachment":"scroll","background-type":"","background-media":"","overlay-type":"","overlay-color":"","overlay-opacity":"","overlay-gradient":""},"mobile":{"background-color":"","background-image":"","background-repeat":"repeat","background-position":"center center","background-size":"auto","background-attachment":"scroll","background-type":"","background-media":"","overlay-type":"","overlay-color":"","overlay-opacity":"","overlay-gradient":""}},"ast-content-background-meta":{"desktop":{"background-color":"var(--ast-global-color-5)","background-image":"","background-repeat":"repeat","background-position":"center center","background-size":"auto","background-attachment":"scroll","background-type":"","background-media":"","overlay-type":"","overlay-color":"","overlay-opacity":"","overlay-gradient":""},"tablet":{"background-color":"var(--ast-global-color-5)","background-image":"","background-repeat":"repeat","background-position":"center center","background-size":"auto","background-attachment":"scroll","background-type":"","background-media":"","overlay-type":"","overlay-color":"","overlay-opacity":"","overlay-gradient":""},"mobile":{"background-color":"var(--ast-global-color-5)","background-image":"","background-repeat":"repeat","background-position":"center center","background-size":"auto","background-attachment":"scroll","background-type":"","background-media":"","overlay-type":"","overlay-color":"","overlay-opacity":"","overlay-gradient":""}},"_joinchat":{"telephone":"+8618077105796"}},"product_brand":[],"product_cat":[235,150,153,144],"product_tag":[236,97,98],"class_list":{"0":"post-3745","1":"product","2":"type-product","3":"status-publish","4":"has-post-thumbnail","6":"product_cat-28000-puff","7":"product_cat-buy-disposable-vapes-in-belgium","8":"product_cat-buy-disposable-vapes-in-italy","9":"product_cat-low-nicotine-disposable-vapes","10":"product_tag-bang-28000-puffs","11":"product_tag-hot-sale-disposable-vape","12":"product_tag-wholesale-price-disposable-vape","13":"desktop-align-left","14":"tablet-align-left","15":"mobile-align-left","17":"first","18":"instock","19":"sale","20":"shipping-taxable","21":"purchasable","22":"product-type-simple"},"acf":[],"uagb_featured_image_src":{"full":["https:\/\/vapestornado.com\/wp-content\/uploads\/2025\/01\/Bang-28000-Puffs-Ultimate-Long-Lasting-Vape.webp",800,800,false],"thumbnail":["https:\/\/vapestornado.com\/wp-content\/uploads\/2025\/01\/Bang-28000-Puffs-Ultimate-Long-Lasting-Vape-150x150.webp",150,150,true],"medium":["https:\/\/vapestornado.com\/wp-content\/uploads\/2025\/01\/Bang-28000-Puffs-Ultimate-Long-Lasting-Vape-300x300.webp",300,300,true],"medium_large":["https:\/\/vapestornado.com\/wp-content\/uploads\/2025\/01\/Bang-28000-Puffs-Ultimate-Long-Lasting-Vape-768x768.webp",768,768,true],"large":["https:\/\/vapestornado.com\/wp-content\/uploads\/2025\/01\/Bang-28000-Puffs-Ultimate-Long-Lasting-Vape.webp",800,800,false],"1536x1536":["https:\/\/vapestornado.com\/wp-content\/uploads\/2025\/01\/Bang-28000-Puffs-Ultimate-Long-Lasting-Vape.webp",800,800,false],"2048x2048":["https:\/\/vapestornado.com\/wp-content\/uploads\/2025\/01\/Bang-28000-Puffs-Ultimate-Long-Lasting-Vape.webp",800,800,false],"trp-custom-language-flag":["https:\/\/vapestornado.com\/wp-content\/uploads\/2025\/01\/Bang-28000-Puffs-Ultimate-Long-Lasting-Vape.webp",12,12,false],"woocommerce_thumbnail":["https:\/\/vapestornado.com\/wp-content\/uploads\/2025\/01\/Bang-28000-Puffs-Ultimate-Long-Lasting-Vape-300x300.webp",300,300,true],"woocommerce_single":["https:\/\/vapestornado.com\/wp-content\/uploads\/2025\/01\/Bang-28000-Puffs-Ultimate-Long-Lasting-Vape-600x600.webp",600,600,true],"woocommerce_gallery_thumbnail":["https:\/\/vapestornado.com\/wp-content\/uploads\/2025\/01\/Bang-28000-Puffs-Ultimate-Long-Lasting-Vape-100x100.webp",100,100,true]},"uagb_author_info":{"display_name":"ESMANDY","author_link":"https:\/\/vapestornado.com\/sv\/author\/"},"uagb_comment_info":0,"uagb_excerpt":"Premium Bang 28000 Puffs Disposable Vape Pen Long-Lasting Bang 28000 Puff Rechargeable Vape Bang 28000 Puffs E-Cigarette with Adjustable Ice Vape Pods [caption id=\"attachment_2951\" align=\"alignnone\" width=\"265\"] Pls Contact Mandy's WhatsApp For Discount Price\u00a0 +8618077105796[\/caption] &nbsp;","_links":{"self":[{"href":"https:\/\/vapestornado.com\/sv\/wp-json\/wp\/v2\/product\/3745","targetHints":{"allow":["GET"]}}],"collection":[{"href":"https:\/\/vapestornado.com\/sv\/wp-json\/wp\/v2\/product"}],"about":[{"href":"https:\/\/vapestornado.com\/sv\/wp-json\/wp\/v2\/types\/product"}],"replies":[{"embeddable":true,"href":"https:\/\/vapestornado.com\/sv\/wp-json\/wp\/v2\/comments?post=3745"}],"wp:featuredmedia":[{"embeddable":true,"href":"https:\/\/vapestornado.com\/sv\/wp-json\/wp\/v2\/media\/3738"}],"wp:attachment":[{"href":"https:\/\/vapestornado.com\/sv\/wp-json\/wp\/v2\/media?parent=3745"}],"wp:term":[{"taxonomy":"product_brand","embeddable":true,"href":"https:\/\/vapestornado.com\/sv\/wp-json\/wp\/v2\/product_brand?post=3745"},{"taxonomy":"product_cat","embeddable":true,"href":"https:\/\/vapestornado.com\/sv\/wp-json\/wp\/v2\/product_cat?post=3745"},{"taxonomy":"product_tag","embeddable":true,"href":"https:\/\/vapestornado.com\/sv\/wp-json\/wp\/v2\/product_tag?post=3745"}],"curies":[{"name":"wp","href":"https:\/\/api.w.org\/{rel}","templated":true}]}}