{"id":3734,"date":"2025-01-13T08:21:51","date_gmt":"2025-01-13T08:21:51","guid":{"rendered":"https:\/\/vapestornado.com\/?post_type=product&#038;p=3734"},"modified":"2025-08-23T09:32:47","modified_gmt":"2025-08-23T09:32:47","slug":"waspe-crystal-40000-puffs-40k-double-flavor-rechargeable-disposable-vapes-cheap-price","status":"publish","type":"product","link":"https:\/\/vapestornado.com\/sv\/product\/waspe-crystal-40000-puffs-40k-double-flavor-rechargeable-disposable-vapes-cheap-price\/","title":{"rendered":"WASPE Crystal 40000 Bloss 40k Dubbelsmak Uppladdningsbara Eng\u00e5ngs Vapes Billigt Pris"},"content":{"rendered":"<h1 class=\"product-title\">WASPE Crystal 40000 Bloss 40k Dubbelsmak Uppladdningsbara Eng\u00e5ngs Vapes Billigt Pris<\/h1>\n<p>Den <strong>WASPE Crystal 40000 Puffar<\/strong> \u00e4r en f\u00f6rstklassig <strong>uppladdningsbara eng\u00e5ngs vape<\/strong> designad f\u00f6r vapers som s\u00f6ker en ut\u00f6kad, smakrik och anpassningsbar upplevelse. Med sitt massiva antal bloss, <strong>justerbart luftfl\u00f6de<\/strong>och innovativa <strong>2-smaker-i-1<\/strong> teknik, sticker den ut bland <strong>b\u00e4sta m\u00e4rkena f\u00f6r eng\u00e5ngs vape<\/strong> till ett otroligt <strong>billigt partipris<\/strong>.<\/p>\n<p>Med imponerande <strong>40 000 bloss<\/strong>, erbjuder denna enhet en av de h\u00f6gsta kapaciteterna p\u00e5 marknaden f\u00f6r eng\u00e5ngsvapes, vilket garanterar l\u00e5ngvarig njutning utan frekventa byten. Den <strong>dubbel-smak-teknologi<\/strong> kombinerar tv\u00e5 kompletterande smaker i en enhet, vilket g\u00f6r att anv\u00e4ndare enkelt kan v\u00e4xla mellan dem och njuta av en dynamisk vaping-upplevelse.<\/p>\n<p data-start=\"598\" data-end=\"841\">Den <strong data-start=\"602\" data-end=\"624\">system med dubbla smaker<\/strong> l\u00e5ter anv\u00e4ndare v\u00e4xla mellan tv\u00e5 blandningar i en enhet, vilket ger variation och fr\u00e4sch\u00f6r i varje session. Tillsammans med <strong data-start=\"744\" data-end=\"766\">justerbart luftfl\u00f6de<\/strong>l\u00e5ter den vejpare anpassa sitt drag \u2013 fr\u00e5n sn\u00e4va bloss till mjukare moln.<\/p>\n<p data-start=\"843\" data-end=\"1081\">Utrustad med <strong data-start=\"857\" data-end=\"881\">dubbla 0,9\u03a9 mesh-coils<\/strong>f\u00f6rb\u00e4ttrar WASPE Crystal smakkonsistensen och \u00e5ngt\u00e4theten. Tillg\u00e4nglig i <strong data-start=\"961\" data-end=\"998\">0%, 2% och 5% nikotinstyrkor<\/strong>passar den olika preferenser, fr\u00e5n nikotinfritt bruk till starkare riv i halsen.<\/p>\n<p data-start=\"1083\" data-end=\"1291\">Drivs av en <strong data-start=\"1097\" data-end=\"1128\">850mAh uppladdningsbart batteri<\/strong> med <strong data-start=\"1134\" data-end=\"1158\">Typ-C snabbladdning<\/strong>minimerar denna enhet driftstopp. En <strong data-start=\"1194\" data-end=\"1217\">LED digital display<\/strong> visar batteri- och e-v\u00e4tskeniv\u00e5er i realtid, vilket ger anv\u00e4ndarna full kontroll.<\/p>\n<p data-start=\"1293\" data-end=\"1484\">F\u00f6r grossister och \u00e5terf\u00f6rs\u00e4ljare, den <strong data-start=\"1328\" data-end=\"1354\">WASPE Crystal 40K Vape<\/strong> \u00e4r f\u00f6rpackad effektivt med <strong data-start=\"1384\" data-end=\"1424\">200 stycken per kartong och 10 per l\u00e5da<\/strong>vilket g\u00f6r det till ett kostnadseffektivt bulkalternativ f\u00f6r distribution.<\/p>\n<p>F\u00f6r dig som vill <strong>k\u00f6pa i bulk<\/strong>, erbjuder WASPE Crystal utm\u00e4rkta grossistalternativ med f\u00f6rpackningar om <strong>200 stycken per kartong och 10 stycken per l\u00e5da<\/strong>, vilket g\u00f6r den perfekt f\u00f6r \u00e5terf\u00f6rs\u00e4ljare och distribut\u00f6rer. Den totala bruttovikten p\u00e5 22.5kg s\u00e4kerst\u00e4ller effektiv och kostnadseffektiv frakt f\u00f6r bulkk\u00f6pare.<\/p>\n<p><strong>L\u00e4gg till Amys Whatsapp f\u00f6r att f\u00e5 snabbt svar och vape-kupong!<\/strong><\/p>\n<p><img fetchpriority=\"high\" decoding=\"async\" class=\"size-full wp-image-2932\" src=\"https:\/\/vapestornado.com\/wp-content\/uploads\/2024\/12\/Vape-Wholesale.jpg\" alt=\"Vape Partihandel\" width=\"229\" height=\"300\" \/><\/p>\n<h3><a href=\"https:\/\/wa.me\/8617776015835\" target=\"_blank\" rel=\"noopener\"><span style=\"color: #ff0000;\"><strong>WhatsApp: +86 17776015835<\/strong><\/span><\/a><\/h3>\n<p>&nbsp;<\/p>\n<h2><strong>WASPE Crystal 40000 Produktegenskaper<\/strong><\/h2>\n<ol>\n<li><strong>Max antal puffar<\/strong>: 40000<\/li>\n<li><strong>Dubbla smaker<\/strong>: 20000 puffar + 20000 puffar = 40000 puffar<\/li>\n<li><strong>Nikotinstyrka<\/strong>: 0% \/ 2% \/ 3% \/ 5%<\/li>\n<li><strong>F\u00f6rfylld kapacitet<\/strong>: 32mL<\/li>\n<li><strong>Batterikapacitet<\/strong>: 850mAh<\/li>\n<li><strong>Laddningsport<\/strong>: USB Typ-C<\/li>\n<li><strong>Anv\u00e4ndning<\/strong>: Dragaktivering<\/li>\n<li><strong>0.9ohm Dubbel Mesh Spole<\/strong><\/li>\n<li><strong>LED-display<\/strong><\/li>\n<li><strong>Batteriniv\u00e5indikator<\/strong><\/li>\n<li><strong>E-V\u00e4tskeniv\u00e5indikator<\/strong><\/li>\n<\/ol>\n<h2 class=\"product-title\"><strong>WASPE Crystal 40000 Smaklista<\/strong><\/h2>\n<p>1. Vattenmelon Is<br \/>\n2. Red Bull Is<br \/>\n3. Jordgubb Red Bull<br \/>\n4. Bl\u00e5b\u00e4r Godis<br \/>\n5. Jordgubb Kiwi<br \/>\n6. Bl\u00e5b\u00e4r Hallon<br \/>\n7. Jordgubb Hallon K\u00f6rsb\u00e4r<br \/>\n8. Persika Is<br \/>\n9. Jordgubb Banan<br \/>\n10. Druv Is<br \/>\n11. Blandade B\u00e4r<br \/>\n12. Bl\u00e5b\u00e4r Is<\/p>\n<h3 class=\"product-title\"><strong>Djupg\u00e5ende recension av WASPE Crystal 40000 Puffs smaker lista<\/strong><\/h3>\n<ol>\n<li><strong>Vattenmelon Is<\/strong> \u2013 En uppfriskande blandning av sval vattenmelon med en syrlig citron-lime-twist.<\/li>\n<li><strong>Bl\u00e5b\u00e4r Is<\/strong> \u2013 S\u00f6ta bl\u00e5b\u00e4r m\u00f6ter den kolsyrade gl\u00e4djen av k\u00f6rsb\u00e4rscola med en isig avslutning.<\/li>\n<li><strong>Blandade B\u00e4r<\/strong> \u2013 En fruktig blandning av blandade b\u00e4r med den syrliga zingen av hallonlimonad.<\/li>\n<li><strong>Druv Is<\/strong> \u2013 Saftig druvsmak i kombination med den exotiska kylan av svart drakis.<\/li>\n<li><strong>Strawberry Banana<\/strong> \u2013 En tropisk fusion av kr\u00e4mig banan, s\u00f6t jordgubbe och isig ananas-kokos.<\/li>\n<li><strong>Persika Is<\/strong> \u2013 Mjuk persikois blandad med saftig vattenmelon och mango.<\/li>\n<li><strong>Strawberry Raspberry Cherry<\/strong> \u2013 En l\u00e4cker blandning av jordgubbar, hallon, k\u00f6rsb\u00e4r och den mystiska Love 666-smaken.<\/li>\n<li><strong>Bl\u00e5b\u00e4r Hallon<\/strong> \u2013 S\u00f6ta bl\u00e5b\u00e4r och hallon blandat med iskall persika-b\u00e4r.<\/li>\n<li><strong>Jordgubb Kiwi<\/strong> \u2013 En h\u00e4rlig blandning av s\u00f6ta jordgubbar med syrlig kiwi och k\u00f6rsb\u00e4r.<\/li>\n<li><strong>Bl\u00e5b\u00e4r Godis<\/strong> \u2013 En godisliknande bl\u00e5b\u00e4rss\u00f6tma kombinerad med saftig jordgubbs-vattenmelon.<\/li>\n<li><strong>Jordgubb Red Bull<\/strong> \u2013 En unik blandning av energigivande Red Bull-smak med s\u00f6ta bl\u00e5b\u00e4rs-k\u00f6rsb\u00e4r.<\/li>\n<li><strong>Red Bull Ice<\/strong> \u2013 En uppfriskande Red Bull ice i kombination med s\u00f6t jordgubbs-mango.<\/li>\n<\/ol>\n<h3>Varf\u00f6r v\u00e4lja vapestornado f\u00f6r WASPE Crystal 40000 Vapes Partihandel?<\/h3>\n<div class=\"flex-shrink-0 flex flex-col relative items-end\">\n<div class=\"pt-0\">\n<div class=\"gizmo-bot-avatar flex h-8 w-8 items-center justify-center overflow-hidden rounded-full\">\n<div class=\"relative p-1 rounded-sm flex items-center justify-center bg-token-main-surface-primary text-token-text-primary h-8 w-8\">\n<p>V\u00e4lkommen till vapestornado, din betrodda online vape-butik f\u00f6r premium eng\u00e5ngsvapes. Med mer \u00e4n 5 \u00e5rs expertis ger vi dig popul\u00e4ra eng\u00e5ngs vape-m\u00e4rken som Fumot RandM Vape, <a href=\"https:\/\/vapestornado.com\/sv\/product\/vapme-crystal-7000-puffs-rechargeable-disposable-vape-wholesale-cheap-price\/\">Vapme<\/a>, Bang Vape, Waspe Vape och WGA Vape, etc.<\/p>\n<p>V\u00e5rt sortiment inkluderar heta f\u00f6rs\u00e4ljningsvapes som <a href=\"https:\/\/vapestornado.com\/sv\/product\/fumot-randm-tornado-15000-puffs-rechargeable-disposable-vape-wholesale\/\">RandM Tornado 15000<\/a>, och smakrika val som <a href=\"https:\/\/vapestornado.com\/sv\/product\/waspe-40000-puffs-double-flavour-led-display-disposable-vape-wholesale\/\">WASPE Dubbel Smak 40000 Puffs<\/a> . Varje produkt \u00e4r utvald med fokus p\u00e5 kvalitet, v\u00e4rde och variation, vilket s\u00e4kerst\u00e4ller att du hittar den perfekta matchningen f\u00f6r dina behov. Uppt\u00e4ck exceptionell service och ett brett utbud av toppprodukter till grossistpris hos vapestornado.<\/p>\n<\/div>\n<h3><\/h3>\n<div class=\"relative p-1 rounded-sm flex items-center justify-center bg-token-main-surface-primary text-token-text-primary h-8 w-8\">\n<h3>Vanliga fr\u00e5gor f\u00f6r WASPE Crystal 40000 Eng\u00e5ngsvape<\/h3>\n<\/div>\n<\/div>\n<\/div>\n<\/div>\n<div class=\"flex-shrink-0 flex flex-col relative items-end\">\n<div class=\"pt-0\">\n<div class=\"gizmo-bot-avatar flex h-8 w-8 items-center justify-center overflow-hidden rounded-full\">\n<div class=\"relative p-1 rounded-sm flex items-center justify-center bg-token-main-surface-primary text-token-text-primary h-8 w-8\">\n<div class=\"mb-2 flex gap-3 empty:hidden -ml-2\">\n<ol>\n<li><strong>Hur l\u00e5ng tid tar det att ladda WASPE Crystal helt?<\/strong>\n<ul>\n<li>Med Type-C snabbladdning tar det cirka 1 timme att ladda enheten helt.<\/li>\n<\/ul>\n<\/li>\n<li><strong>Var kan jag k\u00f6pa WASPE Crystal till ett partipris?<\/strong>\n<ul>\n<li>Du kan k\u00f6pa den till partipriser fr\u00e5n vapestornado, som erbjuder bra erbjudanden och bulkk\u00f6p.<\/li>\n<\/ul>\n<\/li>\n<li><strong>Hur fungerar systemet med dubbla smaker?<\/strong>\n<ul>\n<li>Justera helt enkelt luftfl\u00f6desinst\u00e4llningarna f\u00f6r att s\u00f6ml\u00f6st v\u00e4xla mellan de tv\u00e5 smakerna.<\/li>\n<\/ul>\n<\/li>\n<li><strong>\u00c4r WASPE Crystal l\u00e4mplig f\u00f6r nyb\u00f6rjare?<\/strong>\n<ul>\n<li>Ja, den \u00e4r enkel att anv\u00e4nda och erbjuder ett 0% nikotinalternativ, vilket g\u00f6r den perfekt f\u00f6r nyb\u00f6rjare.<\/li>\n<\/ul>\n<\/li>\n<li><strong>Vilken typ av laddning st\u00f6der WASPE Crystal?<\/strong>\n<ul>\n<li>Den st\u00f6der Type-C laddning, vilket g\u00f6r den kompatibel med de flesta moderna laddare.<\/li>\n<\/ul>\n<\/li>\n<\/ol>\n<h2>Hur man best\u00e4ller?<\/h2>\n<p><strong>1. Vilka betalningsmetoder accepterar ni?<\/strong><br \/>\nVi accepterar IBAN-\u00f6verf\u00f6ring och <span style=\"font-size: 16px;\">Western Union<\/span>\u00a0f\u00f6r s\u00e4kra och bekv\u00e4ma transaktioner.<\/p>\n<p><strong>2. Hur kan jag sp\u00e5ra min best\u00e4llning?<\/strong><br \/>\nEfter att din best\u00e4llning har skickats, <span class=\"selectable-text copyable-text false\">kommer vi att forts\u00e4tta uppdatera lastsp\u00e5rningen tills du har tagit emot lasten<\/span>.<\/p>\n<p><strong>3. Vad \u00e4r den uppskattade leveranstiden?<\/strong><\/p>\n<ul>\n<li>Leverans fr\u00e5n <strong>Kina lager<\/strong> tar ungef\u00e4r <strong>7-14 arbetsdagar<\/strong>.<\/li>\n<li>Leverans fr\u00e5n <strong>Europeiska lager<\/strong> tar vanligtvis <strong>3-6 arbetsdagar<\/strong>.<\/li>\n<\/ul>\n<p><strong>4. Hur kan jag f\u00e5 snabbare leverans?<\/strong><br \/>\nF\u00f6r snabbare leverans rekommenderar vi att du best\u00e4ller fr\u00e5n v\u00e5rt <strong>Europeiska lager<\/strong>, vilket erbjuder snabbare leveranstider.<\/p>\n<p><strong>5. Hur returnerar jag en vara?<\/strong><br \/>\nF\u00f6r att returnera en vara, kontakta v\u00e5r kundtj\u00e4nst f\u00f6r detaljerade instruktioner om returprocessen.<\/p>\n<p><strong>6. Erbjuder ni internationell frakt?<\/strong><br \/>\nJa, vi skickar till de flesta l\u00e4nder och hanterar <strong>tullklarering<\/strong> f\u00f6r en smidig leveransupplevelse.<\/p>\n<p><strong>7. Vad h\u00e4nder om jag f\u00e5r en skadad eller defekt produkt?<\/strong><br \/>\nOm din vara \u00e4r skadad eller defekt, kontakta kundtj\u00e4nst f\u00f6r en <strong>ers\u00e4ttning eller \u00e5terbetalning<\/strong>.<\/p>\n<p><strong>8. Hur kan jag kontakta kundtj\u00e4nst?<\/strong><br \/>\nDu kan n\u00e5 oss via <strong>e-post, WhatsApp eller livechatt<\/strong> p\u00e5 v\u00e5r webbplats f\u00f6r all hj\u00e4lp.<\/p>\n<\/div>\n<\/div>\n<\/div>\n<\/div>\n<\/div>","protected":false},"excerpt":{"rendered":"<p>B\u00e4sta Waspe Crystal Vape 40000 Puffs Dual Flavors Low Nicotine Disposable Vape Partihandel<br \/>\nWASPE Crystal 40000 Puffs Dubbel Smak LED Display Eng\u00e5ngs Vape K\u00f6p i bulk<br \/>\nWASPE Crystal 40000 Puffs 2 i 1 Smak Uppladdningsbara Eng\u00e5ngs Vapes Billigt Pris<\/p>\n<p><strong>L\u00e4gg till Amys whatsapp f\u00f6r snabbt svar och vape-kupong!<\/strong><\/p>\n<p><img fetchpriority=\"high\" decoding=\"async\" class=\"size-full wp-image-2932\" src=\"https:\/\/vapestornado.com\/wp-content\/uploads\/2024\/12\/Vape-Wholesale.jpg\" alt=\"Vape Partihandel\" width=\"229\" height=\"300\" \/><\/p>\n<h3><a href=\"https:\/\/wa.me\/8617776015835\"><span style=\"color: #ff0000;\"><strong>WhatsApp: +86 17776015835<\/strong><\/span><\/a><\/h3>\n<p>&nbsp;<\/p>","protected":false},"featured_media":3756,"comment_status":"open","ping_status":"closed","template":"","meta":{"_acf_changed":false,"_uag_custom_page_level_css":"","_lmt_disableupdate":"no","_lmt_disable":"","_monsterinsights_skip_tracking":false,"_monsterinsights_sitenote_active":false,"_monsterinsights_sitenote_note":"","_monsterinsights_sitenote_category":0,"site-sidebar-layout":"default","site-content-layout":"","ast-site-content-layout":"default","site-content-style":"default","site-sidebar-style":"default","ast-global-header-display":"","ast-banner-title-visibility":"","ast-main-header-display":"","ast-hfb-above-header-display":"","ast-hfb-below-header-display":"","ast-hfb-mobile-header-display":"","site-post-title":"","ast-breadcrumbs-content":"","ast-featured-img":"","footer-sml-layout":"","ast-disable-related-posts":"","theme-transparent-header-meta":"default","adv-header-id-meta":"","stick-header-meta":"","header-above-stick-meta":"","header-main-stick-meta":"","header-below-stick-meta":"","astra-migrate-meta-layouts":"set","ast-page-background-enabled":"default","ast-page-background-meta":{"desktop":{"background-color":"","background-image":"","background-repeat":"repeat","background-position":"center center","background-size":"auto","background-attachment":"scroll","background-type":"","background-media":"","overlay-type":"","overlay-color":"","overlay-opacity":"","overlay-gradient":""},"tablet":{"background-color":"","background-image":"","background-repeat":"repeat","background-position":"center center","background-size":"auto","background-attachment":"scroll","background-type":"","background-media":"","overlay-type":"","overlay-color":"","overlay-opacity":"","overlay-gradient":""},"mobile":{"background-color":"","background-image":"","background-repeat":"repeat","background-position":"center center","background-size":"auto","background-attachment":"scroll","background-type":"","background-media":"","overlay-type":"","overlay-color":"","overlay-opacity":"","overlay-gradient":""}},"ast-content-background-meta":{"desktop":{"background-color":"var(--ast-global-color-5)","background-image":"","background-repeat":"repeat","background-position":"center center","background-size":"auto","background-attachment":"scroll","background-type":"","background-media":"","overlay-type":"","overlay-color":"","overlay-opacity":"","overlay-gradient":""},"tablet":{"background-color":"var(--ast-global-color-5)","background-image":"","background-repeat":"repeat","background-position":"center center","background-size":"auto","background-attachment":"scroll","background-type":"","background-media":"","overlay-type":"","overlay-color":"","overlay-opacity":"","overlay-gradient":""},"mobile":{"background-color":"var(--ast-global-color-5)","background-image":"","background-repeat":"repeat","background-position":"center center","background-size":"auto","background-attachment":"scroll","background-type":"","background-media":"","overlay-type":"","overlay-color":"","overlay-opacity":"","overlay-gradient":""}},"_joinchat":{"telephone":"+8617776015835"}},"product_brand":[],"product_cat":[19,65,140,153,155,141,142,60],"product_tag":[120,97,94,93,237,163],"class_list":{"0":"post-3734","1":"product","2":"type-product","3":"status-publish","4":"has-post-thumbnail","6":"product_cat-vapes","7":"product_cat-40000-puff","8":"product_cat-big-puffs-disposable-vapes","9":"product_cat-buy-disposable-vapes-in-italy","10":"product_cat-buy-disposable-vapes-in-norway","11":"product_cat-crystal-disposable-vapes","12":"product_cat-digital-box-disposable-vapes","13":"product_cat-waspe-fihp-vape","14":"product_tag-crystal-vape","15":"product_tag-hot-sale-disposable-vape","16":"product_tag-rechargeable-disposable-vape","17":"product_tag-vape-wholesale","18":"product_tag-waspe-crystal-40000","19":"product_tag-waspe-vape","20":"desktop-align-left","21":"tablet-align-left","22":"mobile-align-left","24":"first","25":"instock","26":"sale","27":"shipping-taxable","28":"purchasable","29":"product-type-simple"},"acf":[],"uagb_featured_image_src":{"full":["https:\/\/vapestornado.com\/wp-content\/uploads\/2025\/01\/WASPE-40000-Puffs-Crystal-Disposable-Vape-Wholesale-Price.webp",1000,1000,false],"thumbnail":["https:\/\/vapestornado.com\/wp-content\/uploads\/2025\/01\/WASPE-40000-Puffs-Crystal-Disposable-Vape-Wholesale-Price-150x150.webp",150,150,true],"medium":["https:\/\/vapestornado.com\/wp-content\/uploads\/2025\/01\/WASPE-40000-Puffs-Crystal-Disposable-Vape-Wholesale-Price-300x300.webp",300,300,true],"medium_large":["https:\/\/vapestornado.com\/wp-content\/uploads\/2025\/01\/WASPE-40000-Puffs-Crystal-Disposable-Vape-Wholesale-Price-768x768.webp",768,768,true],"large":["https:\/\/vapestornado.com\/wp-content\/uploads\/2025\/01\/WASPE-40000-Puffs-Crystal-Disposable-Vape-Wholesale-Price.webp",1000,1000,false],"1536x1536":["https:\/\/vapestornado.com\/wp-content\/uploads\/2025\/01\/WASPE-40000-Puffs-Crystal-Disposable-Vape-Wholesale-Price.webp",1000,1000,false],"2048x2048":["https:\/\/vapestornado.com\/wp-content\/uploads\/2025\/01\/WASPE-40000-Puffs-Crystal-Disposable-Vape-Wholesale-Price.webp",1000,1000,false],"trp-custom-language-flag":["https:\/\/vapestornado.com\/wp-content\/uploads\/2025\/01\/WASPE-40000-Puffs-Crystal-Disposable-Vape-Wholesale-Price.webp",12,12,false],"woocommerce_thumbnail":["https:\/\/vapestornado.com\/wp-content\/uploads\/2025\/01\/WASPE-40000-Puffs-Crystal-Disposable-Vape-Wholesale-Price-300x300.webp",300,300,true],"woocommerce_single":["https:\/\/vapestornado.com\/wp-content\/uploads\/2025\/01\/WASPE-40000-Puffs-Crystal-Disposable-Vape-Wholesale-Price-600x600.webp",600,600,true],"woocommerce_gallery_thumbnail":["https:\/\/vapestornado.com\/wp-content\/uploads\/2025\/01\/WASPE-40000-Puffs-Crystal-Disposable-Vape-Wholesale-Price-100x100.webp",100,100,true]},"uagb_author_info":{"display_name":"ESAMY","author_link":"https:\/\/vapestornado.com\/sv\/author\/"},"uagb_comment_info":0,"uagb_excerpt":"Best Waspe Crystal Vape 40000 Puffs Dual Flavors Low Nicotine Disposable Vape Wholesale WASPE Crystal 40000 Puffs Double Flavor LED Display Disposable Vape Bulk Buy WASPE Crystal 40000 Puffs 2 in 1 Flavor Rechargeable Disposable Vapes Cheap Price Add Amy's whatsapp get right reply and vape vape coupon! WhatsApp: +86 17776015835 &nbsp;","_links":{"self":[{"href":"https:\/\/vapestornado.com\/sv\/wp-json\/wp\/v2\/product\/3734","targetHints":{"allow":["GET"]}}],"collection":[{"href":"https:\/\/vapestornado.com\/sv\/wp-json\/wp\/v2\/product"}],"about":[{"href":"https:\/\/vapestornado.com\/sv\/wp-json\/wp\/v2\/types\/product"}],"replies":[{"embeddable":true,"href":"https:\/\/vapestornado.com\/sv\/wp-json\/wp\/v2\/comments?post=3734"}],"wp:featuredmedia":[{"embeddable":true,"href":"https:\/\/vapestornado.com\/sv\/wp-json\/wp\/v2\/media\/3756"}],"wp:attachment":[{"href":"https:\/\/vapestornado.com\/sv\/wp-json\/wp\/v2\/media?parent=3734"}],"wp:term":[{"taxonomy":"product_brand","embeddable":true,"href":"https:\/\/vapestornado.com\/sv\/wp-json\/wp\/v2\/product_brand?post=3734"},{"taxonomy":"product_cat","embeddable":true,"href":"https:\/\/vapestornado.com\/sv\/wp-json\/wp\/v2\/product_cat?post=3734"},{"taxonomy":"product_tag","embeddable":true,"href":"https:\/\/vapestornado.com\/sv\/wp-json\/wp\/v2\/product_tag?post=3734"}],"curies":[{"name":"wp","href":"https:\/\/api.w.org\/{rel}","templated":true}]}}