{"id":3726,"date":"2025-01-13T07:22:44","date_gmt":"2025-01-13T07:22:44","guid":{"rendered":"https:\/\/vapestornado.com\/?post_type=product&#038;p=3726"},"modified":"2025-08-23T12:33:57","modified_gmt":"2025-08-23T12:33:57","slug":"bang-king-35k-35000-puffs-2-in-1-dual-flavour-disposable-vape-wholesale-cheap-price","status":"publish","type":"product","link":"https:\/\/vapestornado.com\/sv\/product\/bang-king-35k-35000-puffs-2-in-1-dual-flavour-disposable-vape-wholesale-cheap-price\/","title":{"rendered":"Bang King 35K 35000 Puffar 2 i 1 Dubbel Smak Eng\u00e5ngs Vape Grossist Billigt Pris"},"content":{"rendered":"<h1 class=\"product-title\">Bang King 35K 35000 Puffar 2 i 1 Dubbel Smak Eng\u00e5ngs Vape Grossist Billigt Pris<\/h1>\n<p>&nbsp;<\/p>\n<p>Varf\u00f6r \u00e4r <strong>Bang King 35K 35000 Puffar 2 i 1 Dubbel Smak Eng\u00e5ngs Vape<\/strong> p\u00e5 v\u00e4g att bli popul\u00e4r? Denna enhet kombinerar bekv\u00e4mlighet, smak och prisv\u00e4rdhet. Med en elegant digital display, ett imponerande antal puffar och tv\u00e5 distinkta smaker i en enhet, omdefinierar denna vape vad eng\u00e5ngsvapes kan erbjuda.<\/p>\n<p>S\u00e4g adj\u00f6 till frekventa byten! Med hela <strong>35 000 bloss<\/strong>s\u00e4kerst\u00e4ller Bang King 35K l\u00e5ngvarig tillfredsst\u00e4llelse, vilket g\u00f6r den till en av de mest <strong>popul\u00e4ra eng\u00e5ngsvapes<\/strong> p\u00e5 marknaden. Varf\u00f6r n\u00f6ja sig med en smak n\u00e4r du kan ha tv\u00e5? Njut av <strong>2 i 1 smakdesign<\/strong>, som l\u00e5ter dig v\u00e4xla mellan tv\u00e5 otroliga smaker i en enda enhet. Njut av dubbelt s\u00e5 mycket smak, allt i ett elegant paket. Beh\u00e5ll kontrollen med <strong>LED-peksk\u00e4rmen<\/strong>. Den visar batteritid, e-v\u00e4tskeniv\u00e5er och l\u00e5ter dig justera luftfl\u00f6de och effektinst\u00e4llningar f\u00f6r en anpassningsbar upplevelse.<\/p>\n<p>Med tre luftfl\u00f6desl\u00e4gen kan du enkelt justera draget efter dina \u00f6nskem\u00e5l. Oavsett om du f\u00f6redrar mjuka eller robusta bloss, anpassar sig denna vape efter dig. Det <strong>700mAh uppladdningsbara batteriet<\/strong> och <strong>Typ-C-laddning<\/strong> s\u00e4kerst\u00e4ller snabba och effektiva uppladdningar, vilket h\u00e5ller din enhet str\u00f6mf\u00f6rs\u00f6rjd hela dagen. Den <strong>35ML e-v\u00e4tskebeh\u00e5llaren<\/strong> minskar behovet av frekventa p\u00e5fyllningar och erbjuder mer oavbruten vaping. Perfekt f\u00f6r bulk-k\u00f6pare, den <strong>grossistpris<\/strong> g\u00f6r den idealisk f\u00f6r \u00e5terf\u00f6rs\u00e4ljare och vape-entusiaster som letar efter den b\u00e4sta aff\u00e4ren.<\/p>\n<p><span style=\"color: #ff0000;\"><strong>L\u00e4gg till Amys Whatsapp f\u00f6r att f\u00e5 snabbt svar och vape-kupong!<\/strong><\/span><\/p>\n<p><img fetchpriority=\"high\" decoding=\"async\" class=\"size-full wp-image-2932\" src=\"https:\/\/vapestornado.com\/wp-content\/uploads\/2024\/12\/Vape-Wholesale.jpg\" alt=\"Vape Partihandel\" width=\"229\" height=\"300\" \/><\/p>\n<h3><a href=\"https:\/\/wa.me\/8617776015835\" target=\"_blank\" rel=\"noopener\"><span style=\"color: #ff0000;\"><strong>WhatsApp: +86 17776015835<\/strong><\/span><\/a><\/h3>\n<p>&nbsp;<\/p>\n<h2 class=\"product-title\"><strong>Bang King 35K Produktfunktioner<\/strong><\/h2>\n<div role=\"article\" data-tabster=\"{&quot;groupper&quot;:{&quot;tabbability&quot;:2},&quot;focusable&quot;:{}}\" data-content=\"ai-message\" aria-labelledby=\"juhNTJ6o7Gk1cgwZMJgv2-author juhNTJ6o7Gk1cgwZMJgv2-content\">\n<div id=\"juhNTJ6o7Gk1cgwZMJgv2-content\">\n<div role=\"article\" data-tabster=\"{&quot;groupper&quot;:{&quot;tabbability&quot;:2},&quot;focusable&quot;:{}}\" data-content=\"ai-message\" aria-labelledby=\"x4EZuCZWrTbh3weWUt7CU-author x4EZuCZWrTbh3weWUt7CU-content\">\n<div id=\"x4EZuCZWrTbh3weWUt7CU-content\">\n<div class=\"flex max-w-full flex-col flex-grow\">\n<div class=\"min-h-8 text-message flex w-full flex-col items-end gap-2 whitespace-normal break-words text-start [.text-message+&amp;]:mt-5\" dir=\"auto\" data-message-author-role=\"assistant\" data-message-id=\"52c6e00a-252f-4104-805d-2f1a84739c71\" data-message-model-slug=\"gpt-4o\">\n<div class=\"flex w-full flex-col gap-1 empty:hidden first:pt-[3px]\">\n<div class=\"markdown prose w-full break-words dark:prose-invert light\">\n<div class=\"flex max-w-full flex-col flex-grow\">\n<div class=\"min-h-8 text-message flex w-full flex-col items-end gap-2 whitespace-normal break-words text-start [.text-message+&amp;]:mt-5\" dir=\"auto\" data-message-author-role=\"assistant\" data-message-id=\"3c321776-aace-4a97-95f3-35c104de1c0a\" data-message-model-slug=\"gpt-4o\">\n<div class=\"flex w-full flex-col gap-1 empty:hidden first:pt-[3px]\">\n<div class=\"markdown prose w-full break-words dark:prose-invert light\">\n<h3><\/h3>\n<ul>\n<li><strong>Bloss:<\/strong> Upp till 35 000<\/li>\n<li><strong>Batteri:<\/strong> 700mAh uppladdningsbart med Type-C laddning<\/li>\n<li><strong>Smaker:<\/strong> Dubbla smaker i en enhet<\/li>\n<li><strong>Luftfl\u00f6de:<\/strong> Anpassningsbart med tre l\u00e4gen<\/li>\n<li><strong>E-v\u00e4tskekapacitet:<\/strong> 35ML<\/li>\n<li><strong>Digitalt visning:<\/strong> LED-peksk\u00e4rm f\u00f6r \u00f6vervakning och justeringar<\/li>\n<li><strong>Portabilitet:<\/strong> L\u00e4ttviktsdesign, perfekt f\u00f6r anv\u00e4ndning p\u00e5 spr\u00e5ng<\/li>\n<\/ul>\n<\/div>\n<\/div>\n<\/div>\n<\/div>\n<\/div>\n<\/div>\n<\/div>\n<\/div>\n<div class=\"mb-2 flex gap-3 empty:hidden -ml-2\">\n<figure id=\"attachment_3733\" aria-describedby=\"caption-attachment-3733\" style=\"width: 800px\" class=\"wp-caption alignnone\"><img decoding=\"async\" class=\"wp-image-3733 size-full\" src=\"https:\/\/vapestornado.com\/wp-content\/uploads\/2025\/01\/Bangking-Vape-36000-Disposable-Vape-Wholesale.webp\" alt=\"Bangking Vape 35000 Eng\u00e5ngs Vape Grossist\" width=\"800\" height=\"800\" srcset=\"https:\/\/vapestornado.com\/wp-content\/uploads\/2025\/01\/Bangking-Vape-36000-Disposable-Vape-Wholesale.webp 800w, https:\/\/vapestornado.com\/wp-content\/uploads\/2025\/01\/Bangking-Vape-36000-Disposable-Vape-Wholesale-300x300.webp 300w, https:\/\/vapestornado.com\/wp-content\/uploads\/2025\/01\/Bangking-Vape-36000-Disposable-Vape-Wholesale-150x150.webp 150w, https:\/\/vapestornado.com\/wp-content\/uploads\/2025\/01\/Bangking-Vape-36000-Disposable-Vape-Wholesale-768x768.webp 768w, https:\/\/vapestornado.com\/wp-content\/uploads\/2025\/01\/Bangking-Vape-36000-Disposable-Vape-Wholesale-600x600.webp 600w, https:\/\/vapestornado.com\/wp-content\/uploads\/2025\/01\/Bangking-Vape-36000-Disposable-Vape-Wholesale-100x100.webp 100w\" sizes=\"(max-width: 800px) 100vw, 800px\" \/><figcaption id=\"caption-attachment-3733\" class=\"wp-caption-text\">Bangking Vape 35000 Eng\u00e5ngs Vape Grossist<\/figcaption><\/figure>\n<\/div>\n<\/div>\n<\/div>\n<\/div>\n<\/div>\n<h2 class=\"product-title\"><strong>Popul\u00e4r Smak f\u00f6r Bang King 35K<\/strong><strong>\u00a0<\/strong><strong>Eng\u00e5ngs Vaporizers<\/strong><\/h2>\n<p>Oavsett om du f\u00f6redrar en tropisk flykt eller en frostig njutning, <strong>Bangking 35000 Puffar Dubbel Smak Eng\u00e5ngs Vape<\/strong> har den perfekta kombinationen f\u00f6r att h\u00e5lla dina smakl\u00f6kar n\u00f6jda! Vilken \u00e4r den popul\u00e4ra smaken f\u00f6r BANG KING 35000 Vape? Se vad v\u00e5ra kunder s\u00e4ger.<\/p>\n<p>1. Blue Razz Ice + Juicy Peach Ice<br \/>\n2. Jordgubbsvattenmelon + Vattenmelon Ice <span style=\"color: #ff0000;\"><strong>&gt;&gt;&gt;&gt; Hett !<\/strong><\/span><br \/>\n3. Jordgubbsbanan + Dubbel \u00c4pple<br \/>\n4. Trippelb\u00e4r Ice + Tropisk Frukt<br \/>\n5. Cherry Bomb + Grape Ice <span style=\"color: #ff0000;\"><strong>&gt;&gt;&gt;&gt; Hett !<\/strong><\/span><br \/>\n6. Persika Mango + Jordgubbsmango<br \/>\n7. Mango Lime + Cool Mint<br \/>\n8. Cherry Pop + Mr Blue<br \/>\n9. Black Dragon Ice + Jordgubbskiwi<br \/>\n10. Red Bull + Persikob\u00e4r <span style=\"color: #ff0000;\"><strong>&gt;&gt;&gt;&gt; Hett !<\/strong><\/span><br \/>\n11. Pink Lemon + Mr Blue<br \/>\n12. Kiwi Passion Fruit Guava + Blue Cherry Lemon<\/p>\n<div class=\"flex-shrink-0 flex flex-col relative items-end\">\n<div class=\"pt-0\">\n<div class=\"gizmo-bot-avatar flex h-8 w-8 items-center justify-center overflow-hidden rounded-full\">\n<div class=\"relative p-1 rounded-sm flex items-center justify-center bg-token-main-surface-primary text-token-text-primary h-8 w-8\">\n<h3>Vanliga fr\u00e5gor om Bang King 35K Puffs Uppladdningsbar<strong>\u00a0<\/strong>Eng\u00e5ngs-vape<\/h3>\n<h3><\/h3>\n<p><strong>1. Var kan jag k\u00f6pa Bang King 35K till grossistpriser i Tyskland?<\/strong><br \/>\nDu kan k\u00f6pa den hos Vapestornado<strong>\u00a0online vapebutik<\/strong> eller kolla med din lokala distribut\u00f6r f\u00f6r de b\u00e4sta erbjudandena.<\/p>\n<p><strong>2. Hur vet jag n\u00e4r e-v\u00e4tskan b\u00f6rjar ta slut?<\/strong><br \/>\nDen <strong>digital display<\/strong> visar e-v\u00e4tskeniv\u00e5er, vilket h\u00e5ller dig informerad hela tiden.<\/p>\n<p><strong>3. Hur laddar jag Bang King 35000?<\/strong><br \/>\nAnv\u00e4nd helt enkelt <strong>Typ-C laddningsport<\/strong> f\u00f6r en snabb och problemfri laddning.<\/p>\n<p><strong>4. Vad g\u00f6r denna Bang King 35k vape unik bland andra eng\u00e5ngs vape m\u00e4rken?<\/strong><br \/>\nDen <strong>design med dubbla smaker<\/strong>, <strong>anpassningsbart luftfl\u00f6de<\/strong>, och massiva <strong>35 000 bloss<\/strong> skiljer den \u00e5t, vilket g\u00f6r den till en av de <strong>mest popul\u00e4ra eng\u00e5ngs vape<\/strong>.<\/p>\n<p><strong>5. Kan jag justera luftfl\u00f6det efter mina \u00f6nskem\u00e5l?<\/strong><br \/>\nJa! Enheten erbjuder <strong>tre luftfl\u00f6desl\u00e4gen<\/strong> f\u00f6r att s\u00e4kerst\u00e4lla att du f\u00e5r det perfekta draget varje g\u00e5ng.<\/p>\n<p><strong>6. \u00c4r smakerna l\u00e4mpliga f\u00f6r l\u00e5ga nikotinpreferenser?<\/strong><br \/>\nAbsolut. Bang King 35K erbjuder <strong>anpassningsbara nikotinniv\u00e5er<\/strong> i 0%, 2% och 5%.<\/p>\n<div class=\"flex max-w-full flex-col flex-grow\">\n<div class=\"min-h-8 text-message flex w-full flex-col items-end gap-2 whitespace-normal break-words text-start [.text-message+&amp;]:mt-5\" dir=\"auto\" data-message-author-role=\"assistant\" data-message-id=\"4dc48248-df95-45bd-b800-6dedb43cf7f1\" data-message-model-slug=\"gpt-4o\">\n<div class=\"flex w-full flex-col gap-1 empty:hidden first:pt-[3px]\"><\/div>\n<\/div>\n<\/div>\n<\/div>\n<\/div>\n<\/div>\n<\/div>\n<div class=\"flex-shrink-0 flex flex-col relative items-end\">\n<div class=\"pt-0\">\n<div class=\"gizmo-bot-avatar flex h-8 w-8 items-center justify-center overflow-hidden rounded-full\">\n<div class=\"relative p-1 rounded-sm flex items-center justify-center bg-token-main-surface-primary text-token-text-primary h-8 w-8\">\n<div class=\"mb-2 flex gap-3 empty:hidden -ml-2\">\n<div role=\"article\" data-tabster=\"{&quot;groupper&quot;:{&quot;tabbability&quot;:2},&quot;focusable&quot;:{}}\" data-content=\"ai-message\" aria-labelledby=\"Vdt5ez4X7Tg813x6rFVha-author Vdt5ez4X7Tg813x6rFVha-content\">\n<div id=\"Vdt5ez4X7Tg813x6rFVha-content\">\n<div role=\"article\" data-tabster=\"{&quot;groupper&quot;:{&quot;tabbability&quot;:2},&quot;focusable&quot;:{}}\" data-content=\"ai-message\" aria-labelledby=\"o968oC7CEo2fGHsGdsRYC-author o968oC7CEo2fGHsGdsRYC-content\">\n<div id=\"o968oC7CEo2fGHsGdsRYC-content\">\n<h3>Varf\u00f6r v\u00e4lja vapestornado f\u00f6r Uwin Crystal 20000 Shisha Hookah Disposable Vape Wholesale?<\/h3>\n<div class=\"flex-shrink-0 flex flex-col relative items-end\">\n<div class=\"pt-0\">\n<div class=\"gizmo-bot-avatar flex h-8 w-8 items-center justify-center overflow-hidden rounded-full\">\n<div class=\"relative p-1 rounded-sm flex items-center justify-center bg-token-main-surface-primary text-token-text-primary h-8 w-8\">\n<p>I den v\u00e4xande konkurrensen inom eng\u00e5ngs vape-industrin \u00e4r vapestornado en ledande global plattform f\u00f6r grossistl\u00f6sningar f\u00f6r e-cigaretter och har introducerat den banbrytande Bang King 35K Puffs eng\u00e5ngs vape. Med sin i\u00f6gonfallande kristalldesign och multifunktionella funktioner inneh\u00e5ller denna innovativa produkt en blandning av stil och funktionalitet. Den erbjuder ett brett urval av fruktiga smaker och syftar till att tillfredsst\u00e4lla olika smaker f\u00f6r vejpare.<\/p>\n<p>vapestornado \u00e4r din p\u00e5litliga online vape-butik f\u00f6r h\u00f6gkvalitativa eng\u00e5ngs vapes. Vi erbjuder dig heta eng\u00e5ngs vape-m\u00e4rken som Waspe Vape och WGA Vape, Fumot RandM Vape, Vozol Vape, Bang Vape, etc.<\/p>\n<p>V\u00e5rt sortiment inkluderar de mest popul\u00e4ra eng\u00e5ngsvapes som <a href=\"https:\/\/vapestornado.com\/sv\/product\/randm-tornado-30000-puffs-music-rechargeable-disposable-vape-pen-wholesale\/\">Randm Tornado 30000<\/a>, och smakrika val som <a href=\"https:\/\/vapestornado.com\/sv\/product\/uwin-crystal-20000-shisha-hookah-20k-puffs-disposable-vape-factory-cheap-price\/\"> Uwin Crystal 20000 Puffar<\/a> . Varje produkt \u00e4r utvald med fokus p\u00e5 kvalitet, v\u00e4rde och variation, vilket s\u00e4kerst\u00e4ller att du hittar den perfekta matchningen f\u00f6r dina behov. Uppt\u00e4ck exceptionell service och ett brett utbud av toppprodukter till grossistpris hos vapestornado.<\/p>\n<\/div>\n<p>&nbsp;<\/p>\n<p><strong>Andra heta eng\u00e5ngsvapes<\/strong><\/p>\n<p><a href=\"https:\/\/vapestornado.com\/sv\/product\/fumot-randm-tornado-25000-puffs-touch-disposable-vape-wholesale-online\/\">Fumot 25000 Puffar <span style=\"color: #ff0000;\"><strong>&gt;&gt;&gt;&gt; K\u00f6r!<\/strong><\/span><\/a><\/p>\n<p><a href=\"https:\/\/vapestornado.com\/sv\/product\/bang-36000-smart-disposable-vape-wholesale-shop-online\/\">Bang 36000 Puffar<span style=\"color: #ff0000;\"><strong>&gt;&gt;&gt;&gt; K\u00f6r!<\/strong><\/span><\/a><\/p>\n<p><a href=\"https:\/\/vapestornado.com\/sv\/product\/randm-tornado-9000-puffs-rechargeable-disposable-vape-wholesale-online\/\">RandM Tornado 9000 <span style=\"color: #ff0000;\"><strong>&gt;&gt;&gt;&gt; K\u00f6r!<\/strong><\/span><\/a><\/p>\n<\/div>\n<\/div>\n<\/div>\n<p>&nbsp;<\/p>\n<\/div>\n<\/div>\n<\/div>\n<\/div>\n<\/div>\n<\/div>\n<\/div>\n<\/div>\n<\/div>","protected":false},"excerpt":{"rendered":"<p>Bang King 35000 Puffar Smart Sk\u00e4rm Grossist Eng\u00e5ngs<br \/>\nBang King 35000 Puffar Eng\u00e5ngs Vape K\u00f6p i Bulk<br \/>\nBang King Tornado 35000 35K Puffar Eng\u00e5ngs Vape Penna<\/p>\n<p><strong>L\u00e4gg till Amys whatsapp f\u00f6r snabbt svar och vape-kupong!<\/strong><\/p>\n<p><img fetchpriority=\"high\" decoding=\"async\" class=\"size-full wp-image-2932\" src=\"https:\/\/vapestornado.com\/wp-content\/uploads\/2024\/12\/Vape-Wholesale.jpg\" alt=\"Vape Partihandel\" width=\"229\" height=\"300\" \/><\/p>\n<h3><a href=\"https:\/\/wa.me\/8617776015835\"><span style=\"color: #ff0000;\"><strong>WhatsApp: +86 17776015835<\/strong><\/span><\/a><\/h3>\n<p>&nbsp;<\/p>","protected":false},"featured_media":3731,"comment_status":"open","ping_status":"closed","template":"","meta":{"_acf_changed":false,"_uag_custom_page_level_css":"","_lmt_disableupdate":"no","_lmt_disable":"","_monsterinsights_skip_tracking":false,"_monsterinsights_sitenote_active":false,"_monsterinsights_sitenote_note":"","_monsterinsights_sitenote_category":0,"site-sidebar-layout":"default","site-content-layout":"","ast-site-content-layout":"default","site-content-style":"default","site-sidebar-style":"default","ast-global-header-display":"","ast-banner-title-visibility":"","ast-main-header-display":"","ast-hfb-above-header-display":"","ast-hfb-below-header-display":"","ast-hfb-mobile-header-display":"","site-post-title":"","ast-breadcrumbs-content":"","ast-featured-img":"","footer-sml-layout":"","ast-disable-related-posts":"","theme-transparent-header-meta":"default","adv-header-id-meta":"","stick-header-meta":"","header-above-stick-meta":"","header-main-stick-meta":"","header-below-stick-meta":"","astra-migrate-meta-layouts":"set","ast-page-background-enabled":"default","ast-page-background-meta":{"desktop":{"background-color":"","background-image":"","background-repeat":"repeat","background-position":"center center","background-size":"auto","background-attachment":"scroll","background-type":"","background-media":"","overlay-type":"","overlay-color":"","overlay-opacity":"","overlay-gradient":""},"tablet":{"background-color":"","background-image":"","background-repeat":"repeat","background-position":"center center","background-size":"auto","background-attachment":"scroll","background-type":"","background-media":"","overlay-type":"","overlay-color":"","overlay-opacity":"","overlay-gradient":""},"mobile":{"background-color":"","background-image":"","background-repeat":"repeat","background-position":"center center","background-size":"auto","background-attachment":"scroll","background-type":"","background-media":"","overlay-type":"","overlay-color":"","overlay-opacity":"","overlay-gradient":""}},"ast-content-background-meta":{"desktop":{"background-color":"var(--ast-global-color-5)","background-image":"","background-repeat":"repeat","background-position":"center center","background-size":"auto","background-attachment":"scroll","background-type":"","background-media":"","overlay-type":"","overlay-color":"","overlay-opacity":"","overlay-gradient":""},"tablet":{"background-color":"var(--ast-global-color-5)","background-image":"","background-repeat":"repeat","background-position":"center center","background-size":"auto","background-attachment":"scroll","background-type":"","background-media":"","overlay-type":"","overlay-color":"","overlay-opacity":"","overlay-gradient":""},"mobile":{"background-color":"var(--ast-global-color-5)","background-image":"","background-repeat":"repeat","background-position":"center center","background-size":"auto","background-attachment":"scroll","background-type":"","background-media":"","overlay-type":"","overlay-color":"","overlay-opacity":"","overlay-gradient":""}},"_joinchat":{"telephone":"+8617776015835"}},"product_brand":[],"product_cat":[175,63,153,155,159,143,146],"product_tag":[196,234,165,198,97,166,94],"class_list":{"0":"post-3726","1":"product","2":"type-product","3":"status-publish","4":"has-post-thumbnail","6":"product_cat-35000-puff","7":"product_cat-bangking","8":"product_cat-buy-disposable-vapes-in-italy","9":"product_cat-buy-disposable-vapes-in-norway","10":"product_cat-buy-disposable-vapes-in-sweden","11":"product_cat-dual-mesh-disposable-vapes","12":"product_cat-rechargeable-disposable-vapes","13":"product_tag-bang-vape","14":"product_tag-bangking-35000","15":"product_tag-cheap-vapes","16":"product_tag-double-flavor-disposable-vape","17":"product_tag-hot-sale-disposable-vape","18":"product_tag-low-nicotine-vape","19":"product_tag-rechargeable-disposable-vape","20":"desktop-align-left","21":"tablet-align-left","22":"mobile-align-left","24":"first","25":"instock","26":"sale","27":"shipping-taxable","28":"purchasable","29":"product-type-simple"},"acf":[],"uagb_featured_image_src":{"full":["https:\/\/vapestornado.com\/wp-content\/uploads\/2025\/01\/Bang-Vape-Bangking-36k-Disposable-Vape-Bulk-Price.webp",800,800,false],"thumbnail":["https:\/\/vapestornado.com\/wp-content\/uploads\/2025\/01\/Bang-Vape-Bangking-36k-Disposable-Vape-Bulk-Price-150x150.webp",150,150,true],"medium":["https:\/\/vapestornado.com\/wp-content\/uploads\/2025\/01\/Bang-Vape-Bangking-36k-Disposable-Vape-Bulk-Price-300x300.webp",300,300,true],"medium_large":["https:\/\/vapestornado.com\/wp-content\/uploads\/2025\/01\/Bang-Vape-Bangking-36k-Disposable-Vape-Bulk-Price-768x768.webp",768,768,true],"large":["https:\/\/vapestornado.com\/wp-content\/uploads\/2025\/01\/Bang-Vape-Bangking-36k-Disposable-Vape-Bulk-Price.webp",800,800,false],"1536x1536":["https:\/\/vapestornado.com\/wp-content\/uploads\/2025\/01\/Bang-Vape-Bangking-36k-Disposable-Vape-Bulk-Price.webp",800,800,false],"2048x2048":["https:\/\/vapestornado.com\/wp-content\/uploads\/2025\/01\/Bang-Vape-Bangking-36k-Disposable-Vape-Bulk-Price.webp",800,800,false],"trp-custom-language-flag":["https:\/\/vapestornado.com\/wp-content\/uploads\/2025\/01\/Bang-Vape-Bangking-36k-Disposable-Vape-Bulk-Price.webp",12,12,false],"woocommerce_thumbnail":["https:\/\/vapestornado.com\/wp-content\/uploads\/2025\/01\/Bang-Vape-Bangking-36k-Disposable-Vape-Bulk-Price-300x300.webp",300,300,true],"woocommerce_single":["https:\/\/vapestornado.com\/wp-content\/uploads\/2025\/01\/Bang-Vape-Bangking-36k-Disposable-Vape-Bulk-Price-600x600.webp",600,600,true],"woocommerce_gallery_thumbnail":["https:\/\/vapestornado.com\/wp-content\/uploads\/2025\/01\/Bang-Vape-Bangking-36k-Disposable-Vape-Bulk-Price-100x100.webp",100,100,true]},"uagb_author_info":{"display_name":"ESAMY","author_link":"https:\/\/vapestornado.com\/sv\/author\/"},"uagb_comment_info":0,"uagb_excerpt":"Bang King 35000 Puffs Smart Screen Wholesale Disposable Bang King 35000 Puffs Disposable Vape Bulk Buy Bang King Tornado 35000 35K Puffs Disposable Vape Pen Add Amy's whatsapp get right reply and vape coupon! WhatsApp: +86 17776015835 &nbsp;","_links":{"self":[{"href":"https:\/\/vapestornado.com\/sv\/wp-json\/wp\/v2\/product\/3726","targetHints":{"allow":["GET"]}}],"collection":[{"href":"https:\/\/vapestornado.com\/sv\/wp-json\/wp\/v2\/product"}],"about":[{"href":"https:\/\/vapestornado.com\/sv\/wp-json\/wp\/v2\/types\/product"}],"replies":[{"embeddable":true,"href":"https:\/\/vapestornado.com\/sv\/wp-json\/wp\/v2\/comments?post=3726"}],"wp:featuredmedia":[{"embeddable":true,"href":"https:\/\/vapestornado.com\/sv\/wp-json\/wp\/v2\/media\/3731"}],"wp:attachment":[{"href":"https:\/\/vapestornado.com\/sv\/wp-json\/wp\/v2\/media?parent=3726"}],"wp:term":[{"taxonomy":"product_brand","embeddable":true,"href":"https:\/\/vapestornado.com\/sv\/wp-json\/wp\/v2\/product_brand?post=3726"},{"taxonomy":"product_cat","embeddable":true,"href":"https:\/\/vapestornado.com\/sv\/wp-json\/wp\/v2\/product_cat?post=3726"},{"taxonomy":"product_tag","embeddable":true,"href":"https:\/\/vapestornado.com\/sv\/wp-json\/wp\/v2\/product_tag?post=3726"}],"curies":[{"name":"wp","href":"https:\/\/api.w.org\/{rel}","templated":true}]}}