{"id":3700,"date":"2025-01-07T09:47:56","date_gmt":"2025-01-07T09:47:56","guid":{"rendered":"https:\/\/vapestornado.com\/?post_type=product&#038;p=3700"},"modified":"2025-08-23T09:34:23","modified_gmt":"2025-08-23T09:34:23","slug":"wholesale-price-bang-king-35000-puffs-tornado-vape","status":"publish","type":"product","link":"https:\/\/vapestornado.com\/sv\/product\/wholesale-price-bang-king-35000-puffs-tornado-vape\/","title":{"rendered":"Grossistpris Bang King 35000 Puffar Tornado Vape"},"content":{"rendered":"<h1>Grossistpris Bang King 35000 Puffar Tornado Vape<\/h1>\n<p>&nbsp;<\/p>\n<div role=\"article\" data-tabster=\"{&quot;groupper&quot;:{&quot;tabbability&quot;:2},&quot;focusable&quot;:{}}\" data-content=\"ai-message\" aria-labelledby=\"64JRvXrTnY7mRmPkEQLLT-author 64JRvXrTnY7mRmPkEQLLT-content\">\n<div id=\"64JRvXrTnY7mRmPkEQLLT-content\">\n<p data-start=\"302\" data-end=\"548\">Den <strong data-start=\"306\" data-end=\"347\">Bang King 35000 Puffs Eng\u00e5ngs Vape<\/strong> levererar kapacitet, prestanda och j\u00e4mn smak i en enhet. Med upp till <strong data-start=\"424\" data-end=\"440\">35 000 bloss<\/strong> och en <strong data-start=\"447\" data-end=\"480\">23 ml f\u00f6rfylld e-v\u00e4tskebeh\u00e5llare<\/strong>ger den l\u00e5ngvarig anv\u00e4ndning samtidigt som den bibeh\u00e5ller en konsekvent smak.<\/p>\n<p data-start=\"550\" data-end=\"829\">Utrustad med en <strong data-start=\"566\" data-end=\"584\">0,6\u03a9 mesh-spole<\/strong>s\u00e4kerst\u00e4ller Bang King 35K rik \u00e5nga och ett j\u00e4mnt luftfl\u00f6de. En <strong data-start=\"645\" data-end=\"677\">1000mAh uppladdningsbara batteri<\/strong> med <strong data-start=\"683\" data-end=\"707\">Typ-C snabbladdning<\/strong> st\u00f6der oavbrutna sessioner, medan <strong data-start=\"747\" data-end=\"775\">anti-torrbr\u00e4nningsskydd<\/strong> f\u00f6rhindrar torra bloss f\u00f6r en p\u00e5litlig vapingupplevelse.<\/p>\n<p data-start=\"831\" data-end=\"1092\">Tillg\u00e4nglig i <strong data-start=\"844\" data-end=\"885\">0%, 2%, 3% och 5% nikotinstyrka<\/strong>passar den b\u00e5de l\u00e4tta och tunga anv\u00e4ndare. F\u00f6rpackad <strong data-start=\"933\" data-end=\"972\">10 st per l\u00e5da och 200 st per kartong<\/strong>\u00e4r Bang King 35000 idealisk f\u00f6r grossistdistribution och bulkink\u00f6pare som s\u00f6ker en efterfr\u00e5gad <strong data-start=\"1068\" data-end=\"1089\">35 000 Puffar Vape<\/strong><\/p>\n<p>Handla nu p\u00e5 <strong>Vapebulkp.com<\/strong> f\u00f6r att uppleva den o\u00f6vertr\u00e4ffade prestandan och kvaliteten hos Bang King 35 000 Puffs.<\/p>\n<\/div>\n<\/div>\n<p><img fetchpriority=\"high\" decoding=\"async\" class=\"alignleft wp-image-2951 size-medium\" src=\"https:\/\/vapestornado.com\/wp-content\/uploads\/2024\/12\/Wholesale-Disposable-Vape-265x300.jpg\" alt=\"Grossist Eng\u00e5ngs Vape\" width=\"265\" height=\"300\" srcset=\"https:\/\/vapestornado.com\/wp-content\/uploads\/2024\/12\/Wholesale-Disposable-Vape-265x300.jpg 265w, https:\/\/vapestornado.com\/wp-content\/uploads\/2024\/12\/Wholesale-Disposable-Vape-768x871.jpg 768w, https:\/\/vapestornado.com\/wp-content\/uploads\/2024\/12\/Wholesale-Disposable-Vape-600x680.jpg 600w, https:\/\/vapestornado.com\/wp-content\/uploads\/2024\/12\/Wholesale-Disposable-Vape.jpg 823w\" sizes=\"(max-width: 265px) 100vw, 265px\" \/><\/p>\n<h5>V\u00e4nligen kontakta Mandys WhatsApp f\u00f6r rabatterat pris<a href=\"https:\/\/wa.me\/8618077105796\" target=\"_blank\" rel=\"noopener\">+8618077105796<\/a><\/h5>\n<div class=\"flex max-w-full flex-col flex-grow\">\n<div class=\"min-h-8 text-message flex w-full flex-col items-end gap-2 whitespace-normal break-words text-start [.text-message+&amp;]:mt-5\" dir=\"auto\" data-message-author-role=\"assistant\" data-message-id=\"cdb991c0-f594-4bff-b2d5-fbbdd7ce9e54\" data-message-model-slug=\"gpt-4o-mini\">\n<div class=\"flex w-full flex-col gap-1 empty:hidden first:pt-[3px]\">\n<div class=\"markdown prose w-full break-words dark:prose-invert light\"><\/div>\n<\/div>\n<\/div>\n<\/div>\n<div class=\"mb-2 flex gap-3 empty:hidden -ml-2\">\n<h2 class=\"sr-proMainInfo-baseInfoH1 J-baseInfo-name\">Grossist Smart Vape Bang King 35k Puffar Viktiga funktioner:<\/h2>\n<ul>\n<li><strong>O\u00f6vertr\u00e4ffad puffkapacitet<\/strong>: Njut av <strong>35 000 bloss<\/strong>, perfekt f\u00f6r l\u00e5ngvarig anv\u00e4ndning utan frekventa byten.<\/li>\n<li><strong>Gener\u00f6s E-v\u00e4tskevolym<\/strong>: F\u00f6rfylld med <strong>23 ml premium vape juice<\/strong> f\u00f6r konsekvent smak.<\/li>\n<li><strong>Laddningsbart batteri<\/strong>: Drivs av ett <strong>1000mAh batteri<\/strong> med <strong>Typ-C snabbladdning<\/strong>.<\/li>\n<li><strong>Mesh Coil-teknik<\/strong>: Avancerad <strong>0,6\u03a9 mesh-spole<\/strong> s\u00e4kerst\u00e4ller rik, mjuk och t\u00e4t \u00e5nga.<\/li>\n<li><strong>Anpassningsbara nikotinstyrkor<\/strong>: Finns i <strong>0%, 2%, 3% och 5% nikotinsalt<\/strong> f\u00f6r att passa alla preferenser.<\/li>\n<li><strong>Skydd mot torrbr\u00e4nning<\/strong>: F\u00f6rhindrar \u00f6verhettning och torra bloss f\u00f6r en s\u00e4krare och smidigare vapingupplevelse.<\/li>\n<li><strong>Grossistf\u00f6rpackning<\/strong>: Bekv\u00e4mt f\u00f6rpackad som <strong>10 st per l\u00e5da och 200 st per kartong<\/strong>, idealisk f\u00f6r personliga k\u00f6pare och bulk-k\u00f6pare.<\/li>\n<\/ul>\n<\/div>\n<h2 class=\"sr-proMainInfo-baseInfoH1 J-baseInfo-name\">BANGKING 35000PUFF \u00c5NGA Smak:<\/h2>\n<p>1. Jordgubbsmango<br \/>\n2. Love66<br \/>\n3. bl\u00e5 hallon is<br \/>\n4. jordgubbsvattenmelon<br \/>\n5. citronmynta<br \/>\n6. dubbel \u00e4pple<br \/>\n7. energidryck<br \/>\n8. persika is<br \/>\n9. jordgubbskiwi<br \/>\n10. druva is<br \/>\n11. bl\u00e5b\u00e4rs is<br \/>\n12. vattenmelon<\/p>\n<div role=\"article\" data-tabster=\"{&quot;groupper&quot;:{&quot;tabbability&quot;:2},&quot;focusable&quot;:{}}\" data-content=\"ai-message\" aria-labelledby=\"dARUyEWDoEYhnSPXFwx5A-author dARUyEWDoEYhnSPXFwx5A-content\">\n<div id=\"dARUyEWDoEYhnSPXFwx5A-content\">\n<h2><strong>Varf\u00f6r k\u00f6pa Bang King 35000puff Vapes fr\u00e5n vapestornado?<\/strong><\/h2>\n<ul>\n<li><strong>P\u00e5litlig kvalitet<\/strong>: vapestornado \u00e4r en ledande distribut\u00f6r av <strong>premium eng\u00e5ngs vapes<\/strong>, vilket s\u00e4kerst\u00e4ller att du f\u00e5r autentiska produkter av h\u00f6g kvalitet.<\/li>\n<li><strong>Konkurrenskraftig Priss\u00e4ttning<\/strong>: F\u00e5 de b\u00e4sta grossistpriserna och bulkpriserna f\u00f6r Bang King 35 000 Puff.<\/li>\n<li><strong>Snabb leverans<\/strong>: Vi levererar snabbt \u00f6ver hela Europa och ser till att dina produkter kommer fram i tid.<\/li>\n<li><strong>Exceptionell kundsupport<\/strong>: V\u00e5rt team finns tillg\u00e4ngligt f\u00f6r att hj\u00e4lpa till med fr\u00e5gor och s\u00e4kerst\u00e4lla en smidig k\u00f6pupplevelse.<\/li>\n<li><strong>Omfattande urval<\/strong>: Utforska ett brett utbud av <strong>high-end eng\u00e5ngs e-cigaretter<\/strong> f\u00f6r att passa alla vapingpreferenser.<\/li>\n<\/ul>\n<\/div>\n<\/div>\n<h2>Vanliga fr\u00e5gor om l\u00e5ngvariga eng\u00e5ngs e-cigaretter Bang Vape 35000 Puff<\/h2>\n<h4><strong>1. Hur l\u00e4nge r\u00e4cker Bang Vape King 35000 Puffs?<\/strong><\/h4>\n<p>Bang King \u00e4r designad f\u00f6r att ge upp till <strong>35 000 bloss<\/strong>, vilket g\u00f6r den till en av de mest h\u00e5llbara eng\u00e5ngs vapes p\u00e5 marknaden. Anv\u00e4ndningstiden beror p\u00e5 din vapingfrekvens och puffl\u00e4ngd.<\/p>\n<h4><strong>2. Kan jag ladda Hot Sale Vape Bang King 35000 Puffs?<\/strong><\/h4>\n<p>Ja, den h\u00e4r enheten har en <strong>Typ-C laddningsport<\/strong> och en <strong>1000mAh uppladdningsbara batteri<\/strong>, vilket s\u00e4kerst\u00e4ller att du kan njuta av alla 35 000 bloss utan avbrott.<\/p>\n<h4><strong>3. Vad skiljer Bang 35000 puffvape fr\u00e5n andra eng\u00e5ngsvapes?<\/strong><\/h4>\n<p>Dess kombination av <strong>35 000 puffkapacitet<\/strong>, <strong>23 ml e-v\u00e4tskevolym<\/strong>, <strong>mesh coil-teknologi<\/strong>, och <strong>anti-torrbr\u00e4nningsskydd<\/strong> g\u00f6r den till en f\u00f6rstklassig eng\u00e5ngs e-cigarett.<\/p>","protected":false},"excerpt":{"rendered":"<p>Utforska grossistpriser f\u00f6r Bang King 35000 Puffs Tornado Vape p\u00e5 Vapebulkp.com. Med 35 000 bloss, 23 ml e-v\u00e4tska, 1000 mAh batteri, Type-C laddning och anti-torrbr\u00e4nningsteknik. Perfekt f\u00f6r bulkbest\u00e4llningar med anpassningsbara nikotinalternativ (0%, 2%, 3%, 5%). Handla premium eng\u00e5ngsvapes idag!<\/p>\n<figure id=\"attachment_2951\" aria-describedby=\"caption-attachment-2951\" style=\"width: 265px\" class=\"wp-caption alignnone\"><img decoding=\"async\" class=\"size-medium wp-image-2951\" src=\"https:\/\/vapestornado.com\/wp-content\/uploads\/2024\/12\/Wholesale-Disposable-Vape-265x300.jpg\" alt=\"Grossist Eng\u00e5ngs Vape\" width=\"265\" height=\"300\" srcset=\"https:\/\/vapestornado.com\/wp-content\/uploads\/2024\/12\/Wholesale-Disposable-Vape-265x300.jpg 265w, https:\/\/vapestornado.com\/wp-content\/uploads\/2024\/12\/Wholesale-Disposable-Vape-768x871.jpg 768w, https:\/\/vapestornado.com\/wp-content\/uploads\/2024\/12\/Wholesale-Disposable-Vape-600x680.jpg 600w, https:\/\/vapestornado.com\/wp-content\/uploads\/2024\/12\/Wholesale-Disposable-Vape.jpg 823w\" sizes=\"(max-width: 265px) 100vw, 265px\" \/><figcaption id=\"caption-attachment-2951\" class=\"wp-caption-text\">V\u00e4nligen kontakta Mandys WhatsApp f\u00f6r rabatterat pris\u00a0 <a href=\"https:\/\/wa.me\/8618077105796\">+8618077105796<\/a><\/figcaption><\/figure>\n<p>&nbsp;<\/p>","protected":false},"featured_media":3702,"comment_status":"open","ping_status":"closed","template":"","meta":{"_acf_changed":false,"_uag_custom_page_level_css":"","_lmt_disableupdate":"no","_lmt_disable":"","_monsterinsights_skip_tracking":false,"_monsterinsights_sitenote_active":false,"_monsterinsights_sitenote_note":"","_monsterinsights_sitenote_category":0,"site-sidebar-layout":"default","site-content-layout":"","ast-site-content-layout":"default","site-content-style":"default","site-sidebar-style":"default","ast-global-header-display":"","ast-banner-title-visibility":"","ast-main-header-display":"","ast-hfb-above-header-display":"","ast-hfb-below-header-display":"","ast-hfb-mobile-header-display":"","site-post-title":"","ast-breadcrumbs-content":"","ast-featured-img":"","footer-sml-layout":"","ast-disable-related-posts":"","theme-transparent-header-meta":"default","adv-header-id-meta":"","stick-header-meta":"","header-above-stick-meta":"","header-main-stick-meta":"","header-below-stick-meta":"","astra-migrate-meta-layouts":"set","ast-page-background-enabled":"default","ast-page-background-meta":{"desktop":{"background-color":"","background-image":"","background-repeat":"repeat","background-position":"center center","background-size":"auto","background-attachment":"scroll","background-type":"","background-media":"","overlay-type":"","overlay-color":"","overlay-opacity":"","overlay-gradient":""},"tablet":{"background-color":"","background-image":"","background-repeat":"repeat","background-position":"center center","background-size":"auto","background-attachment":"scroll","background-type":"","background-media":"","overlay-type":"","overlay-color":"","overlay-opacity":"","overlay-gradient":""},"mobile":{"background-color":"","background-image":"","background-repeat":"repeat","background-position":"center center","background-size":"auto","background-attachment":"scroll","background-type":"","background-media":"","overlay-type":"","overlay-color":"","overlay-opacity":"","overlay-gradient":""}},"ast-content-background-meta":{"desktop":{"background-color":"var(--ast-global-color-5)","background-image":"","background-repeat":"repeat","background-position":"center center","background-size":"auto","background-attachment":"scroll","background-type":"","background-media":"","overlay-type":"","overlay-color":"","overlay-opacity":"","overlay-gradient":""},"tablet":{"background-color":"var(--ast-global-color-5)","background-image":"","background-repeat":"repeat","background-position":"center center","background-size":"auto","background-attachment":"scroll","background-type":"","background-media":"","overlay-type":"","overlay-color":"","overlay-opacity":"","overlay-gradient":""},"mobile":{"background-color":"var(--ast-global-color-5)","background-image":"","background-repeat":"repeat","background-position":"center center","background-size":"auto","background-attachment":"scroll","background-type":"","background-media":"","overlay-type":"","overlay-color":"","overlay-opacity":"","overlay-gradient":""}},"_joinchat":{"telephone":"+8618077105796"}},"product_brand":[],"product_cat":[175,63,140,158,159],"product_tag":[223,97,98],"class_list":{"0":"post-3700","1":"product","2":"type-product","3":"status-publish","4":"has-post-thumbnail","6":"product_cat-35000-puff","7":"product_cat-bangking","8":"product_cat-big-puffs-disposable-vapes","9":"product_cat-buy-disposable-vapes-in-spain","10":"product_cat-buy-disposable-vapes-in-sweden","11":"product_tag-bang-king-vape-35000","12":"product_tag-hot-sale-disposable-vape","13":"product_tag-wholesale-price-disposable-vape","14":"desktop-align-left","15":"tablet-align-left","16":"mobile-align-left","18":"first","19":"instock","20":"sale","21":"shipping-taxable","22":"purchasable","23":"product-type-simple"},"acf":[],"uagb_featured_image_src":{"full":["https:\/\/vapestornado.com\/wp-content\/uploads\/2025\/01\/Bang-Vape-35000-Puffs-Disposable-Vape-Hot-Sale-In-Germany.webp",800,800,false],"thumbnail":["https:\/\/vapestornado.com\/wp-content\/uploads\/2025\/01\/Bang-Vape-35000-Puffs-Disposable-Vape-Hot-Sale-In-Germany-150x150.webp",150,150,true],"medium":["https:\/\/vapestornado.com\/wp-content\/uploads\/2025\/01\/Bang-Vape-35000-Puffs-Disposable-Vape-Hot-Sale-In-Germany-300x300.webp",300,300,true],"medium_large":["https:\/\/vapestornado.com\/wp-content\/uploads\/2025\/01\/Bang-Vape-35000-Puffs-Disposable-Vape-Hot-Sale-In-Germany-768x768.webp",768,768,true],"large":["https:\/\/vapestornado.com\/wp-content\/uploads\/2025\/01\/Bang-Vape-35000-Puffs-Disposable-Vape-Hot-Sale-In-Germany.webp",800,800,false],"1536x1536":["https:\/\/vapestornado.com\/wp-content\/uploads\/2025\/01\/Bang-Vape-35000-Puffs-Disposable-Vape-Hot-Sale-In-Germany.webp",800,800,false],"2048x2048":["https:\/\/vapestornado.com\/wp-content\/uploads\/2025\/01\/Bang-Vape-35000-Puffs-Disposable-Vape-Hot-Sale-In-Germany.webp",800,800,false],"trp-custom-language-flag":["https:\/\/vapestornado.com\/wp-content\/uploads\/2025\/01\/Bang-Vape-35000-Puffs-Disposable-Vape-Hot-Sale-In-Germany.webp",12,12,false],"woocommerce_thumbnail":["https:\/\/vapestornado.com\/wp-content\/uploads\/2025\/01\/Bang-Vape-35000-Puffs-Disposable-Vape-Hot-Sale-In-Germany-300x300.webp",300,300,true],"woocommerce_single":["https:\/\/vapestornado.com\/wp-content\/uploads\/2025\/01\/Bang-Vape-35000-Puffs-Disposable-Vape-Hot-Sale-In-Germany-600x600.webp",600,600,true],"woocommerce_gallery_thumbnail":["https:\/\/vapestornado.com\/wp-content\/uploads\/2025\/01\/Bang-Vape-35000-Puffs-Disposable-Vape-Hot-Sale-In-Germany-100x100.webp",100,100,true]},"uagb_author_info":{"display_name":"ESMANDY","author_link":"https:\/\/vapestornado.com\/sv\/author\/"},"uagb_comment_info":0,"uagb_excerpt":"Explore wholesale prices for Bang King 35000 Puffs Tornado Vape at Vapebulkp.com. Featuring 35,000 puffs, 23ml e-liquid, 1000mAh battery, Type-C charging, and anti-dry burn technology. Ideal for bulk orders with customizable nicotine options (0%, 2%, 3%, 5%). Shop premium disposable vapes today! [caption id=\"attachment_2951\" align=\"alignnone\" width=\"265\"] Pls Contact Mandy's WhatsApp For Discount Price\u00a0 +8618077105796[\/caption] &nbsp;","_links":{"self":[{"href":"https:\/\/vapestornado.com\/sv\/wp-json\/wp\/v2\/product\/3700","targetHints":{"allow":["GET"]}}],"collection":[{"href":"https:\/\/vapestornado.com\/sv\/wp-json\/wp\/v2\/product"}],"about":[{"href":"https:\/\/vapestornado.com\/sv\/wp-json\/wp\/v2\/types\/product"}],"replies":[{"embeddable":true,"href":"https:\/\/vapestornado.com\/sv\/wp-json\/wp\/v2\/comments?post=3700"}],"wp:featuredmedia":[{"embeddable":true,"href":"https:\/\/vapestornado.com\/sv\/wp-json\/wp\/v2\/media\/3702"}],"wp:attachment":[{"href":"https:\/\/vapestornado.com\/sv\/wp-json\/wp\/v2\/media?parent=3700"}],"wp:term":[{"taxonomy":"product_brand","embeddable":true,"href":"https:\/\/vapestornado.com\/sv\/wp-json\/wp\/v2\/product_brand?post=3700"},{"taxonomy":"product_cat","embeddable":true,"href":"https:\/\/vapestornado.com\/sv\/wp-json\/wp\/v2\/product_cat?post=3700"},{"taxonomy":"product_tag","embeddable":true,"href":"https:\/\/vapestornado.com\/sv\/wp-json\/wp\/v2\/product_tag?post=3700"}],"curies":[{"name":"wp","href":"https:\/\/api.w.org\/{rel}","templated":true}]}}