{"id":3661,"date":"2025-01-03T08:52:12","date_gmt":"2025-01-03T08:52:12","guid":{"rendered":"https:\/\/vapestornado.com\/?post_type=product&#038;p=3661"},"modified":"2025-08-23T09:37:36","modified_gmt":"2025-08-23T09:37:36","slug":"cheap-price-razz-bar-25000-puffs-wholesale-vape","status":"publish","type":"product","link":"https:\/\/vapestornado.com\/sv\/product\/cheap-price-razz-bar-25000-puffs-wholesale-vape\/","title":{"rendered":"Billigt Pris RAZZ BAR 25000 Bloss Grossist Vape"},"content":{"rendered":"<h1>Billigt Pris RAZZ BAR 25000 Bloss Grossist Vape<\/h1>\n<div role=\"article\" data-tabster=\"{&quot;groupper&quot;:{&quot;tabbability&quot;:2},&quot;focusable&quot;:{}}\" data-content=\"ai-message\" aria-labelledby=\"64JRvXrTnY7mRmPkEQLLT-author 64JRvXrTnY7mRmPkEQLLT-content\">\n<div id=\"64JRvXrTnY7mRmPkEQLLT-content\">\n<div role=\"article\" data-tabster=\"{&quot;groupper&quot;:{&quot;tabbability&quot;:2},&quot;focusable&quot;:{}}\" data-content=\"ai-message\" aria-labelledby=\"64JRvXrTnY7mRmPkEQLLT-author 64JRvXrTnY7mRmPkEQLLT-content\">\n<div id=\"64JRvXrTnY7mRmPkEQLLT-content\">\n<p>Den <strong>RAZZ BAR 25000 Puffs eng\u00e5ngsvape<\/strong> \u00e4r en banbrytare f\u00f6r b\u00e5de vapingentusiaster och grossister. Designad med innovation i sin k\u00e4rna, erbjuder denna h\u00f6gkapacitetsenhet en s\u00f6ml\u00f6s kombination av kvalitet, stil och prisv\u00e4rdhet. Med ett imponerande <strong>25 000 puffantal<\/strong>garanterar den ut\u00f6kad njutning, vilket g\u00f6r den perfekt f\u00f6r dem som s\u00f6ker l\u00e5ngsiktigt v\u00e4rde.<\/p>\n<p>Varje enhet har ett <strong>650mAh uppladdningsbart batteri<\/strong>kompletterat med snabb och p\u00e5litlig <strong>Type-C laddningsteknik<\/strong>vilket s\u00e4kerst\u00e4ller att du h\u00e5ller dig laddad vart du \u00e4n g\u00e5r. Dess <strong>mesh coil-teknologi<\/strong> f\u00f6rst\u00e4rker varje smak och levererar mjuka, t\u00e4ta moln som f\u00f6rb\u00e4ttrar din vapingtillfredsst\u00e4llelse.<\/p>\n<p>Tillg\u00e4nglig i <strong>16 oemotst\u00e5ndliga smaker<\/strong> och infunderad med <strong>2% eller 5% saltnikotin<\/strong>tillgodoser RAZZ BAR olika smakpreferenser. Dess l\u00e4tta och b\u00e4rbara design g\u00f6r den idealisk f\u00f6r b\u00e5de tillf\u00e4lliga anv\u00e4ndare och engagerade vapers.<\/p>\n<p>F\u00f6r f\u00f6retag \u00e4r RAZZ BAR en grossistdr\u00f6m, f\u00f6rpackad i <strong>200 stycken per kartong<\/strong> f\u00f6r effektiv bulkdistribution. Med sitt konkurrenskraftiga pris och premiumfunktioner \u00e4r denna produkt ett m\u00e5ste f\u00f6r att ut\u00f6ka ditt lager.<\/p>\n<p>Lyft ditt vaping-spel eller fyll dina hyllor med <strong>RAZZ BAR 25000 bloss<\/strong>den perfekta balansen mellan prestanda och prisv\u00e4rdhet. Missa inte m\u00f6jligheten att erbjuda en produkt som omdefinierar marknaden f\u00f6r eng\u00e5ngsvape!<\/p>\n<\/div>\n<\/div>\n<figure id=\"attachment_3686\" aria-describedby=\"caption-attachment-3686\" style=\"width: 531px\" class=\"wp-caption alignnone\"><img fetchpriority=\"high\" decoding=\"async\" class=\"wp-image-3686\" src=\"https:\/\/vapestornado.com\/wp-content\/uploads\/2025\/01\/RAZZ-BAR-25000-Puffs-Lemon-Lime.webp\" alt=\"RAZZ BAR 25000 Puffs Citron Lime\" width=\"531\" height=\"531\" srcset=\"https:\/\/vapestornado.com\/wp-content\/uploads\/2025\/01\/RAZZ-BAR-25000-Puffs-Lemon-Lime.webp 800w, https:\/\/vapestornado.com\/wp-content\/uploads\/2025\/01\/RAZZ-BAR-25000-Puffs-Lemon-Lime-300x300.webp 300w, https:\/\/vapestornado.com\/wp-content\/uploads\/2025\/01\/RAZZ-BAR-25000-Puffs-Lemon-Lime-150x150.webp 150w, https:\/\/vapestornado.com\/wp-content\/uploads\/2025\/01\/RAZZ-BAR-25000-Puffs-Lemon-Lime-768x768.webp 768w, https:\/\/vapestornado.com\/wp-content\/uploads\/2025\/01\/RAZZ-BAR-25000-Puffs-Lemon-Lime-600x600.webp 600w, https:\/\/vapestornado.com\/wp-content\/uploads\/2025\/01\/RAZZ-BAR-25000-Puffs-Lemon-Lime-100x100.webp 100w\" sizes=\"(max-width: 531px) 100vw, 531px\" \/><figcaption id=\"caption-attachment-3686\" class=\"wp-caption-text\">RAZZ BAR 25000 Puffs Citron Lime<\/figcaption><\/figure>\n<\/div>\n<\/div>\n<p><img decoding=\"async\" class=\"alignleft wp-image-2951 size-medium\" src=\"https:\/\/vapestornado.com\/wp-content\/uploads\/2024\/12\/Wholesale-Disposable-Vape-265x300.jpg\" alt=\"Grossist Eng\u00e5ngs Vape\" width=\"265\" height=\"300\" srcset=\"https:\/\/vapestornado.com\/wp-content\/uploads\/2024\/12\/Wholesale-Disposable-Vape-265x300.jpg 265w, https:\/\/vapestornado.com\/wp-content\/uploads\/2024\/12\/Wholesale-Disposable-Vape-768x871.jpg 768w, https:\/\/vapestornado.com\/wp-content\/uploads\/2024\/12\/Wholesale-Disposable-Vape-600x680.jpg 600w, https:\/\/vapestornado.com\/wp-content\/uploads\/2024\/12\/Wholesale-Disposable-Vape.jpg 823w\" sizes=\"(max-width: 265px) 100vw, 265px\" \/><\/p>\n<h5>V\u00e4nligen kontakta Mandys WhatsApp f\u00f6r rabatterat pris<a href=\"https:\/\/wa.me\/8618077105796\" target=\"_blank\" rel=\"noopener\">+8618077105796<\/a><\/h5>\n<div class=\"flex max-w-full flex-col flex-grow\">\n<div class=\"min-h-8 text-message flex w-full flex-col items-end gap-2 whitespace-normal break-words text-start [.text-message+&amp;]:mt-5\" dir=\"auto\" data-message-author-role=\"assistant\" data-message-id=\"cdb991c0-f594-4bff-b2d5-fbbdd7ce9e54\" data-message-model-slug=\"gpt-4o-mini\">\n<div class=\"flex w-full flex-col gap-1 empty:hidden first:pt-[3px]\">\n<div class=\"markdown prose w-full break-words dark:prose-invert light\"><\/div>\n<\/div>\n<\/div>\n<\/div>\n<div class=\"mb-2 flex gap-3 empty:hidden -ml-2\">\n<h2>Razz bar 25000puffs vapes viktiga funktioner:<\/h2>\n<ul>\n<li><strong>Nikotinstyrka:<\/strong> Finns med 2% och 5% nikotinsalt f\u00f6r en skr\u00e4ddarsydd vapingupplevelse.<\/li>\n<li><strong>Antal bloss:<\/strong> Upp till <strong>25 000 puff<\/strong>, vilket garanterar enast\u00e5ende livsl\u00e4ngd.<\/li>\n<li><strong>Smaker:<\/strong> V\u00e4lj fr\u00e5n <strong>s\u00e4kerst\u00e4ller snabb, p\u00e5litlig str\u00f6m.<\/strong>, var och en utformad f\u00f6r maximal njutning.<\/li>\n<li><strong>Batteri:<\/strong> <strong>650mAh uppladdningsbart batteri<\/strong> med effektiv <strong>Typ-C snabbladdning<\/strong> f\u00f6r oavbruten anv\u00e4ndning.<\/li>\n<li><strong>Teknologi:<\/strong> Integrerad <strong>mesh coil-teknologi<\/strong> levererar konsekvent, mjuk \u00e5nga och intensifierad smak.<\/li>\n<li><strong>F\u00f6rpackning:<\/strong> Praktiskt f\u00f6rpackad med <strong>200 stycken per kartong<\/strong> f\u00f6r bulkbest\u00e4llningar.<\/li>\n<\/ul>\n<\/div>\n<h2>RAZZBAR 25000 Puffs hetaste smaker f\u00f6r vape-pods:<\/h2>\n<p>1.Saftig persika-is<br \/>\n2.Jordgubbe-banan<br \/>\n3.Red Bull-druva<br \/>\n4.Bl\u00e5b\u00e4r-is<br \/>\n5.Vattenmelon-is<br \/>\n6.Lush-is<br \/>\n7.Tropisk frukt<br \/>\n8.Jordgubbskiwi<br \/>\n9.Jordgubbsis<br \/>\n10.Blandade b\u00e4r<br \/>\n11.Jordgubb Hallon K\u00f6rsb\u00e4r is<br \/>\n12. K\u00e4rlek 66<br \/>\n13.Svart drak is<br \/>\n14. Citron Lime<br \/>\n15.Bl\u00e5b\u00e4r Sura Hallon<br \/>\n16.Jordgubb Vattenmelon Tuggummi<\/p>\n<div role=\"article\" data-tabster=\"{&quot;groupper&quot;:{&quot;tabbability&quot;:2},&quot;focusable&quot;:{}}\" data-content=\"ai-message\" aria-labelledby=\"dARUyEWDoEYhnSPXFwx5A-author dARUyEWDoEYhnSPXFwx5A-content\">\n<div id=\"dARUyEWDoEYhnSPXFwx5A-content\">\n<h2>D\u00e4rf\u00f6r ska du v\u00e4lja RAZZ BAR 25000 Puffs <strong>\u00a0<\/strong>at <a href=\"https:\/\/vapestornado.com\/sv\/product\/bang-box-35k-puffs-high-capacity-long-lasting-disposable-vape\/\">vapestornado.com?<\/a><\/h2>\n<h4><strong>*Oslagbar livsl\u00e4ngd<\/strong><\/h4>\n<p>Den <strong>RAZZ BAR 25000 bloss<\/strong> \u00e4r konstruerad f\u00f6r uth\u00e5llighet och ger upp till <strong>25 000 puff<\/strong> per enhet. Detta g\u00f6r den till det ultimata valet f\u00f6r vapers som prioriterar l\u00e5ngvarig prestanda utan st\u00e4ndiga byten.<\/p>\n<h4><strong>*\u00d6verl\u00e4gsen kvalitet till konkurrenskraftiga priser<\/strong><\/h4>\n<p>At <strong>vapestornado.se<\/strong>, erbjuder vi RAZZ BAR till oslagbara grossistpriser, vilket g\u00f6r det till ett kostnadseffektivt alternativ f\u00f6r b\u00e5de \u00e5terf\u00f6rs\u00e4ljare och enskilda k\u00f6pare. Njut av premium vaping-teknologi utan att det kostar skjortan.<\/p>\n<h4><strong>*M\u00e5ngsidiga smakalternativ<\/strong><\/h4>\n<p>Med <strong>16 livfulla smaker<\/strong> tillg\u00e4ngliga, finns det n\u00e5got f\u00f6r alla. Fr\u00e5n fruktiga blandningar till uppfriskande mentol, varje smak \u00e4r utformad f\u00f6r att ge en rik och tillfredsst\u00e4llande upplevelse.<\/p>\n<h4><strong>*Avancerade funktioner<\/strong><\/h4>\n<p>Den <strong>650mAh uppladdningsbart batteri<\/strong>, kombinerat med <strong>Typ-C snabbladdning<\/strong> och <strong>mesh coil-teknologi<\/strong>, s\u00e4kerst\u00e4ller konsekvent prestanda, j\u00e4mn \u00e5ngproduktion och dj\u00e4rv smakintensitet med varje puff.<\/p>\n<h4><strong>*Betrodd grossistpartner<\/strong><\/h4>\n<p>vapestornado.com \u00e4r en betrodd leverant\u00f6r i vapingindustrin, som erbjuder <strong>s\u00e4kra transaktioner<\/strong>, <strong>snabb leverans<\/strong>, och dedikerad kundsupport. Med bulkf\u00f6rpackningar av <strong>200 stycken per kartong<\/strong>, har det aldrig varit enklare att fylla p\u00e5 ditt lager.<\/p>\n<h4><strong>*Milj\u00f6v\u00e4nlig design<\/strong><\/h4>\n<p>RAZZ BAR har uppladdningsbar teknologi, vilket minskar avfall och st\u00f6der en mer h\u00e5llbar vaping-livsstil.<\/p>\n<p>V\u00e4lj den <strong>RAZZ BAR 25000 bloss<\/strong> at <strong>vapestornado.se<\/strong> f\u00f6r en f\u00f6rstklassig vapingl\u00f6sning som levererar exceptionellt v\u00e4rde, innovation och smak i varje puff!<\/p>\n<\/div>\n<\/div>\n<h2>Vanliga fr\u00e5gor om RAZZ BAR VAPE 25000 Puffs<\/h2>\n<p><strong>1. Hur l\u00e4nge h\u00e5ller RAZZ BAR 25000 Puffs?<\/strong><br \/>\nRAZZ BAR 25000 Puffs ger upp till 25 000 puffar, vilket g\u00f6r den till en av de mest h\u00e5llbara eng\u00e5ngsvapor som finns. Dess livsl\u00e4ngd beror p\u00e5 individuella anv\u00e4ndningsvanor men h\u00e5ller vanligtvis i flera veckor eller till och med m\u00e5nader f\u00f6r m\u00e5ttliga anv\u00e4ndare.<\/p>\n<p><strong>2. Kan jag ladda RAZZ BAR 25000 puffvape flera g\u00e5nger?<\/strong><br \/>\nJa, RAZZ BAR \u00e4r utrustad med ett 650mAh uppladdningsbart batteri som kan laddas flera g\u00e5nger. Den \u00e4r utformad f\u00f6r att s\u00e4kerst\u00e4lla konsekvent prestanda under hela sin livsl\u00e4ngd, s\u00e5 att du kan anv\u00e4nda den tills e-v\u00e4tskan \u00e4r helt slut.<\/p>\n<p><strong>3. Ing\u00e5r en Type-C-laddningsport med RAZZ BAR 25k puff?<\/strong><br \/>\nRAZZ BAR levereras med en integrerad Type-C-laddningsport, vilket m\u00f6jligg\u00f6r bekv\u00e4m och snabb laddning. F\u00f6rpackningen inneh\u00e5ller dock inte en laddningskabel, s\u00e5 du m\u00e5ste anv\u00e4nda en vanlig Type-C-kabel f\u00f6r att ladda den.<\/p>\n<p><strong>4. Vad \u00e4r det b\u00e4sta s\u00e4ttet att bibeh\u00e5lla optimal prestanda f\u00f6r 25000 Puffs Vape f\u00f6r RAZZ BAR?<\/strong><br \/>\nF\u00f6r att RAZZ BAR ska fungera optimalt, ladda den regelbundet med en Type-C-kabel och undvik att \u00f6verladda batteriet. F\u00f6rvara enheten p\u00e5 en sval, torr plats, borta fr\u00e5n v\u00e4rme eller direkt solljus. Se till att laddningsporten f\u00f6rblir ren och fri fr\u00e5n damm. L\u00e5t dessutom enheten vila mellan l\u00e5nga vapingsessioner f\u00f6r att f\u00f6rhindra \u00f6verhettning.<\/p>","protected":false},"excerpt":{"rendered":"<p><strong>RAZZ BAR 25000 Puffs grossistvape<\/strong> till oslagbara priser. Erbjuder 16 premiumsmaker, 650mAh uppladdningsbart batteri och 25 000 puffar f\u00f6r l\u00e5ngvarig tillfredsst\u00e4llelse!<\/p>\n<figure id=\"attachment_2951\" aria-describedby=\"caption-attachment-2951\" style=\"width: 265px\" class=\"wp-caption alignnone\"><img decoding=\"async\" class=\"size-medium wp-image-2951\" src=\"https:\/\/vapestornado.com\/wp-content\/uploads\/2024\/12\/Wholesale-Disposable-Vape-265x300.jpg\" alt=\"Grossist Eng\u00e5ngs Vape\" width=\"265\" height=\"300\" srcset=\"https:\/\/vapestornado.com\/wp-content\/uploads\/2024\/12\/Wholesale-Disposable-Vape-265x300.jpg 265w, https:\/\/vapestornado.com\/wp-content\/uploads\/2024\/12\/Wholesale-Disposable-Vape-768x871.jpg 768w, https:\/\/vapestornado.com\/wp-content\/uploads\/2024\/12\/Wholesale-Disposable-Vape-600x680.jpg 600w, https:\/\/vapestornado.com\/wp-content\/uploads\/2024\/12\/Wholesale-Disposable-Vape.jpg 823w\" sizes=\"(max-width: 265px) 100vw, 265px\" \/><figcaption id=\"caption-attachment-2951\" class=\"wp-caption-text\">V\u00e4nligen kontakta Mandys WhatsApp f\u00f6r rabatterat pris\u00a0 <a href=\"https:\/\/wa.me\/8618077105796\">+8618077105796<\/a><\/figcaption><\/figure>\n<p>&nbsp;<\/p>","protected":false},"featured_media":3687,"comment_status":"open","ping_status":"closed","template":"","meta":{"_acf_changed":false,"_uag_custom_page_level_css":"","_lmt_disableupdate":"no","_lmt_disable":"","_monsterinsights_skip_tracking":false,"_monsterinsights_sitenote_active":false,"_monsterinsights_sitenote_note":"","_monsterinsights_sitenote_category":0,"site-sidebar-layout":"default","site-content-layout":"","ast-site-content-layout":"default","site-content-style":"default","site-sidebar-style":"default","ast-global-header-display":"","ast-banner-title-visibility":"","ast-main-header-display":"","ast-hfb-above-header-display":"","ast-hfb-below-header-display":"","ast-hfb-mobile-header-display":"","site-post-title":"","ast-breadcrumbs-content":"","ast-featured-img":"","footer-sml-layout":"","ast-disable-related-posts":"","theme-transparent-header-meta":"default","adv-header-id-meta":"","stick-header-meta":"","header-above-stick-meta":"","header-main-stick-meta":"","header-below-stick-meta":"","astra-migrate-meta-layouts":"set","ast-page-background-enabled":"default","ast-page-background-meta":{"desktop":{"background-color":"","background-image":"","background-repeat":"repeat","background-position":"center center","background-size":"auto","background-attachment":"scroll","background-type":"","background-media":"","overlay-type":"","overlay-color":"","overlay-opacity":"","overlay-gradient":""},"tablet":{"background-color":"","background-image":"","background-repeat":"repeat","background-position":"center center","background-size":"auto","background-attachment":"scroll","background-type":"","background-media":"","overlay-type":"","overlay-color":"","overlay-opacity":"","overlay-gradient":""},"mobile":{"background-color":"","background-image":"","background-repeat":"repeat","background-position":"center center","background-size":"auto","background-attachment":"scroll","background-type":"","background-media":"","overlay-type":"","overlay-color":"","overlay-opacity":"","overlay-gradient":""}},"ast-content-background-meta":{"desktop":{"background-color":"var(--ast-global-color-5)","background-image":"","background-repeat":"repeat","background-position":"center center","background-size":"auto","background-attachment":"scroll","background-type":"","background-media":"","overlay-type":"","overlay-color":"","overlay-opacity":"","overlay-gradient":""},"tablet":{"background-color":"var(--ast-global-color-5)","background-image":"","background-repeat":"repeat","background-position":"center center","background-size":"auto","background-attachment":"scroll","background-type":"","background-media":"","overlay-type":"","overlay-color":"","overlay-opacity":"","overlay-gradient":""},"mobile":{"background-color":"var(--ast-global-color-5)","background-image":"","background-repeat":"repeat","background-position":"center center","background-size":"auto","background-attachment":"scroll","background-type":"","background-media":"","overlay-type":"","overlay-color":"","overlay-opacity":"","overlay-gradient":""}},"_joinchat":{"telephone":"+8618077105796"}},"product_brand":[],"product_cat":[68,149,153,158,146],"product_tag":[97,228],"class_list":{"0":"post-3661","1":"product","2":"type-product","3":"status-publish","4":"has-post-thumbnail","6":"product_cat-25000-puff","7":"product_cat-buy-disposable-vapes-in-austria","8":"product_cat-buy-disposable-vapes-in-italy","9":"product_cat-buy-disposable-vapes-in-spain","10":"product_cat-rechargeable-disposable-vapes","11":"product_tag-hot-sale-disposable-vape","12":"product_tag-razz-bar-25000-puffs","13":"desktop-align-left","14":"tablet-align-left","15":"mobile-align-left","17":"first","18":"instock","19":"sale","20":"shipping-taxable","21":"purchasable","22":"product-type-simple"},"acf":[],"uagb_featured_image_src":{"full":["https:\/\/vapestornado.com\/wp-content\/uploads\/2025\/01\/RAZZ-BAR-25000-Puffs-Black-Dragon-ice-GEEK-BAR.webp",800,800,false],"thumbnail":["https:\/\/vapestornado.com\/wp-content\/uploads\/2025\/01\/RAZZ-BAR-25000-Puffs-Black-Dragon-ice-GEEK-BAR-150x150.webp",150,150,true],"medium":["https:\/\/vapestornado.com\/wp-content\/uploads\/2025\/01\/RAZZ-BAR-25000-Puffs-Black-Dragon-ice-GEEK-BAR-300x300.webp",300,300,true],"medium_large":["https:\/\/vapestornado.com\/wp-content\/uploads\/2025\/01\/RAZZ-BAR-25000-Puffs-Black-Dragon-ice-GEEK-BAR-768x768.webp",768,768,true],"large":["https:\/\/vapestornado.com\/wp-content\/uploads\/2025\/01\/RAZZ-BAR-25000-Puffs-Black-Dragon-ice-GEEK-BAR.webp",800,800,false],"1536x1536":["https:\/\/vapestornado.com\/wp-content\/uploads\/2025\/01\/RAZZ-BAR-25000-Puffs-Black-Dragon-ice-GEEK-BAR.webp",800,800,false],"2048x2048":["https:\/\/vapestornado.com\/wp-content\/uploads\/2025\/01\/RAZZ-BAR-25000-Puffs-Black-Dragon-ice-GEEK-BAR.webp",800,800,false],"trp-custom-language-flag":["https:\/\/vapestornado.com\/wp-content\/uploads\/2025\/01\/RAZZ-BAR-25000-Puffs-Black-Dragon-ice-GEEK-BAR.webp",12,12,false],"woocommerce_thumbnail":["https:\/\/vapestornado.com\/wp-content\/uploads\/2025\/01\/RAZZ-BAR-25000-Puffs-Black-Dragon-ice-GEEK-BAR-300x300.webp",300,300,true],"woocommerce_single":["https:\/\/vapestornado.com\/wp-content\/uploads\/2025\/01\/RAZZ-BAR-25000-Puffs-Black-Dragon-ice-GEEK-BAR-600x600.webp",600,600,true],"woocommerce_gallery_thumbnail":["https:\/\/vapestornado.com\/wp-content\/uploads\/2025\/01\/RAZZ-BAR-25000-Puffs-Black-Dragon-ice-GEEK-BAR-100x100.webp",100,100,true]},"uagb_author_info":{"display_name":"ESMANDY","author_link":"https:\/\/vapestornado.com\/sv\/author\/"},"uagb_comment_info":0,"uagb_excerpt":"RAZZ BAR 25000 Puffs Wholesale Vape at unbeatable prices. Offering 16 premium flavors, 650mAh rechargeable battery, and 25,000 puffs for long-lasting satisfaction! [caption id=\"attachment_2951\" align=\"alignnone\" width=\"265\"] Pls Contact Mandy's WhatsApp For Discount Price\u00a0 +8618077105796[\/caption] &nbsp;","_links":{"self":[{"href":"https:\/\/vapestornado.com\/sv\/wp-json\/wp\/v2\/product\/3661","targetHints":{"allow":["GET"]}}],"collection":[{"href":"https:\/\/vapestornado.com\/sv\/wp-json\/wp\/v2\/product"}],"about":[{"href":"https:\/\/vapestornado.com\/sv\/wp-json\/wp\/v2\/types\/product"}],"replies":[{"embeddable":true,"href":"https:\/\/vapestornado.com\/sv\/wp-json\/wp\/v2\/comments?post=3661"}],"wp:featuredmedia":[{"embeddable":true,"href":"https:\/\/vapestornado.com\/sv\/wp-json\/wp\/v2\/media\/3687"}],"wp:attachment":[{"href":"https:\/\/vapestornado.com\/sv\/wp-json\/wp\/v2\/media?parent=3661"}],"wp:term":[{"taxonomy":"product_brand","embeddable":true,"href":"https:\/\/vapestornado.com\/sv\/wp-json\/wp\/v2\/product_brand?post=3661"},{"taxonomy":"product_cat","embeddable":true,"href":"https:\/\/vapestornado.com\/sv\/wp-json\/wp\/v2\/product_cat?post=3661"},{"taxonomy":"product_tag","embeddable":true,"href":"https:\/\/vapestornado.com\/sv\/wp-json\/wp\/v2\/product_tag?post=3661"}],"curies":[{"name":"wp","href":"https:\/\/api.w.org\/{rel}","templated":true}]}}