{"id":3649,"date":"2025-01-03T07:00:39","date_gmt":"2025-01-03T07:00:39","guid":{"rendered":"https:\/\/vapestornado.com\/?post_type=product&#038;p=3649"},"modified":"2025-08-23T11:20:23","modified_gmt":"2025-08-23T11:20:23","slug":"jnr-mega-shisha-hookah-100000-puffs-disposable-vape-wholesale-price","status":"publish","type":"product","link":"https:\/\/vapestornado.com\/sv\/product\/jnr-mega-shisha-hookah-100000-puffs-disposable-vape-wholesale-price\/","title":{"rendered":"JNR Mega Shisha Hookah 100000 Puffar Eng\u00e5ngs Vape Grossistpris"},"content":{"rendered":"<h1 class=\"product-title\">JNR Mega Shisha Hookah 100000 Puffar Eng\u00e5ngs Vape Grossistpris<\/h1>\n<p data-start=\"194\" data-end=\"561\">Den <strong data-start=\"198\" data-end=\"253\">JNR Mega Shisha Hookah 100000 Puff Eng\u00e5ngs Vape<\/strong> s\u00e4tter en ny standard f\u00f6r eng\u00e5ngs vapes med h\u00f6g kapacitet, vilket g\u00f6r den till ett toppval f\u00f6r <strong data-start=\"331\" data-end=\"371\">grossistdistribut\u00f6rer och \u00e5terf\u00f6rs\u00e4ljare<\/strong> som s\u00f6ker enast\u00e5ende produkter i Sverige. Med en otrolig <strong data-start=\"428\" data-end=\"453\">100 000 bloss kapacitet<\/strong>levererar denna modell o\u00f6vertr\u00e4ffad uth\u00e5llighet, perfekt f\u00f6r butiker som riktar sig till storf\u00f6rbrukare och hookah-entusiaster.<\/p>\n<p data-start=\"563\" data-end=\"850\">Drivs av ett <strong data-start=\"576\" data-end=\"608\">2200mAh uppladdningsbart batteri<\/strong> och utrustad med <strong data-start=\"627\" data-end=\"655\">USB Type-C snabbladdning<\/strong>s\u00e4kerst\u00e4ller JNR 100K minimal stillest\u00e5ndstid och maximal anv\u00e4ndning. En <strong data-start=\"716\" data-end=\"743\">60 ml e-v\u00e4tskebeh\u00e5llare<\/strong> parade med <strong data-start=\"756\" data-end=\"780\">2% nikotinstyrka<\/strong> ger l\u00e5nga, tillfredsst\u00e4llande sessioner som f\u00e5r kunderna att komma tillbaka.<\/p>\n<p data-start=\"852\" data-end=\"1168\">Den integrerade <strong data-start=\"867\" data-end=\"883\">Smart sk\u00e4rm<\/strong> visar blossantal, batteri och v\u00e4tskeniv\u00e5er, medan <strong data-start=\"942\" data-end=\"968\">Andningsljus designen<\/strong> l\u00e4gger till ett stilrent, i\u00f6gonfallande element f\u00f6r yngre m\u00e5lgrupper. Med <strong data-start=\"1037\" data-end=\"1063\">Direkt-till-lunga luftfl\u00f6de<\/strong> och justerbara inst\u00e4llningar, erbjuder den t\u00e4t \u00e5nga, stark smakleverans och en anpassningsbar upplevelse.<\/p>\n<p data-start=\"1170\" data-end=\"1361\">F\u00f6r grossister erbjuder <strong data-start=\"1191\" data-end=\"1215\">JNR Mega Shisha 100K<\/strong> kombinerar <strong data-start=\"1225\" data-end=\"1302\">rekordbrytande blossantal, premiumfunktioner och attraktiva priser vid st\u00f6rre ink\u00f6p<\/strong>vilket g\u00f6r den till ett h\u00f6gintressant tillskott till alla vape-lager.<\/p>\n<p><span style=\"color: #ff0000;\"><strong>L\u00e4gg till Amys Whatsapp f\u00f6r att f\u00e5 snabbt svar och vape-kupong!<\/strong><\/span><\/p>\n<p><img fetchpriority=\"high\" decoding=\"async\" class=\"size-full wp-image-2932\" src=\"https:\/\/vapestornado.com\/wp-content\/uploads\/2024\/12\/Vape-Wholesale.jpg\" alt=\"Vape Partihandel\" width=\"229\" height=\"300\" \/><\/p>\n<h3><a href=\"https:\/\/wa.me\/8617776015835\" target=\"_blank\" rel=\"noopener\"><span style=\"color: #ff0000;\"><strong>WhatsApp: +86 17776015835<\/strong><\/span><\/a><\/h3>\n<p>&nbsp;<\/p>\n<h2 class=\"product-title\"><strong>JNR Shisha Hookah 100000 Produktfunktioner<\/strong><\/h2>\n<div role=\"article\" data-tabster=\"{&quot;groupper&quot;:{&quot;tabbability&quot;:2},&quot;focusable&quot;:{}}\" data-content=\"ai-message\" aria-labelledby=\"juhNTJ6o7Gk1cgwZMJgv2-author juhNTJ6o7Gk1cgwZMJgv2-content\">\n<div id=\"juhNTJ6o7Gk1cgwZMJgv2-content\">\n<div role=\"article\" data-tabster=\"{&quot;groupper&quot;:{&quot;tabbability&quot;:2},&quot;focusable&quot;:{}}\" data-content=\"ai-message\" aria-labelledby=\"x4EZuCZWrTbh3weWUt7CU-author x4EZuCZWrTbh3weWUt7CU-content\">\n<div id=\"x4EZuCZWrTbh3weWUt7CU-content\">\n<div class=\"flex max-w-full flex-col flex-grow\">\n<div class=\"min-h-8 text-message flex w-full flex-col items-end gap-2 whitespace-normal break-words text-start [.text-message+&amp;]:mt-5\" dir=\"auto\" data-message-author-role=\"assistant\" data-message-id=\"52c6e00a-252f-4104-805d-2f1a84739c71\" data-message-model-slug=\"gpt-4o\">\n<div class=\"flex w-full flex-col gap-1 empty:hidden first:pt-[3px]\">\n<div class=\"markdown prose w-full break-words dark:prose-invert light\">\n<h4><\/h4>\n<ol>\n<li><strong>Exceptionell Livsl\u00e4ngd<\/strong>: Njut av upp till 100 000 puffar per enhet.<\/li>\n<li><strong>Smart Sk\u00e4rm<\/strong>: H\u00e5ll dig informerad med realtidsdata och njut av en levande, dynamisk ljusshow.<\/li>\n<li><strong>Massiv E-Juice Kapacitet<\/strong>: F\u00f6rfylld med 60 ml f\u00f6r l\u00e4ngre anv\u00e4ndning.<\/li>\n<li><strong>Kraftfullt Batteri<\/strong>: Uppladdningsbart 2200mAh batteri med USB Type-C st\u00f6d.<\/li>\n<li><strong>Justerbart Luftfl\u00f6de<\/strong>: Anpassa ditt drag f\u00f6r perfekt DTL (Direkt-Till-Lunga) vaping.<\/li>\n<\/ol>\n<\/div>\n<\/div>\n<\/div>\n<\/div>\n<div class=\"mb-2 flex gap-3 empty:hidden -ml-2\"><\/div>\n<\/div>\n<\/div>\n<\/div>\n<\/div>\n<h2 class=\"product-title\"><strong>Popul\u00e4r Smak f\u00f6r <\/strong><strong>Shisha Hookah<\/strong><strong> 100k <\/strong><strong>Eng\u00e5ngs Vaporizers<\/strong><\/h2>\n<h2 class=\"product-title\"><\/h2>\n<p>Uppt\u00e4ck en v\u00e4rld av smaker med JNR Mega Shisha Hookah. Fr\u00e5n uppfriskande mint till fruktiga l\u00e4ckerheter, det breda utbudet av alternativ s\u00e4kerst\u00e4ller att det finns en perfekt matchning f\u00f6r varje hum\u00f6r och smakpreferens. V\u00e4nligen hitta den popul\u00e4ra smaken enligt v\u00e5rt f\u00f6rs\u00e4ljningsdatum och kundfeedback.<\/p>\n<p>1. Tv\u00e5 \u00c4pplen<span style=\"color: #ff0000;\"><strong> &gt;&gt;&gt;&gt; Hett !<\/strong><\/span><br \/>\n2. Bl\u00e5b\u00e4rs Is <span style=\"color: #ff0000;\"><strong>&gt;&gt;&gt;&gt; Hett !<\/strong><\/span><br \/>\n3. Druv Mint<br \/>\n4. Hawaii<br \/>\n5. Kiwi Passionsfrukt Guava<br \/>\n6. Lady Killa <span style=\"color: #ff0000;\"><strong>&gt;&gt;&gt;&gt; B\u00e4st!<\/strong><\/span><br \/>\n7. Love 66<br \/>\n8. Frodig Is<br \/>\n9. Magisk K\u00e4rlek<br \/>\n10. Mi Amor <span style=\"color: #ff0000;\"><strong>&gt;&gt;&gt;&gt; Hett !<\/strong><\/span><br \/>\n11. Persiko Is<br \/>\n12. Jordgubbs Punch<\/p>\n<p><img decoding=\"async\" class=\"wp-image-3647 size-full\" src=\"https:\/\/vapestornado.com\/wp-content\/uploads\/2025\/01\/Shisha-Hookah-100000-Puffs-Disposable-Vape-JNR.webp\" alt=\"Shisha Hookah 100000 Puff Eng\u00e5ngs Vape JNR\" width=\"800\" height=\"476\" srcset=\"https:\/\/vapestornado.com\/wp-content\/uploads\/2025\/01\/Shisha-Hookah-100000-Puffs-Disposable-Vape-JNR.webp 800w, https:\/\/vapestornado.com\/wp-content\/uploads\/2025\/01\/Shisha-Hookah-100000-Puffs-Disposable-Vape-JNR-300x179.webp 300w, https:\/\/vapestornado.com\/wp-content\/uploads\/2025\/01\/Shisha-Hookah-100000-Puffs-Disposable-Vape-JNR-768x457.webp 768w, https:\/\/vapestornado.com\/wp-content\/uploads\/2025\/01\/Shisha-Hookah-100000-Puffs-Disposable-Vape-JNR-600x357.webp 600w\" sizes=\"(max-width: 800px) 100vw, 800px\" \/><\/p>\n<div class=\"flex-shrink-0 flex flex-col relative items-end\">\n<div class=\"pt-0\">\n<div class=\"gizmo-bot-avatar flex h-8 w-8 items-center justify-center overflow-hidden rounded-full\">\n<div class=\"relative p-1 rounded-sm flex items-center justify-center bg-token-main-surface-primary text-token-text-primary h-8 w-8\">\n<h2>Vanliga fr\u00e5gor om JNR Shisha Hookah 100000 Smart<strong>\u00a0<\/strong>Eng\u00e5ngs-vape<\/h2>\n<h4><\/h4>\n<ol>\n<li><strong>Hur l\u00e4nge r\u00e4cker JNR Mega Shisha Hookah 100k?<\/strong><br \/>\nVarje enhet erbjuder imponerande 100 000 bloss, vilket g\u00f6r den perfekt f\u00f6r l\u00e5ngvarig anv\u00e4ndning.<\/li>\n<li><strong>Hur laddar jag JNR Mega Shisha Hookah-enheten?<\/strong><br \/>\nDen levereras med ett inbyggt 2200mAh-batteri som st\u00f6der USB Type-C snabbladdning.<\/li>\n<li><strong>Vad \u00e4r funktionen med Smart Screen?<\/strong><br \/>\nSmart Screen visar viktig data som batteritid och v\u00e4tskeniv\u00e5, tillsammans med det stilrena Breathing Light f\u00f6r en unik vapingupplevelse.<\/li>\n<li><strong>Kan jag anv\u00e4nda den med en station\u00e4r vattenpipa?<\/strong><br \/>\nAbsolut! JNR Mega Shisha Hookah \u00e4r fullt kompatibel med station\u00e4ra vattenpipa-konfigurationer f\u00f6r en m\u00e5ngsidig upplevelse.<\/li>\n<li><strong>Var kan jag k\u00f6pa den till grossistpris?<\/strong><br \/>\nDu kan k\u00f6pa JNR Mega Shisha Hookah till b\u00e4sta grossistpris fr\u00e5n <strong>vapestornado online vape butik<\/strong>.<\/li>\n<\/ol>\n<div class=\"flex max-w-full flex-col flex-grow\">\n<div class=\"min-h-8 text-message flex w-full flex-col items-end gap-2 whitespace-normal break-words text-start [.text-message+&amp;]:mt-5\" dir=\"auto\" data-message-author-role=\"assistant\" data-message-id=\"4dc48248-df95-45bd-b800-6dedb43cf7f1\" data-message-model-slug=\"gpt-4o\">\n<div class=\"flex w-full flex-col gap-1 empty:hidden first:pt-[3px]\"><\/div>\n<\/div>\n<\/div>\n<\/div>\n<\/div>\n<\/div>\n<\/div>\n<div class=\"flex-shrink-0 flex flex-col relative items-end\">\n<div class=\"pt-0\">\n<div class=\"gizmo-bot-avatar flex h-8 w-8 items-center justify-center overflow-hidden rounded-full\">\n<div class=\"relative p-1 rounded-sm flex items-center justify-center bg-token-main-surface-primary text-token-text-primary h-8 w-8\">\n<div class=\"mb-2 flex gap-3 empty:hidden -ml-2\">\n<div role=\"article\" data-tabster=\"{&quot;groupper&quot;:{&quot;tabbability&quot;:2},&quot;focusable&quot;:{}}\" data-content=\"ai-message\" aria-labelledby=\"Vdt5ez4X7Tg813x6rFVha-author Vdt5ez4X7Tg813x6rFVha-content\">\n<div id=\"Vdt5ez4X7Tg813x6rFVha-content\">\n<div role=\"article\" data-tabster=\"{&quot;groupper&quot;:{&quot;tabbability&quot;:2},&quot;focusable&quot;:{}}\" data-content=\"ai-message\" aria-labelledby=\"o968oC7CEo2fGHsGdsRYC-author o968oC7CEo2fGHsGdsRYC-content\">\n<div id=\"o968oC7CEo2fGHsGdsRYC-content\">\n<h2>Varf\u00f6r v\u00e4lja vapestornado f\u00f6r JNR Shisha Hookah 100000 Puffar Eng\u00e5ngs Vape Grossist?<\/h2>\n<div class=\"flex-shrink-0 flex flex-col relative items-end\">\n<div class=\"pt-0\">\n<div class=\"gizmo-bot-avatar flex h-8 w-8 items-center justify-center overflow-hidden rounded-full\">\n<div class=\"relative p-1 rounded-sm flex items-center justify-center bg-token-main-surface-primary text-token-text-primary h-8 w-8\">\n<p>V\u00e4lkommen till vapestornado, din betrodda online vape-butik f\u00f6r premium eng\u00e5ngsvapes. Med mer \u00e4n 5 \u00e5rs expertis ger vi dig popul\u00e4ra eng\u00e5ngs vape-m\u00e4rken som Fumot RandM Vape, <a href=\"https:\/\/vapestornado.com\/sv\/product-category\/vapme-shisha\/\">Vapme<\/a>, Bang Vape, Waspe Vape och WGA Vape, etc.<\/p>\n<p>V\u00e5rt sortiment inkluderar heta f\u00f6rs\u00e4ljningsvapes som <a href=\"https:\/\/vapestornado.com\/sv\/product\/randm-12000-puffs-fumot-digital-disposable-vape-wholesale-price\/\">RandM Tornado 12000<\/a>, och smakrika val som <a href=\"https:\/\/vapestornado.com\/sv\/product\/wga-crystal-pro-max-extra-15000-puffs-rechargeable-disposable-vape-wholesale-bulk-buy\/\">\u00a0WGA Crystal 15k Puffar<\/a> . Varje produkt \u00e4r utvald med fokus p\u00e5 kvalitet, v\u00e4rde och variation, vilket s\u00e4kerst\u00e4ller att du hittar den perfekta matchningen f\u00f6r dina behov. Uppt\u00e4ck exceptionell service och ett brett utbud av toppprodukter till grossistpris hos vapestornado.<\/p>\n<\/div>\n<p>&nbsp;<\/p>\n<p><strong>Andra heta eng\u00e5ngsvapes<\/strong><\/p>\n<p><a href=\"https:\/\/vapestornado.com\/sv\/product\/vozol-star-20000-puffs-disposable-vape-2-low-nicotine-bulk-buy-wholesale-cheap-price\/\">VOZOL Star 20000 Puffar <span style=\"color: #ff0000;\"><strong>&gt;&gt;&gt;&gt; K\u00f6r!<\/strong><\/span><\/a><\/p>\n<p><a href=\"https:\/\/vapestornado.com\/sv\/product\/refillable-disposable-vape-bang-40000-puffs-with-smart-screen-display-wholesale\/\">Bang 40000 Puffar<span style=\"color: #ff0000;\"><strong>&gt;&gt;&gt;&gt; K\u00f6r!<\/strong><\/span><\/a><\/p>\n<p><a href=\"https:\/\/vapestornado.com\/sv\/product\/bang-king-vape-35000-puff-smart-digital-display-wholesale-disposable-electronic-cigarette-wholesale\/\">Bang King 35000 <span style=\"color: #ff0000;\"><strong>&gt;&gt;&gt;&gt; K\u00f6r!<\/strong><\/span><\/a><\/p>\n<\/div>\n<\/div>\n<\/div>\n<p>&nbsp;<\/p>\n<\/div>\n<\/div>\n<\/div>\n<\/div>\n<\/div>\n<\/div>\n<\/div>\n<\/div>\n<\/div>","protected":false},"excerpt":{"rendered":"<p>Den <strong data-start=\"1405\" data-end=\"1436\">JNR Mega Shisha Hookah 100K<\/strong> levererar o\u00f6vertr\u00e4ffade 100 000 bloss, smart sk\u00e4rm och 60 ml e-v\u00e4tskebeh\u00e5llare. En uppladdningsbar eng\u00e5ngs vape byggd f\u00f6r <strong data-start=\"1548\" data-end=\"1583\">grossistk\u00f6pare i Europa<\/strong>.<\/p>\n<p><strong>L\u00e4gg till Amys whatsapp f\u00f6r snabbt svar och vape-kupong!<\/strong><\/p>\n<p><img fetchpriority=\"high\" decoding=\"async\" class=\"size-full wp-image-2932\" src=\"https:\/\/vapestornado.com\/wp-content\/uploads\/2024\/12\/Vape-Wholesale.jpg\" alt=\"Vape Partihandel\" width=\"229\" height=\"300\" \/><\/p>\n<h3><a href=\"https:\/\/wa.me\/8617776015835\"><span style=\"color: #ff0000;\"><strong>WhatsApp: +86 17776015835<\/strong><\/span><\/a><\/h3>\n<p>&nbsp;<\/p>","protected":false},"featured_media":3648,"comment_status":"open","ping_status":"closed","template":"","meta":{"_acf_changed":false,"_uag_custom_page_level_css":"","_lmt_disableupdate":"no","_lmt_disable":"","_monsterinsights_skip_tracking":false,"_monsterinsights_sitenote_active":false,"_monsterinsights_sitenote_note":"","_monsterinsights_sitenote_category":0,"site-sidebar-layout":"default","site-content-layout":"","ast-site-content-layout":"default","site-content-style":"default","site-sidebar-style":"default","ast-global-header-display":"","ast-banner-title-visibility":"","ast-main-header-display":"","ast-hfb-above-header-display":"","ast-hfb-below-header-display":"","ast-hfb-mobile-header-display":"","site-post-title":"","ast-breadcrumbs-content":"","ast-featured-img":"","footer-sml-layout":"","ast-disable-related-posts":"","theme-transparent-header-meta":"default","adv-header-id-meta":"","stick-header-meta":"","header-above-stick-meta":"","header-main-stick-meta":"","header-below-stick-meta":"","astra-migrate-meta-layouts":"set","ast-page-background-enabled":"default","ast-page-background-meta":{"desktop":{"background-color":"","background-image":"","background-repeat":"repeat","background-position":"center center","background-size":"auto","background-attachment":"scroll","background-type":"","background-media":"","overlay-type":"","overlay-color":"","overlay-opacity":"","overlay-gradient":""},"tablet":{"background-color":"","background-image":"","background-repeat":"repeat","background-position":"center center","background-size":"auto","background-attachment":"scroll","background-type":"","background-media":"","overlay-type":"","overlay-color":"","overlay-opacity":"","overlay-gradient":""},"mobile":{"background-color":"","background-image":"","background-repeat":"repeat","background-position":"center center","background-size":"auto","background-attachment":"scroll","background-type":"","background-media":"","overlay-type":"","overlay-color":"","overlay-opacity":"","overlay-gradient":""}},"ast-content-background-meta":{"desktop":{"background-color":"var(--ast-global-color-5)","background-image":"","background-repeat":"repeat","background-position":"center center","background-size":"auto","background-attachment":"scroll","background-type":"","background-media":"","overlay-type":"","overlay-color":"","overlay-opacity":"","overlay-gradient":""},"tablet":{"background-color":"var(--ast-global-color-5)","background-image":"","background-repeat":"repeat","background-position":"center center","background-size":"auto","background-attachment":"scroll","background-type":"","background-media":"","overlay-type":"","overlay-color":"","overlay-opacity":"","overlay-gradient":""},"mobile":{"background-color":"var(--ast-global-color-5)","background-image":"","background-repeat":"repeat","background-position":"center center","background-size":"auto","background-attachment":"scroll","background-type":"","background-media":"","overlay-type":"","overlay-color":"","overlay-opacity":"","overlay-gradient":""}},"_joinchat":{"telephone":"+8617776015835"}},"product_brand":[],"product_cat":[140,154,142,76,147],"product_tag":[165,105,97,225,166,94,131,226],"class_list":{"0":"post-3649","1":"product","2":"type-product","3":"status-publish","4":"has-post-thumbnail","6":"product_cat-big-puffs-disposable-vapes","7":"product_cat-buy-disposable-vapes-in-netherlands","8":"product_cat-digital-box-disposable-vapes","9":"product_cat-jnr-vape","10":"product_cat-shisha-hookah-disposable-vapes","11":"product_tag-cheap-vapes","12":"product_tag-digital-disposable-vape","13":"product_tag-hot-sale-disposable-vape","14":"product_tag-jnr-shisha-hookah-100000","15":"product_tag-low-nicotine-vape","16":"product_tag-rechargeable-disposable-vape","17":"product_tag-shisha-hookah","18":"product_tag-shisha-hookah-disposable-vapes","19":"desktop-align-left","20":"tablet-align-left","21":"mobile-align-left","23":"first","24":"instock","25":"sale","26":"shipping-taxable","27":"purchasable","28":"product-type-simple"},"acf":[],"uagb_featured_image_src":{"full":["https:\/\/vapestornado.com\/wp-content\/uploads\/2025\/01\/Shisha-Hookah-Disposable-Vape-100000-JNR.jpg",800,800,false],"thumbnail":["https:\/\/vapestornado.com\/wp-content\/uploads\/2025\/01\/Shisha-Hookah-Disposable-Vape-100000-JNR-150x150.jpg",150,150,true],"medium":["https:\/\/vapestornado.com\/wp-content\/uploads\/2025\/01\/Shisha-Hookah-Disposable-Vape-100000-JNR-300x300.jpg",300,300,true],"medium_large":["https:\/\/vapestornado.com\/wp-content\/uploads\/2025\/01\/Shisha-Hookah-Disposable-Vape-100000-JNR-768x768.jpg",768,768,true],"large":["https:\/\/vapestornado.com\/wp-content\/uploads\/2025\/01\/Shisha-Hookah-Disposable-Vape-100000-JNR.jpg",800,800,false],"1536x1536":["https:\/\/vapestornado.com\/wp-content\/uploads\/2025\/01\/Shisha-Hookah-Disposable-Vape-100000-JNR.jpg",800,800,false],"2048x2048":["https:\/\/vapestornado.com\/wp-content\/uploads\/2025\/01\/Shisha-Hookah-Disposable-Vape-100000-JNR.jpg",800,800,false],"trp-custom-language-flag":["https:\/\/vapestornado.com\/wp-content\/uploads\/2025\/01\/Shisha-Hookah-Disposable-Vape-100000-JNR.jpg",12,12,false],"woocommerce_thumbnail":["https:\/\/vapestornado.com\/wp-content\/uploads\/2025\/01\/Shisha-Hookah-Disposable-Vape-100000-JNR-300x300.jpg",300,300,true],"woocommerce_single":["https:\/\/vapestornado.com\/wp-content\/uploads\/2025\/01\/Shisha-Hookah-Disposable-Vape-100000-JNR-600x600.jpg",600,600,true],"woocommerce_gallery_thumbnail":["https:\/\/vapestornado.com\/wp-content\/uploads\/2025\/01\/Shisha-Hookah-Disposable-Vape-100000-JNR-100x100.jpg",100,100,true]},"uagb_author_info":{"display_name":"ESAMY","author_link":"https:\/\/vapestornado.com\/sv\/author\/"},"uagb_comment_info":0,"uagb_excerpt":"The JNR Mega Shisha Hookah 100K delivers an unmatched 100,000 puffs, smart screen, and 60ml e-liquid tank. A rechargeable disposable built for wholesale bulk buyers in Europe. Add Amy's whatsapp get right reply and vape coupon! WhatsApp: +86 17776015835 &nbsp;","_links":{"self":[{"href":"https:\/\/vapestornado.com\/sv\/wp-json\/wp\/v2\/product\/3649","targetHints":{"allow":["GET"]}}],"collection":[{"href":"https:\/\/vapestornado.com\/sv\/wp-json\/wp\/v2\/product"}],"about":[{"href":"https:\/\/vapestornado.com\/sv\/wp-json\/wp\/v2\/types\/product"}],"replies":[{"embeddable":true,"href":"https:\/\/vapestornado.com\/sv\/wp-json\/wp\/v2\/comments?post=3649"}],"wp:featuredmedia":[{"embeddable":true,"href":"https:\/\/vapestornado.com\/sv\/wp-json\/wp\/v2\/media\/3648"}],"wp:attachment":[{"href":"https:\/\/vapestornado.com\/sv\/wp-json\/wp\/v2\/media?parent=3649"}],"wp:term":[{"taxonomy":"product_brand","embeddable":true,"href":"https:\/\/vapestornado.com\/sv\/wp-json\/wp\/v2\/product_brand?post=3649"},{"taxonomy":"product_cat","embeddable":true,"href":"https:\/\/vapestornado.com\/sv\/wp-json\/wp\/v2\/product_cat?post=3649"},{"taxonomy":"product_tag","embeddable":true,"href":"https:\/\/vapestornado.com\/sv\/wp-json\/wp\/v2\/product_tag?post=3649"}],"curies":[{"name":"wp","href":"https:\/\/api.w.org\/{rel}","templated":true}]}}