{"id":3631,"date":"2025-01-02T09:26:09","date_gmt":"2025-01-02T09:26:09","guid":{"rendered":"https:\/\/vapestornado.com\/?post_type=product&#038;p=3631"},"modified":"2025-08-23T09:38:46","modified_gmt":"2025-08-23T09:38:46","slug":"uwin-tornado-vape-music-35000-puffs-wholesale-price","status":"publish","type":"product","link":"https:\/\/vapestornado.com\/sv\/product\/uwin-tornado-vape-music-35000-puffs-wholesale-price\/","title":{"rendered":"UWIN Tornado Vape Music 35000 Puffar Grossistpris"},"content":{"rendered":"<h1>UWIN Tornado Vape Music 35000 Puffar Grossistpris<\/h1>\n<p>&nbsp;<\/p>\n<div role=\"article\" data-tabster=\"{&quot;groupper&quot;:{&quot;tabbability&quot;:2},&quot;focusable&quot;:{}}\" data-content=\"ai-message\" aria-labelledby=\"64JRvXrTnY7mRmPkEQLLT-author 64JRvXrTnY7mRmPkEQLLT-content\">\n<div id=\"64JRvXrTnY7mRmPkEQLLT-content\">\n<p data-start=\"318\" data-end=\"611\">Den <strong data-start=\"322\" data-end=\"377\">UWIN Tornado Vape Music 35000 Puffar Eng\u00e5ngs Vape<\/strong> kombinerar h\u00f6g kapacitet, prestanda och unik design f\u00f6r b\u00e5de enskilda anv\u00e4ndare och grossistk\u00f6pare. Med upp till <strong data-start=\"492\" data-end=\"508\">35 000 bloss<\/strong> och <strong data-start=\"513\" data-end=\"535\">s\u00e4kerst\u00e4ller snabb, p\u00e5litlig str\u00f6m.<\/strong>, den levererar l\u00e5ngvarig anv\u00e4ndning och variation f\u00f6r att matcha olika preferenser.<\/p>\n<p data-start=\"613\" data-end=\"882\">Tillg\u00e4nglig i <strong data-start=\"626\" data-end=\"667\">0%, 2%, 3% och 5% nikotinstyrka<\/strong>, denna vape riktar sig till en bred publik. <strong data-start=\"710\" data-end=\"728\">1.0\u03a9 n\u00e4tspole<\/strong> s\u00e4kerst\u00e4ller j\u00e4mn \u00e5ngproduktion, medan <strong data-start=\"772\" data-end=\"803\">650mAh uppladdningsbart batteri<\/strong> med <strong data-start=\"809\" data-end=\"833\">Typ-C snabbladdning<\/strong> ger tillf\u00f6rlitlig kraft f\u00f6r l\u00e5nga sessioner.<\/p>\n<p data-start=\"884\" data-end=\"1179\">Dess utm\u00e4rkande <strong data-start=\"897\" data-end=\"920\">RGB-belysningssystem<\/strong> synkroniseras med musikens takter och erbjuder en interaktiv upplevelse tillsammans med konsekvent smak och prestanda. F\u00f6rpackad i <strong data-start=\"1037\" data-end=\"1058\">160-delars kartonger<\/strong> (21 kg per kartong), den <strong data-start=\"1082\" data-end=\"1102\">UWIN Tornado 35K<\/strong> \u00e4r utformad f\u00f6r effektiv grossistdistribution och stark detaljhandelsf\u00f6rs\u00e4ljning.<\/p>\n<figure id=\"attachment_3652\" aria-describedby=\"caption-attachment-3652\" style=\"width: 669px\" class=\"wp-caption alignnone\"><img fetchpriority=\"high\" decoding=\"async\" class=\"wp-image-3652\" src=\"https:\/\/vapestornado.com\/wp-content\/uploads\/2025\/01\/Cheap-Price-Uwin-Tornado-35k-Puffs-Vape.jpg\" alt=\"Billigt pris Uwin Tornado 35k Puffar Vape\" width=\"669\" height=\"669\" srcset=\"https:\/\/vapestornado.com\/wp-content\/uploads\/2025\/01\/Cheap-Price-Uwin-Tornado-35k-Puffs-Vape.jpg 800w, https:\/\/vapestornado.com\/wp-content\/uploads\/2025\/01\/Cheap-Price-Uwin-Tornado-35k-Puffs-Vape-300x300.jpg 300w, https:\/\/vapestornado.com\/wp-content\/uploads\/2025\/01\/Cheap-Price-Uwin-Tornado-35k-Puffs-Vape-150x150.jpg 150w, https:\/\/vapestornado.com\/wp-content\/uploads\/2025\/01\/Cheap-Price-Uwin-Tornado-35k-Puffs-Vape-768x768.jpg 768w, https:\/\/vapestornado.com\/wp-content\/uploads\/2025\/01\/Cheap-Price-Uwin-Tornado-35k-Puffs-Vape-600x600.jpg 600w, https:\/\/vapestornado.com\/wp-content\/uploads\/2025\/01\/Cheap-Price-Uwin-Tornado-35k-Puffs-Vape-100x100.jpg 100w\" sizes=\"(max-width: 669px) 100vw, 669px\" \/><figcaption id=\"caption-attachment-3652\" class=\"wp-caption-text\">Billigt pris Uwin Tornado 35k Puffar Vape<\/figcaption><\/figure>\n<\/div>\n<\/div>\n<p><img decoding=\"async\" class=\"alignleft wp-image-2951 size-medium\" src=\"https:\/\/vapestornado.com\/wp-content\/uploads\/2024\/12\/Wholesale-Disposable-Vape-265x300.jpg\" alt=\"Grossist Eng\u00e5ngs Vape\" width=\"265\" height=\"300\" srcset=\"https:\/\/vapestornado.com\/wp-content\/uploads\/2024\/12\/Wholesale-Disposable-Vape-265x300.jpg 265w, https:\/\/vapestornado.com\/wp-content\/uploads\/2024\/12\/Wholesale-Disposable-Vape-768x871.jpg 768w, https:\/\/vapestornado.com\/wp-content\/uploads\/2024\/12\/Wholesale-Disposable-Vape-600x680.jpg 600w, https:\/\/vapestornado.com\/wp-content\/uploads\/2024\/12\/Wholesale-Disposable-Vape.jpg 823w\" sizes=\"(max-width: 265px) 100vw, 265px\" \/><\/p>\n<h5>V\u00e4nligen kontakta Mandys WhatsApp f\u00f6r rabatterat pris<a href=\"https:\/\/wa.me\/8618077105796\" target=\"_blank\" rel=\"noopener\">+8618077105796<\/a><\/h5>\n<div class=\"flex max-w-full flex-col flex-grow\">\n<div class=\"min-h-8 text-message flex w-full flex-col items-end gap-2 whitespace-normal break-words text-start [.text-message+&amp;]:mt-5\" dir=\"auto\" data-message-author-role=\"assistant\" data-message-id=\"cdb991c0-f594-4bff-b2d5-fbbdd7ce9e54\" data-message-model-slug=\"gpt-4o-mini\">\n<div class=\"flex w-full flex-col gap-1 empty:hidden first:pt-[3px]\">\n<div class=\"markdown prose w-full break-words dark:prose-invert light\"><\/div>\n<\/div>\n<\/div>\n<\/div>\n<div class=\"mb-2 flex gap-3 empty:hidden -ml-2\">\n<h2>UWIN Tornado Vape Music 35000 Puffar Viktiga funktioner:<\/h2>\n<ul>\n<li><strong>Nikotinalternativ<\/strong>: 0%, 2%, 3%, 5% \u2013 Skr\u00e4ddarsydd f\u00f6r att m\u00f6ta olika preferenser.<\/li>\n<li><strong>Puffar<\/strong>: 35 000 \u2013 Exceptionell livsl\u00e4ngd f\u00f6r en oavbruten vapingupplevelse.<\/li>\n<li><strong>Kartongkvantitet<\/strong>: 160 st \u2013 Perfekt f\u00f6r grossistf\u00f6rs\u00e4ljning och storskalig distribution.<\/li>\n<li><strong>Smaker<\/strong>: 16 \u2013 Brett urval f\u00f6r att passa alla smakprofiler.<\/li>\n<li><strong>Batteri<\/strong>: 650mAh Uppladdningsbart med Type-C Port \u2013 P\u00e5litlig kraft med snabb laddning.<\/li>\n<li><strong>Spole<\/strong>: 1,0-ohm Mesh Coil \u2013 S\u00e4kerst\u00e4ller j\u00e4mn och konsekvent \u00e5ngproduktion.<\/li>\n<li><strong>Kartongvikt<\/strong>: 21 kg \u2013 Robust f\u00f6rpackning f\u00f6r enkel hantering.<\/li>\n<li><strong>Kartongdimensioner<\/strong>: Kompakt och optimerad f\u00f6r effektiv f\u00f6rvaring och frakt.<\/li>\n<li><strong>RGB-lampor<\/strong>: Livfull belysning f\u00f6r en modern estetik.<\/li>\n<li><strong>Dynamisk belysning<\/strong>: Ljus sl\u00e5r till musiken och skapar en uppslukande vapingupplevelse.<\/li>\n<\/ul>\n<\/div>\n<h2>UWIN Tornado Music 35000 Puffar Eng\u00e5ngs Vape Smak:<\/h2>\n<p>1.Bl\u00e5b\u00e4r Hallon<br \/>\n2. Grape Ice<br \/>\n3. Jordgubb Vattenmelon<br \/>\n4. Bl\u00e5b\u00e4r p\u00e5 is<br \/>\n5. Vattenmelonis<br \/>\n6. K\u00f6rsb\u00e4rsis<br \/>\n7. Jordgubbs Hallon K\u00f6rsb\u00e4rsis<br \/>\n8. Kiwi Passionsfrukt Guava<br \/>\n9. Strawberry Ice<br \/>\n10. Persika Mango Ananas<br \/>\n11. Bl\u00e5b\u00e4r K\u00f6rsb\u00e4r Tranb\u00e4r<br \/>\n12. Persikob\u00e4r<br \/>\n13. K\u00f6rsb\u00e4rs-Cola<br \/>\n14. Blandade B\u00e4r<br \/>\n15. Mr Blue<br \/>\n16. Sommar Persika Is<\/p>\n<div role=\"article\" data-tabster=\"{&quot;groupper&quot;:{&quot;tabbability&quot;:2},&quot;focusable&quot;:{}}\" data-content=\"ai-message\" aria-labelledby=\"dARUyEWDoEYhnSPXFwx5A-author dARUyEWDoEYhnSPXFwx5A-content\">\n<div id=\"dARUyEWDoEYhnSPXFwx5A-content\">\n<h2>Varf\u00f6r V\u00e4lja UWIN Tornado Vapes Music 35000 Puff <strong>\u00a0<\/strong>at <a href=\"https:\/\/vapestornado.com\/sv\/product\/bang-box-35k-puffs-high-capacity-long-lasting-disposable-vape\/\">vapestornado.com?<\/a><\/h2>\n<ul>\n<li><strong>O\u00f6vertr\u00e4ffad Puffkapacitet<\/strong>: 35 000 bloss per enhet s\u00e4kerst\u00e4ller exceptionellt v\u00e4rde och livsl\u00e4ngd, vilket lockar fler kunder.<\/li>\n<li><strong>Innovativ Design<\/strong>: Utrustad med RGB-ljus som synkroniseras med musik, vilket ger en unik och uppslukande vapingupplevelse som sticker ut p\u00e5 marknaden.<\/li>\n<li><strong>H\u00f6gkvalitativa Komponenter<\/strong>: Har ett 650mAh uppladdningsbart batteri, Type-C-port och en 1,0-ohm mesh coil f\u00f6r konsekvent och p\u00e5litlig prestanda.<\/li>\n<li><strong>Smakvariation<\/strong>: Med 16 distinkta smaker kan kunderna utforska ett brett utbud av smaker, vilket s\u00e4kerst\u00e4ller \u00e5terkommande aff\u00e4rer.<\/li>\n<li><strong>Bulk-v\u00e4nlig F\u00f6rpackning<\/strong>: Varje kartong inneh\u00e5ller 160 stycken, vilket g\u00f6r den perfekt f\u00f6r grossist- och detaljhandelsverksamhet.<\/li>\n<li><strong>Konkurrenskraftig Priss\u00e4ttning<\/strong>: vapestornado.com erbjuder branschledande grossistpriser f\u00f6r att maximera dina vinstmarginaler.<\/li>\n<li><strong>Betrodd Leverant\u00f6r<\/strong>: Med ett engagemang f\u00f6r kvalitet och p\u00e5litlig leverans \u00e4r vapestornado.com en partner du kan lita p\u00e5 f\u00f6r att utveckla din verksamhet.<\/li>\n<\/ul>\n<\/div>\n<\/div>\n<h2>Vanliga Fr\u00e5gor Om UWIN Tornado Vape Music 35000 Puff Vape Pods<\/h2>\n<ul>\n<li><strong>Vad g\u00f6r UWIN 35k puffs Tornado Vape Music unik?<\/strong><br \/>\nUWIN Tornado sticker ut med sin <strong>35 000 puffkapacitet<\/strong>, RGB-ljus som synkroniseras med musik och ett brett utbud av <strong>s\u00e4kerst\u00e4ller snabb, p\u00e5litlig str\u00f6m.<\/strong>, vilket erbjuder en stilren och uppslukande vapingupplevelse.<\/li>\n<li><strong>Vilken typ av coil anv\u00e4nder UWIN Tornado Vape Music 35k puff?<\/strong><br \/>\nUWIN Tornado har en <strong>1,0-ohm mesh coil<\/strong>, vilket s\u00e4kerst\u00e4ller j\u00e4mn, smakrik och konsekvent \u00e5ngproduktion f\u00f6r varje puff.<\/li>\n<li><strong>Hur fungerar RGB-ljusen?<\/strong><br \/>\nEnhetens RGB-ljus \u00e4r dynamiska och f\u00f6ljer musiken, vilket skapar en visuellt engagerande upplevelse som kompletterar dess moderna design.<\/li>\n<li><strong>Varf\u00f6r ska jag v\u00e4lja UWIN Tornado Vapes 35000 Puffs framf\u00f6r andra eng\u00e5ngsvapes?<\/strong><br \/>\nUWIN Tornado kombinerar premiumkvalitet, innovativa funktioner och o\u00f6vertr\u00e4ffad puffkapacitet, vilket g\u00f6r den till ett toppval p\u00e5 den exklusiva vapingmarknaden.<\/li>\n<\/ul>","protected":false},"excerpt":{"rendered":"<p><strong>UWIN Tornado Vape Music 35000 Puffar<\/strong>, en banbrytande produkt inom eng\u00e5ngsvaping. Med sina dynamiska musiksynkroniserade LED-lampor, massiva kapacitet p\u00e5 35 000 puffar och uppladdningsbara Type-C-design, blandar denna vape innovation med stil. Perfekt f\u00f6r grossister som s\u00f6ker premiumenheter med h\u00f6g prestanda till konkurrenskraftiga priser.<\/p>\n<figure id=\"attachment_2951\" aria-describedby=\"caption-attachment-2951\" style=\"width: 265px\" class=\"wp-caption alignnone\"><img decoding=\"async\" class=\"size-medium wp-image-2951\" src=\"https:\/\/vapestornado.com\/wp-content\/uploads\/2024\/12\/Wholesale-Disposable-Vape-265x300.jpg\" alt=\"Grossist Eng\u00e5ngs Vape\" width=\"265\" height=\"300\" srcset=\"https:\/\/vapestornado.com\/wp-content\/uploads\/2024\/12\/Wholesale-Disposable-Vape-265x300.jpg 265w, https:\/\/vapestornado.com\/wp-content\/uploads\/2024\/12\/Wholesale-Disposable-Vape-768x871.jpg 768w, https:\/\/vapestornado.com\/wp-content\/uploads\/2024\/12\/Wholesale-Disposable-Vape-600x680.jpg 600w, https:\/\/vapestornado.com\/wp-content\/uploads\/2024\/12\/Wholesale-Disposable-Vape.jpg 823w\" sizes=\"(max-width: 265px) 100vw, 265px\" \/><figcaption id=\"caption-attachment-2951\" class=\"wp-caption-text\">V\u00e4nligen kontakta Mandys WhatsApp f\u00f6r rabatterat pris\u00a0 <a href=\"https:\/\/wa.me\/8618077105796\">+8618077105796<\/a><\/figcaption><\/figure>\n<p>&nbsp;<\/p>","protected":false},"featured_media":3654,"comment_status":"open","ping_status":"closed","template":"","meta":{"_acf_changed":false,"_uag_custom_page_level_css":"","_lmt_disableupdate":"no","_lmt_disable":"","_monsterinsights_skip_tracking":false,"_monsterinsights_sitenote_active":false,"_monsterinsights_sitenote_note":"","_monsterinsights_sitenote_category":0,"site-sidebar-layout":"default","site-content-layout":"","ast-site-content-layout":"default","site-content-style":"default","site-sidebar-style":"default","ast-global-header-display":"","ast-banner-title-visibility":"","ast-main-header-display":"","ast-hfb-above-header-display":"","ast-hfb-below-header-display":"","ast-hfb-mobile-header-display":"","site-post-title":"","ast-breadcrumbs-content":"","ast-featured-img":"","footer-sml-layout":"","ast-disable-related-posts":"","theme-transparent-header-meta":"default","adv-header-id-meta":"","stick-header-meta":"","header-above-stick-meta":"","header-main-stick-meta":"","header-below-stick-meta":"","astra-migrate-meta-layouts":"set","ast-page-background-enabled":"default","ast-page-background-meta":{"desktop":{"background-color":"","background-image":"","background-repeat":"repeat","background-position":"center center","background-size":"auto","background-attachment":"scroll","background-type":"","background-media":"","overlay-type":"","overlay-color":"","overlay-opacity":"","overlay-gradient":""},"tablet":{"background-color":"","background-image":"","background-repeat":"repeat","background-position":"center center","background-size":"auto","background-attachment":"scroll","background-type":"","background-media":"","overlay-type":"","overlay-color":"","overlay-opacity":"","overlay-gradient":""},"mobile":{"background-color":"","background-image":"","background-repeat":"repeat","background-position":"center center","background-size":"auto","background-attachment":"scroll","background-type":"","background-media":"","overlay-type":"","overlay-color":"","overlay-opacity":"","overlay-gradient":""}},"ast-content-background-meta":{"desktop":{"background-color":"var(--ast-global-color-5)","background-image":"","background-repeat":"repeat","background-position":"center center","background-size":"auto","background-attachment":"scroll","background-type":"","background-media":"","overlay-type":"","overlay-color":"","overlay-opacity":"","overlay-gradient":""},"tablet":{"background-color":"var(--ast-global-color-5)","background-image":"","background-repeat":"repeat","background-position":"center center","background-size":"auto","background-attachment":"scroll","background-type":"","background-media":"","overlay-type":"","overlay-color":"","overlay-opacity":"","overlay-gradient":""},"mobile":{"background-color":"var(--ast-global-color-5)","background-image":"","background-repeat":"repeat","background-position":"center center","background-size":"auto","background-attachment":"scroll","background-type":"","background-media":"","overlay-type":"","overlay-color":"","overlay-opacity":"","overlay-gradient":""}},"_joinchat":{"telephone":"+8618077105796"}},"product_brand":[],"product_cat":[175,140,150,157,233],"product_tag":[97,133],"class_list":{"0":"post-3631","1":"product","2":"type-product","3":"status-publish","4":"has-post-thumbnail","6":"product_cat-35000-puff","7":"product_cat-big-puffs-disposable-vapes","8":"product_cat-buy-disposable-vapes-in-belgium","9":"product_cat-buy-disposable-vapes-in-portugal","10":"product_cat-uwin-vape","11":"product_tag-hot-sale-disposable-vape","12":"product_tag-uwin-tornado-35000","13":"desktop-align-left","14":"tablet-align-left","15":"mobile-align-left","17":"first","18":"instock","19":"sale","20":"shipping-taxable","21":"purchasable","22":"product-type-simple"},"acf":[],"uagb_featured_image_src":{"full":["https:\/\/vapestornado.com\/wp-content\/uploads\/2025\/01\/Good-Sale-Uwin-Tornado-35k-Puffs-Disposable-Vape.jpg",800,800,false],"thumbnail":["https:\/\/vapestornado.com\/wp-content\/uploads\/2025\/01\/Good-Sale-Uwin-Tornado-35k-Puffs-Disposable-Vape-150x150.jpg",150,150,true],"medium":["https:\/\/vapestornado.com\/wp-content\/uploads\/2025\/01\/Good-Sale-Uwin-Tornado-35k-Puffs-Disposable-Vape-300x300.jpg",300,300,true],"medium_large":["https:\/\/vapestornado.com\/wp-content\/uploads\/2025\/01\/Good-Sale-Uwin-Tornado-35k-Puffs-Disposable-Vape-768x768.jpg",768,768,true],"large":["https:\/\/vapestornado.com\/wp-content\/uploads\/2025\/01\/Good-Sale-Uwin-Tornado-35k-Puffs-Disposable-Vape.jpg",800,800,false],"1536x1536":["https:\/\/vapestornado.com\/wp-content\/uploads\/2025\/01\/Good-Sale-Uwin-Tornado-35k-Puffs-Disposable-Vape.jpg",800,800,false],"2048x2048":["https:\/\/vapestornado.com\/wp-content\/uploads\/2025\/01\/Good-Sale-Uwin-Tornado-35k-Puffs-Disposable-Vape.jpg",800,800,false],"trp-custom-language-flag":["https:\/\/vapestornado.com\/wp-content\/uploads\/2025\/01\/Good-Sale-Uwin-Tornado-35k-Puffs-Disposable-Vape.jpg",12,12,false],"woocommerce_thumbnail":["https:\/\/vapestornado.com\/wp-content\/uploads\/2025\/01\/Good-Sale-Uwin-Tornado-35k-Puffs-Disposable-Vape-300x300.jpg",300,300,true],"woocommerce_single":["https:\/\/vapestornado.com\/wp-content\/uploads\/2025\/01\/Good-Sale-Uwin-Tornado-35k-Puffs-Disposable-Vape-600x600.jpg",600,600,true],"woocommerce_gallery_thumbnail":["https:\/\/vapestornado.com\/wp-content\/uploads\/2025\/01\/Good-Sale-Uwin-Tornado-35k-Puffs-Disposable-Vape-100x100.jpg",100,100,true]},"uagb_author_info":{"display_name":"ESMANDY","author_link":"https:\/\/vapestornado.com\/sv\/author\/"},"uagb_comment_info":0,"uagb_excerpt":"UWIN Tornado Vape Music 35000 Puffs, a game-changer in disposable vaping. With its dynamic music-synced LED lights, massive 35,000 puffs capacity, and rechargeable Type-C design, this vape blends innovation with style. Perfect for wholesalers seeking premium, high-performance devices at competitive prices. [caption id=\"attachment_2951\" align=\"alignnone\" width=\"265\"] Pls Contact Mandy's WhatsApp For Discount Price\u00a0 +8618077105796[\/caption] &nbsp;","_links":{"self":[{"href":"https:\/\/vapestornado.com\/sv\/wp-json\/wp\/v2\/product\/3631","targetHints":{"allow":["GET"]}}],"collection":[{"href":"https:\/\/vapestornado.com\/sv\/wp-json\/wp\/v2\/product"}],"about":[{"href":"https:\/\/vapestornado.com\/sv\/wp-json\/wp\/v2\/types\/product"}],"replies":[{"embeddable":true,"href":"https:\/\/vapestornado.com\/sv\/wp-json\/wp\/v2\/comments?post=3631"}],"wp:featuredmedia":[{"embeddable":true,"href":"https:\/\/vapestornado.com\/sv\/wp-json\/wp\/v2\/media\/3654"}],"wp:attachment":[{"href":"https:\/\/vapestornado.com\/sv\/wp-json\/wp\/v2\/media?parent=3631"}],"wp:term":[{"taxonomy":"product_brand","embeddable":true,"href":"https:\/\/vapestornado.com\/sv\/wp-json\/wp\/v2\/product_brand?post=3631"},{"taxonomy":"product_cat","embeddable":true,"href":"https:\/\/vapestornado.com\/sv\/wp-json\/wp\/v2\/product_cat?post=3631"},{"taxonomy":"product_tag","embeddable":true,"href":"https:\/\/vapestornado.com\/sv\/wp-json\/wp\/v2\/product_tag?post=3631"}],"curies":[{"name":"wp","href":"https:\/\/api.w.org\/{rel}","templated":true}]}}